{"id":28945,"date":"2025-10-25T01:50:06","date_gmt":"2025-10-25T01:50:06","guid":{"rendered":"https:\/\/www.sinchisinchi.com\/?post_type=product&#038;p=28945"},"modified":"2026-03-22T03:26:16","modified_gmt":"2026-03-22T03:26:16","slug":"aroeira","status":"publish","type":"product","link":"https:\/\/www.sinchisinchi.com\/es\/producto\/aroeira\/","title":{"rendered":"Aroeira"},"content":{"rendered":"","protected":false},"excerpt":{"rendered":"<p style=\"font-weight: 400;\">El Rap\u00e9 Aroeira es una variedad caracterizada por su fuerte aroma; se elabora con la planta Aroeira, tambi\u00e9n llamada pimienta rosa o aroeira-vermelha, y es usado tradicionalmente por las tribus amaz\u00f3nicas tanto por sus propiedades medicinales como en ceremonias.<\/p>\n<p style=\"font-weight: 400;\">En el \u00e1mbito ceremonial, el Rap\u00e9 Aroeira se usa tradicionalmente para facilitar la conexi\u00f3n espiritual, la introspecci\u00f3n y la claridad Mental, trabajando los chakras Frontal y Lar\u00edngeo.El Rap\u00e9 Aroeira tambi\u00e9n es conocido con otros nombres, como \u201cDume Deshke\u201d por los Huni Kuin, o \u201cRome Poto\u201d por los Katukina.<\/p>\n<p style=\"font-weight: 400;\">Para su elaboraci\u00f3n, las hojas y tallos de la planta son cuidadosamente recolectados, secados y molidos.<\/p>\n<p style=\"font-weight: 400;\"><strong>\u00a0<\/strong><\/p>\n<h3 style=\"font-weight: 400; text-align: center;\"><strong>Aroeira (Schinus terebinthifolius)<\/strong><\/h3>\n<p style=\"font-weight: 400; text-align: left;\">Aroeira, tambi\u00e9n llamado pimentero brasile\u00f1o, turbinto, molle hawaiano, pimienta rosada, es un arbusto o peque\u00f1o \u00e1rbol de 7 a 10 m de altura, nativo de \u00e1reas subtropicales y tropicales de Sudam\u00e9rica, sudeste de Brasil, norte de Argentina y de Paraguay.<\/p>\n<p style=\"font-weight: 400;\">Venerado tanto en el \u00e1mbito espiritual como por sus propiedades medicinales, es considerado por las tribus amaz\u00f3nicas como un guardi\u00e1n de la selva y una fuente de sabidur\u00eda ancestral.<\/p>\n<p style=\"font-weight: 400;\">Se caracteriza por tener tanto ramas ascendentes como colgantes. Tiene hojas con fol\u00edolos ovales, de m\u00e1rgenes finamente dentados. Sus flores son peque\u00f1as, de color blanco, y el fruto es esf\u00e9rico, muy peque\u00f1o (4 a 5 mm de di\u00e1metro), de color rojo, que se agrupan en densos racimos de centenares de ellos.<\/p>\n<p style=\"font-weight: 400;\">Aunque no es un pimentero, sus drupas (frutos) secas se venden como pimienta rosada. Las semillas se usan como una especia con moderaci\u00f3n, agregando pimienta negra, porque si no, es t\u00f3xica.<\/p>\n<p style=\"font-weight: 400;\">Como muchas otras especies de la familia de las Anacardiaceae, el pimentero brasile\u00f1o tiene un l\u00e1tex arom\u00e1tico que causa reacciones cut\u00e1neas en personas sensibles.<\/p>\n<p style=\"font-weight: 400;\">Tambi\u00e9n se usa como planta ornamental, y se ha convertido en una maleza en muchas regiones subtropicales; Es especialmente colonizadora y forma denso dosel, ahogando a otras plantas. La venta, transporte o siembra del \u00e1rbol est\u00e1n prohibidos en EE. UU, incluido en la lista 100 de las especies ex\u00f3ticas invasoras \u201cm\u00e1s da\u00f1inas\u201d de la Uni\u00f3n Internacional para la Conservaci\u00f3n de la Naturaleza.<\/p>\n<p style=\"font-weight: 400;\">El nombre \u201cSchinus\u201d es la palabra griega que designa al lentisco, \u00e1rbol de esta misma familia; \u201cterebinthifolius\u201d es un ep\u00edteto compuesto lat\u00edno que significa \u00abcon las hojas del g\u00e9nero Terebinthus (se refiere al actual g\u00e9nero Bursera)\u00bb.<\/p>\n<h3 style=\"font-weight: 400; text-align: center;\"><strong>Propiedades medicinales de Aroeira<\/strong><\/h3>\n<p style=\"font-weight: 400;\">La aroeira es utilizada en la medicina tradicional por sus propiedades astringentes, bals\u00e1micas, diur\u00e9ticas, antiinflamatorias, antimicrobianas, t\u00f3nicas y cicatrizantes.<\/p>\n<p style=\"font-weight: 400;\">Tradicionalmente, Aroeira se usa para promover el bienestar f\u00edsico, emocional y espiritual, as\u00ed como la concentraci\u00f3n y el enfoque.<\/p>\n<p style=\"font-weight: 400;\">Entre sus propiedades medicinales reduce la inflamaci\u00f3n, por lo que es de gran utilidad en el tratamiento de condiciones como artritis y reumatismo.<\/p>\n<p style=\"font-weight: 400;\">Adem\u00e1s, tiene propiedades diur\u00e9ticas, se utiliza para aliviar problemas respiratorios y ayuda a fortalecer el sistema inmunol\u00f3gico.<\/p>\n<p style=\"font-weight: 400;\">En Am\u00e9rica del sur los Incas consideraban la planta como una aut\u00e9ntica panacea y le atribu\u00edan numerosas virtudes. Las bayas se usaban para tratar problemas urinarios, para mejorar la circulaci\u00f3n venosas y para aliviar el dolor articular. Usaban las hojas para cuidados bucodentales y la resina como purgativo.<\/p>\n<p><span style=\"font-weight: 400;\">Las bayas se usan para elaborar una bebida fermentada parecida a la cerveza, la chicha.<br \/>\n<\/span><\/p>\n","protected":false},"featured_media":27995,"template":"","meta":{"_joinchat":[]},"product_brand":[],"product_cat":[712],"product_tag":[],"class_list":{"0":"post-28945","1":"product","2":"type-product","3":"status-publish","4":"has-post-thumbnail","6":"product_cat-etiqueta-roja","8":"first","9":"instock","10":"taxable","11":"shipping-taxable","12":"purchasable","13":"product-type-simple"},"yoast_head":"<!-- This site is optimized with the Yoast SEO plugin v27.4 - https:\/\/yoast.com\/product\/yoast-seo-wordpress\/ -->\n<title>Rap\u00e9 Amaz\u00f3nico Aroeira - SINCHI<\/title>\n<meta name=\"description\" content=\"El Rap\u00e9 Aroeira se usa tradicionalmente para promover la conexi\u00f3n espiritual y la introspecci\u00f3n, as\u00ed como la claridad Mental.\" \/>\n<meta name=\"robots\" content=\"index, follow, max-snippet:-1, max-image-preview:large, max-video-preview:-1\" \/>\n<link rel=\"canonical\" href=\"https:\/\/www.sinchisinchi.com\/es\/producto\/aroeira\/\" \/>\n<meta property=\"og:locale\" content=\"es_ES\" \/>\n<meta property=\"og:type\" content=\"article\" \/>\n<meta property=\"og:title\" content=\"Rap\u00e9 Amaz\u00f3nico Aroeira - SINCHI\" \/>\n<meta property=\"og:description\" content=\"El Rap\u00e9 Aroeira se usa tradicionalmente para promover la conexi\u00f3n espiritual y la introspecci\u00f3n, as\u00ed como la claridad Mental.\" \/>\n<meta property=\"og:url\" content=\"https:\/\/www.sinchisinchi.com\/es\/producto\/aroeira\/\" \/>\n<meta property=\"og:site_name\" content=\"SINCHI RAP\u00c9\" \/>\n<meta property=\"article:publisher\" content=\"https:\/\/www.facebook.com\/sinchirape\/\" \/>\n<meta property=\"article:modified_time\" content=\"2026-03-22T03:26:16+00:00\" \/>\n<meta property=\"og:image\" content=\"https:\/\/www.sinchisinchi.com\/wp-content\/uploads\/2025\/05\/8-Aroeira.jpg\" \/>\n\t<meta property=\"og:image:width\" content=\"700\" \/>\n\t<meta property=\"og:image:height\" content=\"700\" \/>\n\t<meta property=\"og:image:type\" content=\"image\/jpeg\" \/>\n<meta name=\"twitter:card\" content=\"summary_large_image\" \/>\n<meta name=\"twitter:label1\" content=\"Tiempo de lectura\" \/>\n\t<meta name=\"twitter:data1\" content=\"1 minuto\" \/>\n<script type=\"application\/ld+json\" class=\"yoast-schema-graph\">{\"@context\":\"https:\\\/\\\/schema.org\",\"@graph\":[{\"@type\":\"WebPage\",\"@id\":\"https:\\\/\\\/www.sinchisinchi.com\\\/es\\\/producto\\\/aroeira\\\/\",\"url\":\"https:\\\/\\\/www.sinchisinchi.com\\\/es\\\/producto\\\/aroeira\\\/\",\"name\":\"Rap\u00e9 Amaz\u00f3nico Aroeira - SINCHI\",\"isPartOf\":{\"@id\":\"https:\\\/\\\/www.sinchisinchi.com\\\/es\\\/#website\"},\"primaryImageOfPage\":{\"@id\":\"https:\\\/\\\/www.sinchisinchi.com\\\/es\\\/producto\\\/aroeira\\\/#primaryimage\"},\"image\":{\"@id\":\"https:\\\/\\\/www.sinchisinchi.com\\\/es\\\/producto\\\/aroeira\\\/#primaryimage\"},\"thumbnailUrl\":\"https:\\\/\\\/www.sinchisinchi.com\\\/wp-content\\\/uploads\\\/2025\\\/05\\\/8-Aroeira.jpg\",\"datePublished\":\"2025-10-25T01:50:06+00:00\",\"dateModified\":\"2026-03-22T03:26:16+00:00\",\"description\":\"El Rap\u00e9 Aroeira se usa tradicionalmente para promover la conexi\u00f3n espiritual y la introspecci\u00f3n, as\u00ed como la claridad Mental.\",\"breadcrumb\":{\"@id\":\"https:\\\/\\\/www.sinchisinchi.com\\\/es\\\/producto\\\/aroeira\\\/#breadcrumb\"},\"inLanguage\":\"es\",\"potentialAction\":[{\"@type\":\"ReadAction\",\"target\":[\"https:\\\/\\\/www.sinchisinchi.com\\\/es\\\/producto\\\/aroeira\\\/\"]}]},{\"@type\":\"ImageObject\",\"inLanguage\":\"es\",\"@id\":\"https:\\\/\\\/www.sinchisinchi.com\\\/es\\\/producto\\\/aroeira\\\/#primaryimage\",\"url\":\"https:\\\/\\\/www.sinchisinchi.com\\\/wp-content\\\/uploads\\\/2025\\\/05\\\/8-Aroeira.jpg\",\"contentUrl\":\"https:\\\/\\\/www.sinchisinchi.com\\\/wp-content\\\/uploads\\\/2025\\\/05\\\/8-Aroeira.jpg\",\"width\":700,\"height\":700},{\"@type\":\"BreadcrumbList\",\"@id\":\"https:\\\/\\\/www.sinchisinchi.com\\\/es\\\/producto\\\/aroeira\\\/#breadcrumb\",\"itemListElement\":[{\"@type\":\"ListItem\",\"position\":1,\"name\":\"Prima pagina\",\"item\":\"https:\\\/\\\/www.sinchisinchi.com\\\/es\\\/\"},{\"@type\":\"ListItem\",\"position\":2,\"name\":\"Productos\",\"item\":\"https:\\\/\\\/www.sinchisinchi.com\\\/es\\\/shop\\\/\"},{\"@type\":\"ListItem\",\"position\":3,\"name\":\"Aroeira\"}]},{\"@type\":\"WebSite\",\"@id\":\"https:\\\/\\\/www.sinchisinchi.com\\\/es\\\/#website\",\"url\":\"https:\\\/\\\/www.sinchisinchi.com\\\/es\\\/\",\"name\":\"SINCHI\",\"description\":\"Sinchi Medicine\",\"publisher\":{\"@id\":\"https:\\\/\\\/www.sinchisinchi.com\\\/es\\\/#organization\"},\"potentialAction\":[{\"@type\":\"SearchAction\",\"target\":{\"@type\":\"EntryPoint\",\"urlTemplate\":\"https:\\\/\\\/www.sinchisinchi.com\\\/es\\\/?s={search_term_string}\"},\"query-input\":{\"@type\":\"PropertyValueSpecification\",\"valueRequired\":true,\"valueName\":\"search_term_string\"}}],\"inLanguage\":\"es\"},{\"@type\":\"Organization\",\"@id\":\"https:\\\/\\\/www.sinchisinchi.com\\\/es\\\/#organization\",\"name\":\"SINCHI S.L\",\"url\":\"https:\\\/\\\/www.sinchisinchi.com\\\/es\\\/\",\"logo\":{\"@type\":\"ImageObject\",\"inLanguage\":\"es\",\"@id\":\"https:\\\/\\\/www.sinchisinchi.com\\\/es\\\/#\\\/schema\\\/logo\\\/image\\\/\",\"url\":\"https:\\\/\\\/www.sinchisinchi.com\\\/wp-content\\\/uploads\\\/2026\\\/01\\\/3b-Verde-SIMPLIFICADO-HORIZONTAL-F-TRANSPARENTE-scaled.png\",\"contentUrl\":\"https:\\\/\\\/www.sinchisinchi.com\\\/wp-content\\\/uploads\\\/2026\\\/01\\\/3b-Verde-SIMPLIFICADO-HORIZONTAL-F-TRANSPARENTE-scaled.png\",\"width\":2560,\"height\":457,\"caption\":\"SINCHI S.L\"},\"image\":{\"@id\":\"https:\\\/\\\/www.sinchisinchi.com\\\/es\\\/#\\\/schema\\\/logo\\\/image\\\/\"},\"sameAs\":[\"https:\\\/\\\/www.facebook.com\\\/sinchirape\\\/\",\"https:\\\/\\\/www.instagram.com\\\/sinchi_rape\\\/\"]}]}<\/script>\n<!-- \/ Yoast SEO plugin. -->","yoast_head_json":{"title":"Rap\u00e9 Amaz\u00f3nico Aroeira - SINCHI","description":"El Rap\u00e9 Aroeira se usa tradicionalmente para promover la conexi\u00f3n espiritual y la introspecci\u00f3n, as\u00ed como la claridad Mental.","robots":{"index":"index","follow":"follow","max-snippet":"max-snippet:-1","max-image-preview":"max-image-preview:large","max-video-preview":"max-video-preview:-1"},"canonical":"https:\/\/www.sinchisinchi.com\/es\/producto\/aroeira\/","og_locale":"es_ES","og_type":"article","og_title":"Rap\u00e9 Amaz\u00f3nico Aroeira - SINCHI","og_description":"El Rap\u00e9 Aroeira se usa tradicionalmente para promover la conexi\u00f3n espiritual y la introspecci\u00f3n, as\u00ed como la claridad Mental.","og_url":"https:\/\/www.sinchisinchi.com\/es\/producto\/aroeira\/","og_site_name":"SINCHI RAP\u00c9","article_publisher":"https:\/\/www.facebook.com\/sinchirape\/","article_modified_time":"2026-03-22T03:26:16+00:00","og_image":[{"width":700,"height":700,"url":"https:\/\/www.sinchisinchi.com\/wp-content\/uploads\/2025\/05\/8-Aroeira.jpg","type":"image\/jpeg"}],"twitter_card":"summary_large_image","twitter_misc":{"Tiempo de lectura":"1 minuto"},"schema":{"@context":"https:\/\/schema.org","@graph":[{"@type":"WebPage","@id":"https:\/\/www.sinchisinchi.com\/es\/producto\/aroeira\/","url":"https:\/\/www.sinchisinchi.com\/es\/producto\/aroeira\/","name":"Rap\u00e9 Amaz\u00f3nico Aroeira - SINCHI","isPartOf":{"@id":"https:\/\/www.sinchisinchi.com\/es\/#website"},"primaryImageOfPage":{"@id":"https:\/\/www.sinchisinchi.com\/es\/producto\/aroeira\/#primaryimage"},"image":{"@id":"https:\/\/www.sinchisinchi.com\/es\/producto\/aroeira\/#primaryimage"},"thumbnailUrl":"https:\/\/www.sinchisinchi.com\/wp-content\/uploads\/2025\/05\/8-Aroeira.jpg","datePublished":"2025-10-25T01:50:06+00:00","dateModified":"2026-03-22T03:26:16+00:00","description":"El Rap\u00e9 Aroeira se usa tradicionalmente para promover la conexi\u00f3n espiritual y la introspecci\u00f3n, as\u00ed como la claridad Mental.","breadcrumb":{"@id":"https:\/\/www.sinchisinchi.com\/es\/producto\/aroeira\/#breadcrumb"},"inLanguage":"es","potentialAction":[{"@type":"ReadAction","target":["https:\/\/www.sinchisinchi.com\/es\/producto\/aroeira\/"]}]},{"@type":"ImageObject","inLanguage":"es","@id":"https:\/\/www.sinchisinchi.com\/es\/producto\/aroeira\/#primaryimage","url":"https:\/\/www.sinchisinchi.com\/wp-content\/uploads\/2025\/05\/8-Aroeira.jpg","contentUrl":"https:\/\/www.sinchisinchi.com\/wp-content\/uploads\/2025\/05\/8-Aroeira.jpg","width":700,"height":700},{"@type":"BreadcrumbList","@id":"https:\/\/www.sinchisinchi.com\/es\/producto\/aroeira\/#breadcrumb","itemListElement":[{"@type":"ListItem","position":1,"name":"Prima pagina","item":"https:\/\/www.sinchisinchi.com\/es\/"},{"@type":"ListItem","position":2,"name":"Productos","item":"https:\/\/www.sinchisinchi.com\/es\/shop\/"},{"@type":"ListItem","position":3,"name":"Aroeira"}]},{"@type":"WebSite","@id":"https:\/\/www.sinchisinchi.com\/es\/#website","url":"https:\/\/www.sinchisinchi.com\/es\/","name":"SINCHI","description":"Sinchi Medicine","publisher":{"@id":"https:\/\/www.sinchisinchi.com\/es\/#organization"},"potentialAction":[{"@type":"SearchAction","target":{"@type":"EntryPoint","urlTemplate":"https:\/\/www.sinchisinchi.com\/es\/?s={search_term_string}"},"query-input":{"@type":"PropertyValueSpecification","valueRequired":true,"valueName":"search_term_string"}}],"inLanguage":"es"},{"@type":"Organization","@id":"https:\/\/www.sinchisinchi.com\/es\/#organization","name":"SINCHI S.L","url":"https:\/\/www.sinchisinchi.com\/es\/","logo":{"@type":"ImageObject","inLanguage":"es","@id":"https:\/\/www.sinchisinchi.com\/es\/#\/schema\/logo\/image\/","url":"https:\/\/www.sinchisinchi.com\/wp-content\/uploads\/2026\/01\/3b-Verde-SIMPLIFICADO-HORIZONTAL-F-TRANSPARENTE-scaled.png","contentUrl":"https:\/\/www.sinchisinchi.com\/wp-content\/uploads\/2026\/01\/3b-Verde-SIMPLIFICADO-HORIZONTAL-F-TRANSPARENTE-scaled.png","width":2560,"height":457,"caption":"SINCHI S.L"},"image":{"@id":"https:\/\/www.sinchisinchi.com\/es\/#\/schema\/logo\/image\/"},"sameAs":["https:\/\/www.facebook.com\/sinchirape\/","https:\/\/www.instagram.com\/sinchi_rape\/"]}]}},"_links":{"self":[{"href":"https:\/\/www.sinchisinchi.com\/es\/wp-json\/wp\/v2\/product\/28945","targetHints":{"allow":["GET"]}}],"collection":[{"href":"https:\/\/www.sinchisinchi.com\/es\/wp-json\/wp\/v2\/product"}],"about":[{"href":"https:\/\/www.sinchisinchi.com\/es\/wp-json\/wp\/v2\/types\/product"}],"wp:featuredmedia":[{"embeddable":true,"href":"https:\/\/www.sinchisinchi.com\/es\/wp-json\/wp\/v2\/media\/27995"}],"wp:attachment":[{"href":"https:\/\/www.sinchisinchi.com\/es\/wp-json\/wp\/v2\/media?parent=28945"}],"wp:term":[{"taxonomy":"product_brand","embeddable":true,"href":"https:\/\/www.sinchisinchi.com\/es\/wp-json\/wp\/v2\/product_brand?post=28945"},{"taxonomy":"product_cat","embeddable":true,"href":"https:\/\/www.sinchisinchi.com\/es\/wp-json\/wp\/v2\/product_cat?post=28945"},{"taxonomy":"product_tag","embeddable":true,"href":"https:\/\/www.sinchisinchi.com\/es\/wp-json\/wp\/v2\/product_tag?post=28945"}],"curies":[{"name":"wp","href":"https:\/\/api.w.org\/{rel}","templated":true}]}}