{"id":3108,"date":"2023-11-17T15:03:59","date_gmt":"2023-11-17T15:03:59","guid":{"rendered":"https:\/\/www.sinchisinchi.com\/?post_type=product&#038;p=3108"},"modified":"2026-02-16T22:28:10","modified_gmt":"2026-02-16T22:28:10","slug":"rape-yawanawa","status":"publish","type":"product","link":"https:\/\/www.sinchisinchi.com\/es\/producto\/rape-yawanawa\/","title":{"rendered":"For\u00e7a Femenina"},"content":{"rendered":"<div class=\"row\"  id=\"row-813272528\">\n\n\t<div id=\"col-32444625\" class=\"col small-12 large-12\"  >\n\t\t\t\t<div class=\"col-inner\"  >\n\t\t\t\n\t\t\t\n<a href=\"https:\/\/www.sinchisinchi.com\/es\/producto\/rape-forca-femenina-50gr\/\" target=\"_blank\" class=\"button secondary is-larger lowercase expand\" rel=\"noopener\" style=\"border-radius:10px;\">\n\t\t<span>Tama\u00f1o Mediano: 50g<\/span>\n\t<\/a>\n\n<a href=\"https:\/\/www.sinchisinchi.com\/es\/producto\/rape-forca-femenina-100gr\/\" target=\"_blank\" class=\"button secondary is-larger lowercase expand\" rel=\"noopener\" style=\"border-radius:10px;\">\n\t\t<span>Tama\u00f1o Grande: 100g<\/span>\n\t<\/a>\n\n\t\t<\/div>\n\t\t\t\t\t<\/div>\n\n\t\n<\/div>\n\n  <div class=\"banner has-hover is-full-height\" id=\"banner-209621845\">\n          <div class=\"banner-inner fill\">\n        <div class=\"banner-bg fill\" >\n            <img loading=\"lazy\" decoding=\"async\" width=\"765\" height=\"1024\" src=\"https:\/\/www.sinchisinchi.com\/wp-content\/uploads\/2025\/01\/1-Tribu-Yawanawa1-765x1024.jpeg\" class=\"bg attachment-large size-large\" alt=\"\" \/>                        <div class=\"overlay\"><\/div>            \n                    <\/div>\n\t\t\n        <div class=\"banner-layers container\">\n            <div class=\"fill banner-link\"><\/div>            \n   <div id=\"text-box-549436533\" class=\"text-box banner-layer x5 md-x5 lg-x5 y50 md-y50 lg-y50 res-text\">\n                                <div class=\"text-box-content text box-shadow-3\">\n              \n              <div class=\"text-inner text-left\">\n                  \n<h2 style=\"text-align: center;\">Yawanaw\u00e1<\/h2>\n<a href=\"https:\/\/www.sinchisinchi.com\/es\/tribus\/yawanawa\/tribu\/\" target=\"_blank\" class=\"button primary is-underline is-larger expand\" rel=\"noopener\" >\n\t\t<span>TRIBU<\/span>\n\t<\/a>\n\n<a href=\"https:\/\/www.sinchisinchi.com\/es\/tribus\/yawanawa\/cosmovision\/\" target=\"_blank\" class=\"button primary is-underline is-larger expand\" rel=\"noopener\" >\n\t\t<span>COSMOVISI\u00d3N<\/span>\n\t<\/a>\n\n<a href=\"https:\/\/www.sinchisinchi.com\/es\/tribus\/yawanawa\/desafios\/\" target=\"_blank\" class=\"button primary is-underline is-larger expand\" rel=\"noopener\" >\n\t\t<span>DESAF\u00cdOS<\/span>\n\t<\/a>\n\n<a href=\"https:\/\/www.sinchisinchi.com\/es\/tribes\/yawanawa\/ceremonias\/\" target=\"_blank\" class=\"button primary is-underline is-larger expand\" rel=\"noopener\" >\n\t\t<span>CEREMONIAS<\/span>\n\t<\/a>\n\n<a href=\"https:\/\/www.sinchisinchi.com\/es\/tribus\/yawanawa\/musica\/\" target=\"_blank\" class=\"button primary is-underline is-larger expand\" rel=\"noopener\" >\n\t\t<span>M\u00daSICA<\/span>\n\t<\/a>\n\n<a href=\"https:\/\/www.sinchisinchi.com\/es\/tribus\/yawanawa\/videos\/\" target=\"_blank\" class=\"button primary is-underline is-larger expand\" rel=\"noopener\" >\n\t\t<span>V\u00cdDEOS<\/span>\n\t<\/a>\n\n              <\/div>\n           <\/div>\n                            \n<style>\n#text-box-549436533 .text-box-content {\n  background-color: rgb(255, 255, 255);\n  font-size: 100%;\n}\n#text-box-549436533 .text-inner {\n  padding: 30px 30px 30px 30px;\n}\n#text-box-549436533 {\n  width: 60%;\n}\n@media (min-width:550px) {\n  #text-box-549436533 {\n    width: 40%;\n  }\n}\n<\/style>\n    <\/div>\n \n        <\/div>\n      <\/div>\n\n            \n<style>\n#banner-209621845 {\n  padding-top: 100%;\n  background-color: rgb(255, 255, 255);\n}\n#banner-209621845 .overlay {\n  background-color: rgba(190, 190, 190, 0.2);\n}\n<\/style>\n  <\/div>\n\n\n","protected":false},"excerpt":{"rendered":"<p style=\"font-weight: 400;\">Este magn\u00edfico Rap\u00e9 es un cl\u00e1sico muy especial que sigue la receta propia de los Yawanaw\u00e1; <strong>mapacho<\/strong> finamente tamizado y <strong>cenizas de Tsunu<\/strong>, una mezcla que agrada incluso a los gustos m\u00e1s refinados.<\/p>\n<p style=\"font-weight: 400;\">Este Rap\u00e9 legendario de los Yawanaw\u00e1 tiene una larga historia: <strong>Putany<\/strong>, la madre de Nawashahu, y su hermana Hushahu, fueron las primeras mujeres del pueblo Yawanaw\u00e1 en iniciarse en el Rare Muk\u00e1, que representa el estudio m\u00e1s avanzado del chamanismo en su cultura.<\/p>\n<p style=\"font-weight: 400;\">Juntas, fueron las primeras en cambiar la tradici\u00f3n Yawanaw\u00e1, que imped\u00eda a las mujeres el uso de las medicinas sagradas del <strong>Uni<\/strong> (ayahuasca) y del <strong>Rume<\/strong> (Rap\u00e9 en el idioma de los Yawanaw\u00e1). Los Yawanawa fueron tambi\u00e9n la primera tribu que inici\u00f3 a una mujer para convertirse en cham\u00e1n.<\/p>\n<p style=\"font-weight: 400;\">El Rap\u00e9 de Tsunu es muy apreciado para la sanaci\u00f3n y como apoyo durante las ceremonias de Ayahuasca.<\/p>\n<p style=\"font-weight: 400;\"><strong>-Tribu:<\/strong>\u00a0 Elaborado por la tribu Yawanawa<\/p>\n<p style=\"font-weight: 400;\"><strong>-Composici\u00f3n:<\/strong>\u00a0\u00a0 Una receta cl\u00e1sica de los Yawanaw\u00e1, mapacho con cenizas de Tsunu, elaborado cuidadosamente por mujeres de la tribu.<\/p>\n<p style=\"font-weight: 400;\"><strong>-Tama\u00f1o:<\/strong>\u00a0 Frascos de 10 ml (8 a 9 gramos)<\/p>\n<p style=\"font-weight: 400;\"><strong>-Uso:<\/strong>\u00a0\u00a0 Curiosidad etnobot\u00e1nica. Uso exclusivo para estudio cient\u00edfico, hist\u00f3rico y ritual\u00edstico.<\/p>\n","protected":false},"featured_media":11717,"template":"","meta":{"_joinchat":[]},"product_brand":[],"product_cat":[35],"product_tag":[],"class_list":{"0":"post-3108","1":"product","2":"type-product","3":"status-publish","4":"has-post-thumbnail","6":"product_cat-yawanawa","8":"first","9":"instock","10":"taxable","11":"shipping-taxable","12":"purchasable","13":"product-type-simple"},"yoast_head":"<!-- This site is optimized with the Yoast SEO plugin v27.4 - https:\/\/yoast.com\/product\/yoast-seo-wordpress\/ -->\n<title>SINCHI: Rap\u00e9 Yawanaw\u00e1 del Amazonas<\/title>\n<meta name=\"description\" content=\"Rap\u00e9 Yawanaw\u00e1 hecho de forma tradicional por la tribu: Un cl\u00e1sico muy especial con mapacho finamente tamizado y cenizas de Tsunu.\" \/>\n<meta name=\"robots\" content=\"index, follow, max-snippet:-1, max-image-preview:large, max-video-preview:-1\" \/>\n<link rel=\"canonical\" href=\"https:\/\/www.sinchisinchi.com\/es\/producto\/rape-yawanawa\/\" \/>\n<meta property=\"og:locale\" content=\"es_ES\" \/>\n<meta property=\"og:type\" content=\"article\" \/>\n<meta property=\"og:title\" content=\"SINCHI: Rap\u00e9 Yawanaw\u00e1 del Amazonas\" \/>\n<meta property=\"og:description\" content=\"Rap\u00e9 Yawanaw\u00e1 hecho de forma tradicional por la tribu: Un cl\u00e1sico muy especial con mapacho finamente tamizado y cenizas de Tsunu.\" \/>\n<meta property=\"og:url\" content=\"https:\/\/www.sinchisinchi.com\/es\/producto\/rape-yawanawa\/\" \/>\n<meta property=\"og:site_name\" content=\"SINCHI RAP\u00c9\" \/>\n<meta property=\"article:publisher\" content=\"https:\/\/www.facebook.com\/sinchirape\/\" \/>\n<meta property=\"article:modified_time\" content=\"2026-02-16T22:28:10+00:00\" \/>\n<meta property=\"og:image\" content=\"https:\/\/www.sinchisinchi.com\/wp-content\/uploads\/2023\/11\/5-Forca-Femenina-4.jpg\" \/>\n\t<meta property=\"og:image:width\" content=\"700\" \/>\n\t<meta property=\"og:image:height\" content=\"700\" \/>\n\t<meta property=\"og:image:type\" content=\"image\/jpeg\" \/>\n<meta name=\"twitter:card\" content=\"summary_large_image\" \/>\n<meta name=\"twitter:label1\" content=\"Tiempo de lectura\" \/>\n\t<meta name=\"twitter:data1\" content=\"1 minuto\" \/>\n<script type=\"application\/ld+json\" class=\"yoast-schema-graph\">{\"@context\":\"https:\\\/\\\/schema.org\",\"@graph\":[{\"@type\":\"WebPage\",\"@id\":\"https:\\\/\\\/www.sinchisinchi.com\\\/es\\\/producto\\\/rape-yawanawa\\\/\",\"url\":\"https:\\\/\\\/www.sinchisinchi.com\\\/es\\\/producto\\\/rape-yawanawa\\\/\",\"name\":\"SINCHI: Rap\u00e9 Yawanaw\u00e1 del Amazonas\",\"isPartOf\":{\"@id\":\"https:\\\/\\\/www.sinchisinchi.com\\\/es\\\/#website\"},\"primaryImageOfPage\":{\"@id\":\"https:\\\/\\\/www.sinchisinchi.com\\\/es\\\/producto\\\/rape-yawanawa\\\/#primaryimage\"},\"image\":{\"@id\":\"https:\\\/\\\/www.sinchisinchi.com\\\/es\\\/producto\\\/rape-yawanawa\\\/#primaryimage\"},\"thumbnailUrl\":\"https:\\\/\\\/www.sinchisinchi.com\\\/wp-content\\\/uploads\\\/2023\\\/11\\\/5-Forca-Femenina-4.jpg\",\"datePublished\":\"2023-11-17T15:03:59+00:00\",\"dateModified\":\"2026-02-16T22:28:10+00:00\",\"description\":\"Rap\u00e9 Yawanaw\u00e1 hecho de forma tradicional por la tribu: Un cl\u00e1sico muy especial con mapacho finamente tamizado y cenizas de Tsunu.\",\"breadcrumb\":{\"@id\":\"https:\\\/\\\/www.sinchisinchi.com\\\/es\\\/producto\\\/rape-yawanawa\\\/#breadcrumb\"},\"inLanguage\":\"es\",\"potentialAction\":[{\"@type\":\"ReadAction\",\"target\":[\"https:\\\/\\\/www.sinchisinchi.com\\\/es\\\/producto\\\/rape-yawanawa\\\/\"]}]},{\"@type\":\"ImageObject\",\"inLanguage\":\"es\",\"@id\":\"https:\\\/\\\/www.sinchisinchi.com\\\/es\\\/producto\\\/rape-yawanawa\\\/#primaryimage\",\"url\":\"https:\\\/\\\/www.sinchisinchi.com\\\/wp-content\\\/uploads\\\/2023\\\/11\\\/5-Forca-Femenina-4.jpg\",\"contentUrl\":\"https:\\\/\\\/www.sinchisinchi.com\\\/wp-content\\\/uploads\\\/2023\\\/11\\\/5-Forca-Femenina-4.jpg\",\"width\":700,\"height\":700},{\"@type\":\"BreadcrumbList\",\"@id\":\"https:\\\/\\\/www.sinchisinchi.com\\\/es\\\/producto\\\/rape-yawanawa\\\/#breadcrumb\",\"itemListElement\":[{\"@type\":\"ListItem\",\"position\":1,\"name\":\"Prima pagina\",\"item\":\"https:\\\/\\\/www.sinchisinchi.com\\\/es\\\/\"},{\"@type\":\"ListItem\",\"position\":2,\"name\":\"Productos\",\"item\":\"https:\\\/\\\/www.sinchisinchi.com\\\/es\\\/shop\\\/\"},{\"@type\":\"ListItem\",\"position\":3,\"name\":\"For\u00e7a Femenina\"}]},{\"@type\":\"WebSite\",\"@id\":\"https:\\\/\\\/www.sinchisinchi.com\\\/es\\\/#website\",\"url\":\"https:\\\/\\\/www.sinchisinchi.com\\\/es\\\/\",\"name\":\"SINCHI\",\"description\":\"Sinchi Medicine\",\"publisher\":{\"@id\":\"https:\\\/\\\/www.sinchisinchi.com\\\/es\\\/#organization\"},\"potentialAction\":[{\"@type\":\"SearchAction\",\"target\":{\"@type\":\"EntryPoint\",\"urlTemplate\":\"https:\\\/\\\/www.sinchisinchi.com\\\/es\\\/?s={search_term_string}\"},\"query-input\":{\"@type\":\"PropertyValueSpecification\",\"valueRequired\":true,\"valueName\":\"search_term_string\"}}],\"inLanguage\":\"es\"},{\"@type\":\"Organization\",\"@id\":\"https:\\\/\\\/www.sinchisinchi.com\\\/es\\\/#organization\",\"name\":\"SINCHI S.L\",\"url\":\"https:\\\/\\\/www.sinchisinchi.com\\\/es\\\/\",\"logo\":{\"@type\":\"ImageObject\",\"inLanguage\":\"es\",\"@id\":\"https:\\\/\\\/www.sinchisinchi.com\\\/es\\\/#\\\/schema\\\/logo\\\/image\\\/\",\"url\":\"https:\\\/\\\/www.sinchisinchi.com\\\/wp-content\\\/uploads\\\/2026\\\/01\\\/3b-Verde-SIMPLIFICADO-HORIZONTAL-F-TRANSPARENTE-scaled.png\",\"contentUrl\":\"https:\\\/\\\/www.sinchisinchi.com\\\/wp-content\\\/uploads\\\/2026\\\/01\\\/3b-Verde-SIMPLIFICADO-HORIZONTAL-F-TRANSPARENTE-scaled.png\",\"width\":2560,\"height\":457,\"caption\":\"SINCHI S.L\"},\"image\":{\"@id\":\"https:\\\/\\\/www.sinchisinchi.com\\\/es\\\/#\\\/schema\\\/logo\\\/image\\\/\"},\"sameAs\":[\"https:\\\/\\\/www.facebook.com\\\/sinchirape\\\/\",\"https:\\\/\\\/www.instagram.com\\\/sinchi_rape\\\/\"]}]}<\/script>\n<!-- \/ Yoast SEO plugin. -->","yoast_head_json":{"title":"SINCHI: Rap\u00e9 Yawanaw\u00e1 del Amazonas","description":"Rap\u00e9 Yawanaw\u00e1 hecho de forma tradicional por la tribu: Un cl\u00e1sico muy especial con mapacho finamente tamizado y cenizas de Tsunu.","robots":{"index":"index","follow":"follow","max-snippet":"max-snippet:-1","max-image-preview":"max-image-preview:large","max-video-preview":"max-video-preview:-1"},"canonical":"https:\/\/www.sinchisinchi.com\/es\/producto\/rape-yawanawa\/","og_locale":"es_ES","og_type":"article","og_title":"SINCHI: Rap\u00e9 Yawanaw\u00e1 del Amazonas","og_description":"Rap\u00e9 Yawanaw\u00e1 hecho de forma tradicional por la tribu: Un cl\u00e1sico muy especial con mapacho finamente tamizado y cenizas de Tsunu.","og_url":"https:\/\/www.sinchisinchi.com\/es\/producto\/rape-yawanawa\/","og_site_name":"SINCHI RAP\u00c9","article_publisher":"https:\/\/www.facebook.com\/sinchirape\/","article_modified_time":"2026-02-16T22:28:10+00:00","og_image":[{"width":700,"height":700,"url":"https:\/\/www.sinchisinchi.com\/wp-content\/uploads\/2023\/11\/5-Forca-Femenina-4.jpg","type":"image\/jpeg"}],"twitter_card":"summary_large_image","twitter_misc":{"Tiempo de lectura":"1 minuto"},"schema":{"@context":"https:\/\/schema.org","@graph":[{"@type":"WebPage","@id":"https:\/\/www.sinchisinchi.com\/es\/producto\/rape-yawanawa\/","url":"https:\/\/www.sinchisinchi.com\/es\/producto\/rape-yawanawa\/","name":"SINCHI: Rap\u00e9 Yawanaw\u00e1 del Amazonas","isPartOf":{"@id":"https:\/\/www.sinchisinchi.com\/es\/#website"},"primaryImageOfPage":{"@id":"https:\/\/www.sinchisinchi.com\/es\/producto\/rape-yawanawa\/#primaryimage"},"image":{"@id":"https:\/\/www.sinchisinchi.com\/es\/producto\/rape-yawanawa\/#primaryimage"},"thumbnailUrl":"https:\/\/www.sinchisinchi.com\/wp-content\/uploads\/2023\/11\/5-Forca-Femenina-4.jpg","datePublished":"2023-11-17T15:03:59+00:00","dateModified":"2026-02-16T22:28:10+00:00","description":"Rap\u00e9 Yawanaw\u00e1 hecho de forma tradicional por la tribu: Un cl\u00e1sico muy especial con mapacho finamente tamizado y cenizas de Tsunu.","breadcrumb":{"@id":"https:\/\/www.sinchisinchi.com\/es\/producto\/rape-yawanawa\/#breadcrumb"},"inLanguage":"es","potentialAction":[{"@type":"ReadAction","target":["https:\/\/www.sinchisinchi.com\/es\/producto\/rape-yawanawa\/"]}]},{"@type":"ImageObject","inLanguage":"es","@id":"https:\/\/www.sinchisinchi.com\/es\/producto\/rape-yawanawa\/#primaryimage","url":"https:\/\/www.sinchisinchi.com\/wp-content\/uploads\/2023\/11\/5-Forca-Femenina-4.jpg","contentUrl":"https:\/\/www.sinchisinchi.com\/wp-content\/uploads\/2023\/11\/5-Forca-Femenina-4.jpg","width":700,"height":700},{"@type":"BreadcrumbList","@id":"https:\/\/www.sinchisinchi.com\/es\/producto\/rape-yawanawa\/#breadcrumb","itemListElement":[{"@type":"ListItem","position":1,"name":"Prima pagina","item":"https:\/\/www.sinchisinchi.com\/es\/"},{"@type":"ListItem","position":2,"name":"Productos","item":"https:\/\/www.sinchisinchi.com\/es\/shop\/"},{"@type":"ListItem","position":3,"name":"For\u00e7a Femenina"}]},{"@type":"WebSite","@id":"https:\/\/www.sinchisinchi.com\/es\/#website","url":"https:\/\/www.sinchisinchi.com\/es\/","name":"SINCHI","description":"Sinchi Medicine","publisher":{"@id":"https:\/\/www.sinchisinchi.com\/es\/#organization"},"potentialAction":[{"@type":"SearchAction","target":{"@type":"EntryPoint","urlTemplate":"https:\/\/www.sinchisinchi.com\/es\/?s={search_term_string}"},"query-input":{"@type":"PropertyValueSpecification","valueRequired":true,"valueName":"search_term_string"}}],"inLanguage":"es"},{"@type":"Organization","@id":"https:\/\/www.sinchisinchi.com\/es\/#organization","name":"SINCHI S.L","url":"https:\/\/www.sinchisinchi.com\/es\/","logo":{"@type":"ImageObject","inLanguage":"es","@id":"https:\/\/www.sinchisinchi.com\/es\/#\/schema\/logo\/image\/","url":"https:\/\/www.sinchisinchi.com\/wp-content\/uploads\/2026\/01\/3b-Verde-SIMPLIFICADO-HORIZONTAL-F-TRANSPARENTE-scaled.png","contentUrl":"https:\/\/www.sinchisinchi.com\/wp-content\/uploads\/2026\/01\/3b-Verde-SIMPLIFICADO-HORIZONTAL-F-TRANSPARENTE-scaled.png","width":2560,"height":457,"caption":"SINCHI S.L"},"image":{"@id":"https:\/\/www.sinchisinchi.com\/es\/#\/schema\/logo\/image\/"},"sameAs":["https:\/\/www.facebook.com\/sinchirape\/","https:\/\/www.instagram.com\/sinchi_rape\/"]}]}},"_links":{"self":[{"href":"https:\/\/www.sinchisinchi.com\/es\/wp-json\/wp\/v2\/product\/3108","targetHints":{"allow":["GET"]}}],"collection":[{"href":"https:\/\/www.sinchisinchi.com\/es\/wp-json\/wp\/v2\/product"}],"about":[{"href":"https:\/\/www.sinchisinchi.com\/es\/wp-json\/wp\/v2\/types\/product"}],"wp:featuredmedia":[{"embeddable":true,"href":"https:\/\/www.sinchisinchi.com\/es\/wp-json\/wp\/v2\/media\/11717"}],"wp:attachment":[{"href":"https:\/\/www.sinchisinchi.com\/es\/wp-json\/wp\/v2\/media?parent=3108"}],"wp:term":[{"taxonomy":"product_brand","embeddable":true,"href":"https:\/\/www.sinchisinchi.com\/es\/wp-json\/wp\/v2\/product_brand?post=3108"},{"taxonomy":"product_cat","embeddable":true,"href":"https:\/\/www.sinchisinchi.com\/es\/wp-json\/wp\/v2\/product_cat?post=3108"},{"taxonomy":"product_tag","embeddable":true,"href":"https:\/\/www.sinchisinchi.com\/es\/wp-json\/wp\/v2\/product_tag?post=3108"}],"curies":[{"name":"wp","href":"https:\/\/api.w.org\/{rel}","templated":true}]}}