{"id":5034,"date":"2021-05-23T10:53:42","date_gmt":"2021-05-23T10:53:42","guid":{"rendered":"https:\/\/www.sinchisinchi.com\/?post_type=product&#038;p=5034"},"modified":"2026-01-13T08:21:39","modified_gmt":"2026-01-13T08:21:39","slug":"hiperico","status":"publish","type":"product","link":"https:\/\/www.sinchisinchi.com\/es\/producto\/hiperico\/","title":{"rendered":"Hip\u00e9rico"},"content":{"rendered":"","protected":false},"excerpt":{"rendered":"<p>El hip\u00e9rico (<em>hipericum perforatum<\/em>) es una planta natural de las zonas templadas de Europa, de 30-60 cm, con flores de un intenso color amarillo, reconocida desde la antig\u00fcedad por sus cualidades m\u00e1gicas y sus propiedades curativas.<\/p>\n<p>Hay varias hip\u00f3tesis en cuanto al origen de su nombre; seg\u00fan nuestra interpretaci\u00f3n preferida,\u201chip\u00e9rico\u201dproviene del griego, \u03cd\u03c0\u03b5\u03c1 \/ \u00edper- (sobre) e\u00a0 \u03b5\u03b9\u03ba\u03cc\u03bd\u03b1 \/ ik\u00f3na (imagen): \u201cPor encima de toda imagen, o de todo lo imaginable\u201d.<\/p>\n<p>Es muy apreciado por sus valiosas propiedades medicinales; es un poderoso antidepresivo, combate heridas tanto internas como externas, favorece la reparaci\u00f3n de los tejidos y activa la circulaci\u00f3n de la sangre, entre otras.<\/p>\n<p><strong>Tama\u00f1o:<\/strong> \u00a0Frascos de 60ml<\/p>\n","protected":false},"featured_media":12316,"template":"","meta":{"_joinchat":[]},"product_brand":[],"product_cat":[296],"product_tag":[],"class_list":{"0":"post-5034","1":"product","2":"type-product","3":"status-publish","4":"has-post-thumbnail","6":"product_cat-liquido","8":"first","9":"instock","10":"taxable","11":"shipping-taxable","12":"purchasable","13":"product-type-simple"},"yoast_head":"<!-- This site is optimized with the Yoast SEO plugin v27.4 - https:\/\/yoast.com\/product\/yoast-seo-wordpress\/ -->\n<title>Aceite de Hip\u00e9rico: Tienda ch\u00e1manica online<\/title>\n<meta name=\"description\" content=\"Aceite de Hip\u00e9rico: \u201chip\u00e9rico\u201dproviene del griego, \u03cd\u03c0\u03b5\u03c1 \/ \u00edper- (sobre) e\u00a0 \u03b5\u03b9\u03ba\u03cc\u03bd\u03b1 \/ ik\u00f3na (imagen): \u201cPor encima de toda imagen, o de todo lo imaginable&quot;\" \/>\n<meta name=\"robots\" content=\"index, follow, max-snippet:-1, max-image-preview:large, max-video-preview:-1\" \/>\n<link rel=\"canonical\" href=\"https:\/\/www.sinchisinchi.com\/es\/producto\/hiperico\/\" \/>\n<meta property=\"og:locale\" content=\"es_ES\" \/>\n<meta property=\"og:type\" content=\"article\" \/>\n<meta property=\"og:title\" content=\"Aceite de Hip\u00e9rico: Tienda ch\u00e1manica online\" \/>\n<meta property=\"og:description\" content=\"Aceite de Hip\u00e9rico: \u201chip\u00e9rico\u201dproviene del griego, \u03cd\u03c0\u03b5\u03c1 \/ \u00edper- (sobre) e\u00a0 \u03b5\u03b9\u03ba\u03cc\u03bd\u03b1 \/ ik\u00f3na (imagen): \u201cPor encima de toda imagen, o de todo lo imaginable&quot;\" \/>\n<meta property=\"og:url\" content=\"https:\/\/www.sinchisinchi.com\/es\/producto\/hiperico\/\" \/>\n<meta property=\"og:site_name\" content=\"SINCHI RAP\u00c9\" \/>\n<meta property=\"article:publisher\" content=\"https:\/\/www.facebook.com\/sinchirape\/\" \/>\n<meta property=\"article:modified_time\" content=\"2026-01-13T08:21:39+00:00\" \/>\n<meta property=\"og:image\" content=\"https:\/\/www.sinchisinchi.com\/wp-content\/uploads\/2021\/05\/3IR0001.jpg\" \/>\n\t<meta property=\"og:image:width\" content=\"700\" \/>\n\t<meta property=\"og:image:height\" content=\"700\" \/>\n\t<meta property=\"og:image:type\" content=\"image\/jpeg\" \/>\n<meta name=\"twitter:card\" content=\"summary_large_image\" \/>\n<meta name=\"twitter:label1\" content=\"Tiempo de lectura\" \/>\n\t<meta name=\"twitter:data1\" content=\"1 minuto\" \/>\n<script type=\"application\/ld+json\" class=\"yoast-schema-graph\">{\"@context\":\"https:\\\/\\\/schema.org\",\"@graph\":[{\"@type\":\"WebPage\",\"@id\":\"https:\\\/\\\/www.sinchisinchi.com\\\/es\\\/producto\\\/hiperico\\\/\",\"url\":\"https:\\\/\\\/www.sinchisinchi.com\\\/es\\\/producto\\\/hiperico\\\/\",\"name\":\"Aceite de Hip\u00e9rico: Tienda ch\u00e1manica online\",\"isPartOf\":{\"@id\":\"https:\\\/\\\/www.sinchisinchi.com\\\/es\\\/#website\"},\"primaryImageOfPage\":{\"@id\":\"https:\\\/\\\/www.sinchisinchi.com\\\/es\\\/producto\\\/hiperico\\\/#primaryimage\"},\"image\":{\"@id\":\"https:\\\/\\\/www.sinchisinchi.com\\\/es\\\/producto\\\/hiperico\\\/#primaryimage\"},\"thumbnailUrl\":\"https:\\\/\\\/www.sinchisinchi.com\\\/wp-content\\\/uploads\\\/2021\\\/05\\\/3IR0001.jpg\",\"datePublished\":\"2021-05-23T10:53:42+00:00\",\"dateModified\":\"2026-01-13T08:21:39+00:00\",\"description\":\"Aceite de Hip\u00e9rico: \u201chip\u00e9rico\u201dproviene del griego, \u03cd\u03c0\u03b5\u03c1 \\\/ \u00edper- (sobre) e\u00a0 \u03b5\u03b9\u03ba\u03cc\u03bd\u03b1 \\\/ ik\u00f3na (imagen): \u201cPor encima de toda imagen, o de todo lo imaginable\\\"\",\"breadcrumb\":{\"@id\":\"https:\\\/\\\/www.sinchisinchi.com\\\/es\\\/producto\\\/hiperico\\\/#breadcrumb\"},\"inLanguage\":\"es\",\"potentialAction\":[{\"@type\":\"ReadAction\",\"target\":[\"https:\\\/\\\/www.sinchisinchi.com\\\/es\\\/producto\\\/hiperico\\\/\"]}]},{\"@type\":\"ImageObject\",\"inLanguage\":\"es\",\"@id\":\"https:\\\/\\\/www.sinchisinchi.com\\\/es\\\/producto\\\/hiperico\\\/#primaryimage\",\"url\":\"https:\\\/\\\/www.sinchisinchi.com\\\/wp-content\\\/uploads\\\/2021\\\/05\\\/3IR0001.jpg\",\"contentUrl\":\"https:\\\/\\\/www.sinchisinchi.com\\\/wp-content\\\/uploads\\\/2021\\\/05\\\/3IR0001.jpg\",\"width\":700,\"height\":700},{\"@type\":\"BreadcrumbList\",\"@id\":\"https:\\\/\\\/www.sinchisinchi.com\\\/es\\\/producto\\\/hiperico\\\/#breadcrumb\",\"itemListElement\":[{\"@type\":\"ListItem\",\"position\":1,\"name\":\"Prima pagina\",\"item\":\"https:\\\/\\\/www.sinchisinchi.com\\\/es\\\/\"},{\"@type\":\"ListItem\",\"position\":2,\"name\":\"Productos\",\"item\":\"https:\\\/\\\/www.sinchisinchi.com\\\/es\\\/shop\\\/\"},{\"@type\":\"ListItem\",\"position\":3,\"name\":\"Hip\u00e9rico\"}]},{\"@type\":\"WebSite\",\"@id\":\"https:\\\/\\\/www.sinchisinchi.com\\\/es\\\/#website\",\"url\":\"https:\\\/\\\/www.sinchisinchi.com\\\/es\\\/\",\"name\":\"SINCHI\",\"description\":\"Sinchi Medicine\",\"publisher\":{\"@id\":\"https:\\\/\\\/www.sinchisinchi.com\\\/es\\\/#organization\"},\"potentialAction\":[{\"@type\":\"SearchAction\",\"target\":{\"@type\":\"EntryPoint\",\"urlTemplate\":\"https:\\\/\\\/www.sinchisinchi.com\\\/es\\\/?s={search_term_string}\"},\"query-input\":{\"@type\":\"PropertyValueSpecification\",\"valueRequired\":true,\"valueName\":\"search_term_string\"}}],\"inLanguage\":\"es\"},{\"@type\":\"Organization\",\"@id\":\"https:\\\/\\\/www.sinchisinchi.com\\\/es\\\/#organization\",\"name\":\"SINCHI S.L\",\"url\":\"https:\\\/\\\/www.sinchisinchi.com\\\/es\\\/\",\"logo\":{\"@type\":\"ImageObject\",\"inLanguage\":\"es\",\"@id\":\"https:\\\/\\\/www.sinchisinchi.com\\\/es\\\/#\\\/schema\\\/logo\\\/image\\\/\",\"url\":\"https:\\\/\\\/www.sinchisinchi.com\\\/wp-content\\\/uploads\\\/2026\\\/01\\\/3b-Verde-SIMPLIFICADO-HORIZONTAL-F-TRANSPARENTE-scaled.png\",\"contentUrl\":\"https:\\\/\\\/www.sinchisinchi.com\\\/wp-content\\\/uploads\\\/2026\\\/01\\\/3b-Verde-SIMPLIFICADO-HORIZONTAL-F-TRANSPARENTE-scaled.png\",\"width\":2560,\"height\":457,\"caption\":\"SINCHI S.L\"},\"image\":{\"@id\":\"https:\\\/\\\/www.sinchisinchi.com\\\/es\\\/#\\\/schema\\\/logo\\\/image\\\/\"},\"sameAs\":[\"https:\\\/\\\/www.facebook.com\\\/sinchirape\\\/\",\"https:\\\/\\\/www.instagram.com\\\/sinchi_rape\\\/\"]}]}<\/script>\n<!-- \/ Yoast SEO plugin. -->","yoast_head_json":{"title":"Aceite de Hip\u00e9rico: Tienda ch\u00e1manica online","description":"Aceite de Hip\u00e9rico: \u201chip\u00e9rico\u201dproviene del griego, \u03cd\u03c0\u03b5\u03c1 \/ \u00edper- (sobre) e\u00a0 \u03b5\u03b9\u03ba\u03cc\u03bd\u03b1 \/ ik\u00f3na (imagen): \u201cPor encima de toda imagen, o de todo lo imaginable\"","robots":{"index":"index","follow":"follow","max-snippet":"max-snippet:-1","max-image-preview":"max-image-preview:large","max-video-preview":"max-video-preview:-1"},"canonical":"https:\/\/www.sinchisinchi.com\/es\/producto\/hiperico\/","og_locale":"es_ES","og_type":"article","og_title":"Aceite de Hip\u00e9rico: Tienda ch\u00e1manica online","og_description":"Aceite de Hip\u00e9rico: \u201chip\u00e9rico\u201dproviene del griego, \u03cd\u03c0\u03b5\u03c1 \/ \u00edper- (sobre) e\u00a0 \u03b5\u03b9\u03ba\u03cc\u03bd\u03b1 \/ ik\u00f3na (imagen): \u201cPor encima de toda imagen, o de todo lo imaginable\"","og_url":"https:\/\/www.sinchisinchi.com\/es\/producto\/hiperico\/","og_site_name":"SINCHI RAP\u00c9","article_publisher":"https:\/\/www.facebook.com\/sinchirape\/","article_modified_time":"2026-01-13T08:21:39+00:00","og_image":[{"width":700,"height":700,"url":"https:\/\/www.sinchisinchi.com\/wp-content\/uploads\/2021\/05\/3IR0001.jpg","type":"image\/jpeg"}],"twitter_card":"summary_large_image","twitter_misc":{"Tiempo de lectura":"1 minuto"},"schema":{"@context":"https:\/\/schema.org","@graph":[{"@type":"WebPage","@id":"https:\/\/www.sinchisinchi.com\/es\/producto\/hiperico\/","url":"https:\/\/www.sinchisinchi.com\/es\/producto\/hiperico\/","name":"Aceite de Hip\u00e9rico: Tienda ch\u00e1manica online","isPartOf":{"@id":"https:\/\/www.sinchisinchi.com\/es\/#website"},"primaryImageOfPage":{"@id":"https:\/\/www.sinchisinchi.com\/es\/producto\/hiperico\/#primaryimage"},"image":{"@id":"https:\/\/www.sinchisinchi.com\/es\/producto\/hiperico\/#primaryimage"},"thumbnailUrl":"https:\/\/www.sinchisinchi.com\/wp-content\/uploads\/2021\/05\/3IR0001.jpg","datePublished":"2021-05-23T10:53:42+00:00","dateModified":"2026-01-13T08:21:39+00:00","description":"Aceite de Hip\u00e9rico: \u201chip\u00e9rico\u201dproviene del griego, \u03cd\u03c0\u03b5\u03c1 \/ \u00edper- (sobre) e\u00a0 \u03b5\u03b9\u03ba\u03cc\u03bd\u03b1 \/ ik\u00f3na (imagen): \u201cPor encima de toda imagen, o de todo lo imaginable\"","breadcrumb":{"@id":"https:\/\/www.sinchisinchi.com\/es\/producto\/hiperico\/#breadcrumb"},"inLanguage":"es","potentialAction":[{"@type":"ReadAction","target":["https:\/\/www.sinchisinchi.com\/es\/producto\/hiperico\/"]}]},{"@type":"ImageObject","inLanguage":"es","@id":"https:\/\/www.sinchisinchi.com\/es\/producto\/hiperico\/#primaryimage","url":"https:\/\/www.sinchisinchi.com\/wp-content\/uploads\/2021\/05\/3IR0001.jpg","contentUrl":"https:\/\/www.sinchisinchi.com\/wp-content\/uploads\/2021\/05\/3IR0001.jpg","width":700,"height":700},{"@type":"BreadcrumbList","@id":"https:\/\/www.sinchisinchi.com\/es\/producto\/hiperico\/#breadcrumb","itemListElement":[{"@type":"ListItem","position":1,"name":"Prima pagina","item":"https:\/\/www.sinchisinchi.com\/es\/"},{"@type":"ListItem","position":2,"name":"Productos","item":"https:\/\/www.sinchisinchi.com\/es\/shop\/"},{"@type":"ListItem","position":3,"name":"Hip\u00e9rico"}]},{"@type":"WebSite","@id":"https:\/\/www.sinchisinchi.com\/es\/#website","url":"https:\/\/www.sinchisinchi.com\/es\/","name":"SINCHI","description":"Sinchi Medicine","publisher":{"@id":"https:\/\/www.sinchisinchi.com\/es\/#organization"},"potentialAction":[{"@type":"SearchAction","target":{"@type":"EntryPoint","urlTemplate":"https:\/\/www.sinchisinchi.com\/es\/?s={search_term_string}"},"query-input":{"@type":"PropertyValueSpecification","valueRequired":true,"valueName":"search_term_string"}}],"inLanguage":"es"},{"@type":"Organization","@id":"https:\/\/www.sinchisinchi.com\/es\/#organization","name":"SINCHI S.L","url":"https:\/\/www.sinchisinchi.com\/es\/","logo":{"@type":"ImageObject","inLanguage":"es","@id":"https:\/\/www.sinchisinchi.com\/es\/#\/schema\/logo\/image\/","url":"https:\/\/www.sinchisinchi.com\/wp-content\/uploads\/2026\/01\/3b-Verde-SIMPLIFICADO-HORIZONTAL-F-TRANSPARENTE-scaled.png","contentUrl":"https:\/\/www.sinchisinchi.com\/wp-content\/uploads\/2026\/01\/3b-Verde-SIMPLIFICADO-HORIZONTAL-F-TRANSPARENTE-scaled.png","width":2560,"height":457,"caption":"SINCHI S.L"},"image":{"@id":"https:\/\/www.sinchisinchi.com\/es\/#\/schema\/logo\/image\/"},"sameAs":["https:\/\/www.facebook.com\/sinchirape\/","https:\/\/www.instagram.com\/sinchi_rape\/"]}]}},"_links":{"self":[{"href":"https:\/\/www.sinchisinchi.com\/es\/wp-json\/wp\/v2\/product\/5034","targetHints":{"allow":["GET"]}}],"collection":[{"href":"https:\/\/www.sinchisinchi.com\/es\/wp-json\/wp\/v2\/product"}],"about":[{"href":"https:\/\/www.sinchisinchi.com\/es\/wp-json\/wp\/v2\/types\/product"}],"wp:featuredmedia":[{"embeddable":true,"href":"https:\/\/www.sinchisinchi.com\/es\/wp-json\/wp\/v2\/media\/12316"}],"wp:attachment":[{"href":"https:\/\/www.sinchisinchi.com\/es\/wp-json\/wp\/v2\/media?parent=5034"}],"wp:term":[{"taxonomy":"product_brand","embeddable":true,"href":"https:\/\/www.sinchisinchi.com\/es\/wp-json\/wp\/v2\/product_brand?post=5034"},{"taxonomy":"product_cat","embeddable":true,"href":"https:\/\/www.sinchisinchi.com\/es\/wp-json\/wp\/v2\/product_cat?post=5034"},{"taxonomy":"product_tag","embeddable":true,"href":"https:\/\/www.sinchisinchi.com\/es\/wp-json\/wp\/v2\/product_tag?post=5034"}],"curies":[{"name":"wp","href":"https:\/\/api.w.org\/{rel}","templated":true}]}}