{"id":626,"date":"2019-02-21T22:41:52","date_gmt":"2019-02-21T22:41:52","guid":{"rendered":"https:\/\/www.sinchisinchi.com\/?post_type=product&#038;p=626"},"modified":"2026-01-13T08:27:25","modified_gmt":"2026-01-13T08:27:25","slug":"kuripe-autoaplicador","status":"publish","type":"product","link":"https:\/\/www.sinchisinchi.com\/es\/producto\/kuripe-autoaplicador\/","title":{"rendered":"Kurip\u00e9 Verde"},"content":{"rendered":"<h2 style=\"text-align: center;\"><strong>C\u00f3mo consumir rap\u00e9 seg\u00fan las tradiciones<\/strong><\/h2>\n<p>Para hacer un uso equilibrado del rap\u00e9, especialmente si nos estamos iniciando, es muy positivo hacerlo en un espacio limpio y recogido, si disponemos de una mesa, mejor que est\u00e9 despejada de objetos innecesarios y polvo; se puede disponer de un peque\u00f1o altar con objetos naturales o de poder.<\/p>\n<p>Tambi\u00e9n es \u00fatil hacer uso de sahumerios o inciensos; los terpenos que contienen son mol\u00e9culas m\u00e1gicas que ayudan a la conexi\u00f3n y la limpieza y protecci\u00f3n energ\u00e9tica.<\/p>\n<p>Del mismo modo, es muy beneficioso contar con una m\u00fasica apropiada como m\u00fasica de medicina, mantras, u otras que favorezcan la conexi\u00f3n espiritual.<\/p>\n","protected":false},"excerpt":{"rendered":"<p style=\"font-weight: 400;\">Kurip\u00e9 hecho de Bamb\u00fa, esmaltado y decorado con hilo verde. Es de finos acabados y unas medidas y \u00e1ngulos ideales para una alineaci\u00f3n armoniosa, lo que posibilita una toma c\u00f3moda y fluida.<\/p>\n<p style=\"font-weight: 400;\">El Kurip\u00e9 es una herramienta sagrada, un objeto de poder que hace posible conectarse con el esp\u00edritu del Rap\u00e9.<\/p>\n<p>IMPORTANTE: Los proyectores no est\u00e1n disponibles para el env\u00edo inmediato; ya que son hechos uno a uno, puede haber lista de espera para obtenerlos.<\/p>\n","protected":false},"featured_media":8008,"template":"","meta":{"_joinchat":[]},"product_brand":[],"product_cat":[16],"product_tag":[],"class_list":{"0":"post-626","1":"product","2":"type-product","3":"status-publish","4":"has-post-thumbnail","6":"product_cat-varios","8":"first","9":"outofstock","10":"taxable","11":"shipping-taxable","12":"purchasable","13":"product-type-simple"},"yoast_head":"<!-- This site is optimized with the Yoast SEO plugin v27.4 - https:\/\/yoast.com\/product\/yoast-seo-wordpress\/ -->\n<title>Kurip\u00e9 verde: Autoaplicador de Rap\u00e9 Ind\u00edgena del Amazonas<\/title>\n<meta name=\"description\" content=\"Kurip\u00e9 de bamb\u00fa verde, de finos acabados y unas medidas y \u00e1ngulos ideales para una alineaci\u00f3n armoniosa y una toma c\u00f3moda y fluida.\" \/>\n<meta name=\"robots\" content=\"index, follow, max-snippet:-1, max-image-preview:large, max-video-preview:-1\" \/>\n<link rel=\"canonical\" href=\"https:\/\/www.sinchisinchi.com\/es\/producto\/kuripe-autoaplicador\/\" \/>\n<meta property=\"og:locale\" content=\"es_ES\" \/>\n<meta property=\"og:type\" content=\"article\" \/>\n<meta property=\"og:title\" content=\"Kurip\u00e9 verde: Autoaplicador de Rap\u00e9 Ind\u00edgena del Amazonas\" \/>\n<meta property=\"og:description\" content=\"Kurip\u00e9 de bamb\u00fa verde, de finos acabados y unas medidas y \u00e1ngulos ideales para una alineaci\u00f3n armoniosa y una toma c\u00f3moda y fluida.\" \/>\n<meta property=\"og:url\" content=\"https:\/\/www.sinchisinchi.com\/es\/producto\/kuripe-autoaplicador\/\" \/>\n<meta property=\"og:site_name\" content=\"SINCHI RAP\u00c9\" \/>\n<meta property=\"article:publisher\" content=\"https:\/\/www.facebook.com\/sinchirape\/\" \/>\n<meta property=\"article:modified_time\" content=\"2026-01-13T08:27:25+00:00\" \/>\n<meta property=\"og:image\" content=\"https:\/\/www.sinchisinchi.com\/wp-content\/uploads\/2019\/02\/LR-02-02.jpg\" \/>\n\t<meta property=\"og:image:width\" content=\"1800\" \/>\n\t<meta property=\"og:image:height\" content=\"1800\" \/>\n\t<meta property=\"og:image:type\" content=\"image\/jpeg\" \/>\n<meta name=\"twitter:card\" content=\"summary_large_image\" \/>\n<meta name=\"twitter:label1\" content=\"Tiempo de lectura\" \/>\n\t<meta name=\"twitter:data1\" content=\"1 minuto\" \/>\n<script type=\"application\/ld+json\" class=\"yoast-schema-graph\">{\"@context\":\"https:\\\/\\\/schema.org\",\"@graph\":[{\"@type\":\"WebPage\",\"@id\":\"https:\\\/\\\/www.sinchisinchi.com\\\/es\\\/producto\\\/kuripe-autoaplicador\\\/\",\"url\":\"https:\\\/\\\/www.sinchisinchi.com\\\/es\\\/producto\\\/kuripe-autoaplicador\\\/\",\"name\":\"Kurip\u00e9 verde: Autoaplicador de Rap\u00e9 Ind\u00edgena del Amazonas\",\"isPartOf\":{\"@id\":\"https:\\\/\\\/www.sinchisinchi.com\\\/es\\\/#website\"},\"primaryImageOfPage\":{\"@id\":\"https:\\\/\\\/www.sinchisinchi.com\\\/es\\\/producto\\\/kuripe-autoaplicador\\\/#primaryimage\"},\"image\":{\"@id\":\"https:\\\/\\\/www.sinchisinchi.com\\\/es\\\/producto\\\/kuripe-autoaplicador\\\/#primaryimage\"},\"thumbnailUrl\":\"https:\\\/\\\/www.sinchisinchi.com\\\/wp-content\\\/uploads\\\/2019\\\/02\\\/LR-02-02.jpg\",\"datePublished\":\"2019-02-21T22:41:52+00:00\",\"dateModified\":\"2026-01-13T08:27:25+00:00\",\"description\":\"Kurip\u00e9 de bamb\u00fa verde, de finos acabados y unas medidas y \u00e1ngulos ideales para una alineaci\u00f3n armoniosa y una toma c\u00f3moda y fluida.\",\"breadcrumb\":{\"@id\":\"https:\\\/\\\/www.sinchisinchi.com\\\/es\\\/producto\\\/kuripe-autoaplicador\\\/#breadcrumb\"},\"inLanguage\":\"es\",\"potentialAction\":[{\"@type\":\"ReadAction\",\"target\":[\"https:\\\/\\\/www.sinchisinchi.com\\\/es\\\/producto\\\/kuripe-autoaplicador\\\/\"]}]},{\"@type\":\"ImageObject\",\"inLanguage\":\"es\",\"@id\":\"https:\\\/\\\/www.sinchisinchi.com\\\/es\\\/producto\\\/kuripe-autoaplicador\\\/#primaryimage\",\"url\":\"https:\\\/\\\/www.sinchisinchi.com\\\/wp-content\\\/uploads\\\/2019\\\/02\\\/LR-02-02.jpg\",\"contentUrl\":\"https:\\\/\\\/www.sinchisinchi.com\\\/wp-content\\\/uploads\\\/2019\\\/02\\\/LR-02-02.jpg\",\"width\":1800,\"height\":1800},{\"@type\":\"BreadcrumbList\",\"@id\":\"https:\\\/\\\/www.sinchisinchi.com\\\/es\\\/producto\\\/kuripe-autoaplicador\\\/#breadcrumb\",\"itemListElement\":[{\"@type\":\"ListItem\",\"position\":1,\"name\":\"Prima pagina\",\"item\":\"https:\\\/\\\/www.sinchisinchi.com\\\/es\\\/\"},{\"@type\":\"ListItem\",\"position\":2,\"name\":\"Productos\",\"item\":\"https:\\\/\\\/www.sinchisinchi.com\\\/es\\\/shop\\\/\"},{\"@type\":\"ListItem\",\"position\":3,\"name\":\"Kurip\u00e9 Verde\"}]},{\"@type\":\"WebSite\",\"@id\":\"https:\\\/\\\/www.sinchisinchi.com\\\/es\\\/#website\",\"url\":\"https:\\\/\\\/www.sinchisinchi.com\\\/es\\\/\",\"name\":\"SINCHI\",\"description\":\"Sinchi Medicine\",\"publisher\":{\"@id\":\"https:\\\/\\\/www.sinchisinchi.com\\\/es\\\/#organization\"},\"potentialAction\":[{\"@type\":\"SearchAction\",\"target\":{\"@type\":\"EntryPoint\",\"urlTemplate\":\"https:\\\/\\\/www.sinchisinchi.com\\\/es\\\/?s={search_term_string}\"},\"query-input\":{\"@type\":\"PropertyValueSpecification\",\"valueRequired\":true,\"valueName\":\"search_term_string\"}}],\"inLanguage\":\"es\"},{\"@type\":\"Organization\",\"@id\":\"https:\\\/\\\/www.sinchisinchi.com\\\/es\\\/#organization\",\"name\":\"SINCHI S.L\",\"url\":\"https:\\\/\\\/www.sinchisinchi.com\\\/es\\\/\",\"logo\":{\"@type\":\"ImageObject\",\"inLanguage\":\"es\",\"@id\":\"https:\\\/\\\/www.sinchisinchi.com\\\/es\\\/#\\\/schema\\\/logo\\\/image\\\/\",\"url\":\"https:\\\/\\\/www.sinchisinchi.com\\\/wp-content\\\/uploads\\\/2026\\\/01\\\/3b-Verde-SIMPLIFICADO-HORIZONTAL-F-TRANSPARENTE-scaled.png\",\"contentUrl\":\"https:\\\/\\\/www.sinchisinchi.com\\\/wp-content\\\/uploads\\\/2026\\\/01\\\/3b-Verde-SIMPLIFICADO-HORIZONTAL-F-TRANSPARENTE-scaled.png\",\"width\":2560,\"height\":457,\"caption\":\"SINCHI S.L\"},\"image\":{\"@id\":\"https:\\\/\\\/www.sinchisinchi.com\\\/es\\\/#\\\/schema\\\/logo\\\/image\\\/\"},\"sameAs\":[\"https:\\\/\\\/www.facebook.com\\\/sinchirape\\\/\",\"https:\\\/\\\/www.instagram.com\\\/sinchi_rape\\\/\"]}]}<\/script>\n<!-- \/ Yoast SEO plugin. -->","yoast_head_json":{"title":"Kurip\u00e9 verde: Autoaplicador de Rap\u00e9 Ind\u00edgena del Amazonas","description":"Kurip\u00e9 de bamb\u00fa verde, de finos acabados y unas medidas y \u00e1ngulos ideales para una alineaci\u00f3n armoniosa y una toma c\u00f3moda y fluida.","robots":{"index":"index","follow":"follow","max-snippet":"max-snippet:-1","max-image-preview":"max-image-preview:large","max-video-preview":"max-video-preview:-1"},"canonical":"https:\/\/www.sinchisinchi.com\/es\/producto\/kuripe-autoaplicador\/","og_locale":"es_ES","og_type":"article","og_title":"Kurip\u00e9 verde: Autoaplicador de Rap\u00e9 Ind\u00edgena del Amazonas","og_description":"Kurip\u00e9 de bamb\u00fa verde, de finos acabados y unas medidas y \u00e1ngulos ideales para una alineaci\u00f3n armoniosa y una toma c\u00f3moda y fluida.","og_url":"https:\/\/www.sinchisinchi.com\/es\/producto\/kuripe-autoaplicador\/","og_site_name":"SINCHI RAP\u00c9","article_publisher":"https:\/\/www.facebook.com\/sinchirape\/","article_modified_time":"2026-01-13T08:27:25+00:00","og_image":[{"width":1800,"height":1800,"url":"https:\/\/www.sinchisinchi.com\/wp-content\/uploads\/2019\/02\/LR-02-02.jpg","type":"image\/jpeg"}],"twitter_card":"summary_large_image","twitter_misc":{"Tiempo de lectura":"1 minuto"},"schema":{"@context":"https:\/\/schema.org","@graph":[{"@type":"WebPage","@id":"https:\/\/www.sinchisinchi.com\/es\/producto\/kuripe-autoaplicador\/","url":"https:\/\/www.sinchisinchi.com\/es\/producto\/kuripe-autoaplicador\/","name":"Kurip\u00e9 verde: Autoaplicador de Rap\u00e9 Ind\u00edgena del Amazonas","isPartOf":{"@id":"https:\/\/www.sinchisinchi.com\/es\/#website"},"primaryImageOfPage":{"@id":"https:\/\/www.sinchisinchi.com\/es\/producto\/kuripe-autoaplicador\/#primaryimage"},"image":{"@id":"https:\/\/www.sinchisinchi.com\/es\/producto\/kuripe-autoaplicador\/#primaryimage"},"thumbnailUrl":"https:\/\/www.sinchisinchi.com\/wp-content\/uploads\/2019\/02\/LR-02-02.jpg","datePublished":"2019-02-21T22:41:52+00:00","dateModified":"2026-01-13T08:27:25+00:00","description":"Kurip\u00e9 de bamb\u00fa verde, de finos acabados y unas medidas y \u00e1ngulos ideales para una alineaci\u00f3n armoniosa y una toma c\u00f3moda y fluida.","breadcrumb":{"@id":"https:\/\/www.sinchisinchi.com\/es\/producto\/kuripe-autoaplicador\/#breadcrumb"},"inLanguage":"es","potentialAction":[{"@type":"ReadAction","target":["https:\/\/www.sinchisinchi.com\/es\/producto\/kuripe-autoaplicador\/"]}]},{"@type":"ImageObject","inLanguage":"es","@id":"https:\/\/www.sinchisinchi.com\/es\/producto\/kuripe-autoaplicador\/#primaryimage","url":"https:\/\/www.sinchisinchi.com\/wp-content\/uploads\/2019\/02\/LR-02-02.jpg","contentUrl":"https:\/\/www.sinchisinchi.com\/wp-content\/uploads\/2019\/02\/LR-02-02.jpg","width":1800,"height":1800},{"@type":"BreadcrumbList","@id":"https:\/\/www.sinchisinchi.com\/es\/producto\/kuripe-autoaplicador\/#breadcrumb","itemListElement":[{"@type":"ListItem","position":1,"name":"Prima pagina","item":"https:\/\/www.sinchisinchi.com\/es\/"},{"@type":"ListItem","position":2,"name":"Productos","item":"https:\/\/www.sinchisinchi.com\/es\/shop\/"},{"@type":"ListItem","position":3,"name":"Kurip\u00e9 Verde"}]},{"@type":"WebSite","@id":"https:\/\/www.sinchisinchi.com\/es\/#website","url":"https:\/\/www.sinchisinchi.com\/es\/","name":"SINCHI","description":"Sinchi Medicine","publisher":{"@id":"https:\/\/www.sinchisinchi.com\/es\/#organization"},"potentialAction":[{"@type":"SearchAction","target":{"@type":"EntryPoint","urlTemplate":"https:\/\/www.sinchisinchi.com\/es\/?s={search_term_string}"},"query-input":{"@type":"PropertyValueSpecification","valueRequired":true,"valueName":"search_term_string"}}],"inLanguage":"es"},{"@type":"Organization","@id":"https:\/\/www.sinchisinchi.com\/es\/#organization","name":"SINCHI S.L","url":"https:\/\/www.sinchisinchi.com\/es\/","logo":{"@type":"ImageObject","inLanguage":"es","@id":"https:\/\/www.sinchisinchi.com\/es\/#\/schema\/logo\/image\/","url":"https:\/\/www.sinchisinchi.com\/wp-content\/uploads\/2026\/01\/3b-Verde-SIMPLIFICADO-HORIZONTAL-F-TRANSPARENTE-scaled.png","contentUrl":"https:\/\/www.sinchisinchi.com\/wp-content\/uploads\/2026\/01\/3b-Verde-SIMPLIFICADO-HORIZONTAL-F-TRANSPARENTE-scaled.png","width":2560,"height":457,"caption":"SINCHI S.L"},"image":{"@id":"https:\/\/www.sinchisinchi.com\/es\/#\/schema\/logo\/image\/"},"sameAs":["https:\/\/www.facebook.com\/sinchirape\/","https:\/\/www.instagram.com\/sinchi_rape\/"]}]}},"_links":{"self":[{"href":"https:\/\/www.sinchisinchi.com\/es\/wp-json\/wp\/v2\/product\/626","targetHints":{"allow":["GET"]}}],"collection":[{"href":"https:\/\/www.sinchisinchi.com\/es\/wp-json\/wp\/v2\/product"}],"about":[{"href":"https:\/\/www.sinchisinchi.com\/es\/wp-json\/wp\/v2\/types\/product"}],"wp:featuredmedia":[{"embeddable":true,"href":"https:\/\/www.sinchisinchi.com\/es\/wp-json\/wp\/v2\/media\/8008"}],"wp:attachment":[{"href":"https:\/\/www.sinchisinchi.com\/es\/wp-json\/wp\/v2\/media?parent=626"}],"wp:term":[{"taxonomy":"product_brand","embeddable":true,"href":"https:\/\/www.sinchisinchi.com\/es\/wp-json\/wp\/v2\/product_brand?post=626"},{"taxonomy":"product_cat","embeddable":true,"href":"https:\/\/www.sinchisinchi.com\/es\/wp-json\/wp\/v2\/product_cat?post=626"},{"taxonomy":"product_tag","embeddable":true,"href":"https:\/\/www.sinchisinchi.com\/es\/wp-json\/wp\/v2\/product_tag?post=626"}],"curies":[{"name":"wp","href":"https:\/\/api.w.org\/{rel}","templated":true}]}}