{"id":9897,"date":"2023-10-19T19:46:50","date_gmt":"2023-10-19T19:46:50","guid":{"rendered":"https:\/\/www.sinchisinchi.com\/?post_type=product&#038;p=9897"},"modified":"2026-02-12T11:30:19","modified_gmt":"2026-02-12T11:30:19","slug":"rape-sanixi","status":"publish","type":"product","link":"https:\/\/www.sinchisinchi.com\/es\/producto\/rape-sanixi\/","title":{"rendered":"Sanixi"},"content":{"rendered":"<p style=\"font-weight: 400; text-align: center;\"><strong>La liana Clavohuasca<\/strong><\/p>\n<p style=\"font-weight: 400;\">Clavohuasca es una liana procedente de Am\u00e9rica del Sur, tradicionalmente empleada como un poderoso <strong>afrodis\u00edaco<\/strong> para hombres y mujeres, para incrementar la potencia sexual y la fertilidad.<\/p>\n<p style=\"font-weight: 400;\">Tambi\u00e9n es empleada en medicina natural para tratar diversas dolencias.<\/p>\n<p style=\"font-weight: 400;\">Es un aditivo habitualmente usado en recetas de ayahuasca o tomado simult\u00e1neamente para reducir los efectos purgativos desagradables y asentar el est\u00f3mago.<\/p>\n<p style=\"font-weight: 400;\">El nombre en lat\u00edn del Clavo huasca es \u2018Tynanthus panurensis\u2018. Este nombre significa \u2018arbusto de clavo\u2019 y hace referencia a la esencia rica en clavo del tronco y las hojas. Su compuesto activo es la tinantina.<\/p>\n<a href=\"https:\/\/www.sinchisinchi.com\/es\/producto\/50gr-sanixi\/\" target=\"_blank\" class=\"button secondary is-larger lowercase expand\" rel=\"noopener\" style=\"border-radius:10px;\">\n\t\t<span>Tama\u00f1o Mediano: 50g<\/span>\n\t<\/a>\n\n<a href=\"https:\/\/www.sinchisinchi.com\/es\/producto\/sanixi-100g\/\" target=\"_blank\" class=\"button secondary is-larger lowercase expand\" rel=\"noopener\" style=\"border-radius:10px;\">\n\t\t<span>Tama\u00f1o Grande: 100g<\/span>\n\t<\/a>\n\n\t<div id=\"gap-1890789966\" class=\"gap-element clearfix\" style=\"display:block; height:auto;\">\n\t\t\n<style>\n#gap-1890789966 {\n  padding-top: 30px;\n}\n<\/style>\n\t<\/div>\n\t\n\n  <div class=\"banner has-hover is-full-height\" id=\"banner-932713202\">\n          <div class=\"banner-inner fill\">\n        <div class=\"banner-bg fill\" >\n            <img loading=\"lazy\" decoding=\"async\" width=\"576\" height=\"1024\" src=\"https:\/\/www.sinchisinchi.com\/wp-content\/uploads\/2024\/12\/6-Jaguar9-576x1024.jpeg\" class=\"bg attachment-large size-large\" alt=\"\" \/>                        <div class=\"overlay\"><\/div>            \n                    <\/div>\n\t\t\n        <div class=\"banner-layers container\">\n            <div class=\"fill banner-link\"><\/div>            \n   <div id=\"text-box-1299724457\" class=\"text-box banner-layer x5 md-x5 lg-x5 y50 md-y50 lg-y50 res-text\">\n                                <div class=\"text-box-content text box-shadow-3\">\n              \n              <div class=\"text-inner text-left\">\n                  \n<h2 class=\"uppercase\"><b>TRIBU<\/b><\/h2>\n<h3>Kuntanawa<\/h3>\n<h3 class=\"uppercase\">\u00a0<\/h3>\n<a href=\"https:\/\/www.sinchisinchi.com\/es\/tribus\/rape-kuntanawa\/\" target=\"_blank\" class=\"button primary is-underline is-larger expand\" rel=\"noopener\" >\n\t\t<span>TRIBU<\/span>\n\t<\/a>\n\n              <\/div>\n           <\/div>\n                            \n<style>\n#text-box-1299724457 .text-box-content {\n  background-color: rgb(255, 255, 255);\n  font-size: 100%;\n}\n#text-box-1299724457 .text-inner {\n  padding: 30px 30px 30px 30px;\n}\n#text-box-1299724457 {\n  width: 60%;\n}\n@media (min-width:550px) {\n  #text-box-1299724457 {\n    width: 40%;\n  }\n}\n<\/style>\n    <\/div>\n \n        <\/div>\n      <\/div>\n\n            \n<style>\n#banner-932713202 {\n  padding-top: 100%;\n  background-color: rgb(255, 255, 255);\n}\n#banner-932713202 .overlay {\n  background-color: rgba(190, 190, 190, 0.2);\n}\n<\/style>\n  <\/div>\n\n\n","protected":false},"excerpt":{"rendered":"<p style=\"font-weight: 400;\">Los Kuntanawa crean esta hermosa mezcla con <strong>mapacho de cuerda<\/strong> (Una variedad extra fuerte) y <strong>Sanixi<\/strong>, una planta tambi\u00e9n conocida como clavohuasca o <strong>cipo cravo<\/strong>, que significa clavo trepador. Se parece al clavo en sabor y olor, y se suele usar para hacer un t\u00e9 con un sabor a clavo.<\/p>\n<p style=\"font-weight: 400;\">Sanixi predomina fuertemente en este Rap\u00e9.\u00a0 En la medicina tradicional, Sanixi se usa como un fuerte <strong>afrodis\u00edaco<\/strong>, ayudando con los trastornos de la libido y la impotencia. Al igual que el clavo, Sanixi tiene un efecto desinfectante, antiinflamatorio y analg\u00e9sico.<\/p>\n<p style=\"font-weight: 400;\">Kuntanawa Sanixi es una variedad \u00fanica y poderosa que eleva a un estado de alta vibraci\u00f3n, actuando en el chakra sacro y ayudando a desbloquear la energ\u00eda sexual o vital.<\/p>\n<p style=\"font-weight: 400;\">El chakra sacro permite encontrar el significado de nuestra vida; al tenerlo equilibrado fluimos en sinton\u00eda con nuestra pasi\u00f3n, lo que nos hace felices y amamos hacer, ayudando a vivir plenamente y sentirnos realizados.<\/p>\n<p style=\"font-weight: 400;\">Rap\u00e9 Sanixi tambi\u00e9n act\u00faa en el plexo solar gracias al mapacho de cuerda.<\/p>\n<p style=\"font-weight: 400;\">Rap\u00e9 Sanixi tiene una gran capacidad para disipar las energ\u00edas negativas acumuladas, a las que los Kuntanawa llaman Nuxim.<\/p>\n<p style=\"font-weight: 400;\">Abre el coraz\u00f3n para dar y recibir; es un rap\u00e9 alegre, sonriente.<\/p>\n<p style=\"font-weight: 400;\">Es adecuado tanto para ceremonias como para el d\u00eda a d\u00eda.<\/p>\n<p style=\"font-weight: 400;\">\n","protected":false},"featured_media":11816,"template":"","meta":{"_joinchat":[]},"product_brand":[],"product_cat":[36],"product_tag":[],"class_list":{"0":"post-9897","1":"product","2":"type-product","3":"status-publish","4":"has-post-thumbnail","6":"product_cat-kuntanawa","8":"first","9":"instock","10":"taxable","11":"shipping-taxable","12":"purchasable","13":"product-type-simple"},"yoast_head":"<!-- This site is optimized with the Yoast SEO plugin v27.4 - https:\/\/yoast.com\/product\/yoast-seo-wordpress\/ -->\n<title>TIENDA SINCHI: Rap\u00e9 Sanixi de la tribu Kuntanawa<\/title>\n<meta name=\"description\" content=\"Kuntanawa Sanixi es un Rap\u00e9 que eleva a un estado de alta vibraci\u00f3n, actuando en el chakra sacro y ayudando a desbloquear la energ\u00eda sexual o vital.\" \/>\n<meta name=\"robots\" content=\"index, follow, max-snippet:-1, max-image-preview:large, max-video-preview:-1\" \/>\n<link rel=\"canonical\" href=\"https:\/\/www.sinchisinchi.com\/es\/producto\/rape-sanixi\/\" \/>\n<meta property=\"og:locale\" content=\"es_ES\" \/>\n<meta property=\"og:type\" content=\"article\" \/>\n<meta property=\"og:title\" content=\"TIENDA SINCHI: Rap\u00e9 Sanixi de la tribu Kuntanawa\" \/>\n<meta property=\"og:description\" content=\"Kuntanawa Sanixi es un Rap\u00e9 que eleva a un estado de alta vibraci\u00f3n, actuando en el chakra sacro y ayudando a desbloquear la energ\u00eda sexual o vital.\" \/>\n<meta property=\"og:url\" content=\"https:\/\/www.sinchisinchi.com\/es\/producto\/rape-sanixi\/\" \/>\n<meta property=\"og:site_name\" content=\"SINCHI RAP\u00c9\" \/>\n<meta property=\"article:publisher\" content=\"https:\/\/www.facebook.com\/sinchirape\/\" \/>\n<meta property=\"article:modified_time\" content=\"2026-02-12T11:30:19+00:00\" \/>\n<meta property=\"og:image\" content=\"https:\/\/www.sinchisinchi.com\/wp-content\/uploads\/2023\/10\/17-Sanixi.jpg\" \/>\n\t<meta property=\"og:image:width\" content=\"700\" \/>\n\t<meta property=\"og:image:height\" content=\"700\" \/>\n\t<meta property=\"og:image:type\" content=\"image\/jpeg\" \/>\n<meta name=\"twitter:card\" content=\"summary_large_image\" \/>\n<meta name=\"twitter:label1\" content=\"Tiempo de lectura\" \/>\n\t<meta name=\"twitter:data1\" content=\"1 minuto\" \/>\n<script type=\"application\/ld+json\" class=\"yoast-schema-graph\">{\"@context\":\"https:\\\/\\\/schema.org\",\"@graph\":[{\"@type\":\"WebPage\",\"@id\":\"https:\\\/\\\/www.sinchisinchi.com\\\/es\\\/producto\\\/rape-sanixi\\\/\",\"url\":\"https:\\\/\\\/www.sinchisinchi.com\\\/es\\\/producto\\\/rape-sanixi\\\/\",\"name\":\"TIENDA SINCHI: Rap\u00e9 Sanixi de la tribu Kuntanawa\",\"isPartOf\":{\"@id\":\"https:\\\/\\\/www.sinchisinchi.com\\\/es\\\/#website\"},\"primaryImageOfPage\":{\"@id\":\"https:\\\/\\\/www.sinchisinchi.com\\\/es\\\/producto\\\/rape-sanixi\\\/#primaryimage\"},\"image\":{\"@id\":\"https:\\\/\\\/www.sinchisinchi.com\\\/es\\\/producto\\\/rape-sanixi\\\/#primaryimage\"},\"thumbnailUrl\":\"https:\\\/\\\/www.sinchisinchi.com\\\/wp-content\\\/uploads\\\/2023\\\/10\\\/17-Sanixi.jpg\",\"datePublished\":\"2023-10-19T19:46:50+00:00\",\"dateModified\":\"2026-02-12T11:30:19+00:00\",\"description\":\"Kuntanawa Sanixi es un Rap\u00e9 que eleva a un estado de alta vibraci\u00f3n, actuando en el chakra sacro y ayudando a desbloquear la energ\u00eda sexual o vital.\",\"breadcrumb\":{\"@id\":\"https:\\\/\\\/www.sinchisinchi.com\\\/es\\\/producto\\\/rape-sanixi\\\/#breadcrumb\"},\"inLanguage\":\"es\",\"potentialAction\":[{\"@type\":\"ReadAction\",\"target\":[\"https:\\\/\\\/www.sinchisinchi.com\\\/es\\\/producto\\\/rape-sanixi\\\/\"]}]},{\"@type\":\"ImageObject\",\"inLanguage\":\"es\",\"@id\":\"https:\\\/\\\/www.sinchisinchi.com\\\/es\\\/producto\\\/rape-sanixi\\\/#primaryimage\",\"url\":\"https:\\\/\\\/www.sinchisinchi.com\\\/wp-content\\\/uploads\\\/2023\\\/10\\\/17-Sanixi.jpg\",\"contentUrl\":\"https:\\\/\\\/www.sinchisinchi.com\\\/wp-content\\\/uploads\\\/2023\\\/10\\\/17-Sanixi.jpg\",\"width\":700,\"height\":700},{\"@type\":\"BreadcrumbList\",\"@id\":\"https:\\\/\\\/www.sinchisinchi.com\\\/es\\\/producto\\\/rape-sanixi\\\/#breadcrumb\",\"itemListElement\":[{\"@type\":\"ListItem\",\"position\":1,\"name\":\"Prima pagina\",\"item\":\"https:\\\/\\\/www.sinchisinchi.com\\\/es\\\/\"},{\"@type\":\"ListItem\",\"position\":2,\"name\":\"Productos\",\"item\":\"https:\\\/\\\/www.sinchisinchi.com\\\/es\\\/shop\\\/\"},{\"@type\":\"ListItem\",\"position\":3,\"name\":\"Sanixi\"}]},{\"@type\":\"WebSite\",\"@id\":\"https:\\\/\\\/www.sinchisinchi.com\\\/es\\\/#website\",\"url\":\"https:\\\/\\\/www.sinchisinchi.com\\\/es\\\/\",\"name\":\"SINCHI\",\"description\":\"Sinchi Medicine\",\"publisher\":{\"@id\":\"https:\\\/\\\/www.sinchisinchi.com\\\/es\\\/#organization\"},\"potentialAction\":[{\"@type\":\"SearchAction\",\"target\":{\"@type\":\"EntryPoint\",\"urlTemplate\":\"https:\\\/\\\/www.sinchisinchi.com\\\/es\\\/?s={search_term_string}\"},\"query-input\":{\"@type\":\"PropertyValueSpecification\",\"valueRequired\":true,\"valueName\":\"search_term_string\"}}],\"inLanguage\":\"es\"},{\"@type\":\"Organization\",\"@id\":\"https:\\\/\\\/www.sinchisinchi.com\\\/es\\\/#organization\",\"name\":\"SINCHI S.L\",\"url\":\"https:\\\/\\\/www.sinchisinchi.com\\\/es\\\/\",\"logo\":{\"@type\":\"ImageObject\",\"inLanguage\":\"es\",\"@id\":\"https:\\\/\\\/www.sinchisinchi.com\\\/es\\\/#\\\/schema\\\/logo\\\/image\\\/\",\"url\":\"https:\\\/\\\/www.sinchisinchi.com\\\/wp-content\\\/uploads\\\/2026\\\/01\\\/3b-Verde-SIMPLIFICADO-HORIZONTAL-F-TRANSPARENTE-scaled.png\",\"contentUrl\":\"https:\\\/\\\/www.sinchisinchi.com\\\/wp-content\\\/uploads\\\/2026\\\/01\\\/3b-Verde-SIMPLIFICADO-HORIZONTAL-F-TRANSPARENTE-scaled.png\",\"width\":2560,\"height\":457,\"caption\":\"SINCHI S.L\"},\"image\":{\"@id\":\"https:\\\/\\\/www.sinchisinchi.com\\\/es\\\/#\\\/schema\\\/logo\\\/image\\\/\"},\"sameAs\":[\"https:\\\/\\\/www.facebook.com\\\/sinchirape\\\/\",\"https:\\\/\\\/www.instagram.com\\\/sinchi_rape\\\/\"]}]}<\/script>\n<!-- \/ Yoast SEO plugin. -->","yoast_head_json":{"title":"TIENDA SINCHI: Rap\u00e9 Sanixi de la tribu Kuntanawa","description":"Kuntanawa Sanixi es un Rap\u00e9 que eleva a un estado de alta vibraci\u00f3n, actuando en el chakra sacro y ayudando a desbloquear la energ\u00eda sexual o vital.","robots":{"index":"index","follow":"follow","max-snippet":"max-snippet:-1","max-image-preview":"max-image-preview:large","max-video-preview":"max-video-preview:-1"},"canonical":"https:\/\/www.sinchisinchi.com\/es\/producto\/rape-sanixi\/","og_locale":"es_ES","og_type":"article","og_title":"TIENDA SINCHI: Rap\u00e9 Sanixi de la tribu Kuntanawa","og_description":"Kuntanawa Sanixi es un Rap\u00e9 que eleva a un estado de alta vibraci\u00f3n, actuando en el chakra sacro y ayudando a desbloquear la energ\u00eda sexual o vital.","og_url":"https:\/\/www.sinchisinchi.com\/es\/producto\/rape-sanixi\/","og_site_name":"SINCHI RAP\u00c9","article_publisher":"https:\/\/www.facebook.com\/sinchirape\/","article_modified_time":"2026-02-12T11:30:19+00:00","og_image":[{"width":700,"height":700,"url":"https:\/\/www.sinchisinchi.com\/wp-content\/uploads\/2023\/10\/17-Sanixi.jpg","type":"image\/jpeg"}],"twitter_card":"summary_large_image","twitter_misc":{"Tiempo de lectura":"1 minuto"},"schema":{"@context":"https:\/\/schema.org","@graph":[{"@type":"WebPage","@id":"https:\/\/www.sinchisinchi.com\/es\/producto\/rape-sanixi\/","url":"https:\/\/www.sinchisinchi.com\/es\/producto\/rape-sanixi\/","name":"TIENDA SINCHI: Rap\u00e9 Sanixi de la tribu Kuntanawa","isPartOf":{"@id":"https:\/\/www.sinchisinchi.com\/es\/#website"},"primaryImageOfPage":{"@id":"https:\/\/www.sinchisinchi.com\/es\/producto\/rape-sanixi\/#primaryimage"},"image":{"@id":"https:\/\/www.sinchisinchi.com\/es\/producto\/rape-sanixi\/#primaryimage"},"thumbnailUrl":"https:\/\/www.sinchisinchi.com\/wp-content\/uploads\/2023\/10\/17-Sanixi.jpg","datePublished":"2023-10-19T19:46:50+00:00","dateModified":"2026-02-12T11:30:19+00:00","description":"Kuntanawa Sanixi es un Rap\u00e9 que eleva a un estado de alta vibraci\u00f3n, actuando en el chakra sacro y ayudando a desbloquear la energ\u00eda sexual o vital.","breadcrumb":{"@id":"https:\/\/www.sinchisinchi.com\/es\/producto\/rape-sanixi\/#breadcrumb"},"inLanguage":"es","potentialAction":[{"@type":"ReadAction","target":["https:\/\/www.sinchisinchi.com\/es\/producto\/rape-sanixi\/"]}]},{"@type":"ImageObject","inLanguage":"es","@id":"https:\/\/www.sinchisinchi.com\/es\/producto\/rape-sanixi\/#primaryimage","url":"https:\/\/www.sinchisinchi.com\/wp-content\/uploads\/2023\/10\/17-Sanixi.jpg","contentUrl":"https:\/\/www.sinchisinchi.com\/wp-content\/uploads\/2023\/10\/17-Sanixi.jpg","width":700,"height":700},{"@type":"BreadcrumbList","@id":"https:\/\/www.sinchisinchi.com\/es\/producto\/rape-sanixi\/#breadcrumb","itemListElement":[{"@type":"ListItem","position":1,"name":"Prima pagina","item":"https:\/\/www.sinchisinchi.com\/es\/"},{"@type":"ListItem","position":2,"name":"Productos","item":"https:\/\/www.sinchisinchi.com\/es\/shop\/"},{"@type":"ListItem","position":3,"name":"Sanixi"}]},{"@type":"WebSite","@id":"https:\/\/www.sinchisinchi.com\/es\/#website","url":"https:\/\/www.sinchisinchi.com\/es\/","name":"SINCHI","description":"Sinchi Medicine","publisher":{"@id":"https:\/\/www.sinchisinchi.com\/es\/#organization"},"potentialAction":[{"@type":"SearchAction","target":{"@type":"EntryPoint","urlTemplate":"https:\/\/www.sinchisinchi.com\/es\/?s={search_term_string}"},"query-input":{"@type":"PropertyValueSpecification","valueRequired":true,"valueName":"search_term_string"}}],"inLanguage":"es"},{"@type":"Organization","@id":"https:\/\/www.sinchisinchi.com\/es\/#organization","name":"SINCHI S.L","url":"https:\/\/www.sinchisinchi.com\/es\/","logo":{"@type":"ImageObject","inLanguage":"es","@id":"https:\/\/www.sinchisinchi.com\/es\/#\/schema\/logo\/image\/","url":"https:\/\/www.sinchisinchi.com\/wp-content\/uploads\/2026\/01\/3b-Verde-SIMPLIFICADO-HORIZONTAL-F-TRANSPARENTE-scaled.png","contentUrl":"https:\/\/www.sinchisinchi.com\/wp-content\/uploads\/2026\/01\/3b-Verde-SIMPLIFICADO-HORIZONTAL-F-TRANSPARENTE-scaled.png","width":2560,"height":457,"caption":"SINCHI S.L"},"image":{"@id":"https:\/\/www.sinchisinchi.com\/es\/#\/schema\/logo\/image\/"},"sameAs":["https:\/\/www.facebook.com\/sinchirape\/","https:\/\/www.instagram.com\/sinchi_rape\/"]}]}},"_links":{"self":[{"href":"https:\/\/www.sinchisinchi.com\/es\/wp-json\/wp\/v2\/product\/9897","targetHints":{"allow":["GET"]}}],"collection":[{"href":"https:\/\/www.sinchisinchi.com\/es\/wp-json\/wp\/v2\/product"}],"about":[{"href":"https:\/\/www.sinchisinchi.com\/es\/wp-json\/wp\/v2\/types\/product"}],"wp:featuredmedia":[{"embeddable":true,"href":"https:\/\/www.sinchisinchi.com\/es\/wp-json\/wp\/v2\/media\/11816"}],"wp:attachment":[{"href":"https:\/\/www.sinchisinchi.com\/es\/wp-json\/wp\/v2\/media?parent=9897"}],"wp:term":[{"taxonomy":"product_brand","embeddable":true,"href":"https:\/\/www.sinchisinchi.com\/es\/wp-json\/wp\/v2\/product_brand?post=9897"},{"taxonomy":"product_cat","embeddable":true,"href":"https:\/\/www.sinchisinchi.com\/es\/wp-json\/wp\/v2\/product_cat?post=9897"},{"taxonomy":"product_tag","embeddable":true,"href":"https:\/\/www.sinchisinchi.com\/es\/wp-json\/wp\/v2\/product_tag?post=9897"}],"curies":[{"name":"wp","href":"https:\/\/api.w.org\/{rel}","templated":true}]}}