{"id":9910,"date":"2023-10-19T19:52:13","date_gmt":"2023-10-19T19:52:13","guid":{"rendered":"https:\/\/www.sinchisinchi.com\/?post_type=product&#038;p=9910"},"modified":"2026-01-13T08:20:23","modified_gmt":"2026-01-13T08:20:23","slug":"rape-jurema","status":"publish","type":"product","link":"https:\/\/www.sinchisinchi.com\/es\/producto\/rape-jurema\/","title":{"rendered":"Rap\u00e9 Jurema"},"content":{"rendered":"<h2 style=\"font-weight: 400; text-align: center;\"><span style=\"color: #000000;\"><strong>\u00c1rbol Jurema<\/strong><\/span><\/h2>\n<p style=\"font-weight: 400; text-align: center;\"><span style=\"color: #000000;\"><strong>\u00a0<\/strong><\/span><\/p>\n<h3 style=\"font-weight: 400; text-align: center;\"><span style=\"color: #000000;\"><strong>Taxonomia<\/strong><\/span><\/h3>\n<p style=\"font-weight: 400;\"><span style=\"color: #000000;\">Conocido en M\u00e9xico como <strong>Tepezcohuite<\/strong>, es la misma planta que en Brasil\u00a0se conoce como Jurema (Mimosa hostilis).<\/span><\/p>\n<p style=\"font-weight: 400;\"><span style=\"color: #000000;\">Otros de sus nombres comunes son: Jurema preta, jurema negra, ajuc\u00e1, espineiro (Brasil); tepescohuite (M\u00e9xico), cabrero, carb\u00f3n, carbonal.<\/span><\/p>\n<p style=\"font-weight: 400;\"><span style=\"color: #000000;\">Se trata de una especie caducifolia, que florece y fructifica en la \u00e9poca relativamente m\u00e1s seca del a\u00f1o, cuando no presenta follaje.<\/span><\/p>\n<p style=\"font-weight: 400;\"><span style=\"color: #000000;\">Es un matorral espinoso muy abundante en M\u00e9xico (Baja California, Oaxaca y costa de Chiapas), Centroam\u00e9rica, los llanos de Venezuela y en las planicies \u00e1ridas del este de Brasil: Pernambuco, Minas Gerais y Bah\u00eda, d\u00f3nde tambi\u00e9n llaman \u201cjurema\u201d a otras especies de Mimosa como la jurema blanca (Mimosa verrucosa).<\/span><\/p>\n<p style=\"font-weight: 400;\"><span style=\"color: #000000;\">En M\u00e9xico tambi\u00e9n es llamado el \u00e1rbol de la piel, debido a que posee en su corteza importantes propiedades antimicrobianas, analg\u00e9sicas y regeneradoras celulares.<\/span><\/p>\n<p style=\"font-weight: 400;\"><span style=\"color: #000000;\">La Mimosa hostilis tiene flores blancas, mientras que las flores de Mimosa verrucosa son de color rosa. Mimosa hostilis nunca tiene flores amarillas ni rosas.<\/span><\/p>\n<p>&nbsp;<\/p>\n<h3 style=\"font-weight: 400; text-align: center;\"><span style=\"color: #000000;\"><strong>Historia<\/strong><\/span><\/h3>\n<p style=\"font-weight: 400;\"><span style=\"color: #000000;\">Recientemente se reconoci\u00f3 que la Mimosa tenuiflora mexicana descrita bot\u00e1nicamente en 1810 es la misma especie que la brasile\u00f1a Mimosa hostilis.<\/span><\/p>\n<p style=\"font-weight: 400;\"><span style=\"color: #000000;\">Los mayas de M\u00e9xico en la \u00e9poca prehisp\u00e1nica lo llamaron \u201cTepezcohuite\u201d. Seg\u00fan el Diccionario de aztequismos de Cabrera (1975), la palabra Tepezcohuite proviene de los vocablos n\u00e1huatl tepetl (Cerro) y cuahuitl (\u00c1rbol), \u201c\u00e1rbol del cerro\u201d.<\/span><\/p>\n<p style=\"font-weight: 400;\"><span style=\"color: #000000;\">Tambi\u00e9n se hizo popular en M\u00e9xico el nombre de \u201c\u00e1rbol de la piel\u201d, que de acuerdo con Genis (1987), proviene del vocablo n\u00e1huatl tepexohuitztli.<\/span><\/p>\n<p style=\"font-weight: 400;\"><span style=\"color: #000000;\">Adem\u00e1s, se le llama tepuscuahuitl, que significa \u201c\u00e1rbol de fierro o metal\u201d aludiendo a la dureza de su madera.<\/span><\/p>\n<p style=\"font-weight: 400;\"><span style=\"color: #000000;\">La corteza de la ra\u00edz contiene entre 0.25% hasta 4.5 % de DMT (N,N-dimetiltriptamina) del peso en seco de su corteza de ra\u00edz.<\/span><\/p>\n<p style=\"font-weight: 400;\"><span style=\"color: #000000;\">La corteza del tronco se vende en los mercados de M\u00e9xico por sus aplicaciones en medicina popular. En cambio, los ind\u00edgenas de Brasil que hacen \u201cvinho da jurema\u201d s\u00f3lo usan corteza de la ra\u00edz.<\/span><\/p>\n<p style=\"font-weight: 400;\"><span style=\"color: #000000;\">La eficacia de tepezcohuite pudo ser puesto a prueba por dos tr\u00e1gicos sucesos ocurridos en M\u00e9xico durante los a\u00f1os ochenta, y afectaron de forma masiva a la poblaci\u00f3n;.<\/span><\/p>\n<p style=\"font-weight: 400;\"><span style=\"color: #000000;\">En noviembre de 1984 se us\u00f3 para tratar centenares de heridos afectados de quemaduras graves en la piel, ocasionadas una desafortunada explosi\u00f3n de gas.<\/span><\/p>\n<p style=\"font-weight: 400;\"><span style=\"color: #000000;\">En segundo lugar, en 1985, se us\u00f3 para tratar las heridas de las victimas de un terremoto.<\/span><\/p>\n<p style=\"font-weight: 400;\"><span style=\"color: #000000;\">En ambos casos, se utiliz\u00f3 masivamente con resultados muy satisfactorios en la reconstrucci\u00f3n de la epidermis, as\u00ed como en la repigmentaci\u00f3n.<\/span><\/p>\n<p>&nbsp;<\/p>\n<h3 style=\"font-weight: 400; text-align: center;\"><span style=\"color: #000000;\"><strong>Mayas<\/strong><\/span><\/h3>\n<p style=\"font-weight: 400;\"><span style=\"color: #000000;\">Considerado un \u00e1rbol sagrado, Jurema fue usado por los mayas como cura para enfermedades de la piel, como regenerador celular y para el tratamiento de lesiones; era popularmente conocido como \u201cel \u00e1rbol de cuya c\u00e1scara se hace polvo que cura heridas\u201d.<\/span><\/p>\n<p style=\"font-weight: 400;\"><span style=\"color: #000000;\"><strong>\u00a0<\/strong><\/span><span style=\"color: #000000;\">Estos usaban tepezcohuite aplicando el polvo de su corteza sobre heridas y especialmente quemaduras, para calmar el dolor y acelerar en gran manera su curaci\u00f3n, evitando incluso la aparici\u00f3n de cicatrices.<\/span><\/p>\n<p>&nbsp;<\/p>\n<h3 style=\"font-weight: 400; text-align: center;\"><span style=\"color: #000000;\"><strong>Bebida Jurema<\/strong><\/span><\/h3>\n<p style=\"font-weight: 400;\"><span style=\"color: #000000;\">Jurema es un arbusto muy empleado como an\u00e1logo de la ayahuasca, de cuya ra\u00edz se obtiene la \u201cbebida de jurema\u201d o \u201cvinho da jurema\u201d, utilizado en rituales y ceremonias.<\/span><\/p>\n<p style=\"font-weight: 400;\"><span style=\"color: #000000;\">Su preparaci\u00f3n consiste generalmente en macerar o infusionar las hojas en agua o alcohol.<\/span><\/p>\n<p style=\"font-weight: 400;\"><span style=\"color: #000000;\">Jonathan Ott comprob\u00f3 en 1998 que a los veinte minutos de beber el vino de jurema se nota un efecto visionario tipo DMT durante unas dos horas. Sin embargo se sabe que la Dimetil Triptamina (D.M.T.) es inactiva por v\u00eda oral.<\/span><\/p>\n<p style=\"font-weight: 400;\"><span style=\"color: #000000;\">Tambi\u00e9n carece de sustancias inhibidoras de la enzima humana Mono Amino Oxidasa (IMAOs). Por todo ello, se presupone que la jurema debe tener alg\u00fan tipo de triptamina oralmente activa, aun por descubrir.<\/span><\/p>\n<p style=\"font-weight: 400;\"><span style=\"color: #000000;\"><strong>\u00a0<\/strong><\/span><\/p>\n<h3 style=\"font-weight: 400; text-align: center;\"><span style=\"color: #000000;\"><strong>Bebida <\/strong><strong>Juremahusca<\/strong><\/span><\/h3>\n<p style=\"font-weight: 400;\"><span style=\"color: #000000;\">En la d\u00e9cada de los 90, investigadores especializados en experimentos psicoactivos crearon la Juremahusca, bebida an\u00e1loga a la Ayahuasca compuesta de una mezcla de Jurema y semillas de Ruda Siria (Peganum harmala), originaria de \u00c1frica del Norte.<\/span><\/p>\n<p style=\"font-weight: 400;\"><span style=\"color: #000000;\">La corteza de la ra\u00edz de jurema suele tener de 0,5 a 1% de D.M.T, mientras que las hojas de chakruna (Psychotria viridis) contienen de 0 a una media de un 0,20% de DMT.<\/span><\/p>\n<p style=\"font-weight: 400;\"><span style=\"color: #000000;\">En algunas cortezas de ra\u00edz de Mimosa hostilis mexicana se ha encontrado un contenido de DMT mucho m\u00e1s elevado, entre un 1% hasta el 11% (Ott 2001). La corteza del tronco contiene niveles mucho m\u00e1s bajos de DMT, al igual que las hojas.<\/span><\/p>\n<p style=\"font-weight: 400;\"><span style=\"color: #000000;\">Se debe tener precauci\u00f3n tanto con las hojas como con el tronco, ya que pueden contener mimosina, una sustancia venenosa.<\/span><\/p>\n<p style=\"font-weight: 400;\">\n","protected":false},"excerpt":{"rendered":"<p style=\"font-weight: 400;\"><span style=\"color: #000000;\">El Rap\u00e9 Jurema contiene una mezcla de <strong>mapacho de Sabia y mapacho de Arapirca, cenizas de Tsunu y Jurema Preta.<\/strong><\/span><\/p>\n<p style=\"font-weight: 400;\"><span style=\"color: #000000;\"><strong>Jurema Preta o Mimosa Hostilis<\/strong> es una planta utilizada en ceremonias ind\u00edgenas del Nordeste de Brasil. Crece en el ecosistema de sabana del noreste y pertenece a la familia de las acacias. Es un verdadero espect\u00e1culo con sus hermosas flores que ondean con el viento como penachos blancos.<\/span><\/p>\n<p style=\"font-weight: 400;\"><span style=\"color: #000000;\">Tambi\u00e9n se utiliza por sus propiedades como regenerador celular, bacteriost\u00e1ticas, antis\u00e9pticas, analg\u00e9sicas, cicatrizantes y regeneradoras.<\/span><\/p>\n","protected":false},"featured_media":11753,"template":"","meta":{"_joinchat":[]},"product_brand":[],"product_cat":[205],"product_tag":[],"class_list":{"0":"post-9910","1":"product","2":"type-product","3":"status-publish","4":"has-post-thumbnail","6":"product_cat-boa","8":"first","9":"instock","10":"taxable","11":"shipping-taxable","12":"purchasable","13":"product-type-simple"},"yoast_head":"<!-- This site is optimized with the Yoast SEO plugin v27.4 - https:\/\/yoast.com\/product\/yoast-seo-wordpress\/ -->\n<title>TIENDA SINCHI: Rap\u00e9 Amaz\u00f3nico con Jurema<\/title>\n<meta name=\"description\" content=\"El Rap\u00e9 Jurema contiene una mezcla de mapacho de Sabia y mapacho de Arapirca, cenizas de Tsunu y Jurema Preta, utilizada en ceremonias ind\u00edgenas en Brasil.\" \/>\n<meta name=\"robots\" content=\"index, follow, max-snippet:-1, max-image-preview:large, max-video-preview:-1\" \/>\n<link rel=\"canonical\" href=\"https:\/\/www.sinchisinchi.com\/es\/producto\/rape-jurema\/\" \/>\n<meta property=\"og:locale\" content=\"es_ES\" \/>\n<meta property=\"og:type\" content=\"article\" \/>\n<meta property=\"og:title\" content=\"TIENDA SINCHI: Rap\u00e9 Amaz\u00f3nico con Jurema\" \/>\n<meta property=\"og:description\" content=\"El Rap\u00e9 Jurema contiene una mezcla de mapacho de Sabia y mapacho de Arapirca, cenizas de Tsunu y Jurema Preta, utilizada en ceremonias ind\u00edgenas en Brasil.\" \/>\n<meta property=\"og:url\" content=\"https:\/\/www.sinchisinchi.com\/es\/producto\/rape-jurema\/\" \/>\n<meta property=\"og:site_name\" content=\"SINCHI RAP\u00c9\" \/>\n<meta property=\"article:publisher\" content=\"https:\/\/www.facebook.com\/sinchirape\/\" \/>\n<meta property=\"article:modified_time\" content=\"2026-01-13T08:20:23+00:00\" \/>\n<meta property=\"og:image\" content=\"https:\/\/www.sinchisinchi.com\/wp-content\/uploads\/2023\/10\/22-Jurema.jpg\" \/>\n\t<meta property=\"og:image:width\" content=\"700\" \/>\n\t<meta property=\"og:image:height\" content=\"700\" \/>\n\t<meta property=\"og:image:type\" content=\"image\/jpeg\" \/>\n<meta name=\"twitter:card\" content=\"summary_large_image\" \/>\n<meta name=\"twitter:label1\" content=\"Tiempo de lectura\" \/>\n\t<meta name=\"twitter:data1\" content=\"4 minutos\" \/>\n<script type=\"application\/ld+json\" class=\"yoast-schema-graph\">{\"@context\":\"https:\\\/\\\/schema.org\",\"@graph\":[{\"@type\":\"WebPage\",\"@id\":\"https:\\\/\\\/www.sinchisinchi.com\\\/es\\\/producto\\\/rape-jurema\\\/\",\"url\":\"https:\\\/\\\/www.sinchisinchi.com\\\/es\\\/producto\\\/rape-jurema\\\/\",\"name\":\"TIENDA SINCHI: Rap\u00e9 Amaz\u00f3nico con Jurema\",\"isPartOf\":{\"@id\":\"https:\\\/\\\/www.sinchisinchi.com\\\/es\\\/#website\"},\"primaryImageOfPage\":{\"@id\":\"https:\\\/\\\/www.sinchisinchi.com\\\/es\\\/producto\\\/rape-jurema\\\/#primaryimage\"},\"image\":{\"@id\":\"https:\\\/\\\/www.sinchisinchi.com\\\/es\\\/producto\\\/rape-jurema\\\/#primaryimage\"},\"thumbnailUrl\":\"https:\\\/\\\/www.sinchisinchi.com\\\/wp-content\\\/uploads\\\/2023\\\/10\\\/22-Jurema.jpg\",\"datePublished\":\"2023-10-19T19:52:13+00:00\",\"dateModified\":\"2026-01-13T08:20:23+00:00\",\"description\":\"El Rap\u00e9 Jurema contiene una mezcla de mapacho de Sabia y mapacho de Arapirca, cenizas de Tsunu y Jurema Preta, utilizada en ceremonias ind\u00edgenas en Brasil.\",\"breadcrumb\":{\"@id\":\"https:\\\/\\\/www.sinchisinchi.com\\\/es\\\/producto\\\/rape-jurema\\\/#breadcrumb\"},\"inLanguage\":\"es\",\"potentialAction\":[{\"@type\":\"ReadAction\",\"target\":[\"https:\\\/\\\/www.sinchisinchi.com\\\/es\\\/producto\\\/rape-jurema\\\/\"]}]},{\"@type\":\"ImageObject\",\"inLanguage\":\"es\",\"@id\":\"https:\\\/\\\/www.sinchisinchi.com\\\/es\\\/producto\\\/rape-jurema\\\/#primaryimage\",\"url\":\"https:\\\/\\\/www.sinchisinchi.com\\\/wp-content\\\/uploads\\\/2023\\\/10\\\/22-Jurema.jpg\",\"contentUrl\":\"https:\\\/\\\/www.sinchisinchi.com\\\/wp-content\\\/uploads\\\/2023\\\/10\\\/22-Jurema.jpg\",\"width\":700,\"height\":700},{\"@type\":\"BreadcrumbList\",\"@id\":\"https:\\\/\\\/www.sinchisinchi.com\\\/es\\\/producto\\\/rape-jurema\\\/#breadcrumb\",\"itemListElement\":[{\"@type\":\"ListItem\",\"position\":1,\"name\":\"Prima pagina\",\"item\":\"https:\\\/\\\/www.sinchisinchi.com\\\/es\\\/\"},{\"@type\":\"ListItem\",\"position\":2,\"name\":\"Productos\",\"item\":\"https:\\\/\\\/www.sinchisinchi.com\\\/es\\\/shop\\\/\"},{\"@type\":\"ListItem\",\"position\":3,\"name\":\"Rap\u00e9 Jurema\"}]},{\"@type\":\"WebSite\",\"@id\":\"https:\\\/\\\/www.sinchisinchi.com\\\/es\\\/#website\",\"url\":\"https:\\\/\\\/www.sinchisinchi.com\\\/es\\\/\",\"name\":\"SINCHI\",\"description\":\"Sinchi Medicine\",\"publisher\":{\"@id\":\"https:\\\/\\\/www.sinchisinchi.com\\\/es\\\/#organization\"},\"potentialAction\":[{\"@type\":\"SearchAction\",\"target\":{\"@type\":\"EntryPoint\",\"urlTemplate\":\"https:\\\/\\\/www.sinchisinchi.com\\\/es\\\/?s={search_term_string}\"},\"query-input\":{\"@type\":\"PropertyValueSpecification\",\"valueRequired\":true,\"valueName\":\"search_term_string\"}}],\"inLanguage\":\"es\"},{\"@type\":\"Organization\",\"@id\":\"https:\\\/\\\/www.sinchisinchi.com\\\/es\\\/#organization\",\"name\":\"SINCHI S.L\",\"url\":\"https:\\\/\\\/www.sinchisinchi.com\\\/es\\\/\",\"logo\":{\"@type\":\"ImageObject\",\"inLanguage\":\"es\",\"@id\":\"https:\\\/\\\/www.sinchisinchi.com\\\/es\\\/#\\\/schema\\\/logo\\\/image\\\/\",\"url\":\"https:\\\/\\\/www.sinchisinchi.com\\\/wp-content\\\/uploads\\\/2026\\\/01\\\/3b-Verde-SIMPLIFICADO-HORIZONTAL-F-TRANSPARENTE-scaled.png\",\"contentUrl\":\"https:\\\/\\\/www.sinchisinchi.com\\\/wp-content\\\/uploads\\\/2026\\\/01\\\/3b-Verde-SIMPLIFICADO-HORIZONTAL-F-TRANSPARENTE-scaled.png\",\"width\":2560,\"height\":457,\"caption\":\"SINCHI S.L\"},\"image\":{\"@id\":\"https:\\\/\\\/www.sinchisinchi.com\\\/es\\\/#\\\/schema\\\/logo\\\/image\\\/\"},\"sameAs\":[\"https:\\\/\\\/www.facebook.com\\\/sinchirape\\\/\",\"https:\\\/\\\/www.instagram.com\\\/sinchi_rape\\\/\"]}]}<\/script>\n<!-- \/ Yoast SEO plugin. -->","yoast_head_json":{"title":"TIENDA SINCHI: Rap\u00e9 Amaz\u00f3nico con Jurema","description":"El Rap\u00e9 Jurema contiene una mezcla de mapacho de Sabia y mapacho de Arapirca, cenizas de Tsunu y Jurema Preta, utilizada en ceremonias ind\u00edgenas en Brasil.","robots":{"index":"index","follow":"follow","max-snippet":"max-snippet:-1","max-image-preview":"max-image-preview:large","max-video-preview":"max-video-preview:-1"},"canonical":"https:\/\/www.sinchisinchi.com\/es\/producto\/rape-jurema\/","og_locale":"es_ES","og_type":"article","og_title":"TIENDA SINCHI: Rap\u00e9 Amaz\u00f3nico con Jurema","og_description":"El Rap\u00e9 Jurema contiene una mezcla de mapacho de Sabia y mapacho de Arapirca, cenizas de Tsunu y Jurema Preta, utilizada en ceremonias ind\u00edgenas en Brasil.","og_url":"https:\/\/www.sinchisinchi.com\/es\/producto\/rape-jurema\/","og_site_name":"SINCHI RAP\u00c9","article_publisher":"https:\/\/www.facebook.com\/sinchirape\/","article_modified_time":"2026-01-13T08:20:23+00:00","og_image":[{"width":700,"height":700,"url":"https:\/\/www.sinchisinchi.com\/wp-content\/uploads\/2023\/10\/22-Jurema.jpg","type":"image\/jpeg"}],"twitter_card":"summary_large_image","twitter_misc":{"Tiempo de lectura":"4 minutos"},"schema":{"@context":"https:\/\/schema.org","@graph":[{"@type":"WebPage","@id":"https:\/\/www.sinchisinchi.com\/es\/producto\/rape-jurema\/","url":"https:\/\/www.sinchisinchi.com\/es\/producto\/rape-jurema\/","name":"TIENDA SINCHI: Rap\u00e9 Amaz\u00f3nico con Jurema","isPartOf":{"@id":"https:\/\/www.sinchisinchi.com\/es\/#website"},"primaryImageOfPage":{"@id":"https:\/\/www.sinchisinchi.com\/es\/producto\/rape-jurema\/#primaryimage"},"image":{"@id":"https:\/\/www.sinchisinchi.com\/es\/producto\/rape-jurema\/#primaryimage"},"thumbnailUrl":"https:\/\/www.sinchisinchi.com\/wp-content\/uploads\/2023\/10\/22-Jurema.jpg","datePublished":"2023-10-19T19:52:13+00:00","dateModified":"2026-01-13T08:20:23+00:00","description":"El Rap\u00e9 Jurema contiene una mezcla de mapacho de Sabia y mapacho de Arapirca, cenizas de Tsunu y Jurema Preta, utilizada en ceremonias ind\u00edgenas en Brasil.","breadcrumb":{"@id":"https:\/\/www.sinchisinchi.com\/es\/producto\/rape-jurema\/#breadcrumb"},"inLanguage":"es","potentialAction":[{"@type":"ReadAction","target":["https:\/\/www.sinchisinchi.com\/es\/producto\/rape-jurema\/"]}]},{"@type":"ImageObject","inLanguage":"es","@id":"https:\/\/www.sinchisinchi.com\/es\/producto\/rape-jurema\/#primaryimage","url":"https:\/\/www.sinchisinchi.com\/wp-content\/uploads\/2023\/10\/22-Jurema.jpg","contentUrl":"https:\/\/www.sinchisinchi.com\/wp-content\/uploads\/2023\/10\/22-Jurema.jpg","width":700,"height":700},{"@type":"BreadcrumbList","@id":"https:\/\/www.sinchisinchi.com\/es\/producto\/rape-jurema\/#breadcrumb","itemListElement":[{"@type":"ListItem","position":1,"name":"Prima pagina","item":"https:\/\/www.sinchisinchi.com\/es\/"},{"@type":"ListItem","position":2,"name":"Productos","item":"https:\/\/www.sinchisinchi.com\/es\/shop\/"},{"@type":"ListItem","position":3,"name":"Rap\u00e9 Jurema"}]},{"@type":"WebSite","@id":"https:\/\/www.sinchisinchi.com\/es\/#website","url":"https:\/\/www.sinchisinchi.com\/es\/","name":"SINCHI","description":"Sinchi Medicine","publisher":{"@id":"https:\/\/www.sinchisinchi.com\/es\/#organization"},"potentialAction":[{"@type":"SearchAction","target":{"@type":"EntryPoint","urlTemplate":"https:\/\/www.sinchisinchi.com\/es\/?s={search_term_string}"},"query-input":{"@type":"PropertyValueSpecification","valueRequired":true,"valueName":"search_term_string"}}],"inLanguage":"es"},{"@type":"Organization","@id":"https:\/\/www.sinchisinchi.com\/es\/#organization","name":"SINCHI S.L","url":"https:\/\/www.sinchisinchi.com\/es\/","logo":{"@type":"ImageObject","inLanguage":"es","@id":"https:\/\/www.sinchisinchi.com\/es\/#\/schema\/logo\/image\/","url":"https:\/\/www.sinchisinchi.com\/wp-content\/uploads\/2026\/01\/3b-Verde-SIMPLIFICADO-HORIZONTAL-F-TRANSPARENTE-scaled.png","contentUrl":"https:\/\/www.sinchisinchi.com\/wp-content\/uploads\/2026\/01\/3b-Verde-SIMPLIFICADO-HORIZONTAL-F-TRANSPARENTE-scaled.png","width":2560,"height":457,"caption":"SINCHI S.L"},"image":{"@id":"https:\/\/www.sinchisinchi.com\/es\/#\/schema\/logo\/image\/"},"sameAs":["https:\/\/www.facebook.com\/sinchirape\/","https:\/\/www.instagram.com\/sinchi_rape\/"]}]}},"_links":{"self":[{"href":"https:\/\/www.sinchisinchi.com\/es\/wp-json\/wp\/v2\/product\/9910","targetHints":{"allow":["GET"]}}],"collection":[{"href":"https:\/\/www.sinchisinchi.com\/es\/wp-json\/wp\/v2\/product"}],"about":[{"href":"https:\/\/www.sinchisinchi.com\/es\/wp-json\/wp\/v2\/types\/product"}],"wp:featuredmedia":[{"embeddable":true,"href":"https:\/\/www.sinchisinchi.com\/es\/wp-json\/wp\/v2\/media\/11753"}],"wp:attachment":[{"href":"https:\/\/www.sinchisinchi.com\/es\/wp-json\/wp\/v2\/media?parent=9910"}],"wp:term":[{"taxonomy":"product_brand","embeddable":true,"href":"https:\/\/www.sinchisinchi.com\/es\/wp-json\/wp\/v2\/product_brand?post=9910"},{"taxonomy":"product_cat","embeddable":true,"href":"https:\/\/www.sinchisinchi.com\/es\/wp-json\/wp\/v2\/product_cat?post=9910"},{"taxonomy":"product_tag","embeddable":true,"href":"https:\/\/www.sinchisinchi.com\/es\/wp-json\/wp\/v2\/product_tag?post=9910"}],"curies":[{"name":"wp","href":"https:\/\/api.w.org\/{rel}","templated":true}]}}