{"id":9923,"date":"2023-10-19T19:57:44","date_gmt":"2023-10-19T19:57:44","guid":{"rendered":"https:\/\/www.sinchisinchi.com\/?post_type=product&#038;p=9923"},"modified":"2026-01-13T08:20:13","modified_gmt":"2026-01-13T08:20:13","slug":"rape-yopo","status":"publish","type":"product","link":"https:\/\/www.sinchisinchi.com\/es\/producto\/rape-yopo\/","title":{"rendered":"Rap\u00e9 Yopo"},"content":{"rendered":"<h3 style=\"font-weight: 400; text-align: center;\"><strong>\u00c1rbol del Yopo<\/strong><\/h3>\n<p style=\"font-weight: 400;\">(Anadenanthera Peregrina)<\/p>\n<p style=\"font-weight: 400;\">Anadenanthera peregrina es un \u00e1rbol que alcanza entre 3 a 18 metros de altura. Se distribuye en Suram\u00e9rica (Colombia hasta Brasil, Paraguay y Bolivia) y el Caribe (Puerto Rico, Trinidad y Tobago).<\/p>\n<p style=\"font-weight: 400;\">La corteza es corchosa, de color caf\u00e9 o gris y su fruto es una vaina con forma de cinta que contiene semillas semiredondas, aplanadas y de color caf\u00e9 amarillento, las cuales contienen alcaloides y otros principios activos.<\/p>\n<p style=\"font-weight: 400;\">La especie Anadenanthera peregrina tambi\u00e9n se conoce con los nombres de yopo macho, yomba y lomo de caim\u00e1n. En la zona del Orinoco es conocido como curupa y niopo, en los llanos y el Guaviare como yopo, \u00f1opa y yupa, en el Amazonas es conocido como parica, en el Per\u00fa como huilca o vilca, y en Argentina, Bolivia y Chile como sebil o cevil.<\/p>\n<p style=\"font-weight: 400;\">Otra especie (Piptadenia aff. opacifolia Ducke), denominada hoy en di\u0301a Piptadenia pteroclada Benth.) se conoce como yopo, yopa, falso yopo o guayac\u00e1n yopo. Las dos especies se confunden en la literatura cienti\u0301fica y popular.<\/p>\n<p style=\"font-weight: 400;\">En las Antillas, en especial en la antigua isla de La Espa\u00f1ola, el t\u00e9rmino cohoba ha sido usado indistintamente para referirse al yopo y al mapacho, por ser similar su modo de consumo; sin embargo, es m\u00e1s apropiado relacionar el t\u00e9rmino cohoba con el yopo.<\/p>\n<p style=\"font-weight: 400;\">El naturalista alem\u00e1n Alejandro Von Humboldt, al viajar por la naci\u00f3n de los Otomacos, elabor\u00f3 la primera observaci\u00f3n cient\u00edfica del Yopo seg\u00fan la nomenclatura Linneana, e hizo las siguientes observaciones sobre el Yopo, \u00e1rbol al cual llam\u00f3 \u201cAcacia Niopo\u201d:<\/p>\n<p style=\"font-weight: 400;\">\u201cRecogen las largas c\u00e1scaras de una mimos\u00e1cea que nosotros hemos hecho conocer bajo el nombre de Acacia Niopo\u2026 El niopo es tan estimulante que las m\u00e1s pequen\u0303as porciones hacen estornudar violentamente a quienes no est\u00e1n acostumbrados\u201d<\/p>\n<p style=\"font-weight: 400;\">Cebil (Anadenanthera colubrina) es un \u00e1rbol del g\u00e9nero Leguminosae. Es un hermoso y delicado \u00e1rbol de hojas de helecho con ramas extendidas. En temporada, de sus ramas cuelgan hermosas flores blancas y vainas de color marr\u00f3n cuero oscuro. Las vainas contienen semillas de pepitas negras de 10-15 mm de di\u00e1metro.<\/p>\n","protected":false},"excerpt":{"rendered":"<div>\n<p style=\"text-align: left;\" align=\"center\"><span style=\"color: #000000;\">El Rap\u00e9 de Yopo contiene cenizas de <strong>Parica, Mapacho Sabia y Mapacho Arapiraca<\/strong>. Tiene semillas de Yopo cebil<strong> (Anadenanthera Colubrina)<\/strong> agregadas a la mezcla.<\/span><\/p>\n<p style=\"text-align: left;\" align=\"center\"><span style=\"color: #000000;\">Las semillas de Yopo son utilizadas por diversas tribus como ingrediente en sus mezclas de yopo.\u00a0<\/span><span style=\"color: #000000;\">Varias tribus de Colombia y Venezuela utilizan las semillas de Yopo en sus ceremonias y rituales.<\/span><\/p>\n<p style=\"text-align: left;\" align=\"center\"><span style=\"color: #000000;\">Los indi\u0301genas Piaroa las usan en la elaboraci\u00f3n de rape\u0301. Tambie\u0301n se usa en Paraguay y entre los indi\u0301genas Mataco del norte de Argentina.<\/span><\/p>\n<\/div>\n","protected":false},"featured_media":11747,"template":"","meta":{"_joinchat":[]},"product_brand":[],"product_cat":[205],"product_tag":[],"class_list":{"0":"post-9923","1":"product","2":"type-product","3":"status-publish","4":"has-post-thumbnail","6":"product_cat-boa","8":"first","9":"instock","10":"taxable","11":"shipping-taxable","12":"purchasable","13":"product-type-simple"},"yoast_head":"<!-- This site is optimized with the Yoast SEO plugin v27.4 - https:\/\/yoast.com\/product\/yoast-seo-wordpress\/ -->\n<title>TIENDA SINCHI: Rap\u00e9 con Yopo del Amazonas<\/title>\n<meta name=\"description\" content=\"El rap\u00e9 Yopo tiene semillas de Yopo, Los ind\u00edgenas Piaroa las usan en la elaboraci\u00f3n de rap\u00e9; Tambi\u00e9n se usa en Paraguay y entre los ind\u00edgenas Mataco.\" \/>\n<meta name=\"robots\" content=\"index, follow, max-snippet:-1, max-image-preview:large, max-video-preview:-1\" \/>\n<link rel=\"canonical\" href=\"https:\/\/www.sinchisinchi.com\/es\/producto\/rape-yopo\/\" \/>\n<meta property=\"og:locale\" content=\"es_ES\" \/>\n<meta property=\"og:type\" content=\"article\" \/>\n<meta property=\"og:title\" content=\"TIENDA SINCHI: Rap\u00e9 con Yopo del Amazonas\" \/>\n<meta property=\"og:description\" content=\"El rap\u00e9 Yopo tiene semillas de Yopo, Los ind\u00edgenas Piaroa las usan en la elaboraci\u00f3n de rap\u00e9; Tambi\u00e9n se usa en Paraguay y entre los ind\u00edgenas Mataco.\" \/>\n<meta property=\"og:url\" content=\"https:\/\/www.sinchisinchi.com\/es\/producto\/rape-yopo\/\" \/>\n<meta property=\"og:site_name\" content=\"SINCHI RAP\u00c9\" \/>\n<meta property=\"article:publisher\" content=\"https:\/\/www.facebook.com\/sinchirape\/\" \/>\n<meta property=\"article:modified_time\" content=\"2026-01-13T08:20:13+00:00\" \/>\n<meta property=\"og:image\" content=\"https:\/\/www.sinchisinchi.com\/wp-content\/uploads\/2023\/10\/21-Yopo.jpg\" \/>\n\t<meta property=\"og:image:width\" content=\"700\" \/>\n\t<meta property=\"og:image:height\" content=\"700\" \/>\n\t<meta property=\"og:image:type\" content=\"image\/jpeg\" \/>\n<meta name=\"twitter:card\" content=\"summary_large_image\" \/>\n<meta name=\"twitter:label1\" content=\"Tiempo de lectura\" \/>\n\t<meta name=\"twitter:data1\" content=\"2 minutos\" \/>\n<script type=\"application\/ld+json\" class=\"yoast-schema-graph\">{\"@context\":\"https:\\\/\\\/schema.org\",\"@graph\":[{\"@type\":\"WebPage\",\"@id\":\"https:\\\/\\\/www.sinchisinchi.com\\\/es\\\/producto\\\/rape-yopo\\\/\",\"url\":\"https:\\\/\\\/www.sinchisinchi.com\\\/es\\\/producto\\\/rape-yopo\\\/\",\"name\":\"TIENDA SINCHI: Rap\u00e9 con Yopo del Amazonas\",\"isPartOf\":{\"@id\":\"https:\\\/\\\/www.sinchisinchi.com\\\/es\\\/#website\"},\"primaryImageOfPage\":{\"@id\":\"https:\\\/\\\/www.sinchisinchi.com\\\/es\\\/producto\\\/rape-yopo\\\/#primaryimage\"},\"image\":{\"@id\":\"https:\\\/\\\/www.sinchisinchi.com\\\/es\\\/producto\\\/rape-yopo\\\/#primaryimage\"},\"thumbnailUrl\":\"https:\\\/\\\/www.sinchisinchi.com\\\/wp-content\\\/uploads\\\/2023\\\/10\\\/21-Yopo.jpg\",\"datePublished\":\"2023-10-19T19:57:44+00:00\",\"dateModified\":\"2026-01-13T08:20:13+00:00\",\"description\":\"El rap\u00e9 Yopo tiene semillas de Yopo, Los ind\u00edgenas Piaroa las usan en la elaboraci\u00f3n de rap\u00e9; Tambi\u00e9n se usa en Paraguay y entre los ind\u00edgenas Mataco.\",\"breadcrumb\":{\"@id\":\"https:\\\/\\\/www.sinchisinchi.com\\\/es\\\/producto\\\/rape-yopo\\\/#breadcrumb\"},\"inLanguage\":\"es\",\"potentialAction\":[{\"@type\":\"ReadAction\",\"target\":[\"https:\\\/\\\/www.sinchisinchi.com\\\/es\\\/producto\\\/rape-yopo\\\/\"]}]},{\"@type\":\"ImageObject\",\"inLanguage\":\"es\",\"@id\":\"https:\\\/\\\/www.sinchisinchi.com\\\/es\\\/producto\\\/rape-yopo\\\/#primaryimage\",\"url\":\"https:\\\/\\\/www.sinchisinchi.com\\\/wp-content\\\/uploads\\\/2023\\\/10\\\/21-Yopo.jpg\",\"contentUrl\":\"https:\\\/\\\/www.sinchisinchi.com\\\/wp-content\\\/uploads\\\/2023\\\/10\\\/21-Yopo.jpg\",\"width\":700,\"height\":700},{\"@type\":\"BreadcrumbList\",\"@id\":\"https:\\\/\\\/www.sinchisinchi.com\\\/es\\\/producto\\\/rape-yopo\\\/#breadcrumb\",\"itemListElement\":[{\"@type\":\"ListItem\",\"position\":1,\"name\":\"Prima pagina\",\"item\":\"https:\\\/\\\/www.sinchisinchi.com\\\/es\\\/\"},{\"@type\":\"ListItem\",\"position\":2,\"name\":\"Productos\",\"item\":\"https:\\\/\\\/www.sinchisinchi.com\\\/es\\\/shop\\\/\"},{\"@type\":\"ListItem\",\"position\":3,\"name\":\"Rap\u00e9 Yopo\"}]},{\"@type\":\"WebSite\",\"@id\":\"https:\\\/\\\/www.sinchisinchi.com\\\/es\\\/#website\",\"url\":\"https:\\\/\\\/www.sinchisinchi.com\\\/es\\\/\",\"name\":\"SINCHI\",\"description\":\"Sinchi Medicine\",\"publisher\":{\"@id\":\"https:\\\/\\\/www.sinchisinchi.com\\\/es\\\/#organization\"},\"potentialAction\":[{\"@type\":\"SearchAction\",\"target\":{\"@type\":\"EntryPoint\",\"urlTemplate\":\"https:\\\/\\\/www.sinchisinchi.com\\\/es\\\/?s={search_term_string}\"},\"query-input\":{\"@type\":\"PropertyValueSpecification\",\"valueRequired\":true,\"valueName\":\"search_term_string\"}}],\"inLanguage\":\"es\"},{\"@type\":\"Organization\",\"@id\":\"https:\\\/\\\/www.sinchisinchi.com\\\/es\\\/#organization\",\"name\":\"SINCHI S.L\",\"url\":\"https:\\\/\\\/www.sinchisinchi.com\\\/es\\\/\",\"logo\":{\"@type\":\"ImageObject\",\"inLanguage\":\"es\",\"@id\":\"https:\\\/\\\/www.sinchisinchi.com\\\/es\\\/#\\\/schema\\\/logo\\\/image\\\/\",\"url\":\"https:\\\/\\\/www.sinchisinchi.com\\\/wp-content\\\/uploads\\\/2026\\\/01\\\/3b-Verde-SIMPLIFICADO-HORIZONTAL-F-TRANSPARENTE-scaled.png\",\"contentUrl\":\"https:\\\/\\\/www.sinchisinchi.com\\\/wp-content\\\/uploads\\\/2026\\\/01\\\/3b-Verde-SIMPLIFICADO-HORIZONTAL-F-TRANSPARENTE-scaled.png\",\"width\":2560,\"height\":457,\"caption\":\"SINCHI S.L\"},\"image\":{\"@id\":\"https:\\\/\\\/www.sinchisinchi.com\\\/es\\\/#\\\/schema\\\/logo\\\/image\\\/\"},\"sameAs\":[\"https:\\\/\\\/www.facebook.com\\\/sinchirape\\\/\",\"https:\\\/\\\/www.instagram.com\\\/sinchi_rape\\\/\"]}]}<\/script>\n<!-- \/ Yoast SEO plugin. -->","yoast_head_json":{"title":"TIENDA SINCHI: Rap\u00e9 con Yopo del Amazonas","description":"El rap\u00e9 Yopo tiene semillas de Yopo, Los ind\u00edgenas Piaroa las usan en la elaboraci\u00f3n de rap\u00e9; Tambi\u00e9n se usa en Paraguay y entre los ind\u00edgenas Mataco.","robots":{"index":"index","follow":"follow","max-snippet":"max-snippet:-1","max-image-preview":"max-image-preview:large","max-video-preview":"max-video-preview:-1"},"canonical":"https:\/\/www.sinchisinchi.com\/es\/producto\/rape-yopo\/","og_locale":"es_ES","og_type":"article","og_title":"TIENDA SINCHI: Rap\u00e9 con Yopo del Amazonas","og_description":"El rap\u00e9 Yopo tiene semillas de Yopo, Los ind\u00edgenas Piaroa las usan en la elaboraci\u00f3n de rap\u00e9; Tambi\u00e9n se usa en Paraguay y entre los ind\u00edgenas Mataco.","og_url":"https:\/\/www.sinchisinchi.com\/es\/producto\/rape-yopo\/","og_site_name":"SINCHI RAP\u00c9","article_publisher":"https:\/\/www.facebook.com\/sinchirape\/","article_modified_time":"2026-01-13T08:20:13+00:00","og_image":[{"width":700,"height":700,"url":"https:\/\/www.sinchisinchi.com\/wp-content\/uploads\/2023\/10\/21-Yopo.jpg","type":"image\/jpeg"}],"twitter_card":"summary_large_image","twitter_misc":{"Tiempo de lectura":"2 minutos"},"schema":{"@context":"https:\/\/schema.org","@graph":[{"@type":"WebPage","@id":"https:\/\/www.sinchisinchi.com\/es\/producto\/rape-yopo\/","url":"https:\/\/www.sinchisinchi.com\/es\/producto\/rape-yopo\/","name":"TIENDA SINCHI: Rap\u00e9 con Yopo del Amazonas","isPartOf":{"@id":"https:\/\/www.sinchisinchi.com\/es\/#website"},"primaryImageOfPage":{"@id":"https:\/\/www.sinchisinchi.com\/es\/producto\/rape-yopo\/#primaryimage"},"image":{"@id":"https:\/\/www.sinchisinchi.com\/es\/producto\/rape-yopo\/#primaryimage"},"thumbnailUrl":"https:\/\/www.sinchisinchi.com\/wp-content\/uploads\/2023\/10\/21-Yopo.jpg","datePublished":"2023-10-19T19:57:44+00:00","dateModified":"2026-01-13T08:20:13+00:00","description":"El rap\u00e9 Yopo tiene semillas de Yopo, Los ind\u00edgenas Piaroa las usan en la elaboraci\u00f3n de rap\u00e9; Tambi\u00e9n se usa en Paraguay y entre los ind\u00edgenas Mataco.","breadcrumb":{"@id":"https:\/\/www.sinchisinchi.com\/es\/producto\/rape-yopo\/#breadcrumb"},"inLanguage":"es","potentialAction":[{"@type":"ReadAction","target":["https:\/\/www.sinchisinchi.com\/es\/producto\/rape-yopo\/"]}]},{"@type":"ImageObject","inLanguage":"es","@id":"https:\/\/www.sinchisinchi.com\/es\/producto\/rape-yopo\/#primaryimage","url":"https:\/\/www.sinchisinchi.com\/wp-content\/uploads\/2023\/10\/21-Yopo.jpg","contentUrl":"https:\/\/www.sinchisinchi.com\/wp-content\/uploads\/2023\/10\/21-Yopo.jpg","width":700,"height":700},{"@type":"BreadcrumbList","@id":"https:\/\/www.sinchisinchi.com\/es\/producto\/rape-yopo\/#breadcrumb","itemListElement":[{"@type":"ListItem","position":1,"name":"Prima pagina","item":"https:\/\/www.sinchisinchi.com\/es\/"},{"@type":"ListItem","position":2,"name":"Productos","item":"https:\/\/www.sinchisinchi.com\/es\/shop\/"},{"@type":"ListItem","position":3,"name":"Rap\u00e9 Yopo"}]},{"@type":"WebSite","@id":"https:\/\/www.sinchisinchi.com\/es\/#website","url":"https:\/\/www.sinchisinchi.com\/es\/","name":"SINCHI","description":"Sinchi Medicine","publisher":{"@id":"https:\/\/www.sinchisinchi.com\/es\/#organization"},"potentialAction":[{"@type":"SearchAction","target":{"@type":"EntryPoint","urlTemplate":"https:\/\/www.sinchisinchi.com\/es\/?s={search_term_string}"},"query-input":{"@type":"PropertyValueSpecification","valueRequired":true,"valueName":"search_term_string"}}],"inLanguage":"es"},{"@type":"Organization","@id":"https:\/\/www.sinchisinchi.com\/es\/#organization","name":"SINCHI S.L","url":"https:\/\/www.sinchisinchi.com\/es\/","logo":{"@type":"ImageObject","inLanguage":"es","@id":"https:\/\/www.sinchisinchi.com\/es\/#\/schema\/logo\/image\/","url":"https:\/\/www.sinchisinchi.com\/wp-content\/uploads\/2026\/01\/3b-Verde-SIMPLIFICADO-HORIZONTAL-F-TRANSPARENTE-scaled.png","contentUrl":"https:\/\/www.sinchisinchi.com\/wp-content\/uploads\/2026\/01\/3b-Verde-SIMPLIFICADO-HORIZONTAL-F-TRANSPARENTE-scaled.png","width":2560,"height":457,"caption":"SINCHI S.L"},"image":{"@id":"https:\/\/www.sinchisinchi.com\/es\/#\/schema\/logo\/image\/"},"sameAs":["https:\/\/www.facebook.com\/sinchirape\/","https:\/\/www.instagram.com\/sinchi_rape\/"]}]}},"_links":{"self":[{"href":"https:\/\/www.sinchisinchi.com\/es\/wp-json\/wp\/v2\/product\/9923","targetHints":{"allow":["GET"]}}],"collection":[{"href":"https:\/\/www.sinchisinchi.com\/es\/wp-json\/wp\/v2\/product"}],"about":[{"href":"https:\/\/www.sinchisinchi.com\/es\/wp-json\/wp\/v2\/types\/product"}],"wp:featuredmedia":[{"embeddable":true,"href":"https:\/\/www.sinchisinchi.com\/es\/wp-json\/wp\/v2\/media\/11747"}],"wp:attachment":[{"href":"https:\/\/www.sinchisinchi.com\/es\/wp-json\/wp\/v2\/media?parent=9923"}],"wp:term":[{"taxonomy":"product_brand","embeddable":true,"href":"https:\/\/www.sinchisinchi.com\/es\/wp-json\/wp\/v2\/product_brand?post=9923"},{"taxonomy":"product_cat","embeddable":true,"href":"https:\/\/www.sinchisinchi.com\/es\/wp-json\/wp\/v2\/product_cat?post=9923"},{"taxonomy":"product_tag","embeddable":true,"href":"https:\/\/www.sinchisinchi.com\/es\/wp-json\/wp\/v2\/product_tag?post=9923"}],"curies":[{"name":"wp","href":"https:\/\/api.w.org\/{rel}","templated":true}]}}