{"id":9937,"date":"2023-10-19T20:23:28","date_gmt":"2023-10-19T20:23:28","guid":{"rendered":"https:\/\/www.sinchisinchi.com\/?post_type=product&#038;p=9937"},"modified":"2026-02-12T13:22:36","modified_gmt":"2026-02-12T13:22:36","slug":"rape-katukina-cactus","status":"publish","type":"product","link":"https:\/\/www.sinchisinchi.com\/es\/producto\/rape-katukina-cactus\/","title":{"rendered":"Cactus"},"content":{"rendered":"<a href=\"https:\/\/www.sinchisinchi.com\/es\/producto\/rape-cactus-50gr\/\" target=\"_blank\" class=\"button secondary is-larger lowercase expand\" rel=\"noopener\" style=\"border-radius:10px;\">\n\t\t<span>Tama\u00f1o Mediano: 50g<\/span>\n\t<\/a>\n\n<a href=\"https:\/\/www.sinchisinchi.com\/es\/producto\/rape-cactus-100gr\/\" target=\"_blank\" class=\"button secondary is-larger lowercase expand\" rel=\"noopener\" style=\"border-radius:10px;\">\n\t\t<span>Tama\u00f1o Grande: 100g<\/span>\n\t<\/a>\n\n\t<div id=\"gap-483276913\" class=\"gap-element clearfix\" style=\"display:block; height:auto;\">\n\t\t\n<style>\n#gap-483276913 {\n  padding-top: 30px;\n}\n<\/style>\n\t<\/div>\n\t\n\n  <div class=\"banner has-hover\" id=\"banner-97535153\">\n          <div class=\"banner-inner fill\">\n        <div class=\"banner-bg fill\" >\n            <img loading=\"lazy\" decoding=\"async\" width=\"878\" height=\"1024\" src=\"https:\/\/www.sinchisinchi.com\/wp-content\/uploads\/2024\/11\/1-4-Katukina-Tribu-Noke-Koi-878x1024.png\" class=\"bg attachment-large size-large\" alt=\"\" \/>                        <div class=\"overlay\"><\/div>            \n                    <\/div>\n\t\t\n        <div class=\"banner-layers container\">\n            <div class=\"fill banner-link\"><\/div>            \n   <div id=\"text-box-506878690\" class=\"text-box banner-layer x5 md-x5 lg-x5 y50 md-y50 lg-y50 res-text\">\n                                <div class=\"text-box-content text box-shadow-3\">\n              \n              <div class=\"text-inner text-left\">\n                  \n<h2 class=\"uppercase\"><strong>TRIBU<\/strong><\/h2>\n<h3>Katukina &#8211; Noke Koi<\/h3>\n<p>Los Katukina pertenecien a la familia ling\u00fc\u00edstica \u201cPano\u201d, familia que comparten con otros grupos \u00e9tnicos como los Huni Kuin o los Yawanaw\u00e1s. Ellos prefieren autodenominarse Noke Koi: \u201cGente verdadera\u201d.<\/p>\n<a href=\"https:\/\/www.sinchisinchi.com\/es\/tribus\/rape-katukina-noke-koi\/\" target=\"_blank\" class=\"button primary is-underline is-larger expand\" rel=\"noopener\" >\n\t\t<span>Tribu<\/span>\n\t<\/a>\n\n              <\/div>\n           <\/div>\n                            \n<style>\n#text-box-506878690 .text-box-content {\n  background-color: rgb(255, 255, 255);\n  font-size: 100%;\n}\n#text-box-506878690 .text-inner {\n  padding: 30px 30px 30px 30px;\n}\n#text-box-506878690 {\n  width: 60%;\n}\n@media (min-width:550px) {\n  #text-box-506878690 {\n    width: 40%;\n  }\n}\n<\/style>\n    <\/div>\n \n        <\/div>\n      <\/div>\n\n              <div class=\"height-fix is-invisible\"><img loading=\"lazy\" decoding=\"async\" width=\"878\" height=\"1024\" src=\"https:\/\/www.sinchisinchi.com\/wp-content\/uploads\/2024\/11\/1-4-Katukina-Tribu-Noke-Koi-878x1024.png\" class=\"attachment-large size-large\" alt=\"\" srcset=\"https:\/\/www.sinchisinchi.com\/wp-content\/uploads\/2024\/11\/1-4-Katukina-Tribu-Noke-Koi-878x1024.png 878w, https:\/\/www.sinchisinchi.com\/wp-content\/uploads\/2024\/11\/1-4-Katukina-Tribu-Noke-Koi-514x600.png 514w, https:\/\/www.sinchisinchi.com\/wp-content\/uploads\/2024\/11\/1-4-Katukina-Tribu-Noke-Koi-768x896.png 768w, https:\/\/www.sinchisinchi.com\/wp-content\/uploads\/2024\/11\/1-4-Katukina-Tribu-Noke-Koi-1317x1536.png 1317w, https:\/\/www.sinchisinchi.com\/wp-content\/uploads\/2024\/11\/1-4-Katukina-Tribu-Noke-Koi-247x288.png 247w, https:\/\/www.sinchisinchi.com\/wp-content\/uploads\/2024\/11\/1-4-Katukina-Tribu-Noke-Koi-510x595.png 510w, https:\/\/www.sinchisinchi.com\/wp-content\/uploads\/2024\/11\/1-4-Katukina-Tribu-Noke-Koi.png 1400w\" sizes=\"auto, (max-width: 878px) 100vw, 878px\" \/><\/div>\n            \n<style>\n#banner-97535153 .overlay {\n  background-color: rgba(190, 190, 190, 0.2);\n}\n#banner-97535153 {\n  background-color: rgb(255, 255, 255);\n}\n<\/style>\n  <\/div>\n\n\n\t<div id=\"gap-595169579\" class=\"gap-element clearfix\" style=\"display:block; height:auto;\">\n\t\t\n<style>\n#gap-595169579 {\n  padding-top: 50px;\n}\n<\/style>\n\t<\/div>\n\t\n<h2 style=\"text-align: center;\">Ingredientes de la variedad:<\/h2>\n<p style=\"font-weight: 400; text-align: center;\"><strong>El cactus Dama de la Noche<\/strong><\/p>\n<p style=\"font-weight: 400;\">La <strong>Dama de la Noche (Selenicereus grandiflorus)<\/strong> es una especie de cactus muy hermoso, enigm\u00e1tico y ex\u00f3tico.<\/p>\n<p style=\"font-weight: 400;\">Sus flores tienen un aroma exquisito, y una vez florecidas, solo duran <strong>una noche<\/strong>. Al caer la tarde, la flor de la Dama de la Noche abre lentamente sus p\u00e9talos hacia la luna, y cuando el alba comienza a iluminar el cielo y aparecen los primeros rayos de sol, las flores se marchitan y caen.<\/p>\n<p style=\"font-weight: 400;\">La Dama de la Noche tiene importantes propiedades para la salud, y es utilizado de muchas formas por las tribus nativas.<\/p>\n<p style=\"font-weight: 400;\">El cactus Dama de la Noche, es conocido por estimular la circulaci\u00f3n sangu\u00ednea en el cerebro, potenciando y mejorando el funcionamiento de los neurotransmisores.<\/p>\n<p style=\"font-weight: 400;\">Tambi\u00e9n es conocido por ayudar con las enfermedades del coraz\u00f3n, adem\u00e1s de por ser efectivo contra dolores de cabeza, dolores reum\u00e1ticos, problemas respiratorios, erupciones en la piel y diabetes.<\/p>\n<p>&nbsp;<\/p>\n<p style=\"font-weight: 400; text-align: center;\"><strong>El \u00e1rbol Murici <\/strong><\/p>\n<p style=\"font-weight: 400;\"><strong>Murici (Byrsonima crassifolia)<\/strong> es un \u00e1rbol con propiedades curativas muy interesantes y diversas, adem\u00e1s de tener unos frutos deliciosos. Se planta para repoblar suelos est\u00e9riles o quemados; es un \u00e1rbol que despierta la vida, reviviendo lo que aparentaba estar muerto.<\/p>\n<p style=\"font-weight: 400;\">La corteza del \u00e1rbol Murici es antiinflamatoria, antipir\u00e9tica y laxante; se usa para tratar la disenter\u00eda, la tos y las mordeduras de serpientes (como ant\u00eddoto); ayuda a la menstruaci\u00f3n y los problemas vaginales.<\/p>\n<p style=\"font-weight: 400;\">En su uso t\u00f3pico, la corteza se utiliza para tratar heridas, infecciones de la piel y \u00falceras. Sus hojas en infusi\u00f3n se usan para tratar la tensi\u00f3n arterial baja.<\/p>\n","protected":false},"excerpt":{"rendered":"<p style=\"font-weight: 400;\">El Rap\u00e9 Katukina Cactus es elaborado con ceniza de Murici, mapacho, Sabi\u00e1 y una variedad de cactus llamada Dama da Noite (Dama de la noche, llamada as\u00ed ya que florece de noche).<\/p>\n<p style=\"font-weight: 400;\">Katukina Cactus es una variedad de Rap\u00e9 poco habitual y sorprendente, notablemente arom\u00e1tica, con efectos diversos gracias a su composici\u00f3n \u00fanica.<\/p>\n<p style=\"font-weight: 400;\">La Dama de la Noche act\u00faa sobre el chakra de la corona y estimula la conexi\u00f3n con los planos superiores, fortaleciendo la intuici\u00f3n y el entendimiento.<\/p>\n<p style=\"font-weight: 400;\">Por otro lado, las cenizas de Murici llevan a tierra, armonizando y equilibrando el chakra base.<\/p>\n<p style=\"font-weight: 400;\">Rap\u00e9 Cactus reestablece la conexi\u00f3n del meridiano de energ\u00eda que pasa por todos los chakras, desde el base hasta el de la corona, despej\u00e1ndolo de bloqueos. Ayuda a armonizar e integrar lo externo con lo interno.<\/p>\n<p style=\"font-weight: 400;\">Esta variedad estimula fuertemente la sanaci\u00f3n y ayuda a soltar lo viejo y purificar la energ\u00eda para recibir lo nuevo.<\/p>\n<p style=\"font-weight: 400;\">Los Katukina recomiendan comenzar la relaci\u00f3n con esta variedad con peque\u00f1as cantidades y no usarlo con excesiva frecuencia.\u00a0 El Rap\u00e9 Cactus es mejor usarlo cuando ha anochecido; al igual que la propia Dama de la Noche, es cuando ofrece todo su potencial.<\/p>\n","protected":false},"featured_media":11779,"template":"","meta":{"_joinchat":[]},"product_brand":[],"product_cat":[206],"product_tag":[],"class_list":{"0":"post-9937","1":"product","2":"type-product","3":"status-publish","4":"has-post-thumbnail","6":"product_cat-katukina","8":"first","9":"instock","10":"taxable","11":"shipping-taxable","12":"purchasable","13":"product-type-simple"},"yoast_head":"<!-- This site is optimized with the Yoast SEO plugin v27.1.1 - https:\/\/yoast.com\/product\/yoast-seo-wordpress\/ -->\n<title>SINCHI: Rap\u00e9 Cactus de la tribu Amaz\u00f3nica Katukina<\/title>\n<meta name=\"description\" content=\"Katukina Cactus es una variedad de Rap\u00e9 poco habitual y sorprendente, notablemente arom\u00e1tica, con efectos diversos gracias a su composici\u00f3n \u00fanica.\" \/>\n<meta name=\"robots\" content=\"index, follow, max-snippet:-1, max-image-preview:large, max-video-preview:-1\" \/>\n<link rel=\"canonical\" href=\"https:\/\/www.sinchisinchi.com\/es\/producto\/rape-katukina-cactus\/\" \/>\n<meta property=\"og:locale\" content=\"es_ES\" \/>\n<meta property=\"og:type\" content=\"article\" \/>\n<meta property=\"og:title\" content=\"SINCHI: Rap\u00e9 Cactus de la tribu Amaz\u00f3nica Katukina\" \/>\n<meta property=\"og:description\" content=\"Katukina Cactus es una variedad de Rap\u00e9 poco habitual y sorprendente, notablemente arom\u00e1tica, con efectos diversos gracias a su composici\u00f3n \u00fanica.\" \/>\n<meta property=\"og:url\" content=\"https:\/\/www.sinchisinchi.com\/es\/producto\/rape-katukina-cactus\/\" \/>\n<meta property=\"og:site_name\" content=\"SINCHI RAP\u00c9\" \/>\n<meta property=\"article:publisher\" content=\"https:\/\/www.facebook.com\/sinchirape\/\" \/>\n<meta property=\"article:modified_time\" content=\"2026-02-12T13:22:36+00:00\" \/>\n<meta property=\"og:image\" content=\"https:\/\/www.sinchisinchi.com\/wp-content\/uploads\/2023\/10\/2-Cactus.jpg\" \/>\n\t<meta property=\"og:image:width\" content=\"700\" \/>\n\t<meta property=\"og:image:height\" content=\"700\" \/>\n\t<meta property=\"og:image:type\" content=\"image\/jpeg\" \/>\n<meta name=\"twitter:card\" content=\"summary_large_image\" \/>\n<meta name=\"twitter:label1\" content=\"Tiempo de lectura\" \/>\n\t<meta name=\"twitter:data1\" content=\"2 minutos\" \/>\n<script type=\"application\/ld+json\" class=\"yoast-schema-graph\">{\"@context\":\"https:\/\/schema.org\",\"@graph\":[{\"@type\":\"WebPage\",\"@id\":\"https:\/\/www.sinchisinchi.com\/es\/producto\/rape-katukina-cactus\/\",\"url\":\"https:\/\/www.sinchisinchi.com\/es\/producto\/rape-katukina-cactus\/\",\"name\":\"SINCHI: Rap\u00e9 Cactus de la tribu Amaz\u00f3nica Katukina\",\"isPartOf\":{\"@id\":\"https:\/\/www.sinchisinchi.com\/es\/#website\"},\"primaryImageOfPage\":{\"@id\":\"https:\/\/www.sinchisinchi.com\/es\/producto\/rape-katukina-cactus\/#primaryimage\"},\"image\":{\"@id\":\"https:\/\/www.sinchisinchi.com\/es\/producto\/rape-katukina-cactus\/#primaryimage\"},\"thumbnailUrl\":\"https:\/\/www.sinchisinchi.com\/wp-content\/uploads\/2023\/10\/2-Cactus.jpg\",\"datePublished\":\"2023-10-19T20:23:28+00:00\",\"dateModified\":\"2026-02-12T13:22:36+00:00\",\"description\":\"Katukina Cactus es una variedad de Rap\u00e9 poco habitual y sorprendente, notablemente arom\u00e1tica, con efectos diversos gracias a su composici\u00f3n \u00fanica.\",\"breadcrumb\":{\"@id\":\"https:\/\/www.sinchisinchi.com\/es\/producto\/rape-katukina-cactus\/#breadcrumb\"},\"inLanguage\":\"es\",\"potentialAction\":[{\"@type\":\"ReadAction\",\"target\":[\"https:\/\/www.sinchisinchi.com\/es\/producto\/rape-katukina-cactus\/\"]}]},{\"@type\":\"ImageObject\",\"inLanguage\":\"es\",\"@id\":\"https:\/\/www.sinchisinchi.com\/es\/producto\/rape-katukina-cactus\/#primaryimage\",\"url\":\"https:\/\/www.sinchisinchi.com\/wp-content\/uploads\/2023\/10\/2-Cactus.jpg\",\"contentUrl\":\"https:\/\/www.sinchisinchi.com\/wp-content\/uploads\/2023\/10\/2-Cactus.jpg\",\"width\":700,\"height\":700},{\"@type\":\"BreadcrumbList\",\"@id\":\"https:\/\/www.sinchisinchi.com\/es\/producto\/rape-katukina-cactus\/#breadcrumb\",\"itemListElement\":[{\"@type\":\"ListItem\",\"position\":1,\"name\":\"Prima pagina\",\"item\":\"https:\/\/www.sinchisinchi.com\/es\/\"},{\"@type\":\"ListItem\",\"position\":2,\"name\":\"Productos\",\"item\":\"https:\/\/www.sinchisinchi.com\/es\/shop\/\"},{\"@type\":\"ListItem\",\"position\":3,\"name\":\"Cactus\"}]},{\"@type\":\"WebSite\",\"@id\":\"https:\/\/www.sinchisinchi.com\/es\/#website\",\"url\":\"https:\/\/www.sinchisinchi.com\/es\/\",\"name\":\"SINCHI\",\"description\":\"Sinchi Medicine\",\"publisher\":{\"@id\":\"https:\/\/www.sinchisinchi.com\/es\/#organization\"},\"potentialAction\":[{\"@type\":\"SearchAction\",\"target\":{\"@type\":\"EntryPoint\",\"urlTemplate\":\"https:\/\/www.sinchisinchi.com\/es\/?s={search_term_string}\"},\"query-input\":{\"@type\":\"PropertyValueSpecification\",\"valueRequired\":true,\"valueName\":\"search_term_string\"}}],\"inLanguage\":\"es\"},{\"@type\":\"Organization\",\"@id\":\"https:\/\/www.sinchisinchi.com\/es\/#organization\",\"name\":\"SINCHI S.L\",\"url\":\"https:\/\/www.sinchisinchi.com\/es\/\",\"logo\":{\"@type\":\"ImageObject\",\"inLanguage\":\"es\",\"@id\":\"https:\/\/www.sinchisinchi.com\/es\/#\/schema\/logo\/image\/\",\"url\":\"https:\/\/www.sinchisinchi.com\/wp-content\/uploads\/2026\/01\/3b-Verde-SIMPLIFICADO-HORIZONTAL-F-TRANSPARENTE-scaled.png\",\"contentUrl\":\"https:\/\/www.sinchisinchi.com\/wp-content\/uploads\/2026\/01\/3b-Verde-SIMPLIFICADO-HORIZONTAL-F-TRANSPARENTE-scaled.png\",\"width\":2560,\"height\":457,\"caption\":\"SINCHI S.L\"},\"image\":{\"@id\":\"https:\/\/www.sinchisinchi.com\/es\/#\/schema\/logo\/image\/\"},\"sameAs\":[\"https:\/\/www.facebook.com\/sinchirape\/\",\"https:\/\/www.instagram.com\/sinchi_rape\/\"]}]}<\/script>\n<!-- \/ Yoast SEO plugin. -->","yoast_head_json":{"title":"SINCHI: Rap\u00e9 Cactus de la tribu Amaz\u00f3nica Katukina","description":"Katukina Cactus es una variedad de Rap\u00e9 poco habitual y sorprendente, notablemente arom\u00e1tica, con efectos diversos gracias a su composici\u00f3n \u00fanica.","robots":{"index":"index","follow":"follow","max-snippet":"max-snippet:-1","max-image-preview":"max-image-preview:large","max-video-preview":"max-video-preview:-1"},"canonical":"https:\/\/www.sinchisinchi.com\/es\/producto\/rape-katukina-cactus\/","og_locale":"es_ES","og_type":"article","og_title":"SINCHI: Rap\u00e9 Cactus de la tribu Amaz\u00f3nica Katukina","og_description":"Katukina Cactus es una variedad de Rap\u00e9 poco habitual y sorprendente, notablemente arom\u00e1tica, con efectos diversos gracias a su composici\u00f3n \u00fanica.","og_url":"https:\/\/www.sinchisinchi.com\/es\/producto\/rape-katukina-cactus\/","og_site_name":"SINCHI RAP\u00c9","article_publisher":"https:\/\/www.facebook.com\/sinchirape\/","article_modified_time":"2026-02-12T13:22:36+00:00","og_image":[{"width":700,"height":700,"url":"https:\/\/www.sinchisinchi.com\/wp-content\/uploads\/2023\/10\/2-Cactus.jpg","type":"image\/jpeg"}],"twitter_card":"summary_large_image","twitter_misc":{"Tiempo de lectura":"2 minutos"},"schema":{"@context":"https:\/\/schema.org","@graph":[{"@type":"WebPage","@id":"https:\/\/www.sinchisinchi.com\/es\/producto\/rape-katukina-cactus\/","url":"https:\/\/www.sinchisinchi.com\/es\/producto\/rape-katukina-cactus\/","name":"SINCHI: Rap\u00e9 Cactus de la tribu Amaz\u00f3nica Katukina","isPartOf":{"@id":"https:\/\/www.sinchisinchi.com\/es\/#website"},"primaryImageOfPage":{"@id":"https:\/\/www.sinchisinchi.com\/es\/producto\/rape-katukina-cactus\/#primaryimage"},"image":{"@id":"https:\/\/www.sinchisinchi.com\/es\/producto\/rape-katukina-cactus\/#primaryimage"},"thumbnailUrl":"https:\/\/www.sinchisinchi.com\/wp-content\/uploads\/2023\/10\/2-Cactus.jpg","datePublished":"2023-10-19T20:23:28+00:00","dateModified":"2026-02-12T13:22:36+00:00","description":"Katukina Cactus es una variedad de Rap\u00e9 poco habitual y sorprendente, notablemente arom\u00e1tica, con efectos diversos gracias a su composici\u00f3n \u00fanica.","breadcrumb":{"@id":"https:\/\/www.sinchisinchi.com\/es\/producto\/rape-katukina-cactus\/#breadcrumb"},"inLanguage":"es","potentialAction":[{"@type":"ReadAction","target":["https:\/\/www.sinchisinchi.com\/es\/producto\/rape-katukina-cactus\/"]}]},{"@type":"ImageObject","inLanguage":"es","@id":"https:\/\/www.sinchisinchi.com\/es\/producto\/rape-katukina-cactus\/#primaryimage","url":"https:\/\/www.sinchisinchi.com\/wp-content\/uploads\/2023\/10\/2-Cactus.jpg","contentUrl":"https:\/\/www.sinchisinchi.com\/wp-content\/uploads\/2023\/10\/2-Cactus.jpg","width":700,"height":700},{"@type":"BreadcrumbList","@id":"https:\/\/www.sinchisinchi.com\/es\/producto\/rape-katukina-cactus\/#breadcrumb","itemListElement":[{"@type":"ListItem","position":1,"name":"Prima pagina","item":"https:\/\/www.sinchisinchi.com\/es\/"},{"@type":"ListItem","position":2,"name":"Productos","item":"https:\/\/www.sinchisinchi.com\/es\/shop\/"},{"@type":"ListItem","position":3,"name":"Cactus"}]},{"@type":"WebSite","@id":"https:\/\/www.sinchisinchi.com\/es\/#website","url":"https:\/\/www.sinchisinchi.com\/es\/","name":"SINCHI","description":"Sinchi Medicine","publisher":{"@id":"https:\/\/www.sinchisinchi.com\/es\/#organization"},"potentialAction":[{"@type":"SearchAction","target":{"@type":"EntryPoint","urlTemplate":"https:\/\/www.sinchisinchi.com\/es\/?s={search_term_string}"},"query-input":{"@type":"PropertyValueSpecification","valueRequired":true,"valueName":"search_term_string"}}],"inLanguage":"es"},{"@type":"Organization","@id":"https:\/\/www.sinchisinchi.com\/es\/#organization","name":"SINCHI S.L","url":"https:\/\/www.sinchisinchi.com\/es\/","logo":{"@type":"ImageObject","inLanguage":"es","@id":"https:\/\/www.sinchisinchi.com\/es\/#\/schema\/logo\/image\/","url":"https:\/\/www.sinchisinchi.com\/wp-content\/uploads\/2026\/01\/3b-Verde-SIMPLIFICADO-HORIZONTAL-F-TRANSPARENTE-scaled.png","contentUrl":"https:\/\/www.sinchisinchi.com\/wp-content\/uploads\/2026\/01\/3b-Verde-SIMPLIFICADO-HORIZONTAL-F-TRANSPARENTE-scaled.png","width":2560,"height":457,"caption":"SINCHI S.L"},"image":{"@id":"https:\/\/www.sinchisinchi.com\/es\/#\/schema\/logo\/image\/"},"sameAs":["https:\/\/www.facebook.com\/sinchirape\/","https:\/\/www.instagram.com\/sinchi_rape\/"]}]}},"_links":{"self":[{"href":"https:\/\/www.sinchisinchi.com\/es\/wp-json\/wp\/v2\/product\/9937","targetHints":{"allow":["GET"]}}],"collection":[{"href":"https:\/\/www.sinchisinchi.com\/es\/wp-json\/wp\/v2\/product"}],"about":[{"href":"https:\/\/www.sinchisinchi.com\/es\/wp-json\/wp\/v2\/types\/product"}],"wp:featuredmedia":[{"embeddable":true,"href":"https:\/\/www.sinchisinchi.com\/es\/wp-json\/wp\/v2\/media\/11779"}],"wp:attachment":[{"href":"https:\/\/www.sinchisinchi.com\/es\/wp-json\/wp\/v2\/media?parent=9937"}],"wp:term":[{"taxonomy":"product_brand","embeddable":true,"href":"https:\/\/www.sinchisinchi.com\/es\/wp-json\/wp\/v2\/product_brand?post=9937"},{"taxonomy":"product_cat","embeddable":true,"href":"https:\/\/www.sinchisinchi.com\/es\/wp-json\/wp\/v2\/product_cat?post=9937"},{"taxonomy":"product_tag","embeddable":true,"href":"https:\/\/www.sinchisinchi.com\/es\/wp-json\/wp\/v2\/product_tag?post=9937"}],"curies":[{"name":"wp","href":"https:\/\/api.w.org\/{rel}","templated":true}]}}