{"id":9950,"date":"2023-10-19T20:26:26","date_gmt":"2023-10-19T20:26:26","guid":{"rendered":"https:\/\/www.sinchisinchi.com\/?post_type=product&#038;p=9950"},"modified":"2026-02-12T13:27:03","modified_gmt":"2026-02-12T13:27:03","slug":"rape-katukina-eucalipto","status":"publish","type":"product","link":"https:\/\/www.sinchisinchi.com\/es\/producto\/rape-katukina-eucalipto\/","title":{"rendered":"Eucalipto"},"content":{"rendered":"\t<div id=\"gap-1173691672\" class=\"gap-element clearfix\" style=\"display:block; height:auto;\">\n\t\t\n<style>\n#gap-1173691672 {\n  padding-top: 30px;\n}\n<\/style>\n\t<\/div>\n\t\n<a href=\"https:\/\/www.sinchisinchi.com\/es\/producto\/rape-eucalipto-50gr\/\" target=\"_blank\" class=\"button secondary is-larger lowercase expand\" rel=\"noopener\" style=\"border-radius:10px;\">\n\t\t<span>Tama\u00f1o Mediano: 50g<\/span>\n\t<\/a>\n\n<a href=\"https:\/\/www.sinchisinchi.com\/es\/producto\/rape-eucalipto-100gr\/\" target=\"_blank\" class=\"button secondary is-larger lowercase expand\" rel=\"noopener\" style=\"border-radius:10px;\">\n\t\t<span>Tama\u00f1o Grande: 100g<\/span>\n\t<\/a>\n\n\t<div id=\"gap-2110548276\" class=\"gap-element clearfix\" style=\"display:block; height:auto;\">\n\t\t\n<style>\n#gap-2110548276 {\n  padding-top: 30px;\n}\n<\/style>\n\t<\/div>\n\t\n\n  <div class=\"banner has-hover\" id=\"banner-1240889563\">\n          <div class=\"banner-inner fill\">\n        <div class=\"banner-bg fill\" >\n            <img loading=\"lazy\" decoding=\"async\" width=\"878\" height=\"1024\" src=\"https:\/\/www.sinchisinchi.com\/wp-content\/uploads\/2024\/11\/1-4-Katukina-Tribu-Noke-Koi-878x1024.png\" class=\"bg attachment-large size-large\" alt=\"\" \/>                        <div class=\"overlay\"><\/div>            \n                    <\/div>\n\t\t\n        <div class=\"banner-layers container\">\n            <div class=\"fill banner-link\"><\/div>            \n   <div id=\"text-box-896994564\" class=\"text-box banner-layer x5 md-x5 lg-x5 y50 md-y50 lg-y50 res-text\">\n                                <div class=\"text-box-content text box-shadow-3\">\n              \n              <div class=\"text-inner text-left\">\n                  \n<h2 class=\"uppercase\"><strong>Tribu<\/strong><\/h2>\n<h3>Katukina &#8211; Noke Koi<\/h3>\n<p>Los Katukina pertenecien a la familia ling\u00fc\u00edstica \u201cPano\u201d, familia que comparten con otros grupos \u00e9tnicos como los Huni Kuin o los Yawanaw\u00e1s. Ellos prefieren autodenominarse Noke Koi: \u201cGente verdadera\u201d.<\/p>\n<a href=\"https:\/\/www.sinchisinchi.com\/es\/tribus\/rape-katukina-noke-koi\/\" target=\"_blank\" class=\"button primary is-underline is-larger expand\" rel=\"noopener\" >\n\t\t<span>Tribu<\/span>\n\t<\/a>\n\n              <\/div>\n           <\/div>\n                            \n<style>\n#text-box-896994564 .text-box-content {\n  background-color: rgb(255, 255, 255);\n  font-size: 100%;\n}\n#text-box-896994564 .text-inner {\n  padding: 30px 30px 30px 30px;\n}\n#text-box-896994564 {\n  width: 60%;\n}\n@media (min-width:550px) {\n  #text-box-896994564 {\n    width: 40%;\n  }\n}\n<\/style>\n    <\/div>\n \n        <\/div>\n      <\/div>\n\n              <div class=\"height-fix is-invisible\"><img loading=\"lazy\" decoding=\"async\" width=\"878\" height=\"1024\" src=\"https:\/\/www.sinchisinchi.com\/wp-content\/uploads\/2024\/11\/1-4-Katukina-Tribu-Noke-Koi-878x1024.png\" class=\"attachment-large size-large\" alt=\"\" srcset=\"https:\/\/www.sinchisinchi.com\/wp-content\/uploads\/2024\/11\/1-4-Katukina-Tribu-Noke-Koi-878x1024.png 878w, https:\/\/www.sinchisinchi.com\/wp-content\/uploads\/2024\/11\/1-4-Katukina-Tribu-Noke-Koi-514x600.png 514w, https:\/\/www.sinchisinchi.com\/wp-content\/uploads\/2024\/11\/1-4-Katukina-Tribu-Noke-Koi-768x896.png 768w, https:\/\/www.sinchisinchi.com\/wp-content\/uploads\/2024\/11\/1-4-Katukina-Tribu-Noke-Koi-1317x1536.png 1317w, https:\/\/www.sinchisinchi.com\/wp-content\/uploads\/2024\/11\/1-4-Katukina-Tribu-Noke-Koi-247x288.png 247w, https:\/\/www.sinchisinchi.com\/wp-content\/uploads\/2024\/11\/1-4-Katukina-Tribu-Noke-Koi-510x595.png 510w, https:\/\/www.sinchisinchi.com\/wp-content\/uploads\/2024\/11\/1-4-Katukina-Tribu-Noke-Koi.png 1400w\" sizes=\"auto, (max-width: 878px) 100vw, 878px\" \/><\/div>\n            \n<style>\n#banner-1240889563 .overlay {\n  background-color: rgba(190, 190, 190, 0.2);\n}\n#banner-1240889563 {\n  background-color: rgb(255, 255, 255);\n}\n<\/style>\n  <\/div>\n\n\n","protected":false},"excerpt":{"rendered":"<p style=\"font-weight: 400;\">El Rap\u00e9 Katukina Eucalipto es elaborado con <strong>cenizas de<\/strong> <strong>Eucalipto y Pau Pereira<\/strong>, una mezcla muy sutil con un aroma delicado y un efecto limpio y clarificante.<\/p>\n<p style=\"font-weight: 400;\">Seg\u00fan indican, ayuda a redireccionar la energ\u00eda hacia lo bello y positivo, a abrir nuevas puertas y senderos, resultando perfecto para eliminar bloqueos y reconectar con nuestra verdadera esencia.<\/p>\n<p style=\"font-weight: 400;\">Limpia, ordena, alinea los campos energ\u00e9ticos, ayuda a dar protecci\u00f3n y fortaleza.<\/p>\n<p style=\"font-weight: 400;\">El eucalipto es un \u00e1rbol que puede llegar a medir decenas de metros de altura, al llegar a lo m\u00e1s alto se dice que conecta y trae las energ\u00edas de lo m\u00e1s elevado. Es uno de los m\u00e1s efectivos limpiadores y protectores contra energ\u00edas densas y negativas.<\/p>\n<p>El \u00e1rbol Pao Pereira, o Pau Pereira, es originario de la selva amaz\u00f3nica, donde ha sido utilizado en la medicina tradicional y la cultura popular desde hace siglos.<\/p>\n","protected":false},"featured_media":11785,"template":"","meta":{"_joinchat":[]},"product_brand":[],"product_cat":[206],"product_tag":[],"class_list":{"0":"post-9950","1":"product","2":"type-product","3":"status-publish","4":"has-post-thumbnail","6":"product_cat-katukina","8":"first","9":"instock","10":"taxable","11":"shipping-taxable","12":"purchasable","13":"product-type-simple"},"yoast_head":"<!-- This site is optimized with the Yoast SEO plugin v27.4 - https:\/\/yoast.com\/product\/yoast-seo-wordpress\/ -->\n<title>SINCHI: Rap\u00e9 Eucalipto de la tribu Amaz\u00f3nica Katukina<\/title>\n<meta name=\"description\" content=\"El Rap\u00e9 Katukina Eucalipto es una mezcla muy sutil con un aroma delicado que ayuda a redireccionar la energ\u00eda hacia lo bello y positivo.\" \/>\n<meta name=\"robots\" content=\"index, follow, max-snippet:-1, max-image-preview:large, max-video-preview:-1\" \/>\n<link rel=\"canonical\" href=\"https:\/\/www.sinchisinchi.com\/es\/producto\/rape-katukina-eucalipto\/\" \/>\n<meta property=\"og:locale\" content=\"es_ES\" \/>\n<meta property=\"og:type\" content=\"article\" \/>\n<meta property=\"og:title\" content=\"SINCHI: Rap\u00e9 Eucalipto de la tribu Amaz\u00f3nica Katukina\" \/>\n<meta property=\"og:description\" content=\"El Rap\u00e9 Katukina Eucalipto es una mezcla muy sutil con un aroma delicado que ayuda a redireccionar la energ\u00eda hacia lo bello y positivo.\" \/>\n<meta property=\"og:url\" content=\"https:\/\/www.sinchisinchi.com\/es\/producto\/rape-katukina-eucalipto\/\" \/>\n<meta property=\"og:site_name\" content=\"SINCHI RAP\u00c9\" \/>\n<meta property=\"article:publisher\" content=\"https:\/\/www.facebook.com\/sinchirape\/\" \/>\n<meta property=\"article:modified_time\" content=\"2026-02-12T13:27:03+00:00\" \/>\n<meta property=\"og:image\" content=\"https:\/\/www.sinchisinchi.com\/wp-content\/uploads\/2023\/10\/3-Eucalipto.jpg\" \/>\n\t<meta property=\"og:image:width\" content=\"700\" \/>\n\t<meta property=\"og:image:height\" content=\"700\" \/>\n\t<meta property=\"og:image:type\" content=\"image\/jpeg\" \/>\n<meta name=\"twitter:card\" content=\"summary_large_image\" \/>\n<meta name=\"twitter:label1\" content=\"Tiempo de lectura\" \/>\n\t<meta name=\"twitter:data1\" content=\"2 minutos\" \/>\n<script type=\"application\/ld+json\" class=\"yoast-schema-graph\">{\"@context\":\"https:\\\/\\\/schema.org\",\"@graph\":[{\"@type\":\"WebPage\",\"@id\":\"https:\\\/\\\/www.sinchisinchi.com\\\/es\\\/producto\\\/rape-katukina-eucalipto\\\/\",\"url\":\"https:\\\/\\\/www.sinchisinchi.com\\\/es\\\/producto\\\/rape-katukina-eucalipto\\\/\",\"name\":\"SINCHI: Rap\u00e9 Eucalipto de la tribu Amaz\u00f3nica Katukina\",\"isPartOf\":{\"@id\":\"https:\\\/\\\/www.sinchisinchi.com\\\/es\\\/#website\"},\"primaryImageOfPage\":{\"@id\":\"https:\\\/\\\/www.sinchisinchi.com\\\/es\\\/producto\\\/rape-katukina-eucalipto\\\/#primaryimage\"},\"image\":{\"@id\":\"https:\\\/\\\/www.sinchisinchi.com\\\/es\\\/producto\\\/rape-katukina-eucalipto\\\/#primaryimage\"},\"thumbnailUrl\":\"https:\\\/\\\/www.sinchisinchi.com\\\/wp-content\\\/uploads\\\/2023\\\/10\\\/3-Eucalipto.jpg\",\"datePublished\":\"2023-10-19T20:26:26+00:00\",\"dateModified\":\"2026-02-12T13:27:03+00:00\",\"description\":\"El Rap\u00e9 Katukina Eucalipto es una mezcla muy sutil con un aroma delicado que ayuda a redireccionar la energ\u00eda hacia lo bello y positivo.\",\"breadcrumb\":{\"@id\":\"https:\\\/\\\/www.sinchisinchi.com\\\/es\\\/producto\\\/rape-katukina-eucalipto\\\/#breadcrumb\"},\"inLanguage\":\"es\",\"potentialAction\":[{\"@type\":\"ReadAction\",\"target\":[\"https:\\\/\\\/www.sinchisinchi.com\\\/es\\\/producto\\\/rape-katukina-eucalipto\\\/\"]}]},{\"@type\":\"ImageObject\",\"inLanguage\":\"es\",\"@id\":\"https:\\\/\\\/www.sinchisinchi.com\\\/es\\\/producto\\\/rape-katukina-eucalipto\\\/#primaryimage\",\"url\":\"https:\\\/\\\/www.sinchisinchi.com\\\/wp-content\\\/uploads\\\/2023\\\/10\\\/3-Eucalipto.jpg\",\"contentUrl\":\"https:\\\/\\\/www.sinchisinchi.com\\\/wp-content\\\/uploads\\\/2023\\\/10\\\/3-Eucalipto.jpg\",\"width\":700,\"height\":700},{\"@type\":\"BreadcrumbList\",\"@id\":\"https:\\\/\\\/www.sinchisinchi.com\\\/es\\\/producto\\\/rape-katukina-eucalipto\\\/#breadcrumb\",\"itemListElement\":[{\"@type\":\"ListItem\",\"position\":1,\"name\":\"Prima pagina\",\"item\":\"https:\\\/\\\/www.sinchisinchi.com\\\/es\\\/\"},{\"@type\":\"ListItem\",\"position\":2,\"name\":\"Productos\",\"item\":\"https:\\\/\\\/www.sinchisinchi.com\\\/es\\\/shop\\\/\"},{\"@type\":\"ListItem\",\"position\":3,\"name\":\"Eucalipto\"}]},{\"@type\":\"WebSite\",\"@id\":\"https:\\\/\\\/www.sinchisinchi.com\\\/es\\\/#website\",\"url\":\"https:\\\/\\\/www.sinchisinchi.com\\\/es\\\/\",\"name\":\"SINCHI\",\"description\":\"Sinchi Medicine\",\"publisher\":{\"@id\":\"https:\\\/\\\/www.sinchisinchi.com\\\/es\\\/#organization\"},\"potentialAction\":[{\"@type\":\"SearchAction\",\"target\":{\"@type\":\"EntryPoint\",\"urlTemplate\":\"https:\\\/\\\/www.sinchisinchi.com\\\/es\\\/?s={search_term_string}\"},\"query-input\":{\"@type\":\"PropertyValueSpecification\",\"valueRequired\":true,\"valueName\":\"search_term_string\"}}],\"inLanguage\":\"es\"},{\"@type\":\"Organization\",\"@id\":\"https:\\\/\\\/www.sinchisinchi.com\\\/es\\\/#organization\",\"name\":\"SINCHI S.L\",\"url\":\"https:\\\/\\\/www.sinchisinchi.com\\\/es\\\/\",\"logo\":{\"@type\":\"ImageObject\",\"inLanguage\":\"es\",\"@id\":\"https:\\\/\\\/www.sinchisinchi.com\\\/es\\\/#\\\/schema\\\/logo\\\/image\\\/\",\"url\":\"https:\\\/\\\/www.sinchisinchi.com\\\/wp-content\\\/uploads\\\/2026\\\/01\\\/3b-Verde-SIMPLIFICADO-HORIZONTAL-F-TRANSPARENTE-scaled.png\",\"contentUrl\":\"https:\\\/\\\/www.sinchisinchi.com\\\/wp-content\\\/uploads\\\/2026\\\/01\\\/3b-Verde-SIMPLIFICADO-HORIZONTAL-F-TRANSPARENTE-scaled.png\",\"width\":2560,\"height\":457,\"caption\":\"SINCHI S.L\"},\"image\":{\"@id\":\"https:\\\/\\\/www.sinchisinchi.com\\\/es\\\/#\\\/schema\\\/logo\\\/image\\\/\"},\"sameAs\":[\"https:\\\/\\\/www.facebook.com\\\/sinchirape\\\/\",\"https:\\\/\\\/www.instagram.com\\\/sinchi_rape\\\/\"]}]}<\/script>\n<!-- \/ Yoast SEO plugin. -->","yoast_head_json":{"title":"SINCHI: Rap\u00e9 Eucalipto de la tribu Amaz\u00f3nica Katukina","description":"El Rap\u00e9 Katukina Eucalipto es una mezcla muy sutil con un aroma delicado que ayuda a redireccionar la energ\u00eda hacia lo bello y positivo.","robots":{"index":"index","follow":"follow","max-snippet":"max-snippet:-1","max-image-preview":"max-image-preview:large","max-video-preview":"max-video-preview:-1"},"canonical":"https:\/\/www.sinchisinchi.com\/es\/producto\/rape-katukina-eucalipto\/","og_locale":"es_ES","og_type":"article","og_title":"SINCHI: Rap\u00e9 Eucalipto de la tribu Amaz\u00f3nica Katukina","og_description":"El Rap\u00e9 Katukina Eucalipto es una mezcla muy sutil con un aroma delicado que ayuda a redireccionar la energ\u00eda hacia lo bello y positivo.","og_url":"https:\/\/www.sinchisinchi.com\/es\/producto\/rape-katukina-eucalipto\/","og_site_name":"SINCHI RAP\u00c9","article_publisher":"https:\/\/www.facebook.com\/sinchirape\/","article_modified_time":"2026-02-12T13:27:03+00:00","og_image":[{"width":700,"height":700,"url":"https:\/\/www.sinchisinchi.com\/wp-content\/uploads\/2023\/10\/3-Eucalipto.jpg","type":"image\/jpeg"}],"twitter_card":"summary_large_image","twitter_misc":{"Tiempo de lectura":"2 minutos"},"schema":{"@context":"https:\/\/schema.org","@graph":[{"@type":"WebPage","@id":"https:\/\/www.sinchisinchi.com\/es\/producto\/rape-katukina-eucalipto\/","url":"https:\/\/www.sinchisinchi.com\/es\/producto\/rape-katukina-eucalipto\/","name":"SINCHI: Rap\u00e9 Eucalipto de la tribu Amaz\u00f3nica Katukina","isPartOf":{"@id":"https:\/\/www.sinchisinchi.com\/es\/#website"},"primaryImageOfPage":{"@id":"https:\/\/www.sinchisinchi.com\/es\/producto\/rape-katukina-eucalipto\/#primaryimage"},"image":{"@id":"https:\/\/www.sinchisinchi.com\/es\/producto\/rape-katukina-eucalipto\/#primaryimage"},"thumbnailUrl":"https:\/\/www.sinchisinchi.com\/wp-content\/uploads\/2023\/10\/3-Eucalipto.jpg","datePublished":"2023-10-19T20:26:26+00:00","dateModified":"2026-02-12T13:27:03+00:00","description":"El Rap\u00e9 Katukina Eucalipto es una mezcla muy sutil con un aroma delicado que ayuda a redireccionar la energ\u00eda hacia lo bello y positivo.","breadcrumb":{"@id":"https:\/\/www.sinchisinchi.com\/es\/producto\/rape-katukina-eucalipto\/#breadcrumb"},"inLanguage":"es","potentialAction":[{"@type":"ReadAction","target":["https:\/\/www.sinchisinchi.com\/es\/producto\/rape-katukina-eucalipto\/"]}]},{"@type":"ImageObject","inLanguage":"es","@id":"https:\/\/www.sinchisinchi.com\/es\/producto\/rape-katukina-eucalipto\/#primaryimage","url":"https:\/\/www.sinchisinchi.com\/wp-content\/uploads\/2023\/10\/3-Eucalipto.jpg","contentUrl":"https:\/\/www.sinchisinchi.com\/wp-content\/uploads\/2023\/10\/3-Eucalipto.jpg","width":700,"height":700},{"@type":"BreadcrumbList","@id":"https:\/\/www.sinchisinchi.com\/es\/producto\/rape-katukina-eucalipto\/#breadcrumb","itemListElement":[{"@type":"ListItem","position":1,"name":"Prima pagina","item":"https:\/\/www.sinchisinchi.com\/es\/"},{"@type":"ListItem","position":2,"name":"Productos","item":"https:\/\/www.sinchisinchi.com\/es\/shop\/"},{"@type":"ListItem","position":3,"name":"Eucalipto"}]},{"@type":"WebSite","@id":"https:\/\/www.sinchisinchi.com\/es\/#website","url":"https:\/\/www.sinchisinchi.com\/es\/","name":"SINCHI","description":"Sinchi Medicine","publisher":{"@id":"https:\/\/www.sinchisinchi.com\/es\/#organization"},"potentialAction":[{"@type":"SearchAction","target":{"@type":"EntryPoint","urlTemplate":"https:\/\/www.sinchisinchi.com\/es\/?s={search_term_string}"},"query-input":{"@type":"PropertyValueSpecification","valueRequired":true,"valueName":"search_term_string"}}],"inLanguage":"es"},{"@type":"Organization","@id":"https:\/\/www.sinchisinchi.com\/es\/#organization","name":"SINCHI S.L","url":"https:\/\/www.sinchisinchi.com\/es\/","logo":{"@type":"ImageObject","inLanguage":"es","@id":"https:\/\/www.sinchisinchi.com\/es\/#\/schema\/logo\/image\/","url":"https:\/\/www.sinchisinchi.com\/wp-content\/uploads\/2026\/01\/3b-Verde-SIMPLIFICADO-HORIZONTAL-F-TRANSPARENTE-scaled.png","contentUrl":"https:\/\/www.sinchisinchi.com\/wp-content\/uploads\/2026\/01\/3b-Verde-SIMPLIFICADO-HORIZONTAL-F-TRANSPARENTE-scaled.png","width":2560,"height":457,"caption":"SINCHI S.L"},"image":{"@id":"https:\/\/www.sinchisinchi.com\/es\/#\/schema\/logo\/image\/"},"sameAs":["https:\/\/www.facebook.com\/sinchirape\/","https:\/\/www.instagram.com\/sinchi_rape\/"]}]}},"_links":{"self":[{"href":"https:\/\/www.sinchisinchi.com\/es\/wp-json\/wp\/v2\/product\/9950","targetHints":{"allow":["GET"]}}],"collection":[{"href":"https:\/\/www.sinchisinchi.com\/es\/wp-json\/wp\/v2\/product"}],"about":[{"href":"https:\/\/www.sinchisinchi.com\/es\/wp-json\/wp\/v2\/types\/product"}],"wp:featuredmedia":[{"embeddable":true,"href":"https:\/\/www.sinchisinchi.com\/es\/wp-json\/wp\/v2\/media\/11785"}],"wp:attachment":[{"href":"https:\/\/www.sinchisinchi.com\/es\/wp-json\/wp\/v2\/media?parent=9950"}],"wp:term":[{"taxonomy":"product_brand","embeddable":true,"href":"https:\/\/www.sinchisinchi.com\/es\/wp-json\/wp\/v2\/product_brand?post=9950"},{"taxonomy":"product_cat","embeddable":true,"href":"https:\/\/www.sinchisinchi.com\/es\/wp-json\/wp\/v2\/product_cat?post=9950"},{"taxonomy":"product_tag","embeddable":true,"href":"https:\/\/www.sinchisinchi.com\/es\/wp-json\/wp\/v2\/product_tag?post=9950"}],"curies":[{"name":"wp","href":"https:\/\/api.w.org\/{rel}","templated":true}]}}