{"id":9977,"date":"2023-10-19T20:37:10","date_gmt":"2023-10-19T20:37:10","guid":{"rendered":"https:\/\/www.sinchisinchi.com\/?post_type=product&#038;p=9977"},"modified":"2026-02-12T12:28:44","modified_gmt":"2026-02-12T12:28:44","slug":"rape-katukina-nisrual","status":"publish","type":"product","link":"https:\/\/www.sinchisinchi.com\/es\/producto\/rape-katukina-nisrual\/","title":{"rendered":"Nisrual"},"content":{"rendered":"<a href=\"https:\/\/www.sinchisinchi.com\/es\/producto\/rape-nisrual-50gr\/\" target=\"_blank\" class=\"button secondary is-larger lowercase expand\" rel=\"noopener\" style=\"border-radius:10px;\">\n\t\t<span>Tama\u00f1o mediano: 50g<\/span>\n\t<\/a>\n\n<a href=\"https:\/\/www.sinchisinchi.com\/es\/producto\/rape-nisrual-100gr\/\" target=\"_blank\" class=\"button secondary is-larger lowercase expand\" rel=\"noopener\" style=\"border-radius:10px;\">\n\t\t<span>Tama\u00f1o grande: 100g<\/span>\n\t<\/a>\n\n\t<div id=\"gap-82544436\" class=\"gap-element clearfix\" style=\"display:block; height:auto;\">\n\t\t\n<style>\n#gap-82544436 {\n  padding-top: 30px;\n}\n<\/style>\n\t<\/div>\n\t\n\n  <div class=\"banner has-hover\" id=\"banner-1845046988\">\n          <div class=\"banner-inner fill\">\n        <div class=\"banner-bg fill\" >\n            <img loading=\"lazy\" decoding=\"async\" width=\"878\" height=\"1024\" src=\"https:\/\/www.sinchisinchi.com\/wp-content\/uploads\/2024\/11\/1-4-Katukina-Tribu-Noke-Koi-878x1024.png\" class=\"bg attachment-large size-large\" alt=\"\" \/>                        <div class=\"overlay\"><\/div>            \n                    <\/div>\n\t\t\n        <div class=\"banner-layers container\">\n            <div class=\"fill banner-link\"><\/div>            \n   <div id=\"text-box-2081757809\" class=\"text-box banner-layer x5 md-x5 lg-x5 y50 md-y50 lg-y50 res-text\">\n                                <div class=\"text-box-content text box-shadow-3\">\n              \n              <div class=\"text-inner text-left\">\n                  \n<h2 class=\"uppercase\"><strong>TRIBU<\/strong><\/h2>\n<h3>Katukina &#8211; Noke Koi<\/h3>\n<p>Los Katukina pertenecien a la familia ling\u00fc\u00edstica \u201cPano\u201d, familia que comparten con otros grupos \u00e9tnicos como los Huni Kuin o los Yawanaw\u00e1s. Ellos prefieren autodenominarse Noke Koi: \u201cGente verdadera\u201d.<\/p>\n<a href=\"https:\/\/www.sinchisinchi.com\/es\/tribus\/rape-katukina-noke-koi\/\" target=\"_blank\" class=\"button primary is-underline is-larger expand\" rel=\"noopener\" >\n\t\t<span>Tribu<\/span>\n\t<\/a>\n\n              <\/div>\n           <\/div>\n                            \n<style>\n#text-box-2081757809 .text-box-content {\n  background-color: rgb(255, 255, 255);\n  font-size: 100%;\n}\n#text-box-2081757809 .text-inner {\n  padding: 30px 30px 30px 30px;\n}\n#text-box-2081757809 {\n  width: 60%;\n}\n@media (min-width:550px) {\n  #text-box-2081757809 {\n    width: 40%;\n  }\n}\n<\/style>\n    <\/div>\n \n        <\/div>\n      <\/div>\n\n              <div class=\"height-fix is-invisible\"><img loading=\"lazy\" decoding=\"async\" width=\"878\" height=\"1024\" src=\"https:\/\/www.sinchisinchi.com\/wp-content\/uploads\/2024\/11\/1-4-Katukina-Tribu-Noke-Koi-878x1024.png\" class=\"attachment-large size-large\" alt=\"\" srcset=\"https:\/\/www.sinchisinchi.com\/wp-content\/uploads\/2024\/11\/1-4-Katukina-Tribu-Noke-Koi-878x1024.png 878w, https:\/\/www.sinchisinchi.com\/wp-content\/uploads\/2024\/11\/1-4-Katukina-Tribu-Noke-Koi-514x600.png 514w, https:\/\/www.sinchisinchi.com\/wp-content\/uploads\/2024\/11\/1-4-Katukina-Tribu-Noke-Koi-768x896.png 768w, https:\/\/www.sinchisinchi.com\/wp-content\/uploads\/2024\/11\/1-4-Katukina-Tribu-Noke-Koi-1317x1536.png 1317w, https:\/\/www.sinchisinchi.com\/wp-content\/uploads\/2024\/11\/1-4-Katukina-Tribu-Noke-Koi-247x288.png 247w, https:\/\/www.sinchisinchi.com\/wp-content\/uploads\/2024\/11\/1-4-Katukina-Tribu-Noke-Koi-510x595.png 510w, https:\/\/www.sinchisinchi.com\/wp-content\/uploads\/2024\/11\/1-4-Katukina-Tribu-Noke-Koi.png 1400w\" sizes=\"auto, (max-width: 878px) 100vw, 878px\" \/><\/div>\n            \n<style>\n#banner-1845046988 .overlay {\n  background-color: rgba(190, 190, 190, 0.2);\n}\n#banner-1845046988 {\n  background-color: rgb(255, 255, 255);\n}\n<\/style>\n  <\/div>\n\n\n","protected":false},"excerpt":{"rendered":"<p style=\"font-weight: 400;\">El Rap\u00e9 Katukina Nisrual tiene un delicado aroma a bosque, y un color entre dorado a marr\u00f3n claro.<\/p>\n<p style=\"font-weight: 400;\">Contiene una mezcla de Moi y la variedad m\u00e1s fuerte de Corda, cenizas de Tsunu y Nisrual. La hierba conocida como Nisural, Nissural o Katsural, tiene un delicado perfume mentolado. \u00a0Nisural es muy usado para limpiar energ\u00edas negativas y para dolores de cabeza. Los nativos lo usan en t\u00e9s, ba\u00f1os y sahumerios, entre otros usos.<\/p>\n<p style=\"font-weight: 400;\">Seg\u00fan los Katukina:<\/p>\n<p style=\"font-weight: 400;\">\u201cEl Rap\u00e9 de Tsunu es una variedad para curar. A\u00f1adimos el Nisural para quitar los pensamientos negativos. Cuando entramos en un estado de negatividad mental o emocional, tomamos este rap\u00e9 para limpiar los pensamientos y equilibrar nuestras emociones.\u201d<\/p>\n","protected":false},"featured_media":11687,"template":"","meta":{"_joinchat":[]},"product_brand":[],"product_cat":[206],"product_tag":[],"class_list":{"0":"post-9977","1":"product","2":"type-product","3":"status-publish","4":"has-post-thumbnail","6":"product_cat-katukina","8":"first","9":"instock","10":"taxable","11":"shipping-taxable","12":"purchasable","13":"product-type-simple"},"yoast_head":"<!-- This site is optimized with the Yoast SEO plugin v27.1.1 - https:\/\/yoast.com\/product\/yoast-seo-wordpress\/ -->\n<title>SINCHI: Rap\u00e9 Nisrual de la tribu Amaz\u00f3nica Katukina<\/title>\n<meta name=\"description\" content=\"El Rap\u00e9 Katukina Nisural tiene un delicado aroma a bosque, y un color entre dorado a marr\u00f3n claro, es ideal para el equilibrio mental y emocional.\" \/>\n<meta name=\"robots\" content=\"index, follow, max-snippet:-1, max-image-preview:large, max-video-preview:-1\" \/>\n<link rel=\"canonical\" href=\"https:\/\/www.sinchisinchi.com\/es\/producto\/rape-katukina-nisrual\/\" \/>\n<meta property=\"og:locale\" content=\"es_ES\" \/>\n<meta property=\"og:type\" content=\"article\" \/>\n<meta property=\"og:title\" content=\"SINCHI: Rap\u00e9 Nisrual de la tribu Amaz\u00f3nica Katukina\" \/>\n<meta property=\"og:description\" content=\"El Rap\u00e9 Katukina Nisural tiene un delicado aroma a bosque, y un color entre dorado a marr\u00f3n claro, es ideal para el equilibrio mental y emocional.\" \/>\n<meta property=\"og:url\" content=\"https:\/\/www.sinchisinchi.com\/es\/producto\/rape-katukina-nisrual\/\" \/>\n<meta property=\"og:site_name\" content=\"SINCHI RAP\u00c9\" \/>\n<meta property=\"article:publisher\" content=\"https:\/\/www.facebook.com\/sinchirape\/\" \/>\n<meta property=\"article:modified_time\" content=\"2026-02-12T12:28:44+00:00\" \/>\n<meta property=\"og:image\" content=\"https:\/\/www.sinchisinchi.com\/wp-content\/uploads\/2023\/10\/1-Nisrual.jpg\" \/>\n\t<meta property=\"og:image:width\" content=\"700\" \/>\n\t<meta property=\"og:image:height\" content=\"700\" \/>\n\t<meta property=\"og:image:type\" content=\"image\/jpeg\" \/>\n<meta name=\"twitter:card\" content=\"summary_large_image\" \/>\n<meta name=\"twitter:label1\" content=\"Tiempo de lectura\" \/>\n\t<meta name=\"twitter:data1\" content=\"1 minuto\" \/>\n<script type=\"application\/ld+json\" class=\"yoast-schema-graph\">{\"@context\":\"https:\/\/schema.org\",\"@graph\":[{\"@type\":\"WebPage\",\"@id\":\"https:\/\/www.sinchisinchi.com\/es\/producto\/rape-katukina-nisrual\/\",\"url\":\"https:\/\/www.sinchisinchi.com\/es\/producto\/rape-katukina-nisrual\/\",\"name\":\"SINCHI: Rap\u00e9 Nisrual de la tribu Amaz\u00f3nica Katukina\",\"isPartOf\":{\"@id\":\"https:\/\/www.sinchisinchi.com\/es\/#website\"},\"primaryImageOfPage\":{\"@id\":\"https:\/\/www.sinchisinchi.com\/es\/producto\/rape-katukina-nisrual\/#primaryimage\"},\"image\":{\"@id\":\"https:\/\/www.sinchisinchi.com\/es\/producto\/rape-katukina-nisrual\/#primaryimage\"},\"thumbnailUrl\":\"https:\/\/www.sinchisinchi.com\/wp-content\/uploads\/2023\/10\/1-Nisrual.jpg\",\"datePublished\":\"2023-10-19T20:37:10+00:00\",\"dateModified\":\"2026-02-12T12:28:44+00:00\",\"description\":\"El Rap\u00e9 Katukina Nisural tiene un delicado aroma a bosque, y un color entre dorado a marr\u00f3n claro, es ideal para el equilibrio mental y emocional.\",\"breadcrumb\":{\"@id\":\"https:\/\/www.sinchisinchi.com\/es\/producto\/rape-katukina-nisrual\/#breadcrumb\"},\"inLanguage\":\"es\",\"potentialAction\":[{\"@type\":\"ReadAction\",\"target\":[\"https:\/\/www.sinchisinchi.com\/es\/producto\/rape-katukina-nisrual\/\"]}]},{\"@type\":\"ImageObject\",\"inLanguage\":\"es\",\"@id\":\"https:\/\/www.sinchisinchi.com\/es\/producto\/rape-katukina-nisrual\/#primaryimage\",\"url\":\"https:\/\/www.sinchisinchi.com\/wp-content\/uploads\/2023\/10\/1-Nisrual.jpg\",\"contentUrl\":\"https:\/\/www.sinchisinchi.com\/wp-content\/uploads\/2023\/10\/1-Nisrual.jpg\",\"width\":700,\"height\":700},{\"@type\":\"BreadcrumbList\",\"@id\":\"https:\/\/www.sinchisinchi.com\/es\/producto\/rape-katukina-nisrual\/#breadcrumb\",\"itemListElement\":[{\"@type\":\"ListItem\",\"position\":1,\"name\":\"Prima pagina\",\"item\":\"https:\/\/www.sinchisinchi.com\/es\/\"},{\"@type\":\"ListItem\",\"position\":2,\"name\":\"Productos\",\"item\":\"https:\/\/www.sinchisinchi.com\/es\/shop\/\"},{\"@type\":\"ListItem\",\"position\":3,\"name\":\"Nisrual\"}]},{\"@type\":\"WebSite\",\"@id\":\"https:\/\/www.sinchisinchi.com\/es\/#website\",\"url\":\"https:\/\/www.sinchisinchi.com\/es\/\",\"name\":\"SINCHI\",\"description\":\"Sinchi Medicine\",\"publisher\":{\"@id\":\"https:\/\/www.sinchisinchi.com\/es\/#organization\"},\"potentialAction\":[{\"@type\":\"SearchAction\",\"target\":{\"@type\":\"EntryPoint\",\"urlTemplate\":\"https:\/\/www.sinchisinchi.com\/es\/?s={search_term_string}\"},\"query-input\":{\"@type\":\"PropertyValueSpecification\",\"valueRequired\":true,\"valueName\":\"search_term_string\"}}],\"inLanguage\":\"es\"},{\"@type\":\"Organization\",\"@id\":\"https:\/\/www.sinchisinchi.com\/es\/#organization\",\"name\":\"SINCHI S.L\",\"url\":\"https:\/\/www.sinchisinchi.com\/es\/\",\"logo\":{\"@type\":\"ImageObject\",\"inLanguage\":\"es\",\"@id\":\"https:\/\/www.sinchisinchi.com\/es\/#\/schema\/logo\/image\/\",\"url\":\"https:\/\/www.sinchisinchi.com\/wp-content\/uploads\/2026\/01\/3b-Verde-SIMPLIFICADO-HORIZONTAL-F-TRANSPARENTE-scaled.png\",\"contentUrl\":\"https:\/\/www.sinchisinchi.com\/wp-content\/uploads\/2026\/01\/3b-Verde-SIMPLIFICADO-HORIZONTAL-F-TRANSPARENTE-scaled.png\",\"width\":2560,\"height\":457,\"caption\":\"SINCHI S.L\"},\"image\":{\"@id\":\"https:\/\/www.sinchisinchi.com\/es\/#\/schema\/logo\/image\/\"},\"sameAs\":[\"https:\/\/www.facebook.com\/sinchirape\/\",\"https:\/\/www.instagram.com\/sinchi_rape\/\"]}]}<\/script>\n<!-- \/ Yoast SEO plugin. -->","yoast_head_json":{"title":"SINCHI: Rap\u00e9 Nisrual de la tribu Amaz\u00f3nica Katukina","description":"El Rap\u00e9 Katukina Nisural tiene un delicado aroma a bosque, y un color entre dorado a marr\u00f3n claro, es ideal para el equilibrio mental y emocional.","robots":{"index":"index","follow":"follow","max-snippet":"max-snippet:-1","max-image-preview":"max-image-preview:large","max-video-preview":"max-video-preview:-1"},"canonical":"https:\/\/www.sinchisinchi.com\/es\/producto\/rape-katukina-nisrual\/","og_locale":"es_ES","og_type":"article","og_title":"SINCHI: Rap\u00e9 Nisrual de la tribu Amaz\u00f3nica Katukina","og_description":"El Rap\u00e9 Katukina Nisural tiene un delicado aroma a bosque, y un color entre dorado a marr\u00f3n claro, es ideal para el equilibrio mental y emocional.","og_url":"https:\/\/www.sinchisinchi.com\/es\/producto\/rape-katukina-nisrual\/","og_site_name":"SINCHI RAP\u00c9","article_publisher":"https:\/\/www.facebook.com\/sinchirape\/","article_modified_time":"2026-02-12T12:28:44+00:00","og_image":[{"width":700,"height":700,"url":"https:\/\/www.sinchisinchi.com\/wp-content\/uploads\/2023\/10\/1-Nisrual.jpg","type":"image\/jpeg"}],"twitter_card":"summary_large_image","twitter_misc":{"Tiempo de lectura":"1 minuto"},"schema":{"@context":"https:\/\/schema.org","@graph":[{"@type":"WebPage","@id":"https:\/\/www.sinchisinchi.com\/es\/producto\/rape-katukina-nisrual\/","url":"https:\/\/www.sinchisinchi.com\/es\/producto\/rape-katukina-nisrual\/","name":"SINCHI: Rap\u00e9 Nisrual de la tribu Amaz\u00f3nica Katukina","isPartOf":{"@id":"https:\/\/www.sinchisinchi.com\/es\/#website"},"primaryImageOfPage":{"@id":"https:\/\/www.sinchisinchi.com\/es\/producto\/rape-katukina-nisrual\/#primaryimage"},"image":{"@id":"https:\/\/www.sinchisinchi.com\/es\/producto\/rape-katukina-nisrual\/#primaryimage"},"thumbnailUrl":"https:\/\/www.sinchisinchi.com\/wp-content\/uploads\/2023\/10\/1-Nisrual.jpg","datePublished":"2023-10-19T20:37:10+00:00","dateModified":"2026-02-12T12:28:44+00:00","description":"El Rap\u00e9 Katukina Nisural tiene un delicado aroma a bosque, y un color entre dorado a marr\u00f3n claro, es ideal para el equilibrio mental y emocional.","breadcrumb":{"@id":"https:\/\/www.sinchisinchi.com\/es\/producto\/rape-katukina-nisrual\/#breadcrumb"},"inLanguage":"es","potentialAction":[{"@type":"ReadAction","target":["https:\/\/www.sinchisinchi.com\/es\/producto\/rape-katukina-nisrual\/"]}]},{"@type":"ImageObject","inLanguage":"es","@id":"https:\/\/www.sinchisinchi.com\/es\/producto\/rape-katukina-nisrual\/#primaryimage","url":"https:\/\/www.sinchisinchi.com\/wp-content\/uploads\/2023\/10\/1-Nisrual.jpg","contentUrl":"https:\/\/www.sinchisinchi.com\/wp-content\/uploads\/2023\/10\/1-Nisrual.jpg","width":700,"height":700},{"@type":"BreadcrumbList","@id":"https:\/\/www.sinchisinchi.com\/es\/producto\/rape-katukina-nisrual\/#breadcrumb","itemListElement":[{"@type":"ListItem","position":1,"name":"Prima pagina","item":"https:\/\/www.sinchisinchi.com\/es\/"},{"@type":"ListItem","position":2,"name":"Productos","item":"https:\/\/www.sinchisinchi.com\/es\/shop\/"},{"@type":"ListItem","position":3,"name":"Nisrual"}]},{"@type":"WebSite","@id":"https:\/\/www.sinchisinchi.com\/es\/#website","url":"https:\/\/www.sinchisinchi.com\/es\/","name":"SINCHI","description":"Sinchi Medicine","publisher":{"@id":"https:\/\/www.sinchisinchi.com\/es\/#organization"},"potentialAction":[{"@type":"SearchAction","target":{"@type":"EntryPoint","urlTemplate":"https:\/\/www.sinchisinchi.com\/es\/?s={search_term_string}"},"query-input":{"@type":"PropertyValueSpecification","valueRequired":true,"valueName":"search_term_string"}}],"inLanguage":"es"},{"@type":"Organization","@id":"https:\/\/www.sinchisinchi.com\/es\/#organization","name":"SINCHI S.L","url":"https:\/\/www.sinchisinchi.com\/es\/","logo":{"@type":"ImageObject","inLanguage":"es","@id":"https:\/\/www.sinchisinchi.com\/es\/#\/schema\/logo\/image\/","url":"https:\/\/www.sinchisinchi.com\/wp-content\/uploads\/2026\/01\/3b-Verde-SIMPLIFICADO-HORIZONTAL-F-TRANSPARENTE-scaled.png","contentUrl":"https:\/\/www.sinchisinchi.com\/wp-content\/uploads\/2026\/01\/3b-Verde-SIMPLIFICADO-HORIZONTAL-F-TRANSPARENTE-scaled.png","width":2560,"height":457,"caption":"SINCHI S.L"},"image":{"@id":"https:\/\/www.sinchisinchi.com\/es\/#\/schema\/logo\/image\/"},"sameAs":["https:\/\/www.facebook.com\/sinchirape\/","https:\/\/www.instagram.com\/sinchi_rape\/"]}]}},"_links":{"self":[{"href":"https:\/\/www.sinchisinchi.com\/es\/wp-json\/wp\/v2\/product\/9977","targetHints":{"allow":["GET"]}}],"collection":[{"href":"https:\/\/www.sinchisinchi.com\/es\/wp-json\/wp\/v2\/product"}],"about":[{"href":"https:\/\/www.sinchisinchi.com\/es\/wp-json\/wp\/v2\/types\/product"}],"wp:featuredmedia":[{"embeddable":true,"href":"https:\/\/www.sinchisinchi.com\/es\/wp-json\/wp\/v2\/media\/11687"}],"wp:attachment":[{"href":"https:\/\/www.sinchisinchi.com\/es\/wp-json\/wp\/v2\/media?parent=9977"}],"wp:term":[{"taxonomy":"product_brand","embeddable":true,"href":"https:\/\/www.sinchisinchi.com\/es\/wp-json\/wp\/v2\/product_brand?post=9977"},{"taxonomy":"product_cat","embeddable":true,"href":"https:\/\/www.sinchisinchi.com\/es\/wp-json\/wp\/v2\/product_cat?post=9977"},{"taxonomy":"product_tag","embeddable":true,"href":"https:\/\/www.sinchisinchi.com\/es\/wp-json\/wp\/v2\/product_tag?post=9977"}],"curies":[{"name":"wp","href":"https:\/\/api.w.org\/{rel}","templated":true}]}}