{"id":25250,"date":"2025-01-30T14:36:27","date_gmt":"2025-01-30T14:36:27","guid":{"rendered":"https:\/\/www.sinchisinchi.com\/connaissance\/quest-ce-que-le-rape\/"},"modified":"2026-03-04T18:55:59","modified_gmt":"2026-03-04T18:55:59","slug":"quest-ce-que-le-rape","status":"publish","type":"page","link":"https:\/\/www.sinchisinchi.com\/fr\/connaissance\/quest-ce-que-le-rape\/","title":{"rendered":"Qu&rsquo;est-ce que le rap\u00e9"},"content":{"rendered":"\n<h1 style=\"text-align: center;\"><strong>Qu&rsquo;est-ce que le Rap\u00e9 ?<\/strong><\/h1>\n<p>Le rap\u00e9 est une <strong>m\u00e9decine sacr\u00e9e<\/strong> utilis\u00e9e depuis des milliers d&rsquo;ann\u00e9es par diff\u00e9rentes tribus qui peuplent l&rsquo;Amazonie, et un excellent outil pour calmer l&rsquo;esprit et se connecter \u00e0 l&rsquo;essence de l&rsquo;univers.<\/p>\n<p>Le rap\u00e9 est compos\u00e9 principalement de<strong> Mapacho<\/strong> finement moulu et tamis\u00e9, de <strong>cendres de feux<\/strong> <strong>c\u00e9r\u00e9moniels<\/strong> et d&rsquo;autres<strong> plantes sacr\u00e9es<\/strong> qui d\u00e9terminent sa subtile alchimie. Le r\u00e9sultat est une poudre tr\u00e8s fine et \u00e9pic\u00e9e dans laquelle on per\u00e7oit les cristaux v\u00e9g\u00e9taux.<\/p>\n<p>Bien que chaque recette de rap\u00e9 soit pr\u00e9par\u00e9e avec des plantes diff\u00e9rentes, le grand-p\u00e8re mapacho est toujours pr\u00e9sent sauf dans de rares exceptions, car il aide \u00e0 ordonner, int\u00e9grer et \u00e9quilibrer les autres m\u00e9dicaments et \u00e0 les orienter vers un but pr\u00e9cis.<\/p>\n<p>La Nicotiana <strong>(le c\u00e9l\u00e8bre tabac, Nicotiana tabacum) ou Mapacho (Nicotiana R\u00fastica),<\/strong> est une plante ma\u00eetresse que l&rsquo;on retrouve sur tous les continents et qui est li\u00e9e \u00e0 l&rsquo;homme depuis l&rsquo;Antiquit\u00e9. Le petit raton laveur est avant tout une porte d\u2019entr\u00e9e par excellence vers l\u2019esprit et l\u2019univers.<\/p>\n<p>Pour toutes ces raisons, le tabac est consid\u00e9r\u00e9 comme la plus importante des plantes ma\u00eetresses, celle qui agit comme le chef d\u2019orchestre de l\u2019orchestre symphonique.<\/p>\n<div class=\"row\"  id=\"row-1043817075\">\n\n\n\t<div id=\"col-652951833\" class=\"col medium-6 small-12 large-6\"  >\n\t\t\t\t<div class=\"col-inner\"  >\n\t\t\t\n\t\t\t\n\n\t<div class=\"img has-hover x md-x lg-x y md-y lg-y\" id=\"image_1168641018\">\n\t\t\t\t\t\t\t\t<div class=\"img-inner dark\" >\n\t\t\t<img loading=\"lazy\" decoding=\"async\" width=\"868\" height=\"563\" src=\"https:\/\/www.sinchisinchi.com\/wp-content\/uploads\/2024\/07\/R-Flor-del-mapacho2-3.jpg\" class=\"attachment-large size-large\" alt=\"\" srcset=\"https:\/\/www.sinchisinchi.com\/wp-content\/uploads\/2024\/07\/R-Flor-del-mapacho2-3.jpg 868w, https:\/\/www.sinchisinchi.com\/wp-content\/uploads\/2024\/07\/R-Flor-del-mapacho2-3-600x389.jpg 600w, https:\/\/www.sinchisinchi.com\/wp-content\/uploads\/2024\/07\/R-Flor-del-mapacho2-3-768x498.jpg 768w, https:\/\/www.sinchisinchi.com\/wp-content\/uploads\/2024\/07\/R-Flor-del-mapacho2-3-247x160.jpg 247w, https:\/\/www.sinchisinchi.com\/wp-content\/uploads\/2024\/07\/R-Flor-del-mapacho2-3-510x331.jpg 510w\" sizes=\"auto, (max-width: 868px) 100vw, 868px\" \/>\t\t\t\t\t\t\n\t\t\t\t\t<\/div>\n\t\t\t\t\t\t\t\t\n<style>\n#image_1168641018 {\n  width: 100%;\n}\n<\/style>\n\t<\/div>\n\t\n\n\n\t\t<\/div>\n\t\t\t\t\t<\/div>\n\n\t\n\n\t<div id=\"col-1008896054\" class=\"col medium-6 small-12 large-6\"  >\n\t\t\t\t<div class=\"col-inner\"  >\n\t\t\t\n\t\t\t\n\n\t<div class=\"img has-hover x md-x lg-x y md-y lg-y\" id=\"image_611348473\">\n\t\t\t\t\t\t\t\t<div class=\"img-inner dark\" >\n\t\t\t<img loading=\"lazy\" decoding=\"async\" width=\"868\" height=\"563\" src=\"https:\/\/www.sinchisinchi.com\/wp-content\/uploads\/2024\/07\/R-dibujos-de-rape4-1.jpg\" class=\"attachment-large size-large\" alt=\"\" srcset=\"https:\/\/www.sinchisinchi.com\/wp-content\/uploads\/2024\/07\/R-dibujos-de-rape4-1.jpg 868w, https:\/\/www.sinchisinchi.com\/wp-content\/uploads\/2024\/07\/R-dibujos-de-rape4-1-600x389.jpg 600w, https:\/\/www.sinchisinchi.com\/wp-content\/uploads\/2024\/07\/R-dibujos-de-rape4-1-768x498.jpg 768w, https:\/\/www.sinchisinchi.com\/wp-content\/uploads\/2024\/07\/R-dibujos-de-rape4-1-247x160.jpg 247w, https:\/\/www.sinchisinchi.com\/wp-content\/uploads\/2024\/07\/R-dibujos-de-rape4-1-510x331.jpg 510w\" sizes=\"auto, (max-width: 868px) 100vw, 868px\" \/>\t\t\t\t\t\t\n\t\t\t\t\t<\/div>\n\t\t\t\t\t\t\t\t\n<style>\n#image_611348473 {\n  width: 100%;\n}\n<\/style>\n\t<\/div>\n\t\n\n\n\t\t<\/div>\n\t\t\t\t\t<\/div>\n\n\t\n\n<\/div>\n<h2 style=\"text-align: center;\"><strong>Types de rap\u00e9<\/strong><\/h2>\n<p>Les vari\u00e9t\u00e9s de rap\u00e9 avec une proportion plus \u00e9lev\u00e9e de cendre sont plus claires et plus grises ; Elles sont consid\u00e9r\u00e9es comme des vari\u00e9t\u00e9s <strong>\u00ab a\u00e9riennes \u00bb<\/strong>, leur effet est plus stimulant et elles sont indiqu\u00e9es pour les situations dans lesquelles nous souhaitons nous \u00e9lever et flotter, en nous connectant au subtil et au divin. Ce sont des vari\u00e9t\u00e9s g\u00e9n\u00e9ralement plus recommand\u00e9es pour les d\u00e9butants.<\/p>\n<p>Les vari\u00e9t\u00e9s de rap\u00e9 avec une proportion plus \u00e9lev\u00e9e de mapacho sont plus fonc\u00e9es et plus brunes ; Ce sont des vari\u00e9t\u00e9s <strong>\u00ab Terre \u00bb<\/strong>, leur effet est plus s\u00e9datif, et elles sont indiqu\u00e9es pour se connecter avec la profondeur, les racines, les anc\u00eatres. Ce sont des vari\u00e9t\u00e9s indiqu\u00e9es pour les utilisateurs plus avanc\u00e9s.<\/p>\n<p>Entre ces deux extr\u00eames, il existe une large gamme de vari\u00e9t\u00e9s, chacune avec son propre esprit et ses propres subtilit\u00e9s, qui d\u00e9termineront si le Rap\u00e9 a des pouvoirs de gu\u00e9rison, de concentration, de guerrier ou d&rsquo;autres connexions.<\/p>\n<p>Certains tabacs \u00e0 priser portent le nom des tribus qui les utilisent, comme les tribus Yawanawa, Nukini, Manchinery et Katukina.<\/p>\n<div class=\"row\"  id=\"row-60139374\">\n\n\n\t<div id=\"col-1995367136\" class=\"col medium-6 small-12 large-6\"  >\n\t\t\t\t<div class=\"col-inner\"  >\n\t\t\t\n\t\t\t\n\n\t<div class=\"img has-hover x md-x lg-x y md-y lg-y\" id=\"image_1267604496\">\n\t\t\t\t\t\t\t\t<div class=\"img-inner dark\" >\n\t\t\t<img loading=\"lazy\" decoding=\"async\" width=\"868\" height=\"563\" src=\"https:\/\/www.sinchisinchi.com\/wp-content\/uploads\/2024\/07\/R-dibujos-de-rape3-2.jpg\" class=\"attachment-large size-large\" alt=\"\" srcset=\"https:\/\/www.sinchisinchi.com\/wp-content\/uploads\/2024\/07\/R-dibujos-de-rape3-2.jpg 868w, https:\/\/www.sinchisinchi.com\/wp-content\/uploads\/2024\/07\/R-dibujos-de-rape3-2-600x389.jpg 600w, https:\/\/www.sinchisinchi.com\/wp-content\/uploads\/2024\/07\/R-dibujos-de-rape3-2-768x498.jpg 768w, https:\/\/www.sinchisinchi.com\/wp-content\/uploads\/2024\/07\/R-dibujos-de-rape3-2-247x160.jpg 247w, https:\/\/www.sinchisinchi.com\/wp-content\/uploads\/2024\/07\/R-dibujos-de-rape3-2-510x331.jpg 510w\" sizes=\"auto, (max-width: 868px) 100vw, 868px\" \/>\t\t\t\t\t\t\n\t\t\t\t\t<\/div>\n\t\t\t\t\t\t\t\t\n<style>\n#image_1267604496 {\n  width: 100%;\n}\n<\/style>\n\t<\/div>\n\t\n\n\n\t\t<\/div>\n\t\t\t\t\t<\/div>\n\n\t\n\n\t<div id=\"col-560697184\" class=\"col medium-6 small-12 large-6\"  >\n\t\t\t\t<div class=\"col-inner\"  >\n\t\t\t\n\t\t\t\n\n\t<div class=\"img has-hover x md-x lg-x y md-y lg-y\" id=\"image_1115169827\">\n\t\t\t\t\t\t\t\t<div class=\"img-inner dark\" >\n\t\t\t<img loading=\"lazy\" decoding=\"async\" width=\"868\" height=\"563\" src=\"https:\/\/www.sinchisinchi.com\/wp-content\/uploads\/2024\/07\/R-toma-de-rape3-1.jpg\" class=\"attachment-large size-large\" alt=\"\" srcset=\"https:\/\/www.sinchisinchi.com\/wp-content\/uploads\/2024\/07\/R-toma-de-rape3-1.jpg 868w, https:\/\/www.sinchisinchi.com\/wp-content\/uploads\/2024\/07\/R-toma-de-rape3-1-600x389.jpg 600w, https:\/\/www.sinchisinchi.com\/wp-content\/uploads\/2024\/07\/R-toma-de-rape3-1-768x498.jpg 768w, https:\/\/www.sinchisinchi.com\/wp-content\/uploads\/2024\/07\/R-toma-de-rape3-1-247x160.jpg 247w, https:\/\/www.sinchisinchi.com\/wp-content\/uploads\/2024\/07\/R-toma-de-rape3-1-510x331.jpg 510w\" sizes=\"auto, (max-width: 868px) 100vw, 868px\" \/>\t\t\t\t\t\t\n\t\t\t\t\t<\/div>\n\t\t\t\t\t\t\t\t\n<style>\n#image_1115169827 {\n  width: 100%;\n}\n<\/style>\n\t<\/div>\n\t\n\n\n\t\t<\/div>\n\t\t\t\t\t<\/div>\n\n\t\n\n<\/div>\n<h2 style=\"text-align: center;\"><strong>Utilisation appropri\u00e9e<\/strong><\/h2>\n<p>Le rap\u00e9 est une m\u00e9decine ancestrale, et sa consommation appropri\u00e9e nous apporte gu\u00e9rison, force et connexion avec l&rsquo;univers et avec nous-m\u00eames. Pour que ce soit un outil de gu\u00e9rison et non une pratique autodestructrice, nous devons l\u2019utiliser de mani\u00e8re ancestrale, avec une intention pure et un grand respect, et comprendre que prendre du tabac est un chemin d\u2019apprentissage.<\/p>\n<p>En Occident, on a tendance \u00e0 se d\u00e9connecter de sa finalit\u00e9 m\u00e9dicinale et sacr\u00e9e, en lui donnant un usage social et superficiel dans des contextes inappropri\u00e9s. Bien utilis\u00e9, le tabac \u00e0 priser est un merveilleux alli\u00e9 et un compagnon de voyage. Lors de l\u2019achat du rap\u00e9, veillons \u00e0 lui redonner sa place de m\u00e9dicament ancestral de gu\u00e9rison du corps et de l\u2019esprit.<\/p>\n<h3 style=\"text-align: center;\"><strong>\u00c0 quelle fr\u00e9quence est-il appropri\u00e9 de prendre du rap\u00e9 ?<\/strong><\/h3>\n<p>Lorsque vous achetez du rap\u00e9 \u00e0 priser, vous acqu\u00e9rez un outil puissant avec lequel perfectionner l\u2019une de nos armes les plus pr\u00e9cieuses : l\u2019esprit. Le dosage et la fr\u00e9quence d\u00e9pendent du besoin spirituel r\u00e9el et conscient de l\u2019individu, comme pour tout m\u00e9dicament ; de la relation de chacun avec elle et du moment de son \u00e9volution.<\/p>\n<p>Dans le cas du rap\u00e9 \u00e0 priser, l\u2019usage correct se mesure davantage \u00e0 la qualit\u00e9 de la consommation qu\u2019\u00e0 la quantit\u00e9 ; en respectant son caract\u00e8re sacr\u00e9 et en y mettant toujours une pri\u00e8re lumineuse et une intention pure.<\/p>\n<p>Il est connu que les exc\u00e8s et les extr\u00eames ne sont g\u00e9n\u00e9ralement pas un bon rem\u00e8de. Il est fr\u00e9quent, au d\u00e9but de la relation avec le Rap\u00e9, d&rsquo;avoir une faim excessive de prendre plusieurs doses par jour, et d&rsquo;explorer et de ressentir ses effets physiques.<\/p>\n<p>Ce n&rsquo;est pas un motif d&rsquo;inqui\u00e9tude, tant que le rituel est utilis\u00e9 correctement, car avec le temps, la relation devient \u00e9quilibr\u00e9e et l&rsquo;\u00e9tudiant commence \u00e0 appr\u00e9cier ses effets \u00e9nerg\u00e9tiques et spirituels au-del\u00e0 des sensations physiques, et naturellement, on commence \u00e0 l&rsquo;utiliser lorsque le rituel est utilis\u00e9 correctement. l&rsquo;esprit l&rsquo;exige.<\/p>\n<div class=\"row\"  id=\"row-748208206\">\n\n\n\t<div id=\"col-465713505\" class=\"col medium-6 small-12 large-6\"  >\n\t\t\t\t<div class=\"col-inner\"  >\n\t\t\t\n\t\t\t\n\n\t<div class=\"img has-hover x md-x lg-x y md-y lg-y\" id=\"image_879694833\">\n\t\t\t\t\t\t\t\t<div class=\"img-inner dark\" >\n\t\t\t<img loading=\"lazy\" decoding=\"async\" width=\"868\" height=\"563\" src=\"https:\/\/www.sinchisinchi.com\/wp-content\/uploads\/2024\/07\/R-toma-de-rape2-1.jpg\" class=\"attachment-large size-large\" alt=\"\" srcset=\"https:\/\/www.sinchisinchi.com\/wp-content\/uploads\/2024\/07\/R-toma-de-rape2-1.jpg 868w, https:\/\/www.sinchisinchi.com\/wp-content\/uploads\/2024\/07\/R-toma-de-rape2-1-600x389.jpg 600w, https:\/\/www.sinchisinchi.com\/wp-content\/uploads\/2024\/07\/R-toma-de-rape2-1-768x498.jpg 768w, https:\/\/www.sinchisinchi.com\/wp-content\/uploads\/2024\/07\/R-toma-de-rape2-1-247x160.jpg 247w, https:\/\/www.sinchisinchi.com\/wp-content\/uploads\/2024\/07\/R-toma-de-rape2-1-510x331.jpg 510w\" sizes=\"auto, (max-width: 868px) 100vw, 868px\" \/>\t\t\t\t\t\t\n\t\t\t\t\t<\/div>\n\t\t\t\t\t\t\t\t\n<style>\n#image_879694833 {\n  width: 100%;\n}\n<\/style>\n\t<\/div>\n\t\n\n\n\t\t<\/div>\n\t\t\t\t\t<\/div>\n\n\t\n\n\t<div id=\"col-87071415\" class=\"col medium-6 small-12 large-6\"  >\n\t\t\t\t<div class=\"col-inner\"  >\n\t\t\t\n\t\t\t\n\n\t<div class=\"img has-hover x md-x lg-x y md-y lg-y\" id=\"image_967580783\">\n\t\t\t\t\t\t\t\t<div class=\"img-inner dark\" >\n\t\t\t<img loading=\"lazy\" decoding=\"async\" width=\"868\" height=\"563\" src=\"https:\/\/www.sinchisinchi.com\/wp-content\/uploads\/2024\/07\/R-Planta-del-mapacho5-1.jpg\" class=\"attachment-large size-large\" alt=\"\" srcset=\"https:\/\/www.sinchisinchi.com\/wp-content\/uploads\/2024\/07\/R-Planta-del-mapacho5-1.jpg 868w, https:\/\/www.sinchisinchi.com\/wp-content\/uploads\/2024\/07\/R-Planta-del-mapacho5-1-600x389.jpg 600w, https:\/\/www.sinchisinchi.com\/wp-content\/uploads\/2024\/07\/R-Planta-del-mapacho5-1-768x498.jpg 768w, https:\/\/www.sinchisinchi.com\/wp-content\/uploads\/2024\/07\/R-Planta-del-mapacho5-1-247x160.jpg 247w, https:\/\/www.sinchisinchi.com\/wp-content\/uploads\/2024\/07\/R-Planta-del-mapacho5-1-510x331.jpg 510w\" sizes=\"auto, (max-width: 868px) 100vw, 868px\" \/>\t\t\t\t\t\t\n\t\t\t\t\t<\/div>\n\t\t\t\t\t\t\t\t\n<style>\n#image_967580783 {\n  width: 100%;\n}\n<\/style>\n\t<\/div>\n\t\n\n\n\t\t<\/div>\n\t\t\t\t\t<\/div>\n\n\t\n\n<\/div>\n<h2 style=\"text-align: center;\"><strong>Histoire du rap\u00e9 en Europe<\/strong><\/h2>\n<p><strong>Le moine Ram\u00f3n Pane,<\/strong> qui accompagna Colomb lors de son deuxi\u00e8me voyage aux Am\u00e9riques en 1493, observa que les indig\u00e8nes de la r\u00e9gion qui correspond aujourd&rsquo;hui \u00e0 Ha\u00efti absorbaient la Nicotiana \u00e0 l&rsquo;aide d&rsquo;une canne, et la m\u00eame coutume \u00e9tait observ\u00e9e par les Portugais chez les peuples indig\u00e8nes de Br\u00e9sil.<\/p>\n<p>Sur ordre de Philippe II, le m\u00e9decin et botaniste Francisco Hern\u00e1ndez de Boncalo fut celui qui introduisit les premi\u00e8res graines de tabac en Europe en 1577, et elles furent plant\u00e9es dans les environs de Tol\u00e8de.\u200b<\/p>\n<p>En 1561, l&rsquo;ambassadeur de France \u00e0 Lisbonne, <strong>Jean<\/strong> <strong>Nicot,<\/strong> envoya du tabac \u00e0 priser \u00e0 Catherine de M\u00e9dicis, \u00e9pouse du roi Henri II de France, comme traitement m\u00e9dicinal pour les migraines de son fils. Elle tomba amoureuse du tabac \u00e0 priser, et celui-ci devint populaire comme rem\u00e8de m\u00e9dicinal et r\u00e9cr\u00e9atif parmi l&rsquo;\u00e9lite.<\/p>\n<p>Il commen\u00e7a bient\u00f4t \u00e0 \u00eatre consomm\u00e9 en Europe parmi les groupes les plus riches, car le rap\u00e9, sous toutes ses formes, \u00e9tait alors un produit de luxe.<\/p>\n<p>C&rsquo;est au XVIIIe si\u00e8cle que le rap\u00e9 \u00e0 priser devient une mode r\u00e9pandue parmi l&rsquo;aristocratie europ\u00e9enne. Fumer du tabac \u00e9tait r\u00e9serv\u00e9 aux masses, et la consommation de tabac \u00e0 priser devint le rituel social et coutumier le plus important en Europe dans les soci\u00e9t\u00e9s bourgeoises et aristocratiques.<\/p>\n<p>Au d\u00e9but du XXe si\u00e8cle en Angleterre, le tabac \u00e0 priser n&rsquo;\u00e9tait fum\u00e9 que dans les bars de la classe inf\u00e9rieure, car les aristocrates pouvaient acheter du tabac \u00e0 priser et ils n&rsquo;en consommaient que.<\/p>\n<p>Ainsi, le tabac \u00e0 priser devient peu \u00e0 peu un alli\u00e9 indissociable de la noblesse. Louis XIII, Charles II d&rsquo;Angleterre, Fr\u00e9d\u00e9ric le Grand, Guillaume III et son \u00e9pouse, Napol\u00e9on, Georges III et son \u00e9pouse Beno\u00eet XIII et bien d&rsquo;autres aristocrates \u00e9taient des consommateurs r\u00e9guliers de rap\u00e9 \u00e0 priser.<\/p>\n<div class=\"row align-bottom\"  id=\"row-247130368\">\n\n\n\t<div id=\"col-1302629614\" class=\"col medium-4 small-12 large-4\"  >\n\t\t\t\t<div class=\"col-inner\"  >\n\t\t\t\n\t\t\t\n\n\n\t\t<\/div>\n\t\t\t\t\t<\/div>\n\n\t\n\n\t<div id=\"col-201246026\" class=\"col medium-4 small-12 large-4\"  >\n\t\t\t\t<div class=\"col-inner\"  >\n\t\t\t\n\t\t\t\n\n<a href=\"https:\/\/www.sinchisinchi.com\/es\/conocimiento\/rape-significado\/rape-medicinal\/\" class=\"button primary is-underline reveal-icon expand\" >\n\t\t<span>Continuer la lecture<\/span>\n\t<i class=\"icon-angle-right\" aria-hidden=\"true\"><\/i><\/a>\n\n\n\n\t\t<\/div>\n\t\t\t\t\t<\/div>\n\n\t\n\n\t<div id=\"col-1191608471\" class=\"col medium-4 small-12 large-4\"  >\n\t\t\t\t<div class=\"col-inner\"  >\n\t\t\t\n\t\t\t\n\n\n\t\t<\/div>\n\t\t\t\t\t<\/div>\n\n\t\n\n<\/div>\n\n","protected":false},"excerpt":{"rendered":"","protected":false},"author":1,"featured_media":0,"parent":24674,"menu_order":0,"comment_status":"closed","ping_status":"closed","template":"","meta":{"_joinchat":[],"footnotes":""},"class_list":["post-25250","page","type-page","status-publish","hentry"],"yoast_head":"<!-- This site is optimized with the Yoast SEO plugin v27.4 - https:\/\/yoast.com\/product\/yoast-seo-wordpress\/ -->\n<title>Qu&#039;est-ce que le Rap\u00e9 ? Signification ancestrale du Rap\u00e9 et son utilisation sacr\u00e9e<\/title>\n<meta name=\"description\" content=\"Le rap\u00e9 est un m\u00e9dicament sacr\u00e9, utilis\u00e9 depuis des milliers d&#039;ann\u00e9es par diff\u00e9rentes tribus qui peuplent l&#039;Amazonie, et un excellent outil pour...\" \/>\n<meta name=\"robots\" content=\"index, follow, max-snippet:-1, max-image-preview:large, max-video-preview:-1\" \/>\n<link rel=\"canonical\" href=\"https:\/\/www.sinchisinchi.com\/fr\/connaissance\/quest-ce-que-le-rape\/\" \/>\n<meta property=\"og:locale\" content=\"fr_FR\" \/>\n<meta property=\"og:type\" content=\"article\" \/>\n<meta property=\"og:title\" content=\"Qu&#039;est-ce que le Rap\u00e9 ? Signification ancestrale du Rap\u00e9 et son utilisation sacr\u00e9e\" \/>\n<meta property=\"og:description\" content=\"Le rap\u00e9 est un m\u00e9dicament sacr\u00e9, utilis\u00e9 depuis des milliers d&#039;ann\u00e9es par diff\u00e9rentes tribus qui peuplent l&#039;Amazonie, et un excellent outil pour...\" \/>\n<meta property=\"og:url\" content=\"https:\/\/www.sinchisinchi.com\/fr\/connaissance\/quest-ce-que-le-rape\/\" \/>\n<meta property=\"og:site_name\" content=\"SINCHI RAP\u00c9\" \/>\n<meta property=\"article:publisher\" content=\"https:\/\/www.facebook.com\/sinchirape\/\" \/>\n<meta property=\"article:modified_time\" content=\"2026-03-04T18:55:59+00:00\" \/>\n<meta name=\"twitter:card\" content=\"summary_large_image\" \/>\n<meta name=\"twitter:label1\" content=\"Dur\u00e9e de lecture estim\u00e9e\" \/>\n\t<meta name=\"twitter:data1\" content=\"6 minutes\" \/>\n<script type=\"application\/ld+json\" class=\"yoast-schema-graph\">{\"@context\":\"https:\\\/\\\/schema.org\",\"@graph\":[{\"@type\":\"WebPage\",\"@id\":\"https:\\\/\\\/www.sinchisinchi.com\\\/fr\\\/connaissance\\\/quest-ce-que-le-rape\\\/\",\"url\":\"https:\\\/\\\/www.sinchisinchi.com\\\/fr\\\/connaissance\\\/quest-ce-que-le-rape\\\/\",\"name\":\"Qu'est-ce que le Rap\u00e9 ? Signification ancestrale du Rap\u00e9 et son utilisation sacr\u00e9e\",\"isPartOf\":{\"@id\":\"https:\\\/\\\/www.sinchisinchi.com\\\/fr\\\/#website\"},\"datePublished\":\"2025-01-30T14:36:27+00:00\",\"dateModified\":\"2026-03-04T18:55:59+00:00\",\"description\":\"Le rap\u00e9 est un m\u00e9dicament sacr\u00e9, utilis\u00e9 depuis des milliers d'ann\u00e9es par diff\u00e9rentes tribus qui peuplent l'Amazonie, et un excellent outil pour...\",\"breadcrumb\":{\"@id\":\"https:\\\/\\\/www.sinchisinchi.com\\\/fr\\\/connaissance\\\/quest-ce-que-le-rape\\\/#breadcrumb\"},\"inLanguage\":\"fr-FR\",\"potentialAction\":[{\"@type\":\"ReadAction\",\"target\":[\"https:\\\/\\\/www.sinchisinchi.com\\\/fr\\\/connaissance\\\/quest-ce-que-le-rape\\\/\"]}]},{\"@type\":\"BreadcrumbList\",\"@id\":\"https:\\\/\\\/www.sinchisinchi.com\\\/fr\\\/connaissance\\\/quest-ce-que-le-rape\\\/#breadcrumb\",\"itemListElement\":[{\"@type\":\"ListItem\",\"position\":1,\"name\":\"Prima pagina\",\"item\":\"https:\\\/\\\/www.sinchisinchi.com\\\/fr\\\/\"},{\"@type\":\"ListItem\",\"position\":2,\"name\":\"Connaissance\",\"item\":\"https:\\\/\\\/www.sinchisinchi.com\\\/fr\\\/connaissance\\\/\"},{\"@type\":\"ListItem\",\"position\":3,\"name\":\"Qu&#8217;est-ce que le rap\u00e9\"}]},{\"@type\":\"WebSite\",\"@id\":\"https:\\\/\\\/www.sinchisinchi.com\\\/fr\\\/#website\",\"url\":\"https:\\\/\\\/www.sinchisinchi.com\\\/fr\\\/\",\"name\":\"SINCHI\",\"description\":\"Sinchi Medicine\",\"publisher\":{\"@id\":\"https:\\\/\\\/www.sinchisinchi.com\\\/fr\\\/#organization\"},\"potentialAction\":[{\"@type\":\"SearchAction\",\"target\":{\"@type\":\"EntryPoint\",\"urlTemplate\":\"https:\\\/\\\/www.sinchisinchi.com\\\/fr\\\/?s={search_term_string}\"},\"query-input\":{\"@type\":\"PropertyValueSpecification\",\"valueRequired\":true,\"valueName\":\"search_term_string\"}}],\"inLanguage\":\"fr-FR\"},{\"@type\":\"Organization\",\"@id\":\"https:\\\/\\\/www.sinchisinchi.com\\\/fr\\\/#organization\",\"name\":\"SINCHI S.L\",\"url\":\"https:\\\/\\\/www.sinchisinchi.com\\\/fr\\\/\",\"logo\":{\"@type\":\"ImageObject\",\"inLanguage\":\"fr-FR\",\"@id\":\"https:\\\/\\\/www.sinchisinchi.com\\\/fr\\\/#\\\/schema\\\/logo\\\/image\\\/\",\"url\":\"https:\\\/\\\/www.sinchisinchi.com\\\/wp-content\\\/uploads\\\/2026\\\/01\\\/3b-Verde-SIMPLIFICADO-HORIZONTAL-F-TRANSPARENTE-scaled.png\",\"contentUrl\":\"https:\\\/\\\/www.sinchisinchi.com\\\/wp-content\\\/uploads\\\/2026\\\/01\\\/3b-Verde-SIMPLIFICADO-HORIZONTAL-F-TRANSPARENTE-scaled.png\",\"width\":2560,\"height\":457,\"caption\":\"SINCHI S.L\"},\"image\":{\"@id\":\"https:\\\/\\\/www.sinchisinchi.com\\\/fr\\\/#\\\/schema\\\/logo\\\/image\\\/\"},\"sameAs\":[\"https:\\\/\\\/www.facebook.com\\\/sinchirape\\\/\",\"https:\\\/\\\/www.instagram.com\\\/sinchi_rape\\\/\"]}]}<\/script>\n<!-- \/ Yoast SEO plugin. -->","yoast_head_json":{"title":"Qu'est-ce que le Rap\u00e9 ? Signification ancestrale du Rap\u00e9 et son utilisation sacr\u00e9e","description":"Le rap\u00e9 est un m\u00e9dicament sacr\u00e9, utilis\u00e9 depuis des milliers d'ann\u00e9es par diff\u00e9rentes tribus qui peuplent l'Amazonie, et un excellent outil pour...","robots":{"index":"index","follow":"follow","max-snippet":"max-snippet:-1","max-image-preview":"max-image-preview:large","max-video-preview":"max-video-preview:-1"},"canonical":"https:\/\/www.sinchisinchi.com\/fr\/connaissance\/quest-ce-que-le-rape\/","og_locale":"fr_FR","og_type":"article","og_title":"Qu'est-ce que le Rap\u00e9 ? Signification ancestrale du Rap\u00e9 et son utilisation sacr\u00e9e","og_description":"Le rap\u00e9 est un m\u00e9dicament sacr\u00e9, utilis\u00e9 depuis des milliers d'ann\u00e9es par diff\u00e9rentes tribus qui peuplent l'Amazonie, et un excellent outil pour...","og_url":"https:\/\/www.sinchisinchi.com\/fr\/connaissance\/quest-ce-que-le-rape\/","og_site_name":"SINCHI RAP\u00c9","article_publisher":"https:\/\/www.facebook.com\/sinchirape\/","article_modified_time":"2026-03-04T18:55:59+00:00","twitter_card":"summary_large_image","twitter_misc":{"Dur\u00e9e de lecture estim\u00e9e":"6 minutes"},"schema":{"@context":"https:\/\/schema.org","@graph":[{"@type":"WebPage","@id":"https:\/\/www.sinchisinchi.com\/fr\/connaissance\/quest-ce-que-le-rape\/","url":"https:\/\/www.sinchisinchi.com\/fr\/connaissance\/quest-ce-que-le-rape\/","name":"Qu'est-ce que le Rap\u00e9 ? Signification ancestrale du Rap\u00e9 et son utilisation sacr\u00e9e","isPartOf":{"@id":"https:\/\/www.sinchisinchi.com\/fr\/#website"},"datePublished":"2025-01-30T14:36:27+00:00","dateModified":"2026-03-04T18:55:59+00:00","description":"Le rap\u00e9 est un m\u00e9dicament sacr\u00e9, utilis\u00e9 depuis des milliers d'ann\u00e9es par diff\u00e9rentes tribus qui peuplent l'Amazonie, et un excellent outil pour...","breadcrumb":{"@id":"https:\/\/www.sinchisinchi.com\/fr\/connaissance\/quest-ce-que-le-rape\/#breadcrumb"},"inLanguage":"fr-FR","potentialAction":[{"@type":"ReadAction","target":["https:\/\/www.sinchisinchi.com\/fr\/connaissance\/quest-ce-que-le-rape\/"]}]},{"@type":"BreadcrumbList","@id":"https:\/\/www.sinchisinchi.com\/fr\/connaissance\/quest-ce-que-le-rape\/#breadcrumb","itemListElement":[{"@type":"ListItem","position":1,"name":"Prima pagina","item":"https:\/\/www.sinchisinchi.com\/fr\/"},{"@type":"ListItem","position":2,"name":"Connaissance","item":"https:\/\/www.sinchisinchi.com\/fr\/connaissance\/"},{"@type":"ListItem","position":3,"name":"Qu&#8217;est-ce que le rap\u00e9"}]},{"@type":"WebSite","@id":"https:\/\/www.sinchisinchi.com\/fr\/#website","url":"https:\/\/www.sinchisinchi.com\/fr\/","name":"SINCHI","description":"Sinchi Medicine","publisher":{"@id":"https:\/\/www.sinchisinchi.com\/fr\/#organization"},"potentialAction":[{"@type":"SearchAction","target":{"@type":"EntryPoint","urlTemplate":"https:\/\/www.sinchisinchi.com\/fr\/?s={search_term_string}"},"query-input":{"@type":"PropertyValueSpecification","valueRequired":true,"valueName":"search_term_string"}}],"inLanguage":"fr-FR"},{"@type":"Organization","@id":"https:\/\/www.sinchisinchi.com\/fr\/#organization","name":"SINCHI S.L","url":"https:\/\/www.sinchisinchi.com\/fr\/","logo":{"@type":"ImageObject","inLanguage":"fr-FR","@id":"https:\/\/www.sinchisinchi.com\/fr\/#\/schema\/logo\/image\/","url":"https:\/\/www.sinchisinchi.com\/wp-content\/uploads\/2026\/01\/3b-Verde-SIMPLIFICADO-HORIZONTAL-F-TRANSPARENTE-scaled.png","contentUrl":"https:\/\/www.sinchisinchi.com\/wp-content\/uploads\/2026\/01\/3b-Verde-SIMPLIFICADO-HORIZONTAL-F-TRANSPARENTE-scaled.png","width":2560,"height":457,"caption":"SINCHI S.L"},"image":{"@id":"https:\/\/www.sinchisinchi.com\/fr\/#\/schema\/logo\/image\/"},"sameAs":["https:\/\/www.facebook.com\/sinchirape\/","https:\/\/www.instagram.com\/sinchi_rape\/"]}]}},"_links":{"self":[{"href":"https:\/\/www.sinchisinchi.com\/fr\/wp-json\/wp\/v2\/pages\/25250","targetHints":{"allow":["GET"]}}],"collection":[{"href":"https:\/\/www.sinchisinchi.com\/fr\/wp-json\/wp\/v2\/pages"}],"about":[{"href":"https:\/\/www.sinchisinchi.com\/fr\/wp-json\/wp\/v2\/types\/page"}],"author":[{"embeddable":true,"href":"https:\/\/www.sinchisinchi.com\/fr\/wp-json\/wp\/v2\/users\/1"}],"replies":[{"embeddable":true,"href":"https:\/\/www.sinchisinchi.com\/fr\/wp-json\/wp\/v2\/comments?post=25250"}],"version-history":[{"count":1,"href":"https:\/\/www.sinchisinchi.com\/fr\/wp-json\/wp\/v2\/pages\/25250\/revisions"}],"predecessor-version":[{"id":30228,"href":"https:\/\/www.sinchisinchi.com\/fr\/wp-json\/wp\/v2\/pages\/25250\/revisions\/30228"}],"up":[{"embeddable":true,"href":"https:\/\/www.sinchisinchi.com\/fr\/wp-json\/wp\/v2\/pages\/24674"}],"wp:attachment":[{"href":"https:\/\/www.sinchisinchi.com\/fr\/wp-json\/wp\/v2\/media?parent=25250"}],"curies":[{"name":"wp","href":"https:\/\/api.w.org\/{rel}","templated":true}]}}