{"id":25268,"date":"2025-01-30T15:19:21","date_gmt":"2025-01-30T15:19:21","guid":{"rendered":"https:\/\/www.sinchisinchi.com\/connaissance\/quest-ce-que-le-rape\/effets-du-rape\/"},"modified":"2026-03-04T20:08:10","modified_gmt":"2026-03-04T20:08:10","slug":"effets-du-rape","status":"publish","type":"page","link":"https:\/\/www.sinchisinchi.com\/fr\/connaissance\/quest-ce-que-le-rape\/effets-du-rape\/","title":{"rendered":"Effets du Rap\u00e9"},"content":{"rendered":"\n<h1 style=\"text-align: center;\">Effets du rap\u00e9<\/h1>\n<h2 style=\"text-align: center;\">Bienfaits du Rap\u00e9 sur le plan \u00e9nerg\u00e9tique et \u00e9motionnel :<\/h2>\n<p>Pour les tribus amazoniennes, le rap\u00e9 est un outil puissant qui nettoie la perception, clarifie l&rsquo;esprit et ouvre les canaux \u00e9nerg\u00e9tiques sup\u00e9rieurs, nous connectant \u00e0 la partie la plus \u00e9lev\u00e9e de l&rsquo;\u00eatre.<\/p>\n<p>En<strong> arr\u00eatant le dialogue int\u00e9rieur,<\/strong> le rap\u00e9 aide \u00e0 \u00eatre v\u00e9ritablement pr\u00e9sent et \u00e0 voir au-del\u00e0 des interpr\u00e9tations, induisant un \u00e9tat m\u00e9ditatif direct. C&rsquo;est une aide pr\u00e9cieuse pour calmer les processus mentaux r\u00e9currents et pour r\u00e9\u00e9quilibrer les \u00e9tats \u00e9motionnels d\u00e9s\u00e9quilibr\u00e9s.<\/p>\n<p>Lorsqu&rsquo;il est utilis\u00e9 correctement, le rap\u00e9 est un moyen direct de prendre <strong>conscience, de d\u00e9bloquer et de gu\u00e9rir<\/strong> ces fardeaux \u00e9nerg\u00e9tiques et \u00e9motionnels qui se traduisent par des peurs, de la d\u00e9pression, de l&rsquo;anxi\u00e9t\u00e9, des sentiments d&rsquo;abandon, de jalousie, de frustration, d&rsquo;insomnie, etc.<\/p>\n<p>Avoir une <strong>clart\u00e9 mentale<\/strong> est d\u2019une grande aide lorsqu\u2019une forte concentration est requise, car cela induit un \u00e9tat m\u00e9ditatif.<\/p>\n<p>Lors de la r\u00e9ception du tabac \u00e0 priser, le m\u00e9dicament monte, nettoyant, ordonnant et alignant le champ \u00e9nerg\u00e9tique, en particulier les chakras du troisi\u00e8me \u0153il et de la couronne. Les rondes de rap\u00e9 dans les cercles de m\u00e9decine, ainsi que dans la prise d&rsquo;ayahuasca ou d&rsquo;autres plantes ma\u00eetresses, servent \u00e0 synchroniser et \u00e0 aligner l&rsquo;attention et la perception des participants.<\/p>\n<div class=\"row\"  id=\"row-1671990431\">\n\n\n\t<div id=\"col-252474181\" class=\"col medium-6 small-12 large-6\"  >\n\t\t\t\t<div class=\"col-inner\"  >\n\t\t\t\n\t\t\t\n\n\t<div class=\"img has-hover x md-x lg-x y md-y lg-y\" id=\"image_789712689\">\n\t\t\t\t\t\t\t\t<div class=\"img-inner dark\" >\n\t\t\t<img loading=\"lazy\" decoding=\"async\" width=\"868\" height=\"563\" src=\"https:\/\/www.sinchisinchi.com\/wp-content\/uploads\/2024\/07\/R-dibujos-de-rape2-1.jpg\" class=\"attachment-large size-large\" alt=\"\" srcset=\"https:\/\/www.sinchisinchi.com\/wp-content\/uploads\/2024\/07\/R-dibujos-de-rape2-1.jpg 868w, https:\/\/www.sinchisinchi.com\/wp-content\/uploads\/2024\/07\/R-dibujos-de-rape2-1-600x389.jpg 600w, https:\/\/www.sinchisinchi.com\/wp-content\/uploads\/2024\/07\/R-dibujos-de-rape2-1-768x498.jpg 768w, https:\/\/www.sinchisinchi.com\/wp-content\/uploads\/2024\/07\/R-dibujos-de-rape2-1-247x160.jpg 247w, https:\/\/www.sinchisinchi.com\/wp-content\/uploads\/2024\/07\/R-dibujos-de-rape2-1-510x331.jpg 510w\" sizes=\"auto, (max-width: 868px) 100vw, 868px\" \/>\t\t\t\t\t\t\n\t\t\t\t\t<\/div>\n\t\t\t\t\t\t\t\t\n<style>\n#image_789712689 {\n  width: 100%;\n}\n<\/style>\n\t<\/div>\n\t\n\n\n\t\t<\/div>\n\t\t\t\t\t<\/div>\n\n\t\n\n\t<div id=\"col-58185118\" class=\"col medium-6 small-12 large-6\"  >\n\t\t\t\t<div class=\"col-inner\"  >\n\t\t\t\n\t\t\t\n\n\t<div class=\"img has-hover x md-x lg-x y md-y lg-y\" id=\"image_922959964\">\n\t\t\t\t\t\t\t\t<div class=\"img-inner dark\" >\n\t\t\t<img loading=\"lazy\" decoding=\"async\" width=\"868\" height=\"563\" src=\"https:\/\/www.sinchisinchi.com\/wp-content\/uploads\/2024\/07\/R-Flor-del-mapacho2-3.jpg\" class=\"attachment-large size-large\" alt=\"\" srcset=\"https:\/\/www.sinchisinchi.com\/wp-content\/uploads\/2024\/07\/R-Flor-del-mapacho2-3.jpg 868w, https:\/\/www.sinchisinchi.com\/wp-content\/uploads\/2024\/07\/R-Flor-del-mapacho2-3-600x389.jpg 600w, https:\/\/www.sinchisinchi.com\/wp-content\/uploads\/2024\/07\/R-Flor-del-mapacho2-3-768x498.jpg 768w, https:\/\/www.sinchisinchi.com\/wp-content\/uploads\/2024\/07\/R-Flor-del-mapacho2-3-247x160.jpg 247w, https:\/\/www.sinchisinchi.com\/wp-content\/uploads\/2024\/07\/R-Flor-del-mapacho2-3-510x331.jpg 510w\" sizes=\"auto, (max-width: 868px) 100vw, 868px\" \/>\t\t\t\t\t\t\n\t\t\t\t\t<\/div>\n\t\t\t\t\t\t\t\t\n<style>\n#image_922959964 {\n  width: 100%;\n}\n<\/style>\n\t<\/div>\n\t\n\n\n\t\t<\/div>\n\t\t\t\t\t<\/div>\n\n\t\n\n<\/div>\n<h2 style=\"text-align: center;\">Bienfaits du Rap\u00e9 sur le plan physique :<\/h2>\n<p>Les<strong> effets<\/strong> du Rap\u00e9 sur le plan physique sont \u00e9galement pr\u00e9cieux : il est tr\u00e8s efficace dans le traitement des probl\u00e8mes du syst\u00e8me respiratoire, notamment la sinusite, la bronchite chronique, la pneumonie et la tuberculose. Il est \u00e9galement efficace contre les maux de t\u00eate persistants, les migraines, les probl\u00e8mes du syst\u00e8me digestif et les allergies.<\/p>\n<p>Le rap\u00e9 <strong>immunise<\/strong> \u00e9galement contre les maladies du syst\u00e8me respiratoire, est un analg\u00e9sique puissant, \u00e9liminant les maux de t\u00eate et les courbatures, et est relaxant et antipyr\u00e9tique.<\/p>\n<p>Une partie peut \u00eatre transmise au syst\u00e8me digestif, o\u00f9 elle vermifuge et aide \u00e0 nettoyer l\u2019estomac et les intestins. Dans le cadre de ce nettoyage, des vomissements peuvent survenir.<\/p>\n<p>De plus, <strong>le Rap\u00e9 est connu pour agir sur la glande pin\u00e9ale.<\/strong> La gestalt-th\u00e9rapeute et sp\u00e9cialiste de l&rsquo;utilisation des plantes m\u00e9dicinales, Hendara Rico, a d\u00e9clar\u00e9 au journal Efe que \u00ab La glande pin\u00e9ale, \u00e0 travers certaines substances d&rsquo;usage quotidien comme le fluor, se calcifie et s&rsquo;engourdit, et rap\u00e9 agit en d\u00e9calcifiant cette glande. \u00bb<\/p>\n<p>Il aide \u00e0 relancer le cycle de nettoyage des poumons et g\u00e9n\u00e8re l\u2019expulsion des mucosit\u00e9s et des corps \u00e9trangers ; Il est fortement recommand\u00e9 aux personnes souffrant d&rsquo;asthme.<\/p>\n<p>Le rap\u00e9 est \u00e9galement utilis\u00e9 comme substance analg\u00e9sique qui soulage la fatigue, la douleur, la faim et la soif.<\/p>\n<p>Le rap\u00e9 \u00e0 base de mapacho contient de la nicotine, son utilisation augmente donc le flux sanguin vers le cerveau et affecte la lib\u00e9ration de plusieurs neurotransmetteurs conduisant \u00e0 des effets antid\u00e9presseurs et stimulants.<\/p>\n<p>C&rsquo;est \u00e9galement un excellent<strong> cicatrisant et antibiotique<\/strong> appliqu\u00e9 sur les plaies, notamment celles contenant de la sauge et de la lavande.<\/p>\n<div class=\"row\"  id=\"row-1272293485\">\n\n\n\t<div id=\"col-897921352\" class=\"col medium-6 small-12 large-6\"  >\n\t\t\t\t<div class=\"col-inner\"  >\n\t\t\t\n\t\t\t\n\n\t<div class=\"img has-hover x md-x lg-x y md-y lg-y\" id=\"image_1280865781\">\n\t\t\t\t\t\t\t\t<div class=\"img-inner dark\" >\n\t\t\t<img loading=\"lazy\" decoding=\"async\" width=\"868\" height=\"563\" src=\"https:\/\/www.sinchisinchi.com\/wp-content\/uploads\/2024\/07\/R-toma-de-rape3-1.jpg\" class=\"attachment-large size-large\" alt=\"\" srcset=\"https:\/\/www.sinchisinchi.com\/wp-content\/uploads\/2024\/07\/R-toma-de-rape3-1.jpg 868w, https:\/\/www.sinchisinchi.com\/wp-content\/uploads\/2024\/07\/R-toma-de-rape3-1-600x389.jpg 600w, https:\/\/www.sinchisinchi.com\/wp-content\/uploads\/2024\/07\/R-toma-de-rape3-1-768x498.jpg 768w, https:\/\/www.sinchisinchi.com\/wp-content\/uploads\/2024\/07\/R-toma-de-rape3-1-247x160.jpg 247w, https:\/\/www.sinchisinchi.com\/wp-content\/uploads\/2024\/07\/R-toma-de-rape3-1-510x331.jpg 510w\" sizes=\"auto, (max-width: 868px) 100vw, 868px\" \/>\t\t\t\t\t\t\n\t\t\t\t\t<\/div>\n\t\t\t\t\t\t\t\t\n<style>\n#image_1280865781 {\n  width: 100%;\n}\n<\/style>\n\t<\/div>\n\t\n\n\n\t\t<\/div>\n\t\t\t\t\t<\/div>\n\n\t\n\n\t<div id=\"col-171466833\" class=\"col medium-6 small-12 large-6\"  >\n\t\t\t\t<div class=\"col-inner\"  >\n\t\t\t\n\t\t\t\n\n\t<div class=\"img has-hover x md-x lg-x y md-y lg-y\" id=\"image_272427104\">\n\t\t\t\t\t\t\t\t<div class=\"img-inner dark\" >\n\t\t\t<img loading=\"lazy\" decoding=\"async\" width=\"868\" height=\"563\" src=\"https:\/\/www.sinchisinchi.com\/wp-content\/uploads\/2024\/07\/R-historia-del-tabaco1-1.jpg\" class=\"attachment-large size-large\" alt=\"\" srcset=\"https:\/\/www.sinchisinchi.com\/wp-content\/uploads\/2024\/07\/R-historia-del-tabaco1-1.jpg 868w, https:\/\/www.sinchisinchi.com\/wp-content\/uploads\/2024\/07\/R-historia-del-tabaco1-1-600x389.jpg 600w, https:\/\/www.sinchisinchi.com\/wp-content\/uploads\/2024\/07\/R-historia-del-tabaco1-1-768x498.jpg 768w, https:\/\/www.sinchisinchi.com\/wp-content\/uploads\/2024\/07\/R-historia-del-tabaco1-1-247x160.jpg 247w, https:\/\/www.sinchisinchi.com\/wp-content\/uploads\/2024\/07\/R-historia-del-tabaco1-1-510x331.jpg 510w\" sizes=\"auto, (max-width: 868px) 100vw, 868px\" \/>\t\t\t\t\t\t\n\t\t\t\t\t<\/div>\n\t\t\t\t\t\t\t\t\n<style>\n#image_272427104 {\n  width: 100%;\n}\n<\/style>\n\t<\/div>\n\t\n\n\n\t\t<\/div>\n\t\t\t\t\t<\/div>\n\n\t\n\n<\/div>\n\t<div id=\"gap-305280884\" class=\"gap-element clearfix\" style=\"display:block; height:auto;\">\n\t\t\n<style>\n#gap-305280884 {\n  padding-top: 30px;\n}\n<\/style>\n\t<\/div>\n\t\n\n<div class=\"row align-bottom\"  id=\"row-1376389296\">\n\n\n\t<div id=\"col-1828238981\" class=\"col medium-4 small-12 large-4\"  >\n\t\t\t\t<div class=\"col-inner\"  >\n\t\t\t\n\t\t\t\n\n\n\t\t<\/div>\n\t\t\t\t\t<\/div>\n\n\t\n\n\t<div id=\"col-1410589149\" class=\"col medium-4 small-12 large-4\"  >\n\t\t\t\t<div class=\"col-inner\"  >\n\t\t\t\n\t\t\t\n\n<a href=\"https:\/\/www.sinchisinchi.com\/fr\/connaissance\/quest-ce-que-le-rape\/ceremonie-du-rape\/\" class=\"button primary is-underline reveal-icon expand\" >\n\t\t<span>continuer \u00e0 lire<\/span>\n\t<i class=\"icon-angle-right\" aria-hidden=\"true\"><\/i><\/a>\n\n\n\n\t\t<\/div>\n\t\t\t\t\t<\/div>\n\n\t\n\n\t<div id=\"col-1700826431\" class=\"col medium-4 small-12 large-4\"  >\n\t\t\t\t<div class=\"col-inner\"  >\n\t\t\t\n\t\t\t\n\n\n\t\t<\/div>\n\t\t\t\t\t<\/div>\n\n\t\n\n<\/div>\n\n","protected":false},"excerpt":{"rendered":"","protected":false},"author":1,"featured_media":0,"parent":25250,"menu_order":0,"comment_status":"closed","ping_status":"closed","template":"","meta":{"_joinchat":[],"footnotes":""},"class_list":["post-25268","page","type-page","status-publish","hentry"],"yoast_head":"<!-- This site is optimized with the Yoast SEO plugin v27.4 - https:\/\/yoast.com\/product\/yoast-seo-wordpress\/ -->\n<title>Effets du Rap\u00e9 : Pouvoirs physiques et spirituels du Rap\u00e9<\/title>\n<meta name=\"description\" content=\"Effets du Rap\u00e9 : Le Rap\u00e9 est un outil puissant qui nettoie notre perception, clarifie l\u2019esprit et favorise la connexion.\" \/>\n<meta name=\"robots\" content=\"index, follow, max-snippet:-1, max-image-preview:large, max-video-preview:-1\" \/>\n<link rel=\"canonical\" href=\"https:\/\/www.sinchisinchi.com\/fr\/connaissance\/quest-ce-que-le-rape\/effets-du-rape\/\" \/>\n<meta property=\"og:locale\" content=\"fr_FR\" \/>\n<meta property=\"og:type\" content=\"article\" \/>\n<meta property=\"og:title\" content=\"Effets du Rap\u00e9 : Pouvoirs physiques et spirituels du Rap\u00e9\" \/>\n<meta property=\"og:description\" content=\"Effets du Rap\u00e9 : Le Rap\u00e9 est un outil puissant qui nettoie notre perception, clarifie l\u2019esprit et favorise la connexion.\" \/>\n<meta property=\"og:url\" content=\"https:\/\/www.sinchisinchi.com\/fr\/connaissance\/quest-ce-que-le-rape\/effets-du-rape\/\" \/>\n<meta property=\"og:site_name\" content=\"SINCHI RAP\u00c9\" \/>\n<meta property=\"article:publisher\" content=\"https:\/\/www.facebook.com\/sinchirape\/\" \/>\n<meta property=\"article:modified_time\" content=\"2026-03-04T20:08:10+00:00\" \/>\n<meta name=\"twitter:card\" content=\"summary_large_image\" \/>\n<meta name=\"twitter:label1\" content=\"Dur\u00e9e de lecture estim\u00e9e\" \/>\n\t<meta name=\"twitter:data1\" content=\"3 minutes\" \/>\n<script type=\"application\/ld+json\" class=\"yoast-schema-graph\">{\"@context\":\"https:\\\/\\\/schema.org\",\"@graph\":[{\"@type\":\"WebPage\",\"@id\":\"https:\\\/\\\/www.sinchisinchi.com\\\/fr\\\/connaissance\\\/quest-ce-que-le-rape\\\/effets-du-rape\\\/\",\"url\":\"https:\\\/\\\/www.sinchisinchi.com\\\/fr\\\/connaissance\\\/quest-ce-que-le-rape\\\/effets-du-rape\\\/\",\"name\":\"Effets du Rap\u00e9 : Pouvoirs physiques et spirituels du Rap\u00e9\",\"isPartOf\":{\"@id\":\"https:\\\/\\\/www.sinchisinchi.com\\\/fr\\\/#website\"},\"datePublished\":\"2025-01-30T15:19:21+00:00\",\"dateModified\":\"2026-03-04T20:08:10+00:00\",\"description\":\"Effets du Rap\u00e9 : Le Rap\u00e9 est un outil puissant qui nettoie notre perception, clarifie l\u2019esprit et favorise la connexion.\",\"breadcrumb\":{\"@id\":\"https:\\\/\\\/www.sinchisinchi.com\\\/fr\\\/connaissance\\\/quest-ce-que-le-rape\\\/effets-du-rape\\\/#breadcrumb\"},\"inLanguage\":\"fr-FR\",\"potentialAction\":[{\"@type\":\"ReadAction\",\"target\":[\"https:\\\/\\\/www.sinchisinchi.com\\\/fr\\\/connaissance\\\/quest-ce-que-le-rape\\\/effets-du-rape\\\/\"]}]},{\"@type\":\"BreadcrumbList\",\"@id\":\"https:\\\/\\\/www.sinchisinchi.com\\\/fr\\\/connaissance\\\/quest-ce-que-le-rape\\\/effets-du-rape\\\/#breadcrumb\",\"itemListElement\":[{\"@type\":\"ListItem\",\"position\":1,\"name\":\"Prima pagina\",\"item\":\"https:\\\/\\\/www.sinchisinchi.com\\\/fr\\\/\"},{\"@type\":\"ListItem\",\"position\":2,\"name\":\"Connaissance\",\"item\":\"https:\\\/\\\/www.sinchisinchi.com\\\/fr\\\/connaissance\\\/\"},{\"@type\":\"ListItem\",\"position\":3,\"name\":\"Qu&#8217;est-ce que le rap\u00e9\",\"item\":\"https:\\\/\\\/www.sinchisinchi.com\\\/fr\\\/connaissance\\\/quest-ce-que-le-rape\\\/\"},{\"@type\":\"ListItem\",\"position\":4,\"name\":\"Effets du Rap\u00e9\"}]},{\"@type\":\"WebSite\",\"@id\":\"https:\\\/\\\/www.sinchisinchi.com\\\/fr\\\/#website\",\"url\":\"https:\\\/\\\/www.sinchisinchi.com\\\/fr\\\/\",\"name\":\"SINCHI\",\"description\":\"Sinchi Medicine\",\"publisher\":{\"@id\":\"https:\\\/\\\/www.sinchisinchi.com\\\/fr\\\/#organization\"},\"potentialAction\":[{\"@type\":\"SearchAction\",\"target\":{\"@type\":\"EntryPoint\",\"urlTemplate\":\"https:\\\/\\\/www.sinchisinchi.com\\\/fr\\\/?s={search_term_string}\"},\"query-input\":{\"@type\":\"PropertyValueSpecification\",\"valueRequired\":true,\"valueName\":\"search_term_string\"}}],\"inLanguage\":\"fr-FR\"},{\"@type\":\"Organization\",\"@id\":\"https:\\\/\\\/www.sinchisinchi.com\\\/fr\\\/#organization\",\"name\":\"SINCHI S.L\",\"url\":\"https:\\\/\\\/www.sinchisinchi.com\\\/fr\\\/\",\"logo\":{\"@type\":\"ImageObject\",\"inLanguage\":\"fr-FR\",\"@id\":\"https:\\\/\\\/www.sinchisinchi.com\\\/fr\\\/#\\\/schema\\\/logo\\\/image\\\/\",\"url\":\"https:\\\/\\\/www.sinchisinchi.com\\\/wp-content\\\/uploads\\\/2026\\\/01\\\/3b-Verde-SIMPLIFICADO-HORIZONTAL-F-TRANSPARENTE-scaled.png\",\"contentUrl\":\"https:\\\/\\\/www.sinchisinchi.com\\\/wp-content\\\/uploads\\\/2026\\\/01\\\/3b-Verde-SIMPLIFICADO-HORIZONTAL-F-TRANSPARENTE-scaled.png\",\"width\":2560,\"height\":457,\"caption\":\"SINCHI S.L\"},\"image\":{\"@id\":\"https:\\\/\\\/www.sinchisinchi.com\\\/fr\\\/#\\\/schema\\\/logo\\\/image\\\/\"},\"sameAs\":[\"https:\\\/\\\/www.facebook.com\\\/sinchirape\\\/\",\"https:\\\/\\\/www.instagram.com\\\/sinchi_rape\\\/\"]}]}<\/script>\n<!-- \/ Yoast SEO plugin. -->","yoast_head_json":{"title":"Effets du Rap\u00e9 : Pouvoirs physiques et spirituels du Rap\u00e9","description":"Effets du Rap\u00e9 : Le Rap\u00e9 est un outil puissant qui nettoie notre perception, clarifie l\u2019esprit et favorise la connexion.","robots":{"index":"index","follow":"follow","max-snippet":"max-snippet:-1","max-image-preview":"max-image-preview:large","max-video-preview":"max-video-preview:-1"},"canonical":"https:\/\/www.sinchisinchi.com\/fr\/connaissance\/quest-ce-que-le-rape\/effets-du-rape\/","og_locale":"fr_FR","og_type":"article","og_title":"Effets du Rap\u00e9 : Pouvoirs physiques et spirituels du Rap\u00e9","og_description":"Effets du Rap\u00e9 : Le Rap\u00e9 est un outil puissant qui nettoie notre perception, clarifie l\u2019esprit et favorise la connexion.","og_url":"https:\/\/www.sinchisinchi.com\/fr\/connaissance\/quest-ce-que-le-rape\/effets-du-rape\/","og_site_name":"SINCHI RAP\u00c9","article_publisher":"https:\/\/www.facebook.com\/sinchirape\/","article_modified_time":"2026-03-04T20:08:10+00:00","twitter_card":"summary_large_image","twitter_misc":{"Dur\u00e9e de lecture estim\u00e9e":"3 minutes"},"schema":{"@context":"https:\/\/schema.org","@graph":[{"@type":"WebPage","@id":"https:\/\/www.sinchisinchi.com\/fr\/connaissance\/quest-ce-que-le-rape\/effets-du-rape\/","url":"https:\/\/www.sinchisinchi.com\/fr\/connaissance\/quest-ce-que-le-rape\/effets-du-rape\/","name":"Effets du Rap\u00e9 : Pouvoirs physiques et spirituels du Rap\u00e9","isPartOf":{"@id":"https:\/\/www.sinchisinchi.com\/fr\/#website"},"datePublished":"2025-01-30T15:19:21+00:00","dateModified":"2026-03-04T20:08:10+00:00","description":"Effets du Rap\u00e9 : Le Rap\u00e9 est un outil puissant qui nettoie notre perception, clarifie l\u2019esprit et favorise la connexion.","breadcrumb":{"@id":"https:\/\/www.sinchisinchi.com\/fr\/connaissance\/quest-ce-que-le-rape\/effets-du-rape\/#breadcrumb"},"inLanguage":"fr-FR","potentialAction":[{"@type":"ReadAction","target":["https:\/\/www.sinchisinchi.com\/fr\/connaissance\/quest-ce-que-le-rape\/effets-du-rape\/"]}]},{"@type":"BreadcrumbList","@id":"https:\/\/www.sinchisinchi.com\/fr\/connaissance\/quest-ce-que-le-rape\/effets-du-rape\/#breadcrumb","itemListElement":[{"@type":"ListItem","position":1,"name":"Prima pagina","item":"https:\/\/www.sinchisinchi.com\/fr\/"},{"@type":"ListItem","position":2,"name":"Connaissance","item":"https:\/\/www.sinchisinchi.com\/fr\/connaissance\/"},{"@type":"ListItem","position":3,"name":"Qu&#8217;est-ce que le rap\u00e9","item":"https:\/\/www.sinchisinchi.com\/fr\/connaissance\/quest-ce-que-le-rape\/"},{"@type":"ListItem","position":4,"name":"Effets du Rap\u00e9"}]},{"@type":"WebSite","@id":"https:\/\/www.sinchisinchi.com\/fr\/#website","url":"https:\/\/www.sinchisinchi.com\/fr\/","name":"SINCHI","description":"Sinchi Medicine","publisher":{"@id":"https:\/\/www.sinchisinchi.com\/fr\/#organization"},"potentialAction":[{"@type":"SearchAction","target":{"@type":"EntryPoint","urlTemplate":"https:\/\/www.sinchisinchi.com\/fr\/?s={search_term_string}"},"query-input":{"@type":"PropertyValueSpecification","valueRequired":true,"valueName":"search_term_string"}}],"inLanguage":"fr-FR"},{"@type":"Organization","@id":"https:\/\/www.sinchisinchi.com\/fr\/#organization","name":"SINCHI S.L","url":"https:\/\/www.sinchisinchi.com\/fr\/","logo":{"@type":"ImageObject","inLanguage":"fr-FR","@id":"https:\/\/www.sinchisinchi.com\/fr\/#\/schema\/logo\/image\/","url":"https:\/\/www.sinchisinchi.com\/wp-content\/uploads\/2026\/01\/3b-Verde-SIMPLIFICADO-HORIZONTAL-F-TRANSPARENTE-scaled.png","contentUrl":"https:\/\/www.sinchisinchi.com\/wp-content\/uploads\/2026\/01\/3b-Verde-SIMPLIFICADO-HORIZONTAL-F-TRANSPARENTE-scaled.png","width":2560,"height":457,"caption":"SINCHI S.L"},"image":{"@id":"https:\/\/www.sinchisinchi.com\/fr\/#\/schema\/logo\/image\/"},"sameAs":["https:\/\/www.facebook.com\/sinchirape\/","https:\/\/www.instagram.com\/sinchi_rape\/"]}]}},"_links":{"self":[{"href":"https:\/\/www.sinchisinchi.com\/fr\/wp-json\/wp\/v2\/pages\/25268","targetHints":{"allow":["GET"]}}],"collection":[{"href":"https:\/\/www.sinchisinchi.com\/fr\/wp-json\/wp\/v2\/pages"}],"about":[{"href":"https:\/\/www.sinchisinchi.com\/fr\/wp-json\/wp\/v2\/types\/page"}],"author":[{"embeddable":true,"href":"https:\/\/www.sinchisinchi.com\/fr\/wp-json\/wp\/v2\/users\/1"}],"replies":[{"embeddable":true,"href":"https:\/\/www.sinchisinchi.com\/fr\/wp-json\/wp\/v2\/comments?post=25268"}],"version-history":[{"count":1,"href":"https:\/\/www.sinchisinchi.com\/fr\/wp-json\/wp\/v2\/pages\/25268\/revisions"}],"predecessor-version":[{"id":30245,"href":"https:\/\/www.sinchisinchi.com\/fr\/wp-json\/wp\/v2\/pages\/25268\/revisions\/30245"}],"up":[{"embeddable":true,"href":"https:\/\/www.sinchisinchi.com\/fr\/wp-json\/wp\/v2\/pages\/25250"}],"wp:attachment":[{"href":"https:\/\/www.sinchisinchi.com\/fr\/wp-json\/wp\/v2\/media?parent=25268"}],"curies":[{"name":"wp","href":"https:\/\/api.w.org\/{rel}","templated":true}]}}