{"id":25767,"date":"2025-02-14T18:38:10","date_gmt":"2025-02-14T18:38:10","guid":{"rendered":"https:\/\/www.sinchisinchi.com\/connaissance\/tribus-amazoniennes\/yawanawa\/videos\/"},"modified":"2026-03-04T15:11:24","modified_gmt":"2026-03-04T15:11:24","slug":"videos","status":"publish","type":"page","link":"https:\/\/www.sinchisinchi.com\/fr\/tribus\/yawanawa\/videos\/","title":{"rendered":"Vid\u00e9os"},"content":{"rendered":"\n<h1 style=\"text-align: center;\">Vid\u00e9os Yawanaw\u00e1<\/h1>\n\t<div id=\"gap-1618510025\" class=\"gap-element clearfix\" style=\"display:block; height:auto;\">\n\t\t\n<style>\n#gap-1618510025 {\n  padding-top: 30px;\n}\n<\/style>\n\t<\/div>\n\t\n\n<h2 class=\"style-scope ytd-watch-metadata\" style=\"text-align: center;\"><strong>Nixiwaka Yawanawa at TEDxHackney<\/strong><\/h2>\n<div class=\"video video-fit mb\" style=\"padding-top:56.25%;\"><iframe loading=\"lazy\" title=\"We are all connected with nature: Nixiwaka Yawanawa at TEDxHackney\" width=\"1020\" height=\"574\" src=\"https:\/\/www.youtube.com\/embed\/xk0-yebNA_o?feature=oembed&#038;enablejsapi=1&#038;origin=https:\/\/www.sinchisinchi.com\" frameborder=\"0\" allow=\"accelerometer; autoplay; clipboard-write; encrypted-media; gyroscope; picture-in-picture; web-share\" referrerpolicy=\"strict-origin-when-cross-origin\" allowfullscreen><\/iframe><\/div>\n\n\t<div id=\"gap-806241365\" class=\"gap-element clearfix\" style=\"display:block; height:auto;\">\n\t\t\n<style>\n#gap-806241365 {\n  padding-top: 30px;\n}\n<\/style>\n\t<\/div>\n\t\n\n<h3 class=\"style-scope ytd-watch-metadata\" style=\"text-align: center;\"><strong>Nixiwaka: Leader Of The Yawanawa Tribe<\/strong><\/h3>\n<div class=\"video video-fit mb\" style=\"padding-top:56.25%;\"><p><iframe loading=\"lazy\" title=\"Nixiwaka: Indigenous Leader Of The Yawanawa Tribe\" width=\"1020\" height=\"574\" src=\"https:\/\/www.youtube.com\/embed\/jeGX24xCZFE?feature=oembed&#038;enablejsapi=1&#038;origin=https:\/\/www.sinchisinchi.com\" frameborder=\"0\" allow=\"accelerometer; autoplay; clipboard-write; encrypted-media; gyroscope; picture-in-picture; web-share\" referrerpolicy=\"strict-origin-when-cross-origin\" allowfullscreen><\/iframe><\/p>\n<\/div>\n\n\t<div id=\"gap-903968028\" class=\"gap-element clearfix\" style=\"display:block; height:auto;\">\n\t\t\n<style>\n#gap-903968028 {\n  padding-top: 30px;\n}\n<\/style>\n\t<\/div>\n\t\n\n<div id=\"title\" class=\"style-scope ytd-watch-metadata\">\n<h3 class=\"style-scope ytd-watch-metadata\" style=\"text-align: center;\"><strong>Bira Yawanaw\u00e1&rsquo;s wisdom<\/strong><\/h3>\n<\/div>\n<div class=\"video video-fit mb\" style=\"padding-top:56.25%;\"><p><iframe loading=\"lazy\" title=\"Indigenous wisdom - Bira YAWANAWA\u0301 (port. english)\" width=\"1020\" height=\"574\" src=\"https:\/\/www.youtube.com\/embed\/mPbDC6EBhrQ?feature=oembed&#038;enablejsapi=1&#038;origin=https:\/\/www.sinchisinchi.com\" frameborder=\"0\" allow=\"accelerometer; autoplay; clipboard-write; encrypted-media; gyroscope; picture-in-picture; web-share\" referrerpolicy=\"strict-origin-when-cross-origin\" allowfullscreen><\/iframe><\/p>\n<\/div>\n\n\t<div id=\"gap-671482873\" class=\"gap-element clearfix\" style=\"display:block; height:auto;\">\n\t\t\n<style>\n#gap-671482873 {\n  padding-top: 30px;\n}\n<\/style>\n\t<\/div>\n\t\n\n<div class=\"row\"  id=\"row-529097609\">\n\n\n\t<div id=\"col-1582115101\" class=\"col medium-6 small-12 large-6\"  >\n\t\t\t\t<div class=\"col-inner\"  >\n\t\t\t\n\t\t\t\n\n<div id=\"title\" class=\"style-scope ytd-watch-metadata\">\n<h3 class=\"style-scope ytd-watch-metadata\" style=\"text-align: center;\"><strong>Aldeia Yawarani Interview<\/strong><\/h3>\n<\/div>\n<div class=\"video video-fit mb\" style=\"padding-top:56.25%;\"><p><iframe loading=\"lazy\" title=\"YAWANAWA - Aldeia Yawarani Interview with Yawa, Tima &amp; Ester Yawanawa\" width=\"1020\" height=\"574\" src=\"https:\/\/www.youtube.com\/embed\/NmRaHjHSFX0?feature=oembed&#038;enablejsapi=1&#038;origin=https:\/\/www.sinchisinchi.com\" frameborder=\"0\" allow=\"accelerometer; autoplay; clipboard-write; encrypted-media; gyroscope; picture-in-picture; web-share\" referrerpolicy=\"strict-origin-when-cross-origin\" allowfullscreen><\/iframe><\/p>\n<\/div>\n\n\n\t\t<\/div>\n\t\t\t\t\t<\/div>\n\n\t\n\n\t<div id=\"col-1130132608\" class=\"col medium-6 small-12 large-6\"  >\n\t\t\t\t<div class=\"col-inner\"  >\n\t\t\t\n\t\t\t\n\n<div id=\"title\" class=\"style-scope ytd-watch-metadata\">\n<h3 class=\"style-scope ytd-watch-metadata\" style=\"text-align: center;\"><strong>Matsini Yawanaw\u00e1<\/strong><\/h3>\n<\/div>\n<div class=\"video video-fit mb\" style=\"padding-top:56.25%;\"><p><iframe loading=\"lazy\" title=\"Matsini Yawanawa\" width=\"1020\" height=\"574\" src=\"https:\/\/www.youtube.com\/embed\/Jk4qHI6XHBs?feature=oembed&#038;enablejsapi=1&#038;origin=https:\/\/www.sinchisinchi.com\" frameborder=\"0\" allow=\"accelerometer; autoplay; clipboard-write; encrypted-media; gyroscope; picture-in-picture; web-share\" referrerpolicy=\"strict-origin-when-cross-origin\" allowfullscreen><\/iframe><\/p>\n<\/div>\n\n\n\t\t<\/div>\n\t\t\t\t\t<\/div>\n\n\t\n\n<\/div>\n\t<div id=\"gap-1463379697\" class=\"gap-element clearfix\" style=\"display:block; height:auto;\">\n\t\t\n<style>\n#gap-1463379697 {\n  padding-top: 30px;\n}\n<\/style>\n\t<\/div>\n\t\n\n<h2 style=\"text-align: center;\">Retour au blog :<\/h2>\n<a href=\"https:\/\/www.sinchisinchi.com\/fr\/tribus\/\" class=\"button primary is-underline is-larger expand\" >\n\t\t<span>TRIBUS AMAZONIENNES<\/span>\n\t<\/a>\n\n\n\n","protected":false},"excerpt":{"rendered":"","protected":false},"author":1,"featured_media":0,"parent":21916,"menu_order":0,"comment_status":"closed","ping_status":"closed","template":"","meta":{"_joinchat":[],"footnotes":""},"class_list":["post-25767","page","type-page","status-publish","hentry"],"yoast_head":"<!-- This site is optimized with the Yoast SEO plugin v27.4 - https:\/\/yoast.com\/product\/yoast-seo-wordpress\/ -->\n<title>Vid\u00e9os Yawanaw\u00e1<\/title>\n<meta name=\"description\" content=\"Depuis la for\u00eat amazonienne, les Yawanaw\u00e1 nous montrent leur mode de vie et leur vision du monde en harmonie avec la nature.\" \/>\n<meta name=\"robots\" content=\"index, follow, max-snippet:-1, max-image-preview:large, max-video-preview:-1\" \/>\n<link rel=\"canonical\" href=\"https:\/\/www.sinchisinchi.com\/fr\/tribus\/yawanawa\/videos\/\" \/>\n<meta property=\"og:locale\" content=\"fr_FR\" \/>\n<meta property=\"og:type\" content=\"article\" \/>\n<meta property=\"og:title\" content=\"Vid\u00e9os Yawanaw\u00e1\" \/>\n<meta property=\"og:description\" content=\"Depuis la for\u00eat amazonienne, les Yawanaw\u00e1 nous montrent leur mode de vie et leur vision du monde en harmonie avec la nature.\" \/>\n<meta property=\"og:url\" content=\"https:\/\/www.sinchisinchi.com\/fr\/tribus\/yawanawa\/videos\/\" \/>\n<meta property=\"og:site_name\" content=\"SINCHI RAP\u00c9\" \/>\n<meta property=\"article:publisher\" content=\"https:\/\/www.facebook.com\/sinchirape\/\" \/>\n<meta property=\"article:modified_time\" content=\"2026-03-04T15:11:24+00:00\" \/>\n<meta name=\"twitter:card\" content=\"summary_large_image\" \/>\n<meta name=\"twitter:label1\" content=\"Dur\u00e9e de lecture estim\u00e9e\" \/>\n\t<meta name=\"twitter:data1\" content=\"1 minute\" \/>\n<script type=\"application\/ld+json\" class=\"yoast-schema-graph\">{\"@context\":\"https:\\\/\\\/schema.org\",\"@graph\":[{\"@type\":\"WebPage\",\"@id\":\"https:\\\/\\\/www.sinchisinchi.com\\\/fr\\\/tribus\\\/yawanawa\\\/videos\\\/\",\"url\":\"https:\\\/\\\/www.sinchisinchi.com\\\/fr\\\/tribus\\\/yawanawa\\\/videos\\\/\",\"name\":\"Vid\u00e9os Yawanaw\u00e1\",\"isPartOf\":{\"@id\":\"https:\\\/\\\/www.sinchisinchi.com\\\/fr\\\/#website\"},\"datePublished\":\"2025-02-14T18:38:10+00:00\",\"dateModified\":\"2026-03-04T15:11:24+00:00\",\"description\":\"Depuis la for\u00eat amazonienne, les Yawanaw\u00e1 nous montrent leur mode de vie et leur vision du monde en harmonie avec la nature.\",\"breadcrumb\":{\"@id\":\"https:\\\/\\\/www.sinchisinchi.com\\\/fr\\\/tribus\\\/yawanawa\\\/videos\\\/#breadcrumb\"},\"inLanguage\":\"fr-FR\",\"potentialAction\":[{\"@type\":\"ReadAction\",\"target\":[\"https:\\\/\\\/www.sinchisinchi.com\\\/fr\\\/tribus\\\/yawanawa\\\/videos\\\/\"]}]},{\"@type\":\"BreadcrumbList\",\"@id\":\"https:\\\/\\\/www.sinchisinchi.com\\\/fr\\\/tribus\\\/yawanawa\\\/videos\\\/#breadcrumb\",\"itemListElement\":[{\"@type\":\"ListItem\",\"position\":1,\"name\":\"Prima pagina\",\"item\":\"https:\\\/\\\/www.sinchisinchi.com\\\/fr\\\/\"},{\"@type\":\"ListItem\",\"position\":2,\"name\":\"Tribus Amazoniennes\",\"item\":\"https:\\\/\\\/www.sinchisinchi.com\\\/fr\\\/tribus\\\/\"},{\"@type\":\"ListItem\",\"position\":3,\"name\":\"Yawanaw\u00e1\",\"item\":\"https:\\\/\\\/www.sinchisinchi.com\\\/fr\\\/tribus\\\/yawanawa\\\/\"},{\"@type\":\"ListItem\",\"position\":4,\"name\":\"Vid\u00e9os\"}]},{\"@type\":\"WebSite\",\"@id\":\"https:\\\/\\\/www.sinchisinchi.com\\\/fr\\\/#website\",\"url\":\"https:\\\/\\\/www.sinchisinchi.com\\\/fr\\\/\",\"name\":\"SINCHI\",\"description\":\"Sinchi Medicine\",\"publisher\":{\"@id\":\"https:\\\/\\\/www.sinchisinchi.com\\\/fr\\\/#organization\"},\"potentialAction\":[{\"@type\":\"SearchAction\",\"target\":{\"@type\":\"EntryPoint\",\"urlTemplate\":\"https:\\\/\\\/www.sinchisinchi.com\\\/fr\\\/?s={search_term_string}\"},\"query-input\":{\"@type\":\"PropertyValueSpecification\",\"valueRequired\":true,\"valueName\":\"search_term_string\"}}],\"inLanguage\":\"fr-FR\"},{\"@type\":\"Organization\",\"@id\":\"https:\\\/\\\/www.sinchisinchi.com\\\/fr\\\/#organization\",\"name\":\"SINCHI S.L\",\"url\":\"https:\\\/\\\/www.sinchisinchi.com\\\/fr\\\/\",\"logo\":{\"@type\":\"ImageObject\",\"inLanguage\":\"fr-FR\",\"@id\":\"https:\\\/\\\/www.sinchisinchi.com\\\/fr\\\/#\\\/schema\\\/logo\\\/image\\\/\",\"url\":\"https:\\\/\\\/www.sinchisinchi.com\\\/wp-content\\\/uploads\\\/2026\\\/01\\\/3b-Verde-SIMPLIFICADO-HORIZONTAL-F-TRANSPARENTE-scaled.png\",\"contentUrl\":\"https:\\\/\\\/www.sinchisinchi.com\\\/wp-content\\\/uploads\\\/2026\\\/01\\\/3b-Verde-SIMPLIFICADO-HORIZONTAL-F-TRANSPARENTE-scaled.png\",\"width\":2560,\"height\":457,\"caption\":\"SINCHI S.L\"},\"image\":{\"@id\":\"https:\\\/\\\/www.sinchisinchi.com\\\/fr\\\/#\\\/schema\\\/logo\\\/image\\\/\"},\"sameAs\":[\"https:\\\/\\\/www.facebook.com\\\/sinchirape\\\/\",\"https:\\\/\\\/www.instagram.com\\\/sinchi_rape\\\/\"]}]}<\/script>\n<!-- \/ Yoast SEO plugin. -->","yoast_head_json":{"title":"Vid\u00e9os Yawanaw\u00e1","description":"Depuis la for\u00eat amazonienne, les Yawanaw\u00e1 nous montrent leur mode de vie et leur vision du monde en harmonie avec la nature.","robots":{"index":"index","follow":"follow","max-snippet":"max-snippet:-1","max-image-preview":"max-image-preview:large","max-video-preview":"max-video-preview:-1"},"canonical":"https:\/\/www.sinchisinchi.com\/fr\/tribus\/yawanawa\/videos\/","og_locale":"fr_FR","og_type":"article","og_title":"Vid\u00e9os Yawanaw\u00e1","og_description":"Depuis la for\u00eat amazonienne, les Yawanaw\u00e1 nous montrent leur mode de vie et leur vision du monde en harmonie avec la nature.","og_url":"https:\/\/www.sinchisinchi.com\/fr\/tribus\/yawanawa\/videos\/","og_site_name":"SINCHI RAP\u00c9","article_publisher":"https:\/\/www.facebook.com\/sinchirape\/","article_modified_time":"2026-03-04T15:11:24+00:00","twitter_card":"summary_large_image","twitter_misc":{"Dur\u00e9e de lecture estim\u00e9e":"1 minute"},"schema":{"@context":"https:\/\/schema.org","@graph":[{"@type":"WebPage","@id":"https:\/\/www.sinchisinchi.com\/fr\/tribus\/yawanawa\/videos\/","url":"https:\/\/www.sinchisinchi.com\/fr\/tribus\/yawanawa\/videos\/","name":"Vid\u00e9os Yawanaw\u00e1","isPartOf":{"@id":"https:\/\/www.sinchisinchi.com\/fr\/#website"},"datePublished":"2025-02-14T18:38:10+00:00","dateModified":"2026-03-04T15:11:24+00:00","description":"Depuis la for\u00eat amazonienne, les Yawanaw\u00e1 nous montrent leur mode de vie et leur vision du monde en harmonie avec la nature.","breadcrumb":{"@id":"https:\/\/www.sinchisinchi.com\/fr\/tribus\/yawanawa\/videos\/#breadcrumb"},"inLanguage":"fr-FR","potentialAction":[{"@type":"ReadAction","target":["https:\/\/www.sinchisinchi.com\/fr\/tribus\/yawanawa\/videos\/"]}]},{"@type":"BreadcrumbList","@id":"https:\/\/www.sinchisinchi.com\/fr\/tribus\/yawanawa\/videos\/#breadcrumb","itemListElement":[{"@type":"ListItem","position":1,"name":"Prima pagina","item":"https:\/\/www.sinchisinchi.com\/fr\/"},{"@type":"ListItem","position":2,"name":"Tribus Amazoniennes","item":"https:\/\/www.sinchisinchi.com\/fr\/tribus\/"},{"@type":"ListItem","position":3,"name":"Yawanaw\u00e1","item":"https:\/\/www.sinchisinchi.com\/fr\/tribus\/yawanawa\/"},{"@type":"ListItem","position":4,"name":"Vid\u00e9os"}]},{"@type":"WebSite","@id":"https:\/\/www.sinchisinchi.com\/fr\/#website","url":"https:\/\/www.sinchisinchi.com\/fr\/","name":"SINCHI","description":"Sinchi Medicine","publisher":{"@id":"https:\/\/www.sinchisinchi.com\/fr\/#organization"},"potentialAction":[{"@type":"SearchAction","target":{"@type":"EntryPoint","urlTemplate":"https:\/\/www.sinchisinchi.com\/fr\/?s={search_term_string}"},"query-input":{"@type":"PropertyValueSpecification","valueRequired":true,"valueName":"search_term_string"}}],"inLanguage":"fr-FR"},{"@type":"Organization","@id":"https:\/\/www.sinchisinchi.com\/fr\/#organization","name":"SINCHI S.L","url":"https:\/\/www.sinchisinchi.com\/fr\/","logo":{"@type":"ImageObject","inLanguage":"fr-FR","@id":"https:\/\/www.sinchisinchi.com\/fr\/#\/schema\/logo\/image\/","url":"https:\/\/www.sinchisinchi.com\/wp-content\/uploads\/2026\/01\/3b-Verde-SIMPLIFICADO-HORIZONTAL-F-TRANSPARENTE-scaled.png","contentUrl":"https:\/\/www.sinchisinchi.com\/wp-content\/uploads\/2026\/01\/3b-Verde-SIMPLIFICADO-HORIZONTAL-F-TRANSPARENTE-scaled.png","width":2560,"height":457,"caption":"SINCHI S.L"},"image":{"@id":"https:\/\/www.sinchisinchi.com\/fr\/#\/schema\/logo\/image\/"},"sameAs":["https:\/\/www.facebook.com\/sinchirape\/","https:\/\/www.instagram.com\/sinchi_rape\/"]}]}},"_links":{"self":[{"href":"https:\/\/www.sinchisinchi.com\/fr\/wp-json\/wp\/v2\/pages\/25767","targetHints":{"allow":["GET"]}}],"collection":[{"href":"https:\/\/www.sinchisinchi.com\/fr\/wp-json\/wp\/v2\/pages"}],"about":[{"href":"https:\/\/www.sinchisinchi.com\/fr\/wp-json\/wp\/v2\/types\/page"}],"author":[{"embeddable":true,"href":"https:\/\/www.sinchisinchi.com\/fr\/wp-json\/wp\/v2\/users\/1"}],"replies":[{"embeddable":true,"href":"https:\/\/www.sinchisinchi.com\/fr\/wp-json\/wp\/v2\/comments?post=25767"}],"version-history":[{"count":2,"href":"https:\/\/www.sinchisinchi.com\/fr\/wp-json\/wp\/v2\/pages\/25767\/revisions"}],"predecessor-version":[{"id":30146,"href":"https:\/\/www.sinchisinchi.com\/fr\/wp-json\/wp\/v2\/pages\/25767\/revisions\/30146"}],"up":[{"embeddable":true,"href":"https:\/\/www.sinchisinchi.com\/fr\/wp-json\/wp\/v2\/pages\/21916"}],"wp:attachment":[{"href":"https:\/\/www.sinchisinchi.com\/fr\/wp-json\/wp\/v2\/media?parent=25767"}],"curies":[{"name":"wp","href":"https:\/\/api.w.org\/{rel}","templated":true}]}}