{"id":26085,"date":"2025-02-21T16:18:44","date_gmt":"2025-02-21T16:18:44","guid":{"rendered":"https:\/\/www.sinchisinchi.com\/connaissance\/tribus-amazoniennes\/yawanawa\/vision-du-monde\/"},"modified":"2026-03-04T14:04:04","modified_gmt":"2026-03-04T14:04:04","slug":"vision-du-monde","status":"publish","type":"page","link":"https:\/\/www.sinchisinchi.com\/fr\/tribus\/yawanawa\/vision-du-monde\/","title":{"rendered":"Vision du Monde"},"content":{"rendered":"\n<h1 style=\"text-align: center;\"><strong>Vision du monde et spiritualit\u00e9<\/strong><\/h1>\n<p>Les Yawanaw\u00e1 sont des communaut\u00e9s qui d\u00e9pendent \u00e0 cent pour cent de la nature. Comme ils le disent eux-m\u00eames : \u00ab Nous vivons de la chasse, de la p\u00eache, et nous construisons nos propres maisons et moyens de transport. Notre relation est bas\u00e9e sur le respect, l\u2019harmonie et la r\u00e9ciprocit\u00e9. \u00ab Parce que ce que nous prenons \u00e0 la terre, nous le rendons \u00bb &#8211; Tashka Yawanaw\u00e1, jeune leader d&rsquo;un village Yawanaw\u00e1.<\/p>\n\t<div class=\"img has-hover x md-x lg-x y md-y lg-y\" id=\"image_778090170\">\n\t\t\t\t\t\t\t\t<div class=\"img-inner dark\" >\n\t\t\t<img loading=\"lazy\" decoding=\"async\" width=\"1020\" height=\"574\" src=\"https:\/\/www.sinchisinchi.com\/wp-content\/uploads\/2025\/01\/8-Tribu-Yawanawa13-1024x576.png\" class=\"attachment-large size-large\" alt=\"\" srcset=\"https:\/\/www.sinchisinchi.com\/wp-content\/uploads\/2025\/01\/8-Tribu-Yawanawa13-1024x576.png 1024w, https:\/\/www.sinchisinchi.com\/wp-content\/uploads\/2025\/01\/8-Tribu-Yawanawa13-600x337.png 600w, https:\/\/www.sinchisinchi.com\/wp-content\/uploads\/2025\/01\/8-Tribu-Yawanawa13-768x432.png 768w, https:\/\/www.sinchisinchi.com\/wp-content\/uploads\/2025\/01\/8-Tribu-Yawanawa13-1536x864.png 1536w, https:\/\/www.sinchisinchi.com\/wp-content\/uploads\/2025\/01\/8-Tribu-Yawanawa13-247x139.png 247w, https:\/\/www.sinchisinchi.com\/wp-content\/uploads\/2025\/01\/8-Tribu-Yawanawa13-510x287.png 510w, https:\/\/www.sinchisinchi.com\/wp-content\/uploads\/2025\/01\/8-Tribu-Yawanawa13.png 1837w\" sizes=\"auto, (max-width: 1020px) 100vw, 1020px\" \/>\t\t\t\t\t\t\n\t\t\t\t\t<\/div>\n\t\t\t\t\t\t\t\t\n<style>\n#image_778090170 {\n  width: 100%;\n}\n<\/style>\n\t<\/div>\n\t\n\n\t<div id=\"gap-1532337482\" class=\"gap-element clearfix\" style=\"display:block; height:auto;\">\n\t\t\n<style>\n#gap-1532337482 {\n  padding-top: 30px;\n}\n<\/style>\n\t<\/div>\n\t\n\n<p>\u00ab Nous, les peuples indig\u00e8nes qui vivons dans la jungle, sommes en lien constant avec la spiritualit\u00e9, car la manifestation du Cr\u00e9ateur est la nature elle-m\u00eame. Alors nous \u00e9coutons et regardons tous les jours. Nous sommes en plein contact avec la spiritualit\u00e9. \u00ab Nous avons une c\u00e9r\u00e9monie qui est comme un remerciement \u00e0 la Terre M\u00e8re pour tout ce qu\u2019elle nous a donn\u00e9. Nous chantons nos chansons et nous nous faisons peindre le visage \u00bb, ajoute Tashka.<\/p>\n<p>Toutes leurs activit\u00e9s, leur structure sociale et \u00e9conomique, s\u2019inscrivent dans une vision spirituelle enti\u00e8rement li\u00e9e \u00e0 la Jungle. \u00ab Notre terre est notre maison, notre amie et notre camarade. Nous la respectons \u00e9norm\u00e9ment et nous avons la responsabilit\u00e9 d\u2019en prendre soin. \u00bb Dit un jeune Yawanaw\u00e1.<\/p>\n<p>Ils sont, avec le reste des peuples autochtones d&rsquo;Amazonie, responsables de prendre soin du poumon de la Terre, l&rsquo;Amazonie. Pour cette raison, ils entretiennent une relation de connexion et d&rsquo;harmonie avec la jungle qui se refl\u00e8te dans leurs propres v\u00eatements, des coiffes faites de plumes d&rsquo;ara et d&rsquo;aigle harpie, et dans leurs tatouages \u200b\u200bavec diff\u00e9rents pigments qui imitent les motifs de la jungle ou de ses animaux puissants. \u00c9galement dans leur fa\u00e7on de construire et de cultiver, en respectant toujours l&rsquo;environnement dans lequel ils vivent et en s&rsquo;y int\u00e9grant comme un autre \u00eatre vivant dans leur \u00e9cosyst\u00e8me.<\/p>\n<p>&nbsp;<\/p>\n<div class=\"row\"  id=\"row-1409856224\">\n\n\n\t<div id=\"col-807300126\" class=\"col medium-1 small-12 large-1\"  >\n\t\t\t\t<div class=\"col-inner\"  >\n\t\t\t\n\t\t\t\n\n\n\t\t<\/div>\n\t\t\t\t\t<\/div>\n\n\t\n\n\t<div id=\"col-1707157070\" class=\"col medium-10 small-12 large-10\"  >\n\t\t\t\t<div class=\"col-inner\"  >\n\t\t\t\n\t\t\t\n\n\t<div class=\"img has-hover x md-x lg-x y md-y lg-y\" id=\"image_817708730\">\n\t\t\t\t\t\t\t\t<div class=\"img-inner dark\" >\n\t\t\t<img loading=\"lazy\" decoding=\"async\" width=\"1020\" height=\"318\" src=\"https:\/\/www.sinchisinchi.com\/wp-content\/uploads\/2025\/01\/3-Tribu-Yawanawa4-1024x319.jpeg\" class=\"attachment-large size-large\" alt=\"\" srcset=\"https:\/\/www.sinchisinchi.com\/wp-content\/uploads\/2025\/01\/3-Tribu-Yawanawa4-1024x319.jpeg 1024w, https:\/\/www.sinchisinchi.com\/wp-content\/uploads\/2025\/01\/3-Tribu-Yawanawa4-600x187.jpeg 600w, https:\/\/www.sinchisinchi.com\/wp-content\/uploads\/2025\/01\/3-Tribu-Yawanawa4-768x240.jpeg 768w, https:\/\/www.sinchisinchi.com\/wp-content\/uploads\/2025\/01\/3-Tribu-Yawanawa4-1536x479.jpeg 1536w, https:\/\/www.sinchisinchi.com\/wp-content\/uploads\/2025\/01\/3-Tribu-Yawanawa4-247x77.jpeg 247w, https:\/\/www.sinchisinchi.com\/wp-content\/uploads\/2025\/01\/3-Tribu-Yawanawa4-510x159.jpeg 510w, https:\/\/www.sinchisinchi.com\/wp-content\/uploads\/2025\/01\/3-Tribu-Yawanawa4.jpeg 1920w\" sizes=\"auto, (max-width: 1020px) 100vw, 1020px\" \/>\t\t\t\t\t\t\n\t\t\t\t\t<\/div>\n\t\t\t\t\t\t\t\t\n<style>\n#image_817708730 {\n  width: 100%;\n}\n<\/style>\n\t<\/div>\n\t\n\n\n\t\t<\/div>\n\t\t\t\t\t<\/div>\n\n\t\n\n\t<div id=\"col-1098744690\" class=\"col medium-1 small-12 large-1\"  >\n\t\t\t\t<div class=\"col-inner\"  >\n\t\t\t\n\t\t\t\n\n\n\t\t<\/div>\n\t\t\t\t\t<\/div>\n\n\t\n\n<\/div>\n<p>Lorsqu\u2019ils expliquent leur vision du monde, ils nous parlent de \u00ab wak\u00e1n \u00bb, qu\u2019ils traduisent par \u00ab \u00e2me \u00bb ou \u00ab ombre \u00bb. \u00ab Wak\u00e1n \u00bb constitue la force vitale des \u00eatres vivants ; les \u00eatres humains, les animaux et les plantes. On peut donc dire que les Yawanaw\u00e1, comme la plupart des peuples autochtones, ont une conception animiste du monde.<\/p>\n<p>Il est difficile de savoir s\u2019il s\u2019agit d\u2019une conception originale, ou si elle est peut-\u00eatre influenc\u00e9e par pr\u00e8s de trois si\u00e8cles de soumission au catholicisme.<\/p>\n<p>De m\u00eame, ils accordent \u00e0 certaines entit\u00e9s des pouvoirs extraordinaires, d\u00e9ifiant la lune, le soleil, les \u00e9toiles, la pluie, le serpent, le jaguar ; toujours gouvern\u00e9e par la force omnipr\u00e9sente de la M\u00e8re Jungle, la \u00ab Floresta \u00bb.<\/p>\n<p>Pour les Yawanaw\u00e1, les r\u00eaves sont d\u2019une importance extr\u00eame ; ils sont des signes qui nous indiquent comment nous devons agir. Il est courant que des d\u00e9cisions tr\u00e8s importantes soient prises sur la base des r\u00eaves \u00ab visionnaires \u00bb d\u2019un membre de la tribu (surtout s\u2019il s\u2019agit du chaman).<\/p>\n<div class=\"row\"  id=\"row-669488764\">\n\n\n\t<div id=\"col-1002463163\" class=\"col medium-2 small-12 large-2\"  >\n\t\t\t\t<div class=\"col-inner\"  >\n\t\t\t\n\t\t\t\n\n\n\t\t<\/div>\n\t\t\t\t\t<\/div>\n\n\t\n\n\t<div id=\"col-504868918\" class=\"col medium-8 small-12 large-8\"  >\n\t\t\t\t<div class=\"col-inner\"  >\n\t\t\t\n\t\t\t\n\n<div class=\"video video-fit mb\" style=\"padding-top:56.25%;\"><iframe loading=\"lazy\" title=\"Matsini Yawanawa\" width=\"1020\" height=\"574\" src=\"https:\/\/www.youtube.com\/embed\/Jk4qHI6XHBs?feature=oembed&#038;enablejsapi=1&#038;origin=https:\/\/www.sinchisinchi.com\" frameborder=\"0\" allow=\"accelerometer; autoplay; clipboard-write; encrypted-media; gyroscope; picture-in-picture; web-share\" referrerpolicy=\"strict-origin-when-cross-origin\" allowfullscreen><\/iframe><\/div>\n\n\n\t\t<\/div>\n\t\t\t\t\t<\/div>\n\n\t\n\n\t<div id=\"col-590088691\" class=\"col medium-2 small-12 large-2\"  >\n\t\t\t\t<div class=\"col-inner\"  >\n\t\t\t\n\t\t\t\n\n\n\t\t<\/div>\n\t\t\t\t\t<\/div>\n\n\t\n\n<\/div>\n<p>Dans une conf\u00e9rence TED, un jeune homme du peuple Yawanaw\u00e1 d\u00e9crit la vision du monde de son peuple concernant les m\u00e9decines sacr\u00e9es : \u00ab Nous utilisons des plantes sacr\u00e9es lors de c\u00e9r\u00e9monies pour communiquer avec la for\u00eat. Avec l&rsquo;ayahuasca, vous pouvez voir \u00e0 quoi ressemble la vie, en commen\u00e7ant par vous-m\u00eame, vous pouvez entrevoir votre esprit, comprendre pourquoi vous \u00eates venu dans ce monde, mais pour cela, il ne suffit pas de boire ce breuvage, il faut aussi y croire. Et il ajoute : \u00ab Lorsqu\u2019un chaman va chercher une plante pour gu\u00e9rir quelqu\u2019un, il dit d\u2019abord \u00e0 la plante : je vais t\u2019utiliser pour gu\u00e9rir mon peuple, s\u2019il ne le disait pas, elle n\u2019aurait aucun effet en elle-m\u00eame. \u00bb<\/p>\n<p>Les Yawanaw\u00e1 sont des experts ancestraux dans la pr\u00e9paration et l&rsquo;utilisation de l&rsquo;ayahuasca, une boisson hallucinog\u00e8ne \u00e9labor\u00e9e \u00e0 partir de la d\u00e9coction de deux plantes qui poussent uniquement en Amazonie et qui est l&rsquo;une des m\u00e9decines traditionnelles les plus puissantes des peuples amazoniens.<\/p>\n<p>Depuis l\u2019Antiquit\u00e9, poursuit le jeune homme, nous utilisons le rum\u00ea (une sorte de tabac \u00e0 priser fabriqu\u00e9 \u00e0 partir de l\u2019\u00e9corce de l\u2019arbre tsun\u00fa) dans le cadre de notre tradition et de notre culture. Nous utilisons normalement le rum\u00ea lors de nos c\u00e9r\u00e9monies sacr\u00e9es avec l&rsquo;ayahuasca, que nous appelons Uni.<\/p>\n<p>&nbsp;<\/p>\n<div class=\"row\"  id=\"row-608698470\">\n\n\n\t<div id=\"col-716412721\" class=\"col small-12 large-12\"  >\n\t\t\t\t<div class=\"col-inner\"  >\n\t\t\t\n\t\t\t\n\n<div class=\"video video-fit mb\" style=\"padding-top:56.25%;\"><p><iframe loading=\"lazy\" title=\"We are all connected with nature: Nixiwaka Yawanawa at TEDxHackney\" width=\"1020\" height=\"574\" src=\"https:\/\/www.youtube.com\/embed\/xk0-yebNA_o?feature=oembed&#038;enablejsapi=1&#038;origin=https:\/\/www.sinchisinchi.com\" frameborder=\"0\" allow=\"accelerometer; autoplay; clipboard-write; encrypted-media; gyroscope; picture-in-picture; web-share\" referrerpolicy=\"strict-origin-when-cross-origin\" allowfullscreen><\/iframe><\/p>\n<\/div>\n\n\t<div id=\"gap-761396080\" class=\"gap-element clearfix\" style=\"display:block; height:auto;\">\n\t\t\n<style>\n#gap-761396080 {\n  padding-top: 30px;\n}\n<\/style>\n\t<\/div>\n\t\n\n\n\t\t<\/div>\n\t\t\t\t\t<\/div>\n\n\t\n\n<\/div>\n<h2 style=\"text-align: center;\">Bira Yawanaw\u00e1<\/h2>\n<p>Biraci Brasil Nixiwak\u00e1, connu de tous sous le nom de Bira, est \u00e2g\u00e9 d&rsquo;une soixantaine d&rsquo;ann\u00e9es. Il est un leader politique et spirituel des Yawanaw\u00e1, chef du Village Sacr\u00e9, et une figure embl\u00e9matique non seulement pour tous les membres de la tribu, mais aussi pour le mouvement indig\u00e8ne de son pays.<\/p>\n<p>\u00c0 l&rsquo;\u00e2ge de 18 ans, Bira s&rsquo;engage dans une lutte politique et sociale pour la conservation des territoires et de la culture, expulsant les r\u00e9colteurs de caoutchouc et les missionnaires de ses territoires.<\/p>\n<p>Bira nous parle de sa vision spirituelle de la jungle : \u00ab Tout comme les chr\u00e9tiens ont la Bible et les musulmans le Coran, pour les peuples autochtones, les gens de la jungle, les peuples indig\u00e8nes, cette for\u00eat est notre Bible sacr\u00e9e. \u00bb<\/p>\n<p>Bira a avou\u00e9 qu\u2019il admirait la science et qu\u2019il reconnaissait l\u2019Occident pour ses avanc\u00e9es en mati\u00e8re de d\u00e9veloppement et ses nouvelles technologies. Mais quand il s\u2019agit de plantes sacr\u00e9es et de la connaissance que la nature offre, les autorit\u00e9s sont elles, celles qui vivent depuis des milliers d\u2019ann\u00e9es dans la plus grande for\u00eat tropicale du monde.<\/p>\n<p>\u00ab Nous, les peuples autochtones\u2026 savons parler la langue des oiseaux, des arbres, des poissons. Nous connaissons les plantes m\u00e9dicinales, les plantes sacr\u00e9es. Nous connaissons les noms de ces plantes. Nous pourrions traduire cela pour l\u2019humanit\u00e9.<\/p>\n<div class=\"video video-fit mb\" style=\"padding-top:56.25%;\"><p><iframe loading=\"lazy\" title=\"Indigenous wisdom - Bira YAWANAWA\u0301 (port. english)\" width=\"1020\" height=\"574\" src=\"https:\/\/www.youtube.com\/embed\/mPbDC6EBhrQ?feature=oembed&#038;enablejsapi=1&#038;origin=https:\/\/www.sinchisinchi.com\" frameborder=\"0\" allow=\"accelerometer; autoplay; clipboard-write; encrypted-media; gyroscope; picture-in-picture; web-share\" referrerpolicy=\"strict-origin-when-cross-origin\" allowfullscreen><\/iframe><\/p>\n<\/div>\n\n<p>Bira dit qu\u2019il sait que le syst\u00e8me capitaliste ne s\u2019arr\u00eatera pas, que les villes continueront de progresser, de grandir et que de nouveaux besoins grandiront avec elles. \u00ab Il faut construire quelque chose de parall\u00e8le \u00e0 ce syst\u00e8me, mais sans exclure l\u2019autre. Il est possible d\u2019utiliser la technologie, de participer \u00e0 l\u2019\u00e9conomie et en m\u00eame temps de pr\u00e9server la for\u00eat. \u00ab Maintenir notre culture et vivre en paix au village. \u00bb La t\u00e2che des peuples amazoniens de prot\u00e9ger la for\u00eat est fondamentale pour l\u2019humanit\u00e9.<\/p>\n<p>En ce sens, les Yawanaw\u00e1, en particulier les chamans qui ont voyag\u00e9 \u00e0 travers le monde, connaissent tr\u00e8s bien le mode de vie des pays occidentaux. On dit que les esprits en Europe dorment. C\u2019est pourquoi on parle beaucoup d\u2019\u00e9veil : nous, les humains, sommes responsables d\u2019\u00e9veiller les esprits, de nous \u00e9veiller les uns les autres, selon la vision du monde Yawanaw\u00e1.<\/p>\n<p>Ils se sont donc donn\u00e9 pour mission de partager leur propre m\u00e9decine avec le monde occidental. Leurs c\u00e9r\u00e9monies peuvent para\u00eetre tr\u00e8s massives dans le monde occidental, mais c\u2019est leur fa\u00e7on de donner plus d\u2019opportunit\u00e9s \u00e0 plus de gens pour l\u2019acte essentiel de se souvenir, de retrouver leur propre esprit, de s\u2019\u00e9veiller.<\/p>\n<div class=\"row\"  id=\"row-1025847793\">\n\n\n\t<div id=\"col-1131083089\" class=\"col medium-6 small-12 large-6\"  >\n\t\t\t\t<div class=\"col-inner\"  >\n\t\t\t\n\t\t\t\n\n\t<div class=\"img has-hover x md-x lg-x y md-y lg-y\" id=\"image_541116487\">\n\t\t\t\t\t\t\t\t<div class=\"img-inner image-cover dark\" style=\"padding-top:75%;\">\n\t\t\t<img loading=\"lazy\" decoding=\"async\" width=\"1020\" height=\"787\" src=\"https:\/\/www.sinchisinchi.com\/wp-content\/uploads\/2025\/01\/B-Tribu-Yawanawa17.jpeg\" class=\"attachment-large size-large\" alt=\"\" srcset=\"https:\/\/www.sinchisinchi.com\/wp-content\/uploads\/2025\/01\/B-Tribu-Yawanawa17.jpeg 1024w, https:\/\/www.sinchisinchi.com\/wp-content\/uploads\/2025\/01\/B-Tribu-Yawanawa17-600x463.jpeg 600w, https:\/\/www.sinchisinchi.com\/wp-content\/uploads\/2025\/01\/B-Tribu-Yawanawa17-768x593.jpeg 768w, https:\/\/www.sinchisinchi.com\/wp-content\/uploads\/2025\/01\/B-Tribu-Yawanawa17-247x191.jpeg 247w, https:\/\/www.sinchisinchi.com\/wp-content\/uploads\/2025\/01\/B-Tribu-Yawanawa17-510x393.jpeg 510w\" sizes=\"auto, (max-width: 1020px) 100vw, 1020px\" \/>\t\t\t\t\t\t\n\t\t\t\t\t<\/div>\n\t\t\t\t\t\t\t\t\n<style>\n#image_541116487 {\n  width: 100%;\n}\n<\/style>\n\t<\/div>\n\t\n\n\n\t\t<\/div>\n\t\t\t\t\t<\/div>\n\n\t\n\n\t<div id=\"col-14718838\" class=\"col medium-6 small-12 large-6\"  >\n\t\t\t\t<div class=\"col-inner\"  >\n\t\t\t\n\t\t\t\n\n\t<div class=\"img has-hover x md-x lg-x y md-y lg-y\" id=\"image_2090141650\">\n\t\t\t\t\t\t\t\t<div class=\"img-inner image-cover dark\" style=\"padding-top:75%;\">\n\t\t\t<img loading=\"lazy\" decoding=\"async\" width=\"1020\" height=\"680\" src=\"https:\/\/www.sinchisinchi.com\/wp-content\/uploads\/2025\/01\/B-Tribu-Yawanawa14-1024x683.jpeg\" class=\"attachment-large size-large\" alt=\"\" srcset=\"https:\/\/www.sinchisinchi.com\/wp-content\/uploads\/2025\/01\/B-Tribu-Yawanawa14-1024x683.jpeg 1024w, https:\/\/www.sinchisinchi.com\/wp-content\/uploads\/2025\/01\/B-Tribu-Yawanawa14-600x400.jpeg 600w, https:\/\/www.sinchisinchi.com\/wp-content\/uploads\/2025\/01\/B-Tribu-Yawanawa14-768x512.jpeg 768w, https:\/\/www.sinchisinchi.com\/wp-content\/uploads\/2025\/01\/B-Tribu-Yawanawa14-1536x1024.jpeg 1536w, https:\/\/www.sinchisinchi.com\/wp-content\/uploads\/2025\/01\/B-Tribu-Yawanawa14-247x165.jpeg 247w, https:\/\/www.sinchisinchi.com\/wp-content\/uploads\/2025\/01\/B-Tribu-Yawanawa14-510x340.jpeg 510w, https:\/\/www.sinchisinchi.com\/wp-content\/uploads\/2025\/01\/B-Tribu-Yawanawa14.jpeg 1890w\" sizes=\"auto, (max-width: 1020px) 100vw, 1020px\" \/>\t\t\t\t\t\t\n\t\t\t\t\t<\/div>\n\t\t\t\t\t\t\t\t\n<style>\n#image_2090141650 {\n  width: 100%;\n}\n<\/style>\n\t<\/div>\n\t\n\n\n\t\t<\/div>\n\t\t\t\t\t<\/div>\n\n\t\n\n<\/div>\n<p>\u00ab Je pense que le monde occidental peut peut-\u00eatre apprendre de nous \u00e0 vivre une vie plus harmonieuse et en paix avec notre environnement, en combinant les connaissances Yawanaw\u00e1 avec les id\u00e9es occidentales. \u00bb -Bira.<\/p>\n<h2 style=\"text-align: center;\"><strong>Continuer la Lecture :<\/strong><\/h2>\n<a href=\"https:\/\/www.sinchisinchi.com\/fr\/tribus\/yawanawa\/defis\/\" class=\"button primary is-underline expand\" style=\"border-radius:9px;\">\n\t\t<span>Les D\u00e9fis de Yawanaw\u00e1<\/span>\n\t<\/a>\n\n\n\n","protected":false},"excerpt":{"rendered":"","protected":false},"author":1,"featured_media":0,"parent":21916,"menu_order":0,"comment_status":"closed","ping_status":"closed","template":"","meta":{"_joinchat":[],"footnotes":""},"class_list":["post-26085","page","type-page","status-publish","hentry"],"yoast_head":"<!-- This site is optimized with the Yoast SEO plugin v27.4 - https:\/\/yoast.com\/product\/yoast-seo-wordpress\/ -->\n<title>Tribu Yawanaw\u00e1 : Vie et Vision du Monde<\/title>\n<meta name=\"description\" content=\"La vision du monde Yawanaw\u00e1 parle de \u00ab wak\u00e1n \u00bb, qu\u2019ils traduisent par \u00e2me. Pour eux, elle constitue la force vitale de tout \u00eatre vivant.\" \/>\n<meta name=\"robots\" content=\"index, follow, max-snippet:-1, max-image-preview:large, max-video-preview:-1\" \/>\n<link rel=\"canonical\" href=\"https:\/\/www.sinchisinchi.com\/fr\/tribus\/yawanawa\/vision-du-monde\/\" \/>\n<meta property=\"og:locale\" content=\"fr_FR\" \/>\n<meta property=\"og:type\" content=\"article\" \/>\n<meta property=\"og:title\" content=\"Tribu Yawanaw\u00e1 : Vie et Vision du Monde\" \/>\n<meta property=\"og:description\" content=\"La vision du monde Yawanaw\u00e1 parle de \u00ab wak\u00e1n \u00bb, qu\u2019ils traduisent par \u00e2me. Pour eux, elle constitue la force vitale de tout \u00eatre vivant.\" \/>\n<meta property=\"og:url\" content=\"https:\/\/www.sinchisinchi.com\/fr\/tribus\/yawanawa\/vision-du-monde\/\" \/>\n<meta property=\"og:site_name\" content=\"SINCHI RAP\u00c9\" \/>\n<meta property=\"article:publisher\" content=\"https:\/\/www.facebook.com\/sinchirape\/\" \/>\n<meta property=\"article:modified_time\" content=\"2026-03-04T14:04:04+00:00\" \/>\n<meta name=\"twitter:card\" content=\"summary_large_image\" \/>\n<meta name=\"twitter:label1\" content=\"Dur\u00e9e de lecture estim\u00e9e\" \/>\n\t<meta name=\"twitter:data1\" content=\"7 minutes\" \/>\n<script type=\"application\/ld+json\" class=\"yoast-schema-graph\">{\"@context\":\"https:\\\/\\\/schema.org\",\"@graph\":[{\"@type\":\"WebPage\",\"@id\":\"https:\\\/\\\/www.sinchisinchi.com\\\/fr\\\/tribus\\\/yawanawa\\\/vision-du-monde\\\/\",\"url\":\"https:\\\/\\\/www.sinchisinchi.com\\\/fr\\\/tribus\\\/yawanawa\\\/vision-du-monde\\\/\",\"name\":\"Tribu Yawanaw\u00e1 : Vie et Vision du Monde\",\"isPartOf\":{\"@id\":\"https:\\\/\\\/www.sinchisinchi.com\\\/fr\\\/#website\"},\"datePublished\":\"2025-02-21T16:18:44+00:00\",\"dateModified\":\"2026-03-04T14:04:04+00:00\",\"description\":\"La vision du monde Yawanaw\u00e1 parle de \u00ab wak\u00e1n \u00bb, qu\u2019ils traduisent par \u00e2me. Pour eux, elle constitue la force vitale de tout \u00eatre vivant.\",\"breadcrumb\":{\"@id\":\"https:\\\/\\\/www.sinchisinchi.com\\\/fr\\\/tribus\\\/yawanawa\\\/vision-du-monde\\\/#breadcrumb\"},\"inLanguage\":\"fr-FR\",\"potentialAction\":[{\"@type\":\"ReadAction\",\"target\":[\"https:\\\/\\\/www.sinchisinchi.com\\\/fr\\\/tribus\\\/yawanawa\\\/vision-du-monde\\\/\"]}]},{\"@type\":\"BreadcrumbList\",\"@id\":\"https:\\\/\\\/www.sinchisinchi.com\\\/fr\\\/tribus\\\/yawanawa\\\/vision-du-monde\\\/#breadcrumb\",\"itemListElement\":[{\"@type\":\"ListItem\",\"position\":1,\"name\":\"Prima pagina\",\"item\":\"https:\\\/\\\/www.sinchisinchi.com\\\/fr\\\/\"},{\"@type\":\"ListItem\",\"position\":2,\"name\":\"Tribus Amazoniennes\",\"item\":\"https:\\\/\\\/www.sinchisinchi.com\\\/fr\\\/tribus\\\/\"},{\"@type\":\"ListItem\",\"position\":3,\"name\":\"Yawanaw\u00e1\",\"item\":\"https:\\\/\\\/www.sinchisinchi.com\\\/fr\\\/tribus\\\/yawanawa\\\/\"},{\"@type\":\"ListItem\",\"position\":4,\"name\":\"Vision du Monde\"}]},{\"@type\":\"WebSite\",\"@id\":\"https:\\\/\\\/www.sinchisinchi.com\\\/fr\\\/#website\",\"url\":\"https:\\\/\\\/www.sinchisinchi.com\\\/fr\\\/\",\"name\":\"SINCHI\",\"description\":\"Sinchi Medicine\",\"publisher\":{\"@id\":\"https:\\\/\\\/www.sinchisinchi.com\\\/fr\\\/#organization\"},\"potentialAction\":[{\"@type\":\"SearchAction\",\"target\":{\"@type\":\"EntryPoint\",\"urlTemplate\":\"https:\\\/\\\/www.sinchisinchi.com\\\/fr\\\/?s={search_term_string}\"},\"query-input\":{\"@type\":\"PropertyValueSpecification\",\"valueRequired\":true,\"valueName\":\"search_term_string\"}}],\"inLanguage\":\"fr-FR\"},{\"@type\":\"Organization\",\"@id\":\"https:\\\/\\\/www.sinchisinchi.com\\\/fr\\\/#organization\",\"name\":\"SINCHI S.L\",\"url\":\"https:\\\/\\\/www.sinchisinchi.com\\\/fr\\\/\",\"logo\":{\"@type\":\"ImageObject\",\"inLanguage\":\"fr-FR\",\"@id\":\"https:\\\/\\\/www.sinchisinchi.com\\\/fr\\\/#\\\/schema\\\/logo\\\/image\\\/\",\"url\":\"https:\\\/\\\/www.sinchisinchi.com\\\/wp-content\\\/uploads\\\/2026\\\/01\\\/3b-Verde-SIMPLIFICADO-HORIZONTAL-F-TRANSPARENTE-scaled.png\",\"contentUrl\":\"https:\\\/\\\/www.sinchisinchi.com\\\/wp-content\\\/uploads\\\/2026\\\/01\\\/3b-Verde-SIMPLIFICADO-HORIZONTAL-F-TRANSPARENTE-scaled.png\",\"width\":2560,\"height\":457,\"caption\":\"SINCHI S.L\"},\"image\":{\"@id\":\"https:\\\/\\\/www.sinchisinchi.com\\\/fr\\\/#\\\/schema\\\/logo\\\/image\\\/\"},\"sameAs\":[\"https:\\\/\\\/www.facebook.com\\\/sinchirape\\\/\",\"https:\\\/\\\/www.instagram.com\\\/sinchi_rape\\\/\"]}]}<\/script>\n<!-- \/ Yoast SEO plugin. -->","yoast_head_json":{"title":"Tribu Yawanaw\u00e1 : Vie et Vision du Monde","description":"La vision du monde Yawanaw\u00e1 parle de \u00ab wak\u00e1n \u00bb, qu\u2019ils traduisent par \u00e2me. Pour eux, elle constitue la force vitale de tout \u00eatre vivant.","robots":{"index":"index","follow":"follow","max-snippet":"max-snippet:-1","max-image-preview":"max-image-preview:large","max-video-preview":"max-video-preview:-1"},"canonical":"https:\/\/www.sinchisinchi.com\/fr\/tribus\/yawanawa\/vision-du-monde\/","og_locale":"fr_FR","og_type":"article","og_title":"Tribu Yawanaw\u00e1 : Vie et Vision du Monde","og_description":"La vision du monde Yawanaw\u00e1 parle de \u00ab wak\u00e1n \u00bb, qu\u2019ils traduisent par \u00e2me. Pour eux, elle constitue la force vitale de tout \u00eatre vivant.","og_url":"https:\/\/www.sinchisinchi.com\/fr\/tribus\/yawanawa\/vision-du-monde\/","og_site_name":"SINCHI RAP\u00c9","article_publisher":"https:\/\/www.facebook.com\/sinchirape\/","article_modified_time":"2026-03-04T14:04:04+00:00","twitter_card":"summary_large_image","twitter_misc":{"Dur\u00e9e de lecture estim\u00e9e":"7 minutes"},"schema":{"@context":"https:\/\/schema.org","@graph":[{"@type":"WebPage","@id":"https:\/\/www.sinchisinchi.com\/fr\/tribus\/yawanawa\/vision-du-monde\/","url":"https:\/\/www.sinchisinchi.com\/fr\/tribus\/yawanawa\/vision-du-monde\/","name":"Tribu Yawanaw\u00e1 : Vie et Vision du Monde","isPartOf":{"@id":"https:\/\/www.sinchisinchi.com\/fr\/#website"},"datePublished":"2025-02-21T16:18:44+00:00","dateModified":"2026-03-04T14:04:04+00:00","description":"La vision du monde Yawanaw\u00e1 parle de \u00ab wak\u00e1n \u00bb, qu\u2019ils traduisent par \u00e2me. Pour eux, elle constitue la force vitale de tout \u00eatre vivant.","breadcrumb":{"@id":"https:\/\/www.sinchisinchi.com\/fr\/tribus\/yawanawa\/vision-du-monde\/#breadcrumb"},"inLanguage":"fr-FR","potentialAction":[{"@type":"ReadAction","target":["https:\/\/www.sinchisinchi.com\/fr\/tribus\/yawanawa\/vision-du-monde\/"]}]},{"@type":"BreadcrumbList","@id":"https:\/\/www.sinchisinchi.com\/fr\/tribus\/yawanawa\/vision-du-monde\/#breadcrumb","itemListElement":[{"@type":"ListItem","position":1,"name":"Prima pagina","item":"https:\/\/www.sinchisinchi.com\/fr\/"},{"@type":"ListItem","position":2,"name":"Tribus Amazoniennes","item":"https:\/\/www.sinchisinchi.com\/fr\/tribus\/"},{"@type":"ListItem","position":3,"name":"Yawanaw\u00e1","item":"https:\/\/www.sinchisinchi.com\/fr\/tribus\/yawanawa\/"},{"@type":"ListItem","position":4,"name":"Vision du Monde"}]},{"@type":"WebSite","@id":"https:\/\/www.sinchisinchi.com\/fr\/#website","url":"https:\/\/www.sinchisinchi.com\/fr\/","name":"SINCHI","description":"Sinchi Medicine","publisher":{"@id":"https:\/\/www.sinchisinchi.com\/fr\/#organization"},"potentialAction":[{"@type":"SearchAction","target":{"@type":"EntryPoint","urlTemplate":"https:\/\/www.sinchisinchi.com\/fr\/?s={search_term_string}"},"query-input":{"@type":"PropertyValueSpecification","valueRequired":true,"valueName":"search_term_string"}}],"inLanguage":"fr-FR"},{"@type":"Organization","@id":"https:\/\/www.sinchisinchi.com\/fr\/#organization","name":"SINCHI S.L","url":"https:\/\/www.sinchisinchi.com\/fr\/","logo":{"@type":"ImageObject","inLanguage":"fr-FR","@id":"https:\/\/www.sinchisinchi.com\/fr\/#\/schema\/logo\/image\/","url":"https:\/\/www.sinchisinchi.com\/wp-content\/uploads\/2026\/01\/3b-Verde-SIMPLIFICADO-HORIZONTAL-F-TRANSPARENTE-scaled.png","contentUrl":"https:\/\/www.sinchisinchi.com\/wp-content\/uploads\/2026\/01\/3b-Verde-SIMPLIFICADO-HORIZONTAL-F-TRANSPARENTE-scaled.png","width":2560,"height":457,"caption":"SINCHI S.L"},"image":{"@id":"https:\/\/www.sinchisinchi.com\/fr\/#\/schema\/logo\/image\/"},"sameAs":["https:\/\/www.facebook.com\/sinchirape\/","https:\/\/www.instagram.com\/sinchi_rape\/"]}]}},"_links":{"self":[{"href":"https:\/\/www.sinchisinchi.com\/fr\/wp-json\/wp\/v2\/pages\/26085","targetHints":{"allow":["GET"]}}],"collection":[{"href":"https:\/\/www.sinchisinchi.com\/fr\/wp-json\/wp\/v2\/pages"}],"about":[{"href":"https:\/\/www.sinchisinchi.com\/fr\/wp-json\/wp\/v2\/types\/page"}],"author":[{"embeddable":true,"href":"https:\/\/www.sinchisinchi.com\/fr\/wp-json\/wp\/v2\/users\/1"}],"replies":[{"embeddable":true,"href":"https:\/\/www.sinchisinchi.com\/fr\/wp-json\/wp\/v2\/comments?post=26085"}],"version-history":[{"count":2,"href":"https:\/\/www.sinchisinchi.com\/fr\/wp-json\/wp\/v2\/pages\/26085\/revisions"}],"predecessor-version":[{"id":30116,"href":"https:\/\/www.sinchisinchi.com\/fr\/wp-json\/wp\/v2\/pages\/26085\/revisions\/30116"}],"up":[{"embeddable":true,"href":"https:\/\/www.sinchisinchi.com\/fr\/wp-json\/wp\/v2\/pages\/21916"}],"wp:attachment":[{"href":"https:\/\/www.sinchisinchi.com\/fr\/wp-json\/wp\/v2\/media?parent=26085"}],"curies":[{"name":"wp","href":"https:\/\/api.w.org\/{rel}","templated":true}]}}