{"id":26972,"date":"2025-04-22T12:36:50","date_gmt":"2025-04-22T12:36:50","guid":{"rendered":"https:\/\/www.sinchisinchi.com\/connaissance\/tribus-amazoniennes\/nukini\/video\/"},"modified":"2026-03-04T15:26:54","modified_gmt":"2026-03-04T15:26:54","slug":"video","status":"publish","type":"page","link":"https:\/\/www.sinchisinchi.com\/fr\/tribus\/rape-nukini\/video\/","title":{"rendered":"Vid\u00e9o"},"content":{"rendered":"\n<h1 style=\"text-align: center;\">Vid\u00e9os Nukini<\/h1>\n<div class=\"row\"  id=\"row-1403529091\">\n\n\n\t<div id=\"col-170714533\" class=\"col small-12 large-12\"  >\n\t\t\t\t<div class=\"col-inner\"  >\n\t\t\t\n\t\t\t\n\n<h2 style=\"text-align: center;\">Aldeia Recanto Verde &#8211; Povo Nukini<\/h2>\n<div class=\"video video-fit mb\" style=\"padding-top:56.25%;\"><iframe loading=\"lazy\" title=\"Aldeia Recanto Verde - Povo Nukini\" width=\"1020\" height=\"574\" src=\"https:\/\/www.youtube.com\/embed\/saa5UbsVVjE?feature=oembed&#038;enablejsapi=1&#038;origin=https:\/\/www.sinchisinchi.com\" frameborder=\"0\" allow=\"accelerometer; autoplay; clipboard-write; encrypted-media; gyroscope; picture-in-picture; web-share\" referrerpolicy=\"strict-origin-when-cross-origin\" allowfullscreen><\/iframe><\/div>\n\n<div id=\"title\" class=\"style-scope ytd-watch-metadata\">\n<h3 class=\"style-scope ytd-watch-metadata\" style=\"text-align: center;\">Povo Nukini &#8211; Aldeia IS\u00c3 VAKEVU<\/h3>\n<\/div>\n<div class=\"video video-fit mb\" style=\"padding-top:56.25%;\"><p><iframe loading=\"lazy\" title=\"Povo Nukini - Aldeia IS\u00c3 VAKEVU\" width=\"1020\" height=\"574\" src=\"https:\/\/www.youtube.com\/embed\/-poAa6gFst8?feature=oembed&#038;enablejsapi=1&#038;origin=https:\/\/www.sinchisinchi.com\" frameborder=\"0\" allow=\"accelerometer; autoplay; clipboard-write; encrypted-media; gyroscope; picture-in-picture; web-share\" referrerpolicy=\"strict-origin-when-cross-origin\" allowfullscreen><\/iframe><\/p>\n<\/div>\n\n<p>Parc national de la Serra do Divisor, Acre &#8211; Br\u00e9sil<\/p>\n<div class=\"video video-fit mb\" style=\"padding-top:56.25%;\"><p><iframe loading=\"lazy\" title=\"Na Aldeia dos Nukini, no Parque Nacional da Serra do Divisor, Acre - Brasil.\" width=\"1020\" height=\"574\" src=\"https:\/\/www.youtube.com\/embed\/kc_uJd83394?feature=oembed&#038;enablejsapi=1&#038;origin=https:\/\/www.sinchisinchi.com\" frameborder=\"0\" allow=\"accelerometer; autoplay; clipboard-write; encrypted-media; gyroscope; picture-in-picture; web-share\" referrerpolicy=\"strict-origin-when-cross-origin\" allowfullscreen><\/iframe><\/p>\n<\/div>\n\n<h3 style=\"text-align: center;\">Paulo Almeida Nukini<\/h3>\n<div class=\"video video-fit mb\" style=\"padding-top:56.25%;\"><p><iframe loading=\"lazy\" title=\"Paulo Almeida Nukini - \u00edntegra\" width=\"1020\" height=\"574\" src=\"https:\/\/www.youtube.com\/embed\/Y1Cw9nbAvbk?feature=oembed&#038;enablejsapi=1&#038;origin=https:\/\/www.sinchisinchi.com\" frameborder=\"0\" allow=\"accelerometer; autoplay; clipboard-write; encrypted-media; gyroscope; picture-in-picture; web-share\" referrerpolicy=\"strict-origin-when-cross-origin\" allowfullscreen><\/iframe><\/p>\n<\/div>\n\n<h2 style=\"text-align: center;\">Retour au blog :<\/h2>\n<a href=\"https:\/\/www.sinchisinchi.com\/fr\/tribus\/\" class=\"button primary is-underline expand\" >\n\t\t<span>TRIBUS AMAZONIENNES<\/span>\n\t<\/a>\n\n\n\n\t\t<\/div>\n\t\t\t\t\t<\/div>\n\n\t\n\n<\/div>\n\n","protected":false},"excerpt":{"rendered":"","protected":false},"author":1,"featured_media":0,"parent":21751,"menu_order":0,"comment_status":"closed","ping_status":"closed","template":"","meta":{"_joinchat":[],"footnotes":""},"class_list":["post-26972","page","type-page","status-publish","hentry"],"yoast_head":"<!-- This site is optimized with the Yoast SEO plugin v27.4 - https:\/\/yoast.com\/product\/yoast-seo-wordpress\/ -->\n<title>Vid\u00e9os de la tribu amazonienne Nukini<\/title>\n<meta name=\"description\" content=\"Vid\u00e9os de la tribu amazonienne Nukini, environ 500 personnes vivant dans l&#039;ouest de l&#039;\u00c9tat d&#039;Acre, au Br\u00e9sil.\" \/>\n<meta name=\"robots\" content=\"index, follow, max-snippet:-1, max-image-preview:large, max-video-preview:-1\" \/>\n<link rel=\"canonical\" href=\"https:\/\/www.sinchisinchi.com\/fr\/tribus\/rape-nukini\/video\/\" \/>\n<meta property=\"og:locale\" content=\"fr_FR\" \/>\n<meta property=\"og:type\" content=\"article\" \/>\n<meta property=\"og:title\" content=\"Vid\u00e9os de la tribu amazonienne Nukini\" \/>\n<meta property=\"og:description\" content=\"Vid\u00e9os de la tribu amazonienne Nukini, environ 500 personnes vivant dans l&#039;ouest de l&#039;\u00c9tat d&#039;Acre, au Br\u00e9sil.\" \/>\n<meta property=\"og:url\" content=\"https:\/\/www.sinchisinchi.com\/fr\/tribus\/rape-nukini\/video\/\" \/>\n<meta property=\"og:site_name\" content=\"SINCHI RAP\u00c9\" \/>\n<meta property=\"article:publisher\" content=\"https:\/\/www.facebook.com\/sinchirape\/\" \/>\n<meta property=\"article:modified_time\" content=\"2026-03-04T15:26:54+00:00\" \/>\n<meta name=\"twitter:card\" content=\"summary_large_image\" \/>\n<script type=\"application\/ld+json\" class=\"yoast-schema-graph\">{\"@context\":\"https:\\\/\\\/schema.org\",\"@graph\":[{\"@type\":\"WebPage\",\"@id\":\"https:\\\/\\\/www.sinchisinchi.com\\\/fr\\\/tribus\\\/rape-nukini\\\/video\\\/\",\"url\":\"https:\\\/\\\/www.sinchisinchi.com\\\/fr\\\/tribus\\\/rape-nukini\\\/video\\\/\",\"name\":\"Vid\u00e9os de la tribu amazonienne Nukini\",\"isPartOf\":{\"@id\":\"https:\\\/\\\/www.sinchisinchi.com\\\/fr\\\/#website\"},\"datePublished\":\"2025-04-22T12:36:50+00:00\",\"dateModified\":\"2026-03-04T15:26:54+00:00\",\"description\":\"Vid\u00e9os de la tribu amazonienne Nukini, environ 500 personnes vivant dans l'ouest de l'\u00c9tat d'Acre, au Br\u00e9sil.\",\"breadcrumb\":{\"@id\":\"https:\\\/\\\/www.sinchisinchi.com\\\/fr\\\/tribus\\\/rape-nukini\\\/video\\\/#breadcrumb\"},\"inLanguage\":\"fr-FR\",\"potentialAction\":[{\"@type\":\"ReadAction\",\"target\":[\"https:\\\/\\\/www.sinchisinchi.com\\\/fr\\\/tribus\\\/rape-nukini\\\/video\\\/\"]}]},{\"@type\":\"BreadcrumbList\",\"@id\":\"https:\\\/\\\/www.sinchisinchi.com\\\/fr\\\/tribus\\\/rape-nukini\\\/video\\\/#breadcrumb\",\"itemListElement\":[{\"@type\":\"ListItem\",\"position\":1,\"name\":\"Prima pagina\",\"item\":\"https:\\\/\\\/www.sinchisinchi.com\\\/fr\\\/\"},{\"@type\":\"ListItem\",\"position\":2,\"name\":\"Tribus Amazoniennes\",\"item\":\"https:\\\/\\\/www.sinchisinchi.com\\\/fr\\\/tribus\\\/\"},{\"@type\":\"ListItem\",\"position\":3,\"name\":\"Rap\u00e9 Nukini\",\"item\":\"https:\\\/\\\/www.sinchisinchi.com\\\/fr\\\/tribus\\\/rape-nukini\\\/\"},{\"@type\":\"ListItem\",\"position\":4,\"name\":\"Vid\u00e9o\"}]},{\"@type\":\"WebSite\",\"@id\":\"https:\\\/\\\/www.sinchisinchi.com\\\/fr\\\/#website\",\"url\":\"https:\\\/\\\/www.sinchisinchi.com\\\/fr\\\/\",\"name\":\"SINCHI\",\"description\":\"Sinchi Medicine\",\"publisher\":{\"@id\":\"https:\\\/\\\/www.sinchisinchi.com\\\/fr\\\/#organization\"},\"potentialAction\":[{\"@type\":\"SearchAction\",\"target\":{\"@type\":\"EntryPoint\",\"urlTemplate\":\"https:\\\/\\\/www.sinchisinchi.com\\\/fr\\\/?s={search_term_string}\"},\"query-input\":{\"@type\":\"PropertyValueSpecification\",\"valueRequired\":true,\"valueName\":\"search_term_string\"}}],\"inLanguage\":\"fr-FR\"},{\"@type\":\"Organization\",\"@id\":\"https:\\\/\\\/www.sinchisinchi.com\\\/fr\\\/#organization\",\"name\":\"SINCHI S.L\",\"url\":\"https:\\\/\\\/www.sinchisinchi.com\\\/fr\\\/\",\"logo\":{\"@type\":\"ImageObject\",\"inLanguage\":\"fr-FR\",\"@id\":\"https:\\\/\\\/www.sinchisinchi.com\\\/fr\\\/#\\\/schema\\\/logo\\\/image\\\/\",\"url\":\"https:\\\/\\\/www.sinchisinchi.com\\\/wp-content\\\/uploads\\\/2026\\\/01\\\/3b-Verde-SIMPLIFICADO-HORIZONTAL-F-TRANSPARENTE-scaled.png\",\"contentUrl\":\"https:\\\/\\\/www.sinchisinchi.com\\\/wp-content\\\/uploads\\\/2026\\\/01\\\/3b-Verde-SIMPLIFICADO-HORIZONTAL-F-TRANSPARENTE-scaled.png\",\"width\":2560,\"height\":457,\"caption\":\"SINCHI S.L\"},\"image\":{\"@id\":\"https:\\\/\\\/www.sinchisinchi.com\\\/fr\\\/#\\\/schema\\\/logo\\\/image\\\/\"},\"sameAs\":[\"https:\\\/\\\/www.facebook.com\\\/sinchirape\\\/\",\"https:\\\/\\\/www.instagram.com\\\/sinchi_rape\\\/\"]}]}<\/script>\n<!-- \/ Yoast SEO plugin. -->","yoast_head_json":{"title":"Vid\u00e9os de la tribu amazonienne Nukini","description":"Vid\u00e9os de la tribu amazonienne Nukini, environ 500 personnes vivant dans l'ouest de l'\u00c9tat d'Acre, au Br\u00e9sil.","robots":{"index":"index","follow":"follow","max-snippet":"max-snippet:-1","max-image-preview":"max-image-preview:large","max-video-preview":"max-video-preview:-1"},"canonical":"https:\/\/www.sinchisinchi.com\/fr\/tribus\/rape-nukini\/video\/","og_locale":"fr_FR","og_type":"article","og_title":"Vid\u00e9os de la tribu amazonienne Nukini","og_description":"Vid\u00e9os de la tribu amazonienne Nukini, environ 500 personnes vivant dans l'ouest de l'\u00c9tat d'Acre, au Br\u00e9sil.","og_url":"https:\/\/www.sinchisinchi.com\/fr\/tribus\/rape-nukini\/video\/","og_site_name":"SINCHI RAP\u00c9","article_publisher":"https:\/\/www.facebook.com\/sinchirape\/","article_modified_time":"2026-03-04T15:26:54+00:00","twitter_card":"summary_large_image","schema":{"@context":"https:\/\/schema.org","@graph":[{"@type":"WebPage","@id":"https:\/\/www.sinchisinchi.com\/fr\/tribus\/rape-nukini\/video\/","url":"https:\/\/www.sinchisinchi.com\/fr\/tribus\/rape-nukini\/video\/","name":"Vid\u00e9os de la tribu amazonienne Nukini","isPartOf":{"@id":"https:\/\/www.sinchisinchi.com\/fr\/#website"},"datePublished":"2025-04-22T12:36:50+00:00","dateModified":"2026-03-04T15:26:54+00:00","description":"Vid\u00e9os de la tribu amazonienne Nukini, environ 500 personnes vivant dans l'ouest de l'\u00c9tat d'Acre, au Br\u00e9sil.","breadcrumb":{"@id":"https:\/\/www.sinchisinchi.com\/fr\/tribus\/rape-nukini\/video\/#breadcrumb"},"inLanguage":"fr-FR","potentialAction":[{"@type":"ReadAction","target":["https:\/\/www.sinchisinchi.com\/fr\/tribus\/rape-nukini\/video\/"]}]},{"@type":"BreadcrumbList","@id":"https:\/\/www.sinchisinchi.com\/fr\/tribus\/rape-nukini\/video\/#breadcrumb","itemListElement":[{"@type":"ListItem","position":1,"name":"Prima pagina","item":"https:\/\/www.sinchisinchi.com\/fr\/"},{"@type":"ListItem","position":2,"name":"Tribus Amazoniennes","item":"https:\/\/www.sinchisinchi.com\/fr\/tribus\/"},{"@type":"ListItem","position":3,"name":"Rap\u00e9 Nukini","item":"https:\/\/www.sinchisinchi.com\/fr\/tribus\/rape-nukini\/"},{"@type":"ListItem","position":4,"name":"Vid\u00e9o"}]},{"@type":"WebSite","@id":"https:\/\/www.sinchisinchi.com\/fr\/#website","url":"https:\/\/www.sinchisinchi.com\/fr\/","name":"SINCHI","description":"Sinchi Medicine","publisher":{"@id":"https:\/\/www.sinchisinchi.com\/fr\/#organization"},"potentialAction":[{"@type":"SearchAction","target":{"@type":"EntryPoint","urlTemplate":"https:\/\/www.sinchisinchi.com\/fr\/?s={search_term_string}"},"query-input":{"@type":"PropertyValueSpecification","valueRequired":true,"valueName":"search_term_string"}}],"inLanguage":"fr-FR"},{"@type":"Organization","@id":"https:\/\/www.sinchisinchi.com\/fr\/#organization","name":"SINCHI S.L","url":"https:\/\/www.sinchisinchi.com\/fr\/","logo":{"@type":"ImageObject","inLanguage":"fr-FR","@id":"https:\/\/www.sinchisinchi.com\/fr\/#\/schema\/logo\/image\/","url":"https:\/\/www.sinchisinchi.com\/wp-content\/uploads\/2026\/01\/3b-Verde-SIMPLIFICADO-HORIZONTAL-F-TRANSPARENTE-scaled.png","contentUrl":"https:\/\/www.sinchisinchi.com\/wp-content\/uploads\/2026\/01\/3b-Verde-SIMPLIFICADO-HORIZONTAL-F-TRANSPARENTE-scaled.png","width":2560,"height":457,"caption":"SINCHI S.L"},"image":{"@id":"https:\/\/www.sinchisinchi.com\/fr\/#\/schema\/logo\/image\/"},"sameAs":["https:\/\/www.facebook.com\/sinchirape\/","https:\/\/www.instagram.com\/sinchi_rape\/"]}]}},"_links":{"self":[{"href":"https:\/\/www.sinchisinchi.com\/fr\/wp-json\/wp\/v2\/pages\/26972","targetHints":{"allow":["GET"]}}],"collection":[{"href":"https:\/\/www.sinchisinchi.com\/fr\/wp-json\/wp\/v2\/pages"}],"about":[{"href":"https:\/\/www.sinchisinchi.com\/fr\/wp-json\/wp\/v2\/types\/page"}],"author":[{"embeddable":true,"href":"https:\/\/www.sinchisinchi.com\/fr\/wp-json\/wp\/v2\/users\/1"}],"replies":[{"embeddable":true,"href":"https:\/\/www.sinchisinchi.com\/fr\/wp-json\/wp\/v2\/comments?post=26972"}],"version-history":[{"count":2,"href":"https:\/\/www.sinchisinchi.com\/fr\/wp-json\/wp\/v2\/pages\/26972\/revisions"}],"predecessor-version":[{"id":30162,"href":"https:\/\/www.sinchisinchi.com\/fr\/wp-json\/wp\/v2\/pages\/26972\/revisions\/30162"}],"up":[{"embeddable":true,"href":"https:\/\/www.sinchisinchi.com\/fr\/wp-json\/wp\/v2\/pages\/21751"}],"wp:attachment":[{"href":"https:\/\/www.sinchisinchi.com\/fr\/wp-json\/wp\/v2\/media?parent=26972"}],"curies":[{"name":"wp","href":"https:\/\/api.w.org\/{rel}","templated":true}]}}