{"id":20729,"date":"2023-11-17T00:30:29","date_gmt":"2023-11-17T00:30:29","guid":{"rendered":"https:\/\/www.sinchisinchi.com\/producto\/mulateiro\/"},"modified":"2026-02-21T22:48:42","modified_gmt":"2026-02-21T22:48:42","slug":"mulateiro","status":"publish","type":"product","link":"https:\/\/www.sinchisinchi.com\/fr\/producto\/mulateiro\/","title":{"rendered":"Mulateiro"},"content":{"rendered":"<div class=\"row\"  id=\"row-1546870540\">\n\n\t<div id=\"col-1657106627\" class=\"col small-12 large-12\"  >\n\t\t\t\t<div class=\"col-inner\"  >\n\t\t\t\n\t\t\t\n<a href=\"https:\/\/www.sinchisinchi.com\/fr\/producto\/mulateiro-50gr\/\" target=\"_blank\" class=\"button secondary is-larger lowercase expand\" rel=\"noopener\" style=\"border-radius:10px;\">\n\t\t<span>Taille moyenne: 50gr<\/span>\n\t<\/a>\n\n<a href=\"https:\/\/www.sinchisinchi.com\/fr\/producto\/mulateiro-100g\/\" target=\"_blank\" class=\"button secondary is-larger lowercase expand\" rel=\"noopener\" style=\"border-radius:10px;\">\n\t\t<span>Grand format: 100gr<\/span>\n\t<\/a>\n\n\t\t<\/div>\n\t\t\t\t\t<\/div>\n\n\t\n<\/div>\n\n  <div class=\"banner has-hover is-full-height\" id=\"banner-445567159\">\n          <div class=\"banner-inner fill\">\n        <div class=\"banner-bg fill\" >\n            <img loading=\"lazy\" decoding=\"async\" width=\"765\" height=\"1024\" src=\"https:\/\/www.sinchisinchi.com\/wp-content\/uploads\/2025\/01\/1-Tribu-Yawanawa1-765x1024.jpeg\" class=\"bg attachment-large size-large\" alt=\"\" \/>                        <div class=\"overlay\"><\/div>            \n                    <\/div>\n\t\t\n        <div class=\"banner-layers container\">\n            <div class=\"fill banner-link\"><\/div>            \n   <div id=\"text-box-1738984021\" class=\"text-box banner-layer x5 md-x5 lg-x5 y50 md-y50 lg-y50 res-text\">\n                                <div class=\"text-box-content text box-shadow-3\">\n              \n              <div class=\"text-inner text-left\">\n                  \n<h2 style=\"text-align: center;\">Yawanaw\u00e1<\/h2>\n<a href=\"https:\/\/www.sinchisinchi.com\/fr\/tribus\/yawanawa\/tribu\/\" target=\"_blank\" class=\"button primary is-underline is-larger expand\" rel=\"noopener\" >\n\t\t<span>TRIBU<\/span>\n\t<\/a>\n\n<a href=\"https:\/\/www.sinchisinchi.com\/fr\/tribus\/yawanawa\/vision-du-monde\/\" target=\"_blank\" class=\"button primary is-underline is-larger expand\" rel=\"noopener\" >\n\t\t<span>COSMOVISION<\/span>\n\t<\/a>\n\n<a href=\"https:\/\/www.sinchisinchi.com\/fr\/tribus\/yawanawa\/defis\/\" target=\"_blank\" class=\"button primary is-underline is-larger expand\" rel=\"noopener\" >\n\t\t<span>D\u00c9FIS<\/span>\n\t<\/a>\n\n<a href=\"https:\/\/www.sinchisinchi.com\/fr\/tribus\/yawanawa\/ceremonies\/\" target=\"_blank\" class=\"button primary is-underline is-larger expand\" rel=\"noopener\" >\n\t\t<span>C\u00c9R\u00c9MONIES<\/span>\n\t<\/a>\n\n<a href=\"https:\/\/www.sinchisinchi.com\/fr\/tribus\/yawanawa\/musique\/\" target=\"_blank\" class=\"button primary is-underline is-larger expand\" rel=\"noopener\" >\n\t\t<span>MUSIQUE<\/span>\n\t<\/a>\n\n<a href=\"https:\/\/www.sinchisinchi.com\/fr\/tribus\/yawanawa\/videos\/\" target=\"_blank\" class=\"button primary is-underline is-larger expand\" rel=\"noopener\" >\n\t\t<span>VID\u00c9OS<\/span>\n\t<\/a>\n\n              <\/div>\n           <\/div>\n                            \n<style>\n#text-box-1738984021 .text-box-content {\n  background-color: rgb(255, 255, 255);\n  font-size: 100%;\n}\n#text-box-1738984021 .text-inner {\n  padding: 30px 30px 30px 30px;\n}\n#text-box-1738984021 {\n  width: 60%;\n}\n@media (min-width:550px) {\n  #text-box-1738984021 {\n    width: 40%;\n  }\n}\n<\/style>\n    <\/div>\n \n        <\/div>\n      <\/div>\n\n            \n<style>\n#banner-445567159 {\n  padding-top: 100%;\n  background-color: rgb(255, 255, 255);\n}\n#banner-445567159 .overlay {\n  background-color: rgba(190, 190, 190, 0.2);\n}\n<\/style>\n  <\/div>\n\n\n","protected":false},"excerpt":{"rendered":"<p>C&rsquo;est une tr\u00e8s belle vari\u00e9t\u00e9 de Rap\u00e9, \u00e0 la sensation initiale forte, charg\u00e9e d&rsquo;\u00e9nergie, et qui a tendance \u00e0 faire pleurer.\u00c0 la grande quantit\u00e9 d\u2019\u00e9nergie des premiers instants succ\u00e8de un effet subtil et sans pens\u00e9e.<\/p>\n<p>L&rsquo;arbre Mulateiro est appel\u00e9 l&rsquo;arbre de la jeunesse et est plein de magie et de mysticisme, largement reconnu pour ses propri\u00e9t\u00e9s anti-\u00e2ge et antiparasitaires. Son utilisation dans le Rap\u00e9 est associ\u00e9e \u00e0 la fermet\u00e9 et \u00e0 la concentration de l&rsquo;esprit dans le travail spirituel.<\/p>\n<p><strong>-Composition:<\/strong> Il est \u00e9labor\u00e9 avec des cendres de l&rsquo;arbre Mulateiro (Calycophyllum spruceanum), du tabac d&rsquo;Amazonie et d&rsquo;autres plantes m\u00e9dicinales sacr\u00e9es d&rsquo;Amazonie. Couleur gris fonc\u00e9, l\u00e9g\u00e8rement brun\u00e2tre.<\/p>\n<p><strong>-Tribu:<\/strong> Fabriqu\u00e9 par la tribu Yawanaw\u00e1 du Br\u00e9sil.<\/p>\n<p><strong>-Taille:<\/strong>\u00a0Flacons de 10\u00a0ml (8 \u00e0 9\u00a0grammes). R\u00e9cipient en verre r\u00e9utilisable.<\/p>\n<p><strong>-Utilisation:<\/strong> Curiosit\u00e9 ethnobotanique. Usage exclusif pour \u00e9tude scientifique et historique.<\/p>\n","protected":false},"featured_media":20733,"template":"","meta":{"_joinchat":[]},"product_brand":[],"product_cat":[617],"product_tag":[],"class_list":{"0":"post-20729","1":"product","2":"type-product","3":"status-publish","4":"has-post-thumbnail","6":"product_cat-tribu-yawanawa","8":"first","9":"instock","10":"taxable","11":"shipping-taxable","12":"purchasable","13":"product-type-simple"},"yoast_head":"<!-- This site is optimized with the Yoast SEO plugin v27.1.1 - https:\/\/yoast.com\/product\/yoast-seo-wordpress\/ -->\n<title>SINCHI: Rap\u00e9 Mulateiro d&#039;Amazonie<\/title>\n<meta name=\"description\" content=\"Rap\u00e9 au Mulateiro, appel\u00e9 l&#039;arbre de jouvence, est plein de magie et de mysticisme, largement reconnu pour ses excellentes propri\u00e9t\u00e9s.\" \/>\n<meta name=\"robots\" content=\"index, follow, max-snippet:-1, max-image-preview:large, max-video-preview:-1\" \/>\n<link rel=\"canonical\" href=\"https:\/\/www.sinchisinchi.com\/fr\/producto\/mulateiro\/\" \/>\n<meta property=\"og:locale\" content=\"fr_FR\" \/>\n<meta property=\"og:type\" content=\"article\" \/>\n<meta property=\"og:title\" content=\"SINCHI: Rap\u00e9 Mulateiro d&#039;Amazonie\" \/>\n<meta property=\"og:description\" content=\"Rap\u00e9 au Mulateiro, appel\u00e9 l&#039;arbre de jouvence, est plein de magie et de mysticisme, largement reconnu pour ses excellentes propri\u00e9t\u00e9s.\" \/>\n<meta property=\"og:url\" content=\"https:\/\/www.sinchisinchi.com\/fr\/producto\/mulateiro\/\" \/>\n<meta property=\"og:site_name\" content=\"SINCHI RAP\u00c9\" \/>\n<meta property=\"article:publisher\" content=\"https:\/\/www.facebook.com\/sinchirape\/\" \/>\n<meta property=\"article:modified_time\" content=\"2026-02-21T22:48:42+00:00\" \/>\n<meta property=\"og:image\" content=\"https:\/\/www.sinchisinchi.com\/wp-content\/uploads\/2023\/11\/7-Mulateiro.jpg\" \/>\n\t<meta property=\"og:image:width\" content=\"700\" \/>\n\t<meta property=\"og:image:height\" content=\"700\" \/>\n\t<meta property=\"og:image:type\" content=\"image\/jpeg\" \/>\n<meta name=\"twitter:card\" content=\"summary_large_image\" \/>\n<meta name=\"twitter:label1\" content=\"Dur\u00e9e de lecture estim\u00e9e\" \/>\n\t<meta name=\"twitter:data1\" content=\"1 minute\" \/>\n<script type=\"application\/ld+json\" class=\"yoast-schema-graph\">{\"@context\":\"https:\/\/schema.org\",\"@graph\":[{\"@type\":\"WebPage\",\"@id\":\"https:\/\/www.sinchisinchi.com\/fr\/producto\/mulateiro\/\",\"url\":\"https:\/\/www.sinchisinchi.com\/fr\/producto\/mulateiro\/\",\"name\":\"SINCHI: Rap\u00e9 Mulateiro d'Amazonie\",\"isPartOf\":{\"@id\":\"https:\/\/www.sinchisinchi.com\/fr\/#website\"},\"primaryImageOfPage\":{\"@id\":\"https:\/\/www.sinchisinchi.com\/fr\/producto\/mulateiro\/#primaryimage\"},\"image\":{\"@id\":\"https:\/\/www.sinchisinchi.com\/fr\/producto\/mulateiro\/#primaryimage\"},\"thumbnailUrl\":\"https:\/\/www.sinchisinchi.com\/wp-content\/uploads\/2023\/11\/7-Mulateiro.jpg\",\"datePublished\":\"2023-11-17T00:30:29+00:00\",\"dateModified\":\"2026-02-21T22:48:42+00:00\",\"description\":\"Rap\u00e9 au Mulateiro, appel\u00e9 l'arbre de jouvence, est plein de magie et de mysticisme, largement reconnu pour ses excellentes propri\u00e9t\u00e9s.\",\"breadcrumb\":{\"@id\":\"https:\/\/www.sinchisinchi.com\/fr\/producto\/mulateiro\/#breadcrumb\"},\"inLanguage\":\"fr-FR\",\"potentialAction\":[{\"@type\":\"ReadAction\",\"target\":[\"https:\/\/www.sinchisinchi.com\/fr\/producto\/mulateiro\/\"]}]},{\"@type\":\"ImageObject\",\"inLanguage\":\"fr-FR\",\"@id\":\"https:\/\/www.sinchisinchi.com\/fr\/producto\/mulateiro\/#primaryimage\",\"url\":\"https:\/\/www.sinchisinchi.com\/wp-content\/uploads\/2023\/11\/7-Mulateiro.jpg\",\"contentUrl\":\"https:\/\/www.sinchisinchi.com\/wp-content\/uploads\/2023\/11\/7-Mulateiro.jpg\",\"width\":700,\"height\":700},{\"@type\":\"BreadcrumbList\",\"@id\":\"https:\/\/www.sinchisinchi.com\/fr\/producto\/mulateiro\/#breadcrumb\",\"itemListElement\":[{\"@type\":\"ListItem\",\"position\":1,\"name\":\"Prima pagina\",\"item\":\"https:\/\/www.sinchisinchi.com\/fr\/\"},{\"@type\":\"ListItem\",\"position\":2,\"name\":\"Produits\",\"item\":\"https:\/\/www.sinchisinchi.com\/fr\/shop\/\"},{\"@type\":\"ListItem\",\"position\":3,\"name\":\"Mulateiro\"}]},{\"@type\":\"WebSite\",\"@id\":\"https:\/\/www.sinchisinchi.com\/fr\/#website\",\"url\":\"https:\/\/www.sinchisinchi.com\/fr\/\",\"name\":\"SINCHI\",\"description\":\"Sinchi Medicine\",\"publisher\":{\"@id\":\"https:\/\/www.sinchisinchi.com\/fr\/#organization\"},\"potentialAction\":[{\"@type\":\"SearchAction\",\"target\":{\"@type\":\"EntryPoint\",\"urlTemplate\":\"https:\/\/www.sinchisinchi.com\/fr\/?s={search_term_string}\"},\"query-input\":{\"@type\":\"PropertyValueSpecification\",\"valueRequired\":true,\"valueName\":\"search_term_string\"}}],\"inLanguage\":\"fr-FR\"},{\"@type\":\"Organization\",\"@id\":\"https:\/\/www.sinchisinchi.com\/fr\/#organization\",\"name\":\"SINCHI S.L\",\"url\":\"https:\/\/www.sinchisinchi.com\/fr\/\",\"logo\":{\"@type\":\"ImageObject\",\"inLanguage\":\"fr-FR\",\"@id\":\"https:\/\/www.sinchisinchi.com\/fr\/#\/schema\/logo\/image\/\",\"url\":\"https:\/\/www.sinchisinchi.com\/wp-content\/uploads\/2026\/01\/3b-Verde-SIMPLIFICADO-HORIZONTAL-F-TRANSPARENTE-scaled.png\",\"contentUrl\":\"https:\/\/www.sinchisinchi.com\/wp-content\/uploads\/2026\/01\/3b-Verde-SIMPLIFICADO-HORIZONTAL-F-TRANSPARENTE-scaled.png\",\"width\":2560,\"height\":457,\"caption\":\"SINCHI S.L\"},\"image\":{\"@id\":\"https:\/\/www.sinchisinchi.com\/fr\/#\/schema\/logo\/image\/\"},\"sameAs\":[\"https:\/\/www.facebook.com\/sinchirape\/\",\"https:\/\/www.instagram.com\/sinchi_rape\/\"]}]}<\/script>\n<!-- \/ Yoast SEO plugin. -->","yoast_head_json":{"title":"SINCHI: Rap\u00e9 Mulateiro d'Amazonie","description":"Rap\u00e9 au Mulateiro, appel\u00e9 l'arbre de jouvence, est plein de magie et de mysticisme, largement reconnu pour ses excellentes propri\u00e9t\u00e9s.","robots":{"index":"index","follow":"follow","max-snippet":"max-snippet:-1","max-image-preview":"max-image-preview:large","max-video-preview":"max-video-preview:-1"},"canonical":"https:\/\/www.sinchisinchi.com\/fr\/producto\/mulateiro\/","og_locale":"fr_FR","og_type":"article","og_title":"SINCHI: Rap\u00e9 Mulateiro d'Amazonie","og_description":"Rap\u00e9 au Mulateiro, appel\u00e9 l'arbre de jouvence, est plein de magie et de mysticisme, largement reconnu pour ses excellentes propri\u00e9t\u00e9s.","og_url":"https:\/\/www.sinchisinchi.com\/fr\/producto\/mulateiro\/","og_site_name":"SINCHI RAP\u00c9","article_publisher":"https:\/\/www.facebook.com\/sinchirape\/","article_modified_time":"2026-02-21T22:48:42+00:00","og_image":[{"width":700,"height":700,"url":"https:\/\/www.sinchisinchi.com\/wp-content\/uploads\/2023\/11\/7-Mulateiro.jpg","type":"image\/jpeg"}],"twitter_card":"summary_large_image","twitter_misc":{"Dur\u00e9e de lecture estim\u00e9e":"1 minute"},"schema":{"@context":"https:\/\/schema.org","@graph":[{"@type":"WebPage","@id":"https:\/\/www.sinchisinchi.com\/fr\/producto\/mulateiro\/","url":"https:\/\/www.sinchisinchi.com\/fr\/producto\/mulateiro\/","name":"SINCHI: Rap\u00e9 Mulateiro d'Amazonie","isPartOf":{"@id":"https:\/\/www.sinchisinchi.com\/fr\/#website"},"primaryImageOfPage":{"@id":"https:\/\/www.sinchisinchi.com\/fr\/producto\/mulateiro\/#primaryimage"},"image":{"@id":"https:\/\/www.sinchisinchi.com\/fr\/producto\/mulateiro\/#primaryimage"},"thumbnailUrl":"https:\/\/www.sinchisinchi.com\/wp-content\/uploads\/2023\/11\/7-Mulateiro.jpg","datePublished":"2023-11-17T00:30:29+00:00","dateModified":"2026-02-21T22:48:42+00:00","description":"Rap\u00e9 au Mulateiro, appel\u00e9 l'arbre de jouvence, est plein de magie et de mysticisme, largement reconnu pour ses excellentes propri\u00e9t\u00e9s.","breadcrumb":{"@id":"https:\/\/www.sinchisinchi.com\/fr\/producto\/mulateiro\/#breadcrumb"},"inLanguage":"fr-FR","potentialAction":[{"@type":"ReadAction","target":["https:\/\/www.sinchisinchi.com\/fr\/producto\/mulateiro\/"]}]},{"@type":"ImageObject","inLanguage":"fr-FR","@id":"https:\/\/www.sinchisinchi.com\/fr\/producto\/mulateiro\/#primaryimage","url":"https:\/\/www.sinchisinchi.com\/wp-content\/uploads\/2023\/11\/7-Mulateiro.jpg","contentUrl":"https:\/\/www.sinchisinchi.com\/wp-content\/uploads\/2023\/11\/7-Mulateiro.jpg","width":700,"height":700},{"@type":"BreadcrumbList","@id":"https:\/\/www.sinchisinchi.com\/fr\/producto\/mulateiro\/#breadcrumb","itemListElement":[{"@type":"ListItem","position":1,"name":"Prima pagina","item":"https:\/\/www.sinchisinchi.com\/fr\/"},{"@type":"ListItem","position":2,"name":"Produits","item":"https:\/\/www.sinchisinchi.com\/fr\/shop\/"},{"@type":"ListItem","position":3,"name":"Mulateiro"}]},{"@type":"WebSite","@id":"https:\/\/www.sinchisinchi.com\/fr\/#website","url":"https:\/\/www.sinchisinchi.com\/fr\/","name":"SINCHI","description":"Sinchi Medicine","publisher":{"@id":"https:\/\/www.sinchisinchi.com\/fr\/#organization"},"potentialAction":[{"@type":"SearchAction","target":{"@type":"EntryPoint","urlTemplate":"https:\/\/www.sinchisinchi.com\/fr\/?s={search_term_string}"},"query-input":{"@type":"PropertyValueSpecification","valueRequired":true,"valueName":"search_term_string"}}],"inLanguage":"fr-FR"},{"@type":"Organization","@id":"https:\/\/www.sinchisinchi.com\/fr\/#organization","name":"SINCHI S.L","url":"https:\/\/www.sinchisinchi.com\/fr\/","logo":{"@type":"ImageObject","inLanguage":"fr-FR","@id":"https:\/\/www.sinchisinchi.com\/fr\/#\/schema\/logo\/image\/","url":"https:\/\/www.sinchisinchi.com\/wp-content\/uploads\/2026\/01\/3b-Verde-SIMPLIFICADO-HORIZONTAL-F-TRANSPARENTE-scaled.png","contentUrl":"https:\/\/www.sinchisinchi.com\/wp-content\/uploads\/2026\/01\/3b-Verde-SIMPLIFICADO-HORIZONTAL-F-TRANSPARENTE-scaled.png","width":2560,"height":457,"caption":"SINCHI S.L"},"image":{"@id":"https:\/\/www.sinchisinchi.com\/fr\/#\/schema\/logo\/image\/"},"sameAs":["https:\/\/www.facebook.com\/sinchirape\/","https:\/\/www.instagram.com\/sinchi_rape\/"]}]}},"_links":{"self":[{"href":"https:\/\/www.sinchisinchi.com\/fr\/wp-json\/wp\/v2\/product\/20729","targetHints":{"allow":["GET"]}}],"collection":[{"href":"https:\/\/www.sinchisinchi.com\/fr\/wp-json\/wp\/v2\/product"}],"about":[{"href":"https:\/\/www.sinchisinchi.com\/fr\/wp-json\/wp\/v2\/types\/product"}],"wp:featuredmedia":[{"embeddable":true,"href":"https:\/\/www.sinchisinchi.com\/fr\/wp-json\/wp\/v2\/media\/20733"}],"wp:attachment":[{"href":"https:\/\/www.sinchisinchi.com\/fr\/wp-json\/wp\/v2\/media?parent=20729"}],"wp:term":[{"taxonomy":"product_brand","embeddable":true,"href":"https:\/\/www.sinchisinchi.com\/fr\/wp-json\/wp\/v2\/product_brand?post=20729"},{"taxonomy":"product_cat","embeddable":true,"href":"https:\/\/www.sinchisinchi.com\/fr\/wp-json\/wp\/v2\/product_cat?post=20729"},{"taxonomy":"product_tag","embeddable":true,"href":"https:\/\/www.sinchisinchi.com\/fr\/wp-json\/wp\/v2\/product_tag?post=20729"}],"curies":[{"name":"wp","href":"https:\/\/api.w.org\/{rel}","templated":true}]}}