{"id":21421,"date":"2020-12-06T22:25:34","date_gmt":"2020-12-06T22:25:34","guid":{"rendered":"https:\/\/www.sinchisinchi.com\/producto\/cacao\/"},"modified":"2026-05-04T00:09:13","modified_gmt":"2026-05-04T00:09:13","slug":"rape-huni-kuin-cacao","status":"publish","type":"product","link":"https:\/\/www.sinchisinchi.com\/fr\/producto\/rape-huni-kuin-cacao\/","title":{"rendered":"Cacao"},"content":{"rendered":"<a href=\"https:\/\/www.sinchisinchi.com\/fr\/producto\/cacao-50gr\/\" target=\"_blank\" class=\"button secondary is-larger lowercase expand\" rel=\"noopener\" style=\"border-radius:10px;\">\n\t\t<span>Taille Moyenne: 50g<\/span>\n\t<\/a>\n\n<a href=\"https:\/\/www.sinchisinchi.com\/fr\/producto\/cacao-100g\/\" target=\"_blank\" class=\"button secondary is-larger lowercase expand\" rel=\"noopener\" style=\"border-radius:10px;\">\n\t\t<span>Grand Format: 100g<\/span>\n\t<\/a>\n\n\t<div id=\"gap-1878114977\" class=\"gap-element clearfix\" style=\"display:block; height:auto;\">\n\t\t\n<style>\n#gap-1878114977 {\n  padding-top: 30px;\n}\n<\/style>\n\t<\/div>\n\t\n\n  <div class=\"banner has-hover\" id=\"banner-1596555930\">\n          <div class=\"banner-inner fill\">\n        <div class=\"banner-bg fill\" >\n            <img loading=\"lazy\" decoding=\"async\" width=\"791\" height=\"1024\" src=\"https:\/\/www.sinchisinchi.com\/wp-content\/uploads\/2024\/09\/0-Huni-Kuin-Kaxinawa-791x1024.jpg\" class=\"bg attachment-large size-large\" alt=\"Retrato frontal de un hombre Huni Kuin con tocado ceremonial de plumas de guacamayo, pintura facial de uruc\u00fa con dise\u00f1os kene y pectoral de mostacillas con patrones geom\u00e9tricos tradicionales\" \/>                        <div class=\"overlay\"><\/div>            \n                    <\/div>\n\t\t\n        <div class=\"banner-layers container\">\n            <div class=\"fill banner-link\"><\/div>            \n   <div id=\"text-box-1939716123\" class=\"text-box banner-layer x5 md-x5 lg-x5 y50 md-y50 lg-y50 res-text\">\n                                <div class=\"text-box-content text box-shadow-3\">\n              \n              <div class=\"text-inner text-left\">\n                  \n<h2><span style=\"color: #000000;\"><strong>TRIBU<\/strong><\/span><\/h2>\n<h3><span style=\"color: #000000;\">Huni Kuin<\/span><\/h3>\n<p><span style=\"color: #000000;\">La tribu Huni Kuin vit dans de petites communaut\u00e9s situ\u00e9es depuis les contreforts des Andes p\u00e9ruviennes jusqu&rsquo;aux fronti\u00e8res br\u00e9siliennes, dans les \u00c9tats d&rsquo;Acre et du sud de l&rsquo;Amazonas, couvrant la r\u00e9gion de l&rsquo;Alto Juru\u00e1, Purus et la vall\u00e9e de Javari.<\/span><\/p>\n<a href=\"https:\/\/www.sinchisinchi.com\/fr\/tribus\/rape-huni-kuin-kaxinawa\/\" target=\"_blank\" class=\"button primary is-underline expand\" rel=\"noopener\" >\n\t\t<span>Tribu<\/span>\n\t<\/a>\n\n<a href=\"https:\/\/www.sinchisinchi.com\/fr\/tribus\/rape-huni-kuin-kaxinawa\/videos\/\" target=\"_blank\" class=\"button primary is-underline expand\" rel=\"noopener\" >\n\t\t<span>Vid\u00e9os<\/span>\n\t<\/a>\n\n<a href=\"https:\/\/www.sinchisinchi.com\/fr\/tribus\/rape-huni-kuin-kaxinawa\/musique\/\" target=\"_blank\" class=\"button primary is-underline expand\" rel=\"noopener\" >\n\t\t<span>Musique<\/span>\n\t<\/a>\n\n              <\/div>\n           <\/div>\n                            \n<style>\n#text-box-1939716123 .text-box-content {\n  background-color: rgb(255, 255, 255);\n  font-size: 100%;\n}\n#text-box-1939716123 .text-inner {\n  padding: 30px 30px 30px 30px;\n}\n#text-box-1939716123 {\n  width: 60%;\n}\n@media (min-width:550px) {\n  #text-box-1939716123 {\n    width: 40%;\n  }\n}\n<\/style>\n    <\/div>\n \n        <\/div>\n      <\/div>\n\n              <div class=\"height-fix is-invisible\"><img loading=\"lazy\" decoding=\"async\" width=\"791\" height=\"1024\" src=\"https:\/\/www.sinchisinchi.com\/wp-content\/uploads\/2024\/09\/0-Huni-Kuin-Kaxinawa-791x1024.jpg\" class=\"attachment-large size-large\" alt=\"Retrato frontal de un hombre Huni Kuin con tocado ceremonial de plumas de guacamayo, pintura facial de uruc\u00fa con dise\u00f1os kene y pectoral de mostacillas con patrones geom\u00e9tricos tradicionales\" srcset=\"https:\/\/www.sinchisinchi.com\/wp-content\/uploads\/2024\/09\/0-Huni-Kuin-Kaxinawa-791x1024.jpg 791w, https:\/\/www.sinchisinchi.com\/wp-content\/uploads\/2024\/09\/0-Huni-Kuin-Kaxinawa-463x600.jpg 463w, https:\/\/www.sinchisinchi.com\/wp-content\/uploads\/2024\/09\/0-Huni-Kuin-Kaxinawa-768x995.jpg 768w, https:\/\/www.sinchisinchi.com\/wp-content\/uploads\/2024\/09\/0-Huni-Kuin-Kaxinawa-1186x1536.jpg 1186w, https:\/\/www.sinchisinchi.com\/wp-content\/uploads\/2024\/09\/0-Huni-Kuin-Kaxinawa-247x320.jpg 247w, https:\/\/www.sinchisinchi.com\/wp-content\/uploads\/2024\/09\/0-Huni-Kuin-Kaxinawa-510x661.jpg 510w, https:\/\/www.sinchisinchi.com\/wp-content\/uploads\/2024\/09\/0-Huni-Kuin-Kaxinawa.jpg 1581w\" sizes=\"auto, (max-width: 791px) 100vw, 791px\" \/><\/div>\n            \n<style>\n#banner-1596555930 .overlay {\n  background-color: rgba(190, 190, 190, 0.2);\n}\n#banner-1596555930 {\n  background-color: rgb(255, 255, 255);\n}\n<\/style>\n  <\/div>\n\n\n","protected":false},"excerpt":{"rendered":"<p><span style=\"color: #000000;\">Le rap\u00e9\u00a0au cacao est un m\u00e9lange exquis qui apporte r\u00e9sistance et vivacit\u00e9, ainsi qu&rsquo;un \u00e9tat profond de bien-\u00eatre et de force int\u00e9rieure physique et mentale. Il contient de l&rsquo;alcalo\u00efde <strong>th\u00e9obromine,<\/strong> qui est un vasodilatateur, un diur\u00e9tique et un stimulant cardiaque.<\/span><\/p>\n<p><span style=\"color: #000000;\">Le cacaoyer <strong>(Theobroma Cacao)<\/strong> est originaire du bassin amazonien, d&rsquo;o\u00f9 il s&rsquo;est r\u00e9pandu dans d&rsquo;autres r\u00e9gions des Am\u00e9riques et de l\u00e0 dans le monde entier.<\/span><\/p>\n<p><span style=\"color: #000000;\">Son nom scientifique vient du grec et signifie <strong>\u00abNourriture des dieux\u00bb<\/strong>, ce qui est tr\u00e8s appropri\u00e9 compte tenu de ses pr\u00e9cieuses propri\u00e9t\u00e9s.<\/span><\/p>\n<p><span style=\"color: #000000;\"><strong>-Propri\u00e9t\u00e9s et bienfaits:\u00a0<\/strong> Cacau Rap\u00e9 est particuli\u00e8rement adapt\u00e9 aux c\u00e9r\u00e9monies et aux processus d&rsquo;introspection. Extra fort, c&rsquo;est un Rap\u00e9 avec peu de cendre et une tonalit\u00e9 terreuse.<\/span><\/p>\n<p><span style=\"color: #000000;\"><strong>-Intensit\u00e9:<\/strong> Vari\u00e9t\u00e9 Rap\u00e9 tr\u00e8s prononc\u00e9e.<\/span><\/p>\n<p><span style=\"color: #000000;\"><strong>-Proportion:<\/strong> Tr\u00e8s forte proportion de Mapacho.<\/span><\/p>\n<p><span style=\"color: #000000;\"><strong>-Tribu:<\/strong>\u00a0Cette belle recette est pr\u00e9par\u00e9e par la tribu Huni Kuin (\u00e9galement connue sous le nom de Kaxinaw\u00e1, \u00a0caxinau\u00e1)<\/span><\/p>\n<p><span style=\"color: #000000;\"><strong>-Composition:<\/strong>\u00a0Contient des cendres de cacao naturel sauvage de la r\u00e9gion, et parfois les gousses de fruits sont \u00e9galement utilis\u00e9es. Le cacao est une plante originaire de cette partie de l\u2019Amazonie et pousse \u00e0 l\u2019\u00e9tat sauvage sur les rives du fleuve.<\/span><\/p>\n<p><span style=\"color: #000000;\"><strong>-Taille:<\/strong>\u00a0Flacons de 10\u00a0ml (8 \u00e0 9\u00a0grammes)<\/span><\/p>\n<p><span style=\"color: #000000;\"><strong>-Utilisation:<\/strong> Curiosit\u00e9 ethnobotanique.<\/span><\/p>\n","protected":false},"featured_media":21424,"template":"","meta":{"_joinchat":[]},"product_brand":[],"product_cat":[643],"product_tag":[],"class_list":{"0":"post-21421","1":"product","2":"type-product","3":"status-publish","4":"has-post-thumbnail","6":"product_cat-huni-kuin-fr","8":"first","9":"instock","10":"taxable","11":"shipping-taxable","12":"purchasable","13":"product-type-variable"},"yoast_head":"<!-- This site is optimized with the Yoast SEO plugin v27.4 - https:\/\/yoast.com\/product\/yoast-seo-wordpress\/ -->\n<title>SINCHI: Rap\u00e9 Cacao de la tribu Amazonienne Huni Kuin<\/title>\n<meta name=\"description\" content=\"Le Rap\u00e9 Cacao est particuli\u00e8rement adapt\u00e9 aux c\u00e9r\u00e9monies et aux processus d&#039;introspection. Extra fort, c&#039;est un Rap\u00e9 avec peu de cendre et une tonalit\u00e9 terreuse.\" \/>\n<meta name=\"robots\" content=\"index, follow, max-snippet:-1, max-image-preview:large, max-video-preview:-1\" \/>\n<link rel=\"canonical\" href=\"https:\/\/www.sinchisinchi.com\/fr\/producto\/rape-huni-kuin-cacao\/\" \/>\n<meta property=\"og:locale\" content=\"fr_FR\" \/>\n<meta property=\"og:type\" content=\"article\" \/>\n<meta property=\"og:title\" content=\"SINCHI: Rap\u00e9 Cacao de la tribu Amazonienne Huni Kuin\" \/>\n<meta property=\"og:description\" content=\"Le Rap\u00e9 Cacao est particuli\u00e8rement adapt\u00e9 aux c\u00e9r\u00e9monies et aux processus d&#039;introspection. Extra fort, c&#039;est un Rap\u00e9 avec peu de cendre et une tonalit\u00e9 terreuse.\" \/>\n<meta property=\"og:url\" content=\"https:\/\/www.sinchisinchi.com\/fr\/producto\/rape-huni-kuin-cacao\/\" \/>\n<meta property=\"og:site_name\" content=\"SINCHI RAP\u00c9\" \/>\n<meta property=\"article:publisher\" content=\"https:\/\/www.facebook.com\/sinchirape\/\" \/>\n<meta property=\"article:modified_time\" content=\"2026-05-04T00:09:13+00:00\" \/>\n<meta property=\"og:image\" content=\"https:\/\/www.sinchisinchi.com\/wp-content\/uploads\/2020\/12\/15-Cacau.jpg\" \/>\n\t<meta property=\"og:image:width\" content=\"700\" \/>\n\t<meta property=\"og:image:height\" content=\"700\" \/>\n\t<meta property=\"og:image:type\" content=\"image\/jpeg\" \/>\n<meta name=\"twitter:card\" content=\"summary_large_image\" \/>\n<meta name=\"twitter:label1\" content=\"Dur\u00e9e de lecture estim\u00e9e\" \/>\n\t<meta name=\"twitter:data1\" content=\"1 minute\" \/>\n<script type=\"application\/ld+json\" class=\"yoast-schema-graph\">{\"@context\":\"https:\\\/\\\/schema.org\",\"@graph\":[{\"@type\":\"WebPage\",\"@id\":\"https:\\\/\\\/www.sinchisinchi.com\\\/fr\\\/producto\\\/rape-huni-kuin-cacao\\\/\",\"url\":\"https:\\\/\\\/www.sinchisinchi.com\\\/fr\\\/producto\\\/rape-huni-kuin-cacao\\\/\",\"name\":\"SINCHI: Rap\u00e9 Cacao de la tribu Amazonienne Huni Kuin\",\"isPartOf\":{\"@id\":\"https:\\\/\\\/www.sinchisinchi.com\\\/fr\\\/#website\"},\"primaryImageOfPage\":{\"@id\":\"https:\\\/\\\/www.sinchisinchi.com\\\/fr\\\/producto\\\/rape-huni-kuin-cacao\\\/#primaryimage\"},\"image\":{\"@id\":\"https:\\\/\\\/www.sinchisinchi.com\\\/fr\\\/producto\\\/rape-huni-kuin-cacao\\\/#primaryimage\"},\"thumbnailUrl\":\"https:\\\/\\\/www.sinchisinchi.com\\\/wp-content\\\/uploads\\\/2020\\\/12\\\/15-Cacau.jpg\",\"datePublished\":\"2020-12-06T22:25:34+00:00\",\"dateModified\":\"2026-05-04T00:09:13+00:00\",\"description\":\"Le Rap\u00e9 Cacao est particuli\u00e8rement adapt\u00e9 aux c\u00e9r\u00e9monies et aux processus d'introspection. Extra fort, c'est un Rap\u00e9 avec peu de cendre et une tonalit\u00e9 terreuse.\",\"breadcrumb\":{\"@id\":\"https:\\\/\\\/www.sinchisinchi.com\\\/fr\\\/producto\\\/rape-huni-kuin-cacao\\\/#breadcrumb\"},\"inLanguage\":\"fr-FR\",\"potentialAction\":[{\"@type\":\"ReadAction\",\"target\":[\"https:\\\/\\\/www.sinchisinchi.com\\\/fr\\\/producto\\\/rape-huni-kuin-cacao\\\/\"]}]},{\"@type\":\"ImageObject\",\"inLanguage\":\"fr-FR\",\"@id\":\"https:\\\/\\\/www.sinchisinchi.com\\\/fr\\\/producto\\\/rape-huni-kuin-cacao\\\/#primaryimage\",\"url\":\"https:\\\/\\\/www.sinchisinchi.com\\\/wp-content\\\/uploads\\\/2020\\\/12\\\/15-Cacau.jpg\",\"contentUrl\":\"https:\\\/\\\/www.sinchisinchi.com\\\/wp-content\\\/uploads\\\/2020\\\/12\\\/15-Cacau.jpg\",\"width\":700,\"height\":700},{\"@type\":\"BreadcrumbList\",\"@id\":\"https:\\\/\\\/www.sinchisinchi.com\\\/fr\\\/producto\\\/rape-huni-kuin-cacao\\\/#breadcrumb\",\"itemListElement\":[{\"@type\":\"ListItem\",\"position\":1,\"name\":\"Prima pagina\",\"item\":\"https:\\\/\\\/www.sinchisinchi.com\\\/fr\\\/\"},{\"@type\":\"ListItem\",\"position\":2,\"name\":\"Produits\",\"item\":\"https:\\\/\\\/www.sinchisinchi.com\\\/fr\\\/shop\\\/\"},{\"@type\":\"ListItem\",\"position\":3,\"name\":\"Cacao\"}]},{\"@type\":\"WebSite\",\"@id\":\"https:\\\/\\\/www.sinchisinchi.com\\\/fr\\\/#website\",\"url\":\"https:\\\/\\\/www.sinchisinchi.com\\\/fr\\\/\",\"name\":\"SINCHI\",\"description\":\"Sinchi Medicine\",\"publisher\":{\"@id\":\"https:\\\/\\\/www.sinchisinchi.com\\\/fr\\\/#organization\"},\"potentialAction\":[{\"@type\":\"SearchAction\",\"target\":{\"@type\":\"EntryPoint\",\"urlTemplate\":\"https:\\\/\\\/www.sinchisinchi.com\\\/fr\\\/?s={search_term_string}\"},\"query-input\":{\"@type\":\"PropertyValueSpecification\",\"valueRequired\":true,\"valueName\":\"search_term_string\"}}],\"inLanguage\":\"fr-FR\"},{\"@type\":\"Organization\",\"@id\":\"https:\\\/\\\/www.sinchisinchi.com\\\/fr\\\/#organization\",\"name\":\"SINCHI S.L\",\"url\":\"https:\\\/\\\/www.sinchisinchi.com\\\/fr\\\/\",\"logo\":{\"@type\":\"ImageObject\",\"inLanguage\":\"fr-FR\",\"@id\":\"https:\\\/\\\/www.sinchisinchi.com\\\/fr\\\/#\\\/schema\\\/logo\\\/image\\\/\",\"url\":\"https:\\\/\\\/www.sinchisinchi.com\\\/wp-content\\\/uploads\\\/2026\\\/01\\\/3b-Verde-SIMPLIFICADO-HORIZONTAL-F-TRANSPARENTE-scaled.png\",\"contentUrl\":\"https:\\\/\\\/www.sinchisinchi.com\\\/wp-content\\\/uploads\\\/2026\\\/01\\\/3b-Verde-SIMPLIFICADO-HORIZONTAL-F-TRANSPARENTE-scaled.png\",\"width\":2560,\"height\":457,\"caption\":\"SINCHI S.L\"},\"image\":{\"@id\":\"https:\\\/\\\/www.sinchisinchi.com\\\/fr\\\/#\\\/schema\\\/logo\\\/image\\\/\"},\"sameAs\":[\"https:\\\/\\\/www.facebook.com\\\/sinchirape\\\/\",\"https:\\\/\\\/www.instagram.com\\\/sinchi_rape\\\/\"]}]}<\/script>\n<!-- \/ Yoast SEO plugin. -->","yoast_head_json":{"title":"SINCHI: Rap\u00e9 Cacao de la tribu Amazonienne Huni Kuin","description":"Le Rap\u00e9 Cacao est particuli\u00e8rement adapt\u00e9 aux c\u00e9r\u00e9monies et aux processus d'introspection. Extra fort, c'est un Rap\u00e9 avec peu de cendre et une tonalit\u00e9 terreuse.","robots":{"index":"index","follow":"follow","max-snippet":"max-snippet:-1","max-image-preview":"max-image-preview:large","max-video-preview":"max-video-preview:-1"},"canonical":"https:\/\/www.sinchisinchi.com\/fr\/producto\/rape-huni-kuin-cacao\/","og_locale":"fr_FR","og_type":"article","og_title":"SINCHI: Rap\u00e9 Cacao de la tribu Amazonienne Huni Kuin","og_description":"Le Rap\u00e9 Cacao est particuli\u00e8rement adapt\u00e9 aux c\u00e9r\u00e9monies et aux processus d'introspection. Extra fort, c'est un Rap\u00e9 avec peu de cendre et une tonalit\u00e9 terreuse.","og_url":"https:\/\/www.sinchisinchi.com\/fr\/producto\/rape-huni-kuin-cacao\/","og_site_name":"SINCHI RAP\u00c9","article_publisher":"https:\/\/www.facebook.com\/sinchirape\/","article_modified_time":"2026-05-04T00:09:13+00:00","og_image":[{"width":700,"height":700,"url":"https:\/\/www.sinchisinchi.com\/wp-content\/uploads\/2020\/12\/15-Cacau.jpg","type":"image\/jpeg"}],"twitter_card":"summary_large_image","twitter_misc":{"Dur\u00e9e de lecture estim\u00e9e":"1 minute"},"schema":{"@context":"https:\/\/schema.org","@graph":[{"@type":"WebPage","@id":"https:\/\/www.sinchisinchi.com\/fr\/producto\/rape-huni-kuin-cacao\/","url":"https:\/\/www.sinchisinchi.com\/fr\/producto\/rape-huni-kuin-cacao\/","name":"SINCHI: Rap\u00e9 Cacao de la tribu Amazonienne Huni Kuin","isPartOf":{"@id":"https:\/\/www.sinchisinchi.com\/fr\/#website"},"primaryImageOfPage":{"@id":"https:\/\/www.sinchisinchi.com\/fr\/producto\/rape-huni-kuin-cacao\/#primaryimage"},"image":{"@id":"https:\/\/www.sinchisinchi.com\/fr\/producto\/rape-huni-kuin-cacao\/#primaryimage"},"thumbnailUrl":"https:\/\/www.sinchisinchi.com\/wp-content\/uploads\/2020\/12\/15-Cacau.jpg","datePublished":"2020-12-06T22:25:34+00:00","dateModified":"2026-05-04T00:09:13+00:00","description":"Le Rap\u00e9 Cacao est particuli\u00e8rement adapt\u00e9 aux c\u00e9r\u00e9monies et aux processus d'introspection. Extra fort, c'est un Rap\u00e9 avec peu de cendre et une tonalit\u00e9 terreuse.","breadcrumb":{"@id":"https:\/\/www.sinchisinchi.com\/fr\/producto\/rape-huni-kuin-cacao\/#breadcrumb"},"inLanguage":"fr-FR","potentialAction":[{"@type":"ReadAction","target":["https:\/\/www.sinchisinchi.com\/fr\/producto\/rape-huni-kuin-cacao\/"]}]},{"@type":"ImageObject","inLanguage":"fr-FR","@id":"https:\/\/www.sinchisinchi.com\/fr\/producto\/rape-huni-kuin-cacao\/#primaryimage","url":"https:\/\/www.sinchisinchi.com\/wp-content\/uploads\/2020\/12\/15-Cacau.jpg","contentUrl":"https:\/\/www.sinchisinchi.com\/wp-content\/uploads\/2020\/12\/15-Cacau.jpg","width":700,"height":700},{"@type":"BreadcrumbList","@id":"https:\/\/www.sinchisinchi.com\/fr\/producto\/rape-huni-kuin-cacao\/#breadcrumb","itemListElement":[{"@type":"ListItem","position":1,"name":"Prima pagina","item":"https:\/\/www.sinchisinchi.com\/fr\/"},{"@type":"ListItem","position":2,"name":"Produits","item":"https:\/\/www.sinchisinchi.com\/fr\/shop\/"},{"@type":"ListItem","position":3,"name":"Cacao"}]},{"@type":"WebSite","@id":"https:\/\/www.sinchisinchi.com\/fr\/#website","url":"https:\/\/www.sinchisinchi.com\/fr\/","name":"SINCHI","description":"Sinchi Medicine","publisher":{"@id":"https:\/\/www.sinchisinchi.com\/fr\/#organization"},"potentialAction":[{"@type":"SearchAction","target":{"@type":"EntryPoint","urlTemplate":"https:\/\/www.sinchisinchi.com\/fr\/?s={search_term_string}"},"query-input":{"@type":"PropertyValueSpecification","valueRequired":true,"valueName":"search_term_string"}}],"inLanguage":"fr-FR"},{"@type":"Organization","@id":"https:\/\/www.sinchisinchi.com\/fr\/#organization","name":"SINCHI S.L","url":"https:\/\/www.sinchisinchi.com\/fr\/","logo":{"@type":"ImageObject","inLanguage":"fr-FR","@id":"https:\/\/www.sinchisinchi.com\/fr\/#\/schema\/logo\/image\/","url":"https:\/\/www.sinchisinchi.com\/wp-content\/uploads\/2026\/01\/3b-Verde-SIMPLIFICADO-HORIZONTAL-F-TRANSPARENTE-scaled.png","contentUrl":"https:\/\/www.sinchisinchi.com\/wp-content\/uploads\/2026\/01\/3b-Verde-SIMPLIFICADO-HORIZONTAL-F-TRANSPARENTE-scaled.png","width":2560,"height":457,"caption":"SINCHI S.L"},"image":{"@id":"https:\/\/www.sinchisinchi.com\/fr\/#\/schema\/logo\/image\/"},"sameAs":["https:\/\/www.facebook.com\/sinchirape\/","https:\/\/www.instagram.com\/sinchi_rape\/"]}]}},"_links":{"self":[{"href":"https:\/\/www.sinchisinchi.com\/fr\/wp-json\/wp\/v2\/product\/21421","targetHints":{"allow":["GET"]}}],"collection":[{"href":"https:\/\/www.sinchisinchi.com\/fr\/wp-json\/wp\/v2\/product"}],"about":[{"href":"https:\/\/www.sinchisinchi.com\/fr\/wp-json\/wp\/v2\/types\/product"}],"wp:featuredmedia":[{"embeddable":true,"href":"https:\/\/www.sinchisinchi.com\/fr\/wp-json\/wp\/v2\/media\/21424"}],"wp:attachment":[{"href":"https:\/\/www.sinchisinchi.com\/fr\/wp-json\/wp\/v2\/media?parent=21421"}],"wp:term":[{"taxonomy":"product_brand","embeddable":true,"href":"https:\/\/www.sinchisinchi.com\/fr\/wp-json\/wp\/v2\/product_brand?post=21421"},{"taxonomy":"product_cat","embeddable":true,"href":"https:\/\/www.sinchisinchi.com\/fr\/wp-json\/wp\/v2\/product_cat?post=21421"},{"taxonomy":"product_tag","embeddable":true,"href":"https:\/\/www.sinchisinchi.com\/fr\/wp-json\/wp\/v2\/product_tag?post=21421"}],"curies":[{"name":"wp","href":"https:\/\/api.w.org\/{rel}","templated":true}]}}