{"id":22227,"date":"2024-08-03T21:56:07","date_gmt":"2024-08-03T21:56:07","guid":{"rendered":"https:\/\/www.sinchisinchi.com\/producto\/awiry-100g\/"},"modified":"2024-10-27T22:29:16","modified_gmt":"2024-10-27T22:29:16","slug":"awiry-100g","status":"publish","type":"product","link":"https:\/\/www.sinchisinchi.com\/fr\/producto\/awiry-100g\/","title":{"rendered":"Awiry 100g"},"content":{"rendered":"<a href=\"https:\/\/www.sinchisinchi.com\/es\/producto\/apurina-rape\/\" target=\"_blank\" class=\"button secondary is-large expand\" rel=\"noopener\" >\n\t\t<span>DESCRIPTION COMPL\u00c8TE<\/span>\n\t<\/a>\n\n","protected":false},"excerpt":{"rendered":"<p><span style=\"color: #282828;\"><strong>Rap\u00e9 Awiry de la tribu Apurina.<\/strong><\/span><\/p>\n<p><span style=\"color: #282828;\">Les Apurin\u00e3 sont c\u00e9l\u00e8bres pour leur Rap\u00e9 vert, unique et compl\u00e8tement diff\u00e9rent de celui des autres tribus de la r\u00e9gion. Il est fabriqu\u00e9 \u00e0 partir d&rsquo;une plante sacr\u00e9e qu&rsquo;ils appellent Awiry, consid\u00e9r\u00e9e par certains comme un type de tabac sauvage.<\/span><\/p>\n<p><span style=\"color: #282828;\">Apurina Awiry Rap\u00e9 ne contient ni cendres ni tabac ; uniquement des feuilles d&rsquo;Awiri moulues et finement tamis\u00e9es qui lui donnent sa couleur verte caract\u00e9ristique, et c&rsquo;est une vari\u00e9t\u00e9 parfaite pour ceux qui souhaitent un tabac \u00e0 priser sans nicotine.<\/span><\/p>\n<p><span style=\"color: #282828;\">Taille : 100 grammes.<\/span><\/p>\n<p><span style=\"color: #282828;\">Voir le lien vers la description ci-dessous.<\/span><\/p>\n","protected":false},"featured_media":20541,"template":"","meta":{"_joinchat":[]},"product_brand":[],"product_cat":[652,619],"product_tag":[],"class_list":{"0":"post-22227","1":"product","2":"type-product","3":"status-publish","4":"has-post-thumbnail","6":"product_cat-100g-boa-fr","7":"product_cat-100g-rape-france","9":"first","10":"instock","11":"taxable","12":"shipping-taxable","13":"purchasable","14":"product-type-simple"},"yoast_head":"<!-- This site is optimized with the Yoast SEO plugin v27.4 - https:\/\/yoast.com\/product\/yoast-seo-wordpress\/ -->\n<title>Awiry 100g - SINCHI RAP\u00c9<\/title>\n<meta name=\"robots\" content=\"index, follow, max-snippet:-1, max-image-preview:large, max-video-preview:-1\" \/>\n<link rel=\"canonical\" href=\"https:\/\/www.sinchisinchi.com\/fr\/producto\/awiry-100g\/\" \/>\n<meta property=\"og:locale\" content=\"fr_FR\" \/>\n<meta property=\"og:type\" content=\"article\" \/>\n<meta property=\"og:title\" content=\"Awiry 100g - SINCHI RAP\u00c9\" \/>\n<meta property=\"og:description\" content=\"Rap\u00e9 Awiry de la tribu Apurina.  Les Apurin\u00e3 sont c\u00e9l\u00e8bres pour leur Rap\u00e9 vert, unique et compl\u00e8tement diff\u00e9rent de celui des autres tribus de la r\u00e9gion. Il est fabriqu\u00e9 \u00e0 partir d&#039;une plante sacr\u00e9e qu&#039;ils appellent Awiry, consid\u00e9r\u00e9e par certains comme un type de tabac sauvage.  Apurina Awiry Rap\u00e9 ne contient ni cendres ni tabac ; uniquement des feuilles d&#039;Awiri moulues et finement tamis\u00e9es qui lui donnent sa couleur verte caract\u00e9ristique, et c&#039;est une vari\u00e9t\u00e9 parfaite pour ceux qui souhaitent un tabac \u00e0 priser sans nicotine.  Taille : 100 grammes.  Voir le lien vers la description ci-dessous.\" \/>\n<meta property=\"og:url\" content=\"https:\/\/www.sinchisinchi.com\/fr\/producto\/awiry-100g\/\" \/>\n<meta property=\"og:site_name\" content=\"SINCHI RAP\u00c9\" \/>\n<meta property=\"article:publisher\" content=\"https:\/\/www.facebook.com\/sinchirape\/\" \/>\n<meta property=\"article:modified_time\" content=\"2024-10-27T22:29:16+00:00\" \/>\n<meta property=\"og:image\" content=\"https:\/\/www.sinchisinchi.com\/wp-content\/uploads\/2024\/07\/6.4-Rape-Awiry-Delantera.jpg\" \/>\n\t<meta property=\"og:image:width\" content=\"700\" \/>\n\t<meta property=\"og:image:height\" content=\"700\" \/>\n\t<meta property=\"og:image:type\" content=\"image\/jpeg\" \/>\n<meta name=\"twitter:card\" content=\"summary_large_image\" \/>\n<script type=\"application\/ld+json\" class=\"yoast-schema-graph\">{\"@context\":\"https:\\\/\\\/schema.org\",\"@graph\":[{\"@type\":\"WebPage\",\"@id\":\"https:\\\/\\\/www.sinchisinchi.com\\\/fr\\\/producto\\\/awiry-100g\\\/\",\"url\":\"https:\\\/\\\/www.sinchisinchi.com\\\/fr\\\/producto\\\/awiry-100g\\\/\",\"name\":\"Awiry 100g - SINCHI RAP\u00c9\",\"isPartOf\":{\"@id\":\"https:\\\/\\\/www.sinchisinchi.com\\\/fr\\\/#website\"},\"primaryImageOfPage\":{\"@id\":\"https:\\\/\\\/www.sinchisinchi.com\\\/fr\\\/producto\\\/awiry-100g\\\/#primaryimage\"},\"image\":{\"@id\":\"https:\\\/\\\/www.sinchisinchi.com\\\/fr\\\/producto\\\/awiry-100g\\\/#primaryimage\"},\"thumbnailUrl\":\"https:\\\/\\\/www.sinchisinchi.com\\\/wp-content\\\/uploads\\\/2024\\\/07\\\/6.4-Rape-Awiry-Delantera.jpg\",\"datePublished\":\"2024-08-03T21:56:07+00:00\",\"dateModified\":\"2024-10-27T22:29:16+00:00\",\"breadcrumb\":{\"@id\":\"https:\\\/\\\/www.sinchisinchi.com\\\/fr\\\/producto\\\/awiry-100g\\\/#breadcrumb\"},\"inLanguage\":\"fr-FR\",\"potentialAction\":[{\"@type\":\"ReadAction\",\"target\":[\"https:\\\/\\\/www.sinchisinchi.com\\\/fr\\\/producto\\\/awiry-100g\\\/\"]}]},{\"@type\":\"ImageObject\",\"inLanguage\":\"fr-FR\",\"@id\":\"https:\\\/\\\/www.sinchisinchi.com\\\/fr\\\/producto\\\/awiry-100g\\\/#primaryimage\",\"url\":\"https:\\\/\\\/www.sinchisinchi.com\\\/wp-content\\\/uploads\\\/2024\\\/07\\\/6.4-Rape-Awiry-Delantera.jpg\",\"contentUrl\":\"https:\\\/\\\/www.sinchisinchi.com\\\/wp-content\\\/uploads\\\/2024\\\/07\\\/6.4-Rape-Awiry-Delantera.jpg\",\"width\":700,\"height\":700},{\"@type\":\"BreadcrumbList\",\"@id\":\"https:\\\/\\\/www.sinchisinchi.com\\\/fr\\\/producto\\\/awiry-100g\\\/#breadcrumb\",\"itemListElement\":[{\"@type\":\"ListItem\",\"position\":1,\"name\":\"Prima pagina\",\"item\":\"https:\\\/\\\/www.sinchisinchi.com\\\/fr\\\/\"},{\"@type\":\"ListItem\",\"position\":2,\"name\":\"Produits\",\"item\":\"https:\\\/\\\/www.sinchisinchi.com\\\/fr\\\/shop\\\/\"},{\"@type\":\"ListItem\",\"position\":3,\"name\":\"Awiry 100g\"}]},{\"@type\":\"WebSite\",\"@id\":\"https:\\\/\\\/www.sinchisinchi.com\\\/fr\\\/#website\",\"url\":\"https:\\\/\\\/www.sinchisinchi.com\\\/fr\\\/\",\"name\":\"SINCHI\",\"description\":\"Sinchi Medicine\",\"publisher\":{\"@id\":\"https:\\\/\\\/www.sinchisinchi.com\\\/fr\\\/#organization\"},\"potentialAction\":[{\"@type\":\"SearchAction\",\"target\":{\"@type\":\"EntryPoint\",\"urlTemplate\":\"https:\\\/\\\/www.sinchisinchi.com\\\/fr\\\/?s={search_term_string}\"},\"query-input\":{\"@type\":\"PropertyValueSpecification\",\"valueRequired\":true,\"valueName\":\"search_term_string\"}}],\"inLanguage\":\"fr-FR\"},{\"@type\":\"Organization\",\"@id\":\"https:\\\/\\\/www.sinchisinchi.com\\\/fr\\\/#organization\",\"name\":\"SINCHI S.L\",\"url\":\"https:\\\/\\\/www.sinchisinchi.com\\\/fr\\\/\",\"logo\":{\"@type\":\"ImageObject\",\"inLanguage\":\"fr-FR\",\"@id\":\"https:\\\/\\\/www.sinchisinchi.com\\\/fr\\\/#\\\/schema\\\/logo\\\/image\\\/\",\"url\":\"https:\\\/\\\/www.sinchisinchi.com\\\/wp-content\\\/uploads\\\/2026\\\/01\\\/3b-Verde-SIMPLIFICADO-HORIZONTAL-F-TRANSPARENTE-scaled.png\",\"contentUrl\":\"https:\\\/\\\/www.sinchisinchi.com\\\/wp-content\\\/uploads\\\/2026\\\/01\\\/3b-Verde-SIMPLIFICADO-HORIZONTAL-F-TRANSPARENTE-scaled.png\",\"width\":2560,\"height\":457,\"caption\":\"SINCHI S.L\"},\"image\":{\"@id\":\"https:\\\/\\\/www.sinchisinchi.com\\\/fr\\\/#\\\/schema\\\/logo\\\/image\\\/\"},\"sameAs\":[\"https:\\\/\\\/www.facebook.com\\\/sinchirape\\\/\",\"https:\\\/\\\/www.instagram.com\\\/sinchi_rape\\\/\"]}]}<\/script>\n<!-- \/ Yoast SEO plugin. -->","yoast_head_json":{"title":"Awiry 100g - SINCHI RAP\u00c9","robots":{"index":"index","follow":"follow","max-snippet":"max-snippet:-1","max-image-preview":"max-image-preview:large","max-video-preview":"max-video-preview:-1"},"canonical":"https:\/\/www.sinchisinchi.com\/fr\/producto\/awiry-100g\/","og_locale":"fr_FR","og_type":"article","og_title":"Awiry 100g - SINCHI RAP\u00c9","og_description":"Rap\u00e9 Awiry de la tribu Apurina.  Les Apurin\u00e3 sont c\u00e9l\u00e8bres pour leur Rap\u00e9 vert, unique et compl\u00e8tement diff\u00e9rent de celui des autres tribus de la r\u00e9gion. Il est fabriqu\u00e9 \u00e0 partir d'une plante sacr\u00e9e qu'ils appellent Awiry, consid\u00e9r\u00e9e par certains comme un type de tabac sauvage.  Apurina Awiry Rap\u00e9 ne contient ni cendres ni tabac ; uniquement des feuilles d'Awiri moulues et finement tamis\u00e9es qui lui donnent sa couleur verte caract\u00e9ristique, et c'est une vari\u00e9t\u00e9 parfaite pour ceux qui souhaitent un tabac \u00e0 priser sans nicotine.  Taille : 100 grammes.  Voir le lien vers la description ci-dessous.","og_url":"https:\/\/www.sinchisinchi.com\/fr\/producto\/awiry-100g\/","og_site_name":"SINCHI RAP\u00c9","article_publisher":"https:\/\/www.facebook.com\/sinchirape\/","article_modified_time":"2024-10-27T22:29:16+00:00","og_image":[{"width":700,"height":700,"url":"https:\/\/www.sinchisinchi.com\/wp-content\/uploads\/2024\/07\/6.4-Rape-Awiry-Delantera.jpg","type":"image\/jpeg"}],"twitter_card":"summary_large_image","schema":{"@context":"https:\/\/schema.org","@graph":[{"@type":"WebPage","@id":"https:\/\/www.sinchisinchi.com\/fr\/producto\/awiry-100g\/","url":"https:\/\/www.sinchisinchi.com\/fr\/producto\/awiry-100g\/","name":"Awiry 100g - SINCHI RAP\u00c9","isPartOf":{"@id":"https:\/\/www.sinchisinchi.com\/fr\/#website"},"primaryImageOfPage":{"@id":"https:\/\/www.sinchisinchi.com\/fr\/producto\/awiry-100g\/#primaryimage"},"image":{"@id":"https:\/\/www.sinchisinchi.com\/fr\/producto\/awiry-100g\/#primaryimage"},"thumbnailUrl":"https:\/\/www.sinchisinchi.com\/wp-content\/uploads\/2024\/07\/6.4-Rape-Awiry-Delantera.jpg","datePublished":"2024-08-03T21:56:07+00:00","dateModified":"2024-10-27T22:29:16+00:00","breadcrumb":{"@id":"https:\/\/www.sinchisinchi.com\/fr\/producto\/awiry-100g\/#breadcrumb"},"inLanguage":"fr-FR","potentialAction":[{"@type":"ReadAction","target":["https:\/\/www.sinchisinchi.com\/fr\/producto\/awiry-100g\/"]}]},{"@type":"ImageObject","inLanguage":"fr-FR","@id":"https:\/\/www.sinchisinchi.com\/fr\/producto\/awiry-100g\/#primaryimage","url":"https:\/\/www.sinchisinchi.com\/wp-content\/uploads\/2024\/07\/6.4-Rape-Awiry-Delantera.jpg","contentUrl":"https:\/\/www.sinchisinchi.com\/wp-content\/uploads\/2024\/07\/6.4-Rape-Awiry-Delantera.jpg","width":700,"height":700},{"@type":"BreadcrumbList","@id":"https:\/\/www.sinchisinchi.com\/fr\/producto\/awiry-100g\/#breadcrumb","itemListElement":[{"@type":"ListItem","position":1,"name":"Prima pagina","item":"https:\/\/www.sinchisinchi.com\/fr\/"},{"@type":"ListItem","position":2,"name":"Produits","item":"https:\/\/www.sinchisinchi.com\/fr\/shop\/"},{"@type":"ListItem","position":3,"name":"Awiry 100g"}]},{"@type":"WebSite","@id":"https:\/\/www.sinchisinchi.com\/fr\/#website","url":"https:\/\/www.sinchisinchi.com\/fr\/","name":"SINCHI","description":"Sinchi Medicine","publisher":{"@id":"https:\/\/www.sinchisinchi.com\/fr\/#organization"},"potentialAction":[{"@type":"SearchAction","target":{"@type":"EntryPoint","urlTemplate":"https:\/\/www.sinchisinchi.com\/fr\/?s={search_term_string}"},"query-input":{"@type":"PropertyValueSpecification","valueRequired":true,"valueName":"search_term_string"}}],"inLanguage":"fr-FR"},{"@type":"Organization","@id":"https:\/\/www.sinchisinchi.com\/fr\/#organization","name":"SINCHI S.L","url":"https:\/\/www.sinchisinchi.com\/fr\/","logo":{"@type":"ImageObject","inLanguage":"fr-FR","@id":"https:\/\/www.sinchisinchi.com\/fr\/#\/schema\/logo\/image\/","url":"https:\/\/www.sinchisinchi.com\/wp-content\/uploads\/2026\/01\/3b-Verde-SIMPLIFICADO-HORIZONTAL-F-TRANSPARENTE-scaled.png","contentUrl":"https:\/\/www.sinchisinchi.com\/wp-content\/uploads\/2026\/01\/3b-Verde-SIMPLIFICADO-HORIZONTAL-F-TRANSPARENTE-scaled.png","width":2560,"height":457,"caption":"SINCHI S.L"},"image":{"@id":"https:\/\/www.sinchisinchi.com\/fr\/#\/schema\/logo\/image\/"},"sameAs":["https:\/\/www.facebook.com\/sinchirape\/","https:\/\/www.instagram.com\/sinchi_rape\/"]}]}},"_links":{"self":[{"href":"https:\/\/www.sinchisinchi.com\/fr\/wp-json\/wp\/v2\/product\/22227","targetHints":{"allow":["GET"]}}],"collection":[{"href":"https:\/\/www.sinchisinchi.com\/fr\/wp-json\/wp\/v2\/product"}],"about":[{"href":"https:\/\/www.sinchisinchi.com\/fr\/wp-json\/wp\/v2\/types\/product"}],"wp:featuredmedia":[{"embeddable":true,"href":"https:\/\/www.sinchisinchi.com\/fr\/wp-json\/wp\/v2\/media\/20541"}],"wp:attachment":[{"href":"https:\/\/www.sinchisinchi.com\/fr\/wp-json\/wp\/v2\/media?parent=22227"}],"wp:term":[{"taxonomy":"product_brand","embeddable":true,"href":"https:\/\/www.sinchisinchi.com\/fr\/wp-json\/wp\/v2\/product_brand?post=22227"},{"taxonomy":"product_cat","embeddable":true,"href":"https:\/\/www.sinchisinchi.com\/fr\/wp-json\/wp\/v2\/product_cat?post=22227"},{"taxonomy":"product_tag","embeddable":true,"href":"https:\/\/www.sinchisinchi.com\/fr\/wp-json\/wp\/v2\/product_tag?post=22227"}],"curies":[{"name":"wp","href":"https:\/\/api.w.org\/{rel}","templated":true}]}}