{"id":22958,"date":"2023-12-09T00:38:10","date_gmt":"2023-12-09T00:38:10","guid":{"rendered":"https:\/\/www.sinchisinchi.com\/producto\/poudre-de-palo-santo\/"},"modified":"2023-12-09T00:38:10","modified_gmt":"2023-12-09T00:38:10","slug":"poudre-de-palo-santo","status":"publish","type":"product","link":"https:\/\/www.sinchisinchi.com\/fr\/producto\/poudre-de-palo-santo\/","title":{"rendered":"Poudre de Palo Santo"},"content":{"rendered":"<h3 style=\"text-align: center;\">Poudre Palo Santo pour br\u00fble-encens<\/h3>\n","protected":false},"excerpt":{"rendered":"<p><span style=\"color: #000000;\">Poudre Palo Santo pour br\u00fble-encens, broy\u00e9e en une poudre fine pour une utilisation plus confortable et contr\u00f4l\u00e9e. \u00c9tant sous forme de poudre, le Palo Santo peut \u00eatre m\u00e9lang\u00e9 \u00e0 d&rsquo;autres ingr\u00e9dients aromatiques, vous permettant de cr\u00e9er des b\u00e2tons d&rsquo;encens personnalis\u00e9s aux parfums uniques.<\/span><\/p>\n<p><span style=\"color: #000000;\">Le Palo Santo est connu pour ses propri\u00e9t\u00e9s spirituelles et aromatiques et son utilisation remonte aux traditions indig\u00e8nes d&rsquo;Am\u00e9rique du Sud. Il est traditionnellement utilis\u00e9 pour purifier les espaces et renforcer la connexion spirituelle.<\/span><\/p>\n","protected":false},"featured_media":22959,"template":"","meta":{"_joinchat":[]},"product_brand":[],"product_cat":[661],"product_tag":[],"class_list":{"0":"post-22958","1":"product","2":"type-product","3":"status-publish","4":"has-post-thumbnail","6":"product_cat-encens","8":"first","9":"outofstock","10":"taxable","11":"shipping-taxable","12":"purchasable","13":"product-type-simple"},"yoast_head":"<!-- This site is optimized with the Yoast SEO plugin v27.1.1 - https:\/\/yoast.com\/product\/yoast-seo-wordpress\/ -->\n<title>Poudre de Palo Santo pour br\u00fble-encens: Boutique chamanique en ligne<\/title>\n<meta name=\"description\" content=\"Poudre Palo Santo pour br\u00fble-encens, broy\u00e9e en une poudre fine pour une utilisation plus confortable et contr\u00f4l\u00e9e, id\u00e9ale pour m\u00e9langer avec d&#039;autres ingr\u00e9dients.\" \/>\n<meta name=\"robots\" content=\"index, follow, max-snippet:-1, max-image-preview:large, max-video-preview:-1\" \/>\n<link rel=\"canonical\" href=\"https:\/\/www.sinchisinchi.com\/fr\/producto\/poudre-de-palo-santo\/\" \/>\n<meta property=\"og:locale\" content=\"fr_FR\" \/>\n<meta property=\"og:type\" content=\"article\" \/>\n<meta property=\"og:title\" content=\"Poudre de Palo Santo pour br\u00fble-encens: Boutique chamanique en ligne\" \/>\n<meta property=\"og:description\" content=\"Poudre Palo Santo pour br\u00fble-encens, broy\u00e9e en une poudre fine pour une utilisation plus confortable et contr\u00f4l\u00e9e, id\u00e9ale pour m\u00e9langer avec d&#039;autres ingr\u00e9dients.\" \/>\n<meta property=\"og:url\" content=\"https:\/\/www.sinchisinchi.com\/fr\/producto\/poudre-de-palo-santo\/\" \/>\n<meta property=\"og:site_name\" content=\"SINCHI RAP\u00c9\" \/>\n<meta property=\"article:publisher\" content=\"https:\/\/www.facebook.com\/sinchirape\/\" \/>\n<meta property=\"og:image\" content=\"https:\/\/www.sinchisinchi.com\/wp-content\/uploads\/2023\/12\/Palo-Santo-en-polvo-2.jpg\" \/>\n\t<meta property=\"og:image:width\" content=\"600\" \/>\n\t<meta property=\"og:image:height\" content=\"600\" \/>\n\t<meta property=\"og:image:type\" content=\"image\/jpeg\" \/>\n<meta name=\"twitter:card\" content=\"summary_large_image\" \/>\n<script type=\"application\/ld+json\" class=\"yoast-schema-graph\">{\"@context\":\"https:\/\/schema.org\",\"@graph\":[{\"@type\":\"WebPage\",\"@id\":\"https:\/\/www.sinchisinchi.com\/fr\/producto\/poudre-de-palo-santo\/\",\"url\":\"https:\/\/www.sinchisinchi.com\/fr\/producto\/poudre-de-palo-santo\/\",\"name\":\"Poudre de Palo Santo pour br\u00fble-encens: Boutique chamanique en ligne\",\"isPartOf\":{\"@id\":\"https:\/\/www.sinchisinchi.com\/fr\/#website\"},\"primaryImageOfPage\":{\"@id\":\"https:\/\/www.sinchisinchi.com\/fr\/producto\/poudre-de-palo-santo\/#primaryimage\"},\"image\":{\"@id\":\"https:\/\/www.sinchisinchi.com\/fr\/producto\/poudre-de-palo-santo\/#primaryimage\"},\"thumbnailUrl\":\"https:\/\/www.sinchisinchi.com\/wp-content\/uploads\/2023\/12\/Palo-Santo-en-polvo-2.jpg\",\"datePublished\":\"2023-12-09T00:38:10+00:00\",\"description\":\"Poudre Palo Santo pour br\u00fble-encens, broy\u00e9e en une poudre fine pour une utilisation plus confortable et contr\u00f4l\u00e9e, id\u00e9ale pour m\u00e9langer avec d'autres ingr\u00e9dients.\",\"breadcrumb\":{\"@id\":\"https:\/\/www.sinchisinchi.com\/fr\/producto\/poudre-de-palo-santo\/#breadcrumb\"},\"inLanguage\":\"fr-FR\",\"potentialAction\":[{\"@type\":\"ReadAction\",\"target\":[\"https:\/\/www.sinchisinchi.com\/fr\/producto\/poudre-de-palo-santo\/\"]}]},{\"@type\":\"ImageObject\",\"inLanguage\":\"fr-FR\",\"@id\":\"https:\/\/www.sinchisinchi.com\/fr\/producto\/poudre-de-palo-santo\/#primaryimage\",\"url\":\"https:\/\/www.sinchisinchi.com\/wp-content\/uploads\/2023\/12\/Palo-Santo-en-polvo-2.jpg\",\"contentUrl\":\"https:\/\/www.sinchisinchi.com\/wp-content\/uploads\/2023\/12\/Palo-Santo-en-polvo-2.jpg\",\"width\":600,\"height\":600},{\"@type\":\"BreadcrumbList\",\"@id\":\"https:\/\/www.sinchisinchi.com\/fr\/producto\/poudre-de-palo-santo\/#breadcrumb\",\"itemListElement\":[{\"@type\":\"ListItem\",\"position\":1,\"name\":\"Prima pagina\",\"item\":\"https:\/\/www.sinchisinchi.com\/fr\/\"},{\"@type\":\"ListItem\",\"position\":2,\"name\":\"Produits\",\"item\":\"https:\/\/www.sinchisinchi.com\/fr\/shop\/\"},{\"@type\":\"ListItem\",\"position\":3,\"name\":\"Poudre de Palo Santo\"}]},{\"@type\":\"WebSite\",\"@id\":\"https:\/\/www.sinchisinchi.com\/fr\/#website\",\"url\":\"https:\/\/www.sinchisinchi.com\/fr\/\",\"name\":\"SINCHI\",\"description\":\"Sinchi Medicine\",\"publisher\":{\"@id\":\"https:\/\/www.sinchisinchi.com\/fr\/#organization\"},\"potentialAction\":[{\"@type\":\"SearchAction\",\"target\":{\"@type\":\"EntryPoint\",\"urlTemplate\":\"https:\/\/www.sinchisinchi.com\/fr\/?s={search_term_string}\"},\"query-input\":{\"@type\":\"PropertyValueSpecification\",\"valueRequired\":true,\"valueName\":\"search_term_string\"}}],\"inLanguage\":\"fr-FR\"},{\"@type\":\"Organization\",\"@id\":\"https:\/\/www.sinchisinchi.com\/fr\/#organization\",\"name\":\"SINCHI S.L\",\"url\":\"https:\/\/www.sinchisinchi.com\/fr\/\",\"logo\":{\"@type\":\"ImageObject\",\"inLanguage\":\"fr-FR\",\"@id\":\"https:\/\/www.sinchisinchi.com\/fr\/#\/schema\/logo\/image\/\",\"url\":\"https:\/\/www.sinchisinchi.com\/wp-content\/uploads\/2026\/01\/3b-Verde-SIMPLIFICADO-HORIZONTAL-F-TRANSPARENTE-scaled.png\",\"contentUrl\":\"https:\/\/www.sinchisinchi.com\/wp-content\/uploads\/2026\/01\/3b-Verde-SIMPLIFICADO-HORIZONTAL-F-TRANSPARENTE-scaled.png\",\"width\":2560,\"height\":457,\"caption\":\"SINCHI S.L\"},\"image\":{\"@id\":\"https:\/\/www.sinchisinchi.com\/fr\/#\/schema\/logo\/image\/\"},\"sameAs\":[\"https:\/\/www.facebook.com\/sinchirape\/\",\"https:\/\/www.instagram.com\/sinchi_rape\/\"]}]}<\/script>\n<!-- \/ Yoast SEO plugin. -->","yoast_head_json":{"title":"Poudre de Palo Santo pour br\u00fble-encens: Boutique chamanique en ligne","description":"Poudre Palo Santo pour br\u00fble-encens, broy\u00e9e en une poudre fine pour une utilisation plus confortable et contr\u00f4l\u00e9e, id\u00e9ale pour m\u00e9langer avec d'autres ingr\u00e9dients.","robots":{"index":"index","follow":"follow","max-snippet":"max-snippet:-1","max-image-preview":"max-image-preview:large","max-video-preview":"max-video-preview:-1"},"canonical":"https:\/\/www.sinchisinchi.com\/fr\/producto\/poudre-de-palo-santo\/","og_locale":"fr_FR","og_type":"article","og_title":"Poudre de Palo Santo pour br\u00fble-encens: Boutique chamanique en ligne","og_description":"Poudre Palo Santo pour br\u00fble-encens, broy\u00e9e en une poudre fine pour une utilisation plus confortable et contr\u00f4l\u00e9e, id\u00e9ale pour m\u00e9langer avec d'autres ingr\u00e9dients.","og_url":"https:\/\/www.sinchisinchi.com\/fr\/producto\/poudre-de-palo-santo\/","og_site_name":"SINCHI RAP\u00c9","article_publisher":"https:\/\/www.facebook.com\/sinchirape\/","og_image":[{"width":600,"height":600,"url":"https:\/\/www.sinchisinchi.com\/wp-content\/uploads\/2023\/12\/Palo-Santo-en-polvo-2.jpg","type":"image\/jpeg"}],"twitter_card":"summary_large_image","schema":{"@context":"https:\/\/schema.org","@graph":[{"@type":"WebPage","@id":"https:\/\/www.sinchisinchi.com\/fr\/producto\/poudre-de-palo-santo\/","url":"https:\/\/www.sinchisinchi.com\/fr\/producto\/poudre-de-palo-santo\/","name":"Poudre de Palo Santo pour br\u00fble-encens: Boutique chamanique en ligne","isPartOf":{"@id":"https:\/\/www.sinchisinchi.com\/fr\/#website"},"primaryImageOfPage":{"@id":"https:\/\/www.sinchisinchi.com\/fr\/producto\/poudre-de-palo-santo\/#primaryimage"},"image":{"@id":"https:\/\/www.sinchisinchi.com\/fr\/producto\/poudre-de-palo-santo\/#primaryimage"},"thumbnailUrl":"https:\/\/www.sinchisinchi.com\/wp-content\/uploads\/2023\/12\/Palo-Santo-en-polvo-2.jpg","datePublished":"2023-12-09T00:38:10+00:00","description":"Poudre Palo Santo pour br\u00fble-encens, broy\u00e9e en une poudre fine pour une utilisation plus confortable et contr\u00f4l\u00e9e, id\u00e9ale pour m\u00e9langer avec d'autres ingr\u00e9dients.","breadcrumb":{"@id":"https:\/\/www.sinchisinchi.com\/fr\/producto\/poudre-de-palo-santo\/#breadcrumb"},"inLanguage":"fr-FR","potentialAction":[{"@type":"ReadAction","target":["https:\/\/www.sinchisinchi.com\/fr\/producto\/poudre-de-palo-santo\/"]}]},{"@type":"ImageObject","inLanguage":"fr-FR","@id":"https:\/\/www.sinchisinchi.com\/fr\/producto\/poudre-de-palo-santo\/#primaryimage","url":"https:\/\/www.sinchisinchi.com\/wp-content\/uploads\/2023\/12\/Palo-Santo-en-polvo-2.jpg","contentUrl":"https:\/\/www.sinchisinchi.com\/wp-content\/uploads\/2023\/12\/Palo-Santo-en-polvo-2.jpg","width":600,"height":600},{"@type":"BreadcrumbList","@id":"https:\/\/www.sinchisinchi.com\/fr\/producto\/poudre-de-palo-santo\/#breadcrumb","itemListElement":[{"@type":"ListItem","position":1,"name":"Prima pagina","item":"https:\/\/www.sinchisinchi.com\/fr\/"},{"@type":"ListItem","position":2,"name":"Produits","item":"https:\/\/www.sinchisinchi.com\/fr\/shop\/"},{"@type":"ListItem","position":3,"name":"Poudre de Palo Santo"}]},{"@type":"WebSite","@id":"https:\/\/www.sinchisinchi.com\/fr\/#website","url":"https:\/\/www.sinchisinchi.com\/fr\/","name":"SINCHI","description":"Sinchi Medicine","publisher":{"@id":"https:\/\/www.sinchisinchi.com\/fr\/#organization"},"potentialAction":[{"@type":"SearchAction","target":{"@type":"EntryPoint","urlTemplate":"https:\/\/www.sinchisinchi.com\/fr\/?s={search_term_string}"},"query-input":{"@type":"PropertyValueSpecification","valueRequired":true,"valueName":"search_term_string"}}],"inLanguage":"fr-FR"},{"@type":"Organization","@id":"https:\/\/www.sinchisinchi.com\/fr\/#organization","name":"SINCHI S.L","url":"https:\/\/www.sinchisinchi.com\/fr\/","logo":{"@type":"ImageObject","inLanguage":"fr-FR","@id":"https:\/\/www.sinchisinchi.com\/fr\/#\/schema\/logo\/image\/","url":"https:\/\/www.sinchisinchi.com\/wp-content\/uploads\/2026\/01\/3b-Verde-SIMPLIFICADO-HORIZONTAL-F-TRANSPARENTE-scaled.png","contentUrl":"https:\/\/www.sinchisinchi.com\/wp-content\/uploads\/2026\/01\/3b-Verde-SIMPLIFICADO-HORIZONTAL-F-TRANSPARENTE-scaled.png","width":2560,"height":457,"caption":"SINCHI S.L"},"image":{"@id":"https:\/\/www.sinchisinchi.com\/fr\/#\/schema\/logo\/image\/"},"sameAs":["https:\/\/www.facebook.com\/sinchirape\/","https:\/\/www.instagram.com\/sinchi_rape\/"]}]}},"_links":{"self":[{"href":"https:\/\/www.sinchisinchi.com\/fr\/wp-json\/wp\/v2\/product\/22958","targetHints":{"allow":["GET"]}}],"collection":[{"href":"https:\/\/www.sinchisinchi.com\/fr\/wp-json\/wp\/v2\/product"}],"about":[{"href":"https:\/\/www.sinchisinchi.com\/fr\/wp-json\/wp\/v2\/types\/product"}],"wp:featuredmedia":[{"embeddable":true,"href":"https:\/\/www.sinchisinchi.com\/fr\/wp-json\/wp\/v2\/media\/22959"}],"wp:attachment":[{"href":"https:\/\/www.sinchisinchi.com\/fr\/wp-json\/wp\/v2\/media?parent=22958"}],"wp:term":[{"taxonomy":"product_brand","embeddable":true,"href":"https:\/\/www.sinchisinchi.com\/fr\/wp-json\/wp\/v2\/product_brand?post=22958"},{"taxonomy":"product_cat","embeddable":true,"href":"https:\/\/www.sinchisinchi.com\/fr\/wp-json\/wp\/v2\/product_cat?post=22958"},{"taxonomy":"product_tag","embeddable":true,"href":"https:\/\/www.sinchisinchi.com\/fr\/wp-json\/wp\/v2\/product_tag?post=22958"}],"curies":[{"name":"wp","href":"https:\/\/api.w.org\/{rel}","templated":true}]}}