{"id":22960,"date":"2023-12-09T22:54:52","date_gmt":"2023-12-09T22:54:52","guid":{"rendered":"https:\/\/www.sinchisinchi.com\/producto\/paquet-de-menthe\/"},"modified":"2023-12-09T22:54:52","modified_gmt":"2023-12-09T22:54:52","slug":"paquet-de-menthe","status":"publish","type":"product","link":"https:\/\/www.sinchisinchi.com\/fr\/producto\/paquet-de-menthe\/","title":{"rendered":"Paquet de menthe"},"content":{"rendered":"<h3 style=\"text-align: center;\">Bouquet de feuilles de menthe (Mentha piperita)<\/h3>\n","protected":false},"excerpt":{"rendered":"<p><span style=\"color: #000000;\">Fagot de feuilles de menthe (Mentha piperita) pr\u00e9par\u00e9es pour \u00eatre utilis\u00e9es comme encens, soigneusement s\u00e9lectionn\u00e9es et regroup\u00e9es. Pour une combustion confortable et progressive lors des rituels, c\u00e9r\u00e9monies et nettoyages.<\/span><\/p>\n<p><span style=\"color: #000000;\">En br\u00fblant la menthe comme encens, ses huiles essentielles sont lib\u00e9r\u00e9es et un ar\u00f4me frais et revitalisant est produit, tr\u00e8s appr\u00e9ci\u00e9 pour les c\u00e9r\u00e9monies de nettoyage, de connexion et de protection.<\/span><\/p>\n<p><span style=\"color: #000000;\">La menthe poivr\u00e9e est associ\u00e9e \u00e0 des propri\u00e9t\u00e9s stimulantes qui favorisent la clart\u00e9 mentale et la concentration, qualit\u00e9s particuli\u00e8rement b\u00e9n\u00e9fiques dans les pratiques m\u00e9ditatives.<\/span><\/p>\n<p><span style=\"color: #000000;\">Elle est \u00e9galement li\u00e9e \u00e0 la vitalit\u00e9, au renouveau, au printemps et \u00e0 la renaissance.<\/span><\/p>\n","protected":false},"featured_media":22961,"template":"","meta":{"_joinchat":[]},"product_brand":[],"product_cat":[662],"product_tag":[],"class_list":{"0":"post-22960","1":"product","2":"type-product","3":"status-publish","4":"has-post-thumbnail","6":"product_cat-sage-2-fr","8":"first","9":"instock","10":"taxable","11":"shipping-taxable","12":"purchasable","13":"product-type-simple"},"yoast_head":"<!-- This site is optimized with the Yoast SEO plugin v27.4 - https:\/\/yoast.com\/product\/yoast-seo-wordpress\/ -->\n<title>Paquet de menthe pour Sahumerios: Boutique chamanique en ligne<\/title>\n<meta name=\"robots\" content=\"index, follow, max-snippet:-1, max-image-preview:large, max-video-preview:-1\" \/>\n<link rel=\"canonical\" href=\"https:\/\/www.sinchisinchi.com\/fr\/producto\/paquet-de-menthe\/\" \/>\n<meta property=\"og:locale\" content=\"fr_FR\" \/>\n<meta property=\"og:type\" content=\"article\" \/>\n<meta property=\"og:title\" content=\"Paquet de menthe pour Sahumerios: Boutique chamanique en ligne\" \/>\n<meta property=\"og:description\" content=\"Fagot de feuilles de menthe (Mentha piperita) pr\u00e9par\u00e9es pour \u00eatre utilis\u00e9es comme encens, soigneusement s\u00e9lectionn\u00e9es et regroup\u00e9es. Pour une combustion confortable et progressive lors des rituels, c\u00e9r\u00e9monies et nettoyages.  En br\u00fblant la menthe comme encens, ses huiles essentielles sont lib\u00e9r\u00e9es et un ar\u00f4me frais et revitalisant est produit, tr\u00e8s appr\u00e9ci\u00e9 pour les c\u00e9r\u00e9monies de nettoyage, de connexion et de protection.  La menthe poivr\u00e9e est associ\u00e9e \u00e0 des propri\u00e9t\u00e9s stimulantes qui favorisent la clart\u00e9 mentale et la concentration, qualit\u00e9s particuli\u00e8rement b\u00e9n\u00e9fiques dans les pratiques m\u00e9ditatives.  Elle est \u00e9galement li\u00e9e \u00e0 la vitalit\u00e9, au renouveau, au printemps et \u00e0 la renaissance.\" \/>\n<meta property=\"og:url\" content=\"https:\/\/www.sinchisinchi.com\/fr\/producto\/paquet-de-menthe\/\" \/>\n<meta property=\"og:site_name\" content=\"SINCHI RAP\u00c9\" \/>\n<meta property=\"article:publisher\" content=\"https:\/\/www.facebook.com\/sinchirape\/\" \/>\n<meta property=\"og:image\" content=\"https:\/\/www.sinchisinchi.com\/wp-content\/uploads\/2023\/12\/1-Atado-de-menta-b.jpeg\" \/>\n\t<meta property=\"og:image:width\" content=\"1000\" \/>\n\t<meta property=\"og:image:height\" content=\"1000\" \/>\n\t<meta property=\"og:image:type\" content=\"image\/jpeg\" \/>\n<meta name=\"twitter:card\" content=\"summary_large_image\" \/>\n<script type=\"application\/ld+json\" class=\"yoast-schema-graph\">{\"@context\":\"https:\\\/\\\/schema.org\",\"@graph\":[{\"@type\":\"WebPage\",\"@id\":\"https:\\\/\\\/www.sinchisinchi.com\\\/fr\\\/producto\\\/paquet-de-menthe\\\/\",\"url\":\"https:\\\/\\\/www.sinchisinchi.com\\\/fr\\\/producto\\\/paquet-de-menthe\\\/\",\"name\":\"Paquet de menthe pour Sahumerios: Boutique chamanique en ligne\",\"isPartOf\":{\"@id\":\"https:\\\/\\\/www.sinchisinchi.com\\\/fr\\\/#website\"},\"primaryImageOfPage\":{\"@id\":\"https:\\\/\\\/www.sinchisinchi.com\\\/fr\\\/producto\\\/paquet-de-menthe\\\/#primaryimage\"},\"image\":{\"@id\":\"https:\\\/\\\/www.sinchisinchi.com\\\/fr\\\/producto\\\/paquet-de-menthe\\\/#primaryimage\"},\"thumbnailUrl\":\"https:\\\/\\\/www.sinchisinchi.com\\\/wp-content\\\/uploads\\\/2023\\\/12\\\/1-Atado-de-menta-b.jpeg\",\"datePublished\":\"2023-12-09T22:54:52+00:00\",\"breadcrumb\":{\"@id\":\"https:\\\/\\\/www.sinchisinchi.com\\\/fr\\\/producto\\\/paquet-de-menthe\\\/#breadcrumb\"},\"inLanguage\":\"fr-FR\",\"potentialAction\":[{\"@type\":\"ReadAction\",\"target\":[\"https:\\\/\\\/www.sinchisinchi.com\\\/fr\\\/producto\\\/paquet-de-menthe\\\/\"]}]},{\"@type\":\"ImageObject\",\"inLanguage\":\"fr-FR\",\"@id\":\"https:\\\/\\\/www.sinchisinchi.com\\\/fr\\\/producto\\\/paquet-de-menthe\\\/#primaryimage\",\"url\":\"https:\\\/\\\/www.sinchisinchi.com\\\/wp-content\\\/uploads\\\/2023\\\/12\\\/1-Atado-de-menta-b.jpeg\",\"contentUrl\":\"https:\\\/\\\/www.sinchisinchi.com\\\/wp-content\\\/uploads\\\/2023\\\/12\\\/1-Atado-de-menta-b.jpeg\",\"width\":1000,\"height\":1000},{\"@type\":\"BreadcrumbList\",\"@id\":\"https:\\\/\\\/www.sinchisinchi.com\\\/fr\\\/producto\\\/paquet-de-menthe\\\/#breadcrumb\",\"itemListElement\":[{\"@type\":\"ListItem\",\"position\":1,\"name\":\"Prima pagina\",\"item\":\"https:\\\/\\\/www.sinchisinchi.com\\\/fr\\\/\"},{\"@type\":\"ListItem\",\"position\":2,\"name\":\"Produits\",\"item\":\"https:\\\/\\\/www.sinchisinchi.com\\\/fr\\\/shop\\\/\"},{\"@type\":\"ListItem\",\"position\":3,\"name\":\"Paquet de menthe\"}]},{\"@type\":\"WebSite\",\"@id\":\"https:\\\/\\\/www.sinchisinchi.com\\\/fr\\\/#website\",\"url\":\"https:\\\/\\\/www.sinchisinchi.com\\\/fr\\\/\",\"name\":\"SINCHI\",\"description\":\"Sinchi Medicine\",\"publisher\":{\"@id\":\"https:\\\/\\\/www.sinchisinchi.com\\\/fr\\\/#organization\"},\"potentialAction\":[{\"@type\":\"SearchAction\",\"target\":{\"@type\":\"EntryPoint\",\"urlTemplate\":\"https:\\\/\\\/www.sinchisinchi.com\\\/fr\\\/?s={search_term_string}\"},\"query-input\":{\"@type\":\"PropertyValueSpecification\",\"valueRequired\":true,\"valueName\":\"search_term_string\"}}],\"inLanguage\":\"fr-FR\"},{\"@type\":\"Organization\",\"@id\":\"https:\\\/\\\/www.sinchisinchi.com\\\/fr\\\/#organization\",\"name\":\"SINCHI S.L\",\"url\":\"https:\\\/\\\/www.sinchisinchi.com\\\/fr\\\/\",\"logo\":{\"@type\":\"ImageObject\",\"inLanguage\":\"fr-FR\",\"@id\":\"https:\\\/\\\/www.sinchisinchi.com\\\/fr\\\/#\\\/schema\\\/logo\\\/image\\\/\",\"url\":\"https:\\\/\\\/www.sinchisinchi.com\\\/wp-content\\\/uploads\\\/2026\\\/01\\\/3b-Verde-SIMPLIFICADO-HORIZONTAL-F-TRANSPARENTE-scaled.png\",\"contentUrl\":\"https:\\\/\\\/www.sinchisinchi.com\\\/wp-content\\\/uploads\\\/2026\\\/01\\\/3b-Verde-SIMPLIFICADO-HORIZONTAL-F-TRANSPARENTE-scaled.png\",\"width\":2560,\"height\":457,\"caption\":\"SINCHI S.L\"},\"image\":{\"@id\":\"https:\\\/\\\/www.sinchisinchi.com\\\/fr\\\/#\\\/schema\\\/logo\\\/image\\\/\"},\"sameAs\":[\"https:\\\/\\\/www.facebook.com\\\/sinchirape\\\/\",\"https:\\\/\\\/www.instagram.com\\\/sinchi_rape\\\/\"]}]}<\/script>\n<!-- \/ Yoast SEO plugin. -->","yoast_head_json":{"title":"Paquet de menthe pour Sahumerios: Boutique chamanique en ligne","robots":{"index":"index","follow":"follow","max-snippet":"max-snippet:-1","max-image-preview":"max-image-preview:large","max-video-preview":"max-video-preview:-1"},"canonical":"https:\/\/www.sinchisinchi.com\/fr\/producto\/paquet-de-menthe\/","og_locale":"fr_FR","og_type":"article","og_title":"Paquet de menthe pour Sahumerios: Boutique chamanique en ligne","og_description":"Fagot de feuilles de menthe (Mentha piperita) pr\u00e9par\u00e9es pour \u00eatre utilis\u00e9es comme encens, soigneusement s\u00e9lectionn\u00e9es et regroup\u00e9es. Pour une combustion confortable et progressive lors des rituels, c\u00e9r\u00e9monies et nettoyages.  En br\u00fblant la menthe comme encens, ses huiles essentielles sont lib\u00e9r\u00e9es et un ar\u00f4me frais et revitalisant est produit, tr\u00e8s appr\u00e9ci\u00e9 pour les c\u00e9r\u00e9monies de nettoyage, de connexion et de protection.  La menthe poivr\u00e9e est associ\u00e9e \u00e0 des propri\u00e9t\u00e9s stimulantes qui favorisent la clart\u00e9 mentale et la concentration, qualit\u00e9s particuli\u00e8rement b\u00e9n\u00e9fiques dans les pratiques m\u00e9ditatives.  Elle est \u00e9galement li\u00e9e \u00e0 la vitalit\u00e9, au renouveau, au printemps et \u00e0 la renaissance.","og_url":"https:\/\/www.sinchisinchi.com\/fr\/producto\/paquet-de-menthe\/","og_site_name":"SINCHI RAP\u00c9","article_publisher":"https:\/\/www.facebook.com\/sinchirape\/","og_image":[{"width":1000,"height":1000,"url":"https:\/\/www.sinchisinchi.com\/wp-content\/uploads\/2023\/12\/1-Atado-de-menta-b.jpeg","type":"image\/jpeg"}],"twitter_card":"summary_large_image","schema":{"@context":"https:\/\/schema.org","@graph":[{"@type":"WebPage","@id":"https:\/\/www.sinchisinchi.com\/fr\/producto\/paquet-de-menthe\/","url":"https:\/\/www.sinchisinchi.com\/fr\/producto\/paquet-de-menthe\/","name":"Paquet de menthe pour Sahumerios: Boutique chamanique en ligne","isPartOf":{"@id":"https:\/\/www.sinchisinchi.com\/fr\/#website"},"primaryImageOfPage":{"@id":"https:\/\/www.sinchisinchi.com\/fr\/producto\/paquet-de-menthe\/#primaryimage"},"image":{"@id":"https:\/\/www.sinchisinchi.com\/fr\/producto\/paquet-de-menthe\/#primaryimage"},"thumbnailUrl":"https:\/\/www.sinchisinchi.com\/wp-content\/uploads\/2023\/12\/1-Atado-de-menta-b.jpeg","datePublished":"2023-12-09T22:54:52+00:00","breadcrumb":{"@id":"https:\/\/www.sinchisinchi.com\/fr\/producto\/paquet-de-menthe\/#breadcrumb"},"inLanguage":"fr-FR","potentialAction":[{"@type":"ReadAction","target":["https:\/\/www.sinchisinchi.com\/fr\/producto\/paquet-de-menthe\/"]}]},{"@type":"ImageObject","inLanguage":"fr-FR","@id":"https:\/\/www.sinchisinchi.com\/fr\/producto\/paquet-de-menthe\/#primaryimage","url":"https:\/\/www.sinchisinchi.com\/wp-content\/uploads\/2023\/12\/1-Atado-de-menta-b.jpeg","contentUrl":"https:\/\/www.sinchisinchi.com\/wp-content\/uploads\/2023\/12\/1-Atado-de-menta-b.jpeg","width":1000,"height":1000},{"@type":"BreadcrumbList","@id":"https:\/\/www.sinchisinchi.com\/fr\/producto\/paquet-de-menthe\/#breadcrumb","itemListElement":[{"@type":"ListItem","position":1,"name":"Prima pagina","item":"https:\/\/www.sinchisinchi.com\/fr\/"},{"@type":"ListItem","position":2,"name":"Produits","item":"https:\/\/www.sinchisinchi.com\/fr\/shop\/"},{"@type":"ListItem","position":3,"name":"Paquet de menthe"}]},{"@type":"WebSite","@id":"https:\/\/www.sinchisinchi.com\/fr\/#website","url":"https:\/\/www.sinchisinchi.com\/fr\/","name":"SINCHI","description":"Sinchi Medicine","publisher":{"@id":"https:\/\/www.sinchisinchi.com\/fr\/#organization"},"potentialAction":[{"@type":"SearchAction","target":{"@type":"EntryPoint","urlTemplate":"https:\/\/www.sinchisinchi.com\/fr\/?s={search_term_string}"},"query-input":{"@type":"PropertyValueSpecification","valueRequired":true,"valueName":"search_term_string"}}],"inLanguage":"fr-FR"},{"@type":"Organization","@id":"https:\/\/www.sinchisinchi.com\/fr\/#organization","name":"SINCHI S.L","url":"https:\/\/www.sinchisinchi.com\/fr\/","logo":{"@type":"ImageObject","inLanguage":"fr-FR","@id":"https:\/\/www.sinchisinchi.com\/fr\/#\/schema\/logo\/image\/","url":"https:\/\/www.sinchisinchi.com\/wp-content\/uploads\/2026\/01\/3b-Verde-SIMPLIFICADO-HORIZONTAL-F-TRANSPARENTE-scaled.png","contentUrl":"https:\/\/www.sinchisinchi.com\/wp-content\/uploads\/2026\/01\/3b-Verde-SIMPLIFICADO-HORIZONTAL-F-TRANSPARENTE-scaled.png","width":2560,"height":457,"caption":"SINCHI S.L"},"image":{"@id":"https:\/\/www.sinchisinchi.com\/fr\/#\/schema\/logo\/image\/"},"sameAs":["https:\/\/www.facebook.com\/sinchirape\/","https:\/\/www.instagram.com\/sinchi_rape\/"]}]}},"_links":{"self":[{"href":"https:\/\/www.sinchisinchi.com\/fr\/wp-json\/wp\/v2\/product\/22960","targetHints":{"allow":["GET"]}}],"collection":[{"href":"https:\/\/www.sinchisinchi.com\/fr\/wp-json\/wp\/v2\/product"}],"about":[{"href":"https:\/\/www.sinchisinchi.com\/fr\/wp-json\/wp\/v2\/types\/product"}],"wp:featuredmedia":[{"embeddable":true,"href":"https:\/\/www.sinchisinchi.com\/fr\/wp-json\/wp\/v2\/media\/22961"}],"wp:attachment":[{"href":"https:\/\/www.sinchisinchi.com\/fr\/wp-json\/wp\/v2\/media?parent=22960"}],"wp:term":[{"taxonomy":"product_brand","embeddable":true,"href":"https:\/\/www.sinchisinchi.com\/fr\/wp-json\/wp\/v2\/product_brand?post=22960"},{"taxonomy":"product_cat","embeddable":true,"href":"https:\/\/www.sinchisinchi.com\/fr\/wp-json\/wp\/v2\/product_cat?post=22960"},{"taxonomy":"product_tag","embeddable":true,"href":"https:\/\/www.sinchisinchi.com\/fr\/wp-json\/wp\/v2\/product_tag?post=22960"}],"curies":[{"name":"wp","href":"https:\/\/api.w.org\/{rel}","templated":true}]}}