{"id":22962,"date":"2023-12-15T19:46:29","date_gmt":"2023-12-15T19:46:29","guid":{"rendered":"https:\/\/www.sinchisinchi.com\/producto\/grand-sauge\/"},"modified":"2023-12-15T19:46:29","modified_gmt":"2023-12-15T19:46:29","slug":"grand-sauge","status":"publish","type":"product","link":"https:\/\/www.sinchisinchi.com\/fr\/producto\/grand-sauge\/","title":{"rendered":"Grand Sauge"},"content":{"rendered":"<h3 style=\"text-align: center;\">Gros paquet de feuilles de sauge blanche de Californie (Sauge apiana)<\/h3>\n","protected":false},"excerpt":{"rendered":"<p><span style=\"color: #000000;\">Gros bouquet de feuilles de sauge blanche de Californie (Sauge apiana), s\u00e9lectionn\u00e9es et regroup\u00e9es pour \u00eatre utilis\u00e9es comme encens. La Salvia apiana, esp\u00e8ce originaire du sud-ouest des \u00c9tats-Unis et du nord-ouest du Mexique, se distingue par son ar\u00f4me sucr\u00e9 et r\u00e9sineux.<\/span><\/p>\n<p><span style=\"color: #000000;\">Cette plante vivace se pr\u00e9sente sous la forme d&rsquo;un buisson, avec des feuilles argent\u00e9es et des fleurs blanches dispos\u00e9es en spirale. Lorsqu&rsquo;elle est allum\u00e9e, cette vari\u00e9t\u00e9 de sauge lib\u00e8re un parfum doux et r\u00e9sineux distinctif et enveloppant, caract\u00e9ris\u00e9 par ses propri\u00e9t\u00e9s purifiantes et protectrices.<\/span><\/p>\n<p><span style=\"color: #000000;\">Au fil des si\u00e8cles, les tribus am\u00e9rindiennes, en particulier celles du sud-ouest des \u00c9tats-Unis, ont v\u00e9n\u00e9r\u00e9 Salvia apiana dans leurs rituels. Consid\u00e9r\u00e9e comme une plante sacr\u00e9e, elle est utilis\u00e9e pour dissiper les \u00e9nergies n\u00e9gatives, purifier les espaces et favoriser les liens spirituels, pr\u00e9servant ainsi une tradition enracin\u00e9e dans l\u2019histoire culturelle de la r\u00e9gion.<\/span><\/p>\n","protected":false},"featured_media":22963,"template":"","meta":{"_joinchat":[]},"product_brand":[],"product_cat":[663],"product_tag":[],"class_list":{"0":"post-22962","1":"product","2":"type-product","3":"status-publish","4":"has-post-thumbnail","6":"product_cat-sauge","8":"first","9":"instock","10":"taxable","11":"shipping-taxable","12":"purchasable","13":"product-type-simple"},"yoast_head":"<!-- This site is optimized with the Yoast SEO plugin v27.4 - https:\/\/yoast.com\/product\/yoast-seo-wordpress\/ -->\n<title>Grand paquet de sauge: Boutique chamanique Sahumerios<\/title>\n<meta name=\"description\" content=\"Gros bouquet de feuilles de sauge blanche de Californie (Salvia apiana), s\u00e9lectionn\u00e9es et regroup\u00e9es pour \u00eatre utilis\u00e9es comme encens.\" \/>\n<meta name=\"robots\" content=\"index, follow, max-snippet:-1, max-image-preview:large, max-video-preview:-1\" \/>\n<link rel=\"canonical\" href=\"https:\/\/www.sinchisinchi.com\/fr\/producto\/grand-sauge\/\" \/>\n<meta property=\"og:locale\" content=\"fr_FR\" \/>\n<meta property=\"og:type\" content=\"article\" \/>\n<meta property=\"og:title\" content=\"Grand paquet de sauge: Boutique chamanique Sahumerios\" \/>\n<meta property=\"og:description\" content=\"Gros bouquet de feuilles de sauge blanche de Californie (Salvia apiana), s\u00e9lectionn\u00e9es et regroup\u00e9es pour \u00eatre utilis\u00e9es comme encens.\" \/>\n<meta property=\"og:url\" content=\"https:\/\/www.sinchisinchi.com\/fr\/producto\/grand-sauge\/\" \/>\n<meta property=\"og:site_name\" content=\"SINCHI RAP\u00c9\" \/>\n<meta property=\"article:publisher\" content=\"https:\/\/www.facebook.com\/sinchirape\/\" \/>\n<meta property=\"og:image\" content=\"https:\/\/www.sinchisinchi.com\/wp-content\/uploads\/2023\/12\/6-Salvia-blanca-California-Grande.jpeg\" \/>\n\t<meta property=\"og:image:width\" content=\"1000\" \/>\n\t<meta property=\"og:image:height\" content=\"1000\" \/>\n\t<meta property=\"og:image:type\" content=\"image\/jpeg\" \/>\n<meta name=\"twitter:card\" content=\"summary_large_image\" \/>\n<script type=\"application\/ld+json\" class=\"yoast-schema-graph\">{\"@context\":\"https:\\\/\\\/schema.org\",\"@graph\":[{\"@type\":\"WebPage\",\"@id\":\"https:\\\/\\\/www.sinchisinchi.com\\\/fr\\\/producto\\\/grand-sauge\\\/\",\"url\":\"https:\\\/\\\/www.sinchisinchi.com\\\/fr\\\/producto\\\/grand-sauge\\\/\",\"name\":\"Grand paquet de sauge: Boutique chamanique Sahumerios\",\"isPartOf\":{\"@id\":\"https:\\\/\\\/www.sinchisinchi.com\\\/fr\\\/#website\"},\"primaryImageOfPage\":{\"@id\":\"https:\\\/\\\/www.sinchisinchi.com\\\/fr\\\/producto\\\/grand-sauge\\\/#primaryimage\"},\"image\":{\"@id\":\"https:\\\/\\\/www.sinchisinchi.com\\\/fr\\\/producto\\\/grand-sauge\\\/#primaryimage\"},\"thumbnailUrl\":\"https:\\\/\\\/www.sinchisinchi.com\\\/wp-content\\\/uploads\\\/2023\\\/12\\\/6-Salvia-blanca-California-Grande.jpeg\",\"datePublished\":\"2023-12-15T19:46:29+00:00\",\"description\":\"Gros bouquet de feuilles de sauge blanche de Californie (Salvia apiana), s\u00e9lectionn\u00e9es et regroup\u00e9es pour \u00eatre utilis\u00e9es comme encens.\",\"breadcrumb\":{\"@id\":\"https:\\\/\\\/www.sinchisinchi.com\\\/fr\\\/producto\\\/grand-sauge\\\/#breadcrumb\"},\"inLanguage\":\"fr-FR\",\"potentialAction\":[{\"@type\":\"ReadAction\",\"target\":[\"https:\\\/\\\/www.sinchisinchi.com\\\/fr\\\/producto\\\/grand-sauge\\\/\"]}]},{\"@type\":\"ImageObject\",\"inLanguage\":\"fr-FR\",\"@id\":\"https:\\\/\\\/www.sinchisinchi.com\\\/fr\\\/producto\\\/grand-sauge\\\/#primaryimage\",\"url\":\"https:\\\/\\\/www.sinchisinchi.com\\\/wp-content\\\/uploads\\\/2023\\\/12\\\/6-Salvia-blanca-California-Grande.jpeg\",\"contentUrl\":\"https:\\\/\\\/www.sinchisinchi.com\\\/wp-content\\\/uploads\\\/2023\\\/12\\\/6-Salvia-blanca-California-Grande.jpeg\",\"width\":1000,\"height\":1000},{\"@type\":\"BreadcrumbList\",\"@id\":\"https:\\\/\\\/www.sinchisinchi.com\\\/fr\\\/producto\\\/grand-sauge\\\/#breadcrumb\",\"itemListElement\":[{\"@type\":\"ListItem\",\"position\":1,\"name\":\"Prima pagina\",\"item\":\"https:\\\/\\\/www.sinchisinchi.com\\\/fr\\\/\"},{\"@type\":\"ListItem\",\"position\":2,\"name\":\"Produits\",\"item\":\"https:\\\/\\\/www.sinchisinchi.com\\\/fr\\\/shop\\\/\"},{\"@type\":\"ListItem\",\"position\":3,\"name\":\"Grand Sauge\"}]},{\"@type\":\"WebSite\",\"@id\":\"https:\\\/\\\/www.sinchisinchi.com\\\/fr\\\/#website\",\"url\":\"https:\\\/\\\/www.sinchisinchi.com\\\/fr\\\/\",\"name\":\"SINCHI\",\"description\":\"Sinchi Medicine\",\"publisher\":{\"@id\":\"https:\\\/\\\/www.sinchisinchi.com\\\/fr\\\/#organization\"},\"potentialAction\":[{\"@type\":\"SearchAction\",\"target\":{\"@type\":\"EntryPoint\",\"urlTemplate\":\"https:\\\/\\\/www.sinchisinchi.com\\\/fr\\\/?s={search_term_string}\"},\"query-input\":{\"@type\":\"PropertyValueSpecification\",\"valueRequired\":true,\"valueName\":\"search_term_string\"}}],\"inLanguage\":\"fr-FR\"},{\"@type\":\"Organization\",\"@id\":\"https:\\\/\\\/www.sinchisinchi.com\\\/fr\\\/#organization\",\"name\":\"SINCHI S.L\",\"url\":\"https:\\\/\\\/www.sinchisinchi.com\\\/fr\\\/\",\"logo\":{\"@type\":\"ImageObject\",\"inLanguage\":\"fr-FR\",\"@id\":\"https:\\\/\\\/www.sinchisinchi.com\\\/fr\\\/#\\\/schema\\\/logo\\\/image\\\/\",\"url\":\"https:\\\/\\\/www.sinchisinchi.com\\\/wp-content\\\/uploads\\\/2026\\\/01\\\/3b-Verde-SIMPLIFICADO-HORIZONTAL-F-TRANSPARENTE-scaled.png\",\"contentUrl\":\"https:\\\/\\\/www.sinchisinchi.com\\\/wp-content\\\/uploads\\\/2026\\\/01\\\/3b-Verde-SIMPLIFICADO-HORIZONTAL-F-TRANSPARENTE-scaled.png\",\"width\":2560,\"height\":457,\"caption\":\"SINCHI S.L\"},\"image\":{\"@id\":\"https:\\\/\\\/www.sinchisinchi.com\\\/fr\\\/#\\\/schema\\\/logo\\\/image\\\/\"},\"sameAs\":[\"https:\\\/\\\/www.facebook.com\\\/sinchirape\\\/\",\"https:\\\/\\\/www.instagram.com\\\/sinchi_rape\\\/\"]}]}<\/script>\n<!-- \/ Yoast SEO plugin. -->","yoast_head_json":{"title":"Grand paquet de sauge: Boutique chamanique Sahumerios","description":"Gros bouquet de feuilles de sauge blanche de Californie (Salvia apiana), s\u00e9lectionn\u00e9es et regroup\u00e9es pour \u00eatre utilis\u00e9es comme encens.","robots":{"index":"index","follow":"follow","max-snippet":"max-snippet:-1","max-image-preview":"max-image-preview:large","max-video-preview":"max-video-preview:-1"},"canonical":"https:\/\/www.sinchisinchi.com\/fr\/producto\/grand-sauge\/","og_locale":"fr_FR","og_type":"article","og_title":"Grand paquet de sauge: Boutique chamanique Sahumerios","og_description":"Gros bouquet de feuilles de sauge blanche de Californie (Salvia apiana), s\u00e9lectionn\u00e9es et regroup\u00e9es pour \u00eatre utilis\u00e9es comme encens.","og_url":"https:\/\/www.sinchisinchi.com\/fr\/producto\/grand-sauge\/","og_site_name":"SINCHI RAP\u00c9","article_publisher":"https:\/\/www.facebook.com\/sinchirape\/","og_image":[{"width":1000,"height":1000,"url":"https:\/\/www.sinchisinchi.com\/wp-content\/uploads\/2023\/12\/6-Salvia-blanca-California-Grande.jpeg","type":"image\/jpeg"}],"twitter_card":"summary_large_image","schema":{"@context":"https:\/\/schema.org","@graph":[{"@type":"WebPage","@id":"https:\/\/www.sinchisinchi.com\/fr\/producto\/grand-sauge\/","url":"https:\/\/www.sinchisinchi.com\/fr\/producto\/grand-sauge\/","name":"Grand paquet de sauge: Boutique chamanique Sahumerios","isPartOf":{"@id":"https:\/\/www.sinchisinchi.com\/fr\/#website"},"primaryImageOfPage":{"@id":"https:\/\/www.sinchisinchi.com\/fr\/producto\/grand-sauge\/#primaryimage"},"image":{"@id":"https:\/\/www.sinchisinchi.com\/fr\/producto\/grand-sauge\/#primaryimage"},"thumbnailUrl":"https:\/\/www.sinchisinchi.com\/wp-content\/uploads\/2023\/12\/6-Salvia-blanca-California-Grande.jpeg","datePublished":"2023-12-15T19:46:29+00:00","description":"Gros bouquet de feuilles de sauge blanche de Californie (Salvia apiana), s\u00e9lectionn\u00e9es et regroup\u00e9es pour \u00eatre utilis\u00e9es comme encens.","breadcrumb":{"@id":"https:\/\/www.sinchisinchi.com\/fr\/producto\/grand-sauge\/#breadcrumb"},"inLanguage":"fr-FR","potentialAction":[{"@type":"ReadAction","target":["https:\/\/www.sinchisinchi.com\/fr\/producto\/grand-sauge\/"]}]},{"@type":"ImageObject","inLanguage":"fr-FR","@id":"https:\/\/www.sinchisinchi.com\/fr\/producto\/grand-sauge\/#primaryimage","url":"https:\/\/www.sinchisinchi.com\/wp-content\/uploads\/2023\/12\/6-Salvia-blanca-California-Grande.jpeg","contentUrl":"https:\/\/www.sinchisinchi.com\/wp-content\/uploads\/2023\/12\/6-Salvia-blanca-California-Grande.jpeg","width":1000,"height":1000},{"@type":"BreadcrumbList","@id":"https:\/\/www.sinchisinchi.com\/fr\/producto\/grand-sauge\/#breadcrumb","itemListElement":[{"@type":"ListItem","position":1,"name":"Prima pagina","item":"https:\/\/www.sinchisinchi.com\/fr\/"},{"@type":"ListItem","position":2,"name":"Produits","item":"https:\/\/www.sinchisinchi.com\/fr\/shop\/"},{"@type":"ListItem","position":3,"name":"Grand Sauge"}]},{"@type":"WebSite","@id":"https:\/\/www.sinchisinchi.com\/fr\/#website","url":"https:\/\/www.sinchisinchi.com\/fr\/","name":"SINCHI","description":"Sinchi Medicine","publisher":{"@id":"https:\/\/www.sinchisinchi.com\/fr\/#organization"},"potentialAction":[{"@type":"SearchAction","target":{"@type":"EntryPoint","urlTemplate":"https:\/\/www.sinchisinchi.com\/fr\/?s={search_term_string}"},"query-input":{"@type":"PropertyValueSpecification","valueRequired":true,"valueName":"search_term_string"}}],"inLanguage":"fr-FR"},{"@type":"Organization","@id":"https:\/\/www.sinchisinchi.com\/fr\/#organization","name":"SINCHI S.L","url":"https:\/\/www.sinchisinchi.com\/fr\/","logo":{"@type":"ImageObject","inLanguage":"fr-FR","@id":"https:\/\/www.sinchisinchi.com\/fr\/#\/schema\/logo\/image\/","url":"https:\/\/www.sinchisinchi.com\/wp-content\/uploads\/2026\/01\/3b-Verde-SIMPLIFICADO-HORIZONTAL-F-TRANSPARENTE-scaled.png","contentUrl":"https:\/\/www.sinchisinchi.com\/wp-content\/uploads\/2026\/01\/3b-Verde-SIMPLIFICADO-HORIZONTAL-F-TRANSPARENTE-scaled.png","width":2560,"height":457,"caption":"SINCHI S.L"},"image":{"@id":"https:\/\/www.sinchisinchi.com\/fr\/#\/schema\/logo\/image\/"},"sameAs":["https:\/\/www.facebook.com\/sinchirape\/","https:\/\/www.instagram.com\/sinchi_rape\/"]}]}},"_links":{"self":[{"href":"https:\/\/www.sinchisinchi.com\/fr\/wp-json\/wp\/v2\/product\/22962","targetHints":{"allow":["GET"]}}],"collection":[{"href":"https:\/\/www.sinchisinchi.com\/fr\/wp-json\/wp\/v2\/product"}],"about":[{"href":"https:\/\/www.sinchisinchi.com\/fr\/wp-json\/wp\/v2\/types\/product"}],"wp:featuredmedia":[{"embeddable":true,"href":"https:\/\/www.sinchisinchi.com\/fr\/wp-json\/wp\/v2\/media\/22963"}],"wp:attachment":[{"href":"https:\/\/www.sinchisinchi.com\/fr\/wp-json\/wp\/v2\/media?parent=22962"}],"wp:term":[{"taxonomy":"product_brand","embeddable":true,"href":"https:\/\/www.sinchisinchi.com\/fr\/wp-json\/wp\/v2\/product_brand?post=22962"},{"taxonomy":"product_cat","embeddable":true,"href":"https:\/\/www.sinchisinchi.com\/fr\/wp-json\/wp\/v2\/product_cat?post=22962"},{"taxonomy":"product_tag","embeddable":true,"href":"https:\/\/www.sinchisinchi.com\/fr\/wp-json\/wp\/v2\/product_tag?post=22962"}],"curies":[{"name":"wp","href":"https:\/\/api.w.org\/{rel}","templated":true}]}}