{"id":22969,"date":"2024-04-11T13:42:09","date_gmt":"2024-04-11T13:42:09","guid":{"rendered":"https:\/\/www.sinchisinchi.com\/producto\/frene-samauma\/"},"modified":"2024-04-11T13:42:09","modified_gmt":"2024-04-11T13:42:09","slug":"frene-samauma","status":"publish","type":"product","link":"https:\/\/www.sinchisinchi.com\/fr\/producto\/frene-samauma\/","title":{"rendered":"Fr\u00eane Samauma"},"content":{"rendered":"<h2 style=\"text-align: center;\"><strong><span style=\"color: #000000;\">Cendres sacr\u00e9es dans d&rsquo;autres cultures<\/span><\/strong><\/h2>\n<p><span style=\"color: #000000;\">Partout dans le monde, de nombreuses cultures utilisent les cendres de mani\u00e8re sacr\u00e9e dans leurs pratiques spirituelles.<\/span><\/p>\n<p><span style=\"color: #000000;\">Utilis\u00e9e dans l&rsquo;hindouisme, le bouddhisme, le chamanisme, le christianisme, en Afrique et par les peuples autochtones d&rsquo;Amazonie, l&rsquo;utilisation des cendres a une signification spirituelle associ\u00e9e \u00e0 la purification, au renouveau et \u00e0 la transformation.<\/span><\/p>\n<p><span style=\"color: #000000;\">Dans l&rsquo;hindouisme, o\u00f9 elles sont connues sous le nom de \u00abvibhuti\u00bb, les cendres sacr\u00e9es. Ils sont utilis\u00e9s dans les rituels de purification, de renouveau spirituel et symbolisent la d\u00e9votion et la protection spirituelle. Les cendres sont fabriqu\u00e9es \u00e0 partir de bois sacr\u00e9 br\u00fbl\u00e9, g\u00e9n\u00e9ralement \u00e0 partir de bael, de margosa ou de figuier.<\/span><\/p>\n<p><span style=\"color: #000000;\">Dans le bouddhisme, ils sont utilis\u00e9s pour construire des stupas, des monuments sacr\u00e9s qui repr\u00e9sentent l&rsquo;illumination et l&rsquo;\u00e9veil spirituel.<\/span><\/p>\n<p><span style=\"color: #000000;\">Dans le christianisme, les cendres sont largement utilis\u00e9es lors de la c\u00e9l\u00e9bration du mercredi des Cendres, comme symbole de la fragilit\u00e9 humaine et du besoin de repentir et de p\u00e9nitence. Lors de la c\u00e9r\u00e9monie, des cendres sont d\u00e9pos\u00e9es sur le front des fid\u00e8les en forme de croix.<\/span><\/p>\n","protected":false},"excerpt":{"rendered":"<p><span style=\"color: #000000;\">Les tribus indig\u00e8nes d\u2019Amazonie utilisent les cendres pour fabriquer du\u00a0rap\u00e9. Les cendres constituent une partie tr\u00e8s importante du m\u00e9lange. Alcalinisant, neutralisant l&rsquo;acidit\u00e9.<\/span><\/p>\n<p><span style=\"color: #000000;\">La cendre est fabriqu\u00e9e \u00e0 partir de l&rsquo;\u00e9corce de l&rsquo;arbre Sama\u00fama, qui est r\u00e9duite en cendres, puis tamis\u00e9e et broy\u00e9e en une fine poudre.<\/span><\/p>\n<p><span style=\"color: #000000;\">Cette cendre en poudre est ajout\u00e9e au Mapacho et \u00e0 d&rsquo;autres plantes pour faire du tabac \u00e0 priser.<\/span><\/p>\n<p>&nbsp;<\/p>\n<p><span style=\"color: #000000;\"><strong>Taille:<\/strong> 10 ml<\/span><\/p>\n","protected":false},"featured_media":20762,"template":"","meta":{"_joinchat":[]},"product_brand":[],"product_cat":[629],"product_tag":[],"class_list":{"0":"post-22969","1":"product","2":"type-product","3":"status-publish","4":"has-post-thumbnail","6":"product_cat-mapacho-roll-fr","8":"first","9":"instock","10":"taxable","11":"shipping-taxable","12":"purchasable","13":"product-type-simple"},"yoast_head":"<!-- This site is optimized with the Yoast SEO plugin v27.4 - https:\/\/yoast.com\/product\/yoast-seo-wordpress\/ -->\n<title>Acheter Samauma Cendre: Boutique chamanique en ligne<\/title>\n<meta name=\"robots\" content=\"index, follow, max-snippet:-1, max-image-preview:large, max-video-preview:-1\" \/>\n<link rel=\"canonical\" href=\"https:\/\/www.sinchisinchi.com\/fr\/producto\/frene-samauma\/\" \/>\n<meta property=\"og:locale\" content=\"fr_FR\" \/>\n<meta property=\"og:type\" content=\"article\" \/>\n<meta property=\"og:title\" content=\"Acheter Samauma Cendre: Boutique chamanique en ligne\" \/>\n<meta property=\"og:description\" content=\"Les tribus indig\u00e8nes d\u2019Amazonie utilisent les cendres pour fabriquer du\u00a0rap\u00e9. Les cendres constituent une partie tr\u00e8s importante du m\u00e9lange. Alcalinisant, neutralisant l&#039;acidit\u00e9.  La cendre est fabriqu\u00e9e \u00e0 partir de l&#039;\u00e9corce de l&#039;arbre Sama\u00fama, qui est r\u00e9duite en cendres, puis tamis\u00e9e et broy\u00e9e en une fine poudre.  Cette cendre en poudre est ajout\u00e9e au Mapacho et \u00e0 d&#039;autres plantes pour faire du tabac \u00e0 priser.  &nbsp;  Taille: 10 ml\" \/>\n<meta property=\"og:url\" content=\"https:\/\/www.sinchisinchi.com\/fr\/producto\/frene-samauma\/\" \/>\n<meta property=\"og:site_name\" content=\"SINCHI RAP\u00c9\" \/>\n<meta property=\"article:publisher\" content=\"https:\/\/www.facebook.com\/sinchirape\/\" \/>\n<meta property=\"og:image\" content=\"https:\/\/www.sinchisinchi.com\/wp-content\/uploads\/2024\/04\/ceniza.png\" \/>\n\t<meta property=\"og:image:width\" content=\"600\" \/>\n\t<meta property=\"og:image:height\" content=\"600\" \/>\n\t<meta property=\"og:image:type\" content=\"image\/png\" \/>\n<meta name=\"twitter:card\" content=\"summary_large_image\" \/>\n<meta name=\"twitter:label1\" content=\"Dur\u00e9e de lecture estim\u00e9e\" \/>\n\t<meta name=\"twitter:data1\" content=\"1 minute\" \/>\n<script type=\"application\/ld+json\" class=\"yoast-schema-graph\">{\"@context\":\"https:\\\/\\\/schema.org\",\"@graph\":[{\"@type\":\"WebPage\",\"@id\":\"https:\\\/\\\/www.sinchisinchi.com\\\/fr\\\/producto\\\/frene-samauma\\\/\",\"url\":\"https:\\\/\\\/www.sinchisinchi.com\\\/fr\\\/producto\\\/frene-samauma\\\/\",\"name\":\"Acheter Samauma Cendre: Boutique chamanique en ligne\",\"isPartOf\":{\"@id\":\"https:\\\/\\\/www.sinchisinchi.com\\\/fr\\\/#website\"},\"primaryImageOfPage\":{\"@id\":\"https:\\\/\\\/www.sinchisinchi.com\\\/fr\\\/producto\\\/frene-samauma\\\/#primaryimage\"},\"image\":{\"@id\":\"https:\\\/\\\/www.sinchisinchi.com\\\/fr\\\/producto\\\/frene-samauma\\\/#primaryimage\"},\"thumbnailUrl\":\"https:\\\/\\\/www.sinchisinchi.com\\\/wp-content\\\/uploads\\\/2024\\\/04\\\/ceniza.png\",\"datePublished\":\"2024-04-11T13:42:09+00:00\",\"breadcrumb\":{\"@id\":\"https:\\\/\\\/www.sinchisinchi.com\\\/fr\\\/producto\\\/frene-samauma\\\/#breadcrumb\"},\"inLanguage\":\"fr-FR\",\"potentialAction\":[{\"@type\":\"ReadAction\",\"target\":[\"https:\\\/\\\/www.sinchisinchi.com\\\/fr\\\/producto\\\/frene-samauma\\\/\"]}]},{\"@type\":\"ImageObject\",\"inLanguage\":\"fr-FR\",\"@id\":\"https:\\\/\\\/www.sinchisinchi.com\\\/fr\\\/producto\\\/frene-samauma\\\/#primaryimage\",\"url\":\"https:\\\/\\\/www.sinchisinchi.com\\\/wp-content\\\/uploads\\\/2024\\\/04\\\/ceniza.png\",\"contentUrl\":\"https:\\\/\\\/www.sinchisinchi.com\\\/wp-content\\\/uploads\\\/2024\\\/04\\\/ceniza.png\",\"width\":600,\"height\":600},{\"@type\":\"BreadcrumbList\",\"@id\":\"https:\\\/\\\/www.sinchisinchi.com\\\/fr\\\/producto\\\/frene-samauma\\\/#breadcrumb\",\"itemListElement\":[{\"@type\":\"ListItem\",\"position\":1,\"name\":\"Prima pagina\",\"item\":\"https:\\\/\\\/www.sinchisinchi.com\\\/fr\\\/\"},{\"@type\":\"ListItem\",\"position\":2,\"name\":\"Produits\",\"item\":\"https:\\\/\\\/www.sinchisinchi.com\\\/fr\\\/shop\\\/\"},{\"@type\":\"ListItem\",\"position\":3,\"name\":\"Fr\u00eane Samauma\"}]},{\"@type\":\"WebSite\",\"@id\":\"https:\\\/\\\/www.sinchisinchi.com\\\/fr\\\/#website\",\"url\":\"https:\\\/\\\/www.sinchisinchi.com\\\/fr\\\/\",\"name\":\"SINCHI\",\"description\":\"Sinchi Medicine\",\"publisher\":{\"@id\":\"https:\\\/\\\/www.sinchisinchi.com\\\/fr\\\/#organization\"},\"potentialAction\":[{\"@type\":\"SearchAction\",\"target\":{\"@type\":\"EntryPoint\",\"urlTemplate\":\"https:\\\/\\\/www.sinchisinchi.com\\\/fr\\\/?s={search_term_string}\"},\"query-input\":{\"@type\":\"PropertyValueSpecification\",\"valueRequired\":true,\"valueName\":\"search_term_string\"}}],\"inLanguage\":\"fr-FR\"},{\"@type\":\"Organization\",\"@id\":\"https:\\\/\\\/www.sinchisinchi.com\\\/fr\\\/#organization\",\"name\":\"SINCHI S.L\",\"url\":\"https:\\\/\\\/www.sinchisinchi.com\\\/fr\\\/\",\"logo\":{\"@type\":\"ImageObject\",\"inLanguage\":\"fr-FR\",\"@id\":\"https:\\\/\\\/www.sinchisinchi.com\\\/fr\\\/#\\\/schema\\\/logo\\\/image\\\/\",\"url\":\"https:\\\/\\\/www.sinchisinchi.com\\\/wp-content\\\/uploads\\\/2026\\\/01\\\/3b-Verde-SIMPLIFICADO-HORIZONTAL-F-TRANSPARENTE-scaled.png\",\"contentUrl\":\"https:\\\/\\\/www.sinchisinchi.com\\\/wp-content\\\/uploads\\\/2026\\\/01\\\/3b-Verde-SIMPLIFICADO-HORIZONTAL-F-TRANSPARENTE-scaled.png\",\"width\":2560,\"height\":457,\"caption\":\"SINCHI S.L\"},\"image\":{\"@id\":\"https:\\\/\\\/www.sinchisinchi.com\\\/fr\\\/#\\\/schema\\\/logo\\\/image\\\/\"},\"sameAs\":[\"https:\\\/\\\/www.facebook.com\\\/sinchirape\\\/\",\"https:\\\/\\\/www.instagram.com\\\/sinchi_rape\\\/\"]}]}<\/script>\n<!-- \/ Yoast SEO plugin. -->","yoast_head_json":{"title":"Acheter Samauma Cendre: Boutique chamanique en ligne","robots":{"index":"index","follow":"follow","max-snippet":"max-snippet:-1","max-image-preview":"max-image-preview:large","max-video-preview":"max-video-preview:-1"},"canonical":"https:\/\/www.sinchisinchi.com\/fr\/producto\/frene-samauma\/","og_locale":"fr_FR","og_type":"article","og_title":"Acheter Samauma Cendre: Boutique chamanique en ligne","og_description":"Les tribus indig\u00e8nes d\u2019Amazonie utilisent les cendres pour fabriquer du\u00a0rap\u00e9. Les cendres constituent une partie tr\u00e8s importante du m\u00e9lange. Alcalinisant, neutralisant l'acidit\u00e9.  La cendre est fabriqu\u00e9e \u00e0 partir de l'\u00e9corce de l'arbre Sama\u00fama, qui est r\u00e9duite en cendres, puis tamis\u00e9e et broy\u00e9e en une fine poudre.  Cette cendre en poudre est ajout\u00e9e au Mapacho et \u00e0 d'autres plantes pour faire du tabac \u00e0 priser.  &nbsp;  Taille: 10 ml","og_url":"https:\/\/www.sinchisinchi.com\/fr\/producto\/frene-samauma\/","og_site_name":"SINCHI RAP\u00c9","article_publisher":"https:\/\/www.facebook.com\/sinchirape\/","og_image":[{"width":600,"height":600,"url":"https:\/\/www.sinchisinchi.com\/wp-content\/uploads\/2024\/04\/ceniza.png","type":"image\/png"}],"twitter_card":"summary_large_image","twitter_misc":{"Dur\u00e9e de lecture estim\u00e9e":"1 minute"},"schema":{"@context":"https:\/\/schema.org","@graph":[{"@type":"WebPage","@id":"https:\/\/www.sinchisinchi.com\/fr\/producto\/frene-samauma\/","url":"https:\/\/www.sinchisinchi.com\/fr\/producto\/frene-samauma\/","name":"Acheter Samauma Cendre: Boutique chamanique en ligne","isPartOf":{"@id":"https:\/\/www.sinchisinchi.com\/fr\/#website"},"primaryImageOfPage":{"@id":"https:\/\/www.sinchisinchi.com\/fr\/producto\/frene-samauma\/#primaryimage"},"image":{"@id":"https:\/\/www.sinchisinchi.com\/fr\/producto\/frene-samauma\/#primaryimage"},"thumbnailUrl":"https:\/\/www.sinchisinchi.com\/wp-content\/uploads\/2024\/04\/ceniza.png","datePublished":"2024-04-11T13:42:09+00:00","breadcrumb":{"@id":"https:\/\/www.sinchisinchi.com\/fr\/producto\/frene-samauma\/#breadcrumb"},"inLanguage":"fr-FR","potentialAction":[{"@type":"ReadAction","target":["https:\/\/www.sinchisinchi.com\/fr\/producto\/frene-samauma\/"]}]},{"@type":"ImageObject","inLanguage":"fr-FR","@id":"https:\/\/www.sinchisinchi.com\/fr\/producto\/frene-samauma\/#primaryimage","url":"https:\/\/www.sinchisinchi.com\/wp-content\/uploads\/2024\/04\/ceniza.png","contentUrl":"https:\/\/www.sinchisinchi.com\/wp-content\/uploads\/2024\/04\/ceniza.png","width":600,"height":600},{"@type":"BreadcrumbList","@id":"https:\/\/www.sinchisinchi.com\/fr\/producto\/frene-samauma\/#breadcrumb","itemListElement":[{"@type":"ListItem","position":1,"name":"Prima pagina","item":"https:\/\/www.sinchisinchi.com\/fr\/"},{"@type":"ListItem","position":2,"name":"Produits","item":"https:\/\/www.sinchisinchi.com\/fr\/shop\/"},{"@type":"ListItem","position":3,"name":"Fr\u00eane Samauma"}]},{"@type":"WebSite","@id":"https:\/\/www.sinchisinchi.com\/fr\/#website","url":"https:\/\/www.sinchisinchi.com\/fr\/","name":"SINCHI","description":"Sinchi Medicine","publisher":{"@id":"https:\/\/www.sinchisinchi.com\/fr\/#organization"},"potentialAction":[{"@type":"SearchAction","target":{"@type":"EntryPoint","urlTemplate":"https:\/\/www.sinchisinchi.com\/fr\/?s={search_term_string}"},"query-input":{"@type":"PropertyValueSpecification","valueRequired":true,"valueName":"search_term_string"}}],"inLanguage":"fr-FR"},{"@type":"Organization","@id":"https:\/\/www.sinchisinchi.com\/fr\/#organization","name":"SINCHI S.L","url":"https:\/\/www.sinchisinchi.com\/fr\/","logo":{"@type":"ImageObject","inLanguage":"fr-FR","@id":"https:\/\/www.sinchisinchi.com\/fr\/#\/schema\/logo\/image\/","url":"https:\/\/www.sinchisinchi.com\/wp-content\/uploads\/2026\/01\/3b-Verde-SIMPLIFICADO-HORIZONTAL-F-TRANSPARENTE-scaled.png","contentUrl":"https:\/\/www.sinchisinchi.com\/wp-content\/uploads\/2026\/01\/3b-Verde-SIMPLIFICADO-HORIZONTAL-F-TRANSPARENTE-scaled.png","width":2560,"height":457,"caption":"SINCHI S.L"},"image":{"@id":"https:\/\/www.sinchisinchi.com\/fr\/#\/schema\/logo\/image\/"},"sameAs":["https:\/\/www.facebook.com\/sinchirape\/","https:\/\/www.instagram.com\/sinchi_rape\/"]}]}},"_links":{"self":[{"href":"https:\/\/www.sinchisinchi.com\/fr\/wp-json\/wp\/v2\/product\/22969","targetHints":{"allow":["GET"]}}],"collection":[{"href":"https:\/\/www.sinchisinchi.com\/fr\/wp-json\/wp\/v2\/product"}],"about":[{"href":"https:\/\/www.sinchisinchi.com\/fr\/wp-json\/wp\/v2\/types\/product"}],"wp:featuredmedia":[{"embeddable":true,"href":"https:\/\/www.sinchisinchi.com\/fr\/wp-json\/wp\/v2\/media\/20762"}],"wp:attachment":[{"href":"https:\/\/www.sinchisinchi.com\/fr\/wp-json\/wp\/v2\/media?parent=22969"}],"wp:term":[{"taxonomy":"product_brand","embeddable":true,"href":"https:\/\/www.sinchisinchi.com\/fr\/wp-json\/wp\/v2\/product_brand?post=22969"},{"taxonomy":"product_cat","embeddable":true,"href":"https:\/\/www.sinchisinchi.com\/fr\/wp-json\/wp\/v2\/product_cat?post=22969"},{"taxonomy":"product_tag","embeddable":true,"href":"https:\/\/www.sinchisinchi.com\/fr\/wp-json\/wp\/v2\/product_tag?post=22969"}],"curies":[{"name":"wp","href":"https:\/\/api.w.org\/{rel}","templated":true}]}}