{"id":25344,"date":"2024-05-28T13:10:03","date_gmt":"2024-05-28T13:10:03","guid":{"rendered":"https:\/\/www.sinchisinchi.com\/producto\/cacao-lotus-rouge\/"},"modified":"2025-01-31T14:52:19","modified_gmt":"2025-01-31T14:52:19","slug":"cacao-lotus-rouge","status":"publish","type":"product","link":"https:\/\/www.sinchisinchi.com\/fr\/producto\/cacao-lotus-rouge\/","title":{"rendered":"Cacao Lotus Rouge"},"content":{"rendered":"","protected":false},"excerpt":{"rendered":"<p>Cacao de c\u00e9r\u00e9monie au Lotus Rouge. La combinaison du cacao c\u00e9r\u00e9monial et du lotus rouge cr\u00e9e une synergie qui favorise la d\u00e9couverte de soi et une connexion profonde avec une conscience sup\u00e9rieure.<\/p>\n<p>Le lotus est une plante sacr\u00e9e utilis\u00e9e dans l&rsquo;Egypte ancienne, o\u00f9 elle symbolisait la r\u00e9surrection ; Ses graines peuvent germer m\u00eame apr\u00e8s 3000 ans. C&rsquo;\u00e9tait aussi le symbole de la Haute Egypte avant l&rsquo;unification des deux royaumes.<\/p>\n<p>En Chine, cette fleur fait l&rsquo;objet d&rsquo;une v\u00e9n\u00e9ration particuli\u00e8re pour sa long\u00e9vit\u00e9, car elle est consid\u00e9r\u00e9e comme la fleur la plus ancienne, utilis\u00e9e depuis plus de 6 000 ans.<\/p>\n<p>Pour le tao\u00efsme et le bouddhisme, cette fleur est toujours pure et propre, car elle flotte, propre et libre de tout lien au-dessus de la boue, ce qui est signe de puret\u00e9 et de saintet\u00e9.<\/p>\n<p>Le lotus rouge repr\u00e9sente les qualit\u00e9s du c\u0153ur, comme l&rsquo;amour, la passion et la compassion. Elle est \u00e9galement connue sous le nom de fleur de Bouddha de la compassion.<\/p>\n<p>Type\u00a0: Cacao de qualit\u00e9 c\u00e9r\u00e9monielle<\/p>\n<p>Ingr\u00e9dients : Cacao (Theobroma cacao), beurre de cacao, m\u00e9lange d&rsquo;\u00e9pices (cannelle, cardamome, clous de girofle et piments), lotus rouge (Nymphaea pubescens) 0,8 g d&rsquo;extrait par portion Infus\u00e9 avec un extrait de lotus rouge dans un rapport de 50:1.<\/p>\n<p>Chaque portion comprend 0,8 g d&rsquo;extrait de lotus rouge 50:1, ce qui \u00e9quivaut \u00e0 40 grammes de mati\u00e8re v\u00e9g\u00e9tale.<\/p>\n<p>Origine : Colombie<\/p>\n<p>Pr\u00e9sentation : Bloc de cacao.<\/p>\n<p>Poids net : 400g<\/p>\n<p>Stockage : Conserver dans un endroit frais et sec, \u00e0 l\u2019abri de la lumi\u00e8re directe du soleil.<\/p>\n","protected":false},"featured_media":25345,"template":"","meta":{"_joinchat":[]},"product_brand":[],"product_cat":[672,676],"product_tag":[],"class_list":{"0":"post-25344","1":"product","2":"type-product","3":"status-publish","4":"has-post-thumbnail","6":"product_cat-cacao-fr","7":"product_cat-magie-fr","9":"first","10":"instock","11":"taxable","12":"shipping-taxable","13":"purchasable","14":"product-type-simple"},"yoast_head":"<!-- This site is optimized with the Yoast SEO plugin v27.1.1 - https:\/\/yoast.com\/product\/yoast-seo-wordpress\/ -->\n<title>Cacao de lotus rouge de c\u00e9r\u00e9monie \u2013 Sinchi, Boutique Chamanique<\/title>\n<meta name=\"description\" content=\"La combinaison du cacao c\u00e9r\u00e9monial et du lotus rouge cr\u00e9e une synergie qui favorise la d\u00e9couverte de soi et une connexion profonde avec une conscience sup\u00e9rieure.\" \/>\n<meta name=\"robots\" content=\"index, follow, max-snippet:-1, max-image-preview:large, max-video-preview:-1\" \/>\n<link rel=\"canonical\" href=\"https:\/\/www.sinchisinchi.com\/fr\/producto\/cacao-lotus-rouge\/\" \/>\n<meta property=\"og:locale\" content=\"fr_FR\" \/>\n<meta property=\"og:type\" content=\"article\" \/>\n<meta property=\"og:title\" content=\"Cacao de lotus rouge de c\u00e9r\u00e9monie \u2013 Sinchi, Boutique Chamanique\" \/>\n<meta property=\"og:description\" content=\"La combinaison du cacao c\u00e9r\u00e9monial et du lotus rouge cr\u00e9e une synergie qui favorise la d\u00e9couverte de soi et une connexion profonde avec une conscience sup\u00e9rieure.\" \/>\n<meta property=\"og:url\" content=\"https:\/\/www.sinchisinchi.com\/fr\/producto\/cacao-lotus-rouge\/\" \/>\n<meta property=\"og:site_name\" content=\"SINCHI RAP\u00c9\" \/>\n<meta property=\"article:publisher\" content=\"https:\/\/www.facebook.com\/sinchirape\/\" \/>\n<meta property=\"article:modified_time\" content=\"2025-01-31T14:52:19+00:00\" \/>\n<meta property=\"og:image\" content=\"https:\/\/www.sinchisinchi.com\/wp-content\/uploads\/2024\/05\/red-lotus.webp\" \/>\n\t<meta property=\"og:image:width\" content=\"1946\" \/>\n\t<meta property=\"og:image:height\" content=\"1946\" \/>\n\t<meta property=\"og:image:type\" content=\"image\/webp\" \/>\n<meta name=\"twitter:card\" content=\"summary_large_image\" \/>\n<script type=\"application\/ld+json\" class=\"yoast-schema-graph\">{\"@context\":\"https:\/\/schema.org\",\"@graph\":[{\"@type\":\"WebPage\",\"@id\":\"https:\/\/www.sinchisinchi.com\/fr\/producto\/cacao-lotus-rouge\/\",\"url\":\"https:\/\/www.sinchisinchi.com\/fr\/producto\/cacao-lotus-rouge\/\",\"name\":\"Cacao de lotus rouge de c\u00e9r\u00e9monie \u2013 Sinchi, Boutique Chamanique\",\"isPartOf\":{\"@id\":\"https:\/\/www.sinchisinchi.com\/fr\/#website\"},\"primaryImageOfPage\":{\"@id\":\"https:\/\/www.sinchisinchi.com\/fr\/producto\/cacao-lotus-rouge\/#primaryimage\"},\"image\":{\"@id\":\"https:\/\/www.sinchisinchi.com\/fr\/producto\/cacao-lotus-rouge\/#primaryimage\"},\"thumbnailUrl\":\"https:\/\/www.sinchisinchi.com\/wp-content\/uploads\/2024\/05\/red-lotus.webp\",\"datePublished\":\"2024-05-28T13:10:03+00:00\",\"dateModified\":\"2025-01-31T14:52:19+00:00\",\"description\":\"La combinaison du cacao c\u00e9r\u00e9monial et du lotus rouge cr\u00e9e une synergie qui favorise la d\u00e9couverte de soi et une connexion profonde avec une conscience sup\u00e9rieure.\",\"breadcrumb\":{\"@id\":\"https:\/\/www.sinchisinchi.com\/fr\/producto\/cacao-lotus-rouge\/#breadcrumb\"},\"inLanguage\":\"fr-FR\",\"potentialAction\":[{\"@type\":\"ReadAction\",\"target\":[\"https:\/\/www.sinchisinchi.com\/fr\/producto\/cacao-lotus-rouge\/\"]}]},{\"@type\":\"ImageObject\",\"inLanguage\":\"fr-FR\",\"@id\":\"https:\/\/www.sinchisinchi.com\/fr\/producto\/cacao-lotus-rouge\/#primaryimage\",\"url\":\"https:\/\/www.sinchisinchi.com\/wp-content\/uploads\/2024\/05\/red-lotus.webp\",\"contentUrl\":\"https:\/\/www.sinchisinchi.com\/wp-content\/uploads\/2024\/05\/red-lotus.webp\",\"width\":1946,\"height\":1946},{\"@type\":\"BreadcrumbList\",\"@id\":\"https:\/\/www.sinchisinchi.com\/fr\/producto\/cacao-lotus-rouge\/#breadcrumb\",\"itemListElement\":[{\"@type\":\"ListItem\",\"position\":1,\"name\":\"Prima pagina\",\"item\":\"https:\/\/www.sinchisinchi.com\/fr\/\"},{\"@type\":\"ListItem\",\"position\":2,\"name\":\"Produits\",\"item\":\"https:\/\/www.sinchisinchi.com\/fr\/shop\/\"},{\"@type\":\"ListItem\",\"position\":3,\"name\":\"Cacao Lotus Rouge\"}]},{\"@type\":\"WebSite\",\"@id\":\"https:\/\/www.sinchisinchi.com\/fr\/#website\",\"url\":\"https:\/\/www.sinchisinchi.com\/fr\/\",\"name\":\"SINCHI\",\"description\":\"Sinchi Medicine\",\"publisher\":{\"@id\":\"https:\/\/www.sinchisinchi.com\/fr\/#organization\"},\"potentialAction\":[{\"@type\":\"SearchAction\",\"target\":{\"@type\":\"EntryPoint\",\"urlTemplate\":\"https:\/\/www.sinchisinchi.com\/fr\/?s={search_term_string}\"},\"query-input\":{\"@type\":\"PropertyValueSpecification\",\"valueRequired\":true,\"valueName\":\"search_term_string\"}}],\"inLanguage\":\"fr-FR\"},{\"@type\":\"Organization\",\"@id\":\"https:\/\/www.sinchisinchi.com\/fr\/#organization\",\"name\":\"SINCHI S.L\",\"url\":\"https:\/\/www.sinchisinchi.com\/fr\/\",\"logo\":{\"@type\":\"ImageObject\",\"inLanguage\":\"fr-FR\",\"@id\":\"https:\/\/www.sinchisinchi.com\/fr\/#\/schema\/logo\/image\/\",\"url\":\"https:\/\/www.sinchisinchi.com\/wp-content\/uploads\/2026\/01\/3b-Verde-SIMPLIFICADO-HORIZONTAL-F-TRANSPARENTE-scaled.png\",\"contentUrl\":\"https:\/\/www.sinchisinchi.com\/wp-content\/uploads\/2026\/01\/3b-Verde-SIMPLIFICADO-HORIZONTAL-F-TRANSPARENTE-scaled.png\",\"width\":2560,\"height\":457,\"caption\":\"SINCHI S.L\"},\"image\":{\"@id\":\"https:\/\/www.sinchisinchi.com\/fr\/#\/schema\/logo\/image\/\"},\"sameAs\":[\"https:\/\/www.facebook.com\/sinchirape\/\",\"https:\/\/www.instagram.com\/sinchi_rape\/\"]}]}<\/script>\n<!-- \/ Yoast SEO plugin. -->","yoast_head_json":{"title":"Cacao de lotus rouge de c\u00e9r\u00e9monie \u2013 Sinchi, Boutique Chamanique","description":"La combinaison du cacao c\u00e9r\u00e9monial et du lotus rouge cr\u00e9e une synergie qui favorise la d\u00e9couverte de soi et une connexion profonde avec une conscience sup\u00e9rieure.","robots":{"index":"index","follow":"follow","max-snippet":"max-snippet:-1","max-image-preview":"max-image-preview:large","max-video-preview":"max-video-preview:-1"},"canonical":"https:\/\/www.sinchisinchi.com\/fr\/producto\/cacao-lotus-rouge\/","og_locale":"fr_FR","og_type":"article","og_title":"Cacao de lotus rouge de c\u00e9r\u00e9monie \u2013 Sinchi, Boutique Chamanique","og_description":"La combinaison du cacao c\u00e9r\u00e9monial et du lotus rouge cr\u00e9e une synergie qui favorise la d\u00e9couverte de soi et une connexion profonde avec une conscience sup\u00e9rieure.","og_url":"https:\/\/www.sinchisinchi.com\/fr\/producto\/cacao-lotus-rouge\/","og_site_name":"SINCHI RAP\u00c9","article_publisher":"https:\/\/www.facebook.com\/sinchirape\/","article_modified_time":"2025-01-31T14:52:19+00:00","og_image":[{"width":1946,"height":1946,"url":"https:\/\/www.sinchisinchi.com\/wp-content\/uploads\/2024\/05\/red-lotus.webp","type":"image\/webp"}],"twitter_card":"summary_large_image","schema":{"@context":"https:\/\/schema.org","@graph":[{"@type":"WebPage","@id":"https:\/\/www.sinchisinchi.com\/fr\/producto\/cacao-lotus-rouge\/","url":"https:\/\/www.sinchisinchi.com\/fr\/producto\/cacao-lotus-rouge\/","name":"Cacao de lotus rouge de c\u00e9r\u00e9monie \u2013 Sinchi, Boutique Chamanique","isPartOf":{"@id":"https:\/\/www.sinchisinchi.com\/fr\/#website"},"primaryImageOfPage":{"@id":"https:\/\/www.sinchisinchi.com\/fr\/producto\/cacao-lotus-rouge\/#primaryimage"},"image":{"@id":"https:\/\/www.sinchisinchi.com\/fr\/producto\/cacao-lotus-rouge\/#primaryimage"},"thumbnailUrl":"https:\/\/www.sinchisinchi.com\/wp-content\/uploads\/2024\/05\/red-lotus.webp","datePublished":"2024-05-28T13:10:03+00:00","dateModified":"2025-01-31T14:52:19+00:00","description":"La combinaison du cacao c\u00e9r\u00e9monial et du lotus rouge cr\u00e9e une synergie qui favorise la d\u00e9couverte de soi et une connexion profonde avec une conscience sup\u00e9rieure.","breadcrumb":{"@id":"https:\/\/www.sinchisinchi.com\/fr\/producto\/cacao-lotus-rouge\/#breadcrumb"},"inLanguage":"fr-FR","potentialAction":[{"@type":"ReadAction","target":["https:\/\/www.sinchisinchi.com\/fr\/producto\/cacao-lotus-rouge\/"]}]},{"@type":"ImageObject","inLanguage":"fr-FR","@id":"https:\/\/www.sinchisinchi.com\/fr\/producto\/cacao-lotus-rouge\/#primaryimage","url":"https:\/\/www.sinchisinchi.com\/wp-content\/uploads\/2024\/05\/red-lotus.webp","contentUrl":"https:\/\/www.sinchisinchi.com\/wp-content\/uploads\/2024\/05\/red-lotus.webp","width":1946,"height":1946},{"@type":"BreadcrumbList","@id":"https:\/\/www.sinchisinchi.com\/fr\/producto\/cacao-lotus-rouge\/#breadcrumb","itemListElement":[{"@type":"ListItem","position":1,"name":"Prima pagina","item":"https:\/\/www.sinchisinchi.com\/fr\/"},{"@type":"ListItem","position":2,"name":"Produits","item":"https:\/\/www.sinchisinchi.com\/fr\/shop\/"},{"@type":"ListItem","position":3,"name":"Cacao Lotus Rouge"}]},{"@type":"WebSite","@id":"https:\/\/www.sinchisinchi.com\/fr\/#website","url":"https:\/\/www.sinchisinchi.com\/fr\/","name":"SINCHI","description":"Sinchi Medicine","publisher":{"@id":"https:\/\/www.sinchisinchi.com\/fr\/#organization"},"potentialAction":[{"@type":"SearchAction","target":{"@type":"EntryPoint","urlTemplate":"https:\/\/www.sinchisinchi.com\/fr\/?s={search_term_string}"},"query-input":{"@type":"PropertyValueSpecification","valueRequired":true,"valueName":"search_term_string"}}],"inLanguage":"fr-FR"},{"@type":"Organization","@id":"https:\/\/www.sinchisinchi.com\/fr\/#organization","name":"SINCHI S.L","url":"https:\/\/www.sinchisinchi.com\/fr\/","logo":{"@type":"ImageObject","inLanguage":"fr-FR","@id":"https:\/\/www.sinchisinchi.com\/fr\/#\/schema\/logo\/image\/","url":"https:\/\/www.sinchisinchi.com\/wp-content\/uploads\/2026\/01\/3b-Verde-SIMPLIFICADO-HORIZONTAL-F-TRANSPARENTE-scaled.png","contentUrl":"https:\/\/www.sinchisinchi.com\/wp-content\/uploads\/2026\/01\/3b-Verde-SIMPLIFICADO-HORIZONTAL-F-TRANSPARENTE-scaled.png","width":2560,"height":457,"caption":"SINCHI S.L"},"image":{"@id":"https:\/\/www.sinchisinchi.com\/fr\/#\/schema\/logo\/image\/"},"sameAs":["https:\/\/www.facebook.com\/sinchirape\/","https:\/\/www.instagram.com\/sinchi_rape\/"]}]}},"_links":{"self":[{"href":"https:\/\/www.sinchisinchi.com\/fr\/wp-json\/wp\/v2\/product\/25344","targetHints":{"allow":["GET"]}}],"collection":[{"href":"https:\/\/www.sinchisinchi.com\/fr\/wp-json\/wp\/v2\/product"}],"about":[{"href":"https:\/\/www.sinchisinchi.com\/fr\/wp-json\/wp\/v2\/types\/product"}],"wp:featuredmedia":[{"embeddable":true,"href":"https:\/\/www.sinchisinchi.com\/fr\/wp-json\/wp\/v2\/media\/25345"}],"wp:attachment":[{"href":"https:\/\/www.sinchisinchi.com\/fr\/wp-json\/wp\/v2\/media?parent=25344"}],"wp:term":[{"taxonomy":"product_brand","embeddable":true,"href":"https:\/\/www.sinchisinchi.com\/fr\/wp-json\/wp\/v2\/product_brand?post=25344"},{"taxonomy":"product_cat","embeddable":true,"href":"https:\/\/www.sinchisinchi.com\/fr\/wp-json\/wp\/v2\/product_cat?post=25344"},{"taxonomy":"product_tag","embeddable":true,"href":"https:\/\/www.sinchisinchi.com\/fr\/wp-json\/wp\/v2\/product_tag?post=25344"}],"curies":[{"name":"wp","href":"https:\/\/api.w.org\/{rel}","templated":true}]}}