{"id":25348,"date":"2024-05-28T13:05:10","date_gmt":"2024-05-28T13:05:10","guid":{"rendered":"https:\/\/www.sinchisinchi.com\/producto\/cacao-au-lotus-bleu\/"},"modified":"2025-01-31T14:59:54","modified_gmt":"2025-01-31T14:59:54","slug":"cacao-au-lotus-bleu","status":"publish","type":"product","link":"https:\/\/www.sinchisinchi.com\/fr\/producto\/cacao-au-lotus-bleu\/","title":{"rendered":"Cacao au lotus bleu"},"content":{"rendered":"","protected":false},"excerpt":{"rendered":"<p>Cacao c\u00e9r\u00e9monial au Lotus Bleu. Ce m\u00e9lange associe le meilleur cacao c\u00e9r\u00e9monial \u00e0 la puissance du Lotus Bleu, une fleur tr\u00e8s pris\u00e9e pour ses propri\u00e9t\u00e9s spirituelles.<\/p>\n<p>Nymphaea caerulea, \u00e9galement connu sous le nom de lotus \u00e9gyptien, lotus bleu \u00e9gyptien ou n\u00e9nuphar bleu, est une plante aquatique dont l&rsquo;habitat d&rsquo;origine se situe le long du Nil et d&rsquo;autres r\u00e9gions d&rsquo;Afrique de l&rsquo;Est, se propageant plus tard jusqu&rsquo;en Tha\u00eflande et en Inde.<\/p>\n<p>Il y a plus de 3 000 ans, le lotus bleu \u00e9tait d\u00e9j\u00e0 cultiv\u00e9 sur les rives du Nil pour sa beaut\u00e9 et ses effets enivrants. Elle \u00e9tait consid\u00e9r\u00e9e comme une plante sacr\u00e9e et \u00e9tait \u00e9troitement li\u00e9e aux divinit\u00e9s \u00e9gyptiennes telles qu&rsquo;Osiris, N\u00e9fertoum et R\u00ea.<\/p>\n<p>Le lotus bleu s&rsquo;ouvre \u00e0 la lumi\u00e8re et se ferme dans l&rsquo;obscurit\u00e9, c&rsquo;est pourquoi il est directement associ\u00e9 aux pouvoirs du soleil, li\u00e9s au dieu \u00e9gyptien R\u00e2. Les \u00c9gyptiens faisaient mac\u00e9rer cette plante dans du vin pour des usages rituels.<\/p>\n<p>Ses effets psychoactifs font du lotus bleu l&rsquo;un des candidats \u00e0 \u00eatre identifi\u00e9 comme la plante des mangeurs de lotos de l&rsquo;Odyss\u00e9e d&rsquo;Hom\u00e8re.<\/p>\n<p><strong>Type :<\/strong> Cacao de qualit\u00e9 c\u00e9r\u00e9moniale<\/p>\n<p><strong>Ingr\u00e9dients :<\/strong> Cacao (Theobroma cacao), beurre de cacao, m\u00e9lange d&rsquo;\u00e9pices (cannelle, cardamome, clous de girofle et piments), lotus bleu (Nymphaea caerulea) 0,5 g d&rsquo;extrait par portion. Fabriqu\u00e9 avec un extrait 50:1 (0,5 g d&rsquo;extrait de lotus bleu 50:1 par portion, \u00e9quivalent \u00e0 25 grammes de la plante)<\/p>\n<p><strong>Origine :<\/strong> Colombie<\/p>\n<p><strong>Pr\u00e9sentation :<\/strong> Bloc de cacao.<\/p>\n<p><strong>Poids net :<\/strong> 400 g<\/p>\n<p><strong>Conservation :<\/strong> Conserver dans un endroit frais et sec, \u00e0 l\u2019abri de la lumi\u00e8re directe du soleil.<\/p>\n","protected":false},"featured_media":25349,"template":"","meta":{"_joinchat":[]},"product_brand":[],"product_cat":[672,676],"product_tag":[],"class_list":{"0":"post-25348","1":"product","2":"type-product","3":"status-publish","4":"has-post-thumbnail","6":"product_cat-cacao-fr","7":"product_cat-magie-fr","9":"first","10":"instock","11":"taxable","12":"shipping-taxable","13":"purchasable","14":"product-type-simple"},"yoast_head":"<!-- This site is optimized with the Yoast SEO plugin v27.4 - https:\/\/yoast.com\/product\/yoast-seo-wordpress\/ -->\n<title>Cacao c\u00e9r\u00e9moniel au lotus bleu \u2013 Sinchi, Shamanic Store<\/title>\n<meta name=\"description\" content=\"Cacao c\u00e9r\u00e9monial au Lotus Bleu. Ce m\u00e9lange associe le cacao c\u00e9r\u00e9monial \u00e0 la puissance du Lotus Bleu, une fleur tr\u00e8s pris\u00e9e pour ses propri\u00e9t\u00e9s spirituelles.\" \/>\n<meta name=\"robots\" content=\"index, follow, max-snippet:-1, max-image-preview:large, max-video-preview:-1\" \/>\n<link rel=\"canonical\" href=\"https:\/\/www.sinchisinchi.com\/fr\/producto\/cacao-au-lotus-bleu\/\" \/>\n<meta property=\"og:locale\" content=\"fr_FR\" \/>\n<meta property=\"og:type\" content=\"article\" \/>\n<meta property=\"og:title\" content=\"Cacao c\u00e9r\u00e9moniel au lotus bleu \u2013 Sinchi, Shamanic Store\" \/>\n<meta property=\"og:description\" content=\"Cacao c\u00e9r\u00e9monial au Lotus Bleu. Ce m\u00e9lange associe le cacao c\u00e9r\u00e9monial \u00e0 la puissance du Lotus Bleu, une fleur tr\u00e8s pris\u00e9e pour ses propri\u00e9t\u00e9s spirituelles.\" \/>\n<meta property=\"og:url\" content=\"https:\/\/www.sinchisinchi.com\/fr\/producto\/cacao-au-lotus-bleu\/\" \/>\n<meta property=\"og:site_name\" content=\"SINCHI RAP\u00c9\" \/>\n<meta property=\"article:publisher\" content=\"https:\/\/www.facebook.com\/sinchirape\/\" \/>\n<meta property=\"article:modified_time\" content=\"2025-01-31T14:59:54+00:00\" \/>\n<meta property=\"og:image\" content=\"https:\/\/www.sinchisinchi.com\/wp-content\/uploads\/2024\/05\/loto-azul.jpg\" \/>\n\t<meta property=\"og:image:width\" content=\"990\" \/>\n\t<meta property=\"og:image:height\" content=\"990\" \/>\n\t<meta property=\"og:image:type\" content=\"image\/jpeg\" \/>\n<meta name=\"twitter:card\" content=\"summary_large_image\" \/>\n<script type=\"application\/ld+json\" class=\"yoast-schema-graph\">{\"@context\":\"https:\\\/\\\/schema.org\",\"@graph\":[{\"@type\":\"WebPage\",\"@id\":\"https:\\\/\\\/www.sinchisinchi.com\\\/fr\\\/producto\\\/cacao-au-lotus-bleu\\\/\",\"url\":\"https:\\\/\\\/www.sinchisinchi.com\\\/fr\\\/producto\\\/cacao-au-lotus-bleu\\\/\",\"name\":\"Cacao c\u00e9r\u00e9moniel au lotus bleu \u2013 Sinchi, Shamanic Store\",\"isPartOf\":{\"@id\":\"https:\\\/\\\/www.sinchisinchi.com\\\/fr\\\/#website\"},\"primaryImageOfPage\":{\"@id\":\"https:\\\/\\\/www.sinchisinchi.com\\\/fr\\\/producto\\\/cacao-au-lotus-bleu\\\/#primaryimage\"},\"image\":{\"@id\":\"https:\\\/\\\/www.sinchisinchi.com\\\/fr\\\/producto\\\/cacao-au-lotus-bleu\\\/#primaryimage\"},\"thumbnailUrl\":\"https:\\\/\\\/www.sinchisinchi.com\\\/wp-content\\\/uploads\\\/2024\\\/05\\\/loto-azul.jpg\",\"datePublished\":\"2024-05-28T13:05:10+00:00\",\"dateModified\":\"2025-01-31T14:59:54+00:00\",\"description\":\"Cacao c\u00e9r\u00e9monial au Lotus Bleu. Ce m\u00e9lange associe le cacao c\u00e9r\u00e9monial \u00e0 la puissance du Lotus Bleu, une fleur tr\u00e8s pris\u00e9e pour ses propri\u00e9t\u00e9s spirituelles.\",\"breadcrumb\":{\"@id\":\"https:\\\/\\\/www.sinchisinchi.com\\\/fr\\\/producto\\\/cacao-au-lotus-bleu\\\/#breadcrumb\"},\"inLanguage\":\"fr-FR\",\"potentialAction\":[{\"@type\":\"ReadAction\",\"target\":[\"https:\\\/\\\/www.sinchisinchi.com\\\/fr\\\/producto\\\/cacao-au-lotus-bleu\\\/\"]}]},{\"@type\":\"ImageObject\",\"inLanguage\":\"fr-FR\",\"@id\":\"https:\\\/\\\/www.sinchisinchi.com\\\/fr\\\/producto\\\/cacao-au-lotus-bleu\\\/#primaryimage\",\"url\":\"https:\\\/\\\/www.sinchisinchi.com\\\/wp-content\\\/uploads\\\/2024\\\/05\\\/loto-azul.jpg\",\"contentUrl\":\"https:\\\/\\\/www.sinchisinchi.com\\\/wp-content\\\/uploads\\\/2024\\\/05\\\/loto-azul.jpg\",\"width\":990,\"height\":990},{\"@type\":\"BreadcrumbList\",\"@id\":\"https:\\\/\\\/www.sinchisinchi.com\\\/fr\\\/producto\\\/cacao-au-lotus-bleu\\\/#breadcrumb\",\"itemListElement\":[{\"@type\":\"ListItem\",\"position\":1,\"name\":\"Prima pagina\",\"item\":\"https:\\\/\\\/www.sinchisinchi.com\\\/fr\\\/\"},{\"@type\":\"ListItem\",\"position\":2,\"name\":\"Produits\",\"item\":\"https:\\\/\\\/www.sinchisinchi.com\\\/fr\\\/shop\\\/\"},{\"@type\":\"ListItem\",\"position\":3,\"name\":\"Cacao au lotus bleu\"}]},{\"@type\":\"WebSite\",\"@id\":\"https:\\\/\\\/www.sinchisinchi.com\\\/fr\\\/#website\",\"url\":\"https:\\\/\\\/www.sinchisinchi.com\\\/fr\\\/\",\"name\":\"SINCHI\",\"description\":\"Sinchi Medicine\",\"publisher\":{\"@id\":\"https:\\\/\\\/www.sinchisinchi.com\\\/fr\\\/#organization\"},\"potentialAction\":[{\"@type\":\"SearchAction\",\"target\":{\"@type\":\"EntryPoint\",\"urlTemplate\":\"https:\\\/\\\/www.sinchisinchi.com\\\/fr\\\/?s={search_term_string}\"},\"query-input\":{\"@type\":\"PropertyValueSpecification\",\"valueRequired\":true,\"valueName\":\"search_term_string\"}}],\"inLanguage\":\"fr-FR\"},{\"@type\":\"Organization\",\"@id\":\"https:\\\/\\\/www.sinchisinchi.com\\\/fr\\\/#organization\",\"name\":\"SINCHI S.L\",\"url\":\"https:\\\/\\\/www.sinchisinchi.com\\\/fr\\\/\",\"logo\":{\"@type\":\"ImageObject\",\"inLanguage\":\"fr-FR\",\"@id\":\"https:\\\/\\\/www.sinchisinchi.com\\\/fr\\\/#\\\/schema\\\/logo\\\/image\\\/\",\"url\":\"https:\\\/\\\/www.sinchisinchi.com\\\/wp-content\\\/uploads\\\/2026\\\/01\\\/3b-Verde-SIMPLIFICADO-HORIZONTAL-F-TRANSPARENTE-scaled.png\",\"contentUrl\":\"https:\\\/\\\/www.sinchisinchi.com\\\/wp-content\\\/uploads\\\/2026\\\/01\\\/3b-Verde-SIMPLIFICADO-HORIZONTAL-F-TRANSPARENTE-scaled.png\",\"width\":2560,\"height\":457,\"caption\":\"SINCHI S.L\"},\"image\":{\"@id\":\"https:\\\/\\\/www.sinchisinchi.com\\\/fr\\\/#\\\/schema\\\/logo\\\/image\\\/\"},\"sameAs\":[\"https:\\\/\\\/www.facebook.com\\\/sinchirape\\\/\",\"https:\\\/\\\/www.instagram.com\\\/sinchi_rape\\\/\"]}]}<\/script>\n<!-- \/ Yoast SEO plugin. -->","yoast_head_json":{"title":"Cacao c\u00e9r\u00e9moniel au lotus bleu \u2013 Sinchi, Shamanic Store","description":"Cacao c\u00e9r\u00e9monial au Lotus Bleu. Ce m\u00e9lange associe le cacao c\u00e9r\u00e9monial \u00e0 la puissance du Lotus Bleu, une fleur tr\u00e8s pris\u00e9e pour ses propri\u00e9t\u00e9s spirituelles.","robots":{"index":"index","follow":"follow","max-snippet":"max-snippet:-1","max-image-preview":"max-image-preview:large","max-video-preview":"max-video-preview:-1"},"canonical":"https:\/\/www.sinchisinchi.com\/fr\/producto\/cacao-au-lotus-bleu\/","og_locale":"fr_FR","og_type":"article","og_title":"Cacao c\u00e9r\u00e9moniel au lotus bleu \u2013 Sinchi, Shamanic Store","og_description":"Cacao c\u00e9r\u00e9monial au Lotus Bleu. Ce m\u00e9lange associe le cacao c\u00e9r\u00e9monial \u00e0 la puissance du Lotus Bleu, une fleur tr\u00e8s pris\u00e9e pour ses propri\u00e9t\u00e9s spirituelles.","og_url":"https:\/\/www.sinchisinchi.com\/fr\/producto\/cacao-au-lotus-bleu\/","og_site_name":"SINCHI RAP\u00c9","article_publisher":"https:\/\/www.facebook.com\/sinchirape\/","article_modified_time":"2025-01-31T14:59:54+00:00","og_image":[{"width":990,"height":990,"url":"https:\/\/www.sinchisinchi.com\/wp-content\/uploads\/2024\/05\/loto-azul.jpg","type":"image\/jpeg"}],"twitter_card":"summary_large_image","schema":{"@context":"https:\/\/schema.org","@graph":[{"@type":"WebPage","@id":"https:\/\/www.sinchisinchi.com\/fr\/producto\/cacao-au-lotus-bleu\/","url":"https:\/\/www.sinchisinchi.com\/fr\/producto\/cacao-au-lotus-bleu\/","name":"Cacao c\u00e9r\u00e9moniel au lotus bleu \u2013 Sinchi, Shamanic Store","isPartOf":{"@id":"https:\/\/www.sinchisinchi.com\/fr\/#website"},"primaryImageOfPage":{"@id":"https:\/\/www.sinchisinchi.com\/fr\/producto\/cacao-au-lotus-bleu\/#primaryimage"},"image":{"@id":"https:\/\/www.sinchisinchi.com\/fr\/producto\/cacao-au-lotus-bleu\/#primaryimage"},"thumbnailUrl":"https:\/\/www.sinchisinchi.com\/wp-content\/uploads\/2024\/05\/loto-azul.jpg","datePublished":"2024-05-28T13:05:10+00:00","dateModified":"2025-01-31T14:59:54+00:00","description":"Cacao c\u00e9r\u00e9monial au Lotus Bleu. Ce m\u00e9lange associe le cacao c\u00e9r\u00e9monial \u00e0 la puissance du Lotus Bleu, une fleur tr\u00e8s pris\u00e9e pour ses propri\u00e9t\u00e9s spirituelles.","breadcrumb":{"@id":"https:\/\/www.sinchisinchi.com\/fr\/producto\/cacao-au-lotus-bleu\/#breadcrumb"},"inLanguage":"fr-FR","potentialAction":[{"@type":"ReadAction","target":["https:\/\/www.sinchisinchi.com\/fr\/producto\/cacao-au-lotus-bleu\/"]}]},{"@type":"ImageObject","inLanguage":"fr-FR","@id":"https:\/\/www.sinchisinchi.com\/fr\/producto\/cacao-au-lotus-bleu\/#primaryimage","url":"https:\/\/www.sinchisinchi.com\/wp-content\/uploads\/2024\/05\/loto-azul.jpg","contentUrl":"https:\/\/www.sinchisinchi.com\/wp-content\/uploads\/2024\/05\/loto-azul.jpg","width":990,"height":990},{"@type":"BreadcrumbList","@id":"https:\/\/www.sinchisinchi.com\/fr\/producto\/cacao-au-lotus-bleu\/#breadcrumb","itemListElement":[{"@type":"ListItem","position":1,"name":"Prima pagina","item":"https:\/\/www.sinchisinchi.com\/fr\/"},{"@type":"ListItem","position":2,"name":"Produits","item":"https:\/\/www.sinchisinchi.com\/fr\/shop\/"},{"@type":"ListItem","position":3,"name":"Cacao au lotus bleu"}]},{"@type":"WebSite","@id":"https:\/\/www.sinchisinchi.com\/fr\/#website","url":"https:\/\/www.sinchisinchi.com\/fr\/","name":"SINCHI","description":"Sinchi Medicine","publisher":{"@id":"https:\/\/www.sinchisinchi.com\/fr\/#organization"},"potentialAction":[{"@type":"SearchAction","target":{"@type":"EntryPoint","urlTemplate":"https:\/\/www.sinchisinchi.com\/fr\/?s={search_term_string}"},"query-input":{"@type":"PropertyValueSpecification","valueRequired":true,"valueName":"search_term_string"}}],"inLanguage":"fr-FR"},{"@type":"Organization","@id":"https:\/\/www.sinchisinchi.com\/fr\/#organization","name":"SINCHI S.L","url":"https:\/\/www.sinchisinchi.com\/fr\/","logo":{"@type":"ImageObject","inLanguage":"fr-FR","@id":"https:\/\/www.sinchisinchi.com\/fr\/#\/schema\/logo\/image\/","url":"https:\/\/www.sinchisinchi.com\/wp-content\/uploads\/2026\/01\/3b-Verde-SIMPLIFICADO-HORIZONTAL-F-TRANSPARENTE-scaled.png","contentUrl":"https:\/\/www.sinchisinchi.com\/wp-content\/uploads\/2026\/01\/3b-Verde-SIMPLIFICADO-HORIZONTAL-F-TRANSPARENTE-scaled.png","width":2560,"height":457,"caption":"SINCHI S.L"},"image":{"@id":"https:\/\/www.sinchisinchi.com\/fr\/#\/schema\/logo\/image\/"},"sameAs":["https:\/\/www.facebook.com\/sinchirape\/","https:\/\/www.instagram.com\/sinchi_rape\/"]}]}},"_links":{"self":[{"href":"https:\/\/www.sinchisinchi.com\/fr\/wp-json\/wp\/v2\/product\/25348","targetHints":{"allow":["GET"]}}],"collection":[{"href":"https:\/\/www.sinchisinchi.com\/fr\/wp-json\/wp\/v2\/product"}],"about":[{"href":"https:\/\/www.sinchisinchi.com\/fr\/wp-json\/wp\/v2\/types\/product"}],"wp:featuredmedia":[{"embeddable":true,"href":"https:\/\/www.sinchisinchi.com\/fr\/wp-json\/wp\/v2\/media\/25349"}],"wp:attachment":[{"href":"https:\/\/www.sinchisinchi.com\/fr\/wp-json\/wp\/v2\/media?parent=25348"}],"wp:term":[{"taxonomy":"product_brand","embeddable":true,"href":"https:\/\/www.sinchisinchi.com\/fr\/wp-json\/wp\/v2\/product_brand?post=25348"},{"taxonomy":"product_cat","embeddable":true,"href":"https:\/\/www.sinchisinchi.com\/fr\/wp-json\/wp\/v2\/product_cat?post=25348"},{"taxonomy":"product_tag","embeddable":true,"href":"https:\/\/www.sinchisinchi.com\/fr\/wp-json\/wp\/v2\/product_tag?post=25348"}],"curies":[{"name":"wp","href":"https:\/\/api.w.org\/{rel}","templated":true}]}}