{"id":25356,"date":"2024-05-28T12:47:59","date_gmt":"2024-05-28T12:47:59","guid":{"rendered":"https:\/\/www.sinchisinchi.com\/producto\/cacao-7-champignons\/"},"modified":"2025-01-31T15:19:14","modified_gmt":"2025-01-31T15:19:14","slug":"cacao-7-champignons","status":"publish","type":"product","link":"https:\/\/www.sinchisinchi.com\/fr\/producto\/cacao-7-champignons\/","title":{"rendered":"Cacao 7 Champignons"},"content":{"rendered":"<h3 style=\"text-align: center;\"><strong>Les propri\u00e9t\u00e9s des champignons comprennent :<\/strong><\/h3>\n<p>Chaque extrait de champignon offre des propri\u00e9t\u00e9s uniques cr\u00e9ant une synergie qui favorise l\u2019\u00e9quilibre et l\u2019harmonie dans le corps, l\u2019esprit, l\u2019\u00e2me et les \u00e9motions.<\/p>\n<p><strong>Crini\u00e8re de lion (Hericium erinaceus) :<\/strong> Am\u00e9liore la fonction cognitive et soutient la sant\u00e9 du cerveau.<\/p>\n<p><strong>Reishi (Ganoderma lucidum) :<\/strong> Favorise la relaxation, la r\u00e9duction du stress et le bien-\u00eatre g\u00e9n\u00e9ral.<\/p>\n<p><strong>Chaga (Inonotus obliquus) :<\/strong> Soutient la fonction immunitaire et fournit des propri\u00e9t\u00e9s antioxydantes.<\/p>\n<p><strong>Queue de dinde (Trametes versicolor) :<\/strong> Am\u00e9liore la sant\u00e9 immunitaire et favorise la sant\u00e9 intestinale.<\/p>\n<p><strong>Cordyceps (Cordyceps Militaris) :<\/strong> Am\u00e9liore les niveaux d\u2019\u00e9nergie, l\u2019endurance et les performances athl\u00e9tiques.<\/p>\n<p><strong>Agaricus (Agaricus blazei) :<\/strong> Soutient la fonction du syst\u00e8me immunitaire et le bien-\u00eatre g\u00e9n\u00e9ral.<\/p>\n<p><strong>Maitake (Grifola frondosa) :<\/strong> Fournit un soutien immunitaire et contribue \u00e0 la vitalit\u00e9 g\u00e9n\u00e9rale.<\/p>\n","protected":false},"excerpt":{"rendered":"<p>Cacao aux champignons magiques m\u00e9dicinaux de qualit\u00e9 c\u00e9r\u00e9monielle, un m\u00e9lange captivant qui combine le meilleur cacao c\u00e9r\u00e9moniel avec la puissance de sept champignons m\u00e9dicinaux extraordinaires.<\/p>\n<p>Type : Cacao de qualit\u00e9 c\u00e9r\u00e9monielle.<\/p>\n<p>Ingr\u00e9dients : Cacao (Theobroma cacao), beurre de cacao, m\u00e9lange d&rsquo;\u00e9pices (cannelle, cardamome, clous de girofle et piments d&rsquo;Amazonie). De plus, il contient sept champignons traditionnels : la crini\u00e8re de lion, le reishi, le chaga, la queue de dinde, le cordyceps, l&rsquo;agarico et le maitake.<\/p>\n<p>Origine : Colombie<\/p>\n<p><strong>Pr\u00e9sentation :<\/strong> Bloc de cacao.<\/p>\n<p><strong>Poids net :<\/strong> 400 g<\/p>\n<p><strong>Conservation :<\/strong> Conserver dans un endroit frais et sec, \u00e0 l\u2019abri de la lumi\u00e8re directe du soleil.<\/p>\n","protected":false},"featured_media":25357,"template":"","meta":{"_joinchat":[]},"product_brand":[],"product_cat":[672,676],"product_tag":[],"class_list":{"0":"post-25356","1":"product","2":"type-product","3":"status-publish","4":"has-post-thumbnail","6":"product_cat-cacao-fr","7":"product_cat-magie-fr","9":"first","10":"instock","11":"taxable","12":"shipping-taxable","13":"purchasable","14":"product-type-simple"},"yoast_head":"<!-- This site is optimized with the Yoast SEO plugin v27.1.1 - https:\/\/yoast.com\/product\/yoast-seo-wordpress\/ -->\n<title>C\u00e9r\u00e9monie de cacao aux 7 champignons \u2013 Sinchi, boutique chamanique<\/title>\n<meta name=\"description\" content=\"Cacao aux Champignons Magiques, un m\u00e9lange captivant qui associe le cacao c\u00e9r\u00e9moniel \u00e0 la puissance de sept champignons m\u00e9dicinaux extraordinaires.\" \/>\n<meta name=\"robots\" content=\"index, follow, max-snippet:-1, max-image-preview:large, max-video-preview:-1\" \/>\n<link rel=\"canonical\" href=\"https:\/\/www.sinchisinchi.com\/fr\/producto\/cacao-7-champignons\/\" \/>\n<meta property=\"og:locale\" content=\"fr_FR\" \/>\n<meta property=\"og:type\" content=\"article\" \/>\n<meta property=\"og:title\" content=\"C\u00e9r\u00e9monie de cacao aux 7 champignons \u2013 Sinchi, boutique chamanique\" \/>\n<meta property=\"og:description\" content=\"Cacao aux Champignons Magiques, un m\u00e9lange captivant qui associe le cacao c\u00e9r\u00e9moniel \u00e0 la puissance de sept champignons m\u00e9dicinaux extraordinaires.\" \/>\n<meta property=\"og:url\" content=\"https:\/\/www.sinchisinchi.com\/fr\/producto\/cacao-7-champignons\/\" \/>\n<meta property=\"og:site_name\" content=\"SINCHI RAP\u00c9\" \/>\n<meta property=\"article:publisher\" content=\"https:\/\/www.facebook.com\/sinchirape\/\" \/>\n<meta property=\"article:modified_time\" content=\"2025-01-31T15:19:14+00:00\" \/>\n<meta property=\"og:image\" content=\"https:\/\/www.sinchisinchi.com\/wp-content\/uploads\/2024\/05\/7-hongos.jpeg\" \/>\n\t<meta property=\"og:image:width\" content=\"990\" \/>\n\t<meta property=\"og:image:height\" content=\"990\" \/>\n\t<meta property=\"og:image:type\" content=\"image\/jpeg\" \/>\n<meta name=\"twitter:card\" content=\"summary_large_image\" \/>\n<meta name=\"twitter:label1\" content=\"Dur\u00e9e de lecture estim\u00e9e\" \/>\n\t<meta name=\"twitter:data1\" content=\"1 minute\" \/>\n<script type=\"application\/ld+json\" class=\"yoast-schema-graph\">{\"@context\":\"https:\/\/schema.org\",\"@graph\":[{\"@type\":\"WebPage\",\"@id\":\"https:\/\/www.sinchisinchi.com\/fr\/producto\/cacao-7-champignons\/\",\"url\":\"https:\/\/www.sinchisinchi.com\/fr\/producto\/cacao-7-champignons\/\",\"name\":\"C\u00e9r\u00e9monie de cacao aux 7 champignons \u2013 Sinchi, boutique chamanique\",\"isPartOf\":{\"@id\":\"https:\/\/www.sinchisinchi.com\/fr\/#website\"},\"primaryImageOfPage\":{\"@id\":\"https:\/\/www.sinchisinchi.com\/fr\/producto\/cacao-7-champignons\/#primaryimage\"},\"image\":{\"@id\":\"https:\/\/www.sinchisinchi.com\/fr\/producto\/cacao-7-champignons\/#primaryimage\"},\"thumbnailUrl\":\"https:\/\/www.sinchisinchi.com\/wp-content\/uploads\/2024\/05\/7-hongos.jpeg\",\"datePublished\":\"2024-05-28T12:47:59+00:00\",\"dateModified\":\"2025-01-31T15:19:14+00:00\",\"description\":\"Cacao aux Champignons Magiques, un m\u00e9lange captivant qui associe le cacao c\u00e9r\u00e9moniel \u00e0 la puissance de sept champignons m\u00e9dicinaux extraordinaires.\",\"breadcrumb\":{\"@id\":\"https:\/\/www.sinchisinchi.com\/fr\/producto\/cacao-7-champignons\/#breadcrumb\"},\"inLanguage\":\"fr-FR\",\"potentialAction\":[{\"@type\":\"ReadAction\",\"target\":[\"https:\/\/www.sinchisinchi.com\/fr\/producto\/cacao-7-champignons\/\"]}]},{\"@type\":\"ImageObject\",\"inLanguage\":\"fr-FR\",\"@id\":\"https:\/\/www.sinchisinchi.com\/fr\/producto\/cacao-7-champignons\/#primaryimage\",\"url\":\"https:\/\/www.sinchisinchi.com\/wp-content\/uploads\/2024\/05\/7-hongos.jpeg\",\"contentUrl\":\"https:\/\/www.sinchisinchi.com\/wp-content\/uploads\/2024\/05\/7-hongos.jpeg\",\"width\":990,\"height\":990},{\"@type\":\"BreadcrumbList\",\"@id\":\"https:\/\/www.sinchisinchi.com\/fr\/producto\/cacao-7-champignons\/#breadcrumb\",\"itemListElement\":[{\"@type\":\"ListItem\",\"position\":1,\"name\":\"Prima pagina\",\"item\":\"https:\/\/www.sinchisinchi.com\/fr\/\"},{\"@type\":\"ListItem\",\"position\":2,\"name\":\"Produits\",\"item\":\"https:\/\/www.sinchisinchi.com\/fr\/shop\/\"},{\"@type\":\"ListItem\",\"position\":3,\"name\":\"Cacao 7 Champignons\"}]},{\"@type\":\"WebSite\",\"@id\":\"https:\/\/www.sinchisinchi.com\/fr\/#website\",\"url\":\"https:\/\/www.sinchisinchi.com\/fr\/\",\"name\":\"SINCHI\",\"description\":\"Sinchi Medicine\",\"publisher\":{\"@id\":\"https:\/\/www.sinchisinchi.com\/fr\/#organization\"},\"potentialAction\":[{\"@type\":\"SearchAction\",\"target\":{\"@type\":\"EntryPoint\",\"urlTemplate\":\"https:\/\/www.sinchisinchi.com\/fr\/?s={search_term_string}\"},\"query-input\":{\"@type\":\"PropertyValueSpecification\",\"valueRequired\":true,\"valueName\":\"search_term_string\"}}],\"inLanguage\":\"fr-FR\"},{\"@type\":\"Organization\",\"@id\":\"https:\/\/www.sinchisinchi.com\/fr\/#organization\",\"name\":\"SINCHI S.L\",\"url\":\"https:\/\/www.sinchisinchi.com\/fr\/\",\"logo\":{\"@type\":\"ImageObject\",\"inLanguage\":\"fr-FR\",\"@id\":\"https:\/\/www.sinchisinchi.com\/fr\/#\/schema\/logo\/image\/\",\"url\":\"https:\/\/www.sinchisinchi.com\/wp-content\/uploads\/2026\/01\/3b-Verde-SIMPLIFICADO-HORIZONTAL-F-TRANSPARENTE-scaled.png\",\"contentUrl\":\"https:\/\/www.sinchisinchi.com\/wp-content\/uploads\/2026\/01\/3b-Verde-SIMPLIFICADO-HORIZONTAL-F-TRANSPARENTE-scaled.png\",\"width\":2560,\"height\":457,\"caption\":\"SINCHI S.L\"},\"image\":{\"@id\":\"https:\/\/www.sinchisinchi.com\/fr\/#\/schema\/logo\/image\/\"},\"sameAs\":[\"https:\/\/www.facebook.com\/sinchirape\/\",\"https:\/\/www.instagram.com\/sinchi_rape\/\"]}]}<\/script>\n<!-- \/ Yoast SEO plugin. -->","yoast_head_json":{"title":"C\u00e9r\u00e9monie de cacao aux 7 champignons \u2013 Sinchi, boutique chamanique","description":"Cacao aux Champignons Magiques, un m\u00e9lange captivant qui associe le cacao c\u00e9r\u00e9moniel \u00e0 la puissance de sept champignons m\u00e9dicinaux extraordinaires.","robots":{"index":"index","follow":"follow","max-snippet":"max-snippet:-1","max-image-preview":"max-image-preview:large","max-video-preview":"max-video-preview:-1"},"canonical":"https:\/\/www.sinchisinchi.com\/fr\/producto\/cacao-7-champignons\/","og_locale":"fr_FR","og_type":"article","og_title":"C\u00e9r\u00e9monie de cacao aux 7 champignons \u2013 Sinchi, boutique chamanique","og_description":"Cacao aux Champignons Magiques, un m\u00e9lange captivant qui associe le cacao c\u00e9r\u00e9moniel \u00e0 la puissance de sept champignons m\u00e9dicinaux extraordinaires.","og_url":"https:\/\/www.sinchisinchi.com\/fr\/producto\/cacao-7-champignons\/","og_site_name":"SINCHI RAP\u00c9","article_publisher":"https:\/\/www.facebook.com\/sinchirape\/","article_modified_time":"2025-01-31T15:19:14+00:00","og_image":[{"width":990,"height":990,"url":"https:\/\/www.sinchisinchi.com\/wp-content\/uploads\/2024\/05\/7-hongos.jpeg","type":"image\/jpeg"}],"twitter_card":"summary_large_image","twitter_misc":{"Dur\u00e9e de lecture estim\u00e9e":"1 minute"},"schema":{"@context":"https:\/\/schema.org","@graph":[{"@type":"WebPage","@id":"https:\/\/www.sinchisinchi.com\/fr\/producto\/cacao-7-champignons\/","url":"https:\/\/www.sinchisinchi.com\/fr\/producto\/cacao-7-champignons\/","name":"C\u00e9r\u00e9monie de cacao aux 7 champignons \u2013 Sinchi, boutique chamanique","isPartOf":{"@id":"https:\/\/www.sinchisinchi.com\/fr\/#website"},"primaryImageOfPage":{"@id":"https:\/\/www.sinchisinchi.com\/fr\/producto\/cacao-7-champignons\/#primaryimage"},"image":{"@id":"https:\/\/www.sinchisinchi.com\/fr\/producto\/cacao-7-champignons\/#primaryimage"},"thumbnailUrl":"https:\/\/www.sinchisinchi.com\/wp-content\/uploads\/2024\/05\/7-hongos.jpeg","datePublished":"2024-05-28T12:47:59+00:00","dateModified":"2025-01-31T15:19:14+00:00","description":"Cacao aux Champignons Magiques, un m\u00e9lange captivant qui associe le cacao c\u00e9r\u00e9moniel \u00e0 la puissance de sept champignons m\u00e9dicinaux extraordinaires.","breadcrumb":{"@id":"https:\/\/www.sinchisinchi.com\/fr\/producto\/cacao-7-champignons\/#breadcrumb"},"inLanguage":"fr-FR","potentialAction":[{"@type":"ReadAction","target":["https:\/\/www.sinchisinchi.com\/fr\/producto\/cacao-7-champignons\/"]}]},{"@type":"ImageObject","inLanguage":"fr-FR","@id":"https:\/\/www.sinchisinchi.com\/fr\/producto\/cacao-7-champignons\/#primaryimage","url":"https:\/\/www.sinchisinchi.com\/wp-content\/uploads\/2024\/05\/7-hongos.jpeg","contentUrl":"https:\/\/www.sinchisinchi.com\/wp-content\/uploads\/2024\/05\/7-hongos.jpeg","width":990,"height":990},{"@type":"BreadcrumbList","@id":"https:\/\/www.sinchisinchi.com\/fr\/producto\/cacao-7-champignons\/#breadcrumb","itemListElement":[{"@type":"ListItem","position":1,"name":"Prima pagina","item":"https:\/\/www.sinchisinchi.com\/fr\/"},{"@type":"ListItem","position":2,"name":"Produits","item":"https:\/\/www.sinchisinchi.com\/fr\/shop\/"},{"@type":"ListItem","position":3,"name":"Cacao 7 Champignons"}]},{"@type":"WebSite","@id":"https:\/\/www.sinchisinchi.com\/fr\/#website","url":"https:\/\/www.sinchisinchi.com\/fr\/","name":"SINCHI","description":"Sinchi Medicine","publisher":{"@id":"https:\/\/www.sinchisinchi.com\/fr\/#organization"},"potentialAction":[{"@type":"SearchAction","target":{"@type":"EntryPoint","urlTemplate":"https:\/\/www.sinchisinchi.com\/fr\/?s={search_term_string}"},"query-input":{"@type":"PropertyValueSpecification","valueRequired":true,"valueName":"search_term_string"}}],"inLanguage":"fr-FR"},{"@type":"Organization","@id":"https:\/\/www.sinchisinchi.com\/fr\/#organization","name":"SINCHI S.L","url":"https:\/\/www.sinchisinchi.com\/fr\/","logo":{"@type":"ImageObject","inLanguage":"fr-FR","@id":"https:\/\/www.sinchisinchi.com\/fr\/#\/schema\/logo\/image\/","url":"https:\/\/www.sinchisinchi.com\/wp-content\/uploads\/2026\/01\/3b-Verde-SIMPLIFICADO-HORIZONTAL-F-TRANSPARENTE-scaled.png","contentUrl":"https:\/\/www.sinchisinchi.com\/wp-content\/uploads\/2026\/01\/3b-Verde-SIMPLIFICADO-HORIZONTAL-F-TRANSPARENTE-scaled.png","width":2560,"height":457,"caption":"SINCHI S.L"},"image":{"@id":"https:\/\/www.sinchisinchi.com\/fr\/#\/schema\/logo\/image\/"},"sameAs":["https:\/\/www.facebook.com\/sinchirape\/","https:\/\/www.instagram.com\/sinchi_rape\/"]}]}},"_links":{"self":[{"href":"https:\/\/www.sinchisinchi.com\/fr\/wp-json\/wp\/v2\/product\/25356","targetHints":{"allow":["GET"]}}],"collection":[{"href":"https:\/\/www.sinchisinchi.com\/fr\/wp-json\/wp\/v2\/product"}],"about":[{"href":"https:\/\/www.sinchisinchi.com\/fr\/wp-json\/wp\/v2\/types\/product"}],"wp:featuredmedia":[{"embeddable":true,"href":"https:\/\/www.sinchisinchi.com\/fr\/wp-json\/wp\/v2\/media\/25357"}],"wp:attachment":[{"href":"https:\/\/www.sinchisinchi.com\/fr\/wp-json\/wp\/v2\/media?parent=25356"}],"wp:term":[{"taxonomy":"product_brand","embeddable":true,"href":"https:\/\/www.sinchisinchi.com\/fr\/wp-json\/wp\/v2\/product_brand?post=25356"},{"taxonomy":"product_cat","embeddable":true,"href":"https:\/\/www.sinchisinchi.com\/fr\/wp-json\/wp\/v2\/product_cat?post=25356"},{"taxonomy":"product_tag","embeddable":true,"href":"https:\/\/www.sinchisinchi.com\/fr\/wp-json\/wp\/v2\/product_tag?post=25356"}],"curies":[{"name":"wp","href":"https:\/\/api.w.org\/{rel}","templated":true}]}}