{"id":25373,"date":"2024-05-27T13:09:27","date_gmt":"2024-05-27T13:09:27","guid":{"rendered":"https:\/\/www.sinchisinchi.com\/producto\/cacao-ceremonial-du-guatemala-2\/"},"modified":"2025-01-31T15:45:10","modified_gmt":"2025-01-31T15:45:10","slug":"cacao-ceremonial-du-guatemala-2","status":"publish","type":"product","link":"https:\/\/www.sinchisinchi.com\/fr\/producto\/cacao-ceremonial-du-guatemala-2\/","title":{"rendered":"Cacao c\u00e9r\u00e9monial du Guatemala"},"content":{"rendered":"","protected":false},"excerpt":{"rendered":"<p>Cacao c\u00e9r\u00e9moniel pur issu de la graine originale Criolla des for\u00eats amazoniennes, fabriqu\u00e9 \u00e0 la main au Guatemala par des familles indig\u00e8nes, en utilisant le processus ancestral transmis de g\u00e9n\u00e9ration en g\u00e9n\u00e9ration.<\/p>\n<p><strong>Type :<\/strong> Cacao de qualit\u00e9 c\u00e9r\u00e9monielle.<\/p>\n<p><strong>Ingr\u00e9dients :<\/strong> 100 % cacao pur de qualit\u00e9 c\u00e9r\u00e9monielle.<\/p>\n<p><strong>Origine :<\/strong> Guatemala.<\/p>\n<p><strong>Pr\u00e9sentation :<\/strong> Barre de Cacao.<\/p>\n<p><strong>Taille:<\/strong> 454 Gr.<\/p>\n<p><strong>Conservation :<\/strong> Conserver dans un endroit frais et sec, \u00e0 l&rsquo;abri du soleil<\/p>\n","protected":false},"featured_media":25374,"template":"","meta":{"_joinchat":[]},"product_brand":[],"product_cat":[672,673],"product_tag":[],"class_list":{"0":"post-25373","1":"product","2":"type-product","3":"status-publish","4":"has-post-thumbnail","6":"product_cat-cacao-fr","7":"product_cat-ceremonial-fr","9":"first","10":"instock","11":"taxable","12":"shipping-taxable","13":"purchasable","14":"product-type-simple"},"yoast_head":"<!-- This site is optimized with the Yoast SEO plugin v27.1.1 - https:\/\/yoast.com\/product\/yoast-seo-wordpress\/ -->\n<title>Cacao c\u00e9r\u00e9monial du Guatemala<\/title>\n<meta name=\"description\" content=\"Cacao c\u00e9r\u00e9monial pur issu de la graine originale de Criolla des for\u00eats tropicales amazoniennes, fabriqu\u00e9 \u00e0 la main au Guatemala par des familles indig\u00e8nes\" \/>\n<meta name=\"robots\" content=\"index, follow, max-snippet:-1, max-image-preview:large, max-video-preview:-1\" \/>\n<link rel=\"canonical\" href=\"https:\/\/www.sinchisinchi.com\/fr\/producto\/cacao-ceremonial-du-guatemala-2\/\" \/>\n<meta property=\"og:locale\" content=\"fr_FR\" \/>\n<meta property=\"og:type\" content=\"article\" \/>\n<meta property=\"og:title\" content=\"Cacao c\u00e9r\u00e9monial du Guatemala\" \/>\n<meta property=\"og:description\" content=\"Cacao c\u00e9r\u00e9monial pur issu de la graine originale de Criolla des for\u00eats tropicales amazoniennes, fabriqu\u00e9 \u00e0 la main au Guatemala par des familles indig\u00e8nes\" \/>\n<meta property=\"og:url\" content=\"https:\/\/www.sinchisinchi.com\/fr\/producto\/cacao-ceremonial-du-guatemala-2\/\" \/>\n<meta property=\"og:site_name\" content=\"SINCHI RAP\u00c9\" \/>\n<meta property=\"article:publisher\" content=\"https:\/\/www.facebook.com\/sinchirape\/\" \/>\n<meta property=\"article:modified_time\" content=\"2025-01-31T15:45:10+00:00\" \/>\n<meta property=\"og:image\" content=\"https:\/\/www.sinchisinchi.com\/wp-content\/uploads\/2024\/05\/2-Cacao-Ceremonisal1-1-1024x683-copia.jpg\" \/>\n\t<meta property=\"og:image:width\" content=\"1024\" \/>\n\t<meta property=\"og:image:height\" content=\"683\" \/>\n\t<meta property=\"og:image:type\" content=\"image\/jpeg\" \/>\n<meta name=\"twitter:card\" content=\"summary_large_image\" \/>\n<script type=\"application\/ld+json\" class=\"yoast-schema-graph\">{\"@context\":\"https:\/\/schema.org\",\"@graph\":[{\"@type\":\"WebPage\",\"@id\":\"https:\/\/www.sinchisinchi.com\/fr\/producto\/cacao-ceremonial-du-guatemala-2\/\",\"url\":\"https:\/\/www.sinchisinchi.com\/fr\/producto\/cacao-ceremonial-du-guatemala-2\/\",\"name\":\"Cacao c\u00e9r\u00e9monial du Guatemala\",\"isPartOf\":{\"@id\":\"https:\/\/www.sinchisinchi.com\/fr\/#website\"},\"primaryImageOfPage\":{\"@id\":\"https:\/\/www.sinchisinchi.com\/fr\/producto\/cacao-ceremonial-du-guatemala-2\/#primaryimage\"},\"image\":{\"@id\":\"https:\/\/www.sinchisinchi.com\/fr\/producto\/cacao-ceremonial-du-guatemala-2\/#primaryimage\"},\"thumbnailUrl\":\"https:\/\/www.sinchisinchi.com\/wp-content\/uploads\/2024\/05\/2-Cacao-Ceremonisal1-1-1024x683-copia.jpg\",\"datePublished\":\"2024-05-27T13:09:27+00:00\",\"dateModified\":\"2025-01-31T15:45:10+00:00\",\"description\":\"Cacao c\u00e9r\u00e9monial pur issu de la graine originale de Criolla des for\u00eats tropicales amazoniennes, fabriqu\u00e9 \u00e0 la main au Guatemala par des familles indig\u00e8nes\",\"breadcrumb\":{\"@id\":\"https:\/\/www.sinchisinchi.com\/fr\/producto\/cacao-ceremonial-du-guatemala-2\/#breadcrumb\"},\"inLanguage\":\"fr-FR\",\"potentialAction\":[{\"@type\":\"ReadAction\",\"target\":[\"https:\/\/www.sinchisinchi.com\/fr\/producto\/cacao-ceremonial-du-guatemala-2\/\"]}]},{\"@type\":\"ImageObject\",\"inLanguage\":\"fr-FR\",\"@id\":\"https:\/\/www.sinchisinchi.com\/fr\/producto\/cacao-ceremonial-du-guatemala-2\/#primaryimage\",\"url\":\"https:\/\/www.sinchisinchi.com\/wp-content\/uploads\/2024\/05\/2-Cacao-Ceremonisal1-1-1024x683-copia.jpg\",\"contentUrl\":\"https:\/\/www.sinchisinchi.com\/wp-content\/uploads\/2024\/05\/2-Cacao-Ceremonisal1-1-1024x683-copia.jpg\",\"width\":1024,\"height\":683},{\"@type\":\"BreadcrumbList\",\"@id\":\"https:\/\/www.sinchisinchi.com\/fr\/producto\/cacao-ceremonial-du-guatemala-2\/#breadcrumb\",\"itemListElement\":[{\"@type\":\"ListItem\",\"position\":1,\"name\":\"Prima pagina\",\"item\":\"https:\/\/www.sinchisinchi.com\/fr\/\"},{\"@type\":\"ListItem\",\"position\":2,\"name\":\"Produits\",\"item\":\"https:\/\/www.sinchisinchi.com\/fr\/shop\/\"},{\"@type\":\"ListItem\",\"position\":3,\"name\":\"Cacao c\u00e9r\u00e9monial du Guatemala\"}]},{\"@type\":\"WebSite\",\"@id\":\"https:\/\/www.sinchisinchi.com\/fr\/#website\",\"url\":\"https:\/\/www.sinchisinchi.com\/fr\/\",\"name\":\"SINCHI\",\"description\":\"Sinchi Medicine\",\"publisher\":{\"@id\":\"https:\/\/www.sinchisinchi.com\/fr\/#organization\"},\"potentialAction\":[{\"@type\":\"SearchAction\",\"target\":{\"@type\":\"EntryPoint\",\"urlTemplate\":\"https:\/\/www.sinchisinchi.com\/fr\/?s={search_term_string}\"},\"query-input\":{\"@type\":\"PropertyValueSpecification\",\"valueRequired\":true,\"valueName\":\"search_term_string\"}}],\"inLanguage\":\"fr-FR\"},{\"@type\":\"Organization\",\"@id\":\"https:\/\/www.sinchisinchi.com\/fr\/#organization\",\"name\":\"SINCHI S.L\",\"url\":\"https:\/\/www.sinchisinchi.com\/fr\/\",\"logo\":{\"@type\":\"ImageObject\",\"inLanguage\":\"fr-FR\",\"@id\":\"https:\/\/www.sinchisinchi.com\/fr\/#\/schema\/logo\/image\/\",\"url\":\"https:\/\/www.sinchisinchi.com\/wp-content\/uploads\/2026\/01\/3b-Verde-SIMPLIFICADO-HORIZONTAL-F-TRANSPARENTE-scaled.png\",\"contentUrl\":\"https:\/\/www.sinchisinchi.com\/wp-content\/uploads\/2026\/01\/3b-Verde-SIMPLIFICADO-HORIZONTAL-F-TRANSPARENTE-scaled.png\",\"width\":2560,\"height\":457,\"caption\":\"SINCHI S.L\"},\"image\":{\"@id\":\"https:\/\/www.sinchisinchi.com\/fr\/#\/schema\/logo\/image\/\"},\"sameAs\":[\"https:\/\/www.facebook.com\/sinchirape\/\",\"https:\/\/www.instagram.com\/sinchi_rape\/\"]}]}<\/script>\n<!-- \/ Yoast SEO plugin. -->","yoast_head_json":{"title":"Cacao c\u00e9r\u00e9monial du Guatemala","description":"Cacao c\u00e9r\u00e9monial pur issu de la graine originale de Criolla des for\u00eats tropicales amazoniennes, fabriqu\u00e9 \u00e0 la main au Guatemala par des familles indig\u00e8nes","robots":{"index":"index","follow":"follow","max-snippet":"max-snippet:-1","max-image-preview":"max-image-preview:large","max-video-preview":"max-video-preview:-1"},"canonical":"https:\/\/www.sinchisinchi.com\/fr\/producto\/cacao-ceremonial-du-guatemala-2\/","og_locale":"fr_FR","og_type":"article","og_title":"Cacao c\u00e9r\u00e9monial du Guatemala","og_description":"Cacao c\u00e9r\u00e9monial pur issu de la graine originale de Criolla des for\u00eats tropicales amazoniennes, fabriqu\u00e9 \u00e0 la main au Guatemala par des familles indig\u00e8nes","og_url":"https:\/\/www.sinchisinchi.com\/fr\/producto\/cacao-ceremonial-du-guatemala-2\/","og_site_name":"SINCHI RAP\u00c9","article_publisher":"https:\/\/www.facebook.com\/sinchirape\/","article_modified_time":"2025-01-31T15:45:10+00:00","og_image":[{"width":1024,"height":683,"url":"https:\/\/www.sinchisinchi.com\/wp-content\/uploads\/2024\/05\/2-Cacao-Ceremonisal1-1-1024x683-copia.jpg","type":"image\/jpeg"}],"twitter_card":"summary_large_image","schema":{"@context":"https:\/\/schema.org","@graph":[{"@type":"WebPage","@id":"https:\/\/www.sinchisinchi.com\/fr\/producto\/cacao-ceremonial-du-guatemala-2\/","url":"https:\/\/www.sinchisinchi.com\/fr\/producto\/cacao-ceremonial-du-guatemala-2\/","name":"Cacao c\u00e9r\u00e9monial du Guatemala","isPartOf":{"@id":"https:\/\/www.sinchisinchi.com\/fr\/#website"},"primaryImageOfPage":{"@id":"https:\/\/www.sinchisinchi.com\/fr\/producto\/cacao-ceremonial-du-guatemala-2\/#primaryimage"},"image":{"@id":"https:\/\/www.sinchisinchi.com\/fr\/producto\/cacao-ceremonial-du-guatemala-2\/#primaryimage"},"thumbnailUrl":"https:\/\/www.sinchisinchi.com\/wp-content\/uploads\/2024\/05\/2-Cacao-Ceremonisal1-1-1024x683-copia.jpg","datePublished":"2024-05-27T13:09:27+00:00","dateModified":"2025-01-31T15:45:10+00:00","description":"Cacao c\u00e9r\u00e9monial pur issu de la graine originale de Criolla des for\u00eats tropicales amazoniennes, fabriqu\u00e9 \u00e0 la main au Guatemala par des familles indig\u00e8nes","breadcrumb":{"@id":"https:\/\/www.sinchisinchi.com\/fr\/producto\/cacao-ceremonial-du-guatemala-2\/#breadcrumb"},"inLanguage":"fr-FR","potentialAction":[{"@type":"ReadAction","target":["https:\/\/www.sinchisinchi.com\/fr\/producto\/cacao-ceremonial-du-guatemala-2\/"]}]},{"@type":"ImageObject","inLanguage":"fr-FR","@id":"https:\/\/www.sinchisinchi.com\/fr\/producto\/cacao-ceremonial-du-guatemala-2\/#primaryimage","url":"https:\/\/www.sinchisinchi.com\/wp-content\/uploads\/2024\/05\/2-Cacao-Ceremonisal1-1-1024x683-copia.jpg","contentUrl":"https:\/\/www.sinchisinchi.com\/wp-content\/uploads\/2024\/05\/2-Cacao-Ceremonisal1-1-1024x683-copia.jpg","width":1024,"height":683},{"@type":"BreadcrumbList","@id":"https:\/\/www.sinchisinchi.com\/fr\/producto\/cacao-ceremonial-du-guatemala-2\/#breadcrumb","itemListElement":[{"@type":"ListItem","position":1,"name":"Prima pagina","item":"https:\/\/www.sinchisinchi.com\/fr\/"},{"@type":"ListItem","position":2,"name":"Produits","item":"https:\/\/www.sinchisinchi.com\/fr\/shop\/"},{"@type":"ListItem","position":3,"name":"Cacao c\u00e9r\u00e9monial du Guatemala"}]},{"@type":"WebSite","@id":"https:\/\/www.sinchisinchi.com\/fr\/#website","url":"https:\/\/www.sinchisinchi.com\/fr\/","name":"SINCHI","description":"Sinchi Medicine","publisher":{"@id":"https:\/\/www.sinchisinchi.com\/fr\/#organization"},"potentialAction":[{"@type":"SearchAction","target":{"@type":"EntryPoint","urlTemplate":"https:\/\/www.sinchisinchi.com\/fr\/?s={search_term_string}"},"query-input":{"@type":"PropertyValueSpecification","valueRequired":true,"valueName":"search_term_string"}}],"inLanguage":"fr-FR"},{"@type":"Organization","@id":"https:\/\/www.sinchisinchi.com\/fr\/#organization","name":"SINCHI S.L","url":"https:\/\/www.sinchisinchi.com\/fr\/","logo":{"@type":"ImageObject","inLanguage":"fr-FR","@id":"https:\/\/www.sinchisinchi.com\/fr\/#\/schema\/logo\/image\/","url":"https:\/\/www.sinchisinchi.com\/wp-content\/uploads\/2026\/01\/3b-Verde-SIMPLIFICADO-HORIZONTAL-F-TRANSPARENTE-scaled.png","contentUrl":"https:\/\/www.sinchisinchi.com\/wp-content\/uploads\/2026\/01\/3b-Verde-SIMPLIFICADO-HORIZONTAL-F-TRANSPARENTE-scaled.png","width":2560,"height":457,"caption":"SINCHI S.L"},"image":{"@id":"https:\/\/www.sinchisinchi.com\/fr\/#\/schema\/logo\/image\/"},"sameAs":["https:\/\/www.facebook.com\/sinchirape\/","https:\/\/www.instagram.com\/sinchi_rape\/"]}]}},"_links":{"self":[{"href":"https:\/\/www.sinchisinchi.com\/fr\/wp-json\/wp\/v2\/product\/25373","targetHints":{"allow":["GET"]}}],"collection":[{"href":"https:\/\/www.sinchisinchi.com\/fr\/wp-json\/wp\/v2\/product"}],"about":[{"href":"https:\/\/www.sinchisinchi.com\/fr\/wp-json\/wp\/v2\/types\/product"}],"wp:featuredmedia":[{"embeddable":true,"href":"https:\/\/www.sinchisinchi.com\/fr\/wp-json\/wp\/v2\/media\/25374"}],"wp:attachment":[{"href":"https:\/\/www.sinchisinchi.com\/fr\/wp-json\/wp\/v2\/media?parent=25373"}],"wp:term":[{"taxonomy":"product_brand","embeddable":true,"href":"https:\/\/www.sinchisinchi.com\/fr\/wp-json\/wp\/v2\/product_brand?post=25373"},{"taxonomy":"product_cat","embeddable":true,"href":"https:\/\/www.sinchisinchi.com\/fr\/wp-json\/wp\/v2\/product_cat?post=25373"},{"taxonomy":"product_tag","embeddable":true,"href":"https:\/\/www.sinchisinchi.com\/fr\/wp-json\/wp\/v2\/product_tag?post=25373"}],"curies":[{"name":"wp","href":"https:\/\/api.w.org\/{rel}","templated":true}]}}