{"id":25381,"date":"2024-05-27T12:47:53","date_gmt":"2024-05-27T12:47:53","guid":{"rendered":"https:\/\/www.sinchisinchi.com\/producto\/cacao-mayas-champignons\/"},"modified":"2025-01-31T16:10:51","modified_gmt":"2025-01-31T16:10:51","slug":"cacao-mayas-champignons","status":"publish","type":"product","link":"https:\/\/www.sinchisinchi.com\/fr\/producto\/cacao-mayas-champignons\/","title":{"rendered":"Cacao mayas Champignons"},"content":{"rendered":"","protected":false},"excerpt":{"rendered":"<p>Cacao de qualit\u00e9 c\u00e9r\u00e9monielle provenant d&rsquo;anciennes terres mayas, avec du Chaga et un m\u00e9lange d&rsquo;\u00e9pices mayas traditionnelles : poivre de Cayenne, cannelle de C\u00e9liane et vanille.<\/p>\n<p>Chaga (Inonotuus Obliquus) : \u00c9galement connu sous le nom de \u00ab Roi des champignons m\u00e9dicinaux \u00bb, c&rsquo;est un champignon non psych\u00e9d\u00e9lique dot\u00e9 de puissantes propri\u00e9t\u00e9s b\u00e9n\u00e9fiques pour le syst\u00e8me immunitaire. Il est originaire de l&rsquo;h\u00e9misph\u00e8re nord, o\u00f9 les tribus et les chamans sib\u00e9riens l&rsquo;utilisent depuis des milliers d&rsquo;ann\u00e9es. Contient des b\u00eata-glucanes, qui aident \u00e0 r\u00e9guler le syst\u00e8me immunitaire. La superoxyde dismutase et la m\u00e9lanine sont d\u2019autres antioxydants b\u00e9n\u00e9fiques pr\u00e9sents dans le champignon Chaga.<\/p>\n<p>Poivre de Cayenne : Am\u00e9liore les propri\u00e9t\u00e9s du cacao, augmente la circulation sanguine et la production naturelle de chaleur.<\/p>\n<p>Cannelle de Ceylan : traditionnellement utilis\u00e9e pour augmenter la circulation. Il est riche en antioxydants et en cinnamald\u00e9hyde, avec de puissantes propri\u00e9t\u00e9s antifongiques et antibact\u00e9riennes.<\/p>\n<p>Vanille : Les Azt\u00e8ques et les Mayas utilisaient la vanille pour am\u00e9liorer les propri\u00e9t\u00e9s du cacao et comme aphrodisiaque.<\/p>\n<p><strong>Type :<\/strong> Cacao de qualit\u00e9 c\u00e9r\u00e9monielle.<\/p>\n<p><strong>Ingr\u00e9dients :<\/strong> Cacao de qualit\u00e9 c\u00e9r\u00e9monielle, Chaga (Inonotuus Obliquus), Poivre de Cayenne, Cannelle de C\u00e9liane et Vanille.<\/p>\n<p><strong>Origine :<\/strong> tribus mayas indig\u00e8nes du sud du Belize<\/p>\n<p><strong>Pr\u00e9sentation :<\/strong> Bloc de cacao.<\/p>\n<p><strong>Taille :<\/strong> 500 grammes.<\/p>\n<p><strong>Conservation :<\/strong> Conserver dans un endroit frais et sec, \u00e0 l\u2019abri de la lumi\u00e8re directe du soleil.<\/p>\n","protected":false},"featured_media":25383,"template":"","meta":{"_joinchat":[]},"product_brand":[],"product_cat":[672,673],"product_tag":[],"class_list":{"0":"post-25381","1":"product","2":"type-product","3":"status-publish","4":"has-post-thumbnail","6":"product_cat-cacao-fr","7":"product_cat-ceremonial-fr","9":"first","10":"instock","11":"taxable","12":"shipping-taxable","13":"purchasable","14":"product-type-simple"},"yoast_head":"<!-- This site is optimized with the Yoast SEO plugin v27.1.1 - https:\/\/yoast.com\/product\/yoast-seo-wordpress\/ -->\n<title>Cacao Maya Immunitaire : Chaga, Poivre, Cannelle, Vanille<\/title>\n<meta name=\"description\" content=\"Cacao c\u00e9r\u00e9moniel des terres mayas, avec du Chaga et un m\u00e9lange d&#039;\u00e9pices traditionnelles mayas : poivre de Cayenne, cannelle de C\u00e9liana et vanille.\" \/>\n<meta name=\"robots\" content=\"index, follow, max-snippet:-1, max-image-preview:large, max-video-preview:-1\" \/>\n<link rel=\"canonical\" href=\"https:\/\/www.sinchisinchi.com\/fr\/producto\/cacao-mayas-champignons\/\" \/>\n<meta property=\"og:locale\" content=\"fr_FR\" \/>\n<meta property=\"og:type\" content=\"article\" \/>\n<meta property=\"og:title\" content=\"Cacao Maya Immunitaire : Chaga, Poivre, Cannelle, Vanille\" \/>\n<meta property=\"og:description\" content=\"Cacao c\u00e9r\u00e9moniel des terres mayas, avec du Chaga et un m\u00e9lange d&#039;\u00e9pices traditionnelles mayas : poivre de Cayenne, cannelle de C\u00e9liana et vanille.\" \/>\n<meta property=\"og:url\" content=\"https:\/\/www.sinchisinchi.com\/fr\/producto\/cacao-mayas-champignons\/\" \/>\n<meta property=\"og:site_name\" content=\"SINCHI RAP\u00c9\" \/>\n<meta property=\"article:publisher\" content=\"https:\/\/www.facebook.com\/sinchirape\/\" \/>\n<meta property=\"article:modified_time\" content=\"2025-01-31T16:10:51+00:00\" \/>\n<meta property=\"og:image\" content=\"https:\/\/www.sinchisinchi.com\/wp-content\/uploads\/2024\/05\/Cacao-ceremonial-taza1-1.jpeg\" \/>\n\t<meta property=\"og:image:width\" content=\"1024\" \/>\n\t<meta property=\"og:image:height\" content=\"683\" \/>\n\t<meta property=\"og:image:type\" content=\"image\/jpeg\" \/>\n<meta name=\"twitter:card\" content=\"summary_large_image\" \/>\n<script type=\"application\/ld+json\" class=\"yoast-schema-graph\">{\"@context\":\"https:\/\/schema.org\",\"@graph\":[{\"@type\":\"WebPage\",\"@id\":\"https:\/\/www.sinchisinchi.com\/fr\/producto\/cacao-mayas-champignons\/\",\"url\":\"https:\/\/www.sinchisinchi.com\/fr\/producto\/cacao-mayas-champignons\/\",\"name\":\"Cacao Maya Immunitaire : Chaga, Poivre, Cannelle, Vanille\",\"isPartOf\":{\"@id\":\"https:\/\/www.sinchisinchi.com\/fr\/#website\"},\"primaryImageOfPage\":{\"@id\":\"https:\/\/www.sinchisinchi.com\/fr\/producto\/cacao-mayas-champignons\/#primaryimage\"},\"image\":{\"@id\":\"https:\/\/www.sinchisinchi.com\/fr\/producto\/cacao-mayas-champignons\/#primaryimage\"},\"thumbnailUrl\":\"https:\/\/www.sinchisinchi.com\/wp-content\/uploads\/2024\/05\/Cacao-ceremonial-taza1-1.jpeg\",\"datePublished\":\"2024-05-27T12:47:53+00:00\",\"dateModified\":\"2025-01-31T16:10:51+00:00\",\"description\":\"Cacao c\u00e9r\u00e9moniel des terres mayas, avec du Chaga et un m\u00e9lange d'\u00e9pices traditionnelles mayas : poivre de Cayenne, cannelle de C\u00e9liana et vanille.\",\"breadcrumb\":{\"@id\":\"https:\/\/www.sinchisinchi.com\/fr\/producto\/cacao-mayas-champignons\/#breadcrumb\"},\"inLanguage\":\"fr-FR\",\"potentialAction\":[{\"@type\":\"ReadAction\",\"target\":[\"https:\/\/www.sinchisinchi.com\/fr\/producto\/cacao-mayas-champignons\/\"]}]},{\"@type\":\"ImageObject\",\"inLanguage\":\"fr-FR\",\"@id\":\"https:\/\/www.sinchisinchi.com\/fr\/producto\/cacao-mayas-champignons\/#primaryimage\",\"url\":\"https:\/\/www.sinchisinchi.com\/wp-content\/uploads\/2024\/05\/Cacao-ceremonial-taza1-1.jpeg\",\"contentUrl\":\"https:\/\/www.sinchisinchi.com\/wp-content\/uploads\/2024\/05\/Cacao-ceremonial-taza1-1.jpeg\",\"width\":1024,\"height\":683},{\"@type\":\"BreadcrumbList\",\"@id\":\"https:\/\/www.sinchisinchi.com\/fr\/producto\/cacao-mayas-champignons\/#breadcrumb\",\"itemListElement\":[{\"@type\":\"ListItem\",\"position\":1,\"name\":\"Prima pagina\",\"item\":\"https:\/\/www.sinchisinchi.com\/fr\/\"},{\"@type\":\"ListItem\",\"position\":2,\"name\":\"Produits\",\"item\":\"https:\/\/www.sinchisinchi.com\/fr\/shop\/\"},{\"@type\":\"ListItem\",\"position\":3,\"name\":\"Cacao mayas Champignons\"}]},{\"@type\":\"WebSite\",\"@id\":\"https:\/\/www.sinchisinchi.com\/fr\/#website\",\"url\":\"https:\/\/www.sinchisinchi.com\/fr\/\",\"name\":\"SINCHI\",\"description\":\"Sinchi Medicine\",\"publisher\":{\"@id\":\"https:\/\/www.sinchisinchi.com\/fr\/#organization\"},\"potentialAction\":[{\"@type\":\"SearchAction\",\"target\":{\"@type\":\"EntryPoint\",\"urlTemplate\":\"https:\/\/www.sinchisinchi.com\/fr\/?s={search_term_string}\"},\"query-input\":{\"@type\":\"PropertyValueSpecification\",\"valueRequired\":true,\"valueName\":\"search_term_string\"}}],\"inLanguage\":\"fr-FR\"},{\"@type\":\"Organization\",\"@id\":\"https:\/\/www.sinchisinchi.com\/fr\/#organization\",\"name\":\"SINCHI S.L\",\"url\":\"https:\/\/www.sinchisinchi.com\/fr\/\",\"logo\":{\"@type\":\"ImageObject\",\"inLanguage\":\"fr-FR\",\"@id\":\"https:\/\/www.sinchisinchi.com\/fr\/#\/schema\/logo\/image\/\",\"url\":\"https:\/\/www.sinchisinchi.com\/wp-content\/uploads\/2026\/01\/3b-Verde-SIMPLIFICADO-HORIZONTAL-F-TRANSPARENTE-scaled.png\",\"contentUrl\":\"https:\/\/www.sinchisinchi.com\/wp-content\/uploads\/2026\/01\/3b-Verde-SIMPLIFICADO-HORIZONTAL-F-TRANSPARENTE-scaled.png\",\"width\":2560,\"height\":457,\"caption\":\"SINCHI S.L\"},\"image\":{\"@id\":\"https:\/\/www.sinchisinchi.com\/fr\/#\/schema\/logo\/image\/\"},\"sameAs\":[\"https:\/\/www.facebook.com\/sinchirape\/\",\"https:\/\/www.instagram.com\/sinchi_rape\/\"]}]}<\/script>\n<!-- \/ Yoast SEO plugin. -->","yoast_head_json":{"title":"Cacao Maya Immunitaire : Chaga, Poivre, Cannelle, Vanille","description":"Cacao c\u00e9r\u00e9moniel des terres mayas, avec du Chaga et un m\u00e9lange d'\u00e9pices traditionnelles mayas : poivre de Cayenne, cannelle de C\u00e9liana et vanille.","robots":{"index":"index","follow":"follow","max-snippet":"max-snippet:-1","max-image-preview":"max-image-preview:large","max-video-preview":"max-video-preview:-1"},"canonical":"https:\/\/www.sinchisinchi.com\/fr\/producto\/cacao-mayas-champignons\/","og_locale":"fr_FR","og_type":"article","og_title":"Cacao Maya Immunitaire : Chaga, Poivre, Cannelle, Vanille","og_description":"Cacao c\u00e9r\u00e9moniel des terres mayas, avec du Chaga et un m\u00e9lange d'\u00e9pices traditionnelles mayas : poivre de Cayenne, cannelle de C\u00e9liana et vanille.","og_url":"https:\/\/www.sinchisinchi.com\/fr\/producto\/cacao-mayas-champignons\/","og_site_name":"SINCHI RAP\u00c9","article_publisher":"https:\/\/www.facebook.com\/sinchirape\/","article_modified_time":"2025-01-31T16:10:51+00:00","og_image":[{"width":1024,"height":683,"url":"https:\/\/www.sinchisinchi.com\/wp-content\/uploads\/2024\/05\/Cacao-ceremonial-taza1-1.jpeg","type":"image\/jpeg"}],"twitter_card":"summary_large_image","schema":{"@context":"https:\/\/schema.org","@graph":[{"@type":"WebPage","@id":"https:\/\/www.sinchisinchi.com\/fr\/producto\/cacao-mayas-champignons\/","url":"https:\/\/www.sinchisinchi.com\/fr\/producto\/cacao-mayas-champignons\/","name":"Cacao Maya Immunitaire : Chaga, Poivre, Cannelle, Vanille","isPartOf":{"@id":"https:\/\/www.sinchisinchi.com\/fr\/#website"},"primaryImageOfPage":{"@id":"https:\/\/www.sinchisinchi.com\/fr\/producto\/cacao-mayas-champignons\/#primaryimage"},"image":{"@id":"https:\/\/www.sinchisinchi.com\/fr\/producto\/cacao-mayas-champignons\/#primaryimage"},"thumbnailUrl":"https:\/\/www.sinchisinchi.com\/wp-content\/uploads\/2024\/05\/Cacao-ceremonial-taza1-1.jpeg","datePublished":"2024-05-27T12:47:53+00:00","dateModified":"2025-01-31T16:10:51+00:00","description":"Cacao c\u00e9r\u00e9moniel des terres mayas, avec du Chaga et un m\u00e9lange d'\u00e9pices traditionnelles mayas : poivre de Cayenne, cannelle de C\u00e9liana et vanille.","breadcrumb":{"@id":"https:\/\/www.sinchisinchi.com\/fr\/producto\/cacao-mayas-champignons\/#breadcrumb"},"inLanguage":"fr-FR","potentialAction":[{"@type":"ReadAction","target":["https:\/\/www.sinchisinchi.com\/fr\/producto\/cacao-mayas-champignons\/"]}]},{"@type":"ImageObject","inLanguage":"fr-FR","@id":"https:\/\/www.sinchisinchi.com\/fr\/producto\/cacao-mayas-champignons\/#primaryimage","url":"https:\/\/www.sinchisinchi.com\/wp-content\/uploads\/2024\/05\/Cacao-ceremonial-taza1-1.jpeg","contentUrl":"https:\/\/www.sinchisinchi.com\/wp-content\/uploads\/2024\/05\/Cacao-ceremonial-taza1-1.jpeg","width":1024,"height":683},{"@type":"BreadcrumbList","@id":"https:\/\/www.sinchisinchi.com\/fr\/producto\/cacao-mayas-champignons\/#breadcrumb","itemListElement":[{"@type":"ListItem","position":1,"name":"Prima pagina","item":"https:\/\/www.sinchisinchi.com\/fr\/"},{"@type":"ListItem","position":2,"name":"Produits","item":"https:\/\/www.sinchisinchi.com\/fr\/shop\/"},{"@type":"ListItem","position":3,"name":"Cacao mayas Champignons"}]},{"@type":"WebSite","@id":"https:\/\/www.sinchisinchi.com\/fr\/#website","url":"https:\/\/www.sinchisinchi.com\/fr\/","name":"SINCHI","description":"Sinchi Medicine","publisher":{"@id":"https:\/\/www.sinchisinchi.com\/fr\/#organization"},"potentialAction":[{"@type":"SearchAction","target":{"@type":"EntryPoint","urlTemplate":"https:\/\/www.sinchisinchi.com\/fr\/?s={search_term_string}"},"query-input":{"@type":"PropertyValueSpecification","valueRequired":true,"valueName":"search_term_string"}}],"inLanguage":"fr-FR"},{"@type":"Organization","@id":"https:\/\/www.sinchisinchi.com\/fr\/#organization","name":"SINCHI S.L","url":"https:\/\/www.sinchisinchi.com\/fr\/","logo":{"@type":"ImageObject","inLanguage":"fr-FR","@id":"https:\/\/www.sinchisinchi.com\/fr\/#\/schema\/logo\/image\/","url":"https:\/\/www.sinchisinchi.com\/wp-content\/uploads\/2026\/01\/3b-Verde-SIMPLIFICADO-HORIZONTAL-F-TRANSPARENTE-scaled.png","contentUrl":"https:\/\/www.sinchisinchi.com\/wp-content\/uploads\/2026\/01\/3b-Verde-SIMPLIFICADO-HORIZONTAL-F-TRANSPARENTE-scaled.png","width":2560,"height":457,"caption":"SINCHI S.L"},"image":{"@id":"https:\/\/www.sinchisinchi.com\/fr\/#\/schema\/logo\/image\/"},"sameAs":["https:\/\/www.facebook.com\/sinchirape\/","https:\/\/www.instagram.com\/sinchi_rape\/"]}]}},"_links":{"self":[{"href":"https:\/\/www.sinchisinchi.com\/fr\/wp-json\/wp\/v2\/product\/25381","targetHints":{"allow":["GET"]}}],"collection":[{"href":"https:\/\/www.sinchisinchi.com\/fr\/wp-json\/wp\/v2\/product"}],"about":[{"href":"https:\/\/www.sinchisinchi.com\/fr\/wp-json\/wp\/v2\/types\/product"}],"wp:featuredmedia":[{"embeddable":true,"href":"https:\/\/www.sinchisinchi.com\/fr\/wp-json\/wp\/v2\/media\/25383"}],"wp:attachment":[{"href":"https:\/\/www.sinchisinchi.com\/fr\/wp-json\/wp\/v2\/media?parent=25381"}],"wp:term":[{"taxonomy":"product_brand","embeddable":true,"href":"https:\/\/www.sinchisinchi.com\/fr\/wp-json\/wp\/v2\/product_brand?post=25381"},{"taxonomy":"product_cat","embeddable":true,"href":"https:\/\/www.sinchisinchi.com\/fr\/wp-json\/wp\/v2\/product_cat?post=25381"},{"taxonomy":"product_tag","embeddable":true,"href":"https:\/\/www.sinchisinchi.com\/fr\/wp-json\/wp\/v2\/product_tag?post=25381"}],"curies":[{"name":"wp","href":"https:\/\/api.w.org\/{rel}","templated":true}]}}