{"id":25387,"date":"2024-05-27T12:32:29","date_gmt":"2024-05-27T12:32:29","guid":{"rendered":"https:\/\/www.sinchisinchi.com\/producto\/cacao-ceremoniel-recette-de-puissance\/"},"modified":"2025-01-31T16:32:28","modified_gmt":"2025-01-31T16:32:28","slug":"cacao-ceremoniel-recette-de-puissance","status":"publish","type":"product","link":"https:\/\/www.sinchisinchi.com\/fr\/producto\/cacao-ceremoniel-recette-de-puissance\/","title":{"rendered":"Cacao c\u00e9r\u00e9moniel Recette de puissance"},"content":{"rendered":"","protected":false},"excerpt":{"rendered":"<p>Cacao de qualit\u00e9 c\u00e9r\u00e9monielle provenant d&rsquo;anciennes terres mayas, avec crini\u00e8re de lion et \u00e9pices mayas traditionnelles (Hericium Erinaceus, cardamome, cannelle et vanille).<\/p>\n<p><strong>Crini\u00e8re de lion (Hericium Erinaceus) :<\/strong> C&rsquo;est un champignon m\u00e9dicinal non psych\u00e9d\u00e9lique, avec de puissantes propri\u00e9t\u00e9s qui am\u00e9liorent la clart\u00e9 mentale et la concentration. Les moines bouddhistes utilisaient les champignons crini\u00e8re de lion pour am\u00e9liorer leurs capacit\u00e9s mentales et augmenter leur concentration pendant la m\u00e9ditation. On l\u2019appelle aussi \u00ab champignon t\u00eate de singe \u00bb.<\/p>\n<p><strong>Cardamome :<\/strong> Connue comme la \u00ab reine des \u00e9pices \u00bb, elle est traditionnellement utilis\u00e9e pour renforcer les propri\u00e9t\u00e9s du cacao, clarifier l\u2019esprit, augmenter la circulation sanguine et stimuler la production naturelle de chaleur. La cardamome contenue dans ce cacao est produite par des agriculteurs mayas Q&rsquo;eqchi de la r\u00e9gion d&rsquo;Alta Vera Paz au Guatemala.<\/p>\n<p><strong>Cannelle de Ceylan :<\/strong> Traditionnellement utilis\u00e9e pour augmenter la circulation, elle est riche en antioxydants et en cinnamald\u00e9hyde, qui ont de puissantes propri\u00e9t\u00e9s antifongiques et antibact\u00e9riennes.<\/p>\n<p><strong>Vanille :<\/strong> Les Azt\u00e8ques et les Mayas utilisaient la vanille pour am\u00e9liorer les propri\u00e9t\u00e9s du cacao et comme aphrodisiaque.<\/p>\n<p><strong>Type :<\/strong> Cacao de qualit\u00e9 c\u00e9r\u00e9monielle.<\/p>\n<p><strong>Ingr\u00e9dients :<\/strong> Cacao de qualit\u00e9 c\u00e9r\u00e9monielle, Hericium Erinaceus, cardamome, cannelle et vanille. Contient de l&rsquo;extrait de crini\u00e8re de lion 15:1.<\/p>\n<p><strong>Origine :<\/strong> tribus mayas indig\u00e8nes du sud du Belize<\/p>\n<p><strong>Pr\u00e9sentation :<\/strong> Bloc de cacao.<\/p>\n<p><strong>Taille :<\/strong> 500 grammes.<\/p>\n<p><strong>Conservation :<\/strong> Conserver dans un endroit frais et sec, \u00e0 l\u2019abri de la lumi\u00e8re directe du soleil.<\/p>\n","protected":false},"featured_media":25388,"template":"","meta":{"_joinchat":[]},"product_brand":[],"product_cat":[672,673],"product_tag":[],"class_list":{"0":"post-25387","1":"product","2":"type-product","3":"status-publish","4":"has-post-thumbnail","6":"product_cat-cacao-fr","7":"product_cat-ceremonial-fr","9":"first","10":"instock","11":"taxable","12":"shipping-taxable","13":"purchasable","14":"product-type-simple"},"yoast_head":"<!-- This site is optimized with the Yoast SEO plugin v27.1.1 - https:\/\/yoast.com\/product\/yoast-seo-wordpress\/ -->\n<title>Maya Cacao Power : Crini\u00e8re de lion, cardamome, cannelle, vanille<\/title>\n<meta name=\"description\" content=\"Cacao c\u00e9r\u00e9moniel des anciennes terres mayas, avec crini\u00e8re de lion et \u00e9pices mayas traditionnelles (Hericium Erinaceus, cardamome, cannelle et vanille).\" \/>\n<meta name=\"robots\" content=\"index, follow, max-snippet:-1, max-image-preview:large, max-video-preview:-1\" \/>\n<link rel=\"canonical\" href=\"https:\/\/www.sinchisinchi.com\/fr\/producto\/cacao-ceremoniel-recette-de-puissance\/\" \/>\n<meta property=\"og:locale\" content=\"fr_FR\" \/>\n<meta property=\"og:type\" content=\"article\" \/>\n<meta property=\"og:title\" content=\"Maya Cacao Power : Crini\u00e8re de lion, cardamome, cannelle, vanille\" \/>\n<meta property=\"og:description\" content=\"Cacao c\u00e9r\u00e9moniel des anciennes terres mayas, avec crini\u00e8re de lion et \u00e9pices mayas traditionnelles (Hericium Erinaceus, cardamome, cannelle et vanille).\" \/>\n<meta property=\"og:url\" content=\"https:\/\/www.sinchisinchi.com\/fr\/producto\/cacao-ceremoniel-recette-de-puissance\/\" \/>\n<meta property=\"og:site_name\" content=\"SINCHI RAP\u00c9\" \/>\n<meta property=\"article:publisher\" content=\"https:\/\/www.facebook.com\/sinchirape\/\" \/>\n<meta property=\"article:modified_time\" content=\"2025-01-31T16:32:28+00:00\" \/>\n<meta property=\"og:image\" content=\"https:\/\/www.sinchisinchi.com\/wp-content\/uploads\/2024\/05\/2-Cacao-Ceremonial1.webp\" \/>\n\t<meta property=\"og:image:width\" content=\"2048\" \/>\n\t<meta property=\"og:image:height\" content=\"1365\" \/>\n\t<meta property=\"og:image:type\" content=\"image\/webp\" \/>\n<meta name=\"twitter:card\" content=\"summary_large_image\" \/>\n<script type=\"application\/ld+json\" class=\"yoast-schema-graph\">{\"@context\":\"https:\/\/schema.org\",\"@graph\":[{\"@type\":\"WebPage\",\"@id\":\"https:\/\/www.sinchisinchi.com\/fr\/producto\/cacao-ceremoniel-recette-de-puissance\/\",\"url\":\"https:\/\/www.sinchisinchi.com\/fr\/producto\/cacao-ceremoniel-recette-de-puissance\/\",\"name\":\"Maya Cacao Power : Crini\u00e8re de lion, cardamome, cannelle, vanille\",\"isPartOf\":{\"@id\":\"https:\/\/www.sinchisinchi.com\/fr\/#website\"},\"primaryImageOfPage\":{\"@id\":\"https:\/\/www.sinchisinchi.com\/fr\/producto\/cacao-ceremoniel-recette-de-puissance\/#primaryimage\"},\"image\":{\"@id\":\"https:\/\/www.sinchisinchi.com\/fr\/producto\/cacao-ceremoniel-recette-de-puissance\/#primaryimage\"},\"thumbnailUrl\":\"https:\/\/www.sinchisinchi.com\/wp-content\/uploads\/2024\/05\/2-Cacao-Ceremonial1.webp\",\"datePublished\":\"2024-05-27T12:32:29+00:00\",\"dateModified\":\"2025-01-31T16:32:28+00:00\",\"description\":\"Cacao c\u00e9r\u00e9moniel des anciennes terres mayas, avec crini\u00e8re de lion et \u00e9pices mayas traditionnelles (Hericium Erinaceus, cardamome, cannelle et vanille).\",\"breadcrumb\":{\"@id\":\"https:\/\/www.sinchisinchi.com\/fr\/producto\/cacao-ceremoniel-recette-de-puissance\/#breadcrumb\"},\"inLanguage\":\"fr-FR\",\"potentialAction\":[{\"@type\":\"ReadAction\",\"target\":[\"https:\/\/www.sinchisinchi.com\/fr\/producto\/cacao-ceremoniel-recette-de-puissance\/\"]}]},{\"@type\":\"ImageObject\",\"inLanguage\":\"fr-FR\",\"@id\":\"https:\/\/www.sinchisinchi.com\/fr\/producto\/cacao-ceremoniel-recette-de-puissance\/#primaryimage\",\"url\":\"https:\/\/www.sinchisinchi.com\/wp-content\/uploads\/2024\/05\/2-Cacao-Ceremonial1.webp\",\"contentUrl\":\"https:\/\/www.sinchisinchi.com\/wp-content\/uploads\/2024\/05\/2-Cacao-Ceremonial1.webp\",\"width\":2048,\"height\":1365},{\"@type\":\"BreadcrumbList\",\"@id\":\"https:\/\/www.sinchisinchi.com\/fr\/producto\/cacao-ceremoniel-recette-de-puissance\/#breadcrumb\",\"itemListElement\":[{\"@type\":\"ListItem\",\"position\":1,\"name\":\"Prima pagina\",\"item\":\"https:\/\/www.sinchisinchi.com\/fr\/\"},{\"@type\":\"ListItem\",\"position\":2,\"name\":\"Produits\",\"item\":\"https:\/\/www.sinchisinchi.com\/fr\/shop\/\"},{\"@type\":\"ListItem\",\"position\":3,\"name\":\"Cacao c\u00e9r\u00e9moniel Recette de puissance\"}]},{\"@type\":\"WebSite\",\"@id\":\"https:\/\/www.sinchisinchi.com\/fr\/#website\",\"url\":\"https:\/\/www.sinchisinchi.com\/fr\/\",\"name\":\"SINCHI\",\"description\":\"Sinchi Medicine\",\"publisher\":{\"@id\":\"https:\/\/www.sinchisinchi.com\/fr\/#organization\"},\"potentialAction\":[{\"@type\":\"SearchAction\",\"target\":{\"@type\":\"EntryPoint\",\"urlTemplate\":\"https:\/\/www.sinchisinchi.com\/fr\/?s={search_term_string}\"},\"query-input\":{\"@type\":\"PropertyValueSpecification\",\"valueRequired\":true,\"valueName\":\"search_term_string\"}}],\"inLanguage\":\"fr-FR\"},{\"@type\":\"Organization\",\"@id\":\"https:\/\/www.sinchisinchi.com\/fr\/#organization\",\"name\":\"SINCHI S.L\",\"url\":\"https:\/\/www.sinchisinchi.com\/fr\/\",\"logo\":{\"@type\":\"ImageObject\",\"inLanguage\":\"fr-FR\",\"@id\":\"https:\/\/www.sinchisinchi.com\/fr\/#\/schema\/logo\/image\/\",\"url\":\"https:\/\/www.sinchisinchi.com\/wp-content\/uploads\/2026\/01\/3b-Verde-SIMPLIFICADO-HORIZONTAL-F-TRANSPARENTE-scaled.png\",\"contentUrl\":\"https:\/\/www.sinchisinchi.com\/wp-content\/uploads\/2026\/01\/3b-Verde-SIMPLIFICADO-HORIZONTAL-F-TRANSPARENTE-scaled.png\",\"width\":2560,\"height\":457,\"caption\":\"SINCHI S.L\"},\"image\":{\"@id\":\"https:\/\/www.sinchisinchi.com\/fr\/#\/schema\/logo\/image\/\"},\"sameAs\":[\"https:\/\/www.facebook.com\/sinchirape\/\",\"https:\/\/www.instagram.com\/sinchi_rape\/\"]}]}<\/script>\n<!-- \/ Yoast SEO plugin. -->","yoast_head_json":{"title":"Maya Cacao Power : Crini\u00e8re de lion, cardamome, cannelle, vanille","description":"Cacao c\u00e9r\u00e9moniel des anciennes terres mayas, avec crini\u00e8re de lion et \u00e9pices mayas traditionnelles (Hericium Erinaceus, cardamome, cannelle et vanille).","robots":{"index":"index","follow":"follow","max-snippet":"max-snippet:-1","max-image-preview":"max-image-preview:large","max-video-preview":"max-video-preview:-1"},"canonical":"https:\/\/www.sinchisinchi.com\/fr\/producto\/cacao-ceremoniel-recette-de-puissance\/","og_locale":"fr_FR","og_type":"article","og_title":"Maya Cacao Power : Crini\u00e8re de lion, cardamome, cannelle, vanille","og_description":"Cacao c\u00e9r\u00e9moniel des anciennes terres mayas, avec crini\u00e8re de lion et \u00e9pices mayas traditionnelles (Hericium Erinaceus, cardamome, cannelle et vanille).","og_url":"https:\/\/www.sinchisinchi.com\/fr\/producto\/cacao-ceremoniel-recette-de-puissance\/","og_site_name":"SINCHI RAP\u00c9","article_publisher":"https:\/\/www.facebook.com\/sinchirape\/","article_modified_time":"2025-01-31T16:32:28+00:00","og_image":[{"width":2048,"height":1365,"url":"https:\/\/www.sinchisinchi.com\/wp-content\/uploads\/2024\/05\/2-Cacao-Ceremonial1.webp","type":"image\/webp"}],"twitter_card":"summary_large_image","schema":{"@context":"https:\/\/schema.org","@graph":[{"@type":"WebPage","@id":"https:\/\/www.sinchisinchi.com\/fr\/producto\/cacao-ceremoniel-recette-de-puissance\/","url":"https:\/\/www.sinchisinchi.com\/fr\/producto\/cacao-ceremoniel-recette-de-puissance\/","name":"Maya Cacao Power : Crini\u00e8re de lion, cardamome, cannelle, vanille","isPartOf":{"@id":"https:\/\/www.sinchisinchi.com\/fr\/#website"},"primaryImageOfPage":{"@id":"https:\/\/www.sinchisinchi.com\/fr\/producto\/cacao-ceremoniel-recette-de-puissance\/#primaryimage"},"image":{"@id":"https:\/\/www.sinchisinchi.com\/fr\/producto\/cacao-ceremoniel-recette-de-puissance\/#primaryimage"},"thumbnailUrl":"https:\/\/www.sinchisinchi.com\/wp-content\/uploads\/2024\/05\/2-Cacao-Ceremonial1.webp","datePublished":"2024-05-27T12:32:29+00:00","dateModified":"2025-01-31T16:32:28+00:00","description":"Cacao c\u00e9r\u00e9moniel des anciennes terres mayas, avec crini\u00e8re de lion et \u00e9pices mayas traditionnelles (Hericium Erinaceus, cardamome, cannelle et vanille).","breadcrumb":{"@id":"https:\/\/www.sinchisinchi.com\/fr\/producto\/cacao-ceremoniel-recette-de-puissance\/#breadcrumb"},"inLanguage":"fr-FR","potentialAction":[{"@type":"ReadAction","target":["https:\/\/www.sinchisinchi.com\/fr\/producto\/cacao-ceremoniel-recette-de-puissance\/"]}]},{"@type":"ImageObject","inLanguage":"fr-FR","@id":"https:\/\/www.sinchisinchi.com\/fr\/producto\/cacao-ceremoniel-recette-de-puissance\/#primaryimage","url":"https:\/\/www.sinchisinchi.com\/wp-content\/uploads\/2024\/05\/2-Cacao-Ceremonial1.webp","contentUrl":"https:\/\/www.sinchisinchi.com\/wp-content\/uploads\/2024\/05\/2-Cacao-Ceremonial1.webp","width":2048,"height":1365},{"@type":"BreadcrumbList","@id":"https:\/\/www.sinchisinchi.com\/fr\/producto\/cacao-ceremoniel-recette-de-puissance\/#breadcrumb","itemListElement":[{"@type":"ListItem","position":1,"name":"Prima pagina","item":"https:\/\/www.sinchisinchi.com\/fr\/"},{"@type":"ListItem","position":2,"name":"Produits","item":"https:\/\/www.sinchisinchi.com\/fr\/shop\/"},{"@type":"ListItem","position":3,"name":"Cacao c\u00e9r\u00e9moniel Recette de puissance"}]},{"@type":"WebSite","@id":"https:\/\/www.sinchisinchi.com\/fr\/#website","url":"https:\/\/www.sinchisinchi.com\/fr\/","name":"SINCHI","description":"Sinchi Medicine","publisher":{"@id":"https:\/\/www.sinchisinchi.com\/fr\/#organization"},"potentialAction":[{"@type":"SearchAction","target":{"@type":"EntryPoint","urlTemplate":"https:\/\/www.sinchisinchi.com\/fr\/?s={search_term_string}"},"query-input":{"@type":"PropertyValueSpecification","valueRequired":true,"valueName":"search_term_string"}}],"inLanguage":"fr-FR"},{"@type":"Organization","@id":"https:\/\/www.sinchisinchi.com\/fr\/#organization","name":"SINCHI S.L","url":"https:\/\/www.sinchisinchi.com\/fr\/","logo":{"@type":"ImageObject","inLanguage":"fr-FR","@id":"https:\/\/www.sinchisinchi.com\/fr\/#\/schema\/logo\/image\/","url":"https:\/\/www.sinchisinchi.com\/wp-content\/uploads\/2026\/01\/3b-Verde-SIMPLIFICADO-HORIZONTAL-F-TRANSPARENTE-scaled.png","contentUrl":"https:\/\/www.sinchisinchi.com\/wp-content\/uploads\/2026\/01\/3b-Verde-SIMPLIFICADO-HORIZONTAL-F-TRANSPARENTE-scaled.png","width":2560,"height":457,"caption":"SINCHI S.L"},"image":{"@id":"https:\/\/www.sinchisinchi.com\/fr\/#\/schema\/logo\/image\/"},"sameAs":["https:\/\/www.facebook.com\/sinchirape\/","https:\/\/www.instagram.com\/sinchi_rape\/"]}]}},"_links":{"self":[{"href":"https:\/\/www.sinchisinchi.com\/fr\/wp-json\/wp\/v2\/product\/25387","targetHints":{"allow":["GET"]}}],"collection":[{"href":"https:\/\/www.sinchisinchi.com\/fr\/wp-json\/wp\/v2\/product"}],"about":[{"href":"https:\/\/www.sinchisinchi.com\/fr\/wp-json\/wp\/v2\/types\/product"}],"wp:featuredmedia":[{"embeddable":true,"href":"https:\/\/www.sinchisinchi.com\/fr\/wp-json\/wp\/v2\/media\/25388"}],"wp:attachment":[{"href":"https:\/\/www.sinchisinchi.com\/fr\/wp-json\/wp\/v2\/media?parent=25387"}],"wp:term":[{"taxonomy":"product_brand","embeddable":true,"href":"https:\/\/www.sinchisinchi.com\/fr\/wp-json\/wp\/v2\/product_brand?post=25387"},{"taxonomy":"product_cat","embeddable":true,"href":"https:\/\/www.sinchisinchi.com\/fr\/wp-json\/wp\/v2\/product_cat?post=25387"},{"taxonomy":"product_tag","embeddable":true,"href":"https:\/\/www.sinchisinchi.com\/fr\/wp-json\/wp\/v2\/product_tag?post=25387"}],"curies":[{"name":"wp","href":"https:\/\/api.w.org\/{rel}","templated":true}]}}