{"id":25395,"date":"2024-05-27T12:25:28","date_gmt":"2024-05-27T12:25:28","guid":{"rendered":"https:\/\/www.sinchisinchi.com\/producto\/cacao-ceremonie-recette-passion\/"},"modified":"2025-01-31T16:33:34","modified_gmt":"2025-01-31T16:33:34","slug":"cacao-ceremonie-recette-passion","status":"publish","type":"product","link":"https:\/\/www.sinchisinchi.com\/fr\/producto\/cacao-ceremonie-recette-passion\/","title":{"rendered":"Cacao C\u00e9r\u00e9monie \u00ab Recette Passion \u00bb"},"content":{"rendered":"<h2 style=\"text-align: center;\"><strong>Les roses, propri\u00e9t\u00e9s spirituelles :<\/strong><\/h2>\n<p>La culture des roses a commenc\u00e9 en Asie il y a environ 5 000 ans et depuis lors, elles sont un symbole d&rsquo;amour, de romantisme, de puret\u00e9, de d\u00e9votion, de beaut\u00e9 et de spiritualit\u00e9.<\/p>\n<p>Dans le mythe d&rsquo;Adonis (divinit\u00e9 ph\u00e9nicienne de Tyr), le sang vers\u00e9 lorsqu&rsquo;il fut bless\u00e9 par un sanglier fait germer des roses rouges ou les colore en rouge.<\/p>\n<p>La rose est f\u00e9minine, elle est li\u00e9e \u00e0 la plan\u00e8te V\u00e9nus et \u00e0 l&rsquo;\u00e9l\u00e9ment eau.<\/p>\n<p>Les dieux li\u00e9s \u00e0 la rose sont Hathor, Hulda, \u00c9ros, Cupidon, D\u00e9m\u00e9ter, Isis, Harpocrate et Aurore.<\/p>\n<p>Traditionnellement, il est utilis\u00e9 pour ses propri\u00e9t\u00e9s li\u00e9es \u00e0 l&rsquo;Amour, aux pouvoirs psychiques, \u00e0 la gu\u00e9rison, \u00e0 la divination amoureuse, \u00e0 la bonne fortune et \u00e0 la protection.<\/p>\n","protected":false},"excerpt":{"rendered":"<p>Cacao de qualit\u00e9 c\u00e9r\u00e9monielle provenant d&rsquo;anciennes terres mayas, avec Mucuma Puriens, Roses et Vanille.<\/p>\n<p><strong>Mucuna Pruriens<\/strong> est une plante utilis\u00e9e par les tribus indig\u00e8nes depuis des milliers d&rsquo;ann\u00e9es comme stimulant de l&rsquo;humeur et superaliment. La dopamine est un neurotransmetteur li\u00e9 aux sentiments de<strong> joie<\/strong> <strong>et<\/strong> de<strong> bonheur<\/strong> ; Mucuna Pruriens est l\u2019une des seules sources naturelles de <strong>L-Dopa,<\/strong> un acide amin\u00e9 naturel qui se transforme en dopamine dans le cerveau. Ce haricot am\u00e9liore les capacit\u00e9s cognitives, la fonction sexuelle et l\u2019\u00e9tat \u00e9motionnel.<\/p>\n<p>La rose est une fleur pleine de symbolisme et de propri\u00e9t\u00e9s spirituelles : selon la mythologie grecque, sa naissance serait le r\u00e9sultat d&rsquo;une goutte de sang de V\u00e9nus et d&rsquo;une autre d&rsquo;Adonis. De par sa grande beaut\u00e9 et la fragilit\u00e9 de ses p\u00e9tales, elle est un symbole d\u2019amour, de vie, de f\u00e9minit\u00e9, de cr\u00e9ation et de connexion spirituelle.<\/p>\n<p>&nbsp;<\/p>\n<p><strong>Type :<\/strong> Cacao de qualit\u00e9 c\u00e9r\u00e9monielle.<\/p>\n<p><strong>Ingr\u00e9dients :<\/strong> Cacao de qualit\u00e9 c\u00e9r\u00e9monielle, Mucuna Pruriens, Vanille et Roses. Origine : Anciennes terres mayas.<\/p>\n<p><strong>Pr\u00e9sentation :<\/strong> Bloc de cacao.<\/p>\n<p><strong>Taille :<\/strong> 500 grammes.<\/p>\n<p><strong>Conservation :<\/strong> Conserver dans un endroit frais et sec, \u00e0 l\u2019abri de la lumi\u00e8re directe du soleil.<\/p>\n","protected":false},"featured_media":25397,"template":"","meta":{"_joinchat":[]},"product_brand":[],"product_cat":[672,673],"product_tag":[],"class_list":{"0":"post-25395","1":"product","2":"type-product","3":"status-publish","4":"has-post-thumbnail","6":"product_cat-cacao-fr","7":"product_cat-ceremonial-fr","9":"first","10":"instock","11":"taxable","12":"shipping-taxable","13":"purchasable","14":"product-type-simple"},"yoast_head":"<!-- This site is optimized with the Yoast SEO plugin v27.1.1 - https:\/\/yoast.com\/product\/yoast-seo-wordpress\/ -->\n<title>Maya Passion Cacao : Mucuma, Roses et Vanille<\/title>\n<meta name=\"description\" content=\"Cacao c\u00e9r\u00e9moniel maya : Le cacao avait une grande importance dans les civilisations tolt\u00e8que, azt\u00e8que et maya, o\u00f9 il est devenu aussi pr\u00e9cieux que l&#039;or.\" \/>\n<meta name=\"robots\" content=\"index, follow, max-snippet:-1, max-image-preview:large, max-video-preview:-1\" \/>\n<link rel=\"canonical\" href=\"https:\/\/www.sinchisinchi.com\/fr\/producto\/cacao-ceremonie-recette-passion\/\" \/>\n<meta property=\"og:locale\" content=\"fr_FR\" \/>\n<meta property=\"og:type\" content=\"article\" \/>\n<meta property=\"og:title\" content=\"Maya Passion Cacao : Mucuma, Roses et Vanille\" \/>\n<meta property=\"og:description\" content=\"Cacao c\u00e9r\u00e9moniel maya : Le cacao avait une grande importance dans les civilisations tolt\u00e8que, azt\u00e8que et maya, o\u00f9 il est devenu aussi pr\u00e9cieux que l&#039;or.\" \/>\n<meta property=\"og:url\" content=\"https:\/\/www.sinchisinchi.com\/fr\/producto\/cacao-ceremonie-recette-passion\/\" \/>\n<meta property=\"og:site_name\" content=\"SINCHI RAP\u00c9\" \/>\n<meta property=\"article:publisher\" content=\"https:\/\/www.facebook.com\/sinchirape\/\" \/>\n<meta property=\"article:modified_time\" content=\"2025-01-31T16:33:34+00:00\" \/>\n<meta property=\"og:image\" content=\"https:\/\/www.sinchisinchi.com\/wp-content\/uploads\/2024\/05\/2-Cacao-Ceremonial1-1.webp\" \/>\n\t<meta property=\"og:image:width\" content=\"2048\" \/>\n\t<meta property=\"og:image:height\" content=\"1365\" \/>\n\t<meta property=\"og:image:type\" content=\"image\/webp\" \/>\n<meta name=\"twitter:card\" content=\"summary_large_image\" \/>\n<meta name=\"twitter:label1\" content=\"Dur\u00e9e de lecture estim\u00e9e\" \/>\n\t<meta name=\"twitter:data1\" content=\"1 minute\" \/>\n<script type=\"application\/ld+json\" class=\"yoast-schema-graph\">{\"@context\":\"https:\/\/schema.org\",\"@graph\":[{\"@type\":\"WebPage\",\"@id\":\"https:\/\/www.sinchisinchi.com\/fr\/producto\/cacao-ceremonie-recette-passion\/\",\"url\":\"https:\/\/www.sinchisinchi.com\/fr\/producto\/cacao-ceremonie-recette-passion\/\",\"name\":\"Maya Passion Cacao : Mucuma, Roses et Vanille\",\"isPartOf\":{\"@id\":\"https:\/\/www.sinchisinchi.com\/fr\/#website\"},\"primaryImageOfPage\":{\"@id\":\"https:\/\/www.sinchisinchi.com\/fr\/producto\/cacao-ceremonie-recette-passion\/#primaryimage\"},\"image\":{\"@id\":\"https:\/\/www.sinchisinchi.com\/fr\/producto\/cacao-ceremonie-recette-passion\/#primaryimage\"},\"thumbnailUrl\":\"https:\/\/www.sinchisinchi.com\/wp-content\/uploads\/2024\/05\/2-Cacao-Ceremonial1-1.webp\",\"datePublished\":\"2024-05-27T12:25:28+00:00\",\"dateModified\":\"2025-01-31T16:33:34+00:00\",\"description\":\"Cacao c\u00e9r\u00e9moniel maya : Le cacao avait une grande importance dans les civilisations tolt\u00e8que, azt\u00e8que et maya, o\u00f9 il est devenu aussi pr\u00e9cieux que l'or.\",\"breadcrumb\":{\"@id\":\"https:\/\/www.sinchisinchi.com\/fr\/producto\/cacao-ceremonie-recette-passion\/#breadcrumb\"},\"inLanguage\":\"fr-FR\",\"potentialAction\":[{\"@type\":\"ReadAction\",\"target\":[\"https:\/\/www.sinchisinchi.com\/fr\/producto\/cacao-ceremonie-recette-passion\/\"]}]},{\"@type\":\"ImageObject\",\"inLanguage\":\"fr-FR\",\"@id\":\"https:\/\/www.sinchisinchi.com\/fr\/producto\/cacao-ceremonie-recette-passion\/#primaryimage\",\"url\":\"https:\/\/www.sinchisinchi.com\/wp-content\/uploads\/2024\/05\/2-Cacao-Ceremonial1-1.webp\",\"contentUrl\":\"https:\/\/www.sinchisinchi.com\/wp-content\/uploads\/2024\/05\/2-Cacao-Ceremonial1-1.webp\",\"width\":2048,\"height\":1365,\"caption\":\"Image de cacao c\u00e9r\u00e9monielle\"},{\"@type\":\"BreadcrumbList\",\"@id\":\"https:\/\/www.sinchisinchi.com\/fr\/producto\/cacao-ceremonie-recette-passion\/#breadcrumb\",\"itemListElement\":[{\"@type\":\"ListItem\",\"position\":1,\"name\":\"Prima pagina\",\"item\":\"https:\/\/www.sinchisinchi.com\/fr\/\"},{\"@type\":\"ListItem\",\"position\":2,\"name\":\"Produits\",\"item\":\"https:\/\/www.sinchisinchi.com\/fr\/shop\/\"},{\"@type\":\"ListItem\",\"position\":3,\"name\":\"Cacao C\u00e9r\u00e9monie \u00ab Recette Passion \u00bb\"}]},{\"@type\":\"WebSite\",\"@id\":\"https:\/\/www.sinchisinchi.com\/fr\/#website\",\"url\":\"https:\/\/www.sinchisinchi.com\/fr\/\",\"name\":\"SINCHI\",\"description\":\"Sinchi Medicine\",\"publisher\":{\"@id\":\"https:\/\/www.sinchisinchi.com\/fr\/#organization\"},\"potentialAction\":[{\"@type\":\"SearchAction\",\"target\":{\"@type\":\"EntryPoint\",\"urlTemplate\":\"https:\/\/www.sinchisinchi.com\/fr\/?s={search_term_string}\"},\"query-input\":{\"@type\":\"PropertyValueSpecification\",\"valueRequired\":true,\"valueName\":\"search_term_string\"}}],\"inLanguage\":\"fr-FR\"},{\"@type\":\"Organization\",\"@id\":\"https:\/\/www.sinchisinchi.com\/fr\/#organization\",\"name\":\"SINCHI S.L\",\"url\":\"https:\/\/www.sinchisinchi.com\/fr\/\",\"logo\":{\"@type\":\"ImageObject\",\"inLanguage\":\"fr-FR\",\"@id\":\"https:\/\/www.sinchisinchi.com\/fr\/#\/schema\/logo\/image\/\",\"url\":\"https:\/\/www.sinchisinchi.com\/wp-content\/uploads\/2026\/01\/3b-Verde-SIMPLIFICADO-HORIZONTAL-F-TRANSPARENTE-scaled.png\",\"contentUrl\":\"https:\/\/www.sinchisinchi.com\/wp-content\/uploads\/2026\/01\/3b-Verde-SIMPLIFICADO-HORIZONTAL-F-TRANSPARENTE-scaled.png\",\"width\":2560,\"height\":457,\"caption\":\"SINCHI S.L\"},\"image\":{\"@id\":\"https:\/\/www.sinchisinchi.com\/fr\/#\/schema\/logo\/image\/\"},\"sameAs\":[\"https:\/\/www.facebook.com\/sinchirape\/\",\"https:\/\/www.instagram.com\/sinchi_rape\/\"]}]}<\/script>\n<!-- \/ Yoast SEO plugin. -->","yoast_head_json":{"title":"Maya Passion Cacao : Mucuma, Roses et Vanille","description":"Cacao c\u00e9r\u00e9moniel maya : Le cacao avait une grande importance dans les civilisations tolt\u00e8que, azt\u00e8que et maya, o\u00f9 il est devenu aussi pr\u00e9cieux que l'or.","robots":{"index":"index","follow":"follow","max-snippet":"max-snippet:-1","max-image-preview":"max-image-preview:large","max-video-preview":"max-video-preview:-1"},"canonical":"https:\/\/www.sinchisinchi.com\/fr\/producto\/cacao-ceremonie-recette-passion\/","og_locale":"fr_FR","og_type":"article","og_title":"Maya Passion Cacao : Mucuma, Roses et Vanille","og_description":"Cacao c\u00e9r\u00e9moniel maya : Le cacao avait une grande importance dans les civilisations tolt\u00e8que, azt\u00e8que et maya, o\u00f9 il est devenu aussi pr\u00e9cieux que l'or.","og_url":"https:\/\/www.sinchisinchi.com\/fr\/producto\/cacao-ceremonie-recette-passion\/","og_site_name":"SINCHI RAP\u00c9","article_publisher":"https:\/\/www.facebook.com\/sinchirape\/","article_modified_time":"2025-01-31T16:33:34+00:00","og_image":[{"width":2048,"height":1365,"url":"https:\/\/www.sinchisinchi.com\/wp-content\/uploads\/2024\/05\/2-Cacao-Ceremonial1-1.webp","type":"image\/webp"}],"twitter_card":"summary_large_image","twitter_misc":{"Dur\u00e9e de lecture estim\u00e9e":"1 minute"},"schema":{"@context":"https:\/\/schema.org","@graph":[{"@type":"WebPage","@id":"https:\/\/www.sinchisinchi.com\/fr\/producto\/cacao-ceremonie-recette-passion\/","url":"https:\/\/www.sinchisinchi.com\/fr\/producto\/cacao-ceremonie-recette-passion\/","name":"Maya Passion Cacao : Mucuma, Roses et Vanille","isPartOf":{"@id":"https:\/\/www.sinchisinchi.com\/fr\/#website"},"primaryImageOfPage":{"@id":"https:\/\/www.sinchisinchi.com\/fr\/producto\/cacao-ceremonie-recette-passion\/#primaryimage"},"image":{"@id":"https:\/\/www.sinchisinchi.com\/fr\/producto\/cacao-ceremonie-recette-passion\/#primaryimage"},"thumbnailUrl":"https:\/\/www.sinchisinchi.com\/wp-content\/uploads\/2024\/05\/2-Cacao-Ceremonial1-1.webp","datePublished":"2024-05-27T12:25:28+00:00","dateModified":"2025-01-31T16:33:34+00:00","description":"Cacao c\u00e9r\u00e9moniel maya : Le cacao avait une grande importance dans les civilisations tolt\u00e8que, azt\u00e8que et maya, o\u00f9 il est devenu aussi pr\u00e9cieux que l'or.","breadcrumb":{"@id":"https:\/\/www.sinchisinchi.com\/fr\/producto\/cacao-ceremonie-recette-passion\/#breadcrumb"},"inLanguage":"fr-FR","potentialAction":[{"@type":"ReadAction","target":["https:\/\/www.sinchisinchi.com\/fr\/producto\/cacao-ceremonie-recette-passion\/"]}]},{"@type":"ImageObject","inLanguage":"fr-FR","@id":"https:\/\/www.sinchisinchi.com\/fr\/producto\/cacao-ceremonie-recette-passion\/#primaryimage","url":"https:\/\/www.sinchisinchi.com\/wp-content\/uploads\/2024\/05\/2-Cacao-Ceremonial1-1.webp","contentUrl":"https:\/\/www.sinchisinchi.com\/wp-content\/uploads\/2024\/05\/2-Cacao-Ceremonial1-1.webp","width":2048,"height":1365,"caption":"Image de cacao c\u00e9r\u00e9monielle"},{"@type":"BreadcrumbList","@id":"https:\/\/www.sinchisinchi.com\/fr\/producto\/cacao-ceremonie-recette-passion\/#breadcrumb","itemListElement":[{"@type":"ListItem","position":1,"name":"Prima pagina","item":"https:\/\/www.sinchisinchi.com\/fr\/"},{"@type":"ListItem","position":2,"name":"Produits","item":"https:\/\/www.sinchisinchi.com\/fr\/shop\/"},{"@type":"ListItem","position":3,"name":"Cacao C\u00e9r\u00e9monie \u00ab Recette Passion \u00bb"}]},{"@type":"WebSite","@id":"https:\/\/www.sinchisinchi.com\/fr\/#website","url":"https:\/\/www.sinchisinchi.com\/fr\/","name":"SINCHI","description":"Sinchi Medicine","publisher":{"@id":"https:\/\/www.sinchisinchi.com\/fr\/#organization"},"potentialAction":[{"@type":"SearchAction","target":{"@type":"EntryPoint","urlTemplate":"https:\/\/www.sinchisinchi.com\/fr\/?s={search_term_string}"},"query-input":{"@type":"PropertyValueSpecification","valueRequired":true,"valueName":"search_term_string"}}],"inLanguage":"fr-FR"},{"@type":"Organization","@id":"https:\/\/www.sinchisinchi.com\/fr\/#organization","name":"SINCHI S.L","url":"https:\/\/www.sinchisinchi.com\/fr\/","logo":{"@type":"ImageObject","inLanguage":"fr-FR","@id":"https:\/\/www.sinchisinchi.com\/fr\/#\/schema\/logo\/image\/","url":"https:\/\/www.sinchisinchi.com\/wp-content\/uploads\/2026\/01\/3b-Verde-SIMPLIFICADO-HORIZONTAL-F-TRANSPARENTE-scaled.png","contentUrl":"https:\/\/www.sinchisinchi.com\/wp-content\/uploads\/2026\/01\/3b-Verde-SIMPLIFICADO-HORIZONTAL-F-TRANSPARENTE-scaled.png","width":2560,"height":457,"caption":"SINCHI S.L"},"image":{"@id":"https:\/\/www.sinchisinchi.com\/fr\/#\/schema\/logo\/image\/"},"sameAs":["https:\/\/www.facebook.com\/sinchirape\/","https:\/\/www.instagram.com\/sinchi_rape\/"]}]}},"_links":{"self":[{"href":"https:\/\/www.sinchisinchi.com\/fr\/wp-json\/wp\/v2\/product\/25395","targetHints":{"allow":["GET"]}}],"collection":[{"href":"https:\/\/www.sinchisinchi.com\/fr\/wp-json\/wp\/v2\/product"}],"about":[{"href":"https:\/\/www.sinchisinchi.com\/fr\/wp-json\/wp\/v2\/types\/product"}],"wp:featuredmedia":[{"embeddable":true,"href":"https:\/\/www.sinchisinchi.com\/fr\/wp-json\/wp\/v2\/media\/25397"}],"wp:attachment":[{"href":"https:\/\/www.sinchisinchi.com\/fr\/wp-json\/wp\/v2\/media?parent=25395"}],"wp:term":[{"taxonomy":"product_brand","embeddable":true,"href":"https:\/\/www.sinchisinchi.com\/fr\/wp-json\/wp\/v2\/product_brand?post=25395"},{"taxonomy":"product_cat","embeddable":true,"href":"https:\/\/www.sinchisinchi.com\/fr\/wp-json\/wp\/v2\/product_cat?post=25395"},{"taxonomy":"product_tag","embeddable":true,"href":"https:\/\/www.sinchisinchi.com\/fr\/wp-json\/wp\/v2\/product_tag?post=25395"}],"curies":[{"name":"wp","href":"https:\/\/api.w.org\/{rel}","templated":true}]}}