{"id":25416,"date":"2024-05-09T08:12:13","date_gmt":"2024-05-09T08:12:13","guid":{"rendered":"https:\/\/www.sinchisinchi.com\/producto\/romarin\/"},"modified":"2025-01-31T17:51:07","modified_gmt":"2025-01-31T17:51:07","slug":"romarin","status":"publish","type":"product","link":"https:\/\/www.sinchisinchi.com\/fr\/producto\/romarin\/","title":{"rendered":"Romarin"},"content":{"rendered":"<p>Le romarin (Rosemarinus officinalis) est une plante du genre masculin, associ\u00e9e au soleil et \u00e0 l&rsquo;\u00e9l\u00e9ment feu. Traditionnellement, il a \u00e9t\u00e9 utilis\u00e9 pour ses propri\u00e9t\u00e9s de protection, d\u2019amour, de d\u00e9sir sexuel, de pouvoirs mentaux, de purification, de gu\u00e9rison, de r\u00eave lucide et de jeunesse. Dans le bain, il poss\u00e8de de puissantes propri\u00e9t\u00e9s nettoyantes et purifiantes.<\/p>\n<p>C&rsquo;est une plante aux feuilles vertes, vivaces, tr\u00e8s aromatiques, et aux fleurs bleues \u00e0 blanch\u00e2tres. Elle est originaire de la M\u00e9diterran\u00e9e, de l&rsquo;Afrique du Nord et du Sud, ainsi que de l&rsquo;Asie occidentale, et atteint une hauteur de 1 \u00e0 2 m\u00e8tres.<\/p>\n<p>Son huile essentielle est antimicrobienne, avec des propri\u00e9t\u00e9s antioxydantes, anti-inflammatoires, analg\u00e9siques, antid\u00e9pressives, neuroprotectrices et antivirales.<\/p>\n<p>Le romarin est une plante masculine, elle est corr\u00e9l\u00e9e au soleil, et \u00e0 l&rsquo;\u00e9l\u00e9ment feu. Parmi ses utilisations magiques, on trouve : la protection, l\u2019amour, le d\u00e9sir sexuel, les pouvoirs mentaux, la purification, la gu\u00e9rison, le sommeil et la jeunesse.<\/p>\n","protected":false},"excerpt":{"rendered":"<p>Le savon au romarin <strong>nettoie et purifie<\/strong> la peau, <strong>hydratant<\/strong> en profondeur les cellules du derme. Apporte brillance, fra\u00eecheur, \u00e9lasticit\u00e9 et protection \u00e0 la peau ; En tant que shampooing, il renforce les cheveux fragilis\u00e9s et agit \u00e9galement comme agent antipelliculaire.<\/p>\n<p>Le romarin est riche en antioxydants et aide \u00e0 neutraliser les radicaux libres, c&rsquo;est pourquoi il est tr\u00e8s appr\u00e9ci\u00e9 dans les soins rajeunissants. Gr\u00e2ce \u00e0 son action revigorante, le romarin augmente les niveaux d\u2019\u00e9nergie et aiguise les facult\u00e9s mentales telles que la capacit\u00e9 de concentration, procurant une clart\u00e9 mentale.<\/p>\n<p>Le nom romarin vient des mots latins \u00ab ros \u00bb et \u00ab marinus \u00bb, qui signifient \u00ab ros\u00e9e de mer \u00bb.<\/p>\n<p><strong>Taille:<\/strong> 125gr<\/p>\n","protected":false},"featured_media":25417,"template":"","meta":{"_joinchat":[]},"product_brand":[],"product_cat":[678],"product_tag":[],"class_list":{"0":"post-25416","1":"product","2":"type-product","3":"status-publish","4":"has-post-thumbnail","6":"product_cat-savons","8":"first","9":"instock","10":"taxable","11":"shipping-taxable","12":"purchasable","13":"product-type-simple"},"yoast_head":"<!-- This site is optimized with the Yoast SEO plugin v27.4 - https:\/\/yoast.com\/product\/yoast-seo-wordpress\/ -->\n<title>Savon au romarin : Shamanic Shop<\/title>\n<meta name=\"description\" content=\"Le romarin est traditionnellement utilis\u00e9 pour ses propri\u00e9t\u00e9s de protection, d\u2019amour, de d\u00e9sir sexuel, de purification, de gu\u00e9rison, de r\u00eave lucide et de jeunesse.\" \/>\n<meta name=\"robots\" content=\"index, follow, max-snippet:-1, max-image-preview:large, max-video-preview:-1\" \/>\n<link rel=\"canonical\" href=\"https:\/\/www.sinchisinchi.com\/fr\/producto\/romarin\/\" \/>\n<meta property=\"og:locale\" content=\"fr_FR\" \/>\n<meta property=\"og:type\" content=\"article\" \/>\n<meta property=\"og:title\" content=\"Savon au romarin : Shamanic Shop\" \/>\n<meta property=\"og:description\" content=\"Le romarin est traditionnellement utilis\u00e9 pour ses propri\u00e9t\u00e9s de protection, d\u2019amour, de d\u00e9sir sexuel, de purification, de gu\u00e9rison, de r\u00eave lucide et de jeunesse.\" \/>\n<meta property=\"og:url\" content=\"https:\/\/www.sinchisinchi.com\/fr\/producto\/romarin\/\" \/>\n<meta property=\"og:site_name\" content=\"SINCHI RAP\u00c9\" \/>\n<meta property=\"article:publisher\" content=\"https:\/\/www.facebook.com\/sinchirape\/\" \/>\n<meta property=\"article:modified_time\" content=\"2025-01-31T17:51:07+00:00\" \/>\n<meta property=\"og:image\" content=\"https:\/\/www.sinchisinchi.com\/wp-content\/uploads\/2024\/05\/WhatsApp-Image-2024-05-08-at-14.24.27.jpeg\" \/>\n\t<meta property=\"og:image:width\" content=\"1024\" \/>\n\t<meta property=\"og:image:height\" content=\"1024\" \/>\n\t<meta property=\"og:image:type\" content=\"image\/jpeg\" \/>\n<meta name=\"twitter:card\" content=\"summary_large_image\" \/>\n<meta name=\"twitter:label1\" content=\"Dur\u00e9e de lecture estim\u00e9e\" \/>\n\t<meta name=\"twitter:data1\" content=\"1 minute\" \/>\n<script type=\"application\/ld+json\" class=\"yoast-schema-graph\">{\"@context\":\"https:\\\/\\\/schema.org\",\"@graph\":[{\"@type\":\"WebPage\",\"@id\":\"https:\\\/\\\/www.sinchisinchi.com\\\/fr\\\/producto\\\/romarin\\\/\",\"url\":\"https:\\\/\\\/www.sinchisinchi.com\\\/fr\\\/producto\\\/romarin\\\/\",\"name\":\"Savon au romarin : Shamanic Shop\",\"isPartOf\":{\"@id\":\"https:\\\/\\\/www.sinchisinchi.com\\\/fr\\\/#website\"},\"primaryImageOfPage\":{\"@id\":\"https:\\\/\\\/www.sinchisinchi.com\\\/fr\\\/producto\\\/romarin\\\/#primaryimage\"},\"image\":{\"@id\":\"https:\\\/\\\/www.sinchisinchi.com\\\/fr\\\/producto\\\/romarin\\\/#primaryimage\"},\"thumbnailUrl\":\"https:\\\/\\\/www.sinchisinchi.com\\\/wp-content\\\/uploads\\\/2024\\\/05\\\/WhatsApp-Image-2024-05-08-at-14.24.27.jpeg\",\"datePublished\":\"2024-05-09T08:12:13+00:00\",\"dateModified\":\"2025-01-31T17:51:07+00:00\",\"description\":\"Le romarin est traditionnellement utilis\u00e9 pour ses propri\u00e9t\u00e9s de protection, d\u2019amour, de d\u00e9sir sexuel, de purification, de gu\u00e9rison, de r\u00eave lucide et de jeunesse.\",\"breadcrumb\":{\"@id\":\"https:\\\/\\\/www.sinchisinchi.com\\\/fr\\\/producto\\\/romarin\\\/#breadcrumb\"},\"inLanguage\":\"fr-FR\",\"potentialAction\":[{\"@type\":\"ReadAction\",\"target\":[\"https:\\\/\\\/www.sinchisinchi.com\\\/fr\\\/producto\\\/romarin\\\/\"]}]},{\"@type\":\"ImageObject\",\"inLanguage\":\"fr-FR\",\"@id\":\"https:\\\/\\\/www.sinchisinchi.com\\\/fr\\\/producto\\\/romarin\\\/#primaryimage\",\"url\":\"https:\\\/\\\/www.sinchisinchi.com\\\/wp-content\\\/uploads\\\/2024\\\/05\\\/WhatsApp-Image-2024-05-08-at-14.24.27.jpeg\",\"contentUrl\":\"https:\\\/\\\/www.sinchisinchi.com\\\/wp-content\\\/uploads\\\/2024\\\/05\\\/WhatsApp-Image-2024-05-08-at-14.24.27.jpeg\",\"width\":1024,\"height\":1024},{\"@type\":\"BreadcrumbList\",\"@id\":\"https:\\\/\\\/www.sinchisinchi.com\\\/fr\\\/producto\\\/romarin\\\/#breadcrumb\",\"itemListElement\":[{\"@type\":\"ListItem\",\"position\":1,\"name\":\"Prima pagina\",\"item\":\"https:\\\/\\\/www.sinchisinchi.com\\\/fr\\\/\"},{\"@type\":\"ListItem\",\"position\":2,\"name\":\"Produits\",\"item\":\"https:\\\/\\\/www.sinchisinchi.com\\\/fr\\\/shop\\\/\"},{\"@type\":\"ListItem\",\"position\":3,\"name\":\"Romarin\"}]},{\"@type\":\"WebSite\",\"@id\":\"https:\\\/\\\/www.sinchisinchi.com\\\/fr\\\/#website\",\"url\":\"https:\\\/\\\/www.sinchisinchi.com\\\/fr\\\/\",\"name\":\"SINCHI\",\"description\":\"Sinchi Medicine\",\"publisher\":{\"@id\":\"https:\\\/\\\/www.sinchisinchi.com\\\/fr\\\/#organization\"},\"potentialAction\":[{\"@type\":\"SearchAction\",\"target\":{\"@type\":\"EntryPoint\",\"urlTemplate\":\"https:\\\/\\\/www.sinchisinchi.com\\\/fr\\\/?s={search_term_string}\"},\"query-input\":{\"@type\":\"PropertyValueSpecification\",\"valueRequired\":true,\"valueName\":\"search_term_string\"}}],\"inLanguage\":\"fr-FR\"},{\"@type\":\"Organization\",\"@id\":\"https:\\\/\\\/www.sinchisinchi.com\\\/fr\\\/#organization\",\"name\":\"SINCHI S.L\",\"url\":\"https:\\\/\\\/www.sinchisinchi.com\\\/fr\\\/\",\"logo\":{\"@type\":\"ImageObject\",\"inLanguage\":\"fr-FR\",\"@id\":\"https:\\\/\\\/www.sinchisinchi.com\\\/fr\\\/#\\\/schema\\\/logo\\\/image\\\/\",\"url\":\"https:\\\/\\\/www.sinchisinchi.com\\\/wp-content\\\/uploads\\\/2026\\\/01\\\/3b-Verde-SIMPLIFICADO-HORIZONTAL-F-TRANSPARENTE-scaled.png\",\"contentUrl\":\"https:\\\/\\\/www.sinchisinchi.com\\\/wp-content\\\/uploads\\\/2026\\\/01\\\/3b-Verde-SIMPLIFICADO-HORIZONTAL-F-TRANSPARENTE-scaled.png\",\"width\":2560,\"height\":457,\"caption\":\"SINCHI S.L\"},\"image\":{\"@id\":\"https:\\\/\\\/www.sinchisinchi.com\\\/fr\\\/#\\\/schema\\\/logo\\\/image\\\/\"},\"sameAs\":[\"https:\\\/\\\/www.facebook.com\\\/sinchirape\\\/\",\"https:\\\/\\\/www.instagram.com\\\/sinchi_rape\\\/\"]}]}<\/script>\n<!-- \/ Yoast SEO plugin. -->","yoast_head_json":{"title":"Savon au romarin : Shamanic Shop","description":"Le romarin est traditionnellement utilis\u00e9 pour ses propri\u00e9t\u00e9s de protection, d\u2019amour, de d\u00e9sir sexuel, de purification, de gu\u00e9rison, de r\u00eave lucide et de jeunesse.","robots":{"index":"index","follow":"follow","max-snippet":"max-snippet:-1","max-image-preview":"max-image-preview:large","max-video-preview":"max-video-preview:-1"},"canonical":"https:\/\/www.sinchisinchi.com\/fr\/producto\/romarin\/","og_locale":"fr_FR","og_type":"article","og_title":"Savon au romarin : Shamanic Shop","og_description":"Le romarin est traditionnellement utilis\u00e9 pour ses propri\u00e9t\u00e9s de protection, d\u2019amour, de d\u00e9sir sexuel, de purification, de gu\u00e9rison, de r\u00eave lucide et de jeunesse.","og_url":"https:\/\/www.sinchisinchi.com\/fr\/producto\/romarin\/","og_site_name":"SINCHI RAP\u00c9","article_publisher":"https:\/\/www.facebook.com\/sinchirape\/","article_modified_time":"2025-01-31T17:51:07+00:00","og_image":[{"width":1024,"height":1024,"url":"https:\/\/www.sinchisinchi.com\/wp-content\/uploads\/2024\/05\/WhatsApp-Image-2024-05-08-at-14.24.27.jpeg","type":"image\/jpeg"}],"twitter_card":"summary_large_image","twitter_misc":{"Dur\u00e9e de lecture estim\u00e9e":"1 minute"},"schema":{"@context":"https:\/\/schema.org","@graph":[{"@type":"WebPage","@id":"https:\/\/www.sinchisinchi.com\/fr\/producto\/romarin\/","url":"https:\/\/www.sinchisinchi.com\/fr\/producto\/romarin\/","name":"Savon au romarin : Shamanic Shop","isPartOf":{"@id":"https:\/\/www.sinchisinchi.com\/fr\/#website"},"primaryImageOfPage":{"@id":"https:\/\/www.sinchisinchi.com\/fr\/producto\/romarin\/#primaryimage"},"image":{"@id":"https:\/\/www.sinchisinchi.com\/fr\/producto\/romarin\/#primaryimage"},"thumbnailUrl":"https:\/\/www.sinchisinchi.com\/wp-content\/uploads\/2024\/05\/WhatsApp-Image-2024-05-08-at-14.24.27.jpeg","datePublished":"2024-05-09T08:12:13+00:00","dateModified":"2025-01-31T17:51:07+00:00","description":"Le romarin est traditionnellement utilis\u00e9 pour ses propri\u00e9t\u00e9s de protection, d\u2019amour, de d\u00e9sir sexuel, de purification, de gu\u00e9rison, de r\u00eave lucide et de jeunesse.","breadcrumb":{"@id":"https:\/\/www.sinchisinchi.com\/fr\/producto\/romarin\/#breadcrumb"},"inLanguage":"fr-FR","potentialAction":[{"@type":"ReadAction","target":["https:\/\/www.sinchisinchi.com\/fr\/producto\/romarin\/"]}]},{"@type":"ImageObject","inLanguage":"fr-FR","@id":"https:\/\/www.sinchisinchi.com\/fr\/producto\/romarin\/#primaryimage","url":"https:\/\/www.sinchisinchi.com\/wp-content\/uploads\/2024\/05\/WhatsApp-Image-2024-05-08-at-14.24.27.jpeg","contentUrl":"https:\/\/www.sinchisinchi.com\/wp-content\/uploads\/2024\/05\/WhatsApp-Image-2024-05-08-at-14.24.27.jpeg","width":1024,"height":1024},{"@type":"BreadcrumbList","@id":"https:\/\/www.sinchisinchi.com\/fr\/producto\/romarin\/#breadcrumb","itemListElement":[{"@type":"ListItem","position":1,"name":"Prima pagina","item":"https:\/\/www.sinchisinchi.com\/fr\/"},{"@type":"ListItem","position":2,"name":"Produits","item":"https:\/\/www.sinchisinchi.com\/fr\/shop\/"},{"@type":"ListItem","position":3,"name":"Romarin"}]},{"@type":"WebSite","@id":"https:\/\/www.sinchisinchi.com\/fr\/#website","url":"https:\/\/www.sinchisinchi.com\/fr\/","name":"SINCHI","description":"Sinchi Medicine","publisher":{"@id":"https:\/\/www.sinchisinchi.com\/fr\/#organization"},"potentialAction":[{"@type":"SearchAction","target":{"@type":"EntryPoint","urlTemplate":"https:\/\/www.sinchisinchi.com\/fr\/?s={search_term_string}"},"query-input":{"@type":"PropertyValueSpecification","valueRequired":true,"valueName":"search_term_string"}}],"inLanguage":"fr-FR"},{"@type":"Organization","@id":"https:\/\/www.sinchisinchi.com\/fr\/#organization","name":"SINCHI S.L","url":"https:\/\/www.sinchisinchi.com\/fr\/","logo":{"@type":"ImageObject","inLanguage":"fr-FR","@id":"https:\/\/www.sinchisinchi.com\/fr\/#\/schema\/logo\/image\/","url":"https:\/\/www.sinchisinchi.com\/wp-content\/uploads\/2026\/01\/3b-Verde-SIMPLIFICADO-HORIZONTAL-F-TRANSPARENTE-scaled.png","contentUrl":"https:\/\/www.sinchisinchi.com\/wp-content\/uploads\/2026\/01\/3b-Verde-SIMPLIFICADO-HORIZONTAL-F-TRANSPARENTE-scaled.png","width":2560,"height":457,"caption":"SINCHI S.L"},"image":{"@id":"https:\/\/www.sinchisinchi.com\/fr\/#\/schema\/logo\/image\/"},"sameAs":["https:\/\/www.facebook.com\/sinchirape\/","https:\/\/www.instagram.com\/sinchi_rape\/"]}]}},"_links":{"self":[{"href":"https:\/\/www.sinchisinchi.com\/fr\/wp-json\/wp\/v2\/product\/25416","targetHints":{"allow":["GET"]}}],"collection":[{"href":"https:\/\/www.sinchisinchi.com\/fr\/wp-json\/wp\/v2\/product"}],"about":[{"href":"https:\/\/www.sinchisinchi.com\/fr\/wp-json\/wp\/v2\/types\/product"}],"wp:featuredmedia":[{"embeddable":true,"href":"https:\/\/www.sinchisinchi.com\/fr\/wp-json\/wp\/v2\/media\/25417"}],"wp:attachment":[{"href":"https:\/\/www.sinchisinchi.com\/fr\/wp-json\/wp\/v2\/media?parent=25416"}],"wp:term":[{"taxonomy":"product_brand","embeddable":true,"href":"https:\/\/www.sinchisinchi.com\/fr\/wp-json\/wp\/v2\/product_brand?post=25416"},{"taxonomy":"product_cat","embeddable":true,"href":"https:\/\/www.sinchisinchi.com\/fr\/wp-json\/wp\/v2\/product_cat?post=25416"},{"taxonomy":"product_tag","embeddable":true,"href":"https:\/\/www.sinchisinchi.com\/fr\/wp-json\/wp\/v2\/product_tag?post=25416"}],"curies":[{"name":"wp","href":"https:\/\/api.w.org\/{rel}","templated":true}]}}