{"id":25420,"date":"2024-05-08T07:58:35","date_gmt":"2024-05-08T07:58:35","guid":{"rendered":"https:\/\/www.sinchisinchi.com\/producto\/rose\/"},"modified":"2025-01-31T17:59:23","modified_gmt":"2025-01-31T17:59:23","slug":"rose","status":"publish","type":"product","link":"https:\/\/www.sinchisinchi.com\/fr\/producto\/rose\/","title":{"rendered":"Rose"},"content":{"rendered":"<p>La rose est une plante f\u00e9minine, associ\u00e9e \u00e0 <strong>V\u00e9nus,<\/strong> \u00e0 <strong>l&rsquo;\u00e9l\u00e9ment eau<\/strong> et \u00e0 un grand nombre de <strong>dieux<\/strong> : Hathor, Hulda, Eros, Cupidon, D\u00e9m\u00e9ter, Isis, Harpocrate et Aurore. Il est traditionnellement utilis\u00e9 pour ses propri\u00e9t\u00e9s li\u00e9es \u00e0 l&rsquo;amour, au pouvoir mental, \u00e0 la gu\u00e9rison, \u00e0 la divination, \u00e0 la bonne fortune et \u00e0 la protection.<\/p>\n<p>La rose est une plante li\u00e9e \u00e0 l\u2019amour ; Sa sensualit\u00e9 florale et s\u00e9duisante en fait un aphrodisiaque ; elle est consid\u00e9r\u00e9e comme une fleur sacr\u00e9e, symbole de l&rsquo;amour d\u00e9sint\u00e9ress\u00e9.<\/p>\n<p>Il a une grande capacit\u00e9 \u00e0 gu\u00e9rir les blessures \u00e9motionnelles ; Lorsque le rejet ou la perte a diminu\u00e9 l\u2019amour de soi, l\u2019huile de rose apporte un doux r\u00e9confort, unissant l\u2019esprit au c\u0153ur et apportant de la chaleur \u00e0 l\u2019\u00e2me.<\/p>\n<p>La mythologie grecque attribue l&rsquo;origine des roses \u00e0 la d\u00e9esse Cyb\u00e8le, \u00e9galement connue sous le nom de Phrygie, qui, puisque la beaut\u00e9 d&rsquo;Aphrodite \u00e9tait incomparable, cr\u00e9a cette fleur d\u00e9licate et belle afin que la d\u00e9esse de l&rsquo;amour et de la beaut\u00e9 ait une comparaison digne.<\/p>\n","protected":false},"excerpt":{"rendered":"<p>Le savon \u00e0 la rose est particuli\u00e8rement indiqu\u00e9 pour les peaux sensibles. Il poss\u00e8de des propri\u00e9t\u00e9s apaisantes, purifiantes, anti-inflammatoires et cicatrisantes.<\/p>\n<p>Soigne, prot\u00e8ge et renforce la peau. R\u00e9duit l\u2019apparence des imperfections, favorisant une peau uniforme et saine. Gr\u00e2ce \u00e0 sa teneur \u00e9lev\u00e9e en vitamine C, il poss\u00e8de des propri\u00e9t\u00e9s rajeunissantes.<\/p>\n<p>Le savon \u00e0 la rose contient des huiles naturelles qui redonnent hydratation et hydratation \u00e0 la peau, l&rsquo;adoucissant et la lissant gr\u00e2ce \u00e0 ses propri\u00e9t\u00e9s r\u00e9g\u00e9n\u00e9ratrices de l&rsquo;\u00e9piderme.<\/p>\n<p>En raison des propri\u00e9t\u00e9s des roses, il est id\u00e9al comme tonique et nettoyant pour le visage, il tonifie et donne une apparence fra\u00eeche, son utilisation quotidienne r\u00e9duit l&rsquo;apparence des rides en fermant les pores ouverts et en restaurant l&rsquo;\u00e9lasticit\u00e9.<\/p>\n<p>Ce savon est fabriqu\u00e9 artisanalement \u00e0 Marseille selon la m\u00e9thode ancestrale et des ingr\u00e9dients naturels, eau de mer M\u00e9diterran\u00e9e, huile essentielle de rose, p\u00e9tales de rose, huiles v\u00e9g\u00e9tales de premi\u00e8re qualit\u00e9 et carbonate de sodium.<\/p>\n<p>&nbsp;<\/p>\n<p><strong>Taille:<\/strong> 125gr<\/p>\n","protected":false},"featured_media":25421,"template":"","meta":{"_joinchat":[]},"product_brand":[],"product_cat":[678],"product_tag":[],"class_list":{"0":"post-25420","1":"product","2":"type-product","3":"status-publish","4":"has-post-thumbnail","6":"product_cat-savons","8":"first","9":"instock","10":"taxable","11":"shipping-taxable","12":"purchasable","13":"product-type-simple"},"yoast_head":"<!-- This site is optimized with the Yoast SEO plugin v27.4 - https:\/\/yoast.com\/product\/yoast-seo-wordpress\/ -->\n<title>Savon \u00e0 la rose : Shamanic Shop<\/title>\n<meta name=\"description\" content=\"Savon \u00e0 la Rose : Il est particuli\u00e8rement indiqu\u00e9 pour les peaux sensibles. Il poss\u00e8de des propri\u00e9t\u00e9s apaisantes, purifiantes, anti-inflammatoires et cicatrisantes.\" \/>\n<meta name=\"robots\" content=\"index, follow, max-snippet:-1, max-image-preview:large, max-video-preview:-1\" \/>\n<link rel=\"canonical\" href=\"https:\/\/www.sinchisinchi.com\/fr\/producto\/rose\/\" \/>\n<meta property=\"og:locale\" content=\"fr_FR\" \/>\n<meta property=\"og:type\" content=\"article\" \/>\n<meta property=\"og:title\" content=\"Savon \u00e0 la rose : Shamanic Shop\" \/>\n<meta property=\"og:description\" content=\"Savon \u00e0 la Rose : Il est particuli\u00e8rement indiqu\u00e9 pour les peaux sensibles. Il poss\u00e8de des propri\u00e9t\u00e9s apaisantes, purifiantes, anti-inflammatoires et cicatrisantes.\" \/>\n<meta property=\"og:url\" content=\"https:\/\/www.sinchisinchi.com\/fr\/producto\/rose\/\" \/>\n<meta property=\"og:site_name\" content=\"SINCHI RAP\u00c9\" \/>\n<meta property=\"article:publisher\" content=\"https:\/\/www.facebook.com\/sinchirape\/\" \/>\n<meta property=\"article:modified_time\" content=\"2025-01-31T17:59:23+00:00\" \/>\n<meta property=\"og:image\" content=\"https:\/\/www.sinchisinchi.com\/wp-content\/uploads\/2024\/05\/WhatsApp-Image-2024-05-08-at-09.55.28.jpeg\" \/>\n\t<meta property=\"og:image:width\" content=\"1024\" \/>\n\t<meta property=\"og:image:height\" content=\"1024\" \/>\n\t<meta property=\"og:image:type\" content=\"image\/jpeg\" \/>\n<meta name=\"twitter:card\" content=\"summary_large_image\" \/>\n<meta name=\"twitter:label1\" content=\"Dur\u00e9e de lecture estim\u00e9e\" \/>\n\t<meta name=\"twitter:data1\" content=\"1 minute\" \/>\n<script type=\"application\/ld+json\" class=\"yoast-schema-graph\">{\"@context\":\"https:\\\/\\\/schema.org\",\"@graph\":[{\"@type\":\"WebPage\",\"@id\":\"https:\\\/\\\/www.sinchisinchi.com\\\/fr\\\/producto\\\/rose\\\/\",\"url\":\"https:\\\/\\\/www.sinchisinchi.com\\\/fr\\\/producto\\\/rose\\\/\",\"name\":\"Savon \u00e0 la rose : Shamanic Shop\",\"isPartOf\":{\"@id\":\"https:\\\/\\\/www.sinchisinchi.com\\\/fr\\\/#website\"},\"primaryImageOfPage\":{\"@id\":\"https:\\\/\\\/www.sinchisinchi.com\\\/fr\\\/producto\\\/rose\\\/#primaryimage\"},\"image\":{\"@id\":\"https:\\\/\\\/www.sinchisinchi.com\\\/fr\\\/producto\\\/rose\\\/#primaryimage\"},\"thumbnailUrl\":\"https:\\\/\\\/www.sinchisinchi.com\\\/wp-content\\\/uploads\\\/2024\\\/05\\\/WhatsApp-Image-2024-05-08-at-09.55.28.jpeg\",\"datePublished\":\"2024-05-08T07:58:35+00:00\",\"dateModified\":\"2025-01-31T17:59:23+00:00\",\"description\":\"Savon \u00e0 la Rose : Il est particuli\u00e8rement indiqu\u00e9 pour les peaux sensibles. Il poss\u00e8de des propri\u00e9t\u00e9s apaisantes, purifiantes, anti-inflammatoires et cicatrisantes.\",\"breadcrumb\":{\"@id\":\"https:\\\/\\\/www.sinchisinchi.com\\\/fr\\\/producto\\\/rose\\\/#breadcrumb\"},\"inLanguage\":\"fr-FR\",\"potentialAction\":[{\"@type\":\"ReadAction\",\"target\":[\"https:\\\/\\\/www.sinchisinchi.com\\\/fr\\\/producto\\\/rose\\\/\"]}]},{\"@type\":\"ImageObject\",\"inLanguage\":\"fr-FR\",\"@id\":\"https:\\\/\\\/www.sinchisinchi.com\\\/fr\\\/producto\\\/rose\\\/#primaryimage\",\"url\":\"https:\\\/\\\/www.sinchisinchi.com\\\/wp-content\\\/uploads\\\/2024\\\/05\\\/WhatsApp-Image-2024-05-08-at-09.55.28.jpeg\",\"contentUrl\":\"https:\\\/\\\/www.sinchisinchi.com\\\/wp-content\\\/uploads\\\/2024\\\/05\\\/WhatsApp-Image-2024-05-08-at-09.55.28.jpeg\",\"width\":1024,\"height\":1024},{\"@type\":\"BreadcrumbList\",\"@id\":\"https:\\\/\\\/www.sinchisinchi.com\\\/fr\\\/producto\\\/rose\\\/#breadcrumb\",\"itemListElement\":[{\"@type\":\"ListItem\",\"position\":1,\"name\":\"Prima pagina\",\"item\":\"https:\\\/\\\/www.sinchisinchi.com\\\/fr\\\/\"},{\"@type\":\"ListItem\",\"position\":2,\"name\":\"Produits\",\"item\":\"https:\\\/\\\/www.sinchisinchi.com\\\/fr\\\/shop\\\/\"},{\"@type\":\"ListItem\",\"position\":3,\"name\":\"Rose\"}]},{\"@type\":\"WebSite\",\"@id\":\"https:\\\/\\\/www.sinchisinchi.com\\\/fr\\\/#website\",\"url\":\"https:\\\/\\\/www.sinchisinchi.com\\\/fr\\\/\",\"name\":\"SINCHI\",\"description\":\"Sinchi Medicine\",\"publisher\":{\"@id\":\"https:\\\/\\\/www.sinchisinchi.com\\\/fr\\\/#organization\"},\"potentialAction\":[{\"@type\":\"SearchAction\",\"target\":{\"@type\":\"EntryPoint\",\"urlTemplate\":\"https:\\\/\\\/www.sinchisinchi.com\\\/fr\\\/?s={search_term_string}\"},\"query-input\":{\"@type\":\"PropertyValueSpecification\",\"valueRequired\":true,\"valueName\":\"search_term_string\"}}],\"inLanguage\":\"fr-FR\"},{\"@type\":\"Organization\",\"@id\":\"https:\\\/\\\/www.sinchisinchi.com\\\/fr\\\/#organization\",\"name\":\"SINCHI S.L\",\"url\":\"https:\\\/\\\/www.sinchisinchi.com\\\/fr\\\/\",\"logo\":{\"@type\":\"ImageObject\",\"inLanguage\":\"fr-FR\",\"@id\":\"https:\\\/\\\/www.sinchisinchi.com\\\/fr\\\/#\\\/schema\\\/logo\\\/image\\\/\",\"url\":\"https:\\\/\\\/www.sinchisinchi.com\\\/wp-content\\\/uploads\\\/2026\\\/01\\\/3b-Verde-SIMPLIFICADO-HORIZONTAL-F-TRANSPARENTE-scaled.png\",\"contentUrl\":\"https:\\\/\\\/www.sinchisinchi.com\\\/wp-content\\\/uploads\\\/2026\\\/01\\\/3b-Verde-SIMPLIFICADO-HORIZONTAL-F-TRANSPARENTE-scaled.png\",\"width\":2560,\"height\":457,\"caption\":\"SINCHI S.L\"},\"image\":{\"@id\":\"https:\\\/\\\/www.sinchisinchi.com\\\/fr\\\/#\\\/schema\\\/logo\\\/image\\\/\"},\"sameAs\":[\"https:\\\/\\\/www.facebook.com\\\/sinchirape\\\/\",\"https:\\\/\\\/www.instagram.com\\\/sinchi_rape\\\/\"]}]}<\/script>\n<!-- \/ Yoast SEO plugin. -->","yoast_head_json":{"title":"Savon \u00e0 la rose : Shamanic Shop","description":"Savon \u00e0 la Rose : Il est particuli\u00e8rement indiqu\u00e9 pour les peaux sensibles. Il poss\u00e8de des propri\u00e9t\u00e9s apaisantes, purifiantes, anti-inflammatoires et cicatrisantes.","robots":{"index":"index","follow":"follow","max-snippet":"max-snippet:-1","max-image-preview":"max-image-preview:large","max-video-preview":"max-video-preview:-1"},"canonical":"https:\/\/www.sinchisinchi.com\/fr\/producto\/rose\/","og_locale":"fr_FR","og_type":"article","og_title":"Savon \u00e0 la rose : Shamanic Shop","og_description":"Savon \u00e0 la Rose : Il est particuli\u00e8rement indiqu\u00e9 pour les peaux sensibles. Il poss\u00e8de des propri\u00e9t\u00e9s apaisantes, purifiantes, anti-inflammatoires et cicatrisantes.","og_url":"https:\/\/www.sinchisinchi.com\/fr\/producto\/rose\/","og_site_name":"SINCHI RAP\u00c9","article_publisher":"https:\/\/www.facebook.com\/sinchirape\/","article_modified_time":"2025-01-31T17:59:23+00:00","og_image":[{"width":1024,"height":1024,"url":"https:\/\/www.sinchisinchi.com\/wp-content\/uploads\/2024\/05\/WhatsApp-Image-2024-05-08-at-09.55.28.jpeg","type":"image\/jpeg"}],"twitter_card":"summary_large_image","twitter_misc":{"Dur\u00e9e de lecture estim\u00e9e":"1 minute"},"schema":{"@context":"https:\/\/schema.org","@graph":[{"@type":"WebPage","@id":"https:\/\/www.sinchisinchi.com\/fr\/producto\/rose\/","url":"https:\/\/www.sinchisinchi.com\/fr\/producto\/rose\/","name":"Savon \u00e0 la rose : Shamanic Shop","isPartOf":{"@id":"https:\/\/www.sinchisinchi.com\/fr\/#website"},"primaryImageOfPage":{"@id":"https:\/\/www.sinchisinchi.com\/fr\/producto\/rose\/#primaryimage"},"image":{"@id":"https:\/\/www.sinchisinchi.com\/fr\/producto\/rose\/#primaryimage"},"thumbnailUrl":"https:\/\/www.sinchisinchi.com\/wp-content\/uploads\/2024\/05\/WhatsApp-Image-2024-05-08-at-09.55.28.jpeg","datePublished":"2024-05-08T07:58:35+00:00","dateModified":"2025-01-31T17:59:23+00:00","description":"Savon \u00e0 la Rose : Il est particuli\u00e8rement indiqu\u00e9 pour les peaux sensibles. Il poss\u00e8de des propri\u00e9t\u00e9s apaisantes, purifiantes, anti-inflammatoires et cicatrisantes.","breadcrumb":{"@id":"https:\/\/www.sinchisinchi.com\/fr\/producto\/rose\/#breadcrumb"},"inLanguage":"fr-FR","potentialAction":[{"@type":"ReadAction","target":["https:\/\/www.sinchisinchi.com\/fr\/producto\/rose\/"]}]},{"@type":"ImageObject","inLanguage":"fr-FR","@id":"https:\/\/www.sinchisinchi.com\/fr\/producto\/rose\/#primaryimage","url":"https:\/\/www.sinchisinchi.com\/wp-content\/uploads\/2024\/05\/WhatsApp-Image-2024-05-08-at-09.55.28.jpeg","contentUrl":"https:\/\/www.sinchisinchi.com\/wp-content\/uploads\/2024\/05\/WhatsApp-Image-2024-05-08-at-09.55.28.jpeg","width":1024,"height":1024},{"@type":"BreadcrumbList","@id":"https:\/\/www.sinchisinchi.com\/fr\/producto\/rose\/#breadcrumb","itemListElement":[{"@type":"ListItem","position":1,"name":"Prima pagina","item":"https:\/\/www.sinchisinchi.com\/fr\/"},{"@type":"ListItem","position":2,"name":"Produits","item":"https:\/\/www.sinchisinchi.com\/fr\/shop\/"},{"@type":"ListItem","position":3,"name":"Rose"}]},{"@type":"WebSite","@id":"https:\/\/www.sinchisinchi.com\/fr\/#website","url":"https:\/\/www.sinchisinchi.com\/fr\/","name":"SINCHI","description":"Sinchi Medicine","publisher":{"@id":"https:\/\/www.sinchisinchi.com\/fr\/#organization"},"potentialAction":[{"@type":"SearchAction","target":{"@type":"EntryPoint","urlTemplate":"https:\/\/www.sinchisinchi.com\/fr\/?s={search_term_string}"},"query-input":{"@type":"PropertyValueSpecification","valueRequired":true,"valueName":"search_term_string"}}],"inLanguage":"fr-FR"},{"@type":"Organization","@id":"https:\/\/www.sinchisinchi.com\/fr\/#organization","name":"SINCHI S.L","url":"https:\/\/www.sinchisinchi.com\/fr\/","logo":{"@type":"ImageObject","inLanguage":"fr-FR","@id":"https:\/\/www.sinchisinchi.com\/fr\/#\/schema\/logo\/image\/","url":"https:\/\/www.sinchisinchi.com\/wp-content\/uploads\/2026\/01\/3b-Verde-SIMPLIFICADO-HORIZONTAL-F-TRANSPARENTE-scaled.png","contentUrl":"https:\/\/www.sinchisinchi.com\/wp-content\/uploads\/2026\/01\/3b-Verde-SIMPLIFICADO-HORIZONTAL-F-TRANSPARENTE-scaled.png","width":2560,"height":457,"caption":"SINCHI S.L"},"image":{"@id":"https:\/\/www.sinchisinchi.com\/fr\/#\/schema\/logo\/image\/"},"sameAs":["https:\/\/www.facebook.com\/sinchirape\/","https:\/\/www.instagram.com\/sinchi_rape\/"]}]}},"_links":{"self":[{"href":"https:\/\/www.sinchisinchi.com\/fr\/wp-json\/wp\/v2\/product\/25420","targetHints":{"allow":["GET"]}}],"collection":[{"href":"https:\/\/www.sinchisinchi.com\/fr\/wp-json\/wp\/v2\/product"}],"about":[{"href":"https:\/\/www.sinchisinchi.com\/fr\/wp-json\/wp\/v2\/types\/product"}],"wp:featuredmedia":[{"embeddable":true,"href":"https:\/\/www.sinchisinchi.com\/fr\/wp-json\/wp\/v2\/media\/25421"}],"wp:attachment":[{"href":"https:\/\/www.sinchisinchi.com\/fr\/wp-json\/wp\/v2\/media?parent=25420"}],"wp:term":[{"taxonomy":"product_brand","embeddable":true,"href":"https:\/\/www.sinchisinchi.com\/fr\/wp-json\/wp\/v2\/product_brand?post=25420"},{"taxonomy":"product_cat","embeddable":true,"href":"https:\/\/www.sinchisinchi.com\/fr\/wp-json\/wp\/v2\/product_cat?post=25420"},{"taxonomy":"product_tag","embeddable":true,"href":"https:\/\/www.sinchisinchi.com\/fr\/wp-json\/wp\/v2\/product_tag?post=25420"}],"curies":[{"name":"wp","href":"https:\/\/api.w.org\/{rel}","templated":true}]}}