{"id":25495,"date":"2024-05-07T11:05:04","date_gmt":"2024-05-07T11:05:04","guid":{"rendered":"https:\/\/www.sinchisinchi.com\/producto\/aloe-vera\/"},"modified":"2025-02-10T13:19:09","modified_gmt":"2025-02-10T13:19:09","slug":"aloe-vera","status":"publish","type":"product","link":"https:\/\/www.sinchisinchi.com\/fr\/producto\/aloe-vera\/","title":{"rendered":"Aloe Vera"},"content":{"rendered":"<h2 style=\"text-align: center;\"><strong>Histoire<\/strong><\/h2>\n<p>&nbsp;<\/p>\n<h3 style=\"text-align: center;\"><strong>Monde arabe<\/strong><\/h3>\n<p>La plante d\u2019Aloe vera est originaire d\u2019Afrique, en particulier de la p\u00e9ninsule d\u2019Arabie. Son nom g\u00e9n\u00e9rique Aloe provient du terme arabe alloeh qui signifie une subsistance brillante et amarga, se le d\u00e9nomination \u00e9galement avec le nom de sabila; Cette et d\u2019autres variantes sont dues \u00e0 la d\u00e9formation du vocabulaire arabe \u00c7abila qui signifie plante \u00e9pineuse.<\/p>\n<p>Fueron los primeros en comercializar la planta. Extraire la pulpe selon une proc\u00e9dure avec des pi\u00e8ces de bois ou du pisando les m\u00eames heures, de mani\u00e8re similaire au processus d&rsquo;obtention du vin.<\/p>\n<p>Apr\u00e8s cela, il faut se s\u00e9cher au sol et le gel qui est r\u00e9duit \u00e0 la pollution rend plus facile sa commercialisation. Merci \u00e0 lui, dans le siglo VI a.C, l&rsquo;Aloe Vera est d\u00e9j\u00e0 export\u00e9 en Perse et en Inde.<\/p>\n<p>&nbsp;<\/p>\n<h3 style=\"text-align: center;\"><strong>Egypte<\/strong><\/h3>\n<p>Dans les contenants de cosm\u00e9tiques, Cl\u00e9op\u00e2tre et N\u00e9fertiti utilisent le jouet de la plante pour leurs rituels de beaut\u00e9 dans leurs journaux. Il est \u00e9galement utilis\u00e9 par les sacerdotes dans le processus d&#8217;embaumement des faraones, dans les rituels d&rsquo;entr\u00e9e dans l&rsquo;\u00c9gypte. Entre les anciens \u00e9gyptiens, ils se connaissent comme la plante de l&rsquo;immortalit\u00e9.<\/p>\n<p>Dans le papier Ebers, le \u00ab Livre des rem\u00e8des \u00bb, trait\u00e9 en m\u00e9decine \u00e9gyptienne du si\u00e8cle XV a.C, qui se conserve \u00e0 Leipzig, donne plus de d\u00e9tails sur une documentation de rem\u00e8des \u00e9labor\u00e9e \u00e0 base d&rsquo;aloe vera.<\/p>\n<p>&nbsp;<\/p>\n<h3 style=\"text-align: center;\"><strong>Gr\u00e8ce<\/strong><\/h3>\n<p>Hip\u00f3crates, habla sobre sus propiedades medievales.<\/p>\n<p>Selon la l\u00e9gende, Alejandro Magno, h\u00e9rit\u00e9 d&rsquo;une fille dans un appartement \u00e0 Gaza, a utilis\u00e9 un breuvage \u00e0 l&rsquo;Aloe Vera pour entretenir sa vie. Alors que fascin\u00e9 par les propri\u00e9taires curatifs de la plante, d\u00e9cidez de conqu\u00e9rir Socotra, une \u00eele sur laquelle abonde les cultivos d&rsquo;Aloe vera.<\/p>\n<p>&nbsp;<\/p>\n<h3 style=\"text-align: center;\"><strong>Rome<\/strong><\/h3>\n<p>Les Romains d\u00e9couvrent la plante pendant les guerres puniques et qui sont fascin\u00e9s par leur pouvoir curatif des cicatrices et des guerres.<\/p>\n<p>Durant le mandat de l&#8217;empereur Ner\u00f3n, le m\u00e9decin Diosc\u00f3rides, li\u00e9 \u00e0 son traitement de mati\u00e8re m\u00e9dicale, \u00e0 l&rsquo;utilisation historique de 600 plantes m\u00e9dicinales entre ceux qui ont \u00e9tabli l&rsquo;un de leurs favoris, l&rsquo;Aloe Vera. Consid\u00e9rez la plante idyllique pour le traitement des maladies et des douleurs, con\u00e7ue pour votre pouvoir anticoagulant du sang des femmes et pour vos vertus cicatrisantes.<\/p>\n<p>&nbsp;<\/p>\n<h3 style=\"text-align: center;\"><strong>Extr\u00eame Orient<\/strong><\/h3>\n<p>Les chinos seront les premiers \u00e0 utiliser la plante contenant des m\u00e9dicaments fins. Au Japon, les samoura\u00efs d\u00e9tachent le gel de la plante pour ahuyentar le mauvais esprit et cons\u00e9guir l&rsquo;immortalit\u00e9.<\/p>\n<p>&nbsp;<\/p>\n<h3 style=\"text-align: center;\"><strong>Espagne<\/strong><\/h3>\n<p>Durant le si\u00e8cle XVI, les moines j\u00e9suites espagnols ont collect\u00e9 l&rsquo;aloe vera silvestre et l&rsquo;ont conserv\u00e9 dans les zones o\u00f9 ils n&rsquo;\u00e9taient pas cultiv\u00e9s. Les Indiens peuvent construire le zumo de cette plante du d\u00e9sert comme la \u00ab Source de la Jeunesse \u00bb et \u00e9galement l&rsquo;utiliser comme r\u00e9pulsif d&rsquo;insectes en bois et d&rsquo;autres mat\u00e9riaux vuln\u00e9rables aux dommages caus\u00e9s par les insectes.<\/p>\n<p>Le continent am\u00e9ricain a \u00e9t\u00e9 introduit par Crist\u00f3bal Col\u00f3n au moment de la d\u00e9couverte de l&rsquo;Am\u00e9rique, d\u00fb \u00e0 celui-ci qui l&rsquo;a utilis\u00e9 comme m\u00e9dicament pour sa tripulation. Durant ces ann\u00e9es, l\u2019Espagne a des plantations consid\u00e9rables de cette plante, probablement d\u00e9j\u00e0 en tant qu\u2019h\u00e9ro\u00efne de l\u2019invasion musulmane.<\/p>\n<p>&nbsp;<\/p>\n<h3 style=\"text-align: center;\"><strong>Plante<\/strong><\/h3>\n<p>L&rsquo;Aloe vera (Aloe barbadensis Miller) appartient \u00e0 la m\u00eame famille que l&rsquo;ajo, la cebolla et les esp\u00e1rragos, tous connus pour pr\u00e9senter des propri\u00e9t\u00e9s m\u00e9dicinales.<\/p>\n<p>Vous avez des hojas longadas, carnosas y ricas en agua, alcanza une a altura de 50 a 70 cm con tallos de 30 a 40 cm de longitud, con el borde dentado, y sus flores son amarillas. Il s&rsquo;adapte \u00e0 la vie dans les zones de disponibilit\u00e9 d&rsquo;eau et a une grande capacit\u00e9 pour votre stockage.<\/p>\n<p>Parmi les 300 esp\u00e8ces d&rsquo;Aloe, il y a quatre types qui pr\u00e9sentent les plus grandes propri\u00e9t\u00e9s m\u00e9dicinales\u00a0: Aloe barbadensis Miller, Aloe perryi Baker, Aloe ferox et Aloe arborescens. Aloe barbadensis Miller est le plus utilis\u00e9 en m\u00e9decine et en cosm\u00e9tique.<\/p>\n","protected":false},"excerpt":{"rendered":"<p>Le jab\u00f3n naturel d&rsquo;Aloe Vera combine les excellentes propri\u00e9t\u00e9s du jab\u00f3n de Marsella avec l&rsquo;Aloe, aidant \u00e0 une r\u00e9g\u00e9n\u00e9ration rapide de la peau gr\u00e2ce \u00e0 ses vitamines A, C, acides amin\u00e9s et antraquinones.<\/p>\n<p>Depuis l&rsquo;Antiquit\u00e9, les diff\u00e9rents villages et cultures qui observent lorsqu&rsquo;ils produisent un corte en une partie des maisons de l&rsquo;Aloe Vera, cicatrisent imm\u00e9diatement. Traditionnellement, il est utilis\u00e9 pour soigner les maladies, les blessures et les affections cutan\u00e9es.<\/p>\n<p>L&rsquo;aloe vera est pour les \u00e9gyptiens la plante de l&rsquo;immortalit\u00e9, pour les sum\u00e9riens une vertu magique, pour les templiers l&rsquo;\u00e9lixir de J\u00e9rusalem et pour les arabes la source \u00e9ternelle de la jeunesse. Le peuple \u00e9gyptien est probablement le premier \u00e0 utiliser l\u2019aloe vera. Le document le plus ancien dans celui qui appara\u00eet est le papier Ebers.<\/p>\n<p>L&rsquo;Aloe Vera est une plante appartenant au genre f\u00e9minin, associ\u00e9e \u00e0 la lune, \u00e0 l&rsquo;\u00e9l\u00e9ment eau. Traditionnellement, il est utilis\u00e9 pour rechercher la bonne sant\u00e9 et pour vos puissantes propri\u00e9t\u00e9s de protection.<\/p>\n<p>Ce jab\u00f3n est fabriqu\u00e9 de mani\u00e8re artisanale \u00e0 Marsella en suivant les anciennes m\u00e9thodes et recettes ancestrales utilisant des ingr\u00e9dients enti\u00e8rement naturels\u00a0: eau de mer de la M\u00e9diterran\u00e9e, huile essentielle de s\u00e1ndalo, huiles v\u00e9g\u00e9tales de grande qualit\u00e9 et charbon de sodium. Es 100% biod\u00e9gradable.<\/p>\n<p>&nbsp;<\/p>\n<p><strong>Taille<\/strong>\u00a0: 125gr<\/p>\n","protected":false},"featured_media":25496,"template":"","meta":{"_joinchat":[]},"product_brand":[],"product_cat":[671,678],"product_tag":[],"class_list":{"0":"post-25495","1":"product","2":"type-product","3":"status-publish","4":"has-post-thumbnail","6":"product_cat-plusieurs","7":"product_cat-savons","9":"first","10":"instock","11":"taxable","12":"shipping-taxable","13":"purchasable","14":"product-type-simple"},"yoast_head":"<!-- This site is optimized with the Yoast SEO plugin v27.4 - https:\/\/yoast.com\/product\/yoast-seo-wordpress\/ -->\n<title>Jabon d&#039;Aloe Vera : Tienda Cham\u00e1nica<\/title>\n<meta name=\"description\" content=\"L&#039;aloe vera est pour les \u00e9gyptiens la plante de l&#039;immortalit\u00e9, pour les templiers l&#039;\u00e9lixir de J\u00e9rusalem et pour les arabes la source de la jeunesse.\" \/>\n<meta name=\"robots\" content=\"index, follow, max-snippet:-1, max-image-preview:large, max-video-preview:-1\" \/>\n<link rel=\"canonical\" href=\"https:\/\/www.sinchisinchi.com\/fr\/producto\/aloe-vera\/\" \/>\n<meta property=\"og:locale\" content=\"fr_FR\" \/>\n<meta property=\"og:type\" content=\"article\" \/>\n<meta property=\"og:title\" content=\"Jabon d&#039;Aloe Vera : Tienda Cham\u00e1nica\" \/>\n<meta property=\"og:description\" content=\"L&#039;aloe vera est pour les \u00e9gyptiens la plante de l&#039;immortalit\u00e9, pour les templiers l&#039;\u00e9lixir de J\u00e9rusalem et pour les arabes la source de la jeunesse.\" \/>\n<meta property=\"og:url\" content=\"https:\/\/www.sinchisinchi.com\/fr\/producto\/aloe-vera\/\" \/>\n<meta property=\"og:site_name\" content=\"SINCHI RAP\u00c9\" \/>\n<meta property=\"article:publisher\" content=\"https:\/\/www.facebook.com\/sinchirape\/\" \/>\n<meta property=\"article:modified_time\" content=\"2025-02-10T13:19:09+00:00\" \/>\n<meta property=\"og:image\" content=\"https:\/\/www.sinchisinchi.com\/wp-content\/uploads\/2024\/05\/18-Aloe-vera.jpg\" \/>\n\t<meta property=\"og:image:width\" content=\"1024\" \/>\n\t<meta property=\"og:image:height\" content=\"1024\" \/>\n\t<meta property=\"og:image:type\" content=\"image\/jpeg\" \/>\n<meta name=\"twitter:card\" content=\"summary_large_image\" \/>\n<meta name=\"twitter:label1\" content=\"Dur\u00e9e de lecture estim\u00e9e\" \/>\n\t<meta name=\"twitter:data1\" content=\"3 minutes\" \/>\n<script type=\"application\/ld+json\" class=\"yoast-schema-graph\">{\"@context\":\"https:\\\/\\\/schema.org\",\"@graph\":[{\"@type\":\"WebPage\",\"@id\":\"https:\\\/\\\/www.sinchisinchi.com\\\/fr\\\/producto\\\/aloe-vera\\\/\",\"url\":\"https:\\\/\\\/www.sinchisinchi.com\\\/fr\\\/producto\\\/aloe-vera\\\/\",\"name\":\"Jabon d'Aloe Vera : Tienda Cham\u00e1nica\",\"isPartOf\":{\"@id\":\"https:\\\/\\\/www.sinchisinchi.com\\\/fr\\\/#website\"},\"primaryImageOfPage\":{\"@id\":\"https:\\\/\\\/www.sinchisinchi.com\\\/fr\\\/producto\\\/aloe-vera\\\/#primaryimage\"},\"image\":{\"@id\":\"https:\\\/\\\/www.sinchisinchi.com\\\/fr\\\/producto\\\/aloe-vera\\\/#primaryimage\"},\"thumbnailUrl\":\"https:\\\/\\\/www.sinchisinchi.com\\\/wp-content\\\/uploads\\\/2024\\\/05\\\/18-Aloe-vera.jpg\",\"datePublished\":\"2024-05-07T11:05:04+00:00\",\"dateModified\":\"2025-02-10T13:19:09+00:00\",\"description\":\"L'aloe vera est pour les \u00e9gyptiens la plante de l'immortalit\u00e9, pour les templiers l'\u00e9lixir de J\u00e9rusalem et pour les arabes la source de la jeunesse.\",\"breadcrumb\":{\"@id\":\"https:\\\/\\\/www.sinchisinchi.com\\\/fr\\\/producto\\\/aloe-vera\\\/#breadcrumb\"},\"inLanguage\":\"fr-FR\",\"potentialAction\":[{\"@type\":\"ReadAction\",\"target\":[\"https:\\\/\\\/www.sinchisinchi.com\\\/fr\\\/producto\\\/aloe-vera\\\/\"]}]},{\"@type\":\"ImageObject\",\"inLanguage\":\"fr-FR\",\"@id\":\"https:\\\/\\\/www.sinchisinchi.com\\\/fr\\\/producto\\\/aloe-vera\\\/#primaryimage\",\"url\":\"https:\\\/\\\/www.sinchisinchi.com\\\/wp-content\\\/uploads\\\/2024\\\/05\\\/18-Aloe-vera.jpg\",\"contentUrl\":\"https:\\\/\\\/www.sinchisinchi.com\\\/wp-content\\\/uploads\\\/2024\\\/05\\\/18-Aloe-vera.jpg\",\"width\":1024,\"height\":1024},{\"@type\":\"BreadcrumbList\",\"@id\":\"https:\\\/\\\/www.sinchisinchi.com\\\/fr\\\/producto\\\/aloe-vera\\\/#breadcrumb\",\"itemListElement\":[{\"@type\":\"ListItem\",\"position\":1,\"name\":\"Prima pagina\",\"item\":\"https:\\\/\\\/www.sinchisinchi.com\\\/fr\\\/\"},{\"@type\":\"ListItem\",\"position\":2,\"name\":\"Produits\",\"item\":\"https:\\\/\\\/www.sinchisinchi.com\\\/fr\\\/shop\\\/\"},{\"@type\":\"ListItem\",\"position\":3,\"name\":\"Aloe Vera\"}]},{\"@type\":\"WebSite\",\"@id\":\"https:\\\/\\\/www.sinchisinchi.com\\\/fr\\\/#website\",\"url\":\"https:\\\/\\\/www.sinchisinchi.com\\\/fr\\\/\",\"name\":\"SINCHI\",\"description\":\"Sinchi Medicine\",\"publisher\":{\"@id\":\"https:\\\/\\\/www.sinchisinchi.com\\\/fr\\\/#organization\"},\"potentialAction\":[{\"@type\":\"SearchAction\",\"target\":{\"@type\":\"EntryPoint\",\"urlTemplate\":\"https:\\\/\\\/www.sinchisinchi.com\\\/fr\\\/?s={search_term_string}\"},\"query-input\":{\"@type\":\"PropertyValueSpecification\",\"valueRequired\":true,\"valueName\":\"search_term_string\"}}],\"inLanguage\":\"fr-FR\"},{\"@type\":\"Organization\",\"@id\":\"https:\\\/\\\/www.sinchisinchi.com\\\/fr\\\/#organization\",\"name\":\"SINCHI S.L\",\"url\":\"https:\\\/\\\/www.sinchisinchi.com\\\/fr\\\/\",\"logo\":{\"@type\":\"ImageObject\",\"inLanguage\":\"fr-FR\",\"@id\":\"https:\\\/\\\/www.sinchisinchi.com\\\/fr\\\/#\\\/schema\\\/logo\\\/image\\\/\",\"url\":\"https:\\\/\\\/www.sinchisinchi.com\\\/wp-content\\\/uploads\\\/2026\\\/01\\\/3b-Verde-SIMPLIFICADO-HORIZONTAL-F-TRANSPARENTE-scaled.png\",\"contentUrl\":\"https:\\\/\\\/www.sinchisinchi.com\\\/wp-content\\\/uploads\\\/2026\\\/01\\\/3b-Verde-SIMPLIFICADO-HORIZONTAL-F-TRANSPARENTE-scaled.png\",\"width\":2560,\"height\":457,\"caption\":\"SINCHI S.L\"},\"image\":{\"@id\":\"https:\\\/\\\/www.sinchisinchi.com\\\/fr\\\/#\\\/schema\\\/logo\\\/image\\\/\"},\"sameAs\":[\"https:\\\/\\\/www.facebook.com\\\/sinchirape\\\/\",\"https:\\\/\\\/www.instagram.com\\\/sinchi_rape\\\/\"]}]}<\/script>\n<!-- \/ Yoast SEO plugin. -->","yoast_head_json":{"title":"Jabon d'Aloe Vera : Tienda Cham\u00e1nica","description":"L'aloe vera est pour les \u00e9gyptiens la plante de l'immortalit\u00e9, pour les templiers l'\u00e9lixir de J\u00e9rusalem et pour les arabes la source de la jeunesse.","robots":{"index":"index","follow":"follow","max-snippet":"max-snippet:-1","max-image-preview":"max-image-preview:large","max-video-preview":"max-video-preview:-1"},"canonical":"https:\/\/www.sinchisinchi.com\/fr\/producto\/aloe-vera\/","og_locale":"fr_FR","og_type":"article","og_title":"Jabon d'Aloe Vera : Tienda Cham\u00e1nica","og_description":"L'aloe vera est pour les \u00e9gyptiens la plante de l'immortalit\u00e9, pour les templiers l'\u00e9lixir de J\u00e9rusalem et pour les arabes la source de la jeunesse.","og_url":"https:\/\/www.sinchisinchi.com\/fr\/producto\/aloe-vera\/","og_site_name":"SINCHI RAP\u00c9","article_publisher":"https:\/\/www.facebook.com\/sinchirape\/","article_modified_time":"2025-02-10T13:19:09+00:00","og_image":[{"width":1024,"height":1024,"url":"https:\/\/www.sinchisinchi.com\/wp-content\/uploads\/2024\/05\/18-Aloe-vera.jpg","type":"image\/jpeg"}],"twitter_card":"summary_large_image","twitter_misc":{"Dur\u00e9e de lecture estim\u00e9e":"3 minutes"},"schema":{"@context":"https:\/\/schema.org","@graph":[{"@type":"WebPage","@id":"https:\/\/www.sinchisinchi.com\/fr\/producto\/aloe-vera\/","url":"https:\/\/www.sinchisinchi.com\/fr\/producto\/aloe-vera\/","name":"Jabon d'Aloe Vera : Tienda Cham\u00e1nica","isPartOf":{"@id":"https:\/\/www.sinchisinchi.com\/fr\/#website"},"primaryImageOfPage":{"@id":"https:\/\/www.sinchisinchi.com\/fr\/producto\/aloe-vera\/#primaryimage"},"image":{"@id":"https:\/\/www.sinchisinchi.com\/fr\/producto\/aloe-vera\/#primaryimage"},"thumbnailUrl":"https:\/\/www.sinchisinchi.com\/wp-content\/uploads\/2024\/05\/18-Aloe-vera.jpg","datePublished":"2024-05-07T11:05:04+00:00","dateModified":"2025-02-10T13:19:09+00:00","description":"L'aloe vera est pour les \u00e9gyptiens la plante de l'immortalit\u00e9, pour les templiers l'\u00e9lixir de J\u00e9rusalem et pour les arabes la source de la jeunesse.","breadcrumb":{"@id":"https:\/\/www.sinchisinchi.com\/fr\/producto\/aloe-vera\/#breadcrumb"},"inLanguage":"fr-FR","potentialAction":[{"@type":"ReadAction","target":["https:\/\/www.sinchisinchi.com\/fr\/producto\/aloe-vera\/"]}]},{"@type":"ImageObject","inLanguage":"fr-FR","@id":"https:\/\/www.sinchisinchi.com\/fr\/producto\/aloe-vera\/#primaryimage","url":"https:\/\/www.sinchisinchi.com\/wp-content\/uploads\/2024\/05\/18-Aloe-vera.jpg","contentUrl":"https:\/\/www.sinchisinchi.com\/wp-content\/uploads\/2024\/05\/18-Aloe-vera.jpg","width":1024,"height":1024},{"@type":"BreadcrumbList","@id":"https:\/\/www.sinchisinchi.com\/fr\/producto\/aloe-vera\/#breadcrumb","itemListElement":[{"@type":"ListItem","position":1,"name":"Prima pagina","item":"https:\/\/www.sinchisinchi.com\/fr\/"},{"@type":"ListItem","position":2,"name":"Produits","item":"https:\/\/www.sinchisinchi.com\/fr\/shop\/"},{"@type":"ListItem","position":3,"name":"Aloe Vera"}]},{"@type":"WebSite","@id":"https:\/\/www.sinchisinchi.com\/fr\/#website","url":"https:\/\/www.sinchisinchi.com\/fr\/","name":"SINCHI","description":"Sinchi Medicine","publisher":{"@id":"https:\/\/www.sinchisinchi.com\/fr\/#organization"},"potentialAction":[{"@type":"SearchAction","target":{"@type":"EntryPoint","urlTemplate":"https:\/\/www.sinchisinchi.com\/fr\/?s={search_term_string}"},"query-input":{"@type":"PropertyValueSpecification","valueRequired":true,"valueName":"search_term_string"}}],"inLanguage":"fr-FR"},{"@type":"Organization","@id":"https:\/\/www.sinchisinchi.com\/fr\/#organization","name":"SINCHI S.L","url":"https:\/\/www.sinchisinchi.com\/fr\/","logo":{"@type":"ImageObject","inLanguage":"fr-FR","@id":"https:\/\/www.sinchisinchi.com\/fr\/#\/schema\/logo\/image\/","url":"https:\/\/www.sinchisinchi.com\/wp-content\/uploads\/2026\/01\/3b-Verde-SIMPLIFICADO-HORIZONTAL-F-TRANSPARENTE-scaled.png","contentUrl":"https:\/\/www.sinchisinchi.com\/wp-content\/uploads\/2026\/01\/3b-Verde-SIMPLIFICADO-HORIZONTAL-F-TRANSPARENTE-scaled.png","width":2560,"height":457,"caption":"SINCHI S.L"},"image":{"@id":"https:\/\/www.sinchisinchi.com\/fr\/#\/schema\/logo\/image\/"},"sameAs":["https:\/\/www.facebook.com\/sinchirape\/","https:\/\/www.instagram.com\/sinchi_rape\/"]}]}},"_links":{"self":[{"href":"https:\/\/www.sinchisinchi.com\/fr\/wp-json\/wp\/v2\/product\/25495","targetHints":{"allow":["GET"]}}],"collection":[{"href":"https:\/\/www.sinchisinchi.com\/fr\/wp-json\/wp\/v2\/product"}],"about":[{"href":"https:\/\/www.sinchisinchi.com\/fr\/wp-json\/wp\/v2\/types\/product"}],"wp:featuredmedia":[{"embeddable":true,"href":"https:\/\/www.sinchisinchi.com\/fr\/wp-json\/wp\/v2\/media\/25496"}],"wp:attachment":[{"href":"https:\/\/www.sinchisinchi.com\/fr\/wp-json\/wp\/v2\/media?parent=25495"}],"wp:term":[{"taxonomy":"product_brand","embeddable":true,"href":"https:\/\/www.sinchisinchi.com\/fr\/wp-json\/wp\/v2\/product_brand?post=25495"},{"taxonomy":"product_cat","embeddable":true,"href":"https:\/\/www.sinchisinchi.com\/fr\/wp-json\/wp\/v2\/product_cat?post=25495"},{"taxonomy":"product_tag","embeddable":true,"href":"https:\/\/www.sinchisinchi.com\/fr\/wp-json\/wp\/v2\/product_tag?post=25495"}],"curies":[{"name":"wp","href":"https:\/\/api.w.org\/{rel}","templated":true}]}}