{"id":25499,"date":"2024-05-07T08:30:43","date_gmt":"2024-05-07T08:30:43","guid":{"rendered":"https:\/\/www.sinchisinchi.com\/producto\/huile-dolive\/"},"modified":"2024-05-07T08:30:43","modified_gmt":"2024-05-07T08:30:43","slug":"huile-dolive","status":"publish","type":"product","link":"https:\/\/www.sinchisinchi.com\/fr\/producto\/huile-dolive\/","title":{"rendered":"Huile d&rsquo;olive"},"content":{"rendered":"<h2 style=\"text-align: center;\"><strong>Histoire de l&rsquo;olivier et de son huile<\/strong><\/h2>\n<p>L&rsquo;olivier, symbole de la s\u00e9curit\u00e9 et de la paix, a \u00e9t\u00e9 adopt\u00e9 par la race humaine comme source de boisson et d&rsquo;aliments pour des milliers de personnes. L\u2019histoire de l\u2019olivier remonte \u00e0 l\u2019origine de l\u2019agriculture dans les premi\u00e8res civilisations de la M\u00e9diterran\u00e9e et de l\u2019Orient proche.<\/p>\n<h3 style=\"text-align: center;\"><strong>Pr\u00e9histoire<\/strong><\/h3>\n<p>L\u2019existence de l\u2019olivier remonte \u00e0 12 000 ans a.C. Il a d\u00e9couvert des fossiles d&rsquo;arbres d&rsquo;olivier dans les d\u00e9p\u00f4ts du plioc\u00e8ne de Mongardino, en Italie, ainsi que dans les strates rocheuses de la p\u00e9riode pal\u00e9olithique sup\u00e9rieure dans le nord de l&rsquo;Afrique et dans les fouilles de l&rsquo;\u00e8re du bronze en Espagne.<\/p>\n<h3 style=\"text-align: center;\"><strong>Egypte<\/strong><\/h3>\n<p>Le d\u00e9but de la culture de l&rsquo;olivier se trouve dans une orientation moyenne et proche, et les premi\u00e8res r\u00e9f\u00e9rences documentaires et arch\u00e9ologiques concernant l&rsquo;apparition et l&rsquo;utilisation de l&rsquo;huile d&rsquo;olive provenant de l&rsquo;\u00e9poque de <strong>l&rsquo;Antiguo Egypt,<\/strong> \u00e9taient v\u00e9n\u00e9r\u00e9es et se trouvaient seules \u00e0 l&rsquo;occasion des classes privil\u00e9gi\u00e9es.<\/p>\n<p>En Egypte, l&rsquo;olivier appara\u00eet repr\u00e9sent\u00e9 dans les sarcophages de certains faraones. L&rsquo;huile d&rsquo;olive est pr\u00e9par\u00e9e avec des essences aromatiques et est utilis\u00e9e comme huile sacramentelle des Faraones dans le plus grand nombre.<\/p>\n<p>Selon la mitologie \u00e9gyptienne, Isis a enseign\u00e9 aux hommes la culture de l&rsquo;olivier. Les plus grandes plantations d&rsquo;olivier se trouvent pr\u00e8s du delta du Nil, pr\u00e8s de la ville d&rsquo;Alejandr\u00eda. Par exemple, se habla del olivo en el Fayoum et en el Tebaida.<\/p>\n<p>La vari\u00e9t\u00e9 d\u2019oliviers employ\u00e9s en \u00c9gypte n\u2019a pas un grand rendu d\u2019huile, quiz\u00e1s por \u00eatre le climat peu appropri\u00e9 pour votre cr\u00e9ation et votre d\u00e9veloppement ; Par cons\u00e9quent, l&#8217;employeur de l&rsquo;huile d&rsquo;olive comme aliment \u00e9tait \u00e9puis\u00e9, et principalement utilis\u00e9 pour des applications m\u00e9dicinales et cosm\u00e9tiques.<\/p>\n<p>Le Papiro Harris mentionne diverses sources d&rsquo;huile d&rsquo;olive et un commerce important avec les tribus noires. L&rsquo;utilisation de l&rsquo;huile dans les lampes fun\u00e9raires \u00e9tait courante et Rams\u00e9s III \u00e9tait destin\u00e9 aux plantations pour sa production.<\/p>\n<p>La palabre n\u2019appara\u00eet pas dans les textes proches de la neuvaine dynastie \u00e9gyptienne.<\/p>\n<p>Dans les communaut\u00e9s juives de religion juive, l&rsquo;huile d&rsquo;olive cobra un symbolisme sp\u00e9cial. J&rsquo;ai ajout\u00e9 des boissons comme le Khilmi et l&rsquo;Alontit, ainsi que le vin anigron.<\/p>\n<p>Ensemble avec d&rsquo;autres essences et herbes aromatiques, qui sont utilis\u00e9es dans la fabrication des parfums des artisans, dans le bain pour embellir et nettoyer les pores, avec des ong\u00fcentos avec azafr\u00e1n et hierbas pour hydrater la peau et \u00e9viter l&rsquo;apparition de boues, pour briller les cheveux et pour les massages th\u00e9rapeutiques.<\/p>\n<p>Il avait de profondes connotations spirituelles et \u00e9tait utilis\u00e9 dans les lampes allum\u00e9es en l&rsquo;honneur des dieux.<\/p>\n<h3 style=\"text-align: center;\"><strong>Gr\u00e8ce<\/strong><\/h3>\n<p><strong>La mitologie grise<\/strong> est riche en l\u00e9gendes et en mentions sur l&rsquo;olivier, Dioses comme Ath\u00e9n\u00e9e, H\u00e9rcules, ou les jeux olympiques ont \u00e0 l&rsquo;olivier, ses rames, ses heures et ses fruits comme \u00e9l\u00e9ments caract\u00e9ristiques. Les premi\u00e8res r\u00e9f\u00e9rences document\u00e9es sur l\u2019olivier sont griegas : symbolisent la paix et la prosp\u00e9rit\u00e9, ainsi que la r\u00e9surrection et l\u2019esp\u00e9rance.<\/p>\n<p><strong>Lors des premiers jeux olympiques<\/strong> c\u00e9l\u00e9br\u00e9s en 776 av. J.-C., les organisateurs des \u00e9preuves sportives ont offert une <strong>ramite d&rsquo;olivier<\/strong> comme reconnaissance de leur trio, <strong>et la premi\u00e8re ann\u00e9e olympique<\/strong> \u00e9tait un rameau d&rsquo;oliviers en lamas. Les gymnases, avant l&rsquo;exercice, font des massages pour poner au point les muscles, \u00e9viter les l\u00e9sions et prot\u00e9ger la peau contre les diff\u00e9rences de temp\u00e9rature.<\/p>\n<p>Lors des <strong>f\u00eates panat\u00e9n\u00e9es,<\/strong> semblables en importance aux jeux olympiques, elles sont offertes aux vainqueurs avec <strong>des bougies d&rsquo;huile d&rsquo;olive.<\/strong> La quantit\u00e9 d&rsquo;huile offerte en tant que prix au joueur gagnant peut \u00eatre grande, y compris diverses tonalit\u00e9s.<\/p>\n<p>L&rsquo;apparition de l&rsquo;huile d&rsquo;olive en Gr\u00e8ce se produit sur l&rsquo;\u00eele de <strong>Cr\u00e8te<\/strong>, leur culture se situe \u00e0 l&rsquo;\u00e9tablissement des premi\u00e8res routes commerciales dans le long de la mer m\u00e9diterran\u00e9enne avec l&rsquo;\u00c9gypte et d&rsquo;autres villages.<\/p>\n<p>Les classes sociales ne consomment pas d&rsquo;huile d&rsquo;olive dans la cuisine, r\u00e9serv\u00e9e aux classes les plus favoris\u00e9es. L&rsquo;utilisation comme combustible pour l&rsquo;\u00e9clairage, comme rem\u00e8de m\u00e9dicinal et comme huile corporelle, \u00e9tait tr\u00e8s habituelle.<\/p>\n<p>Diosc\u00f3rides a mentionn\u00e9 l&rsquo;huile, l&rsquo;huile extraite de l&rsquo;huile \u00e0 la maturit\u00e9, indiquant qu&rsquo;elle est utile pour les \u00eatres musculaires, le cuir de la peau et du pelage. Hip\u00f3crates mentionne \u00e9galement ses propri\u00e9t\u00e9s m\u00e9dicinales.<\/p>\n<p>Dans le siglo V a. C. le roi persa Jerjes a incendi\u00e9 la ville d&rsquo;Atenas, dedans de la cual se hallaba el olivo centenario d&rsquo;Atenea, qui a \u00e9t\u00e9 calcin\u00e9. Lorsque les agents p\u00e9n\u00e8trent dans la ville arrasada, l&rsquo;olivier a cr\u00e9\u00e9 un code, un pr\u00e9sage de r\u00e9cup\u00e9ration rapide et de r\u00e9novation des agents avant l&rsquo;adversit\u00e9.<\/p>\n<p>L&rsquo;olivier appara\u00eet dans des <strong>tables mic\u00e9niques<\/strong> du barro, qui t\u00e9moignent de l&rsquo;importance de l&rsquo;olivier dans l&rsquo;\u00e9conomie cretensienne (2500 a.C.).<\/p>\n<p>L&rsquo;adoration des grains pour l&rsquo;huile d&rsquo;olive se manifeste dans les fresques des murs du <strong>palais de Cnosos<\/strong>, o\u00f9 apparaissent de nombreuses repr\u00e9sentations d&rsquo;oliviers.<\/p>\n<p>Il y a souvent des huiles dans les d\u00e9corations des vases, dans les bijoux et dans les ustensiles de la vie quotidienne de l&rsquo;\u00e9poque.<\/p>\n<p>Les onciones apparaissent avec fr\u00e9quence chez Homero et les dames et les sirvientes. Ulises dit \u00e0 Nausicaa (Od. VI 96) \u00abSabr\u00e9 sin vuestra ayuda lavarme con espuma y ungirme con este aceite que despu\u00e9s de tanto tiempo mi piel no conoce\u00bb.<\/p>\n<p>Chaque personne soul\u00e8ve les bains avec du frasco d&rsquo;huile (l\u00e9cythus).<\/p>\n<p>L&rsquo;huile de base servant \u00e0 l&rsquo;\u00e9laboration des parfums (Myron), m\u00eame si son ar\u00f4me \u00e9tait consid\u00e9r\u00e9 comme un parfum. L&rsquo;arch\u00e9ologie (tablillas mic\u00e9nicas), les peintures murales de Pomp\u00e9e et les textes de Diosc\u00f3rides, Th\u00e9ofrasto et Plinio, mentionnent cet usage.<\/p>\n<p>Consid\u00e9rez le meilleur excipient pour \u00e9laborer un parfum, en particulier l&rsquo;acide d&rsquo;oliviers verts qui contient peu d&rsquo;huile, pour \u00eatre r\u00e9ceptif, bien conserver et r\u00e9sister \u00e0 la chaleur.<\/p>\n<p>Les anciens grains sont aseban avec de l&rsquo;eau et une \u00e9ponge, sans jab\u00f3n (seulement \u00e0 partir du siglo I a. C. se obtuvo del aceite una suerte de \u00e9mulsion jabonosa), et le salir du bain est non seulement avec de l&rsquo;huile.<\/p>\n<h3 style=\"text-align: center;\"><strong>Fenicios<\/strong><\/h3>\n<p>En Espagne, le cultivo del olivo a \u00e9t\u00e9 introduit par les <strong>Fenicios<\/strong> (1100 a.C.).<\/p>\n<h3 style=\"text-align: center;\"><strong>Rome<\/strong><\/h3>\n<p>\u00c0 partir de l&rsquo;ann\u00e9e 206 a. C, depuis l&rsquo;occupation romaine en Hispanie, la production v\u00e9g\u00e9tale a pris une importance consid\u00e9rable.<\/p>\n<p>Le contact commercial et la guerre des Griegos avec les \u00c9trusques ont amen\u00e9 la culture de l&rsquo;olivier \u00e0 \u00eatre introduite en Italie au cours du r\u00e8gne de Lucio Tarquinio Prisco, dans la p\u00e9riode 616 av. C. un 578 un. C., j&rsquo;ai pu me rendre en Italie il y a trois ans avant la chute de Troya.<\/p>\n<p>Aux si\u00e8cles II et III, l&rsquo;olivier s&rsquo;est \u00e9tendu \u00e0 la M\u00e9diterran\u00e9e, gr\u00e2ce aux avanc\u00e9es territoriales et militaires de l&rsquo;Empire romain. Les couronnes d&rsquo;olivier sont employ\u00e9es comme offertes aux g\u00e9n\u00e9raux romains victorieux, de la m\u00eame mani\u00e8re que les Griegos.<\/p>\n<p>L&rsquo;utilisation de l&rsquo;huile d&rsquo;olive est tr\u00e8s r\u00e9pandue entre les habitants de la ville de Rome, et la production d&rsquo;huile d&rsquo;olive a g\u00e9n\u00e9r\u00e9 un paysage agraire dans les colonies romaines.<\/p>\n<p>Plinio el Viejo pr\u00e9parait des recettes d&rsquo;ingr\u00e9dients et des pommes avec de l&rsquo;huile d&rsquo;olive.<\/p>\n<p>Cat\u00f3n el Viejo d\u00e9crit dans son livre De agricultura de nombreuses m\u00e9thodes de culture, poda et cuidado del olivo, que apprennent les griegos.<\/p>\n<p>L&rsquo;apparition de la premi\u00e8re cr\u00e8me hydratante est due au m\u00e9decin turc Claudio Galeno (129-199 d.C.) qui a d\u00e9couvert que le m\u00e9lange d&rsquo;huile d&rsquo;olive avec de l&rsquo;eau et de la cire d&rsquo;abeilles obtenait une cr\u00e8me rafra\u00eechissante qui conf\u00e8re une grande \u00e9lasticit\u00e9 \u00e0 la peau.<\/p>\n<h3 style=\"text-align: center;\"><strong>M\u00e9dias Edad<\/strong><\/h3>\n<p>Depuis la d\u00e9cadence de l&rsquo;Empire romain, les ordres religieux ont \u00e9t\u00e9 ceux qui ont mis en \u0153uvre les riens de la production dans l&rsquo;Europe m\u00e9di\u00e9vale. La consommation entre les cl\u00e9rigos qui habitent dans les monast\u00e8res et les personnes de la classe haute se tient toujours.<\/p>\n<p>S&rsquo;utilise en cuisine, dans l&rsquo;\u00e9clairage de la maison, l&rsquo;\u00e9laboration de meubles et de textiles, des applications pour ceux qui sont tr\u00e8s utiles et difficiles \u00e0 remplacer.<\/p>\n<h3 style=\"text-align: center;\"><strong>Biblia<\/strong><\/h3>\n<p><strong>Dans la Bible,<\/strong> vous trouverez des informations d\u00e9taill\u00e9es sur l&rsquo;olivier ou sur son huile. C&rsquo;\u00e9tait la base de l&rsquo;onction et de la lumi\u00e8re qui \u00e9clairait l&rsquo;obscurit\u00e9 des temples et des maisons. Dans le <strong>Livre de la G\u00e9n\u00e8se,<\/strong> une paloma entre dans un rameau d&rsquo;olivier avec <strong>No\u00e9<\/strong>, annon\u00e7ant la finale du diluvio et les inondations. Nous n&rsquo;avons pas reconnu ce geste comme un signal de la paix qui vendait. Dans le<strong> Livre de l&rsquo;\u00c9xode<\/strong>, Dios a dit \u00e0 <strong>Mois\u00e9s<\/strong> de pr\u00e9parer une huile d&rsquo;olive et des esp\u00e8ces pour vivre dans son village\u00a0; il mentionne \u00e9galement l\u2019oraison de J\u00e9sus-Christ sur le mont des Oliviers.<\/p>\n<p>En <strong>Al-\u00e1ndalus<\/strong>, la production d&rsquo;huile d&rsquo;olive \u00e9tait tr\u00e8s intense et avait des zones, comme l&rsquo;Aljarafe pr\u00e8s de S\u00e9ville, qui \u00e9laborait des pobladas d&rsquo;oliviers. Le r\u00e9dacteur musulman de l&rsquo;\u00e9poque, Al-Idrisi, a mentionn\u00e9 que la boisson des habitants de S\u00e9ville se devait en grande partie \u00e0 l&rsquo;exportation de l&rsquo;huile d&rsquo;olive.<\/p>\n","protected":false},"excerpt":{"rendered":"<p>Jabon naturel avec de l&rsquo;huile d&rsquo;olive, des propri\u00e9t\u00e9s nutritives, revitalisantes et antioxydantes. Aidez \u00e0 retracer les signes de l&rsquo;apport cutan\u00e9 par votre haut contenu en vitamine E.<\/p>\n<p>C&rsquo;est un jab\u00f3n suave, qui prot\u00e8ge la peau, qui apporte de la brillance, de la fra\u00eecheur et de l&rsquo;\u00e9lasticit\u00e9.<\/p>\n<p>C&rsquo;est un excellent nutriment, fonctionnant comme agent anti-envejecimiento, et proportionnant \u00e0 la peau brillante, une texture douce et \u00e9lastique.<\/p>\n<p>L&rsquo;huile d&rsquo;olive contient diverses substances antioxydantes\u00a0: les flavono\u00efdes, les polyfenoles et la vitamine E, qui apportent \u00e0 l&rsquo;huile la propri\u00e9t\u00e9 de conservation\u00a0; et en plus il est un antioxydant cellulaire, retardant l&rsquo;envejecimiento des cellules.<\/p>\n<p>L&rsquo;huile d&rsquo;olive vierge extra a un profil lipidique tr\u00e8s similaire \u00e0 celui de la peau humaine, prot\u00e8ge la peau avant les facteurs ambiants externes, l&rsquo;hydratation et maintient la structure int\u00e9grale du derme, permettant une meilleure r\u00e9g\u00e9n\u00e9ration.<\/p>\n<p>Il est tr\u00e8s efficace pour que le c\u00e2ble devienne fort, brillant et hydrat\u00e9 en profondeur le cuir de c\u00e2ble.<\/p>\n<p>Dans une grande partie de l&rsquo;histoire, l&rsquo;utilisation de l&rsquo;huile d&rsquo;olive pour le soin de la peau a \u00e9t\u00e9 v\u00e9n\u00e9r\u00e9e par toutes les civilisations que nous connaissons.<\/p>\n<p><strong>Taille:<\/strong> 125gr<\/p>\n","protected":false},"featured_media":25500,"template":"","meta":{"_joinchat":[]},"product_brand":[],"product_cat":[671,678],"product_tag":[],"class_list":{"0":"post-25499","1":"product","2":"type-product","3":"status-publish","4":"has-post-thumbnail","6":"product_cat-plusieurs","7":"product_cat-savons","9":"first","10":"instock","11":"taxable","12":"shipping-taxable","13":"purchasable","14":"product-type-simple"},"yoast_head":"<!-- This site is optimized with the Yoast SEO plugin v27.1.1 - https:\/\/yoast.com\/product\/yoast-seo-wordpress\/ -->\n<title>Jabon avec de l&#039;huile d&#039;olive\u00a0: Tienda Cham\u00e1nica<\/title>\n<meta name=\"description\" content=\"Dieu comme At\u00e9n\u00e9e et H\u00e9rcules ont l&#039;olivier comme \u00e9l\u00e9ment caract\u00e9ristique : symbolisant la paix et la prosp\u00e9rit\u00e9, ainsi que la r\u00e9surrection et l&#039;esp\u00e9rance.\" \/>\n<meta name=\"robots\" content=\"index, follow, max-snippet:-1, max-image-preview:large, max-video-preview:-1\" \/>\n<link rel=\"canonical\" href=\"https:\/\/www.sinchisinchi.com\/fr\/producto\/huile-dolive\/\" \/>\n<meta property=\"og:locale\" content=\"fr_FR\" \/>\n<meta property=\"og:type\" content=\"article\" \/>\n<meta property=\"og:title\" content=\"Jabon avec de l&#039;huile d&#039;olive\u00a0: Tienda Cham\u00e1nica\" \/>\n<meta property=\"og:description\" content=\"Dieu comme At\u00e9n\u00e9e et H\u00e9rcules ont l&#039;olivier comme \u00e9l\u00e9ment caract\u00e9ristique : symbolisant la paix et la prosp\u00e9rit\u00e9, ainsi que la r\u00e9surrection et l&#039;esp\u00e9rance.\" \/>\n<meta property=\"og:url\" content=\"https:\/\/www.sinchisinchi.com\/fr\/producto\/huile-dolive\/\" \/>\n<meta property=\"og:site_name\" content=\"SINCHI RAP\u00c9\" \/>\n<meta property=\"article:publisher\" content=\"https:\/\/www.facebook.com\/sinchirape\/\" \/>\n<meta property=\"og:image\" content=\"https:\/\/www.sinchisinchi.com\/wp-content\/uploads\/2024\/05\/aceite-de-oliva.webp\" \/>\n\t<meta property=\"og:image:width\" content=\"800\" \/>\n\t<meta property=\"og:image:height\" content=\"800\" \/>\n\t<meta property=\"og:image:type\" content=\"image\/webp\" \/>\n<meta name=\"twitter:card\" content=\"summary_large_image\" \/>\n<meta name=\"twitter:label1\" content=\"Dur\u00e9e de lecture estim\u00e9e\" \/>\n\t<meta name=\"twitter:data1\" content=\"8 minutes\" \/>\n<script type=\"application\/ld+json\" class=\"yoast-schema-graph\">{\"@context\":\"https:\/\/schema.org\",\"@graph\":[{\"@type\":\"WebPage\",\"@id\":\"https:\/\/www.sinchisinchi.com\/fr\/producto\/huile-dolive\/\",\"url\":\"https:\/\/www.sinchisinchi.com\/fr\/producto\/huile-dolive\/\",\"name\":\"Jabon avec de l'huile d'olive\u00a0: Tienda Cham\u00e1nica\",\"isPartOf\":{\"@id\":\"https:\/\/www.sinchisinchi.com\/fr\/#website\"},\"primaryImageOfPage\":{\"@id\":\"https:\/\/www.sinchisinchi.com\/fr\/producto\/huile-dolive\/#primaryimage\"},\"image\":{\"@id\":\"https:\/\/www.sinchisinchi.com\/fr\/producto\/huile-dolive\/#primaryimage\"},\"thumbnailUrl\":\"https:\/\/www.sinchisinchi.com\/wp-content\/uploads\/2024\/05\/aceite-de-oliva.webp\",\"datePublished\":\"2024-05-07T08:30:43+00:00\",\"description\":\"Dieu comme At\u00e9n\u00e9e et H\u00e9rcules ont l'olivier comme \u00e9l\u00e9ment caract\u00e9ristique : symbolisant la paix et la prosp\u00e9rit\u00e9, ainsi que la r\u00e9surrection et l'esp\u00e9rance.\",\"breadcrumb\":{\"@id\":\"https:\/\/www.sinchisinchi.com\/fr\/producto\/huile-dolive\/#breadcrumb\"},\"inLanguage\":\"fr-FR\",\"potentialAction\":[{\"@type\":\"ReadAction\",\"target\":[\"https:\/\/www.sinchisinchi.com\/fr\/producto\/huile-dolive\/\"]}]},{\"@type\":\"ImageObject\",\"inLanguage\":\"fr-FR\",\"@id\":\"https:\/\/www.sinchisinchi.com\/fr\/producto\/huile-dolive\/#primaryimage\",\"url\":\"https:\/\/www.sinchisinchi.com\/wp-content\/uploads\/2024\/05\/aceite-de-oliva.webp\",\"contentUrl\":\"https:\/\/www.sinchisinchi.com\/wp-content\/uploads\/2024\/05\/aceite-de-oliva.webp\",\"width\":800,\"height\":800},{\"@type\":\"BreadcrumbList\",\"@id\":\"https:\/\/www.sinchisinchi.com\/fr\/producto\/huile-dolive\/#breadcrumb\",\"itemListElement\":[{\"@type\":\"ListItem\",\"position\":1,\"name\":\"Prima pagina\",\"item\":\"https:\/\/www.sinchisinchi.com\/fr\/\"},{\"@type\":\"ListItem\",\"position\":2,\"name\":\"Produits\",\"item\":\"https:\/\/www.sinchisinchi.com\/fr\/shop\/\"},{\"@type\":\"ListItem\",\"position\":3,\"name\":\"Huile d&#8217;olive\"}]},{\"@type\":\"WebSite\",\"@id\":\"https:\/\/www.sinchisinchi.com\/fr\/#website\",\"url\":\"https:\/\/www.sinchisinchi.com\/fr\/\",\"name\":\"SINCHI\",\"description\":\"Sinchi Medicine\",\"publisher\":{\"@id\":\"https:\/\/www.sinchisinchi.com\/fr\/#organization\"},\"potentialAction\":[{\"@type\":\"SearchAction\",\"target\":{\"@type\":\"EntryPoint\",\"urlTemplate\":\"https:\/\/www.sinchisinchi.com\/fr\/?s={search_term_string}\"},\"query-input\":{\"@type\":\"PropertyValueSpecification\",\"valueRequired\":true,\"valueName\":\"search_term_string\"}}],\"inLanguage\":\"fr-FR\"},{\"@type\":\"Organization\",\"@id\":\"https:\/\/www.sinchisinchi.com\/fr\/#organization\",\"name\":\"SINCHI S.L\",\"url\":\"https:\/\/www.sinchisinchi.com\/fr\/\",\"logo\":{\"@type\":\"ImageObject\",\"inLanguage\":\"fr-FR\",\"@id\":\"https:\/\/www.sinchisinchi.com\/fr\/#\/schema\/logo\/image\/\",\"url\":\"https:\/\/www.sinchisinchi.com\/wp-content\/uploads\/2026\/01\/3b-Verde-SIMPLIFICADO-HORIZONTAL-F-TRANSPARENTE-scaled.png\",\"contentUrl\":\"https:\/\/www.sinchisinchi.com\/wp-content\/uploads\/2026\/01\/3b-Verde-SIMPLIFICADO-HORIZONTAL-F-TRANSPARENTE-scaled.png\",\"width\":2560,\"height\":457,\"caption\":\"SINCHI S.L\"},\"image\":{\"@id\":\"https:\/\/www.sinchisinchi.com\/fr\/#\/schema\/logo\/image\/\"},\"sameAs\":[\"https:\/\/www.facebook.com\/sinchirape\/\",\"https:\/\/www.instagram.com\/sinchi_rape\/\"]}]}<\/script>\n<!-- \/ Yoast SEO plugin. -->","yoast_head_json":{"title":"Jabon avec de l'huile d'olive\u00a0: Tienda Cham\u00e1nica","description":"Dieu comme At\u00e9n\u00e9e et H\u00e9rcules ont l'olivier comme \u00e9l\u00e9ment caract\u00e9ristique : symbolisant la paix et la prosp\u00e9rit\u00e9, ainsi que la r\u00e9surrection et l'esp\u00e9rance.","robots":{"index":"index","follow":"follow","max-snippet":"max-snippet:-1","max-image-preview":"max-image-preview:large","max-video-preview":"max-video-preview:-1"},"canonical":"https:\/\/www.sinchisinchi.com\/fr\/producto\/huile-dolive\/","og_locale":"fr_FR","og_type":"article","og_title":"Jabon avec de l'huile d'olive\u00a0: Tienda Cham\u00e1nica","og_description":"Dieu comme At\u00e9n\u00e9e et H\u00e9rcules ont l'olivier comme \u00e9l\u00e9ment caract\u00e9ristique : symbolisant la paix et la prosp\u00e9rit\u00e9, ainsi que la r\u00e9surrection et l'esp\u00e9rance.","og_url":"https:\/\/www.sinchisinchi.com\/fr\/producto\/huile-dolive\/","og_site_name":"SINCHI RAP\u00c9","article_publisher":"https:\/\/www.facebook.com\/sinchirape\/","og_image":[{"width":800,"height":800,"url":"https:\/\/www.sinchisinchi.com\/wp-content\/uploads\/2024\/05\/aceite-de-oliva.webp","type":"image\/webp"}],"twitter_card":"summary_large_image","twitter_misc":{"Dur\u00e9e de lecture estim\u00e9e":"8 minutes"},"schema":{"@context":"https:\/\/schema.org","@graph":[{"@type":"WebPage","@id":"https:\/\/www.sinchisinchi.com\/fr\/producto\/huile-dolive\/","url":"https:\/\/www.sinchisinchi.com\/fr\/producto\/huile-dolive\/","name":"Jabon avec de l'huile d'olive\u00a0: Tienda Cham\u00e1nica","isPartOf":{"@id":"https:\/\/www.sinchisinchi.com\/fr\/#website"},"primaryImageOfPage":{"@id":"https:\/\/www.sinchisinchi.com\/fr\/producto\/huile-dolive\/#primaryimage"},"image":{"@id":"https:\/\/www.sinchisinchi.com\/fr\/producto\/huile-dolive\/#primaryimage"},"thumbnailUrl":"https:\/\/www.sinchisinchi.com\/wp-content\/uploads\/2024\/05\/aceite-de-oliva.webp","datePublished":"2024-05-07T08:30:43+00:00","description":"Dieu comme At\u00e9n\u00e9e et H\u00e9rcules ont l'olivier comme \u00e9l\u00e9ment caract\u00e9ristique : symbolisant la paix et la prosp\u00e9rit\u00e9, ainsi que la r\u00e9surrection et l'esp\u00e9rance.","breadcrumb":{"@id":"https:\/\/www.sinchisinchi.com\/fr\/producto\/huile-dolive\/#breadcrumb"},"inLanguage":"fr-FR","potentialAction":[{"@type":"ReadAction","target":["https:\/\/www.sinchisinchi.com\/fr\/producto\/huile-dolive\/"]}]},{"@type":"ImageObject","inLanguage":"fr-FR","@id":"https:\/\/www.sinchisinchi.com\/fr\/producto\/huile-dolive\/#primaryimage","url":"https:\/\/www.sinchisinchi.com\/wp-content\/uploads\/2024\/05\/aceite-de-oliva.webp","contentUrl":"https:\/\/www.sinchisinchi.com\/wp-content\/uploads\/2024\/05\/aceite-de-oliva.webp","width":800,"height":800},{"@type":"BreadcrumbList","@id":"https:\/\/www.sinchisinchi.com\/fr\/producto\/huile-dolive\/#breadcrumb","itemListElement":[{"@type":"ListItem","position":1,"name":"Prima pagina","item":"https:\/\/www.sinchisinchi.com\/fr\/"},{"@type":"ListItem","position":2,"name":"Produits","item":"https:\/\/www.sinchisinchi.com\/fr\/shop\/"},{"@type":"ListItem","position":3,"name":"Huile d&#8217;olive"}]},{"@type":"WebSite","@id":"https:\/\/www.sinchisinchi.com\/fr\/#website","url":"https:\/\/www.sinchisinchi.com\/fr\/","name":"SINCHI","description":"Sinchi Medicine","publisher":{"@id":"https:\/\/www.sinchisinchi.com\/fr\/#organization"},"potentialAction":[{"@type":"SearchAction","target":{"@type":"EntryPoint","urlTemplate":"https:\/\/www.sinchisinchi.com\/fr\/?s={search_term_string}"},"query-input":{"@type":"PropertyValueSpecification","valueRequired":true,"valueName":"search_term_string"}}],"inLanguage":"fr-FR"},{"@type":"Organization","@id":"https:\/\/www.sinchisinchi.com\/fr\/#organization","name":"SINCHI S.L","url":"https:\/\/www.sinchisinchi.com\/fr\/","logo":{"@type":"ImageObject","inLanguage":"fr-FR","@id":"https:\/\/www.sinchisinchi.com\/fr\/#\/schema\/logo\/image\/","url":"https:\/\/www.sinchisinchi.com\/wp-content\/uploads\/2026\/01\/3b-Verde-SIMPLIFICADO-HORIZONTAL-F-TRANSPARENTE-scaled.png","contentUrl":"https:\/\/www.sinchisinchi.com\/wp-content\/uploads\/2026\/01\/3b-Verde-SIMPLIFICADO-HORIZONTAL-F-TRANSPARENTE-scaled.png","width":2560,"height":457,"caption":"SINCHI S.L"},"image":{"@id":"https:\/\/www.sinchisinchi.com\/fr\/#\/schema\/logo\/image\/"},"sameAs":["https:\/\/www.facebook.com\/sinchirape\/","https:\/\/www.instagram.com\/sinchi_rape\/"]}]}},"_links":{"self":[{"href":"https:\/\/www.sinchisinchi.com\/fr\/wp-json\/wp\/v2\/product\/25499","targetHints":{"allow":["GET"]}}],"collection":[{"href":"https:\/\/www.sinchisinchi.com\/fr\/wp-json\/wp\/v2\/product"}],"about":[{"href":"https:\/\/www.sinchisinchi.com\/fr\/wp-json\/wp\/v2\/types\/product"}],"wp:featuredmedia":[{"embeddable":true,"href":"https:\/\/www.sinchisinchi.com\/fr\/wp-json\/wp\/v2\/media\/25500"}],"wp:attachment":[{"href":"https:\/\/www.sinchisinchi.com\/fr\/wp-json\/wp\/v2\/media?parent=25499"}],"wp:term":[{"taxonomy":"product_brand","embeddable":true,"href":"https:\/\/www.sinchisinchi.com\/fr\/wp-json\/wp\/v2\/product_brand?post=25499"},{"taxonomy":"product_cat","embeddable":true,"href":"https:\/\/www.sinchisinchi.com\/fr\/wp-json\/wp\/v2\/product_cat?post=25499"},{"taxonomy":"product_tag","embeddable":true,"href":"https:\/\/www.sinchisinchi.com\/fr\/wp-json\/wp\/v2\/product_tag?post=25499"}],"curies":[{"name":"wp","href":"https:\/\/api.w.org\/{rel}","templated":true}]}}