{"id":25518,"date":"2024-04-24T11:25:31","date_gmt":"2024-04-24T11:25:31","guid":{"rendered":"https:\/\/www.sinchisinchi.com\/producto\/copal-blanc\/"},"modified":"2025-02-11T12:00:15","modified_gmt":"2025-02-11T12:00:15","slug":"copal-blanc","status":"publish","type":"product","link":"https:\/\/www.sinchisinchi.com\/fr\/producto\/copal-blanc\/","title":{"rendered":"Copal blanc"},"content":{"rendered":"<h2 style=\"text-align: center;\"><strong>Utilisation \u00e9sot\u00e9rique du Copal<\/strong><\/h2>\n<p>Br\u00fbl\u00e9 comme de l&rsquo;encens, il purifie l&rsquo;environnement, \u00e9l\u00e8ve l&rsquo;esprit, offre une protection spirituelle et honore les anc\u00eatres, chassant les \u00e9nergies n\u00e9gatives et cr\u00e9ant un environnement harmonieux.<\/p>\n<p>Le copal est \u00e9galement utilis\u00e9 dans la fabrication de teintures et de pommades en m\u00e9decine traditionnelle pour traiter divers probl\u00e8mes de sant\u00e9 tels que les maux de t\u00eate, les infections respiratoires et les probl\u00e8mes de peau.<\/p>\n<p>Le copal blanc du Mexique est appr\u00e9ci\u00e9 pour ses propri\u00e9t\u00e9s aromatiques et est souvent utilis\u00e9 en parfumerie et dans les produits de beaut\u00e9 naturels. La r\u00e9sine a un ar\u00f4me doux et balsamique et est souvent ajout\u00e9e aux huiles essentielles, cr\u00e8mes et autres produits de soins personnels.<\/p>\n<h3 style=\"text-align: center;\"><strong>L&rsquo;arbre \u00e0 copal<\/strong><\/h3>\n<p>Le type de Copal le plus courant et le plus connu provient d&rsquo;arbres de la f<strong>amille des Burseraceae<\/strong> : <em>Bursera aloexylon,<\/em> <em>B. graveolens et B. jorullensis<\/em>, bien qu&rsquo;il soit \u00e9galement extrait de certaines esp\u00e8ces de la famille Protium.<\/p>\n<p><strong>Bursera<\/strong> est un genre compos\u00e9 de pr\u00e8s d&rsquo;une centaine d&rsquo;esp\u00e8ces pr\u00e9sentes dans toute la R\u00e9publique mexicaine. Parmi les esp\u00e8ces de Bursera, <em>B. bipinnata<\/em> est celle qui a la plus large r\u00e9partition g\u00e9ographique au Mexique : on la trouve du sud de Sonora jusqu&rsquo;au Honduras et n&rsquo;est absente que dans la p\u00e9ninsule du Yucatan.<\/p>\n<p>Bursera, B.<em> bipinnata<\/em> est l&rsquo;esp\u00e8ce habituellement utilis\u00e9e pour obtenir du copal blanc, la r\u00e9sine aromatique la plus appr\u00e9ci\u00e9e et de la plus haute qualit\u00e9 commerciale ; mais aussi pour la r\u00e9sine que ces arbres lib\u00e8rent naturellement, connue sous le nom de copal de pierre, copal noir ou gomme de copal.<\/p>\n<p>Le Bursera<em> bipinnata<\/em> est un arbre bas \u00e0 l&rsquo;\u00e9corce gris\u00e2tre et tr\u00e8s ramifi\u00e9. Sa hauteur moyenne est de six m\u00e8tres. Il vit dans des endroits escarp\u00e9s et fait partie de la transition entre les for\u00eats de pins et de ch\u00eanes et les for\u00eats basses de feuillus.<\/p>\n<p>On le trouve dans des endroits entre 800 et 1 600 m d&rsquo;altitude, avec un climat g\u00e9n\u00e9ralement chaud, subhumide ou sec. Dans ces endroits, il y a une tr\u00e8s forte s\u00e9cheresse pendant plus de quatre mois par an, ce qui fait que les arbres perdent toutes leurs feuilles pour ensuite reverdir avec les pluies.<\/p>\n<p>La plupart des copals produisent des fleurs au d\u00e9but de la saison des pluies, vers la fin mai et d\u00e9but juin. La floraison est rapide et les fruits verts sont d\u00e9j\u00e0 pr\u00e9sents vers la fin juin. Au Mexique, les \u00c9tats qui comptent le plus grand nombre de types diff\u00e9rents de burseras sont Guerrero, Michoac\u00e1n et Oaxaca.<\/p>\n<h3 style=\"text-align: center;\"><strong>Extraction de copal<\/strong><\/h3>\n<p>La r\u00e9sine de copal est extraite pendant la saison des pluies de l&rsquo;ann\u00e9e (de juillet \u00e0 octobre) par les copaleros, agriculteurs sp\u00e9cialis\u00e9s, afin de disposer de la r\u00e9sine pour les c\u00e9l\u00e9brations du Jour des Morts en novembre, qui sont c\u00e9l\u00e9br\u00e9es dans de nombreux foyers mexicains.<\/p>\n<p>Les paysans et les ouvriers du copal de Jolalpan (Puebla), par exemple, extraient la r\u00e9sine de copal en faisant des incisions ou des \u00e9raflures avec un petit couteau sur l&rsquo;\u00e9corce des branches les plus \u00e9paisses des arbres \u00e0 copal, et la r\u00e9sine qui coule de ces incisions est dirig\u00e9e vers des r\u00e9cipients qui pendent attach\u00e9s \u00e0 chacune des branches de l&rsquo;arbre.<\/p>\n<p>Afin d&rsquo;\u00e9viter d&rsquo;endommager l&rsquo;arbre, les copaleros font des coupes tous les trois jours. Au fur et \u00e0 mesure que le copal est d\u00e9pos\u00e9 dans le r\u00e9cipient, il est nettoy\u00e9 des restes de feuilles et autres impuret\u00e9s ; Plus il est pur et propre, plus sa valeur est grande.<\/p>\n<p>Pour r\u00e9colter le copal blanc, les travailleurs du copal se rendent souvent dans les montagnes avec toute leur famille pendant des semaines. Ils reviennent des montagnes vers le 15 octobre, car le 18, ils vendent le copal \u00e0 l&rsquo;occasion de la f\u00eate de San Lucas \u00e0 Tzicatl\u00e1n (Puebla), car les grossistes viennent acheter le copal blanc et \u00e0 travers eux, la distribution annuelle dans une grande partie du Mexique est r\u00e9alis\u00e9e.<\/p>\n<p>Le type de r\u00e9sine appel\u00e9e copal de pierre, noir ou arbre est celle que les arbres \u00e0 copal s\u00e9cr\u00e8tent naturellement. En plus du copal blanc et gris,<strong> les travailleurs<\/strong> <strong>du copal r\u00e9cup\u00e8rent<\/strong> des fragments laminaires d&rsquo;\u00e9corce, sous forme d&rsquo;\u00e9chardes, impr\u00e9gn\u00e9es de r\u00e9sine de copal.<\/p>\n<p>Un autre type de copal de Bursera bipinnata est le tecopal, une petite structure arrondie, tr\u00e8s compacte et configur\u00e9e naturellement, avec des pierres de fourmili\u00e8re amalgam\u00e9es avec de la r\u00e9sine de copal. C&rsquo;est un produit particuli\u00e8rement th\u00e9rapeutique de valeur \u00e9gale ou sup\u00e9rieure \u00e0 celle du copal blanc.<\/p>\n","protected":false},"excerpt":{"rendered":"<p>Le copal blanc mexicain est une r\u00e9sine aromatique produite par des arbres du genre Bursera, originaires du Mexique et d&rsquo;autres r\u00e9gions d&rsquo;Am\u00e9rique centrale. Cette r\u00e9sine est utilis\u00e9e depuis des milliers d\u2019ann\u00e9es par les cultures indig\u00e8nes de la r\u00e9gion dans des pratiques spirituelles.<\/p>\n<p>Au Mexique et dans certains pays d&rsquo;Am\u00e9rique centrale, on le conna\u00eet sous le nom de <strong>copal<\/strong> (du nahuatl, <strong>copalli,<\/strong> qui signifie r\u00e9sine ou encens).<\/p>\n<p>Le copal blanc est utilis\u00e9 dans les c\u00e9r\u00e9monies et \u00e9galement pour le nettoyage \u00e9nerg\u00e9tique des personnes, des lieux et des objets.<\/p>\n<p>Le copal blanc est le plus propre et le plus pr\u00e9cieux de tous. Lorsqu&rsquo;il est br\u00fbl\u00e9, il d\u00e9gage un ar\u00f4me distinctif et invitant avec des notes r\u00e9sineuses, sucr\u00e9es et l\u00e9g\u00e8rement d&rsquo;agrumes.<\/p>\n<p>Pour les cultures indig\u00e8nes d&rsquo;Amazonie, la fum\u00e9e de copal est consid\u00e9r\u00e9e comme un canal pour se connecter et communiquer avec le divin, purifier l&rsquo;esprit et nettoyer les \u00e9nergies n\u00e9gatives.<\/p>\n<p><strong>Mode d&#8217;emploi :<\/strong> Allumez un charbon et versez un peu de r\u00e9sine sur les braises. La r\u00e9sine va fondre lib\u00e9rant son parfum dans l&rsquo;air pendant plusieurs minutes.<\/p>\n<p><strong>Taille:<\/strong> 50gr<\/p>\n","protected":false},"featured_media":25519,"template":"","meta":{"_joinchat":[]},"product_brand":[],"product_cat":[688,687],"product_tag":[],"class_list":{"0":"post-25518","1":"product","2":"type-product","3":"status-publish","4":"has-post-thumbnail","6":"product_cat-copal-fr","7":"product_cat-resines","9":"first","10":"instock","11":"taxable","12":"shipping-taxable","13":"purchasable","14":"product-type-simple"},"yoast_head":"<!-- This site is optimized with the Yoast SEO plugin v27.1.1 - https:\/\/yoast.com\/product\/yoast-seo-wordpress\/ -->\n<title>Copal blanc du Mexique : Boutique en ligne de r\u00e9sines amazoniennes<\/title>\n<meta name=\"description\" content=\"Le copal blanc est le plus propre et le plus pr\u00e9cieux de tous : il d\u00e9gage un ar\u00f4me distinctif et accueillant avec des notes r\u00e9sineuses, sucr\u00e9es et l\u00e9g\u00e8rement d&#039;agrumes.\" \/>\n<meta name=\"robots\" content=\"index, follow, max-snippet:-1, max-image-preview:large, max-video-preview:-1\" \/>\n<link rel=\"canonical\" href=\"https:\/\/www.sinchisinchi.com\/fr\/producto\/copal-blanc\/\" \/>\n<meta property=\"og:locale\" content=\"fr_FR\" \/>\n<meta property=\"og:type\" content=\"article\" \/>\n<meta property=\"og:title\" content=\"Copal blanc du Mexique : Boutique en ligne de r\u00e9sines amazoniennes\" \/>\n<meta property=\"og:description\" content=\"Le copal blanc est le plus propre et le plus pr\u00e9cieux de tous : il d\u00e9gage un ar\u00f4me distinctif et accueillant avec des notes r\u00e9sineuses, sucr\u00e9es et l\u00e9g\u00e8rement d&#039;agrumes.\" \/>\n<meta property=\"og:url\" content=\"https:\/\/www.sinchisinchi.com\/fr\/producto\/copal-blanc\/\" \/>\n<meta property=\"og:site_name\" content=\"SINCHI RAP\u00c9\" \/>\n<meta property=\"article:publisher\" content=\"https:\/\/www.facebook.com\/sinchirape\/\" \/>\n<meta property=\"article:modified_time\" content=\"2025-02-11T12:00:15+00:00\" \/>\n<meta property=\"og:image\" content=\"https:\/\/www.sinchisinchi.com\/wp-content\/uploads\/2024\/04\/copal-blanco.png\" \/>\n\t<meta property=\"og:image:width\" content=\"600\" \/>\n\t<meta property=\"og:image:height\" content=\"600\" \/>\n\t<meta property=\"og:image:type\" content=\"image\/png\" \/>\n<meta name=\"twitter:card\" content=\"summary_large_image\" \/>\n<meta name=\"twitter:label1\" content=\"Dur\u00e9e de lecture estim\u00e9e\" \/>\n\t<meta name=\"twitter:data1\" content=\"4 minutes\" \/>\n<script type=\"application\/ld+json\" class=\"yoast-schema-graph\">{\"@context\":\"https:\/\/schema.org\",\"@graph\":[{\"@type\":\"WebPage\",\"@id\":\"https:\/\/www.sinchisinchi.com\/fr\/producto\/copal-blanc\/\",\"url\":\"https:\/\/www.sinchisinchi.com\/fr\/producto\/copal-blanc\/\",\"name\":\"Copal blanc du Mexique : Boutique en ligne de r\u00e9sines amazoniennes\",\"isPartOf\":{\"@id\":\"https:\/\/www.sinchisinchi.com\/fr\/#website\"},\"primaryImageOfPage\":{\"@id\":\"https:\/\/www.sinchisinchi.com\/fr\/producto\/copal-blanc\/#primaryimage\"},\"image\":{\"@id\":\"https:\/\/www.sinchisinchi.com\/fr\/producto\/copal-blanc\/#primaryimage\"},\"thumbnailUrl\":\"https:\/\/www.sinchisinchi.com\/wp-content\/uploads\/2024\/04\/copal-blanco.png\",\"datePublished\":\"2024-04-24T11:25:31+00:00\",\"dateModified\":\"2025-02-11T12:00:15+00:00\",\"description\":\"Le copal blanc est le plus propre et le plus pr\u00e9cieux de tous : il d\u00e9gage un ar\u00f4me distinctif et accueillant avec des notes r\u00e9sineuses, sucr\u00e9es et l\u00e9g\u00e8rement d'agrumes.\",\"breadcrumb\":{\"@id\":\"https:\/\/www.sinchisinchi.com\/fr\/producto\/copal-blanc\/#breadcrumb\"},\"inLanguage\":\"fr-FR\",\"potentialAction\":[{\"@type\":\"ReadAction\",\"target\":[\"https:\/\/www.sinchisinchi.com\/fr\/producto\/copal-blanc\/\"]}]},{\"@type\":\"ImageObject\",\"inLanguage\":\"fr-FR\",\"@id\":\"https:\/\/www.sinchisinchi.com\/fr\/producto\/copal-blanc\/#primaryimage\",\"url\":\"https:\/\/www.sinchisinchi.com\/wp-content\/uploads\/2024\/04\/copal-blanco.png\",\"contentUrl\":\"https:\/\/www.sinchisinchi.com\/wp-content\/uploads\/2024\/04\/copal-blanco.png\",\"width\":600,\"height\":600},{\"@type\":\"BreadcrumbList\",\"@id\":\"https:\/\/www.sinchisinchi.com\/fr\/producto\/copal-blanc\/#breadcrumb\",\"itemListElement\":[{\"@type\":\"ListItem\",\"position\":1,\"name\":\"Prima pagina\",\"item\":\"https:\/\/www.sinchisinchi.com\/fr\/\"},{\"@type\":\"ListItem\",\"position\":2,\"name\":\"Produits\",\"item\":\"https:\/\/www.sinchisinchi.com\/fr\/shop\/\"},{\"@type\":\"ListItem\",\"position\":3,\"name\":\"Copal blanc\"}]},{\"@type\":\"WebSite\",\"@id\":\"https:\/\/www.sinchisinchi.com\/fr\/#website\",\"url\":\"https:\/\/www.sinchisinchi.com\/fr\/\",\"name\":\"SINCHI\",\"description\":\"Sinchi Medicine\",\"publisher\":{\"@id\":\"https:\/\/www.sinchisinchi.com\/fr\/#organization\"},\"potentialAction\":[{\"@type\":\"SearchAction\",\"target\":{\"@type\":\"EntryPoint\",\"urlTemplate\":\"https:\/\/www.sinchisinchi.com\/fr\/?s={search_term_string}\"},\"query-input\":{\"@type\":\"PropertyValueSpecification\",\"valueRequired\":true,\"valueName\":\"search_term_string\"}}],\"inLanguage\":\"fr-FR\"},{\"@type\":\"Organization\",\"@id\":\"https:\/\/www.sinchisinchi.com\/fr\/#organization\",\"name\":\"SINCHI S.L\",\"url\":\"https:\/\/www.sinchisinchi.com\/fr\/\",\"logo\":{\"@type\":\"ImageObject\",\"inLanguage\":\"fr-FR\",\"@id\":\"https:\/\/www.sinchisinchi.com\/fr\/#\/schema\/logo\/image\/\",\"url\":\"https:\/\/www.sinchisinchi.com\/wp-content\/uploads\/2026\/01\/3b-Verde-SIMPLIFICADO-HORIZONTAL-F-TRANSPARENTE-scaled.png\",\"contentUrl\":\"https:\/\/www.sinchisinchi.com\/wp-content\/uploads\/2026\/01\/3b-Verde-SIMPLIFICADO-HORIZONTAL-F-TRANSPARENTE-scaled.png\",\"width\":2560,\"height\":457,\"caption\":\"SINCHI S.L\"},\"image\":{\"@id\":\"https:\/\/www.sinchisinchi.com\/fr\/#\/schema\/logo\/image\/\"},\"sameAs\":[\"https:\/\/www.facebook.com\/sinchirape\/\",\"https:\/\/www.instagram.com\/sinchi_rape\/\"]}]}<\/script>\n<!-- \/ Yoast SEO plugin. -->","yoast_head_json":{"title":"Copal blanc du Mexique : Boutique en ligne de r\u00e9sines amazoniennes","description":"Le copal blanc est le plus propre et le plus pr\u00e9cieux de tous : il d\u00e9gage un ar\u00f4me distinctif et accueillant avec des notes r\u00e9sineuses, sucr\u00e9es et l\u00e9g\u00e8rement d'agrumes.","robots":{"index":"index","follow":"follow","max-snippet":"max-snippet:-1","max-image-preview":"max-image-preview:large","max-video-preview":"max-video-preview:-1"},"canonical":"https:\/\/www.sinchisinchi.com\/fr\/producto\/copal-blanc\/","og_locale":"fr_FR","og_type":"article","og_title":"Copal blanc du Mexique : Boutique en ligne de r\u00e9sines amazoniennes","og_description":"Le copal blanc est le plus propre et le plus pr\u00e9cieux de tous : il d\u00e9gage un ar\u00f4me distinctif et accueillant avec des notes r\u00e9sineuses, sucr\u00e9es et l\u00e9g\u00e8rement d'agrumes.","og_url":"https:\/\/www.sinchisinchi.com\/fr\/producto\/copal-blanc\/","og_site_name":"SINCHI RAP\u00c9","article_publisher":"https:\/\/www.facebook.com\/sinchirape\/","article_modified_time":"2025-02-11T12:00:15+00:00","og_image":[{"width":600,"height":600,"url":"https:\/\/www.sinchisinchi.com\/wp-content\/uploads\/2024\/04\/copal-blanco.png","type":"image\/png"}],"twitter_card":"summary_large_image","twitter_misc":{"Dur\u00e9e de lecture estim\u00e9e":"4 minutes"},"schema":{"@context":"https:\/\/schema.org","@graph":[{"@type":"WebPage","@id":"https:\/\/www.sinchisinchi.com\/fr\/producto\/copal-blanc\/","url":"https:\/\/www.sinchisinchi.com\/fr\/producto\/copal-blanc\/","name":"Copal blanc du Mexique : Boutique en ligne de r\u00e9sines amazoniennes","isPartOf":{"@id":"https:\/\/www.sinchisinchi.com\/fr\/#website"},"primaryImageOfPage":{"@id":"https:\/\/www.sinchisinchi.com\/fr\/producto\/copal-blanc\/#primaryimage"},"image":{"@id":"https:\/\/www.sinchisinchi.com\/fr\/producto\/copal-blanc\/#primaryimage"},"thumbnailUrl":"https:\/\/www.sinchisinchi.com\/wp-content\/uploads\/2024\/04\/copal-blanco.png","datePublished":"2024-04-24T11:25:31+00:00","dateModified":"2025-02-11T12:00:15+00:00","description":"Le copal blanc est le plus propre et le plus pr\u00e9cieux de tous : il d\u00e9gage un ar\u00f4me distinctif et accueillant avec des notes r\u00e9sineuses, sucr\u00e9es et l\u00e9g\u00e8rement d'agrumes.","breadcrumb":{"@id":"https:\/\/www.sinchisinchi.com\/fr\/producto\/copal-blanc\/#breadcrumb"},"inLanguage":"fr-FR","potentialAction":[{"@type":"ReadAction","target":["https:\/\/www.sinchisinchi.com\/fr\/producto\/copal-blanc\/"]}]},{"@type":"ImageObject","inLanguage":"fr-FR","@id":"https:\/\/www.sinchisinchi.com\/fr\/producto\/copal-blanc\/#primaryimage","url":"https:\/\/www.sinchisinchi.com\/wp-content\/uploads\/2024\/04\/copal-blanco.png","contentUrl":"https:\/\/www.sinchisinchi.com\/wp-content\/uploads\/2024\/04\/copal-blanco.png","width":600,"height":600},{"@type":"BreadcrumbList","@id":"https:\/\/www.sinchisinchi.com\/fr\/producto\/copal-blanc\/#breadcrumb","itemListElement":[{"@type":"ListItem","position":1,"name":"Prima pagina","item":"https:\/\/www.sinchisinchi.com\/fr\/"},{"@type":"ListItem","position":2,"name":"Produits","item":"https:\/\/www.sinchisinchi.com\/fr\/shop\/"},{"@type":"ListItem","position":3,"name":"Copal blanc"}]},{"@type":"WebSite","@id":"https:\/\/www.sinchisinchi.com\/fr\/#website","url":"https:\/\/www.sinchisinchi.com\/fr\/","name":"SINCHI","description":"Sinchi Medicine","publisher":{"@id":"https:\/\/www.sinchisinchi.com\/fr\/#organization"},"potentialAction":[{"@type":"SearchAction","target":{"@type":"EntryPoint","urlTemplate":"https:\/\/www.sinchisinchi.com\/fr\/?s={search_term_string}"},"query-input":{"@type":"PropertyValueSpecification","valueRequired":true,"valueName":"search_term_string"}}],"inLanguage":"fr-FR"},{"@type":"Organization","@id":"https:\/\/www.sinchisinchi.com\/fr\/#organization","name":"SINCHI S.L","url":"https:\/\/www.sinchisinchi.com\/fr\/","logo":{"@type":"ImageObject","inLanguage":"fr-FR","@id":"https:\/\/www.sinchisinchi.com\/fr\/#\/schema\/logo\/image\/","url":"https:\/\/www.sinchisinchi.com\/wp-content\/uploads\/2026\/01\/3b-Verde-SIMPLIFICADO-HORIZONTAL-F-TRANSPARENTE-scaled.png","contentUrl":"https:\/\/www.sinchisinchi.com\/wp-content\/uploads\/2026\/01\/3b-Verde-SIMPLIFICADO-HORIZONTAL-F-TRANSPARENTE-scaled.png","width":2560,"height":457,"caption":"SINCHI S.L"},"image":{"@id":"https:\/\/www.sinchisinchi.com\/fr\/#\/schema\/logo\/image\/"},"sameAs":["https:\/\/www.facebook.com\/sinchirape\/","https:\/\/www.instagram.com\/sinchi_rape\/"]}]}},"_links":{"self":[{"href":"https:\/\/www.sinchisinchi.com\/fr\/wp-json\/wp\/v2\/product\/25518","targetHints":{"allow":["GET"]}}],"collection":[{"href":"https:\/\/www.sinchisinchi.com\/fr\/wp-json\/wp\/v2\/product"}],"about":[{"href":"https:\/\/www.sinchisinchi.com\/fr\/wp-json\/wp\/v2\/types\/product"}],"wp:featuredmedia":[{"embeddable":true,"href":"https:\/\/www.sinchisinchi.com\/fr\/wp-json\/wp\/v2\/media\/25519"}],"wp:attachment":[{"href":"https:\/\/www.sinchisinchi.com\/fr\/wp-json\/wp\/v2\/media?parent=25518"}],"wp:term":[{"taxonomy":"product_brand","embeddable":true,"href":"https:\/\/www.sinchisinchi.com\/fr\/wp-json\/wp\/v2\/product_brand?post=25518"},{"taxonomy":"product_cat","embeddable":true,"href":"https:\/\/www.sinchisinchi.com\/fr\/wp-json\/wp\/v2\/product_cat?post=25518"},{"taxonomy":"product_tag","embeddable":true,"href":"https:\/\/www.sinchisinchi.com\/fr\/wp-json\/wp\/v2\/product_tag?post=25518"}],"curies":[{"name":"wp","href":"https:\/\/api.w.org\/{rel}","templated":true}]}}