{"id":25522,"date":"2024-04-23T09:59:43","date_gmt":"2024-04-23T09:59:43","guid":{"rendered":"https:\/\/www.sinchisinchi.com\/producto\/poudre-de-mapacho-moi\/"},"modified":"2024-04-23T09:59:43","modified_gmt":"2024-04-23T09:59:43","slug":"poudre-de-mapacho-moi","status":"publish","type":"product","link":"https:\/\/www.sinchisinchi.com\/fr\/producto\/poudre-de-mapacho-moi\/","title":{"rendered":"Poudre de Mapacho M\u00f3i"},"content":{"rendered":"<p>Le Mapacho M\u00f3i est r\u00e9colt\u00e9 dans la r\u00e9gion de l&rsquo;Alto Juru\u00e1, o\u00f9 se rencontrent les fronti\u00e8res du P\u00e9rou et de l&rsquo;\u00c9tat d&rsquo;Acre, apr\u00e8s le village de Marechal Thaumaturgo. L\u00e0, les habitants de Ribeirinho se sont install\u00e9s dans une zone qui constitue aujourd&rsquo;hui une r\u00e9serve.<\/p>\n<p>Les Ribeirinho viennent de la r\u00e9gion nord-est du Br\u00e9sil ou, du moins, descendent d&rsquo;une lign\u00e9e de gens du nord-est qui ont fui la r\u00e9gion il y a un si\u00e8cle pour \u00e9chapper \u00e0 la crise du caoutchouc.<\/p>\n<p>L&rsquo;histoire des Ribeirinhos est riche et diversifi\u00e9e, les premiers membres de leur communaut\u00e9 sont arriv\u00e9s sur les rives des rivi\u00e8res et des plages o\u00f9 ils r\u00e9sident aujourd&rsquo;hui. Leurs plantations s\u2019inscrivent dans une d\u00e9marche d\u2019autosuffisance et de responsabilit\u00e9 environnementale, pr\u00e9servant les for\u00eats et les rivi\u00e8res qui les entourent.<\/p>\n","protected":false},"excerpt":{"rendered":"<p>M\u00f3i est le nom par lequel les Br\u00e9siliens appellent le Mapacho (nom utilis\u00e9 par d&rsquo;autres r\u00e9gions, notamment au P\u00e9rou).<\/p>\n<p>Le M\u00f3i est une variante raffin\u00e9e et de meilleure qualit\u00e9 du Mapacho commun, r\u00e9colt\u00e9 et transform\u00e9 comme ingr\u00e9dient m\u00e9dicinal, en particulier dans l&rsquo;\u00c9tat d&rsquo;Acre, au nord du pays.<\/p>\n<p>Le Mapacho M\u00f3i est cultiv\u00e9 de mani\u00e8re biologique, selon les anciennes traditions du village de Ribeirinho, transmises de g\u00e9n\u00e9ration en g\u00e9n\u00e9ration.<\/p>\n<p>R\u00e9gion d&rsquo;origine : Alto Juru\u00e1, Acre, Br\u00e9sil<\/p>\n","protected":false},"featured_media":25523,"template":"","meta":{"_joinchat":[]},"product_brand":[],"product_cat":[629],"product_tag":[],"class_list":{"0":"post-25522","1":"product","2":"type-product","3":"status-publish","4":"has-post-thumbnail","6":"product_cat-mapacho-roll-fr","8":"first","9":"instock","10":"taxable","11":"shipping-taxable","12":"purchasable","13":"product-type-simple"},"yoast_head":"<!-- This site is optimized with the Yoast SEO plugin v27.4 - https:\/\/yoast.com\/product\/yoast-seo-wordpress\/ -->\n<title>Poudre de Mapacho M\u00f3i : Sinchi Shamanic Store<\/title>\n<meta name=\"description\" content=\"Le M\u00f3i est une variante raffin\u00e9e et de meilleure qualit\u00e9 du Mapacho commun, r\u00e9colt\u00e9 et transform\u00e9 comme ingr\u00e9dient m\u00e9dicinal dans l&#039;\u00c9tat d&#039;Acre, au nord du pays.\" \/>\n<meta name=\"robots\" content=\"index, follow, max-snippet:-1, max-image-preview:large, max-video-preview:-1\" \/>\n<link rel=\"canonical\" href=\"https:\/\/www.sinchisinchi.com\/fr\/producto\/poudre-de-mapacho-moi\/\" \/>\n<meta property=\"og:locale\" content=\"fr_FR\" \/>\n<meta property=\"og:type\" content=\"article\" \/>\n<meta property=\"og:title\" content=\"Poudre de Mapacho M\u00f3i : Sinchi Shamanic Store\" \/>\n<meta property=\"og:description\" content=\"Le M\u00f3i est une variante raffin\u00e9e et de meilleure qualit\u00e9 du Mapacho commun, r\u00e9colt\u00e9 et transform\u00e9 comme ingr\u00e9dient m\u00e9dicinal dans l&#039;\u00c9tat d&#039;Acre, au nord du pays.\" \/>\n<meta property=\"og:url\" content=\"https:\/\/www.sinchisinchi.com\/fr\/producto\/poudre-de-mapacho-moi\/\" \/>\n<meta property=\"og:site_name\" content=\"SINCHI RAP\u00c9\" \/>\n<meta property=\"article:publisher\" content=\"https:\/\/www.facebook.com\/sinchirape\/\" \/>\n<meta property=\"og:image\" content=\"https:\/\/www.sinchisinchi.com\/wp-content\/uploads\/2024\/04\/Moi-Polvo.jpg\" \/>\n\t<meta property=\"og:image:width\" content=\"900\" \/>\n\t<meta property=\"og:image:height\" content=\"900\" \/>\n\t<meta property=\"og:image:type\" content=\"image\/jpeg\" \/>\n<meta name=\"twitter:card\" content=\"summary_large_image\" \/>\n<meta name=\"twitter:label1\" content=\"Dur\u00e9e de lecture estim\u00e9e\" \/>\n\t<meta name=\"twitter:data1\" content=\"1 minute\" \/>\n<script type=\"application\/ld+json\" class=\"yoast-schema-graph\">{\"@context\":\"https:\\\/\\\/schema.org\",\"@graph\":[{\"@type\":\"WebPage\",\"@id\":\"https:\\\/\\\/www.sinchisinchi.com\\\/fr\\\/producto\\\/poudre-de-mapacho-moi\\\/\",\"url\":\"https:\\\/\\\/www.sinchisinchi.com\\\/fr\\\/producto\\\/poudre-de-mapacho-moi\\\/\",\"name\":\"Poudre de Mapacho M\u00f3i : Sinchi Shamanic Store\",\"isPartOf\":{\"@id\":\"https:\\\/\\\/www.sinchisinchi.com\\\/fr\\\/#website\"},\"primaryImageOfPage\":{\"@id\":\"https:\\\/\\\/www.sinchisinchi.com\\\/fr\\\/producto\\\/poudre-de-mapacho-moi\\\/#primaryimage\"},\"image\":{\"@id\":\"https:\\\/\\\/www.sinchisinchi.com\\\/fr\\\/producto\\\/poudre-de-mapacho-moi\\\/#primaryimage\"},\"thumbnailUrl\":\"https:\\\/\\\/www.sinchisinchi.com\\\/wp-content\\\/uploads\\\/2024\\\/04\\\/Moi-Polvo.jpg\",\"datePublished\":\"2024-04-23T09:59:43+00:00\",\"description\":\"Le M\u00f3i est une variante raffin\u00e9e et de meilleure qualit\u00e9 du Mapacho commun, r\u00e9colt\u00e9 et transform\u00e9 comme ingr\u00e9dient m\u00e9dicinal dans l'\u00c9tat d'Acre, au nord du pays.\",\"breadcrumb\":{\"@id\":\"https:\\\/\\\/www.sinchisinchi.com\\\/fr\\\/producto\\\/poudre-de-mapacho-moi\\\/#breadcrumb\"},\"inLanguage\":\"fr-FR\",\"potentialAction\":[{\"@type\":\"ReadAction\",\"target\":[\"https:\\\/\\\/www.sinchisinchi.com\\\/fr\\\/producto\\\/poudre-de-mapacho-moi\\\/\"]}]},{\"@type\":\"ImageObject\",\"inLanguage\":\"fr-FR\",\"@id\":\"https:\\\/\\\/www.sinchisinchi.com\\\/fr\\\/producto\\\/poudre-de-mapacho-moi\\\/#primaryimage\",\"url\":\"https:\\\/\\\/www.sinchisinchi.com\\\/wp-content\\\/uploads\\\/2024\\\/04\\\/Moi-Polvo.jpg\",\"contentUrl\":\"https:\\\/\\\/www.sinchisinchi.com\\\/wp-content\\\/uploads\\\/2024\\\/04\\\/Moi-Polvo.jpg\",\"width\":900,\"height\":900},{\"@type\":\"BreadcrumbList\",\"@id\":\"https:\\\/\\\/www.sinchisinchi.com\\\/fr\\\/producto\\\/poudre-de-mapacho-moi\\\/#breadcrumb\",\"itemListElement\":[{\"@type\":\"ListItem\",\"position\":1,\"name\":\"Prima pagina\",\"item\":\"https:\\\/\\\/www.sinchisinchi.com\\\/fr\\\/\"},{\"@type\":\"ListItem\",\"position\":2,\"name\":\"Produits\",\"item\":\"https:\\\/\\\/www.sinchisinchi.com\\\/fr\\\/shop\\\/\"},{\"@type\":\"ListItem\",\"position\":3,\"name\":\"Poudre de Mapacho M\u00f3i\"}]},{\"@type\":\"WebSite\",\"@id\":\"https:\\\/\\\/www.sinchisinchi.com\\\/fr\\\/#website\",\"url\":\"https:\\\/\\\/www.sinchisinchi.com\\\/fr\\\/\",\"name\":\"SINCHI\",\"description\":\"Sinchi Medicine\",\"publisher\":{\"@id\":\"https:\\\/\\\/www.sinchisinchi.com\\\/fr\\\/#organization\"},\"potentialAction\":[{\"@type\":\"SearchAction\",\"target\":{\"@type\":\"EntryPoint\",\"urlTemplate\":\"https:\\\/\\\/www.sinchisinchi.com\\\/fr\\\/?s={search_term_string}\"},\"query-input\":{\"@type\":\"PropertyValueSpecification\",\"valueRequired\":true,\"valueName\":\"search_term_string\"}}],\"inLanguage\":\"fr-FR\"},{\"@type\":\"Organization\",\"@id\":\"https:\\\/\\\/www.sinchisinchi.com\\\/fr\\\/#organization\",\"name\":\"SINCHI S.L\",\"url\":\"https:\\\/\\\/www.sinchisinchi.com\\\/fr\\\/\",\"logo\":{\"@type\":\"ImageObject\",\"inLanguage\":\"fr-FR\",\"@id\":\"https:\\\/\\\/www.sinchisinchi.com\\\/fr\\\/#\\\/schema\\\/logo\\\/image\\\/\",\"url\":\"https:\\\/\\\/www.sinchisinchi.com\\\/wp-content\\\/uploads\\\/2026\\\/01\\\/3b-Verde-SIMPLIFICADO-HORIZONTAL-F-TRANSPARENTE-scaled.png\",\"contentUrl\":\"https:\\\/\\\/www.sinchisinchi.com\\\/wp-content\\\/uploads\\\/2026\\\/01\\\/3b-Verde-SIMPLIFICADO-HORIZONTAL-F-TRANSPARENTE-scaled.png\",\"width\":2560,\"height\":457,\"caption\":\"SINCHI S.L\"},\"image\":{\"@id\":\"https:\\\/\\\/www.sinchisinchi.com\\\/fr\\\/#\\\/schema\\\/logo\\\/image\\\/\"},\"sameAs\":[\"https:\\\/\\\/www.facebook.com\\\/sinchirape\\\/\",\"https:\\\/\\\/www.instagram.com\\\/sinchi_rape\\\/\"]}]}<\/script>\n<!-- \/ Yoast SEO plugin. -->","yoast_head_json":{"title":"Poudre de Mapacho M\u00f3i : Sinchi Shamanic Store","description":"Le M\u00f3i est une variante raffin\u00e9e et de meilleure qualit\u00e9 du Mapacho commun, r\u00e9colt\u00e9 et transform\u00e9 comme ingr\u00e9dient m\u00e9dicinal dans l'\u00c9tat d'Acre, au nord du pays.","robots":{"index":"index","follow":"follow","max-snippet":"max-snippet:-1","max-image-preview":"max-image-preview:large","max-video-preview":"max-video-preview:-1"},"canonical":"https:\/\/www.sinchisinchi.com\/fr\/producto\/poudre-de-mapacho-moi\/","og_locale":"fr_FR","og_type":"article","og_title":"Poudre de Mapacho M\u00f3i : Sinchi Shamanic Store","og_description":"Le M\u00f3i est une variante raffin\u00e9e et de meilleure qualit\u00e9 du Mapacho commun, r\u00e9colt\u00e9 et transform\u00e9 comme ingr\u00e9dient m\u00e9dicinal dans l'\u00c9tat d'Acre, au nord du pays.","og_url":"https:\/\/www.sinchisinchi.com\/fr\/producto\/poudre-de-mapacho-moi\/","og_site_name":"SINCHI RAP\u00c9","article_publisher":"https:\/\/www.facebook.com\/sinchirape\/","og_image":[{"width":900,"height":900,"url":"https:\/\/www.sinchisinchi.com\/wp-content\/uploads\/2024\/04\/Moi-Polvo.jpg","type":"image\/jpeg"}],"twitter_card":"summary_large_image","twitter_misc":{"Dur\u00e9e de lecture estim\u00e9e":"1 minute"},"schema":{"@context":"https:\/\/schema.org","@graph":[{"@type":"WebPage","@id":"https:\/\/www.sinchisinchi.com\/fr\/producto\/poudre-de-mapacho-moi\/","url":"https:\/\/www.sinchisinchi.com\/fr\/producto\/poudre-de-mapacho-moi\/","name":"Poudre de Mapacho M\u00f3i : Sinchi Shamanic Store","isPartOf":{"@id":"https:\/\/www.sinchisinchi.com\/fr\/#website"},"primaryImageOfPage":{"@id":"https:\/\/www.sinchisinchi.com\/fr\/producto\/poudre-de-mapacho-moi\/#primaryimage"},"image":{"@id":"https:\/\/www.sinchisinchi.com\/fr\/producto\/poudre-de-mapacho-moi\/#primaryimage"},"thumbnailUrl":"https:\/\/www.sinchisinchi.com\/wp-content\/uploads\/2024\/04\/Moi-Polvo.jpg","datePublished":"2024-04-23T09:59:43+00:00","description":"Le M\u00f3i est une variante raffin\u00e9e et de meilleure qualit\u00e9 du Mapacho commun, r\u00e9colt\u00e9 et transform\u00e9 comme ingr\u00e9dient m\u00e9dicinal dans l'\u00c9tat d'Acre, au nord du pays.","breadcrumb":{"@id":"https:\/\/www.sinchisinchi.com\/fr\/producto\/poudre-de-mapacho-moi\/#breadcrumb"},"inLanguage":"fr-FR","potentialAction":[{"@type":"ReadAction","target":["https:\/\/www.sinchisinchi.com\/fr\/producto\/poudre-de-mapacho-moi\/"]}]},{"@type":"ImageObject","inLanguage":"fr-FR","@id":"https:\/\/www.sinchisinchi.com\/fr\/producto\/poudre-de-mapacho-moi\/#primaryimage","url":"https:\/\/www.sinchisinchi.com\/wp-content\/uploads\/2024\/04\/Moi-Polvo.jpg","contentUrl":"https:\/\/www.sinchisinchi.com\/wp-content\/uploads\/2024\/04\/Moi-Polvo.jpg","width":900,"height":900},{"@type":"BreadcrumbList","@id":"https:\/\/www.sinchisinchi.com\/fr\/producto\/poudre-de-mapacho-moi\/#breadcrumb","itemListElement":[{"@type":"ListItem","position":1,"name":"Prima pagina","item":"https:\/\/www.sinchisinchi.com\/fr\/"},{"@type":"ListItem","position":2,"name":"Produits","item":"https:\/\/www.sinchisinchi.com\/fr\/shop\/"},{"@type":"ListItem","position":3,"name":"Poudre de Mapacho M\u00f3i"}]},{"@type":"WebSite","@id":"https:\/\/www.sinchisinchi.com\/fr\/#website","url":"https:\/\/www.sinchisinchi.com\/fr\/","name":"SINCHI","description":"Sinchi Medicine","publisher":{"@id":"https:\/\/www.sinchisinchi.com\/fr\/#organization"},"potentialAction":[{"@type":"SearchAction","target":{"@type":"EntryPoint","urlTemplate":"https:\/\/www.sinchisinchi.com\/fr\/?s={search_term_string}"},"query-input":{"@type":"PropertyValueSpecification","valueRequired":true,"valueName":"search_term_string"}}],"inLanguage":"fr-FR"},{"@type":"Organization","@id":"https:\/\/www.sinchisinchi.com\/fr\/#organization","name":"SINCHI S.L","url":"https:\/\/www.sinchisinchi.com\/fr\/","logo":{"@type":"ImageObject","inLanguage":"fr-FR","@id":"https:\/\/www.sinchisinchi.com\/fr\/#\/schema\/logo\/image\/","url":"https:\/\/www.sinchisinchi.com\/wp-content\/uploads\/2026\/01\/3b-Verde-SIMPLIFICADO-HORIZONTAL-F-TRANSPARENTE-scaled.png","contentUrl":"https:\/\/www.sinchisinchi.com\/wp-content\/uploads\/2026\/01\/3b-Verde-SIMPLIFICADO-HORIZONTAL-F-TRANSPARENTE-scaled.png","width":2560,"height":457,"caption":"SINCHI S.L"},"image":{"@id":"https:\/\/www.sinchisinchi.com\/fr\/#\/schema\/logo\/image\/"},"sameAs":["https:\/\/www.facebook.com\/sinchirape\/","https:\/\/www.instagram.com\/sinchi_rape\/"]}]}},"_links":{"self":[{"href":"https:\/\/www.sinchisinchi.com\/fr\/wp-json\/wp\/v2\/product\/25522","targetHints":{"allow":["GET"]}}],"collection":[{"href":"https:\/\/www.sinchisinchi.com\/fr\/wp-json\/wp\/v2\/product"}],"about":[{"href":"https:\/\/www.sinchisinchi.com\/fr\/wp-json\/wp\/v2\/types\/product"}],"wp:featuredmedia":[{"embeddable":true,"href":"https:\/\/www.sinchisinchi.com\/fr\/wp-json\/wp\/v2\/media\/25523"}],"wp:attachment":[{"href":"https:\/\/www.sinchisinchi.com\/fr\/wp-json\/wp\/v2\/media?parent=25522"}],"wp:term":[{"taxonomy":"product_brand","embeddable":true,"href":"https:\/\/www.sinchisinchi.com\/fr\/wp-json\/wp\/v2\/product_brand?post=25522"},{"taxonomy":"product_cat","embeddable":true,"href":"https:\/\/www.sinchisinchi.com\/fr\/wp-json\/wp\/v2\/product_cat?post=25522"},{"taxonomy":"product_tag","embeddable":true,"href":"https:\/\/www.sinchisinchi.com\/fr\/wp-json\/wp\/v2\/product_tag?post=25522"}],"curies":[{"name":"wp","href":"https:\/\/api.w.org\/{rel}","templated":true}]}}