{"id":25536,"date":"2024-04-23T09:29:08","date_gmt":"2024-04-23T09:29:08","guid":{"rendered":"https:\/\/www.sinchisinchi.com\/producto\/raton-laveur-arapiraca\/"},"modified":"2024-04-23T09:29:08","modified_gmt":"2024-04-23T09:29:08","slug":"raton-laveur-arapiraca","status":"publish","type":"product","link":"https:\/\/www.sinchisinchi.com\/fr\/producto\/raton-laveur-arapiraca\/","title":{"rendered":"Raton laveur Arapiraca"},"content":{"rendered":"<h3 style=\"text-align: center;\">Stockage Mapacho<\/h3>\n<p>Le mapacho peut \u00eatre conserv\u00e9 plusieurs mois s&rsquo;il est emball\u00e9 sous vide, non ouvert. Une fois ouvert, il doit \u00eatre conserv\u00e9 dans un emballage en papier. Lorsque l&rsquo;ext\u00e9rieur devient cassant avec le temps, vous pouvez vaporiser l&rsquo;ext\u00e9rieur avec de l&rsquo;eau distill\u00e9e, afin que le mat\u00e9riau absorbe lentement l&rsquo;eau et que la couche ext\u00e9rieure redevienne fra\u00eeche. Emballez le Mapacho humidifi\u00e9 dans un sac en plastique pendant un ou deux jours maximum. Ensuite, rangez-le \u00e0 nouveau sur du papier sec.<\/p>\n<p>Le mapacho ne peut pas \u00eatre conserv\u00e9 dans un sac en plastique s&rsquo;il n&rsquo;est pas emball\u00e9 sous vide, car cela peut provoquer la formation de moisissures. Conservez-le dans du papier, dans un endroit frais et sec.<\/p>\n","protected":false},"excerpt":{"rendered":"<p>Dans le beau et rustique nord-est du Br\u00e9sil se trouve une ville appel\u00e9e Arapiraca, capitale de l&rsquo;\u00c9tat d&rsquo;Alagoas, premier producteur de Mapacho du Br\u00e9sil.<\/p>\n<p>Dans le nord-est du Br\u00e9sil, ce Mapacho est cultiv\u00e9 depuis l&rsquo;\u00e9poque des grandes plantations et du commerce international transport\u00e9 par galions, il y a des centaines d&rsquo;ann\u00e9es. Aujourd&rsquo;hui, il est encore utilis\u00e9 par les communaut\u00e9s rurales traditionnelles et lors de c\u00e9r\u00e9monies religieuses. Les vieux paysans le fumaient dans des pipes ou l&rsquo;enveloppaient dans des feuilles de ma\u00efs.<\/p>\n<p>Le Mapacho Arapiraca est produit de mani\u00e8re enti\u00e8rement naturelle et est trait\u00e9 et roul\u00e9 manuellement en grands rouleaux. Alors que le mapacho p\u00e9ruvien et amazonien est enroul\u00e9 autour de b\u00e2tons, l&rsquo;arapiraca est battu avec des cordes \u00e0 plusieurs brins, un peu comme une corde en lin ordinaire. Il a un ar\u00f4me profond et agr\u00e9able, et sa couleur est noire et intense.<\/p>\n<p>R\u00e9gion d&rsquo;origine : Arapiraca, Br\u00e9sil<\/p>\n","protected":false},"featured_media":25537,"template":"","meta":{"_joinchat":[]},"product_brand":[],"product_cat":[629],"product_tag":[],"class_list":{"0":"post-25536","1":"product","2":"type-product","3":"status-publish","4":"has-post-thumbnail","6":"product_cat-mapacho-roll-fr","8":"first","9":"instock","10":"taxable","11":"shipping-taxable","12":"purchasable","13":"product-type-variable","14":"has-default-attributes"},"yoast_head":"<!-- This site is optimized with the Yoast SEO plugin v27.4 - https:\/\/yoast.com\/product\/yoast-seo-wordpress\/ -->\n<title>SINCHI STORE : Bras Arapiraca Mapacho du Br\u00e9sil<\/title>\n<meta name=\"description\" content=\"Le Mapacho Arapiraca est produit de mani\u00e8re totalement naturelle et est transform\u00e9 et roul\u00e9 manuellement en rouleaux, c&#039;est un Mapacho amazonien.\" \/>\n<meta name=\"robots\" content=\"index, follow, max-snippet:-1, max-image-preview:large, max-video-preview:-1\" \/>\n<link rel=\"canonical\" href=\"https:\/\/www.sinchisinchi.com\/fr\/producto\/raton-laveur-arapiraca\/\" \/>\n<meta property=\"og:locale\" content=\"fr_FR\" \/>\n<meta property=\"og:type\" content=\"article\" \/>\n<meta property=\"og:title\" content=\"SINCHI STORE : Bras Arapiraca Mapacho du Br\u00e9sil\" \/>\n<meta property=\"og:description\" content=\"Le Mapacho Arapiraca est produit de mani\u00e8re totalement naturelle et est transform\u00e9 et roul\u00e9 manuellement en rouleaux, c&#039;est un Mapacho amazonien.\" \/>\n<meta property=\"og:url\" content=\"https:\/\/www.sinchisinchi.com\/fr\/producto\/raton-laveur-arapiraca\/\" \/>\n<meta property=\"og:site_name\" content=\"SINCHI RAP\u00c9\" \/>\n<meta property=\"article:publisher\" content=\"https:\/\/www.facebook.com\/sinchirape\/\" \/>\n<meta property=\"og:image\" content=\"https:\/\/www.sinchisinchi.com\/wp-content\/uploads\/2024\/04\/Arapiraca-Mapacho.jpg\" \/>\n\t<meta property=\"og:image:width\" content=\"900\" \/>\n\t<meta property=\"og:image:height\" content=\"900\" \/>\n\t<meta property=\"og:image:type\" content=\"image\/jpeg\" \/>\n<meta name=\"twitter:card\" content=\"summary_large_image\" \/>\n<meta name=\"twitter:label1\" content=\"Dur\u00e9e de lecture estim\u00e9e\" \/>\n\t<meta name=\"twitter:data1\" content=\"1 minute\" \/>\n<script type=\"application\/ld+json\" class=\"yoast-schema-graph\">{\"@context\":\"https:\\\/\\\/schema.org\",\"@graph\":[{\"@type\":\"WebPage\",\"@id\":\"https:\\\/\\\/www.sinchisinchi.com\\\/fr\\\/producto\\\/raton-laveur-arapiraca\\\/\",\"url\":\"https:\\\/\\\/www.sinchisinchi.com\\\/fr\\\/producto\\\/raton-laveur-arapiraca\\\/\",\"name\":\"SINCHI STORE : Bras Arapiraca Mapacho du Br\u00e9sil\",\"isPartOf\":{\"@id\":\"https:\\\/\\\/www.sinchisinchi.com\\\/fr\\\/#website\"},\"primaryImageOfPage\":{\"@id\":\"https:\\\/\\\/www.sinchisinchi.com\\\/fr\\\/producto\\\/raton-laveur-arapiraca\\\/#primaryimage\"},\"image\":{\"@id\":\"https:\\\/\\\/www.sinchisinchi.com\\\/fr\\\/producto\\\/raton-laveur-arapiraca\\\/#primaryimage\"},\"thumbnailUrl\":\"https:\\\/\\\/www.sinchisinchi.com\\\/wp-content\\\/uploads\\\/2024\\\/04\\\/Arapiraca-Mapacho.jpg\",\"datePublished\":\"2024-04-23T09:29:08+00:00\",\"description\":\"Le Mapacho Arapiraca est produit de mani\u00e8re totalement naturelle et est transform\u00e9 et roul\u00e9 manuellement en rouleaux, c'est un Mapacho amazonien.\",\"breadcrumb\":{\"@id\":\"https:\\\/\\\/www.sinchisinchi.com\\\/fr\\\/producto\\\/raton-laveur-arapiraca\\\/#breadcrumb\"},\"inLanguage\":\"fr-FR\",\"potentialAction\":[{\"@type\":\"ReadAction\",\"target\":[\"https:\\\/\\\/www.sinchisinchi.com\\\/fr\\\/producto\\\/raton-laveur-arapiraca\\\/\"]}]},{\"@type\":\"ImageObject\",\"inLanguage\":\"fr-FR\",\"@id\":\"https:\\\/\\\/www.sinchisinchi.com\\\/fr\\\/producto\\\/raton-laveur-arapiraca\\\/#primaryimage\",\"url\":\"https:\\\/\\\/www.sinchisinchi.com\\\/wp-content\\\/uploads\\\/2024\\\/04\\\/Arapiraca-Mapacho.jpg\",\"contentUrl\":\"https:\\\/\\\/www.sinchisinchi.com\\\/wp-content\\\/uploads\\\/2024\\\/04\\\/Arapiraca-Mapacho.jpg\",\"width\":900,\"height\":900},{\"@type\":\"BreadcrumbList\",\"@id\":\"https:\\\/\\\/www.sinchisinchi.com\\\/fr\\\/producto\\\/raton-laveur-arapiraca\\\/#breadcrumb\",\"itemListElement\":[{\"@type\":\"ListItem\",\"position\":1,\"name\":\"Prima pagina\",\"item\":\"https:\\\/\\\/www.sinchisinchi.com\\\/fr\\\/\"},{\"@type\":\"ListItem\",\"position\":2,\"name\":\"Produits\",\"item\":\"https:\\\/\\\/www.sinchisinchi.com\\\/fr\\\/shop\\\/\"},{\"@type\":\"ListItem\",\"position\":3,\"name\":\"Raton laveur Arapiraca\"}]},{\"@type\":\"WebSite\",\"@id\":\"https:\\\/\\\/www.sinchisinchi.com\\\/fr\\\/#website\",\"url\":\"https:\\\/\\\/www.sinchisinchi.com\\\/fr\\\/\",\"name\":\"SINCHI\",\"description\":\"Sinchi Medicine\",\"publisher\":{\"@id\":\"https:\\\/\\\/www.sinchisinchi.com\\\/fr\\\/#organization\"},\"potentialAction\":[{\"@type\":\"SearchAction\",\"target\":{\"@type\":\"EntryPoint\",\"urlTemplate\":\"https:\\\/\\\/www.sinchisinchi.com\\\/fr\\\/?s={search_term_string}\"},\"query-input\":{\"@type\":\"PropertyValueSpecification\",\"valueRequired\":true,\"valueName\":\"search_term_string\"}}],\"inLanguage\":\"fr-FR\"},{\"@type\":\"Organization\",\"@id\":\"https:\\\/\\\/www.sinchisinchi.com\\\/fr\\\/#organization\",\"name\":\"SINCHI S.L\",\"url\":\"https:\\\/\\\/www.sinchisinchi.com\\\/fr\\\/\",\"logo\":{\"@type\":\"ImageObject\",\"inLanguage\":\"fr-FR\",\"@id\":\"https:\\\/\\\/www.sinchisinchi.com\\\/fr\\\/#\\\/schema\\\/logo\\\/image\\\/\",\"url\":\"https:\\\/\\\/www.sinchisinchi.com\\\/wp-content\\\/uploads\\\/2026\\\/01\\\/3b-Verde-SIMPLIFICADO-HORIZONTAL-F-TRANSPARENTE-scaled.png\",\"contentUrl\":\"https:\\\/\\\/www.sinchisinchi.com\\\/wp-content\\\/uploads\\\/2026\\\/01\\\/3b-Verde-SIMPLIFICADO-HORIZONTAL-F-TRANSPARENTE-scaled.png\",\"width\":2560,\"height\":457,\"caption\":\"SINCHI S.L\"},\"image\":{\"@id\":\"https:\\\/\\\/www.sinchisinchi.com\\\/fr\\\/#\\\/schema\\\/logo\\\/image\\\/\"},\"sameAs\":[\"https:\\\/\\\/www.facebook.com\\\/sinchirape\\\/\",\"https:\\\/\\\/www.instagram.com\\\/sinchi_rape\\\/\"]}]}<\/script>\n<!-- \/ Yoast SEO plugin. -->","yoast_head_json":{"title":"SINCHI STORE : Bras Arapiraca Mapacho du Br\u00e9sil","description":"Le Mapacho Arapiraca est produit de mani\u00e8re totalement naturelle et est transform\u00e9 et roul\u00e9 manuellement en rouleaux, c'est un Mapacho amazonien.","robots":{"index":"index","follow":"follow","max-snippet":"max-snippet:-1","max-image-preview":"max-image-preview:large","max-video-preview":"max-video-preview:-1"},"canonical":"https:\/\/www.sinchisinchi.com\/fr\/producto\/raton-laveur-arapiraca\/","og_locale":"fr_FR","og_type":"article","og_title":"SINCHI STORE : Bras Arapiraca Mapacho du Br\u00e9sil","og_description":"Le Mapacho Arapiraca est produit de mani\u00e8re totalement naturelle et est transform\u00e9 et roul\u00e9 manuellement en rouleaux, c'est un Mapacho amazonien.","og_url":"https:\/\/www.sinchisinchi.com\/fr\/producto\/raton-laveur-arapiraca\/","og_site_name":"SINCHI RAP\u00c9","article_publisher":"https:\/\/www.facebook.com\/sinchirape\/","og_image":[{"width":900,"height":900,"url":"https:\/\/www.sinchisinchi.com\/wp-content\/uploads\/2024\/04\/Arapiraca-Mapacho.jpg","type":"image\/jpeg"}],"twitter_card":"summary_large_image","twitter_misc":{"Dur\u00e9e de lecture estim\u00e9e":"1 minute"},"schema":{"@context":"https:\/\/schema.org","@graph":[{"@type":"WebPage","@id":"https:\/\/www.sinchisinchi.com\/fr\/producto\/raton-laveur-arapiraca\/","url":"https:\/\/www.sinchisinchi.com\/fr\/producto\/raton-laveur-arapiraca\/","name":"SINCHI STORE : Bras Arapiraca Mapacho du Br\u00e9sil","isPartOf":{"@id":"https:\/\/www.sinchisinchi.com\/fr\/#website"},"primaryImageOfPage":{"@id":"https:\/\/www.sinchisinchi.com\/fr\/producto\/raton-laveur-arapiraca\/#primaryimage"},"image":{"@id":"https:\/\/www.sinchisinchi.com\/fr\/producto\/raton-laveur-arapiraca\/#primaryimage"},"thumbnailUrl":"https:\/\/www.sinchisinchi.com\/wp-content\/uploads\/2024\/04\/Arapiraca-Mapacho.jpg","datePublished":"2024-04-23T09:29:08+00:00","description":"Le Mapacho Arapiraca est produit de mani\u00e8re totalement naturelle et est transform\u00e9 et roul\u00e9 manuellement en rouleaux, c'est un Mapacho amazonien.","breadcrumb":{"@id":"https:\/\/www.sinchisinchi.com\/fr\/producto\/raton-laveur-arapiraca\/#breadcrumb"},"inLanguage":"fr-FR","potentialAction":[{"@type":"ReadAction","target":["https:\/\/www.sinchisinchi.com\/fr\/producto\/raton-laveur-arapiraca\/"]}]},{"@type":"ImageObject","inLanguage":"fr-FR","@id":"https:\/\/www.sinchisinchi.com\/fr\/producto\/raton-laveur-arapiraca\/#primaryimage","url":"https:\/\/www.sinchisinchi.com\/wp-content\/uploads\/2024\/04\/Arapiraca-Mapacho.jpg","contentUrl":"https:\/\/www.sinchisinchi.com\/wp-content\/uploads\/2024\/04\/Arapiraca-Mapacho.jpg","width":900,"height":900},{"@type":"BreadcrumbList","@id":"https:\/\/www.sinchisinchi.com\/fr\/producto\/raton-laveur-arapiraca\/#breadcrumb","itemListElement":[{"@type":"ListItem","position":1,"name":"Prima pagina","item":"https:\/\/www.sinchisinchi.com\/fr\/"},{"@type":"ListItem","position":2,"name":"Produits","item":"https:\/\/www.sinchisinchi.com\/fr\/shop\/"},{"@type":"ListItem","position":3,"name":"Raton laveur Arapiraca"}]},{"@type":"WebSite","@id":"https:\/\/www.sinchisinchi.com\/fr\/#website","url":"https:\/\/www.sinchisinchi.com\/fr\/","name":"SINCHI","description":"Sinchi Medicine","publisher":{"@id":"https:\/\/www.sinchisinchi.com\/fr\/#organization"},"potentialAction":[{"@type":"SearchAction","target":{"@type":"EntryPoint","urlTemplate":"https:\/\/www.sinchisinchi.com\/fr\/?s={search_term_string}"},"query-input":{"@type":"PropertyValueSpecification","valueRequired":true,"valueName":"search_term_string"}}],"inLanguage":"fr-FR"},{"@type":"Organization","@id":"https:\/\/www.sinchisinchi.com\/fr\/#organization","name":"SINCHI S.L","url":"https:\/\/www.sinchisinchi.com\/fr\/","logo":{"@type":"ImageObject","inLanguage":"fr-FR","@id":"https:\/\/www.sinchisinchi.com\/fr\/#\/schema\/logo\/image\/","url":"https:\/\/www.sinchisinchi.com\/wp-content\/uploads\/2026\/01\/3b-Verde-SIMPLIFICADO-HORIZONTAL-F-TRANSPARENTE-scaled.png","contentUrl":"https:\/\/www.sinchisinchi.com\/wp-content\/uploads\/2026\/01\/3b-Verde-SIMPLIFICADO-HORIZONTAL-F-TRANSPARENTE-scaled.png","width":2560,"height":457,"caption":"SINCHI S.L"},"image":{"@id":"https:\/\/www.sinchisinchi.com\/fr\/#\/schema\/logo\/image\/"},"sameAs":["https:\/\/www.facebook.com\/sinchirape\/","https:\/\/www.instagram.com\/sinchi_rape\/"]}]}},"_links":{"self":[{"href":"https:\/\/www.sinchisinchi.com\/fr\/wp-json\/wp\/v2\/product\/25536","targetHints":{"allow":["GET"]}}],"collection":[{"href":"https:\/\/www.sinchisinchi.com\/fr\/wp-json\/wp\/v2\/product"}],"about":[{"href":"https:\/\/www.sinchisinchi.com\/fr\/wp-json\/wp\/v2\/types\/product"}],"wp:featuredmedia":[{"embeddable":true,"href":"https:\/\/www.sinchisinchi.com\/fr\/wp-json\/wp\/v2\/media\/25537"}],"wp:attachment":[{"href":"https:\/\/www.sinchisinchi.com\/fr\/wp-json\/wp\/v2\/media?parent=25536"}],"wp:term":[{"taxonomy":"product_brand","embeddable":true,"href":"https:\/\/www.sinchisinchi.com\/fr\/wp-json\/wp\/v2\/product_brand?post=25536"},{"taxonomy":"product_cat","embeddable":true,"href":"https:\/\/www.sinchisinchi.com\/fr\/wp-json\/wp\/v2\/product_cat?post=25536"},{"taxonomy":"product_tag","embeddable":true,"href":"https:\/\/www.sinchisinchi.com\/fr\/wp-json\/wp\/v2\/product_tag?post=25536"}],"curies":[{"name":"wp","href":"https:\/\/api.w.org\/{rel}","templated":true}]}}