{"id":25556,"date":"2024-04-22T12:17:03","date_gmt":"2024-04-22T12:17:03","guid":{"rendered":"https:\/\/www.sinchisinchi.com\/producto\/lait-danesse\/"},"modified":"2024-04-22T12:17:03","modified_gmt":"2024-04-22T12:17:03","slug":"lait-danesse","status":"publish","type":"product","link":"https:\/\/www.sinchisinchi.com\/fr\/producto\/lait-danesse\/","title":{"rendered":"Lait d&rsquo;\u00e2nesse"},"content":{"rendered":"<p>Le premier auteur \u00e0 \u00e9crire sur les propri\u00e9t\u00e9s m\u00e9dicinales du lait d&rsquo;\u00e2nesse fut le m\u00e9decin grec <strong>Hippocrate,<\/strong> p\u00e8re de la m\u00e9decine, qui le prescrivait pour de nombreuses maladies. (375 av. J.-C.)<\/p>\n<p>Les Romains fabriquaient une boisson de luxe et des produits cosm\u00e9tiques \u00e0 partir du lait d&rsquo;\u00e2nesse.<\/p>\n<p>Les excellentes propri\u00e9t\u00e9s du lait d&rsquo;\u00e2nesse \u00e9taient bien connues du <strong>pape,<\/strong> imp\u00e9ratrice de Rome et <strong>\u00e9pouse de N\u00e9ron,<\/strong> qui, en plus de prendre des bains au lait d&rsquo;\u00e2nesse, inventa un masque imbib\u00e9 de ce lait pour le visage, pour soigner et maintenir la douceur de sa peau.<\/p>\n<p>La s\u0153ur de Napol\u00e9on, Pauline, utilisait \u00e9galement le lait d&rsquo;\u00e2nesse pour prendre soin de sa peau et la garder jeune.<\/p>\n<p>Le savon de Marseille est appr\u00e9ci\u00e9 pour ses nombreuses utilisations et bienfaits. Ses propri\u00e9t\u00e9s hypoallerg\u00e9niques et sa douceur le rendent id\u00e9al pour les peaux sensibles et pour un usage quotidien.<\/p>\n<p>Il poss\u00e8de des propri\u00e9t\u00e9s antiseptiques et cicatrisantes. Il aide \u00e0 maintenir le pH de la peau \u00e0 un niveau ad\u00e9quat.<\/p>\n","protected":false},"excerpt":{"rendered":"<p>Le savon au lait d&rsquo;\u00e2nesse est un excellent alli\u00e9 pour la peau et pour les soins de beaut\u00e9. Le lait d\u2019\u00e2nesse est l\u2019un des produits de beaut\u00e9 les plus recherch\u00e9s, en raison de ses propri\u00e9t\u00e9s reconnues depuis l\u2019Antiquit\u00e9.<\/p>\n<p><strong>Cl\u00e9op\u00e2tre,<\/strong> comme d\u2019autres reines et princesses des civilisations antiques, se baignait dans ce lait riche en nutriments pour garder sa peau jeune et lisse. Selon la l\u00e9gende, Cl\u00e9op\u00e2tre poss\u00e9dait un troupeau de <strong>300 \u00e2nes<\/strong> \u00e0 cet effet.<\/p>\n<p>Le lait d\u2019\u00e2nesse est riche en vitamines A, B1, B2, B6, C, D, E et en min\u00e9raux, ainsi qu\u2019en acides gras.<\/p>\n<p>Il est particuli\u00e8rement utile pour le traitement des peaux s\u00e8ches et sensibles en raison de ses propri\u00e9t\u00e9s hydratantes et de sa richesse en min\u00e9raux tels que le calcium, le phosphore, le fer, le zinc et le magn\u00e9sium. Renforce le tissu cutan\u00e9.<\/p>\n<p>Il aide \u00e0 pr\u00e9venir et \u00e0 r\u00e9duire les rides en stimulant les cellules gr\u00e2ce \u00e0 son effet r\u00e9g\u00e9n\u00e9rant et antioxydant. Gr\u00e2ce \u00e0 sa capacit\u00e9 r\u00e9g\u00e9n\u00e9ratrice et au fait qu&rsquo;il renforce la croissance cellulaire, il est utile pour \u00e9liminer les taches cutan\u00e9es.<\/p>\n<p>Le lait d&rsquo;\u00e2nesse est le plus proche du lait maternel, tr\u00e8s diff\u00e9rent du lait des ruminants qui ont plusieurs estomacs et, en raison de leur processus digestif prolong\u00e9 de trois jours, oxydent les acides gras et les vitamines.<\/p>\n<p><strong>Taille:<\/strong> 125gr<\/p>\n","protected":false},"featured_media":25557,"template":"","meta":{"_joinchat":[]},"product_brand":[],"product_cat":[678],"product_tag":[],"class_list":{"0":"post-25556","1":"product","2":"type-product","3":"status-publish","4":"has-post-thumbnail","6":"product_cat-savons","8":"first","9":"instock","10":"taxable","11":"shipping-taxable","12":"purchasable","13":"product-type-simple"},"yoast_head":"<!-- This site is optimized with the Yoast SEO plugin v27.1.1 - https:\/\/yoast.com\/product\/yoast-seo-wordpress\/ -->\n<title>Savon au lait d&#039;\u00e2nesse : Shamanic Store<\/title>\n<meta name=\"description\" content=\"Savon au lait d&#039;\u00e2nesse : Cl\u00e9op\u00e2tre utilisait ce lait pour baigner sa peau afin de la garder jeune et lisse, et elle avait un troupeau de 300 \u00e2nes \u00e0 cet effet.\" \/>\n<meta name=\"robots\" content=\"index, follow, max-snippet:-1, max-image-preview:large, max-video-preview:-1\" \/>\n<link rel=\"canonical\" href=\"https:\/\/www.sinchisinchi.com\/fr\/producto\/lait-danesse\/\" \/>\n<meta property=\"og:locale\" content=\"fr_FR\" \/>\n<meta property=\"og:type\" content=\"article\" \/>\n<meta property=\"og:title\" content=\"Savon au lait d&#039;\u00e2nesse : Shamanic Store\" \/>\n<meta property=\"og:description\" content=\"Savon au lait d&#039;\u00e2nesse : Cl\u00e9op\u00e2tre utilisait ce lait pour baigner sa peau afin de la garder jeune et lisse, et elle avait un troupeau de 300 \u00e2nes \u00e0 cet effet.\" \/>\n<meta property=\"og:url\" content=\"https:\/\/www.sinchisinchi.com\/fr\/producto\/lait-danesse\/\" \/>\n<meta property=\"og:site_name\" content=\"SINCHI RAP\u00c9\" \/>\n<meta property=\"article:publisher\" content=\"https:\/\/www.facebook.com\/sinchirape\/\" \/>\n<meta property=\"og:image\" content=\"https:\/\/www.sinchisinchi.com\/wp-content\/uploads\/2024\/04\/16-leche-de-burra.jpeg\" \/>\n\t<meta property=\"og:image:width\" content=\"1024\" \/>\n\t<meta property=\"og:image:height\" content=\"1024\" \/>\n\t<meta property=\"og:image:type\" content=\"image\/jpeg\" \/>\n<meta name=\"twitter:card\" content=\"summary_large_image\" \/>\n<meta name=\"twitter:label1\" content=\"Dur\u00e9e de lecture estim\u00e9e\" \/>\n\t<meta name=\"twitter:data1\" content=\"1 minute\" \/>\n<script type=\"application\/ld+json\" class=\"yoast-schema-graph\">{\"@context\":\"https:\/\/schema.org\",\"@graph\":[{\"@type\":\"WebPage\",\"@id\":\"https:\/\/www.sinchisinchi.com\/fr\/producto\/lait-danesse\/\",\"url\":\"https:\/\/www.sinchisinchi.com\/fr\/producto\/lait-danesse\/\",\"name\":\"Savon au lait d'\u00e2nesse : Shamanic Store\",\"isPartOf\":{\"@id\":\"https:\/\/www.sinchisinchi.com\/fr\/#website\"},\"primaryImageOfPage\":{\"@id\":\"https:\/\/www.sinchisinchi.com\/fr\/producto\/lait-danesse\/#primaryimage\"},\"image\":{\"@id\":\"https:\/\/www.sinchisinchi.com\/fr\/producto\/lait-danesse\/#primaryimage\"},\"thumbnailUrl\":\"https:\/\/www.sinchisinchi.com\/wp-content\/uploads\/2024\/04\/16-leche-de-burra.jpeg\",\"datePublished\":\"2024-04-22T12:17:03+00:00\",\"description\":\"Savon au lait d'\u00e2nesse : Cl\u00e9op\u00e2tre utilisait ce lait pour baigner sa peau afin de la garder jeune et lisse, et elle avait un troupeau de 300 \u00e2nes \u00e0 cet effet.\",\"breadcrumb\":{\"@id\":\"https:\/\/www.sinchisinchi.com\/fr\/producto\/lait-danesse\/#breadcrumb\"},\"inLanguage\":\"fr-FR\",\"potentialAction\":[{\"@type\":\"ReadAction\",\"target\":[\"https:\/\/www.sinchisinchi.com\/fr\/producto\/lait-danesse\/\"]}]},{\"@type\":\"ImageObject\",\"inLanguage\":\"fr-FR\",\"@id\":\"https:\/\/www.sinchisinchi.com\/fr\/producto\/lait-danesse\/#primaryimage\",\"url\":\"https:\/\/www.sinchisinchi.com\/wp-content\/uploads\/2024\/04\/16-leche-de-burra.jpeg\",\"contentUrl\":\"https:\/\/www.sinchisinchi.com\/wp-content\/uploads\/2024\/04\/16-leche-de-burra.jpeg\",\"width\":1024,\"height\":1024},{\"@type\":\"BreadcrumbList\",\"@id\":\"https:\/\/www.sinchisinchi.com\/fr\/producto\/lait-danesse\/#breadcrumb\",\"itemListElement\":[{\"@type\":\"ListItem\",\"position\":1,\"name\":\"Prima pagina\",\"item\":\"https:\/\/www.sinchisinchi.com\/fr\/\"},{\"@type\":\"ListItem\",\"position\":2,\"name\":\"Produits\",\"item\":\"https:\/\/www.sinchisinchi.com\/fr\/shop\/\"},{\"@type\":\"ListItem\",\"position\":3,\"name\":\"Lait d&#8217;\u00e2nesse\"}]},{\"@type\":\"WebSite\",\"@id\":\"https:\/\/www.sinchisinchi.com\/fr\/#website\",\"url\":\"https:\/\/www.sinchisinchi.com\/fr\/\",\"name\":\"SINCHI\",\"description\":\"Sinchi Medicine\",\"publisher\":{\"@id\":\"https:\/\/www.sinchisinchi.com\/fr\/#organization\"},\"potentialAction\":[{\"@type\":\"SearchAction\",\"target\":{\"@type\":\"EntryPoint\",\"urlTemplate\":\"https:\/\/www.sinchisinchi.com\/fr\/?s={search_term_string}\"},\"query-input\":{\"@type\":\"PropertyValueSpecification\",\"valueRequired\":true,\"valueName\":\"search_term_string\"}}],\"inLanguage\":\"fr-FR\"},{\"@type\":\"Organization\",\"@id\":\"https:\/\/www.sinchisinchi.com\/fr\/#organization\",\"name\":\"SINCHI S.L\",\"url\":\"https:\/\/www.sinchisinchi.com\/fr\/\",\"logo\":{\"@type\":\"ImageObject\",\"inLanguage\":\"fr-FR\",\"@id\":\"https:\/\/www.sinchisinchi.com\/fr\/#\/schema\/logo\/image\/\",\"url\":\"https:\/\/www.sinchisinchi.com\/wp-content\/uploads\/2026\/01\/3b-Verde-SIMPLIFICADO-HORIZONTAL-F-TRANSPARENTE-scaled.png\",\"contentUrl\":\"https:\/\/www.sinchisinchi.com\/wp-content\/uploads\/2026\/01\/3b-Verde-SIMPLIFICADO-HORIZONTAL-F-TRANSPARENTE-scaled.png\",\"width\":2560,\"height\":457,\"caption\":\"SINCHI S.L\"},\"image\":{\"@id\":\"https:\/\/www.sinchisinchi.com\/fr\/#\/schema\/logo\/image\/\"},\"sameAs\":[\"https:\/\/www.facebook.com\/sinchirape\/\",\"https:\/\/www.instagram.com\/sinchi_rape\/\"]}]}<\/script>\n<!-- \/ Yoast SEO plugin. -->","yoast_head_json":{"title":"Savon au lait d'\u00e2nesse : Shamanic Store","description":"Savon au lait d'\u00e2nesse : Cl\u00e9op\u00e2tre utilisait ce lait pour baigner sa peau afin de la garder jeune et lisse, et elle avait un troupeau de 300 \u00e2nes \u00e0 cet effet.","robots":{"index":"index","follow":"follow","max-snippet":"max-snippet:-1","max-image-preview":"max-image-preview:large","max-video-preview":"max-video-preview:-1"},"canonical":"https:\/\/www.sinchisinchi.com\/fr\/producto\/lait-danesse\/","og_locale":"fr_FR","og_type":"article","og_title":"Savon au lait d'\u00e2nesse : Shamanic Store","og_description":"Savon au lait d'\u00e2nesse : Cl\u00e9op\u00e2tre utilisait ce lait pour baigner sa peau afin de la garder jeune et lisse, et elle avait un troupeau de 300 \u00e2nes \u00e0 cet effet.","og_url":"https:\/\/www.sinchisinchi.com\/fr\/producto\/lait-danesse\/","og_site_name":"SINCHI RAP\u00c9","article_publisher":"https:\/\/www.facebook.com\/sinchirape\/","og_image":[{"width":1024,"height":1024,"url":"https:\/\/www.sinchisinchi.com\/wp-content\/uploads\/2024\/04\/16-leche-de-burra.jpeg","type":"image\/jpeg"}],"twitter_card":"summary_large_image","twitter_misc":{"Dur\u00e9e de lecture estim\u00e9e":"1 minute"},"schema":{"@context":"https:\/\/schema.org","@graph":[{"@type":"WebPage","@id":"https:\/\/www.sinchisinchi.com\/fr\/producto\/lait-danesse\/","url":"https:\/\/www.sinchisinchi.com\/fr\/producto\/lait-danesse\/","name":"Savon au lait d'\u00e2nesse : Shamanic Store","isPartOf":{"@id":"https:\/\/www.sinchisinchi.com\/fr\/#website"},"primaryImageOfPage":{"@id":"https:\/\/www.sinchisinchi.com\/fr\/producto\/lait-danesse\/#primaryimage"},"image":{"@id":"https:\/\/www.sinchisinchi.com\/fr\/producto\/lait-danesse\/#primaryimage"},"thumbnailUrl":"https:\/\/www.sinchisinchi.com\/wp-content\/uploads\/2024\/04\/16-leche-de-burra.jpeg","datePublished":"2024-04-22T12:17:03+00:00","description":"Savon au lait d'\u00e2nesse : Cl\u00e9op\u00e2tre utilisait ce lait pour baigner sa peau afin de la garder jeune et lisse, et elle avait un troupeau de 300 \u00e2nes \u00e0 cet effet.","breadcrumb":{"@id":"https:\/\/www.sinchisinchi.com\/fr\/producto\/lait-danesse\/#breadcrumb"},"inLanguage":"fr-FR","potentialAction":[{"@type":"ReadAction","target":["https:\/\/www.sinchisinchi.com\/fr\/producto\/lait-danesse\/"]}]},{"@type":"ImageObject","inLanguage":"fr-FR","@id":"https:\/\/www.sinchisinchi.com\/fr\/producto\/lait-danesse\/#primaryimage","url":"https:\/\/www.sinchisinchi.com\/wp-content\/uploads\/2024\/04\/16-leche-de-burra.jpeg","contentUrl":"https:\/\/www.sinchisinchi.com\/wp-content\/uploads\/2024\/04\/16-leche-de-burra.jpeg","width":1024,"height":1024},{"@type":"BreadcrumbList","@id":"https:\/\/www.sinchisinchi.com\/fr\/producto\/lait-danesse\/#breadcrumb","itemListElement":[{"@type":"ListItem","position":1,"name":"Prima pagina","item":"https:\/\/www.sinchisinchi.com\/fr\/"},{"@type":"ListItem","position":2,"name":"Produits","item":"https:\/\/www.sinchisinchi.com\/fr\/shop\/"},{"@type":"ListItem","position":3,"name":"Lait d&#8217;\u00e2nesse"}]},{"@type":"WebSite","@id":"https:\/\/www.sinchisinchi.com\/fr\/#website","url":"https:\/\/www.sinchisinchi.com\/fr\/","name":"SINCHI","description":"Sinchi Medicine","publisher":{"@id":"https:\/\/www.sinchisinchi.com\/fr\/#organization"},"potentialAction":[{"@type":"SearchAction","target":{"@type":"EntryPoint","urlTemplate":"https:\/\/www.sinchisinchi.com\/fr\/?s={search_term_string}"},"query-input":{"@type":"PropertyValueSpecification","valueRequired":true,"valueName":"search_term_string"}}],"inLanguage":"fr-FR"},{"@type":"Organization","@id":"https:\/\/www.sinchisinchi.com\/fr\/#organization","name":"SINCHI S.L","url":"https:\/\/www.sinchisinchi.com\/fr\/","logo":{"@type":"ImageObject","inLanguage":"fr-FR","@id":"https:\/\/www.sinchisinchi.com\/fr\/#\/schema\/logo\/image\/","url":"https:\/\/www.sinchisinchi.com\/wp-content\/uploads\/2026\/01\/3b-Verde-SIMPLIFICADO-HORIZONTAL-F-TRANSPARENTE-scaled.png","contentUrl":"https:\/\/www.sinchisinchi.com\/wp-content\/uploads\/2026\/01\/3b-Verde-SIMPLIFICADO-HORIZONTAL-F-TRANSPARENTE-scaled.png","width":2560,"height":457,"caption":"SINCHI S.L"},"image":{"@id":"https:\/\/www.sinchisinchi.com\/fr\/#\/schema\/logo\/image\/"},"sameAs":["https:\/\/www.facebook.com\/sinchirape\/","https:\/\/www.instagram.com\/sinchi_rape\/"]}]}},"_links":{"self":[{"href":"https:\/\/www.sinchisinchi.com\/fr\/wp-json\/wp\/v2\/product\/25556","targetHints":{"allow":["GET"]}}],"collection":[{"href":"https:\/\/www.sinchisinchi.com\/fr\/wp-json\/wp\/v2\/product"}],"about":[{"href":"https:\/\/www.sinchisinchi.com\/fr\/wp-json\/wp\/v2\/types\/product"}],"wp:featuredmedia":[{"embeddable":true,"href":"https:\/\/www.sinchisinchi.com\/fr\/wp-json\/wp\/v2\/media\/25557"}],"wp:attachment":[{"href":"https:\/\/www.sinchisinchi.com\/fr\/wp-json\/wp\/v2\/media?parent=25556"}],"wp:term":[{"taxonomy":"product_brand","embeddable":true,"href":"https:\/\/www.sinchisinchi.com\/fr\/wp-json\/wp\/v2\/product_brand?post=25556"},{"taxonomy":"product_cat","embeddable":true,"href":"https:\/\/www.sinchisinchi.com\/fr\/wp-json\/wp\/v2\/product_cat?post=25556"},{"taxonomy":"product_tag","embeddable":true,"href":"https:\/\/www.sinchisinchi.com\/fr\/wp-json\/wp\/v2\/product_tag?post=25556"}],"curies":[{"name":"wp","href":"https:\/\/api.w.org\/{rel}","templated":true}]}}