{"id":25560,"date":"2024-04-22T12:15:33","date_gmt":"2024-04-22T12:15:33","guid":{"rendered":"https:\/\/www.sinchisinchi.com\/producto\/lait-de-chevre\/"},"modified":"2024-04-22T12:15:33","modified_gmt":"2024-04-22T12:15:33","slug":"lait-de-chevre","status":"publish","type":"product","link":"https:\/\/www.sinchisinchi.com\/fr\/producto\/lait-de-chevre\/","title":{"rendered":"Lait de ch\u00e8vre"},"content":{"rendered":"<p>Selon la l\u00e9gende, le savon aurait \u00e9t\u00e9 d\u00e9couvert \u00e0 Rome par des femmes qui lavaient leur linge dans les eaux du Tibre, au pied du mont Sapo. La substance qui descendait m\u00e9lang\u00e9e \u00e0 l\u2019eau de la rivi\u00e8re faisait briller de propret\u00e9 leurs mains et les v\u00eatements qu\u2019ils lavaient.<\/p>\n<p>Au sommet du mont Sapo, des sacrifices d&rsquo;animaux \u00e9taient faits aux Dieux, et la graisse animale, m\u00e9lang\u00e9e aux cendres des cr\u00e9mations, \u00e9tait transport\u00e9e en bas de la montagne par les pluies et m\u00e9lang\u00e9e \u00e0 d&rsquo;autres mat\u00e9riaux provenant du sol argileux. Cette composition d&rsquo;acides gras (graisses animales) et d&rsquo;hydroxyde de potassium (cendres et eau) donne naissance au savon.<\/p>\n<p>Le processus chimique qui produit du savon s&rsquo;appelle saponification, un mot qui vient probablement du nom Monte Sapo, tout comme le mot sapone (savon en italien).<\/p>\n","protected":false},"excerpt":{"rendered":"<p>Savon naturel au lait de ch\u00e8vre. Le lait de ch\u00e8vre est tr\u00e8s b\u00e9n\u00e9fique pour la peau en raison de sa teneur \u00e9lev\u00e9e en acides gras et en vitamines A, B1, B2, B6, C, D et E, ainsi qu&rsquo;en prot\u00e9ines, magn\u00e9sium, calcium, potassium et phosphore.<\/p>\n<p>Il est tr\u00e8s efficace sur les peaux s\u00e8ches et sensibles qui ont tendance \u00e0 ne pas cicatriser ou qui sont tach\u00e9es. Gr\u00e2ce \u00e0 sa teneur \u00e9lev\u00e9e en antioxydants, c&rsquo;est un puissant traitement anti-\u00e2ge, anti-rides et r\u00e9g\u00e9n\u00e9rant pour la peau.<\/p>\n<p>Le lait de ch\u00e8vre est cr\u00e9meux et riche en acides gras, qui procurent une hydratation profonde et adoucissent la peau.<\/p>\n<p>Ce savon est fabriqu\u00e9 artisanalement \u00e0 Marseille selon des m\u00e9thodes ancestrales et des recettes ancestrales en utilisant des ingr\u00e9dients enti\u00e8rement naturels : eau de mer m\u00e9diterran\u00e9enne, huile essentielle de bois de santal, huiles v\u00e9g\u00e9tales de haute qualit\u00e9 et carbonate de sodium. Il est 100% biod\u00e9gradable.<\/p>\n<p><strong>Taille:<\/strong> 125gr<\/p>\n","protected":false},"featured_media":25561,"template":"","meta":{"_joinchat":[]},"product_brand":[],"product_cat":[678],"product_tag":[],"class_list":{"0":"post-25560","1":"product","2":"type-product","3":"status-publish","4":"has-post-thumbnail","6":"product_cat-savons","8":"first","9":"instock","10":"taxable","11":"shipping-taxable","12":"purchasable","13":"product-type-simple"},"yoast_head":"<!-- This site is optimized with the Yoast SEO plugin v27.4 - https:\/\/yoast.com\/product\/yoast-seo-wordpress\/ -->\n<title>Savon au lait de ch\u00e8vre : Shamanic Shop<\/title>\n<meta name=\"description\" content=\"Savon au lait de ch\u00e8vre : Il est tr\u00e8s b\u00e9n\u00e9fique pour la peau en raison de sa teneur \u00e9lev\u00e9e en acides gras et vitamines, prot\u00e9ines, magn\u00e9sium, calcium, potassium et phosphore.\" \/>\n<meta name=\"robots\" content=\"index, follow, max-snippet:-1, max-image-preview:large, max-video-preview:-1\" \/>\n<link rel=\"canonical\" href=\"https:\/\/www.sinchisinchi.com\/fr\/producto\/lait-de-chevre\/\" \/>\n<meta property=\"og:locale\" content=\"fr_FR\" \/>\n<meta property=\"og:type\" content=\"article\" \/>\n<meta property=\"og:title\" content=\"Savon au lait de ch\u00e8vre : Shamanic Shop\" \/>\n<meta property=\"og:description\" content=\"Savon au lait de ch\u00e8vre : Il est tr\u00e8s b\u00e9n\u00e9fique pour la peau en raison de sa teneur \u00e9lev\u00e9e en acides gras et vitamines, prot\u00e9ines, magn\u00e9sium, calcium, potassium et phosphore.\" \/>\n<meta property=\"og:url\" content=\"https:\/\/www.sinchisinchi.com\/fr\/producto\/lait-de-chevre\/\" \/>\n<meta property=\"og:site_name\" content=\"SINCHI RAP\u00c9\" \/>\n<meta property=\"article:publisher\" content=\"https:\/\/www.facebook.com\/sinchirape\/\" \/>\n<meta property=\"og:image\" content=\"https:\/\/www.sinchisinchi.com\/wp-content\/uploads\/2024\/04\/15-leche-de-cabra.jpeg\" \/>\n\t<meta property=\"og:image:width\" content=\"1024\" \/>\n\t<meta property=\"og:image:height\" content=\"1024\" \/>\n\t<meta property=\"og:image:type\" content=\"image\/jpeg\" \/>\n<meta name=\"twitter:card\" content=\"summary_large_image\" \/>\n<meta name=\"twitter:label1\" content=\"Dur\u00e9e de lecture estim\u00e9e\" \/>\n\t<meta name=\"twitter:data1\" content=\"1 minute\" \/>\n<script type=\"application\/ld+json\" class=\"yoast-schema-graph\">{\"@context\":\"https:\\\/\\\/schema.org\",\"@graph\":[{\"@type\":\"WebPage\",\"@id\":\"https:\\\/\\\/www.sinchisinchi.com\\\/fr\\\/producto\\\/lait-de-chevre\\\/\",\"url\":\"https:\\\/\\\/www.sinchisinchi.com\\\/fr\\\/producto\\\/lait-de-chevre\\\/\",\"name\":\"Savon au lait de ch\u00e8vre : Shamanic Shop\",\"isPartOf\":{\"@id\":\"https:\\\/\\\/www.sinchisinchi.com\\\/fr\\\/#website\"},\"primaryImageOfPage\":{\"@id\":\"https:\\\/\\\/www.sinchisinchi.com\\\/fr\\\/producto\\\/lait-de-chevre\\\/#primaryimage\"},\"image\":{\"@id\":\"https:\\\/\\\/www.sinchisinchi.com\\\/fr\\\/producto\\\/lait-de-chevre\\\/#primaryimage\"},\"thumbnailUrl\":\"https:\\\/\\\/www.sinchisinchi.com\\\/wp-content\\\/uploads\\\/2024\\\/04\\\/15-leche-de-cabra.jpeg\",\"datePublished\":\"2024-04-22T12:15:33+00:00\",\"description\":\"Savon au lait de ch\u00e8vre : Il est tr\u00e8s b\u00e9n\u00e9fique pour la peau en raison de sa teneur \u00e9lev\u00e9e en acides gras et vitamines, prot\u00e9ines, magn\u00e9sium, calcium, potassium et phosphore.\",\"breadcrumb\":{\"@id\":\"https:\\\/\\\/www.sinchisinchi.com\\\/fr\\\/producto\\\/lait-de-chevre\\\/#breadcrumb\"},\"inLanguage\":\"fr-FR\",\"potentialAction\":[{\"@type\":\"ReadAction\",\"target\":[\"https:\\\/\\\/www.sinchisinchi.com\\\/fr\\\/producto\\\/lait-de-chevre\\\/\"]}]},{\"@type\":\"ImageObject\",\"inLanguage\":\"fr-FR\",\"@id\":\"https:\\\/\\\/www.sinchisinchi.com\\\/fr\\\/producto\\\/lait-de-chevre\\\/#primaryimage\",\"url\":\"https:\\\/\\\/www.sinchisinchi.com\\\/wp-content\\\/uploads\\\/2024\\\/04\\\/15-leche-de-cabra.jpeg\",\"contentUrl\":\"https:\\\/\\\/www.sinchisinchi.com\\\/wp-content\\\/uploads\\\/2024\\\/04\\\/15-leche-de-cabra.jpeg\",\"width\":1024,\"height\":1024},{\"@type\":\"BreadcrumbList\",\"@id\":\"https:\\\/\\\/www.sinchisinchi.com\\\/fr\\\/producto\\\/lait-de-chevre\\\/#breadcrumb\",\"itemListElement\":[{\"@type\":\"ListItem\",\"position\":1,\"name\":\"Prima pagina\",\"item\":\"https:\\\/\\\/www.sinchisinchi.com\\\/fr\\\/\"},{\"@type\":\"ListItem\",\"position\":2,\"name\":\"Produits\",\"item\":\"https:\\\/\\\/www.sinchisinchi.com\\\/fr\\\/shop\\\/\"},{\"@type\":\"ListItem\",\"position\":3,\"name\":\"Lait de ch\u00e8vre\"}]},{\"@type\":\"WebSite\",\"@id\":\"https:\\\/\\\/www.sinchisinchi.com\\\/fr\\\/#website\",\"url\":\"https:\\\/\\\/www.sinchisinchi.com\\\/fr\\\/\",\"name\":\"SINCHI\",\"description\":\"Sinchi Medicine\",\"publisher\":{\"@id\":\"https:\\\/\\\/www.sinchisinchi.com\\\/fr\\\/#organization\"},\"potentialAction\":[{\"@type\":\"SearchAction\",\"target\":{\"@type\":\"EntryPoint\",\"urlTemplate\":\"https:\\\/\\\/www.sinchisinchi.com\\\/fr\\\/?s={search_term_string}\"},\"query-input\":{\"@type\":\"PropertyValueSpecification\",\"valueRequired\":true,\"valueName\":\"search_term_string\"}}],\"inLanguage\":\"fr-FR\"},{\"@type\":\"Organization\",\"@id\":\"https:\\\/\\\/www.sinchisinchi.com\\\/fr\\\/#organization\",\"name\":\"SINCHI S.L\",\"url\":\"https:\\\/\\\/www.sinchisinchi.com\\\/fr\\\/\",\"logo\":{\"@type\":\"ImageObject\",\"inLanguage\":\"fr-FR\",\"@id\":\"https:\\\/\\\/www.sinchisinchi.com\\\/fr\\\/#\\\/schema\\\/logo\\\/image\\\/\",\"url\":\"https:\\\/\\\/www.sinchisinchi.com\\\/wp-content\\\/uploads\\\/2026\\\/01\\\/3b-Verde-SIMPLIFICADO-HORIZONTAL-F-TRANSPARENTE-scaled.png\",\"contentUrl\":\"https:\\\/\\\/www.sinchisinchi.com\\\/wp-content\\\/uploads\\\/2026\\\/01\\\/3b-Verde-SIMPLIFICADO-HORIZONTAL-F-TRANSPARENTE-scaled.png\",\"width\":2560,\"height\":457,\"caption\":\"SINCHI S.L\"},\"image\":{\"@id\":\"https:\\\/\\\/www.sinchisinchi.com\\\/fr\\\/#\\\/schema\\\/logo\\\/image\\\/\"},\"sameAs\":[\"https:\\\/\\\/www.facebook.com\\\/sinchirape\\\/\",\"https:\\\/\\\/www.instagram.com\\\/sinchi_rape\\\/\"]}]}<\/script>\n<!-- \/ Yoast SEO plugin. -->","yoast_head_json":{"title":"Savon au lait de ch\u00e8vre : Shamanic Shop","description":"Savon au lait de ch\u00e8vre : Il est tr\u00e8s b\u00e9n\u00e9fique pour la peau en raison de sa teneur \u00e9lev\u00e9e en acides gras et vitamines, prot\u00e9ines, magn\u00e9sium, calcium, potassium et phosphore.","robots":{"index":"index","follow":"follow","max-snippet":"max-snippet:-1","max-image-preview":"max-image-preview:large","max-video-preview":"max-video-preview:-1"},"canonical":"https:\/\/www.sinchisinchi.com\/fr\/producto\/lait-de-chevre\/","og_locale":"fr_FR","og_type":"article","og_title":"Savon au lait de ch\u00e8vre : Shamanic Shop","og_description":"Savon au lait de ch\u00e8vre : Il est tr\u00e8s b\u00e9n\u00e9fique pour la peau en raison de sa teneur \u00e9lev\u00e9e en acides gras et vitamines, prot\u00e9ines, magn\u00e9sium, calcium, potassium et phosphore.","og_url":"https:\/\/www.sinchisinchi.com\/fr\/producto\/lait-de-chevre\/","og_site_name":"SINCHI RAP\u00c9","article_publisher":"https:\/\/www.facebook.com\/sinchirape\/","og_image":[{"width":1024,"height":1024,"url":"https:\/\/www.sinchisinchi.com\/wp-content\/uploads\/2024\/04\/15-leche-de-cabra.jpeg","type":"image\/jpeg"}],"twitter_card":"summary_large_image","twitter_misc":{"Dur\u00e9e de lecture estim\u00e9e":"1 minute"},"schema":{"@context":"https:\/\/schema.org","@graph":[{"@type":"WebPage","@id":"https:\/\/www.sinchisinchi.com\/fr\/producto\/lait-de-chevre\/","url":"https:\/\/www.sinchisinchi.com\/fr\/producto\/lait-de-chevre\/","name":"Savon au lait de ch\u00e8vre : Shamanic Shop","isPartOf":{"@id":"https:\/\/www.sinchisinchi.com\/fr\/#website"},"primaryImageOfPage":{"@id":"https:\/\/www.sinchisinchi.com\/fr\/producto\/lait-de-chevre\/#primaryimage"},"image":{"@id":"https:\/\/www.sinchisinchi.com\/fr\/producto\/lait-de-chevre\/#primaryimage"},"thumbnailUrl":"https:\/\/www.sinchisinchi.com\/wp-content\/uploads\/2024\/04\/15-leche-de-cabra.jpeg","datePublished":"2024-04-22T12:15:33+00:00","description":"Savon au lait de ch\u00e8vre : Il est tr\u00e8s b\u00e9n\u00e9fique pour la peau en raison de sa teneur \u00e9lev\u00e9e en acides gras et vitamines, prot\u00e9ines, magn\u00e9sium, calcium, potassium et phosphore.","breadcrumb":{"@id":"https:\/\/www.sinchisinchi.com\/fr\/producto\/lait-de-chevre\/#breadcrumb"},"inLanguage":"fr-FR","potentialAction":[{"@type":"ReadAction","target":["https:\/\/www.sinchisinchi.com\/fr\/producto\/lait-de-chevre\/"]}]},{"@type":"ImageObject","inLanguage":"fr-FR","@id":"https:\/\/www.sinchisinchi.com\/fr\/producto\/lait-de-chevre\/#primaryimage","url":"https:\/\/www.sinchisinchi.com\/wp-content\/uploads\/2024\/04\/15-leche-de-cabra.jpeg","contentUrl":"https:\/\/www.sinchisinchi.com\/wp-content\/uploads\/2024\/04\/15-leche-de-cabra.jpeg","width":1024,"height":1024},{"@type":"BreadcrumbList","@id":"https:\/\/www.sinchisinchi.com\/fr\/producto\/lait-de-chevre\/#breadcrumb","itemListElement":[{"@type":"ListItem","position":1,"name":"Prima pagina","item":"https:\/\/www.sinchisinchi.com\/fr\/"},{"@type":"ListItem","position":2,"name":"Produits","item":"https:\/\/www.sinchisinchi.com\/fr\/shop\/"},{"@type":"ListItem","position":3,"name":"Lait de ch\u00e8vre"}]},{"@type":"WebSite","@id":"https:\/\/www.sinchisinchi.com\/fr\/#website","url":"https:\/\/www.sinchisinchi.com\/fr\/","name":"SINCHI","description":"Sinchi Medicine","publisher":{"@id":"https:\/\/www.sinchisinchi.com\/fr\/#organization"},"potentialAction":[{"@type":"SearchAction","target":{"@type":"EntryPoint","urlTemplate":"https:\/\/www.sinchisinchi.com\/fr\/?s={search_term_string}"},"query-input":{"@type":"PropertyValueSpecification","valueRequired":true,"valueName":"search_term_string"}}],"inLanguage":"fr-FR"},{"@type":"Organization","@id":"https:\/\/www.sinchisinchi.com\/fr\/#organization","name":"SINCHI S.L","url":"https:\/\/www.sinchisinchi.com\/fr\/","logo":{"@type":"ImageObject","inLanguage":"fr-FR","@id":"https:\/\/www.sinchisinchi.com\/fr\/#\/schema\/logo\/image\/","url":"https:\/\/www.sinchisinchi.com\/wp-content\/uploads\/2026\/01\/3b-Verde-SIMPLIFICADO-HORIZONTAL-F-TRANSPARENTE-scaled.png","contentUrl":"https:\/\/www.sinchisinchi.com\/wp-content\/uploads\/2026\/01\/3b-Verde-SIMPLIFICADO-HORIZONTAL-F-TRANSPARENTE-scaled.png","width":2560,"height":457,"caption":"SINCHI S.L"},"image":{"@id":"https:\/\/www.sinchisinchi.com\/fr\/#\/schema\/logo\/image\/"},"sameAs":["https:\/\/www.facebook.com\/sinchirape\/","https:\/\/www.instagram.com\/sinchi_rape\/"]}]}},"_links":{"self":[{"href":"https:\/\/www.sinchisinchi.com\/fr\/wp-json\/wp\/v2\/product\/25560","targetHints":{"allow":["GET"]}}],"collection":[{"href":"https:\/\/www.sinchisinchi.com\/fr\/wp-json\/wp\/v2\/product"}],"about":[{"href":"https:\/\/www.sinchisinchi.com\/fr\/wp-json\/wp\/v2\/types\/product"}],"wp:featuredmedia":[{"embeddable":true,"href":"https:\/\/www.sinchisinchi.com\/fr\/wp-json\/wp\/v2\/media\/25561"}],"wp:attachment":[{"href":"https:\/\/www.sinchisinchi.com\/fr\/wp-json\/wp\/v2\/media?parent=25560"}],"wp:term":[{"taxonomy":"product_brand","embeddable":true,"href":"https:\/\/www.sinchisinchi.com\/fr\/wp-json\/wp\/v2\/product_brand?post=25560"},{"taxonomy":"product_cat","embeddable":true,"href":"https:\/\/www.sinchisinchi.com\/fr\/wp-json\/wp\/v2\/product_cat?post=25560"},{"taxonomy":"product_tag","embeddable":true,"href":"https:\/\/www.sinchisinchi.com\/fr\/wp-json\/wp\/v2\/product_tag?post=25560"}],"curies":[{"name":"wp","href":"https:\/\/api.w.org\/{rel}","templated":true}]}}