{"id":25574,"date":"2024-04-22T12:12:17","date_gmt":"2024-04-22T12:12:17","guid":{"rendered":"https:\/\/www.sinchisinchi.com\/producto\/fraise\/"},"modified":"2024-04-22T12:12:17","modified_gmt":"2024-04-22T12:12:17","slug":"fraise","status":"publish","type":"product","link":"https:\/\/www.sinchisinchi.com\/fr\/producto\/fraise\/","title":{"rendered":"Fraise"},"content":{"rendered":"<h2 style=\"text-align: center;\"><strong>Propri\u00e9t\u00e9s magiques<\/strong><\/h2>\n<p>Les fraises sont associ\u00e9es \u00e0 la<strong> plan\u00e8te de l&rsquo;amour,<\/strong> V\u00e9nus, et \u00e0 Aphrodite, <strong>d\u00e9esse de l&rsquo;amour<\/strong> et de la beaut\u00e9. Elles sont \u00e9galement associ\u00e9es \u00e0<strong> Freya,<\/strong> d\u00e9esse de la mythologie nordique et germanique, \u00e0 laquelle on associe la maternit\u00e9 et la fertilit\u00e9.<\/p>\n<p>La <strong>Vierge Marie<\/strong> a \u00e9t\u00e9 repr\u00e9sent\u00e9e entour\u00e9e de fraises, ou accompagnant des enfants pour les cueillir ; La fraise est li\u00e9e \u00e0 la maternit\u00e9, \u00e0 l\u2019amour profond, \u00e0 l\u2019affection affectueuse qui se transmet de l\u2019amiti\u00e9 \u00e0 la romance.<\/p>\n<p>De vieilles histoires europ\u00e9ennes indiquent que les <strong>f\u00e9es des for\u00eats<\/strong> adoraient les fraises et que les agriculteurs les attiraient en les plantant, car elles aidaient \u00e0 avoir de bonnes r\u00e9coltes et assuraient une bonne sant\u00e9 et fertilit\u00e9 \u00e0 la famille et au b\u00e9tail.<\/p>\n<p>La fraise est un excellent aphrodisiaque en raison de sa couleur, de sa saveur et de son ar\u00f4me.<\/p>\n<h3 style=\"text-align: center;\"><strong>Histoire<\/strong><\/h3>\n<p>En <strong>2500 avant JC,<\/strong> les pouvoirs d\u00e9toxifiants des fraises \u00e9taient d\u00e9j\u00e0 connus en <strong>Asie,<\/strong> car les feuilles \u00e9taient utilis\u00e9es pour faire du th\u00e9 et r\u00e9duire les toxines dans le corps, ainsi que pour retarder le vieillissement et combattre la fatigue.<\/p>\n<p><strong>Les Romains<\/strong> utilisaient les fraises pour leurs propri\u00e9t\u00e9s b\u00e9n\u00e9fiques pour le syst\u00e8me digestif et pour procurer une bonne haleine, ainsi que pour leurs vertus aphrodisiaques.<\/p>\n<p><strong>En Am\u00e9rique,<\/strong> la fraise a \u00e9t\u00e9 introduite aux indig\u00e8nes par les Espagnols, les Portugais et les Britanniques, et elle est traditionnellement utilis\u00e9e dans le th\u00e9, y compris la plante enti\u00e8re ; fruits, feuilles et racines. Ils \u00e9crasent \u00e9galement les feuilles pour cr\u00e9er une pommade pour la peau.<\/p>\n","protected":false},"excerpt":{"rendered":"<p>Le savon naturel \u00e0 la fraise est riche en antioxydants, en vitamine C et E, qui combattent l&rsquo;effet des radicaux libres sur la peau. Combat le vieillissement pr\u00e9matur\u00e9 de la peau et r\u00e9duit les rides.<\/p>\n<p>Le mangan\u00e8se et le potassium contribuent \u00e0 am\u00e9liorer la sant\u00e9 globale de la peau en aidant les antioxydants \u00e0 mieux fonctionner et les cellules \u00e0 retenir plus d\u2019eau.<\/p>\n<p>Sa capacit\u00e9 hydratante laisse la peau douce et nourrie, ce qui la rend fortement recommand\u00e9e pour les peaux s\u00e8ches.<\/p>\n<p>Le fraisier est une plante f\u00e9minine, associ\u00e9e \u00e0 la plan\u00e8te V\u00e9nus, \u00e0 la d\u00e9esse <strong>Aphrodite,<\/strong> \u00e0 l&rsquo;\u00e9l\u00e9ment <strong>eau,<\/strong> <strong>\u00e0 l&rsquo;amour et \u00e0 la bonne fortune.<\/strong><\/p>\n","protected":false},"featured_media":25575,"template":"","meta":{"_joinchat":[]},"product_brand":[],"product_cat":[678],"product_tag":[],"class_list":{"0":"post-25574","1":"product","2":"type-product","3":"status-publish","4":"has-post-thumbnail","6":"product_cat-savons","8":"first","9":"instock","10":"taxable","11":"shipping-taxable","12":"purchasable","13":"product-type-simple"},"yoast_head":"<!-- This site is optimized with the Yoast SEO plugin v27.1.1 - https:\/\/yoast.com\/product\/yoast-seo-wordpress\/ -->\n<title>Savon \u00e0 la fraise : Shamanic Shop<\/title>\n<meta name=\"description\" content=\"Le fraisier est une plante f\u00e9minine, associ\u00e9e \u00e0 la plan\u00e8te V\u00e9nus, \u00e0 la d\u00e9esse Aphrodite, \u00e0 l&#039;\u00e9l\u00e9ment eau, \u00e0 l&#039;amour et \u00e0 la bonne fortune.\" \/>\n<meta name=\"robots\" content=\"index, follow, max-snippet:-1, max-image-preview:large, max-video-preview:-1\" \/>\n<link rel=\"canonical\" href=\"https:\/\/www.sinchisinchi.com\/fr\/producto\/fraise\/\" \/>\n<meta property=\"og:locale\" content=\"fr_FR\" \/>\n<meta property=\"og:type\" content=\"article\" \/>\n<meta property=\"og:title\" content=\"Savon \u00e0 la fraise : Shamanic Shop\" \/>\n<meta property=\"og:description\" content=\"Le fraisier est une plante f\u00e9minine, associ\u00e9e \u00e0 la plan\u00e8te V\u00e9nus, \u00e0 la d\u00e9esse Aphrodite, \u00e0 l&#039;\u00e9l\u00e9ment eau, \u00e0 l&#039;amour et \u00e0 la bonne fortune.\" \/>\n<meta property=\"og:url\" content=\"https:\/\/www.sinchisinchi.com\/fr\/producto\/fraise\/\" \/>\n<meta property=\"og:site_name\" content=\"SINCHI RAP\u00c9\" \/>\n<meta property=\"article:publisher\" content=\"https:\/\/www.facebook.com\/sinchirape\/\" \/>\n<meta property=\"og:image\" content=\"https:\/\/www.sinchisinchi.com\/wp-content\/uploads\/2024\/04\/13-fresa.jpeg\" \/>\n\t<meta property=\"og:image:width\" content=\"1024\" \/>\n\t<meta property=\"og:image:height\" content=\"1024\" \/>\n\t<meta property=\"og:image:type\" content=\"image\/jpeg\" \/>\n<meta name=\"twitter:card\" content=\"summary_large_image\" \/>\n<meta name=\"twitter:label1\" content=\"Dur\u00e9e de lecture estim\u00e9e\" \/>\n\t<meta name=\"twitter:data1\" content=\"1 minute\" \/>\n<script type=\"application\/ld+json\" class=\"yoast-schema-graph\">{\"@context\":\"https:\/\/schema.org\",\"@graph\":[{\"@type\":\"WebPage\",\"@id\":\"https:\/\/www.sinchisinchi.com\/fr\/producto\/fraise\/\",\"url\":\"https:\/\/www.sinchisinchi.com\/fr\/producto\/fraise\/\",\"name\":\"Savon \u00e0 la fraise : Shamanic Shop\",\"isPartOf\":{\"@id\":\"https:\/\/www.sinchisinchi.com\/fr\/#website\"},\"primaryImageOfPage\":{\"@id\":\"https:\/\/www.sinchisinchi.com\/fr\/producto\/fraise\/#primaryimage\"},\"image\":{\"@id\":\"https:\/\/www.sinchisinchi.com\/fr\/producto\/fraise\/#primaryimage\"},\"thumbnailUrl\":\"https:\/\/www.sinchisinchi.com\/wp-content\/uploads\/2024\/04\/13-fresa.jpeg\",\"datePublished\":\"2024-04-22T12:12:17+00:00\",\"description\":\"Le fraisier est une plante f\u00e9minine, associ\u00e9e \u00e0 la plan\u00e8te V\u00e9nus, \u00e0 la d\u00e9esse Aphrodite, \u00e0 l'\u00e9l\u00e9ment eau, \u00e0 l'amour et \u00e0 la bonne fortune.\",\"breadcrumb\":{\"@id\":\"https:\/\/www.sinchisinchi.com\/fr\/producto\/fraise\/#breadcrumb\"},\"inLanguage\":\"fr-FR\",\"potentialAction\":[{\"@type\":\"ReadAction\",\"target\":[\"https:\/\/www.sinchisinchi.com\/fr\/producto\/fraise\/\"]}]},{\"@type\":\"ImageObject\",\"inLanguage\":\"fr-FR\",\"@id\":\"https:\/\/www.sinchisinchi.com\/fr\/producto\/fraise\/#primaryimage\",\"url\":\"https:\/\/www.sinchisinchi.com\/wp-content\/uploads\/2024\/04\/13-fresa.jpeg\",\"contentUrl\":\"https:\/\/www.sinchisinchi.com\/wp-content\/uploads\/2024\/04\/13-fresa.jpeg\",\"width\":1024,\"height\":1024},{\"@type\":\"BreadcrumbList\",\"@id\":\"https:\/\/www.sinchisinchi.com\/fr\/producto\/fraise\/#breadcrumb\",\"itemListElement\":[{\"@type\":\"ListItem\",\"position\":1,\"name\":\"Prima pagina\",\"item\":\"https:\/\/www.sinchisinchi.com\/fr\/\"},{\"@type\":\"ListItem\",\"position\":2,\"name\":\"Produits\",\"item\":\"https:\/\/www.sinchisinchi.com\/fr\/shop\/\"},{\"@type\":\"ListItem\",\"position\":3,\"name\":\"Fraise\"}]},{\"@type\":\"WebSite\",\"@id\":\"https:\/\/www.sinchisinchi.com\/fr\/#website\",\"url\":\"https:\/\/www.sinchisinchi.com\/fr\/\",\"name\":\"SINCHI\",\"description\":\"Sinchi Medicine\",\"publisher\":{\"@id\":\"https:\/\/www.sinchisinchi.com\/fr\/#organization\"},\"potentialAction\":[{\"@type\":\"SearchAction\",\"target\":{\"@type\":\"EntryPoint\",\"urlTemplate\":\"https:\/\/www.sinchisinchi.com\/fr\/?s={search_term_string}\"},\"query-input\":{\"@type\":\"PropertyValueSpecification\",\"valueRequired\":true,\"valueName\":\"search_term_string\"}}],\"inLanguage\":\"fr-FR\"},{\"@type\":\"Organization\",\"@id\":\"https:\/\/www.sinchisinchi.com\/fr\/#organization\",\"name\":\"SINCHI S.L\",\"url\":\"https:\/\/www.sinchisinchi.com\/fr\/\",\"logo\":{\"@type\":\"ImageObject\",\"inLanguage\":\"fr-FR\",\"@id\":\"https:\/\/www.sinchisinchi.com\/fr\/#\/schema\/logo\/image\/\",\"url\":\"https:\/\/www.sinchisinchi.com\/wp-content\/uploads\/2026\/01\/3b-Verde-SIMPLIFICADO-HORIZONTAL-F-TRANSPARENTE-scaled.png\",\"contentUrl\":\"https:\/\/www.sinchisinchi.com\/wp-content\/uploads\/2026\/01\/3b-Verde-SIMPLIFICADO-HORIZONTAL-F-TRANSPARENTE-scaled.png\",\"width\":2560,\"height\":457,\"caption\":\"SINCHI S.L\"},\"image\":{\"@id\":\"https:\/\/www.sinchisinchi.com\/fr\/#\/schema\/logo\/image\/\"},\"sameAs\":[\"https:\/\/www.facebook.com\/sinchirape\/\",\"https:\/\/www.instagram.com\/sinchi_rape\/\"]}]}<\/script>\n<!-- \/ Yoast SEO plugin. -->","yoast_head_json":{"title":"Savon \u00e0 la fraise : Shamanic Shop","description":"Le fraisier est une plante f\u00e9minine, associ\u00e9e \u00e0 la plan\u00e8te V\u00e9nus, \u00e0 la d\u00e9esse Aphrodite, \u00e0 l'\u00e9l\u00e9ment eau, \u00e0 l'amour et \u00e0 la bonne fortune.","robots":{"index":"index","follow":"follow","max-snippet":"max-snippet:-1","max-image-preview":"max-image-preview:large","max-video-preview":"max-video-preview:-1"},"canonical":"https:\/\/www.sinchisinchi.com\/fr\/producto\/fraise\/","og_locale":"fr_FR","og_type":"article","og_title":"Savon \u00e0 la fraise : Shamanic Shop","og_description":"Le fraisier est une plante f\u00e9minine, associ\u00e9e \u00e0 la plan\u00e8te V\u00e9nus, \u00e0 la d\u00e9esse Aphrodite, \u00e0 l'\u00e9l\u00e9ment eau, \u00e0 l'amour et \u00e0 la bonne fortune.","og_url":"https:\/\/www.sinchisinchi.com\/fr\/producto\/fraise\/","og_site_name":"SINCHI RAP\u00c9","article_publisher":"https:\/\/www.facebook.com\/sinchirape\/","og_image":[{"width":1024,"height":1024,"url":"https:\/\/www.sinchisinchi.com\/wp-content\/uploads\/2024\/04\/13-fresa.jpeg","type":"image\/jpeg"}],"twitter_card":"summary_large_image","twitter_misc":{"Dur\u00e9e de lecture estim\u00e9e":"1 minute"},"schema":{"@context":"https:\/\/schema.org","@graph":[{"@type":"WebPage","@id":"https:\/\/www.sinchisinchi.com\/fr\/producto\/fraise\/","url":"https:\/\/www.sinchisinchi.com\/fr\/producto\/fraise\/","name":"Savon \u00e0 la fraise : Shamanic Shop","isPartOf":{"@id":"https:\/\/www.sinchisinchi.com\/fr\/#website"},"primaryImageOfPage":{"@id":"https:\/\/www.sinchisinchi.com\/fr\/producto\/fraise\/#primaryimage"},"image":{"@id":"https:\/\/www.sinchisinchi.com\/fr\/producto\/fraise\/#primaryimage"},"thumbnailUrl":"https:\/\/www.sinchisinchi.com\/wp-content\/uploads\/2024\/04\/13-fresa.jpeg","datePublished":"2024-04-22T12:12:17+00:00","description":"Le fraisier est une plante f\u00e9minine, associ\u00e9e \u00e0 la plan\u00e8te V\u00e9nus, \u00e0 la d\u00e9esse Aphrodite, \u00e0 l'\u00e9l\u00e9ment eau, \u00e0 l'amour et \u00e0 la bonne fortune.","breadcrumb":{"@id":"https:\/\/www.sinchisinchi.com\/fr\/producto\/fraise\/#breadcrumb"},"inLanguage":"fr-FR","potentialAction":[{"@type":"ReadAction","target":["https:\/\/www.sinchisinchi.com\/fr\/producto\/fraise\/"]}]},{"@type":"ImageObject","inLanguage":"fr-FR","@id":"https:\/\/www.sinchisinchi.com\/fr\/producto\/fraise\/#primaryimage","url":"https:\/\/www.sinchisinchi.com\/wp-content\/uploads\/2024\/04\/13-fresa.jpeg","contentUrl":"https:\/\/www.sinchisinchi.com\/wp-content\/uploads\/2024\/04\/13-fresa.jpeg","width":1024,"height":1024},{"@type":"BreadcrumbList","@id":"https:\/\/www.sinchisinchi.com\/fr\/producto\/fraise\/#breadcrumb","itemListElement":[{"@type":"ListItem","position":1,"name":"Prima pagina","item":"https:\/\/www.sinchisinchi.com\/fr\/"},{"@type":"ListItem","position":2,"name":"Produits","item":"https:\/\/www.sinchisinchi.com\/fr\/shop\/"},{"@type":"ListItem","position":3,"name":"Fraise"}]},{"@type":"WebSite","@id":"https:\/\/www.sinchisinchi.com\/fr\/#website","url":"https:\/\/www.sinchisinchi.com\/fr\/","name":"SINCHI","description":"Sinchi Medicine","publisher":{"@id":"https:\/\/www.sinchisinchi.com\/fr\/#organization"},"potentialAction":[{"@type":"SearchAction","target":{"@type":"EntryPoint","urlTemplate":"https:\/\/www.sinchisinchi.com\/fr\/?s={search_term_string}"},"query-input":{"@type":"PropertyValueSpecification","valueRequired":true,"valueName":"search_term_string"}}],"inLanguage":"fr-FR"},{"@type":"Organization","@id":"https:\/\/www.sinchisinchi.com\/fr\/#organization","name":"SINCHI S.L","url":"https:\/\/www.sinchisinchi.com\/fr\/","logo":{"@type":"ImageObject","inLanguage":"fr-FR","@id":"https:\/\/www.sinchisinchi.com\/fr\/#\/schema\/logo\/image\/","url":"https:\/\/www.sinchisinchi.com\/wp-content\/uploads\/2026\/01\/3b-Verde-SIMPLIFICADO-HORIZONTAL-F-TRANSPARENTE-scaled.png","contentUrl":"https:\/\/www.sinchisinchi.com\/wp-content\/uploads\/2026\/01\/3b-Verde-SIMPLIFICADO-HORIZONTAL-F-TRANSPARENTE-scaled.png","width":2560,"height":457,"caption":"SINCHI S.L"},"image":{"@id":"https:\/\/www.sinchisinchi.com\/fr\/#\/schema\/logo\/image\/"},"sameAs":["https:\/\/www.facebook.com\/sinchirape\/","https:\/\/www.instagram.com\/sinchi_rape\/"]}]}},"_links":{"self":[{"href":"https:\/\/www.sinchisinchi.com\/fr\/wp-json\/wp\/v2\/product\/25574","targetHints":{"allow":["GET"]}}],"collection":[{"href":"https:\/\/www.sinchisinchi.com\/fr\/wp-json\/wp\/v2\/product"}],"about":[{"href":"https:\/\/www.sinchisinchi.com\/fr\/wp-json\/wp\/v2\/types\/product"}],"wp:featuredmedia":[{"embeddable":true,"href":"https:\/\/www.sinchisinchi.com\/fr\/wp-json\/wp\/v2\/media\/25575"}],"wp:attachment":[{"href":"https:\/\/www.sinchisinchi.com\/fr\/wp-json\/wp\/v2\/media?parent=25574"}],"wp:term":[{"taxonomy":"product_brand","embeddable":true,"href":"https:\/\/www.sinchisinchi.com\/fr\/wp-json\/wp\/v2\/product_brand?post=25574"},{"taxonomy":"product_cat","embeddable":true,"href":"https:\/\/www.sinchisinchi.com\/fr\/wp-json\/wp\/v2\/product_cat?post=25574"},{"taxonomy":"product_tag","embeddable":true,"href":"https:\/\/www.sinchisinchi.com\/fr\/wp-json\/wp\/v2\/product_tag?post=25574"}],"curies":[{"name":"wp","href":"https:\/\/api.w.org\/{rel}","templated":true}]}}