{"id":25578,"date":"2024-04-22T12:10:58","date_gmt":"2024-04-22T12:10:58","guid":{"rendered":"https:\/\/www.sinchisinchi.com\/producto\/bergamote\/"},"modified":"2024-04-22T12:10:58","modified_gmt":"2024-04-22T12:10:58","slug":"bergamote","status":"publish","type":"product","link":"https:\/\/www.sinchisinchi.com\/fr\/producto\/bergamote\/","title":{"rendered":"Bergamote"},"content":{"rendered":"<h2 style=\"text-align: center;\"><strong>Usine<\/strong><\/h2>\n<p>La bergamote (C. aurantium subsp. bergamia, ou Citrus bergamia) est une vari\u00e9t\u00e9 d&rsquo;orange am\u00e8re, consid\u00e9r\u00e9e comme un m\u00e9lange entre le citron et l&rsquo;orange, cultiv\u00e9e dans la r\u00e9gion de Bergame dans le nord de l&rsquo;Italie, bien qu&rsquo;elle soit originaire d&rsquo;Asie du Sud.<\/p>\n<p>C&rsquo;est un agrume tr\u00e8s nutritif de couleur jaune, de taille similaire \u00e0 une orange et au jus acide et amer. L&rsquo;huile essentielle de bergamote est extraite de la peau du fruit. Il poss\u00e8de des propri\u00e9t\u00e9s adoucissantes, rafra\u00eechissantes et tonifiantes pour la peau.<\/p>\n<p>La bergamote ne doit pas \u00eatre appliqu\u00e9e avant un bain de soleil, car elle peut provoquer des taches disgracieuses sur la peau, en raison de ses propri\u00e9t\u00e9s photosensibilisantes.<\/p>\n<p>Le bergamotier est originaire d&rsquo;Asie du Sud-Est, d&rsquo;o\u00f9 proviennent les agrumes, et a ensuite \u00e9t\u00e9 transport\u00e9 jusqu&rsquo;en Perse et en M\u00e9diterran\u00e9e le long de la route de la soie.<\/p>\n<p>Le mot \u00ab bergamote \u00bb a deux origines possibles. Une histoire raconte que cela d\u00e9rive du nom de la ville italienne de Bergame, c\u00e9l\u00e8bre pour ses vergers de bergamotes. Un autre r\u00e9cit raconte que le nom viendrait du mot bey \u00ab armut \u00bb, qui signifie en turc \u00ab poire du prince \u00bb.<\/p>\n","protected":false},"excerpt":{"rendered":"<p>Le savon naturel \u00e0 la bergamote est id\u00e9al pour r\u00e9duire l&rsquo;exc\u00e8s de s\u00e9bum sur le visage et pr\u00e9venir les rides. Il est \u00e9nergisant et stimulant, son parfum est frais, doux et fruit\u00e9. Il poss\u00e8de des propri\u00e9t\u00e9s analg\u00e9siques, antiseptiques, cicatrisantes et s\u00e9datives.<\/p>\n<p>Ce savon est fabriqu\u00e9 artisanalement \u00e0 Marseille selon des m\u00e9thodes ancestrales et des recettes ancestrales en utilisant des ingr\u00e9dients enti\u00e8rement naturels : eau de mer m\u00e9diterran\u00e9enne, huile essentielle de bois de santal, huiles v\u00e9g\u00e9tales de haute qualit\u00e9 et carbonate de sodium. Il est 100% biod\u00e9gradable.<\/p>\n<p>&nbsp;<\/p>\n<p><strong>Taille:<\/strong> 125gr<\/p>\n","protected":false},"featured_media":25580,"template":"","meta":{"_joinchat":[]},"product_brand":[],"product_cat":[678],"product_tag":[],"class_list":{"0":"post-25578","1":"product","2":"type-product","3":"status-publish","4":"has-post-thumbnail","6":"product_cat-savons","8":"first","9":"instock","10":"taxable","11":"shipping-taxable","12":"purchasable","13":"product-type-simple"},"yoast_head":"<!-- This site is optimized with the Yoast SEO plugin v27.1.1 - https:\/\/yoast.com\/product\/yoast-seo-wordpress\/ -->\n<title>Savon \u00e0 la bergamote : Shamanic Shop<\/title>\n<meta name=\"description\" content=\"La bergamote est une vari\u00e9t\u00e9 d&#039;orange am\u00e8re, consid\u00e9r\u00e9e comme un m\u00e9lange entre le citron et l&#039;orange, cultiv\u00e9e dans la r\u00e9gion de Bergame, dans le nord de l&#039;Italie.\" \/>\n<meta name=\"robots\" content=\"index, follow, max-snippet:-1, max-image-preview:large, max-video-preview:-1\" \/>\n<link rel=\"canonical\" href=\"https:\/\/www.sinchisinchi.com\/fr\/producto\/bergamote\/\" \/>\n<meta property=\"og:locale\" content=\"fr_FR\" \/>\n<meta property=\"og:type\" content=\"article\" \/>\n<meta property=\"og:title\" content=\"Savon \u00e0 la bergamote : Shamanic Shop\" \/>\n<meta property=\"og:description\" content=\"La bergamote est une vari\u00e9t\u00e9 d&#039;orange am\u00e8re, consid\u00e9r\u00e9e comme un m\u00e9lange entre le citron et l&#039;orange, cultiv\u00e9e dans la r\u00e9gion de Bergame, dans le nord de l&#039;Italie.\" \/>\n<meta property=\"og:url\" content=\"https:\/\/www.sinchisinchi.com\/fr\/producto\/bergamote\/\" \/>\n<meta property=\"og:site_name\" content=\"SINCHI RAP\u00c9\" \/>\n<meta property=\"article:publisher\" content=\"https:\/\/www.facebook.com\/sinchirape\/\" \/>\n<meta property=\"og:image\" content=\"https:\/\/www.sinchisinchi.com\/wp-content\/uploads\/2024\/04\/12-bergamota-copia.jpg\" \/>\n\t<meta property=\"og:image:width\" content=\"1024\" \/>\n\t<meta property=\"og:image:height\" content=\"1024\" \/>\n\t<meta property=\"og:image:type\" content=\"image\/jpeg\" \/>\n<meta name=\"twitter:card\" content=\"summary_large_image\" \/>\n<meta name=\"twitter:label1\" content=\"Dur\u00e9e de lecture estim\u00e9e\" \/>\n\t<meta name=\"twitter:data1\" content=\"1 minute\" \/>\n<script type=\"application\/ld+json\" class=\"yoast-schema-graph\">{\"@context\":\"https:\/\/schema.org\",\"@graph\":[{\"@type\":\"WebPage\",\"@id\":\"https:\/\/www.sinchisinchi.com\/fr\/producto\/bergamote\/\",\"url\":\"https:\/\/www.sinchisinchi.com\/fr\/producto\/bergamote\/\",\"name\":\"Savon \u00e0 la bergamote : Shamanic Shop\",\"isPartOf\":{\"@id\":\"https:\/\/www.sinchisinchi.com\/fr\/#website\"},\"primaryImageOfPage\":{\"@id\":\"https:\/\/www.sinchisinchi.com\/fr\/producto\/bergamote\/#primaryimage\"},\"image\":{\"@id\":\"https:\/\/www.sinchisinchi.com\/fr\/producto\/bergamote\/#primaryimage\"},\"thumbnailUrl\":\"https:\/\/www.sinchisinchi.com\/wp-content\/uploads\/2024\/04\/12-bergamota-copia.jpg\",\"datePublished\":\"2024-04-22T12:10:58+00:00\",\"description\":\"La bergamote est une vari\u00e9t\u00e9 d'orange am\u00e8re, consid\u00e9r\u00e9e comme un m\u00e9lange entre le citron et l'orange, cultiv\u00e9e dans la r\u00e9gion de Bergame, dans le nord de l'Italie.\",\"breadcrumb\":{\"@id\":\"https:\/\/www.sinchisinchi.com\/fr\/producto\/bergamote\/#breadcrumb\"},\"inLanguage\":\"fr-FR\",\"potentialAction\":[{\"@type\":\"ReadAction\",\"target\":[\"https:\/\/www.sinchisinchi.com\/fr\/producto\/bergamote\/\"]}]},{\"@type\":\"ImageObject\",\"inLanguage\":\"fr-FR\",\"@id\":\"https:\/\/www.sinchisinchi.com\/fr\/producto\/bergamote\/#primaryimage\",\"url\":\"https:\/\/www.sinchisinchi.com\/wp-content\/uploads\/2024\/04\/12-bergamota-copia.jpg\",\"contentUrl\":\"https:\/\/www.sinchisinchi.com\/wp-content\/uploads\/2024\/04\/12-bergamota-copia.jpg\",\"width\":1024,\"height\":1024},{\"@type\":\"BreadcrumbList\",\"@id\":\"https:\/\/www.sinchisinchi.com\/fr\/producto\/bergamote\/#breadcrumb\",\"itemListElement\":[{\"@type\":\"ListItem\",\"position\":1,\"name\":\"Prima pagina\",\"item\":\"https:\/\/www.sinchisinchi.com\/fr\/\"},{\"@type\":\"ListItem\",\"position\":2,\"name\":\"Produits\",\"item\":\"https:\/\/www.sinchisinchi.com\/fr\/shop\/\"},{\"@type\":\"ListItem\",\"position\":3,\"name\":\"Bergamote\"}]},{\"@type\":\"WebSite\",\"@id\":\"https:\/\/www.sinchisinchi.com\/fr\/#website\",\"url\":\"https:\/\/www.sinchisinchi.com\/fr\/\",\"name\":\"SINCHI\",\"description\":\"Sinchi Medicine\",\"publisher\":{\"@id\":\"https:\/\/www.sinchisinchi.com\/fr\/#organization\"},\"potentialAction\":[{\"@type\":\"SearchAction\",\"target\":{\"@type\":\"EntryPoint\",\"urlTemplate\":\"https:\/\/www.sinchisinchi.com\/fr\/?s={search_term_string}\"},\"query-input\":{\"@type\":\"PropertyValueSpecification\",\"valueRequired\":true,\"valueName\":\"search_term_string\"}}],\"inLanguage\":\"fr-FR\"},{\"@type\":\"Organization\",\"@id\":\"https:\/\/www.sinchisinchi.com\/fr\/#organization\",\"name\":\"SINCHI S.L\",\"url\":\"https:\/\/www.sinchisinchi.com\/fr\/\",\"logo\":{\"@type\":\"ImageObject\",\"inLanguage\":\"fr-FR\",\"@id\":\"https:\/\/www.sinchisinchi.com\/fr\/#\/schema\/logo\/image\/\",\"url\":\"https:\/\/www.sinchisinchi.com\/wp-content\/uploads\/2026\/01\/3b-Verde-SIMPLIFICADO-HORIZONTAL-F-TRANSPARENTE-scaled.png\",\"contentUrl\":\"https:\/\/www.sinchisinchi.com\/wp-content\/uploads\/2026\/01\/3b-Verde-SIMPLIFICADO-HORIZONTAL-F-TRANSPARENTE-scaled.png\",\"width\":2560,\"height\":457,\"caption\":\"SINCHI S.L\"},\"image\":{\"@id\":\"https:\/\/www.sinchisinchi.com\/fr\/#\/schema\/logo\/image\/\"},\"sameAs\":[\"https:\/\/www.facebook.com\/sinchirape\/\",\"https:\/\/www.instagram.com\/sinchi_rape\/\"]}]}<\/script>\n<!-- \/ Yoast SEO plugin. -->","yoast_head_json":{"title":"Savon \u00e0 la bergamote : Shamanic Shop","description":"La bergamote est une vari\u00e9t\u00e9 d'orange am\u00e8re, consid\u00e9r\u00e9e comme un m\u00e9lange entre le citron et l'orange, cultiv\u00e9e dans la r\u00e9gion de Bergame, dans le nord de l'Italie.","robots":{"index":"index","follow":"follow","max-snippet":"max-snippet:-1","max-image-preview":"max-image-preview:large","max-video-preview":"max-video-preview:-1"},"canonical":"https:\/\/www.sinchisinchi.com\/fr\/producto\/bergamote\/","og_locale":"fr_FR","og_type":"article","og_title":"Savon \u00e0 la bergamote : Shamanic Shop","og_description":"La bergamote est une vari\u00e9t\u00e9 d'orange am\u00e8re, consid\u00e9r\u00e9e comme un m\u00e9lange entre le citron et l'orange, cultiv\u00e9e dans la r\u00e9gion de Bergame, dans le nord de l'Italie.","og_url":"https:\/\/www.sinchisinchi.com\/fr\/producto\/bergamote\/","og_site_name":"SINCHI RAP\u00c9","article_publisher":"https:\/\/www.facebook.com\/sinchirape\/","og_image":[{"width":1024,"height":1024,"url":"https:\/\/www.sinchisinchi.com\/wp-content\/uploads\/2024\/04\/12-bergamota-copia.jpg","type":"image\/jpeg"}],"twitter_card":"summary_large_image","twitter_misc":{"Dur\u00e9e de lecture estim\u00e9e":"1 minute"},"schema":{"@context":"https:\/\/schema.org","@graph":[{"@type":"WebPage","@id":"https:\/\/www.sinchisinchi.com\/fr\/producto\/bergamote\/","url":"https:\/\/www.sinchisinchi.com\/fr\/producto\/bergamote\/","name":"Savon \u00e0 la bergamote : Shamanic Shop","isPartOf":{"@id":"https:\/\/www.sinchisinchi.com\/fr\/#website"},"primaryImageOfPage":{"@id":"https:\/\/www.sinchisinchi.com\/fr\/producto\/bergamote\/#primaryimage"},"image":{"@id":"https:\/\/www.sinchisinchi.com\/fr\/producto\/bergamote\/#primaryimage"},"thumbnailUrl":"https:\/\/www.sinchisinchi.com\/wp-content\/uploads\/2024\/04\/12-bergamota-copia.jpg","datePublished":"2024-04-22T12:10:58+00:00","description":"La bergamote est une vari\u00e9t\u00e9 d'orange am\u00e8re, consid\u00e9r\u00e9e comme un m\u00e9lange entre le citron et l'orange, cultiv\u00e9e dans la r\u00e9gion de Bergame, dans le nord de l'Italie.","breadcrumb":{"@id":"https:\/\/www.sinchisinchi.com\/fr\/producto\/bergamote\/#breadcrumb"},"inLanguage":"fr-FR","potentialAction":[{"@type":"ReadAction","target":["https:\/\/www.sinchisinchi.com\/fr\/producto\/bergamote\/"]}]},{"@type":"ImageObject","inLanguage":"fr-FR","@id":"https:\/\/www.sinchisinchi.com\/fr\/producto\/bergamote\/#primaryimage","url":"https:\/\/www.sinchisinchi.com\/wp-content\/uploads\/2024\/04\/12-bergamota-copia.jpg","contentUrl":"https:\/\/www.sinchisinchi.com\/wp-content\/uploads\/2024\/04\/12-bergamota-copia.jpg","width":1024,"height":1024},{"@type":"BreadcrumbList","@id":"https:\/\/www.sinchisinchi.com\/fr\/producto\/bergamote\/#breadcrumb","itemListElement":[{"@type":"ListItem","position":1,"name":"Prima pagina","item":"https:\/\/www.sinchisinchi.com\/fr\/"},{"@type":"ListItem","position":2,"name":"Produits","item":"https:\/\/www.sinchisinchi.com\/fr\/shop\/"},{"@type":"ListItem","position":3,"name":"Bergamote"}]},{"@type":"WebSite","@id":"https:\/\/www.sinchisinchi.com\/fr\/#website","url":"https:\/\/www.sinchisinchi.com\/fr\/","name":"SINCHI","description":"Sinchi Medicine","publisher":{"@id":"https:\/\/www.sinchisinchi.com\/fr\/#organization"},"potentialAction":[{"@type":"SearchAction","target":{"@type":"EntryPoint","urlTemplate":"https:\/\/www.sinchisinchi.com\/fr\/?s={search_term_string}"},"query-input":{"@type":"PropertyValueSpecification","valueRequired":true,"valueName":"search_term_string"}}],"inLanguage":"fr-FR"},{"@type":"Organization","@id":"https:\/\/www.sinchisinchi.com\/fr\/#organization","name":"SINCHI S.L","url":"https:\/\/www.sinchisinchi.com\/fr\/","logo":{"@type":"ImageObject","inLanguage":"fr-FR","@id":"https:\/\/www.sinchisinchi.com\/fr\/#\/schema\/logo\/image\/","url":"https:\/\/www.sinchisinchi.com\/wp-content\/uploads\/2026\/01\/3b-Verde-SIMPLIFICADO-HORIZONTAL-F-TRANSPARENTE-scaled.png","contentUrl":"https:\/\/www.sinchisinchi.com\/wp-content\/uploads\/2026\/01\/3b-Verde-SIMPLIFICADO-HORIZONTAL-F-TRANSPARENTE-scaled.png","width":2560,"height":457,"caption":"SINCHI S.L"},"image":{"@id":"https:\/\/www.sinchisinchi.com\/fr\/#\/schema\/logo\/image\/"},"sameAs":["https:\/\/www.facebook.com\/sinchirape\/","https:\/\/www.instagram.com\/sinchi_rape\/"]}]}},"_links":{"self":[{"href":"https:\/\/www.sinchisinchi.com\/fr\/wp-json\/wp\/v2\/product\/25578","targetHints":{"allow":["GET"]}}],"collection":[{"href":"https:\/\/www.sinchisinchi.com\/fr\/wp-json\/wp\/v2\/product"}],"about":[{"href":"https:\/\/www.sinchisinchi.com\/fr\/wp-json\/wp\/v2\/types\/product"}],"wp:featuredmedia":[{"embeddable":true,"href":"https:\/\/www.sinchisinchi.com\/fr\/wp-json\/wp\/v2\/media\/25580"}],"wp:attachment":[{"href":"https:\/\/www.sinchisinchi.com\/fr\/wp-json\/wp\/v2\/media?parent=25578"}],"wp:term":[{"taxonomy":"product_brand","embeddable":true,"href":"https:\/\/www.sinchisinchi.com\/fr\/wp-json\/wp\/v2\/product_brand?post=25578"},{"taxonomy":"product_cat","embeddable":true,"href":"https:\/\/www.sinchisinchi.com\/fr\/wp-json\/wp\/v2\/product_cat?post=25578"},{"taxonomy":"product_tag","embeddable":true,"href":"https:\/\/www.sinchisinchi.com\/fr\/wp-json\/wp\/v2\/product_tag?post=25578"}],"curies":[{"name":"wp","href":"https:\/\/api.w.org\/{rel}","templated":true}]}}