{"id":25584,"date":"2024-04-22T12:09:29","date_gmt":"2024-04-22T12:09:29","guid":{"rendered":"https:\/\/www.sinchisinchi.com\/producto\/fleur-doranger\/"},"modified":"2024-04-22T12:09:29","modified_gmt":"2024-04-22T12:09:29","slug":"fleur-doranger","status":"publish","type":"product","link":"https:\/\/www.sinchisinchi.com\/fr\/producto\/fleur-doranger\/","title":{"rendered":"Fleur d&rsquo;oranger"},"content":{"rendered":"<p>L&rsquo;origine de l&rsquo;oranger se trouve dans la M\u00e9diterran\u00e9e et l&rsquo;Himalaya, lieux o\u00f9 a commenc\u00e9 la distillation de la fleur d&rsquo;oranger amer.<\/p>\n<p>Le nom de la fleur d&rsquo;oranger vient de l&rsquo;arabe hispanique azzah\u00e1r qui \u00e0 son tour vient de l&rsquo;arabe classique az-zahr.<\/p>\n<p>Pour la culture arabe, la fleur d&rsquo;oranger repr\u00e9sentait l&rsquo;innocence et la puret\u00e9, c&rsquo;est pourquoi les mari\u00e9es l&rsquo;incluaient souvent dans leurs bouquets, une coutume import\u00e9e en Occident par les Crois\u00e9s \u00e0 leur retour du Moyen-Orient.<\/p>\n","protected":false},"excerpt":{"rendered":"<p>Le savon naturel \u00e0 la fleur d&rsquo;oranger est astringent, antiseptique et apaisant. Apporte fra\u00eecheur, \u00e9lasticit\u00e9 et protection \u00e0 la peau.<\/p>\n<p>Il est rafra\u00eechissant et revitalisant, gardant la peau douce, hydrat\u00e9e et tonique.<\/p>\n<p>Le Parfum Fleur d&rsquo;Oranger est sensuel, doux et hesp\u00e9rid\u00e9.<\/p>\n<p><\/p>\n<p style=\"text-align: center;\" data-mce-style=\"text-align: center;\"><strong>Propri\u00e9t\u00e9s<\/strong><\/p>\n<p>Cela am\u00e9liore votre humeur et vous pr\u00e9dispose \u00e0 ressentir de la joie. Il a des effets antid\u00e9presseurs et relaxants. C&rsquo;est \u00e9galement un excellent exhausteur de sensualit\u00e9, stimule la libido et poss\u00e8de des propri\u00e9t\u00e9s aphrodisiaques.<\/p>\n<p>La fleur d&rsquo;oranger et son ar\u00f4me sont associ\u00e9s \u00e0 la prosp\u00e9rit\u00e9, \u00e0 la chance et \u00e0 la prosp\u00e9rit\u00e9. Il stimule les sensations, les \u00e9motions et canalise l&rsquo;\u00e9nergie positive.<\/p>\n<p><\/p>\n<p><strong>Taille:<\/strong> 125gr<\/p>\n","protected":false},"featured_media":25585,"template":"","meta":{"_joinchat":[]},"product_brand":[],"product_cat":[678],"product_tag":[],"class_list":{"0":"post-25584","1":"product","2":"type-product","3":"status-publish","4":"has-post-thumbnail","6":"product_cat-savons","8":"first","9":"instock","10":"taxable","11":"shipping-taxable","12":"purchasable","13":"product-type-simple"},"yoast_head":"<!-- This site is optimized with the Yoast SEO plugin v27.4 - https:\/\/yoast.com\/product\/yoast-seo-wordpress\/ -->\n<title>Savon \u00e0 la fleur d&#039;oranger : Shamanic Shop<\/title>\n<meta name=\"description\" content=\"Le savon naturel \u00e0 la fleur d&#039;oranger est astringent, antiseptique et apaisant. Apporte fra\u00eecheur, \u00e9lasticit\u00e9 et protection \u00e0 la peau.\" \/>\n<meta name=\"robots\" content=\"index, follow, max-snippet:-1, max-image-preview:large, max-video-preview:-1\" \/>\n<link rel=\"canonical\" href=\"https:\/\/www.sinchisinchi.com\/fr\/producto\/fleur-doranger\/\" \/>\n<meta property=\"og:locale\" content=\"fr_FR\" \/>\n<meta property=\"og:type\" content=\"article\" \/>\n<meta property=\"og:title\" content=\"Savon \u00e0 la fleur d&#039;oranger : Shamanic Shop\" \/>\n<meta property=\"og:description\" content=\"Le savon naturel \u00e0 la fleur d&#039;oranger est astringent, antiseptique et apaisant. Apporte fra\u00eecheur, \u00e9lasticit\u00e9 et protection \u00e0 la peau.\" \/>\n<meta property=\"og:url\" content=\"https:\/\/www.sinchisinchi.com\/fr\/producto\/fleur-doranger\/\" \/>\n<meta property=\"og:site_name\" content=\"SINCHI RAP\u00c9\" \/>\n<meta property=\"article:publisher\" content=\"https:\/\/www.facebook.com\/sinchirape\/\" \/>\n<meta property=\"og:image\" content=\"https:\/\/www.sinchisinchi.com\/wp-content\/uploads\/2024\/04\/11-flor-de-azahar.jpeg\" \/>\n\t<meta property=\"og:image:width\" content=\"225\" \/>\n\t<meta property=\"og:image:height\" content=\"225\" \/>\n\t<meta property=\"og:image:type\" content=\"image\/jpeg\" \/>\n<meta name=\"twitter:card\" content=\"summary_large_image\" \/>\n<script type=\"application\/ld+json\" class=\"yoast-schema-graph\">{\"@context\":\"https:\\\/\\\/schema.org\",\"@graph\":[{\"@type\":\"WebPage\",\"@id\":\"https:\\\/\\\/www.sinchisinchi.com\\\/fr\\\/producto\\\/fleur-doranger\\\/\",\"url\":\"https:\\\/\\\/www.sinchisinchi.com\\\/fr\\\/producto\\\/fleur-doranger\\\/\",\"name\":\"Savon \u00e0 la fleur d'oranger : Shamanic Shop\",\"isPartOf\":{\"@id\":\"https:\\\/\\\/www.sinchisinchi.com\\\/fr\\\/#website\"},\"primaryImageOfPage\":{\"@id\":\"https:\\\/\\\/www.sinchisinchi.com\\\/fr\\\/producto\\\/fleur-doranger\\\/#primaryimage\"},\"image\":{\"@id\":\"https:\\\/\\\/www.sinchisinchi.com\\\/fr\\\/producto\\\/fleur-doranger\\\/#primaryimage\"},\"thumbnailUrl\":\"https:\\\/\\\/www.sinchisinchi.com\\\/wp-content\\\/uploads\\\/2024\\\/04\\\/11-flor-de-azahar.jpeg\",\"datePublished\":\"2024-04-22T12:09:29+00:00\",\"description\":\"Le savon naturel \u00e0 la fleur d'oranger est astringent, antiseptique et apaisant. Apporte fra\u00eecheur, \u00e9lasticit\u00e9 et protection \u00e0 la peau.\",\"breadcrumb\":{\"@id\":\"https:\\\/\\\/www.sinchisinchi.com\\\/fr\\\/producto\\\/fleur-doranger\\\/#breadcrumb\"},\"inLanguage\":\"fr-FR\",\"potentialAction\":[{\"@type\":\"ReadAction\",\"target\":[\"https:\\\/\\\/www.sinchisinchi.com\\\/fr\\\/producto\\\/fleur-doranger\\\/\"]}]},{\"@type\":\"ImageObject\",\"inLanguage\":\"fr-FR\",\"@id\":\"https:\\\/\\\/www.sinchisinchi.com\\\/fr\\\/producto\\\/fleur-doranger\\\/#primaryimage\",\"url\":\"https:\\\/\\\/www.sinchisinchi.com\\\/wp-content\\\/uploads\\\/2024\\\/04\\\/11-flor-de-azahar.jpeg\",\"contentUrl\":\"https:\\\/\\\/www.sinchisinchi.com\\\/wp-content\\\/uploads\\\/2024\\\/04\\\/11-flor-de-azahar.jpeg\",\"width\":225,\"height\":225},{\"@type\":\"BreadcrumbList\",\"@id\":\"https:\\\/\\\/www.sinchisinchi.com\\\/fr\\\/producto\\\/fleur-doranger\\\/#breadcrumb\",\"itemListElement\":[{\"@type\":\"ListItem\",\"position\":1,\"name\":\"Prima pagina\",\"item\":\"https:\\\/\\\/www.sinchisinchi.com\\\/fr\\\/\"},{\"@type\":\"ListItem\",\"position\":2,\"name\":\"Produits\",\"item\":\"https:\\\/\\\/www.sinchisinchi.com\\\/fr\\\/shop\\\/\"},{\"@type\":\"ListItem\",\"position\":3,\"name\":\"Fleur d&#8217;oranger\"}]},{\"@type\":\"WebSite\",\"@id\":\"https:\\\/\\\/www.sinchisinchi.com\\\/fr\\\/#website\",\"url\":\"https:\\\/\\\/www.sinchisinchi.com\\\/fr\\\/\",\"name\":\"SINCHI\",\"description\":\"Sinchi Medicine\",\"publisher\":{\"@id\":\"https:\\\/\\\/www.sinchisinchi.com\\\/fr\\\/#organization\"},\"potentialAction\":[{\"@type\":\"SearchAction\",\"target\":{\"@type\":\"EntryPoint\",\"urlTemplate\":\"https:\\\/\\\/www.sinchisinchi.com\\\/fr\\\/?s={search_term_string}\"},\"query-input\":{\"@type\":\"PropertyValueSpecification\",\"valueRequired\":true,\"valueName\":\"search_term_string\"}}],\"inLanguage\":\"fr-FR\"},{\"@type\":\"Organization\",\"@id\":\"https:\\\/\\\/www.sinchisinchi.com\\\/fr\\\/#organization\",\"name\":\"SINCHI S.L\",\"url\":\"https:\\\/\\\/www.sinchisinchi.com\\\/fr\\\/\",\"logo\":{\"@type\":\"ImageObject\",\"inLanguage\":\"fr-FR\",\"@id\":\"https:\\\/\\\/www.sinchisinchi.com\\\/fr\\\/#\\\/schema\\\/logo\\\/image\\\/\",\"url\":\"https:\\\/\\\/www.sinchisinchi.com\\\/wp-content\\\/uploads\\\/2026\\\/01\\\/3b-Verde-SIMPLIFICADO-HORIZONTAL-F-TRANSPARENTE-scaled.png\",\"contentUrl\":\"https:\\\/\\\/www.sinchisinchi.com\\\/wp-content\\\/uploads\\\/2026\\\/01\\\/3b-Verde-SIMPLIFICADO-HORIZONTAL-F-TRANSPARENTE-scaled.png\",\"width\":2560,\"height\":457,\"caption\":\"SINCHI S.L\"},\"image\":{\"@id\":\"https:\\\/\\\/www.sinchisinchi.com\\\/fr\\\/#\\\/schema\\\/logo\\\/image\\\/\"},\"sameAs\":[\"https:\\\/\\\/www.facebook.com\\\/sinchirape\\\/\",\"https:\\\/\\\/www.instagram.com\\\/sinchi_rape\\\/\"]}]}<\/script>\n<!-- \/ Yoast SEO plugin. -->","yoast_head_json":{"title":"Savon \u00e0 la fleur d'oranger : Shamanic Shop","description":"Le savon naturel \u00e0 la fleur d'oranger est astringent, antiseptique et apaisant. Apporte fra\u00eecheur, \u00e9lasticit\u00e9 et protection \u00e0 la peau.","robots":{"index":"index","follow":"follow","max-snippet":"max-snippet:-1","max-image-preview":"max-image-preview:large","max-video-preview":"max-video-preview:-1"},"canonical":"https:\/\/www.sinchisinchi.com\/fr\/producto\/fleur-doranger\/","og_locale":"fr_FR","og_type":"article","og_title":"Savon \u00e0 la fleur d'oranger : Shamanic Shop","og_description":"Le savon naturel \u00e0 la fleur d'oranger est astringent, antiseptique et apaisant. Apporte fra\u00eecheur, \u00e9lasticit\u00e9 et protection \u00e0 la peau.","og_url":"https:\/\/www.sinchisinchi.com\/fr\/producto\/fleur-doranger\/","og_site_name":"SINCHI RAP\u00c9","article_publisher":"https:\/\/www.facebook.com\/sinchirape\/","og_image":[{"width":225,"height":225,"url":"https:\/\/www.sinchisinchi.com\/wp-content\/uploads\/2024\/04\/11-flor-de-azahar.jpeg","type":"image\/jpeg"}],"twitter_card":"summary_large_image","schema":{"@context":"https:\/\/schema.org","@graph":[{"@type":"WebPage","@id":"https:\/\/www.sinchisinchi.com\/fr\/producto\/fleur-doranger\/","url":"https:\/\/www.sinchisinchi.com\/fr\/producto\/fleur-doranger\/","name":"Savon \u00e0 la fleur d'oranger : Shamanic Shop","isPartOf":{"@id":"https:\/\/www.sinchisinchi.com\/fr\/#website"},"primaryImageOfPage":{"@id":"https:\/\/www.sinchisinchi.com\/fr\/producto\/fleur-doranger\/#primaryimage"},"image":{"@id":"https:\/\/www.sinchisinchi.com\/fr\/producto\/fleur-doranger\/#primaryimage"},"thumbnailUrl":"https:\/\/www.sinchisinchi.com\/wp-content\/uploads\/2024\/04\/11-flor-de-azahar.jpeg","datePublished":"2024-04-22T12:09:29+00:00","description":"Le savon naturel \u00e0 la fleur d'oranger est astringent, antiseptique et apaisant. Apporte fra\u00eecheur, \u00e9lasticit\u00e9 et protection \u00e0 la peau.","breadcrumb":{"@id":"https:\/\/www.sinchisinchi.com\/fr\/producto\/fleur-doranger\/#breadcrumb"},"inLanguage":"fr-FR","potentialAction":[{"@type":"ReadAction","target":["https:\/\/www.sinchisinchi.com\/fr\/producto\/fleur-doranger\/"]}]},{"@type":"ImageObject","inLanguage":"fr-FR","@id":"https:\/\/www.sinchisinchi.com\/fr\/producto\/fleur-doranger\/#primaryimage","url":"https:\/\/www.sinchisinchi.com\/wp-content\/uploads\/2024\/04\/11-flor-de-azahar.jpeg","contentUrl":"https:\/\/www.sinchisinchi.com\/wp-content\/uploads\/2024\/04\/11-flor-de-azahar.jpeg","width":225,"height":225},{"@type":"BreadcrumbList","@id":"https:\/\/www.sinchisinchi.com\/fr\/producto\/fleur-doranger\/#breadcrumb","itemListElement":[{"@type":"ListItem","position":1,"name":"Prima pagina","item":"https:\/\/www.sinchisinchi.com\/fr\/"},{"@type":"ListItem","position":2,"name":"Produits","item":"https:\/\/www.sinchisinchi.com\/fr\/shop\/"},{"@type":"ListItem","position":3,"name":"Fleur d&#8217;oranger"}]},{"@type":"WebSite","@id":"https:\/\/www.sinchisinchi.com\/fr\/#website","url":"https:\/\/www.sinchisinchi.com\/fr\/","name":"SINCHI","description":"Sinchi Medicine","publisher":{"@id":"https:\/\/www.sinchisinchi.com\/fr\/#organization"},"potentialAction":[{"@type":"SearchAction","target":{"@type":"EntryPoint","urlTemplate":"https:\/\/www.sinchisinchi.com\/fr\/?s={search_term_string}"},"query-input":{"@type":"PropertyValueSpecification","valueRequired":true,"valueName":"search_term_string"}}],"inLanguage":"fr-FR"},{"@type":"Organization","@id":"https:\/\/www.sinchisinchi.com\/fr\/#organization","name":"SINCHI S.L","url":"https:\/\/www.sinchisinchi.com\/fr\/","logo":{"@type":"ImageObject","inLanguage":"fr-FR","@id":"https:\/\/www.sinchisinchi.com\/fr\/#\/schema\/logo\/image\/","url":"https:\/\/www.sinchisinchi.com\/wp-content\/uploads\/2026\/01\/3b-Verde-SIMPLIFICADO-HORIZONTAL-F-TRANSPARENTE-scaled.png","contentUrl":"https:\/\/www.sinchisinchi.com\/wp-content\/uploads\/2026\/01\/3b-Verde-SIMPLIFICADO-HORIZONTAL-F-TRANSPARENTE-scaled.png","width":2560,"height":457,"caption":"SINCHI S.L"},"image":{"@id":"https:\/\/www.sinchisinchi.com\/fr\/#\/schema\/logo\/image\/"},"sameAs":["https:\/\/www.facebook.com\/sinchirape\/","https:\/\/www.instagram.com\/sinchi_rape\/"]}]}},"_links":{"self":[{"href":"https:\/\/www.sinchisinchi.com\/fr\/wp-json\/wp\/v2\/product\/25584","targetHints":{"allow":["GET"]}}],"collection":[{"href":"https:\/\/www.sinchisinchi.com\/fr\/wp-json\/wp\/v2\/product"}],"about":[{"href":"https:\/\/www.sinchisinchi.com\/fr\/wp-json\/wp\/v2\/types\/product"}],"wp:featuredmedia":[{"embeddable":true,"href":"https:\/\/www.sinchisinchi.com\/fr\/wp-json\/wp\/v2\/media\/25585"}],"wp:attachment":[{"href":"https:\/\/www.sinchisinchi.com\/fr\/wp-json\/wp\/v2\/media?parent=25584"}],"wp:term":[{"taxonomy":"product_brand","embeddable":true,"href":"https:\/\/www.sinchisinchi.com\/fr\/wp-json\/wp\/v2\/product_brand?post=25584"},{"taxonomy":"product_cat","embeddable":true,"href":"https:\/\/www.sinchisinchi.com\/fr\/wp-json\/wp\/v2\/product_cat?post=25584"},{"taxonomy":"product_tag","embeddable":true,"href":"https:\/\/www.sinchisinchi.com\/fr\/wp-json\/wp\/v2\/product_tag?post=25584"}],"curies":[{"name":"wp","href":"https:\/\/api.w.org\/{rel}","templated":true}]}}