{"id":25588,"date":"2024-04-22T12:08:03","date_gmt":"2024-04-22T12:08:03","guid":{"rendered":"https:\/\/www.sinchisinchi.com\/producto\/santal\/"},"modified":"2025-02-12T10:52:11","modified_gmt":"2025-02-12T10:52:11","slug":"santal","status":"publish","type":"product","link":"https:\/\/www.sinchisinchi.com\/fr\/producto\/santal\/","title":{"rendered":"Santal"},"content":{"rendered":"<p>Le bois de santal est un arbre f\u00e9minin, associ\u00e9 \u00e0 la lune et \u00e0 l&rsquo;\u00e9l\u00e9ment eau. Traditionnellement, il est utilis\u00e9 pour ses propri\u00e9t\u00e9s li\u00e9es \u00e0 la protection, \u00e0 la gu\u00e9rison et \u00e0 la spiritualit\u00e9.<\/p>\n<p>Il est originaire des hautes terres du sud de l&rsquo;Inde, o\u00f9 on le trouve \u00e0 des altitudes comprises entre deux et trois mille m\u00e8tres. Le nom Santal est d\u00e9riv\u00e9 du grec, et l&rsquo;\u00e9pith\u00e8te de son nom scientifique, <em>album,<\/em> signifie blanc.<\/p>\n<p>En Inde, il est consid\u00e9r\u00e9 comme un arbre sacr\u00e9 et ses graines sont utilis\u00e9es pour fabriquer le <em>yapa mala,<\/em> un chapelet traditionnel de perles utilis\u00e9 pour r\u00e9citer des mantras dans l&rsquo;hindouisme ou le bouddhisme.<\/p>\n<p>Le gouvernement indien a d\u00e9clar\u00e9 le santal bien national pour le prot\u00e9ger de la d\u00e9forestation, et n&rsquo;autorise son abattage que lorsqu&rsquo;il a plus de trente ans, \u00e2ge auquel son d\u00e9clin naturel commence.<\/p>\n","protected":false},"excerpt":{"rendered":"<p>Le savon au bois de santal nettoie et purifie le corps et hydrate en profondeur les cellules de la peau. Apporte brillance, fra\u00eecheur, \u00e9lasticit\u00e9 et protection \u00e0 la peau. Il poss\u00e8de des propri\u00e9t\u00e9s antiseptiques et fongicides.<\/p>\n<p>Son ar\u00f4me produit de l\u2019\u00e9rotisme, encourage les relations vertueuses et favorise l\u2019optimisme, procurant harmonie et d\u00e9tente.<\/p>\n<p>Un bain avec du savon au bois de santal avant d&rsquo;aller au lit vous aide \u00e0 vous reposer et \u00e0 vous d\u00e9tendre.<\/p>\n<p>Ce savon est fabriqu\u00e9 artisanalement \u00e0 Marseille selon des m\u00e9thodes ancestrales et des recettes ancestrales en utilisant des ingr\u00e9dients enti\u00e8rement naturels : eau de mer m\u00e9diterran\u00e9enne, huile essentielle de bois de santal, huiles v\u00e9g\u00e9tales de haute qualit\u00e9 et carbonate de sodium. Il est 100% biod\u00e9gradable.<\/p>\n","protected":false},"featured_media":25589,"template":"","meta":{"_joinchat":[]},"product_brand":[],"product_cat":[678],"product_tag":[],"class_list":{"0":"post-25588","1":"product","2":"type-product","3":"status-publish","4":"has-post-thumbnail","6":"product_cat-savons","8":"first","9":"instock","10":"taxable","11":"shipping-taxable","12":"purchasable","13":"product-type-simple"},"yoast_head":"<!-- This site is optimized with the Yoast SEO plugin v27.4 - https:\/\/yoast.com\/product\/yoast-seo-wordpress\/ -->\n<title>Savon au bois de santal : Shamanic Shop<\/title>\n<meta name=\"description\" content=\"Savon au bois de Santal : nettoie et purifie le corps et hydrate la peau. Apporte brillance, fra\u00eecheur, \u00e9lasticit\u00e9 et protection \u00e0 la peau.\" \/>\n<meta name=\"robots\" content=\"index, follow, max-snippet:-1, max-image-preview:large, max-video-preview:-1\" \/>\n<link rel=\"canonical\" href=\"https:\/\/www.sinchisinchi.com\/fr\/producto\/santal\/\" \/>\n<meta property=\"og:locale\" content=\"fr_FR\" \/>\n<meta property=\"og:type\" content=\"article\" \/>\n<meta property=\"og:title\" content=\"Savon au bois de santal : Shamanic Shop\" \/>\n<meta property=\"og:description\" content=\"Savon au bois de Santal : nettoie et purifie le corps et hydrate la peau. Apporte brillance, fra\u00eecheur, \u00e9lasticit\u00e9 et protection \u00e0 la peau.\" \/>\n<meta property=\"og:url\" content=\"https:\/\/www.sinchisinchi.com\/fr\/producto\/santal\/\" \/>\n<meta property=\"og:site_name\" content=\"SINCHI RAP\u00c9\" \/>\n<meta property=\"article:publisher\" content=\"https:\/\/www.facebook.com\/sinchirape\/\" \/>\n<meta property=\"article:modified_time\" content=\"2025-02-12T10:52:11+00:00\" \/>\n<meta property=\"og:image\" content=\"https:\/\/www.sinchisinchi.com\/wp-content\/uploads\/2024\/04\/10-sandalo.jpeg\" \/>\n\t<meta property=\"og:image:width\" content=\"1024\" \/>\n\t<meta property=\"og:image:height\" content=\"1024\" \/>\n\t<meta property=\"og:image:type\" content=\"image\/jpeg\" \/>\n<meta name=\"twitter:card\" content=\"summary_large_image\" \/>\n<meta name=\"twitter:label1\" content=\"Dur\u00e9e de lecture estim\u00e9e\" \/>\n\t<meta name=\"twitter:data1\" content=\"1 minute\" \/>\n<script type=\"application\/ld+json\" class=\"yoast-schema-graph\">{\"@context\":\"https:\\\/\\\/schema.org\",\"@graph\":[{\"@type\":\"WebPage\",\"@id\":\"https:\\\/\\\/www.sinchisinchi.com\\\/fr\\\/producto\\\/santal\\\/\",\"url\":\"https:\\\/\\\/www.sinchisinchi.com\\\/fr\\\/producto\\\/santal\\\/\",\"name\":\"Savon au bois de santal : Shamanic Shop\",\"isPartOf\":{\"@id\":\"https:\\\/\\\/www.sinchisinchi.com\\\/fr\\\/#website\"},\"primaryImageOfPage\":{\"@id\":\"https:\\\/\\\/www.sinchisinchi.com\\\/fr\\\/producto\\\/santal\\\/#primaryimage\"},\"image\":{\"@id\":\"https:\\\/\\\/www.sinchisinchi.com\\\/fr\\\/producto\\\/santal\\\/#primaryimage\"},\"thumbnailUrl\":\"https:\\\/\\\/www.sinchisinchi.com\\\/wp-content\\\/uploads\\\/2024\\\/04\\\/10-sandalo.jpeg\",\"datePublished\":\"2024-04-22T12:08:03+00:00\",\"dateModified\":\"2025-02-12T10:52:11+00:00\",\"description\":\"Savon au bois de Santal : nettoie et purifie le corps et hydrate la peau. Apporte brillance, fra\u00eecheur, \u00e9lasticit\u00e9 et protection \u00e0 la peau.\",\"breadcrumb\":{\"@id\":\"https:\\\/\\\/www.sinchisinchi.com\\\/fr\\\/producto\\\/santal\\\/#breadcrumb\"},\"inLanguage\":\"fr-FR\",\"potentialAction\":[{\"@type\":\"ReadAction\",\"target\":[\"https:\\\/\\\/www.sinchisinchi.com\\\/fr\\\/producto\\\/santal\\\/\"]}]},{\"@type\":\"ImageObject\",\"inLanguage\":\"fr-FR\",\"@id\":\"https:\\\/\\\/www.sinchisinchi.com\\\/fr\\\/producto\\\/santal\\\/#primaryimage\",\"url\":\"https:\\\/\\\/www.sinchisinchi.com\\\/wp-content\\\/uploads\\\/2024\\\/04\\\/10-sandalo.jpeg\",\"contentUrl\":\"https:\\\/\\\/www.sinchisinchi.com\\\/wp-content\\\/uploads\\\/2024\\\/04\\\/10-sandalo.jpeg\",\"width\":1024,\"height\":1024},{\"@type\":\"BreadcrumbList\",\"@id\":\"https:\\\/\\\/www.sinchisinchi.com\\\/fr\\\/producto\\\/santal\\\/#breadcrumb\",\"itemListElement\":[{\"@type\":\"ListItem\",\"position\":1,\"name\":\"Prima pagina\",\"item\":\"https:\\\/\\\/www.sinchisinchi.com\\\/fr\\\/\"},{\"@type\":\"ListItem\",\"position\":2,\"name\":\"Produits\",\"item\":\"https:\\\/\\\/www.sinchisinchi.com\\\/fr\\\/shop\\\/\"},{\"@type\":\"ListItem\",\"position\":3,\"name\":\"Santal\"}]},{\"@type\":\"WebSite\",\"@id\":\"https:\\\/\\\/www.sinchisinchi.com\\\/fr\\\/#website\",\"url\":\"https:\\\/\\\/www.sinchisinchi.com\\\/fr\\\/\",\"name\":\"SINCHI\",\"description\":\"Sinchi Medicine\",\"publisher\":{\"@id\":\"https:\\\/\\\/www.sinchisinchi.com\\\/fr\\\/#organization\"},\"potentialAction\":[{\"@type\":\"SearchAction\",\"target\":{\"@type\":\"EntryPoint\",\"urlTemplate\":\"https:\\\/\\\/www.sinchisinchi.com\\\/fr\\\/?s={search_term_string}\"},\"query-input\":{\"@type\":\"PropertyValueSpecification\",\"valueRequired\":true,\"valueName\":\"search_term_string\"}}],\"inLanguage\":\"fr-FR\"},{\"@type\":\"Organization\",\"@id\":\"https:\\\/\\\/www.sinchisinchi.com\\\/fr\\\/#organization\",\"name\":\"SINCHI S.L\",\"url\":\"https:\\\/\\\/www.sinchisinchi.com\\\/fr\\\/\",\"logo\":{\"@type\":\"ImageObject\",\"inLanguage\":\"fr-FR\",\"@id\":\"https:\\\/\\\/www.sinchisinchi.com\\\/fr\\\/#\\\/schema\\\/logo\\\/image\\\/\",\"url\":\"https:\\\/\\\/www.sinchisinchi.com\\\/wp-content\\\/uploads\\\/2026\\\/01\\\/3b-Verde-SIMPLIFICADO-HORIZONTAL-F-TRANSPARENTE-scaled.png\",\"contentUrl\":\"https:\\\/\\\/www.sinchisinchi.com\\\/wp-content\\\/uploads\\\/2026\\\/01\\\/3b-Verde-SIMPLIFICADO-HORIZONTAL-F-TRANSPARENTE-scaled.png\",\"width\":2560,\"height\":457,\"caption\":\"SINCHI S.L\"},\"image\":{\"@id\":\"https:\\\/\\\/www.sinchisinchi.com\\\/fr\\\/#\\\/schema\\\/logo\\\/image\\\/\"},\"sameAs\":[\"https:\\\/\\\/www.facebook.com\\\/sinchirape\\\/\",\"https:\\\/\\\/www.instagram.com\\\/sinchi_rape\\\/\"]}]}<\/script>\n<!-- \/ Yoast SEO plugin. -->","yoast_head_json":{"title":"Savon au bois de santal : Shamanic Shop","description":"Savon au bois de Santal : nettoie et purifie le corps et hydrate la peau. Apporte brillance, fra\u00eecheur, \u00e9lasticit\u00e9 et protection \u00e0 la peau.","robots":{"index":"index","follow":"follow","max-snippet":"max-snippet:-1","max-image-preview":"max-image-preview:large","max-video-preview":"max-video-preview:-1"},"canonical":"https:\/\/www.sinchisinchi.com\/fr\/producto\/santal\/","og_locale":"fr_FR","og_type":"article","og_title":"Savon au bois de santal : Shamanic Shop","og_description":"Savon au bois de Santal : nettoie et purifie le corps et hydrate la peau. Apporte brillance, fra\u00eecheur, \u00e9lasticit\u00e9 et protection \u00e0 la peau.","og_url":"https:\/\/www.sinchisinchi.com\/fr\/producto\/santal\/","og_site_name":"SINCHI RAP\u00c9","article_publisher":"https:\/\/www.facebook.com\/sinchirape\/","article_modified_time":"2025-02-12T10:52:11+00:00","og_image":[{"width":1024,"height":1024,"url":"https:\/\/www.sinchisinchi.com\/wp-content\/uploads\/2024\/04\/10-sandalo.jpeg","type":"image\/jpeg"}],"twitter_card":"summary_large_image","twitter_misc":{"Dur\u00e9e de lecture estim\u00e9e":"1 minute"},"schema":{"@context":"https:\/\/schema.org","@graph":[{"@type":"WebPage","@id":"https:\/\/www.sinchisinchi.com\/fr\/producto\/santal\/","url":"https:\/\/www.sinchisinchi.com\/fr\/producto\/santal\/","name":"Savon au bois de santal : Shamanic Shop","isPartOf":{"@id":"https:\/\/www.sinchisinchi.com\/fr\/#website"},"primaryImageOfPage":{"@id":"https:\/\/www.sinchisinchi.com\/fr\/producto\/santal\/#primaryimage"},"image":{"@id":"https:\/\/www.sinchisinchi.com\/fr\/producto\/santal\/#primaryimage"},"thumbnailUrl":"https:\/\/www.sinchisinchi.com\/wp-content\/uploads\/2024\/04\/10-sandalo.jpeg","datePublished":"2024-04-22T12:08:03+00:00","dateModified":"2025-02-12T10:52:11+00:00","description":"Savon au bois de Santal : nettoie et purifie le corps et hydrate la peau. Apporte brillance, fra\u00eecheur, \u00e9lasticit\u00e9 et protection \u00e0 la peau.","breadcrumb":{"@id":"https:\/\/www.sinchisinchi.com\/fr\/producto\/santal\/#breadcrumb"},"inLanguage":"fr-FR","potentialAction":[{"@type":"ReadAction","target":["https:\/\/www.sinchisinchi.com\/fr\/producto\/santal\/"]}]},{"@type":"ImageObject","inLanguage":"fr-FR","@id":"https:\/\/www.sinchisinchi.com\/fr\/producto\/santal\/#primaryimage","url":"https:\/\/www.sinchisinchi.com\/wp-content\/uploads\/2024\/04\/10-sandalo.jpeg","contentUrl":"https:\/\/www.sinchisinchi.com\/wp-content\/uploads\/2024\/04\/10-sandalo.jpeg","width":1024,"height":1024},{"@type":"BreadcrumbList","@id":"https:\/\/www.sinchisinchi.com\/fr\/producto\/santal\/#breadcrumb","itemListElement":[{"@type":"ListItem","position":1,"name":"Prima pagina","item":"https:\/\/www.sinchisinchi.com\/fr\/"},{"@type":"ListItem","position":2,"name":"Produits","item":"https:\/\/www.sinchisinchi.com\/fr\/shop\/"},{"@type":"ListItem","position":3,"name":"Santal"}]},{"@type":"WebSite","@id":"https:\/\/www.sinchisinchi.com\/fr\/#website","url":"https:\/\/www.sinchisinchi.com\/fr\/","name":"SINCHI","description":"Sinchi Medicine","publisher":{"@id":"https:\/\/www.sinchisinchi.com\/fr\/#organization"},"potentialAction":[{"@type":"SearchAction","target":{"@type":"EntryPoint","urlTemplate":"https:\/\/www.sinchisinchi.com\/fr\/?s={search_term_string}"},"query-input":{"@type":"PropertyValueSpecification","valueRequired":true,"valueName":"search_term_string"}}],"inLanguage":"fr-FR"},{"@type":"Organization","@id":"https:\/\/www.sinchisinchi.com\/fr\/#organization","name":"SINCHI S.L","url":"https:\/\/www.sinchisinchi.com\/fr\/","logo":{"@type":"ImageObject","inLanguage":"fr-FR","@id":"https:\/\/www.sinchisinchi.com\/fr\/#\/schema\/logo\/image\/","url":"https:\/\/www.sinchisinchi.com\/wp-content\/uploads\/2026\/01\/3b-Verde-SIMPLIFICADO-HORIZONTAL-F-TRANSPARENTE-scaled.png","contentUrl":"https:\/\/www.sinchisinchi.com\/wp-content\/uploads\/2026\/01\/3b-Verde-SIMPLIFICADO-HORIZONTAL-F-TRANSPARENTE-scaled.png","width":2560,"height":457,"caption":"SINCHI S.L"},"image":{"@id":"https:\/\/www.sinchisinchi.com\/fr\/#\/schema\/logo\/image\/"},"sameAs":["https:\/\/www.facebook.com\/sinchirape\/","https:\/\/www.instagram.com\/sinchi_rape\/"]}]}},"_links":{"self":[{"href":"https:\/\/www.sinchisinchi.com\/fr\/wp-json\/wp\/v2\/product\/25588","targetHints":{"allow":["GET"]}}],"collection":[{"href":"https:\/\/www.sinchisinchi.com\/fr\/wp-json\/wp\/v2\/product"}],"about":[{"href":"https:\/\/www.sinchisinchi.com\/fr\/wp-json\/wp\/v2\/types\/product"}],"wp:featuredmedia":[{"embeddable":true,"href":"https:\/\/www.sinchisinchi.com\/fr\/wp-json\/wp\/v2\/media\/25589"}],"wp:attachment":[{"href":"https:\/\/www.sinchisinchi.com\/fr\/wp-json\/wp\/v2\/media?parent=25588"}],"wp:term":[{"taxonomy":"product_brand","embeddable":true,"href":"https:\/\/www.sinchisinchi.com\/fr\/wp-json\/wp\/v2\/product_brand?post=25588"},{"taxonomy":"product_cat","embeddable":true,"href":"https:\/\/www.sinchisinchi.com\/fr\/wp-json\/wp\/v2\/product_cat?post=25588"},{"taxonomy":"product_tag","embeddable":true,"href":"https:\/\/www.sinchisinchi.com\/fr\/wp-json\/wp\/v2\/product_tag?post=25588"}],"curies":[{"name":"wp","href":"https:\/\/api.w.org\/{rel}","templated":true}]}}