{"id":25596,"date":"2024-04-22T12:04:40","date_gmt":"2024-04-22T12:04:40","guid":{"rendered":"https:\/\/www.sinchisinchi.com\/producto\/cerise\/"},"modified":"2024-04-22T12:04:40","modified_gmt":"2024-04-22T12:04:40","slug":"cerise","status":"publish","type":"product","link":"https:\/\/www.sinchisinchi.com\/fr\/producto\/cerise\/","title":{"rendered":"Cerise"},"content":{"rendered":"<h2 style=\"text-align: center;\"><strong>Propri\u00e9t\u00e9s<\/strong><\/h2>\n<p>La cerise appartient au genre f\u00e9minin, elle est associ\u00e9e \u00e0 V\u00e9nus, l&rsquo;\u00e9l\u00e9ment eau. Il est traditionnellement utilis\u00e9 pour stimuler ou attirer l&rsquo;amour, l&rsquo;\u00e9rotisme et pour ses propri\u00e9t\u00e9s li\u00e9es \u00e0 la divination.<\/p>\n<p>La cerise symbolise la jeunesse, la douceur, la fertilit\u00e9, la sexualit\u00e9, l&rsquo;innocence, l&rsquo;amour, la passion, le bonheur, l&rsquo;espoir, la naissance, la paix et l&rsquo;amiti\u00e9.<\/p>\n<p>La fleur de cerisier est l\u2019embl\u00e8me par excellence des cultures chinoise et japonaise, o\u00f9 elle symbolise la puret\u00e9, la beaut\u00e9 et le bonheur.<\/p>\n<p>Son origine g\u00e9ographique n&rsquo;est pas connue exactement, on pense qu&rsquo;elle provient des pays entourant la mer Noire et la mer Caspienne. Les Grecs appelaient ce fruit \u00ab kerasos \u00bb. Plus tard, les Romains ont assimil\u00e9 le nom et l&rsquo;ont appel\u00e9 \u00ab cerasus \u00bb, d&rsquo;o\u00f9 d\u00e9rive le nom actuel \u00ab cerise \u00bb.<\/p>\n","protected":false},"excerpt":{"rendered":"<p>Le savon naturel \u00e0 la cerise est utilis\u00e9<strong> pour attirer l&rsquo;amour.<\/strong> Son ar\u00f4me est doux, s\u00e9duisant et sensuel. Il apporte bien-\u00eatre, chaleur et tendresse.<\/p>\n<p>Le savon \u00e0 la cerise est hydratant, riche en vitamine E, antioxydant et pr\u00e9vient le vieillissement cutan\u00e9. Il apporte fermet\u00e9 \u00e0 la peau, est antirides, anticellulite, cicatrisant et favorise le bronzage. Riche en vitamine C, B1, B2, B3, potassium, calcium et phosphore.<\/p>\n<p>Les cerises, gr\u00e2ce \u00e0 leurs vitamines A et C, prot\u00e8gent et adoucissent la peau.<\/p>\n","protected":false},"featured_media":25598,"template":"","meta":{"_joinchat":[]},"product_brand":[],"product_cat":[678],"product_tag":[],"class_list":{"0":"post-25596","1":"product","2":"type-product","3":"status-publish","4":"has-post-thumbnail","6":"product_cat-savons","8":"first","9":"instock","10":"taxable","11":"shipping-taxable","12":"purchasable","13":"product-type-simple"},"yoast_head":"<!-- This site is optimized with the Yoast SEO plugin v27.1.1 - https:\/\/yoast.com\/product\/yoast-seo-wordpress\/ -->\n<title>Savon \u00e0 la cerise : Shamanic Shop<\/title>\n<meta name=\"description\" content=\"La cerise appartient au genre f\u00e9minin, elle est associ\u00e9e \u00e0 V\u00e9nus, l&#039;\u00e9l\u00e9ment eau. Il est utilis\u00e9 pour attirer l&#039;amour et l&#039;\u00e9rotisme.\" \/>\n<meta name=\"robots\" content=\"index, follow, max-snippet:-1, max-image-preview:large, max-video-preview:-1\" \/>\n<link rel=\"canonical\" href=\"https:\/\/www.sinchisinchi.com\/fr\/producto\/cerise\/\" \/>\n<meta property=\"og:locale\" content=\"fr_FR\" \/>\n<meta property=\"og:type\" content=\"article\" \/>\n<meta property=\"og:title\" content=\"Savon \u00e0 la cerise : Shamanic Shop\" \/>\n<meta property=\"og:description\" content=\"La cerise appartient au genre f\u00e9minin, elle est associ\u00e9e \u00e0 V\u00e9nus, l&#039;\u00e9l\u00e9ment eau. Il est utilis\u00e9 pour attirer l&#039;amour et l&#039;\u00e9rotisme.\" \/>\n<meta property=\"og:url\" content=\"https:\/\/www.sinchisinchi.com\/fr\/producto\/cerise\/\" \/>\n<meta property=\"og:site_name\" content=\"SINCHI RAP\u00c9\" \/>\n<meta property=\"article:publisher\" content=\"https:\/\/www.facebook.com\/sinchirape\/\" \/>\n<meta property=\"og:image\" content=\"https:\/\/www.sinchisinchi.com\/wp-content\/uploads\/2024\/04\/CEREZA-.jpg\" \/>\n\t<meta property=\"og:image:width\" content=\"254\" \/>\n\t<meta property=\"og:image:height\" content=\"261\" \/>\n\t<meta property=\"og:image:type\" content=\"image\/jpeg\" \/>\n<meta name=\"twitter:card\" content=\"summary_large_image\" \/>\n<meta name=\"twitter:label1\" content=\"Dur\u00e9e de lecture estim\u00e9e\" \/>\n\t<meta name=\"twitter:data1\" content=\"1 minute\" \/>\n<script type=\"application\/ld+json\" class=\"yoast-schema-graph\">{\"@context\":\"https:\/\/schema.org\",\"@graph\":[{\"@type\":\"WebPage\",\"@id\":\"https:\/\/www.sinchisinchi.com\/fr\/producto\/cerise\/\",\"url\":\"https:\/\/www.sinchisinchi.com\/fr\/producto\/cerise\/\",\"name\":\"Savon \u00e0 la cerise : Shamanic Shop\",\"isPartOf\":{\"@id\":\"https:\/\/www.sinchisinchi.com\/fr\/#website\"},\"primaryImageOfPage\":{\"@id\":\"https:\/\/www.sinchisinchi.com\/fr\/producto\/cerise\/#primaryimage\"},\"image\":{\"@id\":\"https:\/\/www.sinchisinchi.com\/fr\/producto\/cerise\/#primaryimage\"},\"thumbnailUrl\":\"https:\/\/www.sinchisinchi.com\/wp-content\/uploads\/2024\/04\/CEREZA-.jpg\",\"datePublished\":\"2024-04-22T12:04:40+00:00\",\"description\":\"La cerise appartient au genre f\u00e9minin, elle est associ\u00e9e \u00e0 V\u00e9nus, l'\u00e9l\u00e9ment eau. Il est utilis\u00e9 pour attirer l'amour et l'\u00e9rotisme.\",\"breadcrumb\":{\"@id\":\"https:\/\/www.sinchisinchi.com\/fr\/producto\/cerise\/#breadcrumb\"},\"inLanguage\":\"fr-FR\",\"potentialAction\":[{\"@type\":\"ReadAction\",\"target\":[\"https:\/\/www.sinchisinchi.com\/fr\/producto\/cerise\/\"]}]},{\"@type\":\"ImageObject\",\"inLanguage\":\"fr-FR\",\"@id\":\"https:\/\/www.sinchisinchi.com\/fr\/producto\/cerise\/#primaryimage\",\"url\":\"https:\/\/www.sinchisinchi.com\/wp-content\/uploads\/2024\/04\/CEREZA-.jpg\",\"contentUrl\":\"https:\/\/www.sinchisinchi.com\/wp-content\/uploads\/2024\/04\/CEREZA-.jpg\",\"width\":254,\"height\":261},{\"@type\":\"BreadcrumbList\",\"@id\":\"https:\/\/www.sinchisinchi.com\/fr\/producto\/cerise\/#breadcrumb\",\"itemListElement\":[{\"@type\":\"ListItem\",\"position\":1,\"name\":\"Prima pagina\",\"item\":\"https:\/\/www.sinchisinchi.com\/fr\/\"},{\"@type\":\"ListItem\",\"position\":2,\"name\":\"Produits\",\"item\":\"https:\/\/www.sinchisinchi.com\/fr\/shop\/\"},{\"@type\":\"ListItem\",\"position\":3,\"name\":\"Cerise\"}]},{\"@type\":\"WebSite\",\"@id\":\"https:\/\/www.sinchisinchi.com\/fr\/#website\",\"url\":\"https:\/\/www.sinchisinchi.com\/fr\/\",\"name\":\"SINCHI\",\"description\":\"Sinchi Medicine\",\"publisher\":{\"@id\":\"https:\/\/www.sinchisinchi.com\/fr\/#organization\"},\"potentialAction\":[{\"@type\":\"SearchAction\",\"target\":{\"@type\":\"EntryPoint\",\"urlTemplate\":\"https:\/\/www.sinchisinchi.com\/fr\/?s={search_term_string}\"},\"query-input\":{\"@type\":\"PropertyValueSpecification\",\"valueRequired\":true,\"valueName\":\"search_term_string\"}}],\"inLanguage\":\"fr-FR\"},{\"@type\":\"Organization\",\"@id\":\"https:\/\/www.sinchisinchi.com\/fr\/#organization\",\"name\":\"SINCHI S.L\",\"url\":\"https:\/\/www.sinchisinchi.com\/fr\/\",\"logo\":{\"@type\":\"ImageObject\",\"inLanguage\":\"fr-FR\",\"@id\":\"https:\/\/www.sinchisinchi.com\/fr\/#\/schema\/logo\/image\/\",\"url\":\"https:\/\/www.sinchisinchi.com\/wp-content\/uploads\/2026\/01\/3b-Verde-SIMPLIFICADO-HORIZONTAL-F-TRANSPARENTE-scaled.png\",\"contentUrl\":\"https:\/\/www.sinchisinchi.com\/wp-content\/uploads\/2026\/01\/3b-Verde-SIMPLIFICADO-HORIZONTAL-F-TRANSPARENTE-scaled.png\",\"width\":2560,\"height\":457,\"caption\":\"SINCHI S.L\"},\"image\":{\"@id\":\"https:\/\/www.sinchisinchi.com\/fr\/#\/schema\/logo\/image\/\"},\"sameAs\":[\"https:\/\/www.facebook.com\/sinchirape\/\",\"https:\/\/www.instagram.com\/sinchi_rape\/\"]}]}<\/script>\n<!-- \/ Yoast SEO plugin. -->","yoast_head_json":{"title":"Savon \u00e0 la cerise : Shamanic Shop","description":"La cerise appartient au genre f\u00e9minin, elle est associ\u00e9e \u00e0 V\u00e9nus, l'\u00e9l\u00e9ment eau. Il est utilis\u00e9 pour attirer l'amour et l'\u00e9rotisme.","robots":{"index":"index","follow":"follow","max-snippet":"max-snippet:-1","max-image-preview":"max-image-preview:large","max-video-preview":"max-video-preview:-1"},"canonical":"https:\/\/www.sinchisinchi.com\/fr\/producto\/cerise\/","og_locale":"fr_FR","og_type":"article","og_title":"Savon \u00e0 la cerise : Shamanic Shop","og_description":"La cerise appartient au genre f\u00e9minin, elle est associ\u00e9e \u00e0 V\u00e9nus, l'\u00e9l\u00e9ment eau. Il est utilis\u00e9 pour attirer l'amour et l'\u00e9rotisme.","og_url":"https:\/\/www.sinchisinchi.com\/fr\/producto\/cerise\/","og_site_name":"SINCHI RAP\u00c9","article_publisher":"https:\/\/www.facebook.com\/sinchirape\/","og_image":[{"width":254,"height":261,"url":"https:\/\/www.sinchisinchi.com\/wp-content\/uploads\/2024\/04\/CEREZA-.jpg","type":"image\/jpeg"}],"twitter_card":"summary_large_image","twitter_misc":{"Dur\u00e9e de lecture estim\u00e9e":"1 minute"},"schema":{"@context":"https:\/\/schema.org","@graph":[{"@type":"WebPage","@id":"https:\/\/www.sinchisinchi.com\/fr\/producto\/cerise\/","url":"https:\/\/www.sinchisinchi.com\/fr\/producto\/cerise\/","name":"Savon \u00e0 la cerise : Shamanic Shop","isPartOf":{"@id":"https:\/\/www.sinchisinchi.com\/fr\/#website"},"primaryImageOfPage":{"@id":"https:\/\/www.sinchisinchi.com\/fr\/producto\/cerise\/#primaryimage"},"image":{"@id":"https:\/\/www.sinchisinchi.com\/fr\/producto\/cerise\/#primaryimage"},"thumbnailUrl":"https:\/\/www.sinchisinchi.com\/wp-content\/uploads\/2024\/04\/CEREZA-.jpg","datePublished":"2024-04-22T12:04:40+00:00","description":"La cerise appartient au genre f\u00e9minin, elle est associ\u00e9e \u00e0 V\u00e9nus, l'\u00e9l\u00e9ment eau. Il est utilis\u00e9 pour attirer l'amour et l'\u00e9rotisme.","breadcrumb":{"@id":"https:\/\/www.sinchisinchi.com\/fr\/producto\/cerise\/#breadcrumb"},"inLanguage":"fr-FR","potentialAction":[{"@type":"ReadAction","target":["https:\/\/www.sinchisinchi.com\/fr\/producto\/cerise\/"]}]},{"@type":"ImageObject","inLanguage":"fr-FR","@id":"https:\/\/www.sinchisinchi.com\/fr\/producto\/cerise\/#primaryimage","url":"https:\/\/www.sinchisinchi.com\/wp-content\/uploads\/2024\/04\/CEREZA-.jpg","contentUrl":"https:\/\/www.sinchisinchi.com\/wp-content\/uploads\/2024\/04\/CEREZA-.jpg","width":254,"height":261},{"@type":"BreadcrumbList","@id":"https:\/\/www.sinchisinchi.com\/fr\/producto\/cerise\/#breadcrumb","itemListElement":[{"@type":"ListItem","position":1,"name":"Prima pagina","item":"https:\/\/www.sinchisinchi.com\/fr\/"},{"@type":"ListItem","position":2,"name":"Produits","item":"https:\/\/www.sinchisinchi.com\/fr\/shop\/"},{"@type":"ListItem","position":3,"name":"Cerise"}]},{"@type":"WebSite","@id":"https:\/\/www.sinchisinchi.com\/fr\/#website","url":"https:\/\/www.sinchisinchi.com\/fr\/","name":"SINCHI","description":"Sinchi Medicine","publisher":{"@id":"https:\/\/www.sinchisinchi.com\/fr\/#organization"},"potentialAction":[{"@type":"SearchAction","target":{"@type":"EntryPoint","urlTemplate":"https:\/\/www.sinchisinchi.com\/fr\/?s={search_term_string}"},"query-input":{"@type":"PropertyValueSpecification","valueRequired":true,"valueName":"search_term_string"}}],"inLanguage":"fr-FR"},{"@type":"Organization","@id":"https:\/\/www.sinchisinchi.com\/fr\/#organization","name":"SINCHI S.L","url":"https:\/\/www.sinchisinchi.com\/fr\/","logo":{"@type":"ImageObject","inLanguage":"fr-FR","@id":"https:\/\/www.sinchisinchi.com\/fr\/#\/schema\/logo\/image\/","url":"https:\/\/www.sinchisinchi.com\/wp-content\/uploads\/2026\/01\/3b-Verde-SIMPLIFICADO-HORIZONTAL-F-TRANSPARENTE-scaled.png","contentUrl":"https:\/\/www.sinchisinchi.com\/wp-content\/uploads\/2026\/01\/3b-Verde-SIMPLIFICADO-HORIZONTAL-F-TRANSPARENTE-scaled.png","width":2560,"height":457,"caption":"SINCHI S.L"},"image":{"@id":"https:\/\/www.sinchisinchi.com\/fr\/#\/schema\/logo\/image\/"},"sameAs":["https:\/\/www.facebook.com\/sinchirape\/","https:\/\/www.instagram.com\/sinchi_rape\/"]}]}},"_links":{"self":[{"href":"https:\/\/www.sinchisinchi.com\/fr\/wp-json\/wp\/v2\/product\/25596","targetHints":{"allow":["GET"]}}],"collection":[{"href":"https:\/\/www.sinchisinchi.com\/fr\/wp-json\/wp\/v2\/product"}],"about":[{"href":"https:\/\/www.sinchisinchi.com\/fr\/wp-json\/wp\/v2\/types\/product"}],"wp:featuredmedia":[{"embeddable":true,"href":"https:\/\/www.sinchisinchi.com\/fr\/wp-json\/wp\/v2\/media\/25598"}],"wp:attachment":[{"href":"https:\/\/www.sinchisinchi.com\/fr\/wp-json\/wp\/v2\/media?parent=25596"}],"wp:term":[{"taxonomy":"product_brand","embeddable":true,"href":"https:\/\/www.sinchisinchi.com\/fr\/wp-json\/wp\/v2\/product_brand?post=25596"},{"taxonomy":"product_cat","embeddable":true,"href":"https:\/\/www.sinchisinchi.com\/fr\/wp-json\/wp\/v2\/product_cat?post=25596"},{"taxonomy":"product_tag","embeddable":true,"href":"https:\/\/www.sinchisinchi.com\/fr\/wp-json\/wp\/v2\/product_tag?post=25596"}],"curies":[{"name":"wp","href":"https:\/\/api.w.org\/{rel}","templated":true}]}}