{"id":25602,"date":"2024-04-22T12:03:01","date_gmt":"2024-04-22T12:03:01","guid":{"rendered":"https:\/\/www.sinchisinchi.com\/producto\/karite-et-soie\/"},"modified":"2024-04-22T12:03:01","modified_gmt":"2024-04-22T12:03:01","slug":"karite-et-soie","status":"publish","type":"product","link":"https:\/\/www.sinchisinchi.com\/fr\/producto\/karite-et-soie\/","title":{"rendered":"Karit\u00e9 et Soie"},"content":{"rendered":"<h2 style=\"text-align: center;\"><strong>Histoire du savon de Marseille<\/strong><\/h2>\n<p>Le savon de Marseille est fabriqu\u00e9 \u00e0 partir d&rsquo;huiles v\u00e9g\u00e9tales et est originaire de Marseille (France). Les premi\u00e8res traces de son utilisation remontent \u00e0 1370 et, en 1688, l&rsquo;usage du nom fut r\u00e9glement\u00e9 pour les savons fabriqu\u00e9s uniquement dans la r\u00e9gion de Marseille \u00e0 partir d&rsquo;huile d&rsquo;olive, imitant le savon de Castille.<\/p>\n<p>L\u2019utilisation des huiles essentielles remonte \u00e0 la M\u00e9sopotamie, il y a plus de 5 000 ans. Ils \u00e9taient \u00e9galement utilis\u00e9s dans les parfums et les cosm\u00e9tiques en \u00c9gypte, en Inde, en Gr\u00e8ce et \u00e0 Rome.<\/p>\n<p>Hippocrate, l&rsquo;un des premiers m\u00e9decins grecs, utilisait des essences de plantes aromatiques pour gu\u00e9rir de nombreux troubles. Les Romains associaient les huiles essentielles et leurs diff\u00e9rents ar\u00f4mes \u00e0 la richesse et au succ\u00e8s.<\/p>\n<p><strong>M\u00e9sopotamie 2 500 av. J.-C.<\/strong> : Des tablettes d&rsquo;argile sum\u00e9riennes ont \u00e9t\u00e9 retrouv\u00e9es en M\u00e9sopotamie qui mentionnent le m\u00e9lange obtenu en faisant bouillir des huiles avec du potassium, des r\u00e9sines et du sel.<\/p>\n<p><strong>Syrie 1500 av. J.-C.<\/strong> : Le savon syrien de la ville d&rsquo;Alep, ancien territoire ph\u00e9nicien, est encore fabriqu\u00e9 aujourd&rsquo;hui selon la m\u00eame m\u00e9thode traditionnelle et avec de l&rsquo;huile d&rsquo;olive et de l&rsquo;huile de laurier.<\/p>\n<p>Sa m\u00e9thode de fabrication ancestrale remonte \u00e0 plus de 2 000 ans. Les premiers savons de l&rsquo;histoire \u00e9taient des \u00e9mulsions de savon liquide, et \u00e0 Alep furent introduits le processus de saponification et l&rsquo;utilisation d&rsquo;huile d&rsquo;olive et de laurier, donnant naissance au premier savon solide.<\/p>\n<p>Apr\u00e8s les Croisades au XIIe si\u00e8cle, la production de savon se r\u00e9pandit dans toute la M\u00e9diterran\u00e9e, atteignant l&rsquo;Italie, la France (savon de Marseille) et l&rsquo;Espagne (savon de Castille).<\/p>\n<p>Ses producteurs font toujours r\u00e9f\u00e9rence \u00e0 un aspect qui le rend unique et lui conf\u00e8re une mystique particuli\u00e8re : le soleil syrien, sous lequel le savon s\u00e8che dans la derni\u00e8re \u00e9tape de sa production.<\/p>\n<p><strong>\u00c9gypte 1500 av. J.-C.<\/strong> : Pour se nettoyer, les \u00c9gyptiens utilisaient un m\u00e9lange de savon \u00e0 base de natron (un min\u00e9ral carbonate de sodium extrait des lacs sal\u00e9s), de terre \u00e0 foulon (une argile l\u00e9g\u00e8rement \u00e9lastique qui a la propri\u00e9t\u00e9 d&rsquo;absorber les corps gras) et de lupins tremp\u00e9s.<\/p>\n<p>Le papyrus Ebers, datant de 1500 av. J.-C., raconte que les \u00c9gyptiens utilisaient une p\u00e2te savonneuse de cendre et d&rsquo;argile m\u00e9lang\u00e9e \u00e0 des huiles naturelles, une ressource cosm\u00e9tique essentielle pour l&rsquo;\u00e9lite \u00e9gyptienne.<\/p>\n<p><strong>Ph\u00e9niciens 1200 av. J.-C.<\/strong> : Les Ph\u00e9niciens fabriquaient du savon avec de l&rsquo;huile d&rsquo;olive et de la soude caustique (ou carbonate de sodium) obtenue \u00e0 partir des cendres de la combustion de plantes halophytes (plantes qui vivent dans les salines) comme la salicorne ou la salsola.<\/p>\n<p><strong>Celtes 900 av. J.-C.<\/strong> <strong>:<\/strong> Ils utilisaient de la graisse de ch\u00e8vre et de la cendre de bouleau pour fabriquer leurs savons.<\/p>\n<p><strong>Gr\u00e8ce et \u00c9trusques 500 av. J.-C. :<\/strong> Ils se lavaient en frottant sur leur corps un m\u00e9lange d&rsquo;huiles aromatiques et de sable ou de cendre, qu&rsquo;ils retiraient ensuite avec un strigile.<\/p>\n<p>Peuples germaniques et gaulois 300 av. J.-C. : Le savon \u00e9tait, selon l&rsquo;historien romain Pline, une invention gauloise. Les Gaulois fabriquaient leurs savons \u00e0 partir de cendres de h\u00eatre et de suif ou de graisse de sanglier et, selon Pline, s&rsquo;en servaient pour teindre leurs longs cheveux en blond ou en roux.<\/p>\n<p>L\u2019odeur de graisse rance \u00e9tait barbare pour les Romains.<\/p>\n<p><strong>Arabie 200 av. J.-C. :<\/strong> Au 3e si\u00e8cle av. J.-C. En Arabie, le savon \u00e9tait fabriqu\u00e9 en cuisant un m\u00e9lange \u00e0 base de potasse, d&rsquo;alcali provenant de cendres, d&rsquo;huile de s\u00e9same et de citron.<\/p>\n<p><strong>Al Andalus VIIIe si\u00e8cle :<\/strong> Les Arabes construisent la premi\u00e8re grande usine de savon europ\u00e9enne \u00e0 la fin du Xe si\u00e8cle \u00e0 Al Andalus, \u00e0 S\u00e9ville. Dans la vall\u00e9e du Guadalquivir, o\u00f9 se trouvaient de grandes oliveraies et des marais, on obtenait les mati\u00e8res premi\u00e8res n\u00e9cessaires \u00e0 la fabrication d&rsquo;un savon qui, quatre si\u00e8cles plus tard, serait connu sous le nom de savon de Castille. Malgr\u00e9 cela, en Andalousie, les fabriques de savon continu\u00e8rent \u00e0 \u00eatre appel\u00e9es par le nom arabe (almona).<\/p>\n<p><strong>Castille XIVe si\u00e8cle :<\/strong> On fabrique du savon de Castille, fabriqu\u00e9 \u00e0 partir d&rsquo;huiles v\u00e9g\u00e9tales au lieu de graisses animales, ce qui signifie qu&rsquo;il peut \u00eatre utilis\u00e9 pour l&rsquo;hygi\u00e8ne personnelle. Depuis lors, les Europ\u00e9ens sont devenus plus propres et les grandes pand\u00e9mies ont commenc\u00e9 \u00e0 dispara\u00eetre.<\/p>\n<p><strong>Marseille 14\u00e8me si\u00e8cle :<\/strong> Les c\u00e9l\u00e8bres savonneries de Marseille sont implant\u00e9es au 14\u00e8me si\u00e8cle. Ce savon \u00e9tait traditionnellement fabriqu\u00e9 avec de l&rsquo;huile d&rsquo;olive, de l&rsquo;eau m\u00e9diterran\u00e9enne et de la soude caustique issue des cendres de laurier. Comme le savon d\u2019Alep, il est toujours produit aujourd\u2019hui.<\/p>\n<p><strong>Mexique 1 575 :<\/strong> Un abri a \u00e9t\u00e9 construit \u00e0 Mexico. Le savon qui y \u00e9tait fabriqu\u00e9 \u00e9tait celui utilis\u00e9 par les Mexicains, fabriqu\u00e9 \u00e0 partir de tequesquite, un min\u00e9ral riche en soude, et de quelques plantes. Au XVIIe si\u00e8cle, il existe des traces d&rsquo;une usine de savon \u00e0 Guayaquil qui produisait du savon \u00e0 partir de suif de vache et de cendres d&rsquo;herbe.<\/p>\n<p><strong>Guayaquil XVIIe si\u00e8cle :<\/strong> Fabrique de savon \u00e0 Guayaquil qui fabriquait du savon \u00e0 partir de suif de vache et de cendres d&rsquo;herbe.<\/p>\n","protected":false},"excerpt":{"rendered":"<p>Le beurre de karit\u00e9 est l\u2019un des ingr\u00e9dients les plus hydratants qui existent. Il poss\u00e8de un pouvoir nutritif et hydratant \u00e9lev\u00e9, particuli\u00e8rement adapt\u00e9 pour r\u00e9cup\u00e9rer l&rsquo;\u00e9lasticit\u00e9 naturelle de la peau.<\/p>\n<p>Ce savon est fabriqu\u00e9 artisanalement \u00e0 Marseille selon des m\u00e9thodes ancestrales et des recettes ancestrales en utilisant des ingr\u00e9dients enti\u00e8rement naturels : eau de mer m\u00e9diterran\u00e9enne, huile essentielle de bois de santal, huiles v\u00e9g\u00e9tales de haute qualit\u00e9 et carbonate de sodium. Il est 100% biod\u00e9gradable.<\/p>\n<p>&nbsp;<\/p>\n<p><strong>Taille:<\/strong> 125gr<\/p>\n","protected":false},"featured_media":25603,"template":"","meta":{"_joinchat":[]},"product_brand":[],"product_cat":[678],"product_tag":[],"class_list":{"0":"post-25602","1":"product","2":"type-product","3":"status-publish","4":"has-post-thumbnail","6":"product_cat-savons","8":"first","9":"instock","10":"taxable","11":"shipping-taxable","12":"purchasable","13":"product-type-simple"},"yoast_head":"<!-- This site is optimized with the Yoast SEO plugin v27.4 - https:\/\/yoast.com\/product\/yoast-seo-wordpress\/ -->\n<title>Savon au karit\u00e9 et \u00e0 la soie : Shamanic Shop<\/title>\n<meta name=\"description\" content=\"Savon au beurre de karit\u00e9 : Il poss\u00e8de un pouvoir nutritif et hydratant \u00e9lev\u00e9, particuli\u00e8rement adapt\u00e9 pour retrouver l&#039;\u00e9lasticit\u00e9 naturelle de la peau.\" \/>\n<meta name=\"robots\" content=\"index, follow, max-snippet:-1, max-image-preview:large, max-video-preview:-1\" \/>\n<link rel=\"canonical\" href=\"https:\/\/www.sinchisinchi.com\/fr\/producto\/karite-et-soie\/\" \/>\n<meta property=\"og:locale\" content=\"fr_FR\" \/>\n<meta property=\"og:type\" content=\"article\" \/>\n<meta property=\"og:title\" content=\"Savon au karit\u00e9 et \u00e0 la soie : Shamanic Shop\" \/>\n<meta property=\"og:description\" content=\"Savon au beurre de karit\u00e9 : Il poss\u00e8de un pouvoir nutritif et hydratant \u00e9lev\u00e9, particuli\u00e8rement adapt\u00e9 pour retrouver l&#039;\u00e9lasticit\u00e9 naturelle de la peau.\" \/>\n<meta property=\"og:url\" content=\"https:\/\/www.sinchisinchi.com\/fr\/producto\/karite-et-soie\/\" \/>\n<meta property=\"og:site_name\" content=\"SINCHI RAP\u00c9\" \/>\n<meta property=\"article:publisher\" content=\"https:\/\/www.facebook.com\/sinchirape\/\" \/>\n<meta property=\"og:image\" content=\"https:\/\/www.sinchisinchi.com\/wp-content\/uploads\/2024\/04\/7-karite-y-seda.jpeg\" \/>\n\t<meta property=\"og:image:width\" content=\"750\" \/>\n\t<meta property=\"og:image:height\" content=\"750\" \/>\n\t<meta property=\"og:image:type\" content=\"image\/jpeg\" \/>\n<meta name=\"twitter:card\" content=\"summary_large_image\" \/>\n<meta name=\"twitter:label1\" content=\"Dur\u00e9e de lecture estim\u00e9e\" \/>\n\t<meta name=\"twitter:data1\" content=\"4 minutes\" \/>\n<script type=\"application\/ld+json\" class=\"yoast-schema-graph\">{\"@context\":\"https:\\\/\\\/schema.org\",\"@graph\":[{\"@type\":\"WebPage\",\"@id\":\"https:\\\/\\\/www.sinchisinchi.com\\\/fr\\\/producto\\\/karite-et-soie\\\/\",\"url\":\"https:\\\/\\\/www.sinchisinchi.com\\\/fr\\\/producto\\\/karite-et-soie\\\/\",\"name\":\"Savon au karit\u00e9 et \u00e0 la soie : Shamanic Shop\",\"isPartOf\":{\"@id\":\"https:\\\/\\\/www.sinchisinchi.com\\\/fr\\\/#website\"},\"primaryImageOfPage\":{\"@id\":\"https:\\\/\\\/www.sinchisinchi.com\\\/fr\\\/producto\\\/karite-et-soie\\\/#primaryimage\"},\"image\":{\"@id\":\"https:\\\/\\\/www.sinchisinchi.com\\\/fr\\\/producto\\\/karite-et-soie\\\/#primaryimage\"},\"thumbnailUrl\":\"https:\\\/\\\/www.sinchisinchi.com\\\/wp-content\\\/uploads\\\/2024\\\/04\\\/7-karite-y-seda.jpeg\",\"datePublished\":\"2024-04-22T12:03:01+00:00\",\"description\":\"Savon au beurre de karit\u00e9 : Il poss\u00e8de un pouvoir nutritif et hydratant \u00e9lev\u00e9, particuli\u00e8rement adapt\u00e9 pour retrouver l'\u00e9lasticit\u00e9 naturelle de la peau.\",\"breadcrumb\":{\"@id\":\"https:\\\/\\\/www.sinchisinchi.com\\\/fr\\\/producto\\\/karite-et-soie\\\/#breadcrumb\"},\"inLanguage\":\"fr-FR\",\"potentialAction\":[{\"@type\":\"ReadAction\",\"target\":[\"https:\\\/\\\/www.sinchisinchi.com\\\/fr\\\/producto\\\/karite-et-soie\\\/\"]}]},{\"@type\":\"ImageObject\",\"inLanguage\":\"fr-FR\",\"@id\":\"https:\\\/\\\/www.sinchisinchi.com\\\/fr\\\/producto\\\/karite-et-soie\\\/#primaryimage\",\"url\":\"https:\\\/\\\/www.sinchisinchi.com\\\/wp-content\\\/uploads\\\/2024\\\/04\\\/7-karite-y-seda.jpeg\",\"contentUrl\":\"https:\\\/\\\/www.sinchisinchi.com\\\/wp-content\\\/uploads\\\/2024\\\/04\\\/7-karite-y-seda.jpeg\",\"width\":750,\"height\":750},{\"@type\":\"BreadcrumbList\",\"@id\":\"https:\\\/\\\/www.sinchisinchi.com\\\/fr\\\/producto\\\/karite-et-soie\\\/#breadcrumb\",\"itemListElement\":[{\"@type\":\"ListItem\",\"position\":1,\"name\":\"Prima pagina\",\"item\":\"https:\\\/\\\/www.sinchisinchi.com\\\/fr\\\/\"},{\"@type\":\"ListItem\",\"position\":2,\"name\":\"Produits\",\"item\":\"https:\\\/\\\/www.sinchisinchi.com\\\/fr\\\/shop\\\/\"},{\"@type\":\"ListItem\",\"position\":3,\"name\":\"Karit\u00e9 et Soie\"}]},{\"@type\":\"WebSite\",\"@id\":\"https:\\\/\\\/www.sinchisinchi.com\\\/fr\\\/#website\",\"url\":\"https:\\\/\\\/www.sinchisinchi.com\\\/fr\\\/\",\"name\":\"SINCHI\",\"description\":\"Sinchi Medicine\",\"publisher\":{\"@id\":\"https:\\\/\\\/www.sinchisinchi.com\\\/fr\\\/#organization\"},\"potentialAction\":[{\"@type\":\"SearchAction\",\"target\":{\"@type\":\"EntryPoint\",\"urlTemplate\":\"https:\\\/\\\/www.sinchisinchi.com\\\/fr\\\/?s={search_term_string}\"},\"query-input\":{\"@type\":\"PropertyValueSpecification\",\"valueRequired\":true,\"valueName\":\"search_term_string\"}}],\"inLanguage\":\"fr-FR\"},{\"@type\":\"Organization\",\"@id\":\"https:\\\/\\\/www.sinchisinchi.com\\\/fr\\\/#organization\",\"name\":\"SINCHI S.L\",\"url\":\"https:\\\/\\\/www.sinchisinchi.com\\\/fr\\\/\",\"logo\":{\"@type\":\"ImageObject\",\"inLanguage\":\"fr-FR\",\"@id\":\"https:\\\/\\\/www.sinchisinchi.com\\\/fr\\\/#\\\/schema\\\/logo\\\/image\\\/\",\"url\":\"https:\\\/\\\/www.sinchisinchi.com\\\/wp-content\\\/uploads\\\/2026\\\/01\\\/3b-Verde-SIMPLIFICADO-HORIZONTAL-F-TRANSPARENTE-scaled.png\",\"contentUrl\":\"https:\\\/\\\/www.sinchisinchi.com\\\/wp-content\\\/uploads\\\/2026\\\/01\\\/3b-Verde-SIMPLIFICADO-HORIZONTAL-F-TRANSPARENTE-scaled.png\",\"width\":2560,\"height\":457,\"caption\":\"SINCHI S.L\"},\"image\":{\"@id\":\"https:\\\/\\\/www.sinchisinchi.com\\\/fr\\\/#\\\/schema\\\/logo\\\/image\\\/\"},\"sameAs\":[\"https:\\\/\\\/www.facebook.com\\\/sinchirape\\\/\",\"https:\\\/\\\/www.instagram.com\\\/sinchi_rape\\\/\"]}]}<\/script>\n<!-- \/ Yoast SEO plugin. -->","yoast_head_json":{"title":"Savon au karit\u00e9 et \u00e0 la soie : Shamanic Shop","description":"Savon au beurre de karit\u00e9 : Il poss\u00e8de un pouvoir nutritif et hydratant \u00e9lev\u00e9, particuli\u00e8rement adapt\u00e9 pour retrouver l'\u00e9lasticit\u00e9 naturelle de la peau.","robots":{"index":"index","follow":"follow","max-snippet":"max-snippet:-1","max-image-preview":"max-image-preview:large","max-video-preview":"max-video-preview:-1"},"canonical":"https:\/\/www.sinchisinchi.com\/fr\/producto\/karite-et-soie\/","og_locale":"fr_FR","og_type":"article","og_title":"Savon au karit\u00e9 et \u00e0 la soie : Shamanic Shop","og_description":"Savon au beurre de karit\u00e9 : Il poss\u00e8de un pouvoir nutritif et hydratant \u00e9lev\u00e9, particuli\u00e8rement adapt\u00e9 pour retrouver l'\u00e9lasticit\u00e9 naturelle de la peau.","og_url":"https:\/\/www.sinchisinchi.com\/fr\/producto\/karite-et-soie\/","og_site_name":"SINCHI RAP\u00c9","article_publisher":"https:\/\/www.facebook.com\/sinchirape\/","og_image":[{"width":750,"height":750,"url":"https:\/\/www.sinchisinchi.com\/wp-content\/uploads\/2024\/04\/7-karite-y-seda.jpeg","type":"image\/jpeg"}],"twitter_card":"summary_large_image","twitter_misc":{"Dur\u00e9e de lecture estim\u00e9e":"4 minutes"},"schema":{"@context":"https:\/\/schema.org","@graph":[{"@type":"WebPage","@id":"https:\/\/www.sinchisinchi.com\/fr\/producto\/karite-et-soie\/","url":"https:\/\/www.sinchisinchi.com\/fr\/producto\/karite-et-soie\/","name":"Savon au karit\u00e9 et \u00e0 la soie : Shamanic Shop","isPartOf":{"@id":"https:\/\/www.sinchisinchi.com\/fr\/#website"},"primaryImageOfPage":{"@id":"https:\/\/www.sinchisinchi.com\/fr\/producto\/karite-et-soie\/#primaryimage"},"image":{"@id":"https:\/\/www.sinchisinchi.com\/fr\/producto\/karite-et-soie\/#primaryimage"},"thumbnailUrl":"https:\/\/www.sinchisinchi.com\/wp-content\/uploads\/2024\/04\/7-karite-y-seda.jpeg","datePublished":"2024-04-22T12:03:01+00:00","description":"Savon au beurre de karit\u00e9 : Il poss\u00e8de un pouvoir nutritif et hydratant \u00e9lev\u00e9, particuli\u00e8rement adapt\u00e9 pour retrouver l'\u00e9lasticit\u00e9 naturelle de la peau.","breadcrumb":{"@id":"https:\/\/www.sinchisinchi.com\/fr\/producto\/karite-et-soie\/#breadcrumb"},"inLanguage":"fr-FR","potentialAction":[{"@type":"ReadAction","target":["https:\/\/www.sinchisinchi.com\/fr\/producto\/karite-et-soie\/"]}]},{"@type":"ImageObject","inLanguage":"fr-FR","@id":"https:\/\/www.sinchisinchi.com\/fr\/producto\/karite-et-soie\/#primaryimage","url":"https:\/\/www.sinchisinchi.com\/wp-content\/uploads\/2024\/04\/7-karite-y-seda.jpeg","contentUrl":"https:\/\/www.sinchisinchi.com\/wp-content\/uploads\/2024\/04\/7-karite-y-seda.jpeg","width":750,"height":750},{"@type":"BreadcrumbList","@id":"https:\/\/www.sinchisinchi.com\/fr\/producto\/karite-et-soie\/#breadcrumb","itemListElement":[{"@type":"ListItem","position":1,"name":"Prima pagina","item":"https:\/\/www.sinchisinchi.com\/fr\/"},{"@type":"ListItem","position":2,"name":"Produits","item":"https:\/\/www.sinchisinchi.com\/fr\/shop\/"},{"@type":"ListItem","position":3,"name":"Karit\u00e9 et Soie"}]},{"@type":"WebSite","@id":"https:\/\/www.sinchisinchi.com\/fr\/#website","url":"https:\/\/www.sinchisinchi.com\/fr\/","name":"SINCHI","description":"Sinchi Medicine","publisher":{"@id":"https:\/\/www.sinchisinchi.com\/fr\/#organization"},"potentialAction":[{"@type":"SearchAction","target":{"@type":"EntryPoint","urlTemplate":"https:\/\/www.sinchisinchi.com\/fr\/?s={search_term_string}"},"query-input":{"@type":"PropertyValueSpecification","valueRequired":true,"valueName":"search_term_string"}}],"inLanguage":"fr-FR"},{"@type":"Organization","@id":"https:\/\/www.sinchisinchi.com\/fr\/#organization","name":"SINCHI S.L","url":"https:\/\/www.sinchisinchi.com\/fr\/","logo":{"@type":"ImageObject","inLanguage":"fr-FR","@id":"https:\/\/www.sinchisinchi.com\/fr\/#\/schema\/logo\/image\/","url":"https:\/\/www.sinchisinchi.com\/wp-content\/uploads\/2026\/01\/3b-Verde-SIMPLIFICADO-HORIZONTAL-F-TRANSPARENTE-scaled.png","contentUrl":"https:\/\/www.sinchisinchi.com\/wp-content\/uploads\/2026\/01\/3b-Verde-SIMPLIFICADO-HORIZONTAL-F-TRANSPARENTE-scaled.png","width":2560,"height":457,"caption":"SINCHI S.L"},"image":{"@id":"https:\/\/www.sinchisinchi.com\/fr\/#\/schema\/logo\/image\/"},"sameAs":["https:\/\/www.facebook.com\/sinchirape\/","https:\/\/www.instagram.com\/sinchi_rape\/"]}]}},"_links":{"self":[{"href":"https:\/\/www.sinchisinchi.com\/fr\/wp-json\/wp\/v2\/product\/25602","targetHints":{"allow":["GET"]}}],"collection":[{"href":"https:\/\/www.sinchisinchi.com\/fr\/wp-json\/wp\/v2\/product"}],"about":[{"href":"https:\/\/www.sinchisinchi.com\/fr\/wp-json\/wp\/v2\/types\/product"}],"wp:featuredmedia":[{"embeddable":true,"href":"https:\/\/www.sinchisinchi.com\/fr\/wp-json\/wp\/v2\/media\/25603"}],"wp:attachment":[{"href":"https:\/\/www.sinchisinchi.com\/fr\/wp-json\/wp\/v2\/media?parent=25602"}],"wp:term":[{"taxonomy":"product_brand","embeddable":true,"href":"https:\/\/www.sinchisinchi.com\/fr\/wp-json\/wp\/v2\/product_brand?post=25602"},{"taxonomy":"product_cat","embeddable":true,"href":"https:\/\/www.sinchisinchi.com\/fr\/wp-json\/wp\/v2\/product_cat?post=25602"},{"taxonomy":"product_tag","embeddable":true,"href":"https:\/\/www.sinchisinchi.com\/fr\/wp-json\/wp\/v2\/product_tag?post=25602"}],"curies":[{"name":"wp","href":"https:\/\/api.w.org\/{rel}","templated":true}]}}