{"id":25614,"date":"2024-04-22T11:58:50","date_gmt":"2024-04-22T11:58:50","guid":{"rendered":"https:\/\/www.sinchisinchi.com\/producto\/lavande\/"},"modified":"2024-04-22T11:58:50","modified_gmt":"2024-04-22T11:58:50","slug":"lavande","status":"publish","type":"product","link":"https:\/\/www.sinchisinchi.com\/fr\/producto\/lavande\/","title":{"rendered":"Lavande"},"content":{"rendered":"<p>Traditionnellement, la lavande est associ\u00e9e \u00e0 Aine, d\u00e9esse de l&rsquo;air, et au monde des sylphides et des f\u00e9es. Il \u00e9tait \u00e9galement associ\u00e9 au dieu Mercure, qui gouverne le langage et le besoin humain de communication, et sur le plan physique, gouverne \u00e9galement le syst\u00e8me nerveux\u00a0; Depuis l\u2019Antiquit\u00e9, la lavande est l\u2019une des plantes les plus utilis\u00e9es pour calmer et d\u00e9tendre.<\/p>\n<p>La lavande est originaire de la M\u00e9diterran\u00e9e, o\u00f9 elle pousse naturellement dans des sols secs et caillouteux.<\/p>\n<p>Traditionnellement, la lavande est associ\u00e9e \u00e0 l\u2019air, l\u2019\u00e9l\u00e9ment qui correspond au monde des id\u00e9es, des pens\u00e9es, des illusions et des r\u00eaves.<\/p>\n<p>Le savon naturel \u00e0 la lavande calme l&rsquo;esprit, apaise les pens\u00e9es et aide \u00e0 \u00e9lever l&rsquo;humeur et \u00e0 harmoniser. Il est riche en linalol, linaline, camphre, limon\u00e8ne, tanins et bor\u00e9ol, curcumines et saponines.<\/p>\n","protected":false},"excerpt":{"rendered":"<p>Le savon \u00e0 la lavande a des propri\u00e9t\u00e9s antiseptiques et aide \u00e0 r\u00e9guler et hydrater le derme.<\/p>\n<p>La lavande a un effet calmant et relaxant, un ar\u00f4me frais qui stimule les sensations et les \u00e9motions et canalise l&rsquo;\u00e9nergie positive. Elle est relaxante et inspirante.<\/p>\n<p>La touche aromatique et relaxante de l\u2019huile essentielle de lavande apaise les sens et aide \u00e0 adoucir la peau.<\/p>\n<p>La lavande poss\u00e8de des propri\u00e9t\u00e9s cicatrisantes, anti-inflammatoires et antioxydantes, qui aident \u00e0 apaiser, r\u00e9g\u00e9n\u00e9rer et prot\u00e9ger la peau.<\/p>\n<p>Il a un ar\u00f4me doux, floral et herbac\u00e9, avec des tons balsamiques. Il retarde l\u2019apparition des rides et aide en cas de nervosit\u00e9, d\u2019insomnie et d\u2019irritabilit\u00e9.<\/p>\n<p>Le terme \u00ab lavande \u00bb vient probablement du mot latin \u00ab lavere \u00bb qui signifie \u00ab laver \u00bb, faisant r\u00e9f\u00e9rence au fait que la lavande est utilis\u00e9e depuis l&rsquo;Antiquit\u00e9 pour laver le corps et les v\u00eatements.<\/p>\n<p>Les anciens Romains ajoutaient de l\u2019huile de lavande \u00e0 leurs bains publics et les soldats romains transportaient de l\u2019huile de lavande pour soigner leurs blessures au combat.<\/p>\n<p>&nbsp;<\/p>\n<p><strong>Taille:<\/strong> 125gr<\/p>\n","protected":false},"featured_media":25615,"template":"","meta":{"_joinchat":[]},"product_brand":[],"product_cat":[678],"product_tag":[],"class_list":{"0":"post-25614","1":"product","2":"type-product","3":"status-publish","4":"has-post-thumbnail","6":"product_cat-savons","8":"first","9":"instock","10":"taxable","11":"shipping-taxable","12":"purchasable","13":"product-type-simple"},"yoast_head":"<!-- This site is optimized with the Yoast SEO plugin v27.1.1 - https:\/\/yoast.com\/product\/yoast-seo-wordpress\/ -->\n<title>Savon \u00e0 la lavande : Shamanic Shop<\/title>\n<meta name=\"description\" content=\"Savon \u00e0 la Lavande : poss\u00e8de des propri\u00e9t\u00e9s antiseptiques, aide \u00e0 r\u00e9guler et hydrater le derme. Il a un effet calmant et relaxant.\" \/>\n<meta name=\"robots\" content=\"index, follow, max-snippet:-1, max-image-preview:large, max-video-preview:-1\" \/>\n<link rel=\"canonical\" href=\"https:\/\/www.sinchisinchi.com\/fr\/producto\/lavande\/\" \/>\n<meta property=\"og:locale\" content=\"fr_FR\" \/>\n<meta property=\"og:type\" content=\"article\" \/>\n<meta property=\"og:title\" content=\"Savon \u00e0 la lavande : Shamanic Shop\" \/>\n<meta property=\"og:description\" content=\"Savon \u00e0 la Lavande : poss\u00e8de des propri\u00e9t\u00e9s antiseptiques, aide \u00e0 r\u00e9guler et hydrater le derme. Il a un effet calmant et relaxant.\" \/>\n<meta property=\"og:url\" content=\"https:\/\/www.sinchisinchi.com\/fr\/producto\/lavande\/\" \/>\n<meta property=\"og:site_name\" content=\"SINCHI RAP\u00c9\" \/>\n<meta property=\"article:publisher\" content=\"https:\/\/www.facebook.com\/sinchirape\/\" \/>\n<meta property=\"og:image\" content=\"https:\/\/www.sinchisinchi.com\/wp-content\/uploads\/2024\/04\/5-lavanda.jpeg\" \/>\n\t<meta property=\"og:image:width\" content=\"750\" \/>\n\t<meta property=\"og:image:height\" content=\"750\" \/>\n\t<meta property=\"og:image:type\" content=\"image\/jpeg\" \/>\n<meta name=\"twitter:card\" content=\"summary_large_image\" \/>\n<meta name=\"twitter:label1\" content=\"Dur\u00e9e de lecture estim\u00e9e\" \/>\n\t<meta name=\"twitter:data1\" content=\"1 minute\" \/>\n<script type=\"application\/ld+json\" class=\"yoast-schema-graph\">{\"@context\":\"https:\/\/schema.org\",\"@graph\":[{\"@type\":\"WebPage\",\"@id\":\"https:\/\/www.sinchisinchi.com\/fr\/producto\/lavande\/\",\"url\":\"https:\/\/www.sinchisinchi.com\/fr\/producto\/lavande\/\",\"name\":\"Savon \u00e0 la lavande : Shamanic Shop\",\"isPartOf\":{\"@id\":\"https:\/\/www.sinchisinchi.com\/fr\/#website\"},\"primaryImageOfPage\":{\"@id\":\"https:\/\/www.sinchisinchi.com\/fr\/producto\/lavande\/#primaryimage\"},\"image\":{\"@id\":\"https:\/\/www.sinchisinchi.com\/fr\/producto\/lavande\/#primaryimage\"},\"thumbnailUrl\":\"https:\/\/www.sinchisinchi.com\/wp-content\/uploads\/2024\/04\/5-lavanda.jpeg\",\"datePublished\":\"2024-04-22T11:58:50+00:00\",\"description\":\"Savon \u00e0 la Lavande : poss\u00e8de des propri\u00e9t\u00e9s antiseptiques, aide \u00e0 r\u00e9guler et hydrater le derme. Il a un effet calmant et relaxant.\",\"breadcrumb\":{\"@id\":\"https:\/\/www.sinchisinchi.com\/fr\/producto\/lavande\/#breadcrumb\"},\"inLanguage\":\"fr-FR\",\"potentialAction\":[{\"@type\":\"ReadAction\",\"target\":[\"https:\/\/www.sinchisinchi.com\/fr\/producto\/lavande\/\"]}]},{\"@type\":\"ImageObject\",\"inLanguage\":\"fr-FR\",\"@id\":\"https:\/\/www.sinchisinchi.com\/fr\/producto\/lavande\/#primaryimage\",\"url\":\"https:\/\/www.sinchisinchi.com\/wp-content\/uploads\/2024\/04\/5-lavanda.jpeg\",\"contentUrl\":\"https:\/\/www.sinchisinchi.com\/wp-content\/uploads\/2024\/04\/5-lavanda.jpeg\",\"width\":750,\"height\":750},{\"@type\":\"BreadcrumbList\",\"@id\":\"https:\/\/www.sinchisinchi.com\/fr\/producto\/lavande\/#breadcrumb\",\"itemListElement\":[{\"@type\":\"ListItem\",\"position\":1,\"name\":\"Prima pagina\",\"item\":\"https:\/\/www.sinchisinchi.com\/fr\/\"},{\"@type\":\"ListItem\",\"position\":2,\"name\":\"Produits\",\"item\":\"https:\/\/www.sinchisinchi.com\/fr\/shop\/\"},{\"@type\":\"ListItem\",\"position\":3,\"name\":\"Lavande\"}]},{\"@type\":\"WebSite\",\"@id\":\"https:\/\/www.sinchisinchi.com\/fr\/#website\",\"url\":\"https:\/\/www.sinchisinchi.com\/fr\/\",\"name\":\"SINCHI\",\"description\":\"Sinchi Medicine\",\"publisher\":{\"@id\":\"https:\/\/www.sinchisinchi.com\/fr\/#organization\"},\"potentialAction\":[{\"@type\":\"SearchAction\",\"target\":{\"@type\":\"EntryPoint\",\"urlTemplate\":\"https:\/\/www.sinchisinchi.com\/fr\/?s={search_term_string}\"},\"query-input\":{\"@type\":\"PropertyValueSpecification\",\"valueRequired\":true,\"valueName\":\"search_term_string\"}}],\"inLanguage\":\"fr-FR\"},{\"@type\":\"Organization\",\"@id\":\"https:\/\/www.sinchisinchi.com\/fr\/#organization\",\"name\":\"SINCHI S.L\",\"url\":\"https:\/\/www.sinchisinchi.com\/fr\/\",\"logo\":{\"@type\":\"ImageObject\",\"inLanguage\":\"fr-FR\",\"@id\":\"https:\/\/www.sinchisinchi.com\/fr\/#\/schema\/logo\/image\/\",\"url\":\"https:\/\/www.sinchisinchi.com\/wp-content\/uploads\/2026\/01\/3b-Verde-SIMPLIFICADO-HORIZONTAL-F-TRANSPARENTE-scaled.png\",\"contentUrl\":\"https:\/\/www.sinchisinchi.com\/wp-content\/uploads\/2026\/01\/3b-Verde-SIMPLIFICADO-HORIZONTAL-F-TRANSPARENTE-scaled.png\",\"width\":2560,\"height\":457,\"caption\":\"SINCHI S.L\"},\"image\":{\"@id\":\"https:\/\/www.sinchisinchi.com\/fr\/#\/schema\/logo\/image\/\"},\"sameAs\":[\"https:\/\/www.facebook.com\/sinchirape\/\",\"https:\/\/www.instagram.com\/sinchi_rape\/\"]}]}<\/script>\n<!-- \/ Yoast SEO plugin. -->","yoast_head_json":{"title":"Savon \u00e0 la lavande : Shamanic Shop","description":"Savon \u00e0 la Lavande : poss\u00e8de des propri\u00e9t\u00e9s antiseptiques, aide \u00e0 r\u00e9guler et hydrater le derme. Il a un effet calmant et relaxant.","robots":{"index":"index","follow":"follow","max-snippet":"max-snippet:-1","max-image-preview":"max-image-preview:large","max-video-preview":"max-video-preview:-1"},"canonical":"https:\/\/www.sinchisinchi.com\/fr\/producto\/lavande\/","og_locale":"fr_FR","og_type":"article","og_title":"Savon \u00e0 la lavande : Shamanic Shop","og_description":"Savon \u00e0 la Lavande : poss\u00e8de des propri\u00e9t\u00e9s antiseptiques, aide \u00e0 r\u00e9guler et hydrater le derme. Il a un effet calmant et relaxant.","og_url":"https:\/\/www.sinchisinchi.com\/fr\/producto\/lavande\/","og_site_name":"SINCHI RAP\u00c9","article_publisher":"https:\/\/www.facebook.com\/sinchirape\/","og_image":[{"width":750,"height":750,"url":"https:\/\/www.sinchisinchi.com\/wp-content\/uploads\/2024\/04\/5-lavanda.jpeg","type":"image\/jpeg"}],"twitter_card":"summary_large_image","twitter_misc":{"Dur\u00e9e de lecture estim\u00e9e":"1 minute"},"schema":{"@context":"https:\/\/schema.org","@graph":[{"@type":"WebPage","@id":"https:\/\/www.sinchisinchi.com\/fr\/producto\/lavande\/","url":"https:\/\/www.sinchisinchi.com\/fr\/producto\/lavande\/","name":"Savon \u00e0 la lavande : Shamanic Shop","isPartOf":{"@id":"https:\/\/www.sinchisinchi.com\/fr\/#website"},"primaryImageOfPage":{"@id":"https:\/\/www.sinchisinchi.com\/fr\/producto\/lavande\/#primaryimage"},"image":{"@id":"https:\/\/www.sinchisinchi.com\/fr\/producto\/lavande\/#primaryimage"},"thumbnailUrl":"https:\/\/www.sinchisinchi.com\/wp-content\/uploads\/2024\/04\/5-lavanda.jpeg","datePublished":"2024-04-22T11:58:50+00:00","description":"Savon \u00e0 la Lavande : poss\u00e8de des propri\u00e9t\u00e9s antiseptiques, aide \u00e0 r\u00e9guler et hydrater le derme. Il a un effet calmant et relaxant.","breadcrumb":{"@id":"https:\/\/www.sinchisinchi.com\/fr\/producto\/lavande\/#breadcrumb"},"inLanguage":"fr-FR","potentialAction":[{"@type":"ReadAction","target":["https:\/\/www.sinchisinchi.com\/fr\/producto\/lavande\/"]}]},{"@type":"ImageObject","inLanguage":"fr-FR","@id":"https:\/\/www.sinchisinchi.com\/fr\/producto\/lavande\/#primaryimage","url":"https:\/\/www.sinchisinchi.com\/wp-content\/uploads\/2024\/04\/5-lavanda.jpeg","contentUrl":"https:\/\/www.sinchisinchi.com\/wp-content\/uploads\/2024\/04\/5-lavanda.jpeg","width":750,"height":750},{"@type":"BreadcrumbList","@id":"https:\/\/www.sinchisinchi.com\/fr\/producto\/lavande\/#breadcrumb","itemListElement":[{"@type":"ListItem","position":1,"name":"Prima pagina","item":"https:\/\/www.sinchisinchi.com\/fr\/"},{"@type":"ListItem","position":2,"name":"Produits","item":"https:\/\/www.sinchisinchi.com\/fr\/shop\/"},{"@type":"ListItem","position":3,"name":"Lavande"}]},{"@type":"WebSite","@id":"https:\/\/www.sinchisinchi.com\/fr\/#website","url":"https:\/\/www.sinchisinchi.com\/fr\/","name":"SINCHI","description":"Sinchi Medicine","publisher":{"@id":"https:\/\/www.sinchisinchi.com\/fr\/#organization"},"potentialAction":[{"@type":"SearchAction","target":{"@type":"EntryPoint","urlTemplate":"https:\/\/www.sinchisinchi.com\/fr\/?s={search_term_string}"},"query-input":{"@type":"PropertyValueSpecification","valueRequired":true,"valueName":"search_term_string"}}],"inLanguage":"fr-FR"},{"@type":"Organization","@id":"https:\/\/www.sinchisinchi.com\/fr\/#organization","name":"SINCHI S.L","url":"https:\/\/www.sinchisinchi.com\/fr\/","logo":{"@type":"ImageObject","inLanguage":"fr-FR","@id":"https:\/\/www.sinchisinchi.com\/fr\/#\/schema\/logo\/image\/","url":"https:\/\/www.sinchisinchi.com\/wp-content\/uploads\/2026\/01\/3b-Verde-SIMPLIFICADO-HORIZONTAL-F-TRANSPARENTE-scaled.png","contentUrl":"https:\/\/www.sinchisinchi.com\/wp-content\/uploads\/2026\/01\/3b-Verde-SIMPLIFICADO-HORIZONTAL-F-TRANSPARENTE-scaled.png","width":2560,"height":457,"caption":"SINCHI S.L"},"image":{"@id":"https:\/\/www.sinchisinchi.com\/fr\/#\/schema\/logo\/image\/"},"sameAs":["https:\/\/www.facebook.com\/sinchirape\/","https:\/\/www.instagram.com\/sinchi_rape\/"]}]}},"_links":{"self":[{"href":"https:\/\/www.sinchisinchi.com\/fr\/wp-json\/wp\/v2\/product\/25614","targetHints":{"allow":["GET"]}}],"collection":[{"href":"https:\/\/www.sinchisinchi.com\/fr\/wp-json\/wp\/v2\/product"}],"about":[{"href":"https:\/\/www.sinchisinchi.com\/fr\/wp-json\/wp\/v2\/types\/product"}],"wp:featuredmedia":[{"embeddable":true,"href":"https:\/\/www.sinchisinchi.com\/fr\/wp-json\/wp\/v2\/media\/25615"}],"wp:attachment":[{"href":"https:\/\/www.sinchisinchi.com\/fr\/wp-json\/wp\/v2\/media?parent=25614"}],"wp:term":[{"taxonomy":"product_brand","embeddable":true,"href":"https:\/\/www.sinchisinchi.com\/fr\/wp-json\/wp\/v2\/product_brand?post=25614"},{"taxonomy":"product_cat","embeddable":true,"href":"https:\/\/www.sinchisinchi.com\/fr\/wp-json\/wp\/v2\/product_cat?post=25614"},{"taxonomy":"product_tag","embeddable":true,"href":"https:\/\/www.sinchisinchi.com\/fr\/wp-json\/wp\/v2\/product_tag?post=25614"}],"curies":[{"name":"wp","href":"https:\/\/api.w.org\/{rel}","templated":true}]}}