{"id":25638,"date":"2024-04-22T11:40:01","date_gmt":"2024-04-22T11:40:01","guid":{"rendered":"https:\/\/www.sinchisinchi.com\/producto\/huile-dargan\/"},"modified":"2024-04-22T11:40:01","modified_gmt":"2024-04-22T11:40:01","slug":"huile-dargan","status":"publish","type":"product","link":"https:\/\/www.sinchisinchi.com\/fr\/producto\/huile-dargan\/","title":{"rendered":"Huile d&rsquo;Argan"},"content":{"rendered":"<h2 style=\"text-align: center;\"><strong>Arbre<\/strong><\/h2>\n<p>L&rsquo;arganier (Argania spinosa L., Fam. Sapotaceae) est un arbre sauvage originaire du sud-ouest du Maroc, \u00e0 la fronti\u00e8re saharienne, et est \u00e9galement pr\u00e9sent dans les terres calcaires semi-d\u00e9sertiques de la r\u00e9gion alg\u00e9rienne de Tindouf.<\/p>\n<p>Il peut atteindre 8 m de hauteur, poss\u00e8de de petites feuilles allong\u00e9es et des fleurs jaunes. Le fruit est vert \u00e0 jaune et a environ la taille d&rsquo;une noix. Lorsqu&rsquo;ils commencent \u00e0 m\u00fbrir, d\u00e9but juin, les fruits sont r\u00e9colt\u00e9s pour extraire l&rsquo;huile de leurs graines.<\/p>\n<p>L&rsquo;arganier pousse dans des zones inf\u00e9rieures \u00e0 800 m d&rsquo;altitude et aux climats secs, auxquels il r\u00e9siste bien gr\u00e2ce \u00e0 ses racines profondes. En p\u00e9riode de forte s\u00e9cheresse, il perd ses feuilles pour \u00e9viter une transpiration excessive et les r\u00e9cup\u00e8re avec les premi\u00e8res pluies.<\/p>\n<h3 style=\"text-align: center;\"><strong>Huile<\/strong><\/h3>\n<p>L&rsquo;argan, connu sous le nom d&rsquo;or du d\u00e9sert, est une huile comestible de grande valeur avec une saveur de noisette. Elle est consid\u00e9r\u00e9e comme le Saint Graal des huiles pour la peau et les cheveux car elle n&rsquo;est ni trop lourde ni trop l\u00e9g\u00e8re, s&rsquo;absorbe facilement et est tr\u00e8s hydratante.<\/p>\n<p>Il poss\u00e8de \u00e9galement des propri\u00e9t\u00e9s antibact\u00e9riennes et fongicides, aidant \u00e0 traiter et \u00e0 pr\u00e9venir les infections cutan\u00e9es bact\u00e9riennes et fongiques.<\/p>\n<p>Environ 99 % de l\u2019huile d\u2019argan est compos\u00e9e d\u2019acide ol\u00e9ique et linol\u00e9ique, et le 1 % restant contient de la vitamine E, des carot\u00e9no\u00efdes, des st\u00e9rols et des polyph\u00e9nols.<\/p>\n<p>Les femmes marocaines utilisent depuis longtemps l\u2019huile d\u2019argan pour prot\u00e9ger leur peau des dommages caus\u00e9s par le soleil, car l\u2019activit\u00e9 antioxydante de l\u2019huile d\u2019argan prot\u00e8ge la peau contre les dommages caus\u00e9s par les radicaux libres par le soleil, tout en renfor\u00e7ant et en am\u00e9liorant la sant\u00e9 globale de la peau.<\/p>\n","protected":false},"excerpt":{"rendered":"<p>Le savon \u00e0 l&rsquo;huile d&rsquo;argan est tr\u00e8s appr\u00e9ci\u00e9 pour ses propri\u00e9t\u00e9s cutan\u00e9es. Il nettoie et purifie, est riche en vitamine E, en vitamine A et contient une grande quantit\u00e9 d&rsquo;antioxydants.<\/p>\n<p>L&rsquo;huile d&rsquo;argan est extraite des graines m\u00fbres de la baie d&rsquo;arganier (Argania spinosa).<\/p>\n<p>La puissante combinaison d&rsquo;antioxydants et de vitamine E de l&rsquo;huile d&rsquo;argan augmente l&rsquo;\u00e9lasticit\u00e9 de la peau, poss\u00e8de des propri\u00e9t\u00e9s rajeunissantes, hydrate et stimule la capacit\u00e9 de la peau \u00e0 retenir l&rsquo;humidit\u00e9, aidant m\u00eame les plaies et les coupures \u00e0 gu\u00e9rir plus rapidement.<\/p>\n<p><strong>Taille:<\/strong> 100gr<\/p>\n","protected":false},"featured_media":25639,"template":"","meta":{"_joinchat":[]},"product_brand":[],"product_cat":[678],"product_tag":[],"class_list":{"0":"post-25638","1":"product","2":"type-product","3":"status-publish","4":"has-post-thumbnail","6":"product_cat-savons","8":"first","9":"instock","10":"taxable","11":"shipping-taxable","12":"purchasable","13":"product-type-simple"},"yoast_head":"<!-- This site is optimized with the Yoast SEO plugin v27.4 - https:\/\/yoast.com\/product\/yoast-seo-wordpress\/ -->\n<title>Savon \u00e0 l&#039;huile d&#039;argan<\/title>\n<meta name=\"description\" content=\"Savon \u00e0 l&#039;huile d&#039;Argan : C&#039;est l&#039;or du d\u00e9sert, consid\u00e9r\u00e9 comme le Saint Graal des huiles pour la peau et les cheveux, hautement hydratant.\" \/>\n<meta name=\"robots\" content=\"index, follow, max-snippet:-1, max-image-preview:large, max-video-preview:-1\" \/>\n<link rel=\"canonical\" href=\"https:\/\/www.sinchisinchi.com\/fr\/producto\/huile-dargan\/\" \/>\n<meta property=\"og:locale\" content=\"fr_FR\" \/>\n<meta property=\"og:type\" content=\"article\" \/>\n<meta property=\"og:title\" content=\"Savon \u00e0 l&#039;huile d&#039;argan\" \/>\n<meta property=\"og:description\" content=\"Savon \u00e0 l&#039;huile d&#039;Argan : C&#039;est l&#039;or du d\u00e9sert, consid\u00e9r\u00e9 comme le Saint Graal des huiles pour la peau et les cheveux, hautement hydratant.\" \/>\n<meta property=\"og:url\" content=\"https:\/\/www.sinchisinchi.com\/fr\/producto\/huile-dargan\/\" \/>\n<meta property=\"og:site_name\" content=\"SINCHI RAP\u00c9\" \/>\n<meta property=\"article:publisher\" content=\"https:\/\/www.facebook.com\/sinchirape\/\" \/>\n<meta property=\"og:image\" content=\"https:\/\/www.sinchisinchi.com\/wp-content\/uploads\/2024\/04\/1-Aceite-de-Argan.jpeg\" \/>\n\t<meta property=\"og:image:width\" content=\"750\" \/>\n\t<meta property=\"og:image:height\" content=\"750\" \/>\n\t<meta property=\"og:image:type\" content=\"image\/jpeg\" \/>\n<meta name=\"twitter:card\" content=\"summary_large_image\" \/>\n<meta name=\"twitter:label1\" content=\"Dur\u00e9e de lecture estim\u00e9e\" \/>\n\t<meta name=\"twitter:data1\" content=\"2 minutes\" \/>\n<script type=\"application\/ld+json\" class=\"yoast-schema-graph\">{\"@context\":\"https:\\\/\\\/schema.org\",\"@graph\":[{\"@type\":\"WebPage\",\"@id\":\"https:\\\/\\\/www.sinchisinchi.com\\\/fr\\\/producto\\\/huile-dargan\\\/\",\"url\":\"https:\\\/\\\/www.sinchisinchi.com\\\/fr\\\/producto\\\/huile-dargan\\\/\",\"name\":\"Savon \u00e0 l'huile d'argan\",\"isPartOf\":{\"@id\":\"https:\\\/\\\/www.sinchisinchi.com\\\/fr\\\/#website\"},\"primaryImageOfPage\":{\"@id\":\"https:\\\/\\\/www.sinchisinchi.com\\\/fr\\\/producto\\\/huile-dargan\\\/#primaryimage\"},\"image\":{\"@id\":\"https:\\\/\\\/www.sinchisinchi.com\\\/fr\\\/producto\\\/huile-dargan\\\/#primaryimage\"},\"thumbnailUrl\":\"https:\\\/\\\/www.sinchisinchi.com\\\/wp-content\\\/uploads\\\/2024\\\/04\\\/1-Aceite-de-Argan.jpeg\",\"datePublished\":\"2024-04-22T11:40:01+00:00\",\"description\":\"Savon \u00e0 l'huile d'Argan : C'est l'or du d\u00e9sert, consid\u00e9r\u00e9 comme le Saint Graal des huiles pour la peau et les cheveux, hautement hydratant.\",\"breadcrumb\":{\"@id\":\"https:\\\/\\\/www.sinchisinchi.com\\\/fr\\\/producto\\\/huile-dargan\\\/#breadcrumb\"},\"inLanguage\":\"fr-FR\",\"potentialAction\":[{\"@type\":\"ReadAction\",\"target\":[\"https:\\\/\\\/www.sinchisinchi.com\\\/fr\\\/producto\\\/huile-dargan\\\/\"]}]},{\"@type\":\"ImageObject\",\"inLanguage\":\"fr-FR\",\"@id\":\"https:\\\/\\\/www.sinchisinchi.com\\\/fr\\\/producto\\\/huile-dargan\\\/#primaryimage\",\"url\":\"https:\\\/\\\/www.sinchisinchi.com\\\/wp-content\\\/uploads\\\/2024\\\/04\\\/1-Aceite-de-Argan.jpeg\",\"contentUrl\":\"https:\\\/\\\/www.sinchisinchi.com\\\/wp-content\\\/uploads\\\/2024\\\/04\\\/1-Aceite-de-Argan.jpeg\",\"width\":750,\"height\":750},{\"@type\":\"BreadcrumbList\",\"@id\":\"https:\\\/\\\/www.sinchisinchi.com\\\/fr\\\/producto\\\/huile-dargan\\\/#breadcrumb\",\"itemListElement\":[{\"@type\":\"ListItem\",\"position\":1,\"name\":\"Prima pagina\",\"item\":\"https:\\\/\\\/www.sinchisinchi.com\\\/fr\\\/\"},{\"@type\":\"ListItem\",\"position\":2,\"name\":\"Produits\",\"item\":\"https:\\\/\\\/www.sinchisinchi.com\\\/fr\\\/shop\\\/\"},{\"@type\":\"ListItem\",\"position\":3,\"name\":\"Huile d&#8217;Argan\"}]},{\"@type\":\"WebSite\",\"@id\":\"https:\\\/\\\/www.sinchisinchi.com\\\/fr\\\/#website\",\"url\":\"https:\\\/\\\/www.sinchisinchi.com\\\/fr\\\/\",\"name\":\"SINCHI\",\"description\":\"Sinchi Medicine\",\"publisher\":{\"@id\":\"https:\\\/\\\/www.sinchisinchi.com\\\/fr\\\/#organization\"},\"potentialAction\":[{\"@type\":\"SearchAction\",\"target\":{\"@type\":\"EntryPoint\",\"urlTemplate\":\"https:\\\/\\\/www.sinchisinchi.com\\\/fr\\\/?s={search_term_string}\"},\"query-input\":{\"@type\":\"PropertyValueSpecification\",\"valueRequired\":true,\"valueName\":\"search_term_string\"}}],\"inLanguage\":\"fr-FR\"},{\"@type\":\"Organization\",\"@id\":\"https:\\\/\\\/www.sinchisinchi.com\\\/fr\\\/#organization\",\"name\":\"SINCHI S.L\",\"url\":\"https:\\\/\\\/www.sinchisinchi.com\\\/fr\\\/\",\"logo\":{\"@type\":\"ImageObject\",\"inLanguage\":\"fr-FR\",\"@id\":\"https:\\\/\\\/www.sinchisinchi.com\\\/fr\\\/#\\\/schema\\\/logo\\\/image\\\/\",\"url\":\"https:\\\/\\\/www.sinchisinchi.com\\\/wp-content\\\/uploads\\\/2026\\\/01\\\/3b-Verde-SIMPLIFICADO-HORIZONTAL-F-TRANSPARENTE-scaled.png\",\"contentUrl\":\"https:\\\/\\\/www.sinchisinchi.com\\\/wp-content\\\/uploads\\\/2026\\\/01\\\/3b-Verde-SIMPLIFICADO-HORIZONTAL-F-TRANSPARENTE-scaled.png\",\"width\":2560,\"height\":457,\"caption\":\"SINCHI S.L\"},\"image\":{\"@id\":\"https:\\\/\\\/www.sinchisinchi.com\\\/fr\\\/#\\\/schema\\\/logo\\\/image\\\/\"},\"sameAs\":[\"https:\\\/\\\/www.facebook.com\\\/sinchirape\\\/\",\"https:\\\/\\\/www.instagram.com\\\/sinchi_rape\\\/\"]}]}<\/script>\n<!-- \/ Yoast SEO plugin. -->","yoast_head_json":{"title":"Savon \u00e0 l'huile d'argan","description":"Savon \u00e0 l'huile d'Argan : C'est l'or du d\u00e9sert, consid\u00e9r\u00e9 comme le Saint Graal des huiles pour la peau et les cheveux, hautement hydratant.","robots":{"index":"index","follow":"follow","max-snippet":"max-snippet:-1","max-image-preview":"max-image-preview:large","max-video-preview":"max-video-preview:-1"},"canonical":"https:\/\/www.sinchisinchi.com\/fr\/producto\/huile-dargan\/","og_locale":"fr_FR","og_type":"article","og_title":"Savon \u00e0 l'huile d'argan","og_description":"Savon \u00e0 l'huile d'Argan : C'est l'or du d\u00e9sert, consid\u00e9r\u00e9 comme le Saint Graal des huiles pour la peau et les cheveux, hautement hydratant.","og_url":"https:\/\/www.sinchisinchi.com\/fr\/producto\/huile-dargan\/","og_site_name":"SINCHI RAP\u00c9","article_publisher":"https:\/\/www.facebook.com\/sinchirape\/","og_image":[{"width":750,"height":750,"url":"https:\/\/www.sinchisinchi.com\/wp-content\/uploads\/2024\/04\/1-Aceite-de-Argan.jpeg","type":"image\/jpeg"}],"twitter_card":"summary_large_image","twitter_misc":{"Dur\u00e9e de lecture estim\u00e9e":"2 minutes"},"schema":{"@context":"https:\/\/schema.org","@graph":[{"@type":"WebPage","@id":"https:\/\/www.sinchisinchi.com\/fr\/producto\/huile-dargan\/","url":"https:\/\/www.sinchisinchi.com\/fr\/producto\/huile-dargan\/","name":"Savon \u00e0 l'huile d'argan","isPartOf":{"@id":"https:\/\/www.sinchisinchi.com\/fr\/#website"},"primaryImageOfPage":{"@id":"https:\/\/www.sinchisinchi.com\/fr\/producto\/huile-dargan\/#primaryimage"},"image":{"@id":"https:\/\/www.sinchisinchi.com\/fr\/producto\/huile-dargan\/#primaryimage"},"thumbnailUrl":"https:\/\/www.sinchisinchi.com\/wp-content\/uploads\/2024\/04\/1-Aceite-de-Argan.jpeg","datePublished":"2024-04-22T11:40:01+00:00","description":"Savon \u00e0 l'huile d'Argan : C'est l'or du d\u00e9sert, consid\u00e9r\u00e9 comme le Saint Graal des huiles pour la peau et les cheveux, hautement hydratant.","breadcrumb":{"@id":"https:\/\/www.sinchisinchi.com\/fr\/producto\/huile-dargan\/#breadcrumb"},"inLanguage":"fr-FR","potentialAction":[{"@type":"ReadAction","target":["https:\/\/www.sinchisinchi.com\/fr\/producto\/huile-dargan\/"]}]},{"@type":"ImageObject","inLanguage":"fr-FR","@id":"https:\/\/www.sinchisinchi.com\/fr\/producto\/huile-dargan\/#primaryimage","url":"https:\/\/www.sinchisinchi.com\/wp-content\/uploads\/2024\/04\/1-Aceite-de-Argan.jpeg","contentUrl":"https:\/\/www.sinchisinchi.com\/wp-content\/uploads\/2024\/04\/1-Aceite-de-Argan.jpeg","width":750,"height":750},{"@type":"BreadcrumbList","@id":"https:\/\/www.sinchisinchi.com\/fr\/producto\/huile-dargan\/#breadcrumb","itemListElement":[{"@type":"ListItem","position":1,"name":"Prima pagina","item":"https:\/\/www.sinchisinchi.com\/fr\/"},{"@type":"ListItem","position":2,"name":"Produits","item":"https:\/\/www.sinchisinchi.com\/fr\/shop\/"},{"@type":"ListItem","position":3,"name":"Huile d&#8217;Argan"}]},{"@type":"WebSite","@id":"https:\/\/www.sinchisinchi.com\/fr\/#website","url":"https:\/\/www.sinchisinchi.com\/fr\/","name":"SINCHI","description":"Sinchi Medicine","publisher":{"@id":"https:\/\/www.sinchisinchi.com\/fr\/#organization"},"potentialAction":[{"@type":"SearchAction","target":{"@type":"EntryPoint","urlTemplate":"https:\/\/www.sinchisinchi.com\/fr\/?s={search_term_string}"},"query-input":{"@type":"PropertyValueSpecification","valueRequired":true,"valueName":"search_term_string"}}],"inLanguage":"fr-FR"},{"@type":"Organization","@id":"https:\/\/www.sinchisinchi.com\/fr\/#organization","name":"SINCHI S.L","url":"https:\/\/www.sinchisinchi.com\/fr\/","logo":{"@type":"ImageObject","inLanguage":"fr-FR","@id":"https:\/\/www.sinchisinchi.com\/fr\/#\/schema\/logo\/image\/","url":"https:\/\/www.sinchisinchi.com\/wp-content\/uploads\/2026\/01\/3b-Verde-SIMPLIFICADO-HORIZONTAL-F-TRANSPARENTE-scaled.png","contentUrl":"https:\/\/www.sinchisinchi.com\/wp-content\/uploads\/2026\/01\/3b-Verde-SIMPLIFICADO-HORIZONTAL-F-TRANSPARENTE-scaled.png","width":2560,"height":457,"caption":"SINCHI S.L"},"image":{"@id":"https:\/\/www.sinchisinchi.com\/fr\/#\/schema\/logo\/image\/"},"sameAs":["https:\/\/www.facebook.com\/sinchirape\/","https:\/\/www.instagram.com\/sinchi_rape\/"]}]}},"_links":{"self":[{"href":"https:\/\/www.sinchisinchi.com\/fr\/wp-json\/wp\/v2\/product\/25638","targetHints":{"allow":["GET"]}}],"collection":[{"href":"https:\/\/www.sinchisinchi.com\/fr\/wp-json\/wp\/v2\/product"}],"about":[{"href":"https:\/\/www.sinchisinchi.com\/fr\/wp-json\/wp\/v2\/types\/product"}],"wp:featuredmedia":[{"embeddable":true,"href":"https:\/\/www.sinchisinchi.com\/fr\/wp-json\/wp\/v2\/media\/25639"}],"wp:attachment":[{"href":"https:\/\/www.sinchisinchi.com\/fr\/wp-json\/wp\/v2\/media?parent=25638"}],"wp:term":[{"taxonomy":"product_brand","embeddable":true,"href":"https:\/\/www.sinchisinchi.com\/fr\/wp-json\/wp\/v2\/product_brand?post=25638"},{"taxonomy":"product_cat","embeddable":true,"href":"https:\/\/www.sinchisinchi.com\/fr\/wp-json\/wp\/v2\/product_cat?post=25638"},{"taxonomy":"product_tag","embeddable":true,"href":"https:\/\/www.sinchisinchi.com\/fr\/wp-json\/wp\/v2\/product_tag?post=25638"}],"curies":[{"name":"wp","href":"https:\/\/api.w.org\/{rel}","templated":true}]}}