{"id":25685,"date":"2024-04-21T17:33:27","date_gmt":"2024-04-21T17:33:27","guid":{"rendered":"https:\/\/www.sinchisinchi.com\/producto\/sepa-yawanawa\/"},"modified":"2024-04-21T17:33:27","modified_gmt":"2024-04-21T17:33:27","slug":"sepa-yawanawa","status":"publish","type":"product","link":"https:\/\/www.sinchisinchi.com\/fr\/producto\/sepa-yawanawa\/","title":{"rendered":"Sep\u00e1 Yawanaw\u00e1"},"content":{"rendered":"","protected":false},"excerpt":{"rendered":"<p>&nbsp;<\/p>\n<p>Le Sep\u00e1 est une r\u00e9sine \u00e0 l&rsquo;ar\u00f4me rafra\u00eechissant typique des Yawanawa, qui l&rsquo;extraient d&rsquo;un arbre appel\u00e9 \u00ab Vixu \u00bb.<\/p>\n<p>&nbsp;<\/p>\n<p>Dans la tradition Yawanaw\u00e1, le sepa est un parfum naturel utilis\u00e9 dans les rituels spirituels et les travaux de gu\u00e9rison ; Elle est consid\u00e9r\u00e9e comme une r\u00e9sine curative et est g\u00e9n\u00e9ralement pr\u00e9sente dans les maisons de tous les Yawanaw\u00e1.<\/p>\n<p>&nbsp;<\/p>\n<p>Les Yawanaw\u00e1 pr\u00e9parent \u00e9galement une p\u00e2te d&rsquo;achiote pour leurs peintures corporelles rouges \u00e0 l&rsquo;aide de r\u00e9sine sepa, ainsi que des colorants noirs \u00e0 l&rsquo;aide de genipapa et de charbon de bois.<\/p>\n<p>&nbsp;<\/p>\n<p>Utilis\u00e9 dans l&rsquo;encens, il purifie les objets, les personnes et les espaces. Aide \u00e0 prot\u00e9ger contre les \u00e9nergies n\u00e9gatives et les influences ext\u00e9rieures. Il est courant que les personnes qui pratiquent des rituels avec de la r\u00e9sine Sep\u00e1 emportent avec elles de petits morceaux de r\u00e9sine ou les gardent chez elles comme amulette.<\/p>\n<p>&nbsp;<\/p>\n<p>Lorsqu&rsquo;elle est r\u00e9colt\u00e9e, elle a une consistance collante et doit \u00eatre manipul\u00e9e \u00e0 l&rsquo;aide d&rsquo;un morceau de bois ou d&rsquo;une pince en m\u00e9tal ; Il se solidifie au contact de l&rsquo;air.<\/p>\n<p>&nbsp;<\/p>\n<p><strong>Origine :<\/strong> Br\u00e9sil.<\/p>\n<p>&nbsp;<\/p>\n<p><strong>Ar\u00f4me :<\/strong> Doux et rafra\u00eechissant.<\/p>\n","protected":false},"featured_media":0,"template":"","meta":{"_joinchat":[]},"product_brand":[],"product_cat":[687],"product_tag":[],"class_list":{"0":"post-25685","1":"product","2":"type-product","3":"status-publish","5":"product_cat-resines","7":"first","8":"instock","9":"taxable","10":"shipping-taxable","11":"product-type-simple"},"yoast_head":"<!-- This site is optimized with the Yoast SEO plugin v27.4 - https:\/\/yoast.com\/product\/yoast-seo-wordpress\/ -->\n<title>Sep\u00e1 Resin : Sinchi, boutique chamanique en ligne<\/title>\n<meta name=\"description\" content=\"R\u00e9sine de Sep\u00e1 \u00e0 l&#039;ar\u00f4me rafra\u00eechissant typique des Yawanawa, qui l&#039;extraient d&#039;un arbre appel\u00e9 \u00ab Vixu \u00bb. Purifie les objets, les personnes et les espaces.\" \/>\n<meta name=\"robots\" content=\"index, follow, max-snippet:-1, max-image-preview:large, max-video-preview:-1\" \/>\n<link rel=\"canonical\" href=\"https:\/\/www.sinchisinchi.com\/fr\/producto\/sepa-yawanawa\/\" \/>\n<meta property=\"og:locale\" content=\"fr_FR\" \/>\n<meta property=\"og:type\" content=\"article\" \/>\n<meta property=\"og:title\" content=\"Sep\u00e1 Resin : Sinchi, boutique chamanique en ligne\" \/>\n<meta property=\"og:description\" content=\"R\u00e9sine de Sep\u00e1 \u00e0 l&#039;ar\u00f4me rafra\u00eechissant typique des Yawanawa, qui l&#039;extraient d&#039;un arbre appel\u00e9 \u00ab Vixu \u00bb. Purifie les objets, les personnes et les espaces.\" \/>\n<meta property=\"og:url\" content=\"https:\/\/www.sinchisinchi.com\/fr\/producto\/sepa-yawanawa\/\" \/>\n<meta property=\"og:site_name\" content=\"SINCHI RAP\u00c9\" \/>\n<meta property=\"article:publisher\" content=\"https:\/\/www.facebook.com\/sinchirape\/\" \/>\n<meta name=\"twitter:card\" content=\"summary_large_image\" \/>\n<script type=\"application\/ld+json\" class=\"yoast-schema-graph\">{\"@context\":\"https:\\\/\\\/schema.org\",\"@graph\":[{\"@type\":\"WebPage\",\"@id\":\"https:\\\/\\\/www.sinchisinchi.com\\\/fr\\\/producto\\\/sepa-yawanawa\\\/\",\"url\":\"https:\\\/\\\/www.sinchisinchi.com\\\/fr\\\/producto\\\/sepa-yawanawa\\\/\",\"name\":\"Sep\u00e1 Resin : Sinchi, boutique chamanique en ligne\",\"isPartOf\":{\"@id\":\"https:\\\/\\\/www.sinchisinchi.com\\\/fr\\\/#website\"},\"datePublished\":\"2024-04-21T17:33:27+00:00\",\"description\":\"R\u00e9sine de Sep\u00e1 \u00e0 l'ar\u00f4me rafra\u00eechissant typique des Yawanawa, qui l'extraient d'un arbre appel\u00e9 \u00ab Vixu \u00bb. Purifie les objets, les personnes et les espaces.\",\"breadcrumb\":{\"@id\":\"https:\\\/\\\/www.sinchisinchi.com\\\/fr\\\/producto\\\/sepa-yawanawa\\\/#breadcrumb\"},\"inLanguage\":\"fr-FR\",\"potentialAction\":[{\"@type\":\"ReadAction\",\"target\":[\"https:\\\/\\\/www.sinchisinchi.com\\\/fr\\\/producto\\\/sepa-yawanawa\\\/\"]}]},{\"@type\":\"BreadcrumbList\",\"@id\":\"https:\\\/\\\/www.sinchisinchi.com\\\/fr\\\/producto\\\/sepa-yawanawa\\\/#breadcrumb\",\"itemListElement\":[{\"@type\":\"ListItem\",\"position\":1,\"name\":\"Prima pagina\",\"item\":\"https:\\\/\\\/www.sinchisinchi.com\\\/fr\\\/\"},{\"@type\":\"ListItem\",\"position\":2,\"name\":\"Produits\",\"item\":\"https:\\\/\\\/www.sinchisinchi.com\\\/fr\\\/shop\\\/\"},{\"@type\":\"ListItem\",\"position\":3,\"name\":\"Sep\u00e1 Yawanaw\u00e1\"}]},{\"@type\":\"WebSite\",\"@id\":\"https:\\\/\\\/www.sinchisinchi.com\\\/fr\\\/#website\",\"url\":\"https:\\\/\\\/www.sinchisinchi.com\\\/fr\\\/\",\"name\":\"SINCHI\",\"description\":\"Sinchi Medicine\",\"publisher\":{\"@id\":\"https:\\\/\\\/www.sinchisinchi.com\\\/fr\\\/#organization\"},\"potentialAction\":[{\"@type\":\"SearchAction\",\"target\":{\"@type\":\"EntryPoint\",\"urlTemplate\":\"https:\\\/\\\/www.sinchisinchi.com\\\/fr\\\/?s={search_term_string}\"},\"query-input\":{\"@type\":\"PropertyValueSpecification\",\"valueRequired\":true,\"valueName\":\"search_term_string\"}}],\"inLanguage\":\"fr-FR\"},{\"@type\":\"Organization\",\"@id\":\"https:\\\/\\\/www.sinchisinchi.com\\\/fr\\\/#organization\",\"name\":\"SINCHI S.L\",\"url\":\"https:\\\/\\\/www.sinchisinchi.com\\\/fr\\\/\",\"logo\":{\"@type\":\"ImageObject\",\"inLanguage\":\"fr-FR\",\"@id\":\"https:\\\/\\\/www.sinchisinchi.com\\\/fr\\\/#\\\/schema\\\/logo\\\/image\\\/\",\"url\":\"https:\\\/\\\/www.sinchisinchi.com\\\/wp-content\\\/uploads\\\/2026\\\/01\\\/3b-Verde-SIMPLIFICADO-HORIZONTAL-F-TRANSPARENTE-scaled.png\",\"contentUrl\":\"https:\\\/\\\/www.sinchisinchi.com\\\/wp-content\\\/uploads\\\/2026\\\/01\\\/3b-Verde-SIMPLIFICADO-HORIZONTAL-F-TRANSPARENTE-scaled.png\",\"width\":2560,\"height\":457,\"caption\":\"SINCHI S.L\"},\"image\":{\"@id\":\"https:\\\/\\\/www.sinchisinchi.com\\\/fr\\\/#\\\/schema\\\/logo\\\/image\\\/\"},\"sameAs\":[\"https:\\\/\\\/www.facebook.com\\\/sinchirape\\\/\",\"https:\\\/\\\/www.instagram.com\\\/sinchi_rape\\\/\"]}]}<\/script>\n<!-- \/ Yoast SEO plugin. -->","yoast_head_json":{"title":"Sep\u00e1 Resin : Sinchi, boutique chamanique en ligne","description":"R\u00e9sine de Sep\u00e1 \u00e0 l'ar\u00f4me rafra\u00eechissant typique des Yawanawa, qui l'extraient d'un arbre appel\u00e9 \u00ab Vixu \u00bb. Purifie les objets, les personnes et les espaces.","robots":{"index":"index","follow":"follow","max-snippet":"max-snippet:-1","max-image-preview":"max-image-preview:large","max-video-preview":"max-video-preview:-1"},"canonical":"https:\/\/www.sinchisinchi.com\/fr\/producto\/sepa-yawanawa\/","og_locale":"fr_FR","og_type":"article","og_title":"Sep\u00e1 Resin : Sinchi, boutique chamanique en ligne","og_description":"R\u00e9sine de Sep\u00e1 \u00e0 l'ar\u00f4me rafra\u00eechissant typique des Yawanawa, qui l'extraient d'un arbre appel\u00e9 \u00ab Vixu \u00bb. Purifie les objets, les personnes et les espaces.","og_url":"https:\/\/www.sinchisinchi.com\/fr\/producto\/sepa-yawanawa\/","og_site_name":"SINCHI RAP\u00c9","article_publisher":"https:\/\/www.facebook.com\/sinchirape\/","twitter_card":"summary_large_image","schema":{"@context":"https:\/\/schema.org","@graph":[{"@type":"WebPage","@id":"https:\/\/www.sinchisinchi.com\/fr\/producto\/sepa-yawanawa\/","url":"https:\/\/www.sinchisinchi.com\/fr\/producto\/sepa-yawanawa\/","name":"Sep\u00e1 Resin : Sinchi, boutique chamanique en ligne","isPartOf":{"@id":"https:\/\/www.sinchisinchi.com\/fr\/#website"},"datePublished":"2024-04-21T17:33:27+00:00","description":"R\u00e9sine de Sep\u00e1 \u00e0 l'ar\u00f4me rafra\u00eechissant typique des Yawanawa, qui l'extraient d'un arbre appel\u00e9 \u00ab Vixu \u00bb. Purifie les objets, les personnes et les espaces.","breadcrumb":{"@id":"https:\/\/www.sinchisinchi.com\/fr\/producto\/sepa-yawanawa\/#breadcrumb"},"inLanguage":"fr-FR","potentialAction":[{"@type":"ReadAction","target":["https:\/\/www.sinchisinchi.com\/fr\/producto\/sepa-yawanawa\/"]}]},{"@type":"BreadcrumbList","@id":"https:\/\/www.sinchisinchi.com\/fr\/producto\/sepa-yawanawa\/#breadcrumb","itemListElement":[{"@type":"ListItem","position":1,"name":"Prima pagina","item":"https:\/\/www.sinchisinchi.com\/fr\/"},{"@type":"ListItem","position":2,"name":"Produits","item":"https:\/\/www.sinchisinchi.com\/fr\/shop\/"},{"@type":"ListItem","position":3,"name":"Sep\u00e1 Yawanaw\u00e1"}]},{"@type":"WebSite","@id":"https:\/\/www.sinchisinchi.com\/fr\/#website","url":"https:\/\/www.sinchisinchi.com\/fr\/","name":"SINCHI","description":"Sinchi Medicine","publisher":{"@id":"https:\/\/www.sinchisinchi.com\/fr\/#organization"},"potentialAction":[{"@type":"SearchAction","target":{"@type":"EntryPoint","urlTemplate":"https:\/\/www.sinchisinchi.com\/fr\/?s={search_term_string}"},"query-input":{"@type":"PropertyValueSpecification","valueRequired":true,"valueName":"search_term_string"}}],"inLanguage":"fr-FR"},{"@type":"Organization","@id":"https:\/\/www.sinchisinchi.com\/fr\/#organization","name":"SINCHI S.L","url":"https:\/\/www.sinchisinchi.com\/fr\/","logo":{"@type":"ImageObject","inLanguage":"fr-FR","@id":"https:\/\/www.sinchisinchi.com\/fr\/#\/schema\/logo\/image\/","url":"https:\/\/www.sinchisinchi.com\/wp-content\/uploads\/2026\/01\/3b-Verde-SIMPLIFICADO-HORIZONTAL-F-TRANSPARENTE-scaled.png","contentUrl":"https:\/\/www.sinchisinchi.com\/wp-content\/uploads\/2026\/01\/3b-Verde-SIMPLIFICADO-HORIZONTAL-F-TRANSPARENTE-scaled.png","width":2560,"height":457,"caption":"SINCHI S.L"},"image":{"@id":"https:\/\/www.sinchisinchi.com\/fr\/#\/schema\/logo\/image\/"},"sameAs":["https:\/\/www.facebook.com\/sinchirape\/","https:\/\/www.instagram.com\/sinchi_rape\/"]}]}},"_links":{"self":[{"href":"https:\/\/www.sinchisinchi.com\/fr\/wp-json\/wp\/v2\/product\/25685","targetHints":{"allow":["GET"]}}],"collection":[{"href":"https:\/\/www.sinchisinchi.com\/fr\/wp-json\/wp\/v2\/product"}],"about":[{"href":"https:\/\/www.sinchisinchi.com\/fr\/wp-json\/wp\/v2\/types\/product"}],"wp:attachment":[{"href":"https:\/\/www.sinchisinchi.com\/fr\/wp-json\/wp\/v2\/media?parent=25685"}],"wp:term":[{"taxonomy":"product_brand","embeddable":true,"href":"https:\/\/www.sinchisinchi.com\/fr\/wp-json\/wp\/v2\/product_brand?post=25685"},{"taxonomy":"product_cat","embeddable":true,"href":"https:\/\/www.sinchisinchi.com\/fr\/wp-json\/wp\/v2\/product_cat?post=25685"},{"taxonomy":"product_tag","embeddable":true,"href":"https:\/\/www.sinchisinchi.com\/fr\/wp-json\/wp\/v2\/product_tag?post=25685"}],"curies":[{"name":"wp","href":"https:\/\/api.w.org\/{rel}","templated":true}]}}