{"id":25687,"date":"2024-04-21T16:56:37","date_gmt":"2024-04-21T16:56:37","guid":{"rendered":"https:\/\/www.sinchisinchi.com\/producto\/sang-de-dragon-2\/"},"modified":"2024-04-21T16:56:37","modified_gmt":"2024-04-21T16:56:37","slug":"sang-de-dragon-2","status":"publish","type":"product","link":"https:\/\/www.sinchisinchi.com\/fr\/producto\/sang-de-dragon-2\/","title":{"rendered":"Sang de dragon"},"content":{"rendered":"","protected":false},"excerpt":{"rendered":"<p>La r\u00e9sine de sang de dragon, de couleur rouge vif, est obtenue \u00e0 partir de diff\u00e9rentes esp\u00e8ces de plantes appel\u00e9es Drago, de diff\u00e9rents genres tels que Croton, Dracaena, Daemonorops, Calamus rotang et Pterocarpus. Son nom est d\u00fb \u00e0 sa couleur rouge fonc\u00e9 et \u00e0 son ar\u00f4me fort et \u00e9pic\u00e9. La r\u00e9sine est extraite du tronc de l&rsquo;arbre ou de ses branches lorsque celui-ci est bless\u00e9.<\/p>\n<p>&nbsp;<\/p>\n<p>Cette r\u00e9sine est utilis\u00e9e depuis l&rsquo;Antiquit\u00e9 par les Romains, les Grecs, les Chinois, les Indiens et les peuples du Moyen-Orient comme vernis, colorant, encens et m\u00e9dicament. Alors que les anciens Romains confondaient la r\u00e9sine de sang de dragon avec le min\u00e9ral toxique cinabre (sulfure de mercure), les Chinois ne faisaient pas de distinction entre les diff\u00e9rentes esp\u00e8ces de sang de dragon.<\/p>\n<p>&nbsp;<\/p>\n<p>Aux \u00eeles Canaries, la r\u00e9sine de sang de dragon est obtenue \u00e0 partir de l&rsquo;esp\u00e8ce Dracaena draco. La r\u00e9sine de sang de dragon de l&rsquo;esp\u00e8ce Daemonorops \u00e9tait produite en Indon\u00e9sie, connue sous le nom de jernang ou djernang.<\/p>\n<p>&nbsp;<\/p>\n<p>Utilis\u00e9e comme vernis pour le bois et les violons, cette r\u00e9sine est \u00e9galement utilis\u00e9e en m\u00e9decine populaire pour cicatriser les plaies, arr\u00eater les saignements, comme coagulant, diarrh\u00e9es, ulc\u00e8res, elle est bact\u00e9ricide et tonifie le sang.<\/p>\n<p>&nbsp;<\/p>\n<p><strong>Nom scientifique :<\/strong> Daemonorops Draco.<\/p>\n<p>&nbsp;<\/p>\n<p><strong>Origine :<\/strong> Indon\u00e9sie.<\/p>\n<p>&nbsp;<\/p>\n<p><strong>Ar\u00f4me :<\/strong> Fort et \u00e9pic\u00e9.<\/p>\n","protected":false},"featured_media":25688,"template":"","meta":{"_joinchat":[]},"product_brand":[],"product_cat":[697,687],"product_tag":[],"class_list":{"0":"post-25687","1":"product","2":"type-product","3":"status-publish","4":"has-post-thumbnail","6":"product_cat-myrrhe-fr","7":"product_cat-resines","9":"first","10":"outofstock","11":"taxable","12":"shipping-taxable","13":"product-type-simple"},"yoast_head":"<!-- This site is optimized with the Yoast SEO plugin v27.4 - https:\/\/yoast.com\/product\/yoast-seo-wordpress\/ -->\n<title>R\u00e9sine de sang de dragon : Sinchi, boutique chamanique en ligne<\/title>\n<meta name=\"description\" content=\"La r\u00e9sine de sang de dragon, de couleur rouge vif, a un ar\u00f4me fort et \u00e9pic\u00e9. Daemonorops Draco, d&#039;Indon\u00e9sie.\" \/>\n<meta name=\"robots\" content=\"index, follow, max-snippet:-1, max-image-preview:large, max-video-preview:-1\" \/>\n<link rel=\"canonical\" href=\"https:\/\/www.sinchisinchi.com\/fr\/producto\/sang-de-dragon-2\/\" \/>\n<meta property=\"og:locale\" content=\"fr_FR\" \/>\n<meta property=\"og:type\" content=\"article\" \/>\n<meta property=\"og:title\" content=\"R\u00e9sine de sang de dragon : Sinchi, boutique chamanique en ligne\" \/>\n<meta property=\"og:description\" content=\"La r\u00e9sine de sang de dragon, de couleur rouge vif, a un ar\u00f4me fort et \u00e9pic\u00e9. Daemonorops Draco, d&#039;Indon\u00e9sie.\" \/>\n<meta property=\"og:url\" content=\"https:\/\/www.sinchisinchi.com\/fr\/producto\/sang-de-dragon-2\/\" \/>\n<meta property=\"og:site_name\" content=\"SINCHI RAP\u00c9\" \/>\n<meta property=\"article:publisher\" content=\"https:\/\/www.facebook.com\/sinchirape\/\" \/>\n<meta property=\"og:image\" content=\"https:\/\/www.sinchisinchi.com\/wp-content\/uploads\/2024\/04\/sangre-de-drago.png\" \/>\n\t<meta property=\"og:image:width\" content=\"600\" \/>\n\t<meta property=\"og:image:height\" content=\"600\" \/>\n\t<meta property=\"og:image:type\" content=\"image\/png\" \/>\n<meta name=\"twitter:card\" content=\"summary_large_image\" \/>\n<script type=\"application\/ld+json\" class=\"yoast-schema-graph\">{\"@context\":\"https:\\\/\\\/schema.org\",\"@graph\":[{\"@type\":\"WebPage\",\"@id\":\"https:\\\/\\\/www.sinchisinchi.com\\\/fr\\\/producto\\\/sang-de-dragon-2\\\/\",\"url\":\"https:\\\/\\\/www.sinchisinchi.com\\\/fr\\\/producto\\\/sang-de-dragon-2\\\/\",\"name\":\"R\u00e9sine de sang de dragon : Sinchi, boutique chamanique en ligne\",\"isPartOf\":{\"@id\":\"https:\\\/\\\/www.sinchisinchi.com\\\/fr\\\/#website\"},\"primaryImageOfPage\":{\"@id\":\"https:\\\/\\\/www.sinchisinchi.com\\\/fr\\\/producto\\\/sang-de-dragon-2\\\/#primaryimage\"},\"image\":{\"@id\":\"https:\\\/\\\/www.sinchisinchi.com\\\/fr\\\/producto\\\/sang-de-dragon-2\\\/#primaryimage\"},\"thumbnailUrl\":\"https:\\\/\\\/www.sinchisinchi.com\\\/wp-content\\\/uploads\\\/2024\\\/04\\\/sangre-de-drago.png\",\"datePublished\":\"2024-04-21T16:56:37+00:00\",\"description\":\"La r\u00e9sine de sang de dragon, de couleur rouge vif, a un ar\u00f4me fort et \u00e9pic\u00e9. Daemonorops Draco, d'Indon\u00e9sie.\",\"breadcrumb\":{\"@id\":\"https:\\\/\\\/www.sinchisinchi.com\\\/fr\\\/producto\\\/sang-de-dragon-2\\\/#breadcrumb\"},\"inLanguage\":\"fr-FR\",\"potentialAction\":[{\"@type\":\"ReadAction\",\"target\":[\"https:\\\/\\\/www.sinchisinchi.com\\\/fr\\\/producto\\\/sang-de-dragon-2\\\/\"]}]},{\"@type\":\"ImageObject\",\"inLanguage\":\"fr-FR\",\"@id\":\"https:\\\/\\\/www.sinchisinchi.com\\\/fr\\\/producto\\\/sang-de-dragon-2\\\/#primaryimage\",\"url\":\"https:\\\/\\\/www.sinchisinchi.com\\\/wp-content\\\/uploads\\\/2024\\\/04\\\/sangre-de-drago.png\",\"contentUrl\":\"https:\\\/\\\/www.sinchisinchi.com\\\/wp-content\\\/uploads\\\/2024\\\/04\\\/sangre-de-drago.png\",\"width\":600,\"height\":600},{\"@type\":\"BreadcrumbList\",\"@id\":\"https:\\\/\\\/www.sinchisinchi.com\\\/fr\\\/producto\\\/sang-de-dragon-2\\\/#breadcrumb\",\"itemListElement\":[{\"@type\":\"ListItem\",\"position\":1,\"name\":\"Prima pagina\",\"item\":\"https:\\\/\\\/www.sinchisinchi.com\\\/fr\\\/\"},{\"@type\":\"ListItem\",\"position\":2,\"name\":\"Produits\",\"item\":\"https:\\\/\\\/www.sinchisinchi.com\\\/fr\\\/shop\\\/\"},{\"@type\":\"ListItem\",\"position\":3,\"name\":\"Sang de dragon\"}]},{\"@type\":\"WebSite\",\"@id\":\"https:\\\/\\\/www.sinchisinchi.com\\\/fr\\\/#website\",\"url\":\"https:\\\/\\\/www.sinchisinchi.com\\\/fr\\\/\",\"name\":\"SINCHI\",\"description\":\"Sinchi Medicine\",\"publisher\":{\"@id\":\"https:\\\/\\\/www.sinchisinchi.com\\\/fr\\\/#organization\"},\"potentialAction\":[{\"@type\":\"SearchAction\",\"target\":{\"@type\":\"EntryPoint\",\"urlTemplate\":\"https:\\\/\\\/www.sinchisinchi.com\\\/fr\\\/?s={search_term_string}\"},\"query-input\":{\"@type\":\"PropertyValueSpecification\",\"valueRequired\":true,\"valueName\":\"search_term_string\"}}],\"inLanguage\":\"fr-FR\"},{\"@type\":\"Organization\",\"@id\":\"https:\\\/\\\/www.sinchisinchi.com\\\/fr\\\/#organization\",\"name\":\"SINCHI S.L\",\"url\":\"https:\\\/\\\/www.sinchisinchi.com\\\/fr\\\/\",\"logo\":{\"@type\":\"ImageObject\",\"inLanguage\":\"fr-FR\",\"@id\":\"https:\\\/\\\/www.sinchisinchi.com\\\/fr\\\/#\\\/schema\\\/logo\\\/image\\\/\",\"url\":\"https:\\\/\\\/www.sinchisinchi.com\\\/wp-content\\\/uploads\\\/2026\\\/01\\\/3b-Verde-SIMPLIFICADO-HORIZONTAL-F-TRANSPARENTE-scaled.png\",\"contentUrl\":\"https:\\\/\\\/www.sinchisinchi.com\\\/wp-content\\\/uploads\\\/2026\\\/01\\\/3b-Verde-SIMPLIFICADO-HORIZONTAL-F-TRANSPARENTE-scaled.png\",\"width\":2560,\"height\":457,\"caption\":\"SINCHI S.L\"},\"image\":{\"@id\":\"https:\\\/\\\/www.sinchisinchi.com\\\/fr\\\/#\\\/schema\\\/logo\\\/image\\\/\"},\"sameAs\":[\"https:\\\/\\\/www.facebook.com\\\/sinchirape\\\/\",\"https:\\\/\\\/www.instagram.com\\\/sinchi_rape\\\/\"]}]}<\/script>\n<!-- \/ Yoast SEO plugin. -->","yoast_head_json":{"title":"R\u00e9sine de sang de dragon : Sinchi, boutique chamanique en ligne","description":"La r\u00e9sine de sang de dragon, de couleur rouge vif, a un ar\u00f4me fort et \u00e9pic\u00e9. Daemonorops Draco, d'Indon\u00e9sie.","robots":{"index":"index","follow":"follow","max-snippet":"max-snippet:-1","max-image-preview":"max-image-preview:large","max-video-preview":"max-video-preview:-1"},"canonical":"https:\/\/www.sinchisinchi.com\/fr\/producto\/sang-de-dragon-2\/","og_locale":"fr_FR","og_type":"article","og_title":"R\u00e9sine de sang de dragon : Sinchi, boutique chamanique en ligne","og_description":"La r\u00e9sine de sang de dragon, de couleur rouge vif, a un ar\u00f4me fort et \u00e9pic\u00e9. Daemonorops Draco, d'Indon\u00e9sie.","og_url":"https:\/\/www.sinchisinchi.com\/fr\/producto\/sang-de-dragon-2\/","og_site_name":"SINCHI RAP\u00c9","article_publisher":"https:\/\/www.facebook.com\/sinchirape\/","og_image":[{"width":600,"height":600,"url":"https:\/\/www.sinchisinchi.com\/wp-content\/uploads\/2024\/04\/sangre-de-drago.png","type":"image\/png"}],"twitter_card":"summary_large_image","schema":{"@context":"https:\/\/schema.org","@graph":[{"@type":"WebPage","@id":"https:\/\/www.sinchisinchi.com\/fr\/producto\/sang-de-dragon-2\/","url":"https:\/\/www.sinchisinchi.com\/fr\/producto\/sang-de-dragon-2\/","name":"R\u00e9sine de sang de dragon : Sinchi, boutique chamanique en ligne","isPartOf":{"@id":"https:\/\/www.sinchisinchi.com\/fr\/#website"},"primaryImageOfPage":{"@id":"https:\/\/www.sinchisinchi.com\/fr\/producto\/sang-de-dragon-2\/#primaryimage"},"image":{"@id":"https:\/\/www.sinchisinchi.com\/fr\/producto\/sang-de-dragon-2\/#primaryimage"},"thumbnailUrl":"https:\/\/www.sinchisinchi.com\/wp-content\/uploads\/2024\/04\/sangre-de-drago.png","datePublished":"2024-04-21T16:56:37+00:00","description":"La r\u00e9sine de sang de dragon, de couleur rouge vif, a un ar\u00f4me fort et \u00e9pic\u00e9. Daemonorops Draco, d'Indon\u00e9sie.","breadcrumb":{"@id":"https:\/\/www.sinchisinchi.com\/fr\/producto\/sang-de-dragon-2\/#breadcrumb"},"inLanguage":"fr-FR","potentialAction":[{"@type":"ReadAction","target":["https:\/\/www.sinchisinchi.com\/fr\/producto\/sang-de-dragon-2\/"]}]},{"@type":"ImageObject","inLanguage":"fr-FR","@id":"https:\/\/www.sinchisinchi.com\/fr\/producto\/sang-de-dragon-2\/#primaryimage","url":"https:\/\/www.sinchisinchi.com\/wp-content\/uploads\/2024\/04\/sangre-de-drago.png","contentUrl":"https:\/\/www.sinchisinchi.com\/wp-content\/uploads\/2024\/04\/sangre-de-drago.png","width":600,"height":600},{"@type":"BreadcrumbList","@id":"https:\/\/www.sinchisinchi.com\/fr\/producto\/sang-de-dragon-2\/#breadcrumb","itemListElement":[{"@type":"ListItem","position":1,"name":"Prima pagina","item":"https:\/\/www.sinchisinchi.com\/fr\/"},{"@type":"ListItem","position":2,"name":"Produits","item":"https:\/\/www.sinchisinchi.com\/fr\/shop\/"},{"@type":"ListItem","position":3,"name":"Sang de dragon"}]},{"@type":"WebSite","@id":"https:\/\/www.sinchisinchi.com\/fr\/#website","url":"https:\/\/www.sinchisinchi.com\/fr\/","name":"SINCHI","description":"Sinchi Medicine","publisher":{"@id":"https:\/\/www.sinchisinchi.com\/fr\/#organization"},"potentialAction":[{"@type":"SearchAction","target":{"@type":"EntryPoint","urlTemplate":"https:\/\/www.sinchisinchi.com\/fr\/?s={search_term_string}"},"query-input":{"@type":"PropertyValueSpecification","valueRequired":true,"valueName":"search_term_string"}}],"inLanguage":"fr-FR"},{"@type":"Organization","@id":"https:\/\/www.sinchisinchi.com\/fr\/#organization","name":"SINCHI S.L","url":"https:\/\/www.sinchisinchi.com\/fr\/","logo":{"@type":"ImageObject","inLanguage":"fr-FR","@id":"https:\/\/www.sinchisinchi.com\/fr\/#\/schema\/logo\/image\/","url":"https:\/\/www.sinchisinchi.com\/wp-content\/uploads\/2026\/01\/3b-Verde-SIMPLIFICADO-HORIZONTAL-F-TRANSPARENTE-scaled.png","contentUrl":"https:\/\/www.sinchisinchi.com\/wp-content\/uploads\/2026\/01\/3b-Verde-SIMPLIFICADO-HORIZONTAL-F-TRANSPARENTE-scaled.png","width":2560,"height":457,"caption":"SINCHI S.L"},"image":{"@id":"https:\/\/www.sinchisinchi.com\/fr\/#\/schema\/logo\/image\/"},"sameAs":["https:\/\/www.facebook.com\/sinchirape\/","https:\/\/www.instagram.com\/sinchi_rape\/"]}]}},"_links":{"self":[{"href":"https:\/\/www.sinchisinchi.com\/fr\/wp-json\/wp\/v2\/product\/25687","targetHints":{"allow":["GET"]}}],"collection":[{"href":"https:\/\/www.sinchisinchi.com\/fr\/wp-json\/wp\/v2\/product"}],"about":[{"href":"https:\/\/www.sinchisinchi.com\/fr\/wp-json\/wp\/v2\/types\/product"}],"wp:featuredmedia":[{"embeddable":true,"href":"https:\/\/www.sinchisinchi.com\/fr\/wp-json\/wp\/v2\/media\/25688"}],"wp:attachment":[{"href":"https:\/\/www.sinchisinchi.com\/fr\/wp-json\/wp\/v2\/media?parent=25687"}],"wp:term":[{"taxonomy":"product_brand","embeddable":true,"href":"https:\/\/www.sinchisinchi.com\/fr\/wp-json\/wp\/v2\/product_brand?post=25687"},{"taxonomy":"product_cat","embeddable":true,"href":"https:\/\/www.sinchisinchi.com\/fr\/wp-json\/wp\/v2\/product_cat?post=25687"},{"taxonomy":"product_tag","embeddable":true,"href":"https:\/\/www.sinchisinchi.com\/fr\/wp-json\/wp\/v2\/product_tag?post=25687"}],"curies":[{"name":"wp","href":"https:\/\/api.w.org\/{rel}","templated":true}]}}