{"id":25695,"date":"2024-04-21T10:36:42","date_gmt":"2024-04-21T10:36:42","guid":{"rendered":"https:\/\/www.sinchisinchi.com\/producto\/myrrhe-du-perou\/"},"modified":"2024-04-21T10:36:42","modified_gmt":"2024-04-21T10:36:42","slug":"myrrhe-du-perou","status":"publish","type":"product","link":"https:\/\/www.sinchisinchi.com\/fr\/producto\/myrrhe-du-perou\/","title":{"rendered":"Myrrhe du P\u00e9rou"},"content":{"rendered":"","protected":false},"excerpt":{"rendered":"<p>La myrrhe p\u00e9ruvienne est utilis\u00e9e dans les pratiques spirituelles pour la purification, la protection et la connexion \u00e0 la spiritualit\u00e9.<\/p>\n<p>&nbsp;<\/p>\n<p>Son ar\u00f4me terreux et apaisant est appr\u00e9ci\u00e9 dans les rituels et les c\u00e9r\u00e9monies, contribuant \u00e0 cr\u00e9er un environnement propice \u00e0 la m\u00e9ditation et \u00e0 la connexion avec le divin. Il est \u00e9galement utilis\u00e9 dans les pratiques chamaniques pour la gu\u00e9rison et l&rsquo;\u00e9quilibre \u00e9motionnel.<\/p>\n<p>&nbsp;<\/p>\n<p><strong>Nom scientifique :<\/strong> Styrax pavonii.<\/p>\n<p>&nbsp;<\/p>\n<p><strong>Origine :<\/strong> P\u00e9rou.<\/p>\n<p>&nbsp;<\/p>\n<p><strong>Ar\u00f4me :<\/strong> Profond, chaleureux, l\u00e9g\u00e8rement sucr\u00e9.<\/p>\n","protected":false},"featured_media":0,"template":"","meta":{"_joinchat":[]},"product_brand":[],"product_cat":[687],"product_tag":[],"class_list":{"0":"post-25695","1":"product","2":"type-product","3":"status-publish","5":"product_cat-resines","7":"first","8":"instock","9":"taxable","10":"shipping-taxable","11":"product-type-simple"},"yoast_head":"<!-- This site is optimized with the Yoast SEO plugin v27.1.1 - https:\/\/yoast.com\/product\/yoast-seo-wordpress\/ -->\n<title>Myrrhe du P\u00e9rou : Sinchi, boutique chamanique en ligne<\/title>\n<meta name=\"description\" content=\"Son ar\u00f4me terreux et apaisant est appr\u00e9ci\u00e9 dans les rituels et les c\u00e9r\u00e9monies, contribuant \u00e0 cr\u00e9er un environnement propice \u00e0 la m\u00e9ditation et \u00e0 la connexion avec le divin.\" \/>\n<meta name=\"robots\" content=\"index, follow, max-snippet:-1, max-image-preview:large, max-video-preview:-1\" \/>\n<link rel=\"canonical\" href=\"https:\/\/www.sinchisinchi.com\/fr\/producto\/myrrhe-du-perou\/\" \/>\n<meta property=\"og:locale\" content=\"fr_FR\" \/>\n<meta property=\"og:type\" content=\"article\" \/>\n<meta property=\"og:title\" content=\"Myrrhe du P\u00e9rou : Sinchi, boutique chamanique en ligne\" \/>\n<meta property=\"og:description\" content=\"Son ar\u00f4me terreux et apaisant est appr\u00e9ci\u00e9 dans les rituels et les c\u00e9r\u00e9monies, contribuant \u00e0 cr\u00e9er un environnement propice \u00e0 la m\u00e9ditation et \u00e0 la connexion avec le divin.\" \/>\n<meta property=\"og:url\" content=\"https:\/\/www.sinchisinchi.com\/fr\/producto\/myrrhe-du-perou\/\" \/>\n<meta property=\"og:site_name\" content=\"SINCHI RAP\u00c9\" \/>\n<meta property=\"article:publisher\" content=\"https:\/\/www.facebook.com\/sinchirape\/\" \/>\n<meta name=\"twitter:card\" content=\"summary_large_image\" \/>\n<script type=\"application\/ld+json\" class=\"yoast-schema-graph\">{\"@context\":\"https:\/\/schema.org\",\"@graph\":[{\"@type\":\"WebPage\",\"@id\":\"https:\/\/www.sinchisinchi.com\/fr\/producto\/myrrhe-du-perou\/\",\"url\":\"https:\/\/www.sinchisinchi.com\/fr\/producto\/myrrhe-du-perou\/\",\"name\":\"Myrrhe du P\u00e9rou : Sinchi, boutique chamanique en ligne\",\"isPartOf\":{\"@id\":\"https:\/\/www.sinchisinchi.com\/fr\/#website\"},\"datePublished\":\"2024-04-21T10:36:42+00:00\",\"description\":\"Son ar\u00f4me terreux et apaisant est appr\u00e9ci\u00e9 dans les rituels et les c\u00e9r\u00e9monies, contribuant \u00e0 cr\u00e9er un environnement propice \u00e0 la m\u00e9ditation et \u00e0 la connexion avec le divin.\",\"breadcrumb\":{\"@id\":\"https:\/\/www.sinchisinchi.com\/fr\/producto\/myrrhe-du-perou\/#breadcrumb\"},\"inLanguage\":\"fr-FR\",\"potentialAction\":[{\"@type\":\"ReadAction\",\"target\":[\"https:\/\/www.sinchisinchi.com\/fr\/producto\/myrrhe-du-perou\/\"]}]},{\"@type\":\"BreadcrumbList\",\"@id\":\"https:\/\/www.sinchisinchi.com\/fr\/producto\/myrrhe-du-perou\/#breadcrumb\",\"itemListElement\":[{\"@type\":\"ListItem\",\"position\":1,\"name\":\"Prima pagina\",\"item\":\"https:\/\/www.sinchisinchi.com\/fr\/\"},{\"@type\":\"ListItem\",\"position\":2,\"name\":\"Produits\",\"item\":\"https:\/\/www.sinchisinchi.com\/fr\/shop\/\"},{\"@type\":\"ListItem\",\"position\":3,\"name\":\"Myrrhe du P\u00e9rou\"}]},{\"@type\":\"WebSite\",\"@id\":\"https:\/\/www.sinchisinchi.com\/fr\/#website\",\"url\":\"https:\/\/www.sinchisinchi.com\/fr\/\",\"name\":\"SINCHI\",\"description\":\"Sinchi Medicine\",\"publisher\":{\"@id\":\"https:\/\/www.sinchisinchi.com\/fr\/#organization\"},\"potentialAction\":[{\"@type\":\"SearchAction\",\"target\":{\"@type\":\"EntryPoint\",\"urlTemplate\":\"https:\/\/www.sinchisinchi.com\/fr\/?s={search_term_string}\"},\"query-input\":{\"@type\":\"PropertyValueSpecification\",\"valueRequired\":true,\"valueName\":\"search_term_string\"}}],\"inLanguage\":\"fr-FR\"},{\"@type\":\"Organization\",\"@id\":\"https:\/\/www.sinchisinchi.com\/fr\/#organization\",\"name\":\"SINCHI S.L\",\"url\":\"https:\/\/www.sinchisinchi.com\/fr\/\",\"logo\":{\"@type\":\"ImageObject\",\"inLanguage\":\"fr-FR\",\"@id\":\"https:\/\/www.sinchisinchi.com\/fr\/#\/schema\/logo\/image\/\",\"url\":\"https:\/\/www.sinchisinchi.com\/wp-content\/uploads\/2026\/01\/3b-Verde-SIMPLIFICADO-HORIZONTAL-F-TRANSPARENTE-scaled.png\",\"contentUrl\":\"https:\/\/www.sinchisinchi.com\/wp-content\/uploads\/2026\/01\/3b-Verde-SIMPLIFICADO-HORIZONTAL-F-TRANSPARENTE-scaled.png\",\"width\":2560,\"height\":457,\"caption\":\"SINCHI S.L\"},\"image\":{\"@id\":\"https:\/\/www.sinchisinchi.com\/fr\/#\/schema\/logo\/image\/\"},\"sameAs\":[\"https:\/\/www.facebook.com\/sinchirape\/\",\"https:\/\/www.instagram.com\/sinchi_rape\/\"]}]}<\/script>\n<!-- \/ Yoast SEO plugin. -->","yoast_head_json":{"title":"Myrrhe du P\u00e9rou : Sinchi, boutique chamanique en ligne","description":"Son ar\u00f4me terreux et apaisant est appr\u00e9ci\u00e9 dans les rituels et les c\u00e9r\u00e9monies, contribuant \u00e0 cr\u00e9er un environnement propice \u00e0 la m\u00e9ditation et \u00e0 la connexion avec le divin.","robots":{"index":"index","follow":"follow","max-snippet":"max-snippet:-1","max-image-preview":"max-image-preview:large","max-video-preview":"max-video-preview:-1"},"canonical":"https:\/\/www.sinchisinchi.com\/fr\/producto\/myrrhe-du-perou\/","og_locale":"fr_FR","og_type":"article","og_title":"Myrrhe du P\u00e9rou : Sinchi, boutique chamanique en ligne","og_description":"Son ar\u00f4me terreux et apaisant est appr\u00e9ci\u00e9 dans les rituels et les c\u00e9r\u00e9monies, contribuant \u00e0 cr\u00e9er un environnement propice \u00e0 la m\u00e9ditation et \u00e0 la connexion avec le divin.","og_url":"https:\/\/www.sinchisinchi.com\/fr\/producto\/myrrhe-du-perou\/","og_site_name":"SINCHI RAP\u00c9","article_publisher":"https:\/\/www.facebook.com\/sinchirape\/","twitter_card":"summary_large_image","schema":{"@context":"https:\/\/schema.org","@graph":[{"@type":"WebPage","@id":"https:\/\/www.sinchisinchi.com\/fr\/producto\/myrrhe-du-perou\/","url":"https:\/\/www.sinchisinchi.com\/fr\/producto\/myrrhe-du-perou\/","name":"Myrrhe du P\u00e9rou : Sinchi, boutique chamanique en ligne","isPartOf":{"@id":"https:\/\/www.sinchisinchi.com\/fr\/#website"},"datePublished":"2024-04-21T10:36:42+00:00","description":"Son ar\u00f4me terreux et apaisant est appr\u00e9ci\u00e9 dans les rituels et les c\u00e9r\u00e9monies, contribuant \u00e0 cr\u00e9er un environnement propice \u00e0 la m\u00e9ditation et \u00e0 la connexion avec le divin.","breadcrumb":{"@id":"https:\/\/www.sinchisinchi.com\/fr\/producto\/myrrhe-du-perou\/#breadcrumb"},"inLanguage":"fr-FR","potentialAction":[{"@type":"ReadAction","target":["https:\/\/www.sinchisinchi.com\/fr\/producto\/myrrhe-du-perou\/"]}]},{"@type":"BreadcrumbList","@id":"https:\/\/www.sinchisinchi.com\/fr\/producto\/myrrhe-du-perou\/#breadcrumb","itemListElement":[{"@type":"ListItem","position":1,"name":"Prima pagina","item":"https:\/\/www.sinchisinchi.com\/fr\/"},{"@type":"ListItem","position":2,"name":"Produits","item":"https:\/\/www.sinchisinchi.com\/fr\/shop\/"},{"@type":"ListItem","position":3,"name":"Myrrhe du P\u00e9rou"}]},{"@type":"WebSite","@id":"https:\/\/www.sinchisinchi.com\/fr\/#website","url":"https:\/\/www.sinchisinchi.com\/fr\/","name":"SINCHI","description":"Sinchi Medicine","publisher":{"@id":"https:\/\/www.sinchisinchi.com\/fr\/#organization"},"potentialAction":[{"@type":"SearchAction","target":{"@type":"EntryPoint","urlTemplate":"https:\/\/www.sinchisinchi.com\/fr\/?s={search_term_string}"},"query-input":{"@type":"PropertyValueSpecification","valueRequired":true,"valueName":"search_term_string"}}],"inLanguage":"fr-FR"},{"@type":"Organization","@id":"https:\/\/www.sinchisinchi.com\/fr\/#organization","name":"SINCHI S.L","url":"https:\/\/www.sinchisinchi.com\/fr\/","logo":{"@type":"ImageObject","inLanguage":"fr-FR","@id":"https:\/\/www.sinchisinchi.com\/fr\/#\/schema\/logo\/image\/","url":"https:\/\/www.sinchisinchi.com\/wp-content\/uploads\/2026\/01\/3b-Verde-SIMPLIFICADO-HORIZONTAL-F-TRANSPARENTE-scaled.png","contentUrl":"https:\/\/www.sinchisinchi.com\/wp-content\/uploads\/2026\/01\/3b-Verde-SIMPLIFICADO-HORIZONTAL-F-TRANSPARENTE-scaled.png","width":2560,"height":457,"caption":"SINCHI S.L"},"image":{"@id":"https:\/\/www.sinchisinchi.com\/fr\/#\/schema\/logo\/image\/"},"sameAs":["https:\/\/www.facebook.com\/sinchirape\/","https:\/\/www.instagram.com\/sinchi_rape\/"]}]}},"_links":{"self":[{"href":"https:\/\/www.sinchisinchi.com\/fr\/wp-json\/wp\/v2\/product\/25695","targetHints":{"allow":["GET"]}}],"collection":[{"href":"https:\/\/www.sinchisinchi.com\/fr\/wp-json\/wp\/v2\/product"}],"about":[{"href":"https:\/\/www.sinchisinchi.com\/fr\/wp-json\/wp\/v2\/types\/product"}],"wp:attachment":[{"href":"https:\/\/www.sinchisinchi.com\/fr\/wp-json\/wp\/v2\/media?parent=25695"}],"wp:term":[{"taxonomy":"product_brand","embeddable":true,"href":"https:\/\/www.sinchisinchi.com\/fr\/wp-json\/wp\/v2\/product_brand?post=25695"},{"taxonomy":"product_cat","embeddable":true,"href":"https:\/\/www.sinchisinchi.com\/fr\/wp-json\/wp\/v2\/product_cat?post=25695"},{"taxonomy":"product_tag","embeddable":true,"href":"https:\/\/www.sinchisinchi.com\/fr\/wp-json\/wp\/v2\/product_tag?post=25695"}],"curies":[{"name":"wp","href":"https:\/\/api.w.org\/{rel}","templated":true}]}}