{"id":25697,"date":"2024-04-21T10:23:50","date_gmt":"2024-04-21T10:23:50","guid":{"rendered":"https:\/\/www.sinchisinchi.com\/producto\/myrrhe-de-bolivie\/"},"modified":"2024-04-21T10:23:50","modified_gmt":"2024-04-21T10:23:50","slug":"myrrhe-de-bolivie","status":"publish","type":"product","link":"https:\/\/www.sinchisinchi.com\/fr\/producto\/myrrhe-de-bolivie\/","title":{"rendered":"Myrrhe de Bolivie"},"content":{"rendered":"","protected":false},"excerpt":{"rendered":"<p>La myrrhe bolivienne est une r\u00e9sine aromatique produite par l&rsquo;arbre Myroxylon balsamum, originaire d&rsquo;Am\u00e9rique du Sud.<\/p>\n<p>Avec un parfum doux et terreux, la myrrhe est utilis\u00e9e depuis des milliers d&rsquo;ann\u00e9es pour cr\u00e9er un environnement accueillant et harmonieux. Aide \u00e0 promouvoir la connexion spirituelle et l\u2019intuition.<\/p>\n<p>La myrrhe bolivienne est consid\u00e9r\u00e9e comme une r\u00e9sine aux puissantes propri\u00e9t\u00e9s \u00e9nerg\u00e9tiques, capable d&rsquo;\u00e9quilibrer et de purifier les \u00e9nergies de l&rsquo;environnement et du corps.<\/p>\n<p>&nbsp;<\/p>\n<p><strong>Nom scientifique :<\/strong> Myroxylon balsamum.<\/p>\n<p><strong>Origine :<\/strong> Bolivie.<\/p>\n<p><strong>Ar\u00f4me :<\/strong> Terreux et sucr\u00e9.<\/p>\n","protected":false},"featured_media":25698,"template":"","meta":{"_joinchat":[]},"product_brand":[],"product_cat":[697,687],"product_tag":[],"class_list":{"0":"post-25697","1":"product","2":"type-product","3":"status-publish","4":"has-post-thumbnail","6":"product_cat-myrrhe-fr","7":"product_cat-resines","9":"first","10":"instock","11":"taxable","12":"shipping-taxable","13":"purchasable","14":"product-type-simple"},"yoast_head":"<!-- This site is optimized with the Yoast SEO plugin v27.4 - https:\/\/yoast.com\/product\/yoast-seo-wordpress\/ -->\n<title>Myrrhe de Bolivie : Sinchi, boutique chamanique en ligne<\/title>\n<meta name=\"description\" content=\"Avec un parfum doux et terreux, la myrrhe est utilis\u00e9e depuis des milliers d&#039;ann\u00e9es pour aider \u00e0 promouvoir la connexion spirituelle et l&#039;intuition.\" \/>\n<meta name=\"robots\" content=\"index, follow, max-snippet:-1, max-image-preview:large, max-video-preview:-1\" \/>\n<link rel=\"canonical\" href=\"https:\/\/www.sinchisinchi.com\/fr\/producto\/myrrhe-de-bolivie\/\" \/>\n<meta property=\"og:locale\" content=\"fr_FR\" \/>\n<meta property=\"og:type\" content=\"article\" \/>\n<meta property=\"og:title\" content=\"Myrrhe de Bolivie : Sinchi, boutique chamanique en ligne\" \/>\n<meta property=\"og:description\" content=\"Avec un parfum doux et terreux, la myrrhe est utilis\u00e9e depuis des milliers d&#039;ann\u00e9es pour aider \u00e0 promouvoir la connexion spirituelle et l&#039;intuition.\" \/>\n<meta property=\"og:url\" content=\"https:\/\/www.sinchisinchi.com\/fr\/producto\/myrrhe-de-bolivie\/\" \/>\n<meta property=\"og:site_name\" content=\"SINCHI RAP\u00c9\" \/>\n<meta property=\"article:publisher\" content=\"https:\/\/www.facebook.com\/sinchirape\/\" \/>\n<meta property=\"og:image\" content=\"https:\/\/www.sinchisinchi.com\/wp-content\/uploads\/2024\/04\/mirra-de-bolivia.png\" \/>\n\t<meta property=\"og:image:width\" content=\"600\" \/>\n\t<meta property=\"og:image:height\" content=\"600\" \/>\n\t<meta property=\"og:image:type\" content=\"image\/png\" \/>\n<meta name=\"twitter:card\" content=\"summary_large_image\" \/>\n<script type=\"application\/ld+json\" class=\"yoast-schema-graph\">{\"@context\":\"https:\\\/\\\/schema.org\",\"@graph\":[{\"@type\":\"WebPage\",\"@id\":\"https:\\\/\\\/www.sinchisinchi.com\\\/fr\\\/producto\\\/myrrhe-de-bolivie\\\/\",\"url\":\"https:\\\/\\\/www.sinchisinchi.com\\\/fr\\\/producto\\\/myrrhe-de-bolivie\\\/\",\"name\":\"Myrrhe de Bolivie : Sinchi, boutique chamanique en ligne\",\"isPartOf\":{\"@id\":\"https:\\\/\\\/www.sinchisinchi.com\\\/fr\\\/#website\"},\"primaryImageOfPage\":{\"@id\":\"https:\\\/\\\/www.sinchisinchi.com\\\/fr\\\/producto\\\/myrrhe-de-bolivie\\\/#primaryimage\"},\"image\":{\"@id\":\"https:\\\/\\\/www.sinchisinchi.com\\\/fr\\\/producto\\\/myrrhe-de-bolivie\\\/#primaryimage\"},\"thumbnailUrl\":\"https:\\\/\\\/www.sinchisinchi.com\\\/wp-content\\\/uploads\\\/2024\\\/04\\\/mirra-de-bolivia.png\",\"datePublished\":\"2024-04-21T10:23:50+00:00\",\"description\":\"Avec un parfum doux et terreux, la myrrhe est utilis\u00e9e depuis des milliers d'ann\u00e9es pour aider \u00e0 promouvoir la connexion spirituelle et l'intuition.\",\"breadcrumb\":{\"@id\":\"https:\\\/\\\/www.sinchisinchi.com\\\/fr\\\/producto\\\/myrrhe-de-bolivie\\\/#breadcrumb\"},\"inLanguage\":\"fr-FR\",\"potentialAction\":[{\"@type\":\"ReadAction\",\"target\":[\"https:\\\/\\\/www.sinchisinchi.com\\\/fr\\\/producto\\\/myrrhe-de-bolivie\\\/\"]}]},{\"@type\":\"ImageObject\",\"inLanguage\":\"fr-FR\",\"@id\":\"https:\\\/\\\/www.sinchisinchi.com\\\/fr\\\/producto\\\/myrrhe-de-bolivie\\\/#primaryimage\",\"url\":\"https:\\\/\\\/www.sinchisinchi.com\\\/wp-content\\\/uploads\\\/2024\\\/04\\\/mirra-de-bolivia.png\",\"contentUrl\":\"https:\\\/\\\/www.sinchisinchi.com\\\/wp-content\\\/uploads\\\/2024\\\/04\\\/mirra-de-bolivia.png\",\"width\":600,\"height\":600},{\"@type\":\"BreadcrumbList\",\"@id\":\"https:\\\/\\\/www.sinchisinchi.com\\\/fr\\\/producto\\\/myrrhe-de-bolivie\\\/#breadcrumb\",\"itemListElement\":[{\"@type\":\"ListItem\",\"position\":1,\"name\":\"Prima pagina\",\"item\":\"https:\\\/\\\/www.sinchisinchi.com\\\/fr\\\/\"},{\"@type\":\"ListItem\",\"position\":2,\"name\":\"Produits\",\"item\":\"https:\\\/\\\/www.sinchisinchi.com\\\/fr\\\/shop\\\/\"},{\"@type\":\"ListItem\",\"position\":3,\"name\":\"Myrrhe de Bolivie\"}]},{\"@type\":\"WebSite\",\"@id\":\"https:\\\/\\\/www.sinchisinchi.com\\\/fr\\\/#website\",\"url\":\"https:\\\/\\\/www.sinchisinchi.com\\\/fr\\\/\",\"name\":\"SINCHI\",\"description\":\"Sinchi Medicine\",\"publisher\":{\"@id\":\"https:\\\/\\\/www.sinchisinchi.com\\\/fr\\\/#organization\"},\"potentialAction\":[{\"@type\":\"SearchAction\",\"target\":{\"@type\":\"EntryPoint\",\"urlTemplate\":\"https:\\\/\\\/www.sinchisinchi.com\\\/fr\\\/?s={search_term_string}\"},\"query-input\":{\"@type\":\"PropertyValueSpecification\",\"valueRequired\":true,\"valueName\":\"search_term_string\"}}],\"inLanguage\":\"fr-FR\"},{\"@type\":\"Organization\",\"@id\":\"https:\\\/\\\/www.sinchisinchi.com\\\/fr\\\/#organization\",\"name\":\"SINCHI S.L\",\"url\":\"https:\\\/\\\/www.sinchisinchi.com\\\/fr\\\/\",\"logo\":{\"@type\":\"ImageObject\",\"inLanguage\":\"fr-FR\",\"@id\":\"https:\\\/\\\/www.sinchisinchi.com\\\/fr\\\/#\\\/schema\\\/logo\\\/image\\\/\",\"url\":\"https:\\\/\\\/www.sinchisinchi.com\\\/wp-content\\\/uploads\\\/2026\\\/01\\\/3b-Verde-SIMPLIFICADO-HORIZONTAL-F-TRANSPARENTE-scaled.png\",\"contentUrl\":\"https:\\\/\\\/www.sinchisinchi.com\\\/wp-content\\\/uploads\\\/2026\\\/01\\\/3b-Verde-SIMPLIFICADO-HORIZONTAL-F-TRANSPARENTE-scaled.png\",\"width\":2560,\"height\":457,\"caption\":\"SINCHI S.L\"},\"image\":{\"@id\":\"https:\\\/\\\/www.sinchisinchi.com\\\/fr\\\/#\\\/schema\\\/logo\\\/image\\\/\"},\"sameAs\":[\"https:\\\/\\\/www.facebook.com\\\/sinchirape\\\/\",\"https:\\\/\\\/www.instagram.com\\\/sinchi_rape\\\/\"]}]}<\/script>\n<!-- \/ Yoast SEO plugin. -->","yoast_head_json":{"title":"Myrrhe de Bolivie : Sinchi, boutique chamanique en ligne","description":"Avec un parfum doux et terreux, la myrrhe est utilis\u00e9e depuis des milliers d'ann\u00e9es pour aider \u00e0 promouvoir la connexion spirituelle et l'intuition.","robots":{"index":"index","follow":"follow","max-snippet":"max-snippet:-1","max-image-preview":"max-image-preview:large","max-video-preview":"max-video-preview:-1"},"canonical":"https:\/\/www.sinchisinchi.com\/fr\/producto\/myrrhe-de-bolivie\/","og_locale":"fr_FR","og_type":"article","og_title":"Myrrhe de Bolivie : Sinchi, boutique chamanique en ligne","og_description":"Avec un parfum doux et terreux, la myrrhe est utilis\u00e9e depuis des milliers d'ann\u00e9es pour aider \u00e0 promouvoir la connexion spirituelle et l'intuition.","og_url":"https:\/\/www.sinchisinchi.com\/fr\/producto\/myrrhe-de-bolivie\/","og_site_name":"SINCHI RAP\u00c9","article_publisher":"https:\/\/www.facebook.com\/sinchirape\/","og_image":[{"width":600,"height":600,"url":"https:\/\/www.sinchisinchi.com\/wp-content\/uploads\/2024\/04\/mirra-de-bolivia.png","type":"image\/png"}],"twitter_card":"summary_large_image","schema":{"@context":"https:\/\/schema.org","@graph":[{"@type":"WebPage","@id":"https:\/\/www.sinchisinchi.com\/fr\/producto\/myrrhe-de-bolivie\/","url":"https:\/\/www.sinchisinchi.com\/fr\/producto\/myrrhe-de-bolivie\/","name":"Myrrhe de Bolivie : Sinchi, boutique chamanique en ligne","isPartOf":{"@id":"https:\/\/www.sinchisinchi.com\/fr\/#website"},"primaryImageOfPage":{"@id":"https:\/\/www.sinchisinchi.com\/fr\/producto\/myrrhe-de-bolivie\/#primaryimage"},"image":{"@id":"https:\/\/www.sinchisinchi.com\/fr\/producto\/myrrhe-de-bolivie\/#primaryimage"},"thumbnailUrl":"https:\/\/www.sinchisinchi.com\/wp-content\/uploads\/2024\/04\/mirra-de-bolivia.png","datePublished":"2024-04-21T10:23:50+00:00","description":"Avec un parfum doux et terreux, la myrrhe est utilis\u00e9e depuis des milliers d'ann\u00e9es pour aider \u00e0 promouvoir la connexion spirituelle et l'intuition.","breadcrumb":{"@id":"https:\/\/www.sinchisinchi.com\/fr\/producto\/myrrhe-de-bolivie\/#breadcrumb"},"inLanguage":"fr-FR","potentialAction":[{"@type":"ReadAction","target":["https:\/\/www.sinchisinchi.com\/fr\/producto\/myrrhe-de-bolivie\/"]}]},{"@type":"ImageObject","inLanguage":"fr-FR","@id":"https:\/\/www.sinchisinchi.com\/fr\/producto\/myrrhe-de-bolivie\/#primaryimage","url":"https:\/\/www.sinchisinchi.com\/wp-content\/uploads\/2024\/04\/mirra-de-bolivia.png","contentUrl":"https:\/\/www.sinchisinchi.com\/wp-content\/uploads\/2024\/04\/mirra-de-bolivia.png","width":600,"height":600},{"@type":"BreadcrumbList","@id":"https:\/\/www.sinchisinchi.com\/fr\/producto\/myrrhe-de-bolivie\/#breadcrumb","itemListElement":[{"@type":"ListItem","position":1,"name":"Prima pagina","item":"https:\/\/www.sinchisinchi.com\/fr\/"},{"@type":"ListItem","position":2,"name":"Produits","item":"https:\/\/www.sinchisinchi.com\/fr\/shop\/"},{"@type":"ListItem","position":3,"name":"Myrrhe de Bolivie"}]},{"@type":"WebSite","@id":"https:\/\/www.sinchisinchi.com\/fr\/#website","url":"https:\/\/www.sinchisinchi.com\/fr\/","name":"SINCHI","description":"Sinchi Medicine","publisher":{"@id":"https:\/\/www.sinchisinchi.com\/fr\/#organization"},"potentialAction":[{"@type":"SearchAction","target":{"@type":"EntryPoint","urlTemplate":"https:\/\/www.sinchisinchi.com\/fr\/?s={search_term_string}"},"query-input":{"@type":"PropertyValueSpecification","valueRequired":true,"valueName":"search_term_string"}}],"inLanguage":"fr-FR"},{"@type":"Organization","@id":"https:\/\/www.sinchisinchi.com\/fr\/#organization","name":"SINCHI S.L","url":"https:\/\/www.sinchisinchi.com\/fr\/","logo":{"@type":"ImageObject","inLanguage":"fr-FR","@id":"https:\/\/www.sinchisinchi.com\/fr\/#\/schema\/logo\/image\/","url":"https:\/\/www.sinchisinchi.com\/wp-content\/uploads\/2026\/01\/3b-Verde-SIMPLIFICADO-HORIZONTAL-F-TRANSPARENTE-scaled.png","contentUrl":"https:\/\/www.sinchisinchi.com\/wp-content\/uploads\/2026\/01\/3b-Verde-SIMPLIFICADO-HORIZONTAL-F-TRANSPARENTE-scaled.png","width":2560,"height":457,"caption":"SINCHI S.L"},"image":{"@id":"https:\/\/www.sinchisinchi.com\/fr\/#\/schema\/logo\/image\/"},"sameAs":["https:\/\/www.facebook.com\/sinchirape\/","https:\/\/www.instagram.com\/sinchi_rape\/"]}]}},"_links":{"self":[{"href":"https:\/\/www.sinchisinchi.com\/fr\/wp-json\/wp\/v2\/product\/25697","targetHints":{"allow":["GET"]}}],"collection":[{"href":"https:\/\/www.sinchisinchi.com\/fr\/wp-json\/wp\/v2\/product"}],"about":[{"href":"https:\/\/www.sinchisinchi.com\/fr\/wp-json\/wp\/v2\/types\/product"}],"wp:featuredmedia":[{"embeddable":true,"href":"https:\/\/www.sinchisinchi.com\/fr\/wp-json\/wp\/v2\/media\/25698"}],"wp:attachment":[{"href":"https:\/\/www.sinchisinchi.com\/fr\/wp-json\/wp\/v2\/media?parent=25697"}],"wp:term":[{"taxonomy":"product_brand","embeddable":true,"href":"https:\/\/www.sinchisinchi.com\/fr\/wp-json\/wp\/v2\/product_brand?post=25697"},{"taxonomy":"product_cat","embeddable":true,"href":"https:\/\/www.sinchisinchi.com\/fr\/wp-json\/wp\/v2\/product_cat?post=25697"},{"taxonomy":"product_tag","embeddable":true,"href":"https:\/\/www.sinchisinchi.com\/fr\/wp-json\/wp\/v2\/product_tag?post=25697"}],"curies":[{"name":"wp","href":"https:\/\/api.w.org\/{rel}","templated":true}]}}